{"id":6020,"date":"2025-02-16T13:43:50","date_gmt":"2025-02-16T13:43:50","guid":{"rendered":"https:\/\/www.castlevernie.nl\/?post_type=product&#038;p=6020"},"modified":"2025-07-07T12:26:06","modified_gmt":"2025-07-07T12:26:06","slug":"smafolk-ls-sky-brown","status":"publish","type":"product","link":"https:\/\/www.castlevernie.nl\/de\/produkt\/smafolk-ls-sky-brown\/","title":{"rendered":"Smafolk LS Sky Brown"},"content":{"rendered":"<p>Het T-shirt is ontworpen in Denemarken en geproduceerd in het allerbeste 100% biologisch katoen en elastaan, waardoor het T-shirt rekbaar, zacht is en tegelijkertijd de pasvorm behoudt. Het Sm\u00e5folks T-shirt is in prachtige heldere kleuren waarin je kind kan spelen, groeien en zijn fantasie\u00ebn kan verkennen, terwijl het kind vrij kan bewegen T-shirt met lange mouwen en luchtprint, in Sm\u00e5folks&#8217; eigen unieke retrostijl.<\/p>","protected":false},"excerpt":{"rendered":"<p>Het T-shirt is ontworpen in Denemarken en geproduceerd in het allerbeste 100% biologisch katoen en elastaan, waardoor het T-shirt rekbaar, zacht is en tegelijkertijd de pasvorm behoudt. Het Sm\u00e5folks T-shirt is in prachtige heldere kleuren waarin je kind kan spelen, groeien en zijn fantasie\u00ebn kan verkennen, terwijl het kind vrij kan bewegen T-shirt met lange [&hellip;]<\/p>\n","protected":false},"featured_media":6025,"comment_status":"open","ping_status":"closed","template":"","meta":[],"product_brand":[521],"product_cat":[589,50,51,52,48,49],"product_tag":[428,454,430,458],"class_list":{"0":"post-6020","1":"product","2":"type-product","3":"status-publish","4":"has-post-thumbnail","6":"product_brand-smafolk","7":"product_cat-alles-van-biologisch-katoen","8":"product_cat-maat-110-116","9":"product_cat-maat-122-128","10":"product_cat-maat-134-140","11":"product_cat-maat-86-82","12":"product_cat-maat-98-104","13":"product_tag-smafolk-kerst","14":"product_tag-smafolk-longsleeve","15":"product_tag-smafolk-rendier-longsleeve","16":"product_tag-wolken-t-shirt","18":"first","19":"instock","20":"taxable","21":"shipping-taxable","22":"purchasable","23":"product-type-variable"},"yoast_head":"<!-- This site is optimized with the Yoast SEO plugin v27.4 - https:\/\/yoast.com\/product\/yoast-seo-wordpress\/ -->\n<title>Smafolk LS Sky Brown | Castle Vernie Fashion Shop<\/title>\n<meta name=\"description\" content=\"De Smafolk longsleeve rendier shirt is een feestelijke en charmante keuze voor Kerstmis. Dit shirt met klassieke pasvorm heeft een schattig rendierontwerp\" \/>\n<meta name=\"robots\" content=\"index, follow, max-snippet:-1, max-image-preview:large, max-video-preview:-1\" \/>\n<link rel=\"canonical\" href=\"https:\/\/www.castlevernie.nl\/de\/produkt\/smafolk-ls-sky-brown\/\" \/>\n<meta property=\"og:locale\" content=\"de_DE\" \/>\n<meta property=\"og:type\" content=\"article\" \/>\n<meta property=\"og:title\" content=\"Smafolk LS Sky Brown | Castle Vernie Fashion Shop\" \/>\n<meta property=\"og:description\" content=\"De Smafolk longsleeve rendier shirt is een feestelijke en charmante keuze voor Kerstmis. Dit shirt met klassieke pasvorm heeft een schattig rendierontwerp\" \/>\n<meta property=\"og:url\" content=\"https:\/\/www.castlevernie.nl\/de\/produkt\/smafolk-ls-sky-brown\/\" \/>\n<meta property=\"og:site_name\" content=\"Castle Vernie Fashion Shop\" \/>\n<meta property=\"article:publisher\" content=\"https:\/\/m.facebook.com\/Castle-Vernie-Fashion-Shop-110667857399440\" \/>\n<meta property=\"article:modified_time\" content=\"2025-07-07T12:26:06+00:00\" \/>\n<meta property=\"og:image\" content=\"https:\/\/www.castlevernie.nl\/wordpress\/wp-content\/uploads\/2025\/02\/Langrmet-bluse-med-sol-og-skyer-Brown-primary.jpg\" \/>\n\t<meta property=\"og:image:width\" content=\"935\" \/>\n\t<meta property=\"og:image:height\" content=\"1000\" \/>\n\t<meta property=\"og:image:type\" content=\"image\/jpeg\" \/>\n<meta name=\"twitter:card\" content=\"summary_large_image\" \/>\n<meta name=\"twitter:label1\" content=\"Gesch\u00e4tzte Lesezeit\" \/>\n\t<meta name=\"twitter:data1\" content=\"1\u00a0Minute\" \/>\n<script type=\"application\/ld+json\" class=\"yoast-schema-graph\">{\"@context\":\"https:\\\/\\\/schema.org\",\"@graph\":[{\"@type\":\"WebPage\",\"@id\":\"https:\\\/\\\/www.castlevernie.nl\\\/product\\\/smafolk-ls-sky-brown\\\/\",\"url\":\"https:\\\/\\\/www.castlevernie.nl\\\/product\\\/smafolk-ls-sky-brown\\\/\",\"name\":\"Smafolk LS Sky Brown | Castle Vernie Fashion Shop\",\"isPartOf\":{\"@id\":\"https:\\\/\\\/www.castlevernie.nl\\\/#website\"},\"primaryImageOfPage\":{\"@id\":\"https:\\\/\\\/www.castlevernie.nl\\\/product\\\/smafolk-ls-sky-brown\\\/#primaryimage\"},\"image\":{\"@id\":\"https:\\\/\\\/www.castlevernie.nl\\\/product\\\/smafolk-ls-sky-brown\\\/#primaryimage\"},\"thumbnailUrl\":\"https:\\\/\\\/www.castlevernie.nl\\\/wordpress\\\/wp-content\\\/uploads\\\/2025\\\/02\\\/Langrmet-bluse-med-sol-og-skyer-Brown-primary.jpg\",\"datePublished\":\"2025-02-16T13:43:50+00:00\",\"dateModified\":\"2025-07-07T12:26:06+00:00\",\"description\":\"De Smafolk longsleeve rendier shirt is een feestelijke en charmante keuze voor Kerstmis. Dit shirt met klassieke pasvorm heeft een schattig rendierontwerp\",\"breadcrumb\":{\"@id\":\"https:\\\/\\\/www.castlevernie.nl\\\/product\\\/smafolk-ls-sky-brown\\\/#breadcrumb\"},\"inLanguage\":\"de\",\"potentialAction\":[{\"@type\":\"ReadAction\",\"target\":[\"https:\\\/\\\/www.castlevernie.nl\\\/product\\\/smafolk-ls-sky-brown\\\/\"]}]},{\"@type\":\"ImageObject\",\"inLanguage\":\"de\",\"@id\":\"https:\\\/\\\/www.castlevernie.nl\\\/product\\\/smafolk-ls-sky-brown\\\/#primaryimage\",\"url\":\"https:\\\/\\\/www.castlevernie.nl\\\/wordpress\\\/wp-content\\\/uploads\\\/2025\\\/02\\\/Langrmet-bluse-med-sol-og-skyer-Brown-primary.jpg\",\"contentUrl\":\"https:\\\/\\\/www.castlevernie.nl\\\/wordpress\\\/wp-content\\\/uploads\\\/2025\\\/02\\\/Langrmet-bluse-med-sol-og-skyer-Brown-primary.jpg\",\"width\":935,\"height\":1000,\"caption\":\"Smafolk Longesleev bruin met wolken\"},{\"@type\":\"BreadcrumbList\",\"@id\":\"https:\\\/\\\/www.castlevernie.nl\\\/product\\\/smafolk-ls-sky-brown\\\/#breadcrumb\",\"itemListElement\":[{\"@type\":\"ListItem\",\"position\":1,\"name\":\"Home\",\"item\":\"https:\\\/\\\/www.castlevernie.nl\\\/\"},{\"@type\":\"ListItem\",\"position\":2,\"name\":\"Winkel\",\"item\":\"https:\\\/\\\/www.castlevernie.nl\\\/winkel\\\/\"},{\"@type\":\"ListItem\",\"position\":3,\"name\":\"Smafolk LS Sky Brown\"}]},{\"@type\":\"WebSite\",\"@id\":\"https:\\\/\\\/www.castlevernie.nl\\\/#website\",\"url\":\"https:\\\/\\\/www.castlevernie.nl\\\/\",\"name\":\"Castle Vernie Fashion Shop\",\"description\":\"\",\"publisher\":{\"@id\":\"https:\\\/\\\/www.castlevernie.nl\\\/#organization\"},\"potentialAction\":[{\"@type\":\"SearchAction\",\"target\":{\"@type\":\"EntryPoint\",\"urlTemplate\":\"https:\\\/\\\/www.castlevernie.nl\\\/?s={search_term_string}\"},\"query-input\":{\"@type\":\"PropertyValueSpecification\",\"valueRequired\":true,\"valueName\":\"search_term_string\"}}],\"inLanguage\":\"de\"},{\"@type\":\"Organization\",\"@id\":\"https:\\\/\\\/www.castlevernie.nl\\\/#organization\",\"name\":\"Castle Vernie\",\"url\":\"https:\\\/\\\/www.castlevernie.nl\\\/\",\"logo\":{\"@type\":\"ImageObject\",\"inLanguage\":\"de\",\"@id\":\"https:\\\/\\\/www.castlevernie.nl\\\/#\\\/schema\\\/logo\\\/image\\\/\",\"url\":\"https:\\\/\\\/www.castlevernie.nl\\\/wordpress\\\/wp-content\\\/uploads\\\/2025\\\/07\\\/header-logo-3.png\",\"contentUrl\":\"https:\\\/\\\/www.castlevernie.nl\\\/wordpress\\\/wp-content\\\/uploads\\\/2025\\\/07\\\/header-logo-3.png\",\"width\":780,\"height\":260,\"caption\":\"Castle Vernie\"},\"image\":{\"@id\":\"https:\\\/\\\/www.castlevernie.nl\\\/#\\\/schema\\\/logo\\\/image\\\/\"},\"sameAs\":[\"https:\\\/\\\/m.facebook.com\\\/Castle-Vernie-Fashion-Shop-110667857399440\"]}]}<\/script>\n<!-- \/ Yoast SEO plugin. -->","yoast_head_json":{"title":"Smafolk LS Sky Brown | Castle Vernie Fashion Shop","description":"De Smafolk longsleeve rendier shirt is een feestelijke en charmante keuze voor Kerstmis. Dit shirt met klassieke pasvorm heeft een schattig rendierontwerp","robots":{"index":"index","follow":"follow","max-snippet":"max-snippet:-1","max-image-preview":"max-image-preview:large","max-video-preview":"max-video-preview:-1"},"canonical":"https:\/\/www.castlevernie.nl\/de\/produkt\/smafolk-ls-sky-brown\/","og_locale":"de_DE","og_type":"article","og_title":"Smafolk LS Sky Brown | Castle Vernie Fashion Shop","og_description":"De Smafolk longsleeve rendier shirt is een feestelijke en charmante keuze voor Kerstmis. Dit shirt met klassieke pasvorm heeft een schattig rendierontwerp","og_url":"https:\/\/www.castlevernie.nl\/de\/produkt\/smafolk-ls-sky-brown\/","og_site_name":"Castle Vernie Fashion Shop","article_publisher":"https:\/\/m.facebook.com\/Castle-Vernie-Fashion-Shop-110667857399440","article_modified_time":"2025-07-07T12:26:06+00:00","og_image":[{"width":935,"height":1000,"url":"https:\/\/www.castlevernie.nl\/wordpress\/wp-content\/uploads\/2025\/02\/Langrmet-bluse-med-sol-og-skyer-Brown-primary.jpg","type":"image\/jpeg"}],"twitter_card":"summary_large_image","twitter_misc":{"Gesch\u00e4tzte Lesezeit":"1\u00a0Minute"},"schema":{"@context":"https:\/\/schema.org","@graph":[{"@type":"WebPage","@id":"https:\/\/www.castlevernie.nl\/product\/smafolk-ls-sky-brown\/","url":"https:\/\/www.castlevernie.nl\/product\/smafolk-ls-sky-brown\/","name":"Smafolk LS Sky Brown | Castle Vernie Fashion Shop","isPartOf":{"@id":"https:\/\/www.castlevernie.nl\/#website"},"primaryImageOfPage":{"@id":"https:\/\/www.castlevernie.nl\/product\/smafolk-ls-sky-brown\/#primaryimage"},"image":{"@id":"https:\/\/www.castlevernie.nl\/product\/smafolk-ls-sky-brown\/#primaryimage"},"thumbnailUrl":"https:\/\/www.castlevernie.nl\/wordpress\/wp-content\/uploads\/2025\/02\/Langrmet-bluse-med-sol-og-skyer-Brown-primary.jpg","datePublished":"2025-02-16T13:43:50+00:00","dateModified":"2025-07-07T12:26:06+00:00","description":"De Smafolk longsleeve rendier shirt is een feestelijke en charmante keuze voor Kerstmis. Dit shirt met klassieke pasvorm heeft een schattig rendierontwerp","breadcrumb":{"@id":"https:\/\/www.castlevernie.nl\/product\/smafolk-ls-sky-brown\/#breadcrumb"},"inLanguage":"de","potentialAction":[{"@type":"ReadAction","target":["https:\/\/www.castlevernie.nl\/product\/smafolk-ls-sky-brown\/"]}]},{"@type":"ImageObject","inLanguage":"de","@id":"https:\/\/www.castlevernie.nl\/product\/smafolk-ls-sky-brown\/#primaryimage","url":"https:\/\/www.castlevernie.nl\/wordpress\/wp-content\/uploads\/2025\/02\/Langrmet-bluse-med-sol-og-skyer-Brown-primary.jpg","contentUrl":"https:\/\/www.castlevernie.nl\/wordpress\/wp-content\/uploads\/2025\/02\/Langrmet-bluse-med-sol-og-skyer-Brown-primary.jpg","width":935,"height":1000,"caption":"Smafolk Longesleev bruin met wolken"},{"@type":"BreadcrumbList","@id":"https:\/\/www.castlevernie.nl\/product\/smafolk-ls-sky-brown\/#breadcrumb","itemListElement":[{"@type":"ListItem","position":1,"name":"Home","item":"https:\/\/www.castlevernie.nl\/"},{"@type":"ListItem","position":2,"name":"Winkel","item":"https:\/\/www.castlevernie.nl\/winkel\/"},{"@type":"ListItem","position":3,"name":"Smafolk LS Sky Brown"}]},{"@type":"WebSite","@id":"https:\/\/www.castlevernie.nl\/#website","url":"https:\/\/www.castlevernie.nl\/","name":"Schloss Vernie Modegesch\u00e4ft","description":"","publisher":{"@id":"https:\/\/www.castlevernie.nl\/#organization"},"potentialAction":[{"@type":"SearchAction","target":{"@type":"EntryPoint","urlTemplate":"https:\/\/www.castlevernie.nl\/?s={search_term_string}"},"query-input":{"@type":"PropertyValueSpecification","valueRequired":true,"valueName":"search_term_string"}}],"inLanguage":"de"},{"@type":"Organization","@id":"https:\/\/www.castlevernie.nl\/#organization","name":"Castle Vernie","url":"https:\/\/www.castlevernie.nl\/","logo":{"@type":"ImageObject","inLanguage":"de","@id":"https:\/\/www.castlevernie.nl\/#\/schema\/logo\/image\/","url":"https:\/\/www.castlevernie.nl\/wordpress\/wp-content\/uploads\/2025\/07\/header-logo-3.png","contentUrl":"https:\/\/www.castlevernie.nl\/wordpress\/wp-content\/uploads\/2025\/07\/header-logo-3.png","width":780,"height":260,"caption":"Castle Vernie"},"image":{"@id":"https:\/\/www.castlevernie.nl\/#\/schema\/logo\/image\/"},"sameAs":["https:\/\/m.facebook.com\/Castle-Vernie-Fashion-Shop-110667857399440"]}]}},"_links":{"self":[{"href":"https:\/\/www.castlevernie.nl\/de\/wp-json\/wp\/v2\/product\/6020","targetHints":{"allow":["GET"]}}],"collection":[{"href":"https:\/\/www.castlevernie.nl\/de\/wp-json\/wp\/v2\/product"}],"about":[{"href":"https:\/\/www.castlevernie.nl\/de\/wp-json\/wp\/v2\/types\/product"}],"replies":[{"embeddable":true,"href":"https:\/\/www.castlevernie.nl\/de\/wp-json\/wp\/v2\/comments?post=6020"}],"wp:featuredmedia":[{"embeddable":true,"href":"https:\/\/www.castlevernie.nl\/de\/wp-json\/wp\/v2\/media\/6025"}],"wp:attachment":[{"href":"https:\/\/www.castlevernie.nl\/de\/wp-json\/wp\/v2\/media?parent=6020"}],"wp:term":[{"taxonomy":"product_brand","embeddable":true,"href":"https:\/\/www.castlevernie.nl\/de\/wp-json\/wp\/v2\/product_brand?post=6020"},{"taxonomy":"product_cat","embeddable":true,"href":"https:\/\/www.castlevernie.nl\/de\/wp-json\/wp\/v2\/product_cat?post=6020"},{"taxonomy":"product_tag","embeddable":true,"href":"https:\/\/www.castlevernie.nl\/de\/wp-json\/wp\/v2\/product_tag?post=6020"}],"curies":[{"name":"wp","href":"https:\/\/api.w.org\/{rel}","templated":true}]}}