{"id":4877,"date":"2023-10-01T13:26:38","date_gmt":"2023-10-01T13:26:38","guid":{"rendered":"https:\/\/www.castlevernie.nl\/?post_type=product&#038;p=4877"},"modified":"2025-08-23T18:04:42","modified_gmt":"2025-08-23T18:04:42","slug":"reiff-wikkelvest-donker-blauw-gestreept","status":"publish","type":"product","link":"https:\/\/www.castlevernie.nl\/de\/produkt\/reiff-wikkelvest-donker-blauw-gestreept\/","title":{"rendered":"Reiff wikkelvest Donker Blauw gestreept"},"content":{"rendered":"<p><img fetchpriority=\"high\" decoding=\"async\" class=\"size-medium wp-image-4353 alignleft\" src=\"https:\/\/www.castlevernie.nl\/wordpress\/wp-content\/uploads\/2022\/12\/Reiff-wikkelvest-gestreept-kindje-277x300.jpg\" alt=\"\" width=\"277\" height=\"300\" srcset=\"https:\/\/www.castlevernie.nl\/wordpress\/wp-content\/uploads\/2022\/12\/Reiff-wikkelvest-gestreept-kindje-277x300.jpg 277w, https:\/\/www.castlevernie.nl\/wordpress\/wp-content\/uploads\/2022\/12\/Reiff-wikkelvest-gestreept-kindje-768x833.jpg 768w, https:\/\/www.castlevernie.nl\/wordpress\/wp-content\/uploads\/2022\/12\/Reiff-wikkelvest-gestreept-kindje-944x1024.jpg 944w, https:\/\/www.castlevernie.nl\/wordpress\/wp-content\/uploads\/2022\/12\/Reiff-wikkelvest-gestreept-kindje-600x651.jpg 600w, https:\/\/www.castlevernie.nl\/wordpress\/wp-content\/uploads\/2022\/12\/Reiff-wikkelvest-gestreept-kindje-1416x1536.jpg 1416w, https:\/\/www.castlevernie.nl\/wordpress\/wp-content\/uploads\/2022\/12\/Reiff-wikkelvest-gestreept-kindje.jpg 1500w\" sizes=\"(max-width: 277px) 100vw, 277px\" \/>Reiff wikkelvest gestreept<\/p>\n<p>Eine unserer Topmarken ist die Marke Reiff. Mit einem umfangreichen Sortiment an Wollkleidung und auch Wollhosen. Worauf wir sehr stolz sind, ist, dass wir auch diese in unserem Sortiment haben.<\/p>\n<p>Die Woll-Wickeljacke ist ebenfalls sehr zu empfehlen, sie ist wunderbar weich, warm, aber auch luftig und in verschiedenen Farben erh\u00e4ltlich. Die Gr\u00f6\u00dfen reichen von 50\/56 bis 98\/104. Sie ist eine Nummer gr\u00f6\u00dfer als die Wollwickeljacken und Leggings von IOBIO. Das macht die Reiff Woll-Wickeljacken und Leggings zudem besonders attraktiv.<\/p>\n<p>Die Artikel von Reiff sind aus Merinowolle gefertigt. Die Merinoschafe werden nach den strengen Kriterien der biologischen Viehzucht in S\u00fcdamerika (Patagonien) gehalten.<\/p>\n<p>Die Produktion von Reiff erfolgt nach den strengen Vorgaben von GOTS oder IVN. Seit \u00fcber 10 Jahren sind sie Mitglied des IVN (Internationalen Verband der Naturtextilwirtschaft).<\/p>\n<p>&nbsp;<\/p>","protected":false},"excerpt":{"rendered":"<p>Reiff wikkelvest gestreept Een van onze topmerken is het merk Reiff. Met een uitgebreid assortiment van wollen kleiding en ook wolbroekjes. Waar wij heel trots op zijn dat wij ook deze in ons assortiment hebben. De wollen wikkelvest is ook een echte aanrader, hij is heerlijk soepel, warm, maar ook luchtig en er is een [&hellip;]<\/p>\n","protected":false},"featured_media":4331,"comment_status":"open","ping_status":"closed","template":"","meta":[],"product_brand":[517],"product_cat":[588,46,47,48,49,16],"product_tag":[296,687,688],"class_list":{"0":"post-4877","1":"product","2":"type-product","3":"status-publish","4":"has-post-thumbnail","6":"product_brand-reiff","7":"product_cat-alles-van-wol-zijde","8":"product_cat-maat-62-68","9":"product_cat-maat-74-80","10":"product_cat-maat-86-82","11":"product_cat-maat-98-104","12":"product_cat-newborn","13":"product_tag-reiff-wikkelvest","14":"product_tag-wollen-vest","15":"product_tag-wollen-vest-baby","17":"first","18":"instock","19":"taxable","20":"shipping-taxable","21":"purchasable","22":"product-type-variable"},"yoast_head":"<!-- This site is optimized with the Yoast SEO plugin v27.4 - https:\/\/yoast.com\/product\/yoast-seo-wordpress\/ -->\n<title>Reiff wikkelvest Donker Blauw gestreept | Castle Vernie Fashion Shop<\/title>\n<meta name=\"description\" content=\"Reiff wikkelvest gestreept is soepel, warm, maar ook luchtig en er is een variatie aan kleuren te verkrijgen. De maten gaan van 50\/56 tot en met 98\/104\" \/>\n<meta name=\"robots\" content=\"index, follow, max-snippet:-1, max-image-preview:large, max-video-preview:-1\" \/>\n<link rel=\"canonical\" href=\"https:\/\/www.castlevernie.nl\/de\/produkt\/reiff-wikkelvest-donker-blauw-gestreept\/\" \/>\n<meta property=\"og:locale\" content=\"de_DE\" \/>\n<meta property=\"og:type\" content=\"article\" \/>\n<meta property=\"og:title\" content=\"Reiff wikkelvest Donker Blauw gestreept | Castle Vernie Fashion Shop\" \/>\n<meta property=\"og:description\" content=\"Reiff wikkelvest gestreept is soepel, warm, maar ook luchtig en er is een variatie aan kleuren te verkrijgen. De maten gaan van 50\/56 tot en met 98\/104\" \/>\n<meta property=\"og:url\" content=\"https:\/\/www.castlevernie.nl\/de\/produkt\/reiff-wikkelvest-donker-blauw-gestreept\/\" \/>\n<meta property=\"og:site_name\" content=\"Castle Vernie Fashion Shop\" \/>\n<meta property=\"article:publisher\" content=\"https:\/\/m.facebook.com\/Castle-Vernie-Fashion-Shop-110667857399440\" \/>\n<meta property=\"article:modified_time\" content=\"2025-08-23T18:04:42+00:00\" \/>\n<meta property=\"og:image\" content=\"https:\/\/www.castlevernie.nl\/wordpress\/wp-content\/uploads\/2022\/12\/Reiff-gestreept-wikkelvest-blauw.png\" \/>\n\t<meta property=\"og:image:width\" content=\"1500\" \/>\n\t<meta property=\"og:image:height\" content=\"1500\" \/>\n\t<meta property=\"og:image:type\" content=\"image\/png\" \/>\n<meta name=\"twitter:card\" content=\"summary_large_image\" \/>\n<meta name=\"twitter:label1\" content=\"Gesch\u00e4tzte Lesezeit\" \/>\n\t<meta name=\"twitter:data1\" content=\"1\u00a0Minute\" \/>\n<script type=\"application\/ld+json\" class=\"yoast-schema-graph\">{\"@context\":\"https:\\\/\\\/schema.org\",\"@graph\":[{\"@type\":\"WebPage\",\"@id\":\"https:\\\/\\\/www.castlevernie.nl\\\/product\\\/reiff-wikkelvest-donker-blauw-gestreept\\\/\",\"url\":\"https:\\\/\\\/www.castlevernie.nl\\\/product\\\/reiff-wikkelvest-donker-blauw-gestreept\\\/\",\"name\":\"Reiff wikkelvest Donker Blauw gestreept | Castle Vernie Fashion Shop\",\"isPartOf\":{\"@id\":\"https:\\\/\\\/www.castlevernie.nl\\\/#website\"},\"primaryImageOfPage\":{\"@id\":\"https:\\\/\\\/www.castlevernie.nl\\\/product\\\/reiff-wikkelvest-donker-blauw-gestreept\\\/#primaryimage\"},\"image\":{\"@id\":\"https:\\\/\\\/www.castlevernie.nl\\\/product\\\/reiff-wikkelvest-donker-blauw-gestreept\\\/#primaryimage\"},\"thumbnailUrl\":\"https:\\\/\\\/www.castlevernie.nl\\\/wordpress\\\/wp-content\\\/uploads\\\/2022\\\/12\\\/Reiff-gestreept-wikkelvest-blauw.png\",\"datePublished\":\"2023-10-01T13:26:38+00:00\",\"dateModified\":\"2025-08-23T18:04:42+00:00\",\"description\":\"Reiff wikkelvest gestreept is soepel, warm, maar ook luchtig en er is een variatie aan kleuren te verkrijgen. De maten gaan van 50\\\/56 tot en met 98\\\/104\",\"breadcrumb\":{\"@id\":\"https:\\\/\\\/www.castlevernie.nl\\\/product\\\/reiff-wikkelvest-donker-blauw-gestreept\\\/#breadcrumb\"},\"inLanguage\":\"de\",\"potentialAction\":[{\"@type\":\"ReadAction\",\"target\":[\"https:\\\/\\\/www.castlevernie.nl\\\/product\\\/reiff-wikkelvest-donker-blauw-gestreept\\\/\"]}]},{\"@type\":\"ImageObject\",\"inLanguage\":\"de\",\"@id\":\"https:\\\/\\\/www.castlevernie.nl\\\/product\\\/reiff-wikkelvest-donker-blauw-gestreept\\\/#primaryimage\",\"url\":\"https:\\\/\\\/www.castlevernie.nl\\\/wordpress\\\/wp-content\\\/uploads\\\/2022\\\/12\\\/Reiff-gestreept-wikkelvest-blauw.png\",\"contentUrl\":\"https:\\\/\\\/www.castlevernie.nl\\\/wordpress\\\/wp-content\\\/uploads\\\/2022\\\/12\\\/Reiff-gestreept-wikkelvest-blauw.png\",\"width\":1500,\"height\":1500,\"caption\":\"reiff wollen vest blauw gestreept\"},{\"@type\":\"BreadcrumbList\",\"@id\":\"https:\\\/\\\/www.castlevernie.nl\\\/product\\\/reiff-wikkelvest-donker-blauw-gestreept\\\/#breadcrumb\",\"itemListElement\":[{\"@type\":\"ListItem\",\"position\":1,\"name\":\"Home\",\"item\":\"https:\\\/\\\/www.castlevernie.nl\\\/\"},{\"@type\":\"ListItem\",\"position\":2,\"name\":\"Winkel\",\"item\":\"https:\\\/\\\/www.castlevernie.nl\\\/winkel\\\/\"},{\"@type\":\"ListItem\",\"position\":3,\"name\":\"Reiff wikkelvest Donker Blauw gestreept\"}]},{\"@type\":\"WebSite\",\"@id\":\"https:\\\/\\\/www.castlevernie.nl\\\/#website\",\"url\":\"https:\\\/\\\/www.castlevernie.nl\\\/\",\"name\":\"Castle Vernie Fashion Shop\",\"description\":\"\",\"publisher\":{\"@id\":\"https:\\\/\\\/www.castlevernie.nl\\\/#organization\"},\"potentialAction\":[{\"@type\":\"SearchAction\",\"target\":{\"@type\":\"EntryPoint\",\"urlTemplate\":\"https:\\\/\\\/www.castlevernie.nl\\\/?s={search_term_string}\"},\"query-input\":{\"@type\":\"PropertyValueSpecification\",\"valueRequired\":true,\"valueName\":\"search_term_string\"}}],\"inLanguage\":\"de\"},{\"@type\":\"Organization\",\"@id\":\"https:\\\/\\\/www.castlevernie.nl\\\/#organization\",\"name\":\"Castle Vernie\",\"url\":\"https:\\\/\\\/www.castlevernie.nl\\\/\",\"logo\":{\"@type\":\"ImageObject\",\"inLanguage\":\"de\",\"@id\":\"https:\\\/\\\/www.castlevernie.nl\\\/#\\\/schema\\\/logo\\\/image\\\/\",\"url\":\"https:\\\/\\\/www.castlevernie.nl\\\/wordpress\\\/wp-content\\\/uploads\\\/2025\\\/07\\\/header-logo-3.png\",\"contentUrl\":\"https:\\\/\\\/www.castlevernie.nl\\\/wordpress\\\/wp-content\\\/uploads\\\/2025\\\/07\\\/header-logo-3.png\",\"width\":780,\"height\":260,\"caption\":\"Castle Vernie\"},\"image\":{\"@id\":\"https:\\\/\\\/www.castlevernie.nl\\\/#\\\/schema\\\/logo\\\/image\\\/\"},\"sameAs\":[\"https:\\\/\\\/m.facebook.com\\\/Castle-Vernie-Fashion-Shop-110667857399440\"]}]}<\/script>\n<!-- \/ Yoast SEO plugin. -->","yoast_head_json":{"title":"Reiff wikkelvest Donker Blauw gestreept | Castle Vernie Fashion Shop","description":"Reiff wikkelvest gestreept is soepel, warm, maar ook luchtig en er is een variatie aan kleuren te verkrijgen. De maten gaan van 50\/56 tot en met 98\/104","robots":{"index":"index","follow":"follow","max-snippet":"max-snippet:-1","max-image-preview":"max-image-preview:large","max-video-preview":"max-video-preview:-1"},"canonical":"https:\/\/www.castlevernie.nl\/de\/produkt\/reiff-wikkelvest-donker-blauw-gestreept\/","og_locale":"de_DE","og_type":"article","og_title":"Reiff wikkelvest Donker Blauw gestreept | Castle Vernie Fashion Shop","og_description":"Reiff wikkelvest gestreept is soepel, warm, maar ook luchtig en er is een variatie aan kleuren te verkrijgen. De maten gaan van 50\/56 tot en met 98\/104","og_url":"https:\/\/www.castlevernie.nl\/de\/produkt\/reiff-wikkelvest-donker-blauw-gestreept\/","og_site_name":"Castle Vernie Fashion Shop","article_publisher":"https:\/\/m.facebook.com\/Castle-Vernie-Fashion-Shop-110667857399440","article_modified_time":"2025-08-23T18:04:42+00:00","og_image":[{"width":1500,"height":1500,"url":"https:\/\/www.castlevernie.nl\/wordpress\/wp-content\/uploads\/2022\/12\/Reiff-gestreept-wikkelvest-blauw.png","type":"image\/png"}],"twitter_card":"summary_large_image","twitter_misc":{"Gesch\u00e4tzte Lesezeit":"1\u00a0Minute"},"schema":{"@context":"https:\/\/schema.org","@graph":[{"@type":"WebPage","@id":"https:\/\/www.castlevernie.nl\/product\/reiff-wikkelvest-donker-blauw-gestreept\/","url":"https:\/\/www.castlevernie.nl\/product\/reiff-wikkelvest-donker-blauw-gestreept\/","name":"Reiff wikkelvest Donker Blauw gestreept | Castle Vernie Fashion Shop","isPartOf":{"@id":"https:\/\/www.castlevernie.nl\/#website"},"primaryImageOfPage":{"@id":"https:\/\/www.castlevernie.nl\/product\/reiff-wikkelvest-donker-blauw-gestreept\/#primaryimage"},"image":{"@id":"https:\/\/www.castlevernie.nl\/product\/reiff-wikkelvest-donker-blauw-gestreept\/#primaryimage"},"thumbnailUrl":"https:\/\/www.castlevernie.nl\/wordpress\/wp-content\/uploads\/2022\/12\/Reiff-gestreept-wikkelvest-blauw.png","datePublished":"2023-10-01T13:26:38+00:00","dateModified":"2025-08-23T18:04:42+00:00","description":"Reiff wikkelvest gestreept is soepel, warm, maar ook luchtig en er is een variatie aan kleuren te verkrijgen. De maten gaan van 50\/56 tot en met 98\/104","breadcrumb":{"@id":"https:\/\/www.castlevernie.nl\/product\/reiff-wikkelvest-donker-blauw-gestreept\/#breadcrumb"},"inLanguage":"de","potentialAction":[{"@type":"ReadAction","target":["https:\/\/www.castlevernie.nl\/product\/reiff-wikkelvest-donker-blauw-gestreept\/"]}]},{"@type":"ImageObject","inLanguage":"de","@id":"https:\/\/www.castlevernie.nl\/product\/reiff-wikkelvest-donker-blauw-gestreept\/#primaryimage","url":"https:\/\/www.castlevernie.nl\/wordpress\/wp-content\/uploads\/2022\/12\/Reiff-gestreept-wikkelvest-blauw.png","contentUrl":"https:\/\/www.castlevernie.nl\/wordpress\/wp-content\/uploads\/2022\/12\/Reiff-gestreept-wikkelvest-blauw.png","width":1500,"height":1500,"caption":"reiff wollen vest blauw gestreept"},{"@type":"BreadcrumbList","@id":"https:\/\/www.castlevernie.nl\/product\/reiff-wikkelvest-donker-blauw-gestreept\/#breadcrumb","itemListElement":[{"@type":"ListItem","position":1,"name":"Home","item":"https:\/\/www.castlevernie.nl\/"},{"@type":"ListItem","position":2,"name":"Winkel","item":"https:\/\/www.castlevernie.nl\/winkel\/"},{"@type":"ListItem","position":3,"name":"Reiff wikkelvest Donker Blauw gestreept"}]},{"@type":"WebSite","@id":"https:\/\/www.castlevernie.nl\/#website","url":"https:\/\/www.castlevernie.nl\/","name":"Schloss Vernie Modegesch\u00e4ft","description":"","publisher":{"@id":"https:\/\/www.castlevernie.nl\/#organization"},"potentialAction":[{"@type":"SearchAction","target":{"@type":"EntryPoint","urlTemplate":"https:\/\/www.castlevernie.nl\/?s={search_term_string}"},"query-input":{"@type":"PropertyValueSpecification","valueRequired":true,"valueName":"search_term_string"}}],"inLanguage":"de"},{"@type":"Organization","@id":"https:\/\/www.castlevernie.nl\/#organization","name":"Castle Vernie","url":"https:\/\/www.castlevernie.nl\/","logo":{"@type":"ImageObject","inLanguage":"de","@id":"https:\/\/www.castlevernie.nl\/#\/schema\/logo\/image\/","url":"https:\/\/www.castlevernie.nl\/wordpress\/wp-content\/uploads\/2025\/07\/header-logo-3.png","contentUrl":"https:\/\/www.castlevernie.nl\/wordpress\/wp-content\/uploads\/2025\/07\/header-logo-3.png","width":780,"height":260,"caption":"Castle Vernie"},"image":{"@id":"https:\/\/www.castlevernie.nl\/#\/schema\/logo\/image\/"},"sameAs":["https:\/\/m.facebook.com\/Castle-Vernie-Fashion-Shop-110667857399440"]}]}},"_links":{"self":[{"href":"https:\/\/www.castlevernie.nl\/de\/wp-json\/wp\/v2\/product\/4877","targetHints":{"allow":["GET"]}}],"collection":[{"href":"https:\/\/www.castlevernie.nl\/de\/wp-json\/wp\/v2\/product"}],"about":[{"href":"https:\/\/www.castlevernie.nl\/de\/wp-json\/wp\/v2\/types\/product"}],"replies":[{"embeddable":true,"href":"https:\/\/www.castlevernie.nl\/de\/wp-json\/wp\/v2\/comments?post=4877"}],"wp:featuredmedia":[{"embeddable":true,"href":"https:\/\/www.castlevernie.nl\/de\/wp-json\/wp\/v2\/media\/4331"}],"wp:attachment":[{"href":"https:\/\/www.castlevernie.nl\/de\/wp-json\/wp\/v2\/media?parent=4877"}],"wp:term":[{"taxonomy":"product_brand","embeddable":true,"href":"https:\/\/www.castlevernie.nl\/de\/wp-json\/wp\/v2\/product_brand?post=4877"},{"taxonomy":"product_cat","embeddable":true,"href":"https:\/\/www.castlevernie.nl\/de\/wp-json\/wp\/v2\/product_cat?post=4877"},{"taxonomy":"product_tag","embeddable":true,"href":"https:\/\/www.castlevernie.nl\/de\/wp-json\/wp\/v2\/product_tag?post=4877"}],"curies":[{"name":"wp","href":"https:\/\/api.w.org\/{rel}","templated":true}]}}