{"id":4665,"date":"2023-08-25T19:10:33","date_gmt":"2023-08-25T19:10:33","guid":{"rendered":"https:\/\/www.castlevernie.nl\/?post_type=product&#038;p=4665"},"modified":"2025-10-08T19:38:26","modified_gmt":"2025-10-08T19:38:26","slug":"lilano-slaapzak-uni-wolplusche","status":"publish","type":"product","link":"https:\/\/www.castlevernie.nl\/de\/produkt\/lilano-slaapzak-uni-wolplusche\/","title":{"rendered":"Lilano slaapzak UNI wolplush Marine"},"content":{"rendered":"<h5>Lilano Wollpl\u00fcsch-Schlafsack \u2013 nat\u00fcrlich schlafen in Wolle<\/h5>\n<p>De Lilano wolplush (wolfrottee) slaapzak is een onmisbaar item voor ouders die kiezen voor comfort, warmte en natuurlijke materialen. Deze wollen slaapzak is gemaakt van 100% zuivere wol en zorgt ervoor dat je kindje het hele jaar door de juiste lichaamstemperatuur behoudt. Wol ademt, is temperatuur regulerend en voelt zacht en behaaglijk aan. Hierdoor geniet je kindje van een veilige en comfortabele nachtrust.<\/p>\n<p>Ein Schlafsack aus Wolle hat viele Vorteile gegen\u00fcber synthetischen Materialien. Wolle kann bis zu 30 % ihres Eigengewichts an Feuchtigkeit aufnehmen, ohne sich feucht anzuf\u00fchlen. Dies verhindert \u00dcberhitzung und Schwitzen, sodass Ihr Kind immer trocken und warm bleibt. Der Lilano-Schlafsack verbindet hochwertige Qualit\u00e4t mit einem zeitlosen Design, das viele Jahre h\u00e4lt.<\/p>\n<p>Der Wollschlafsack von Lilano ist ideal f\u00fcr Babys und Kleinkinder. Dank der nat\u00fcrlichen Elastizit\u00e4t der Wolle kann sich Ihr Kind frei bewegen, w\u00e4hrend der Schlafsack dennoch gut sitzt. Au\u00dferdem wirkt Wolle antibakteriell und ist von Natur aus schmutzabweisend, sodass der Schlafsack einfach frisch bleibt.<\/p>\n<p>Egal, ob Sie auf der Suche nach einem Babyschlafsack aus Wolle, einem warmen Winterschlafsack aus Wolle oder einem atmungsaktiven Schlafsack f\u00fcr jede Jahreszeit sind, der Lilano Woll-Plus-H\u00e9-Schlafsack bietet alles.<\/p>\n<p>Entscheiden Sie sich f\u00fcr ein gesundes Schlafklima mit der nat\u00fcrlichen Kraft der Wolle \u2013 eine bewusste Wahl f\u00fcr Eltern, die ihrem Kind das Beste geben m\u00f6chten.<\/p>\n<p>&nbsp;<\/p>","protected":false},"excerpt":{"rendered":"<p>Lilano wolplush slaapzak \u2013 natuurlijk slapen in wol De Lilano wolplush (wolfrottee) slaapzak is een onmisbaar item voor ouders die kiezen voor comfort, warmte en natuurlijke materialen. Deze wollen slaapzak is gemaakt van 100% zuivere wol en zorgt ervoor dat je kindje het hele jaar door de juiste lichaamstemperatuur behoudt. Wol ademt, is temperatuur regulerend [&hellip;]<\/p>\n","protected":false},"featured_media":11855,"comment_status":"open","ping_status":"closed","template":"","meta":[],"product_brand":[519],"product_cat":[588,46,47,48,49,278],"product_tag":[741,139],"class_list":{"0":"post-4665","1":"product","2":"type-product","3":"status-publish","4":"has-post-thumbnail","6":"product_brand-lilano","7":"product_cat-alles-van-wol-zijde","8":"product_cat-maat-62-68","9":"product_cat-maat-74-80","10":"product_cat-maat-86-82","11":"product_cat-maat-98-104","12":"product_cat-slaapzakken-en-dekens","13":"product_tag-wol-fleece-slaapzak","14":"product_tag-wollen-slaapzak","16":"first","17":"instock","18":"taxable","19":"shipping-taxable","20":"purchasable","21":"product-type-variable"},"yoast_head":"<!-- This site is optimized with the Yoast SEO plugin v27.4 - https:\/\/yoast.com\/product\/yoast-seo-wordpress\/ -->\n<title>Lilano wolplusche slaapzak \u2013 natuurlijk slapen in wol voor baby&#039;s<\/title>\n<meta name=\"description\" content=\"Lilano wolplusche slaapzak. Gemaakt van 100% wol, ademend, temperatuur regulerend en ideaal voor een gezonde slaap. Perfect voor baby\u2019s en peuters.\" \/>\n<meta name=\"robots\" content=\"index, follow, max-snippet:-1, max-image-preview:large, max-video-preview:-1\" \/>\n<link rel=\"canonical\" href=\"https:\/\/www.castlevernie.nl\/de\/produkt\/lilano-slaapzak-uni-wolplusche\/\" \/>\n<meta property=\"og:locale\" content=\"de_DE\" \/>\n<meta property=\"og:type\" content=\"article\" \/>\n<meta property=\"og:title\" content=\"Lilano wolplusche slaapzak \u2013 natuurlijk slapen in wol voor baby&#039;s\" \/>\n<meta property=\"og:description\" content=\"Lilano wolplusche slaapzak. Gemaakt van 100% wol, ademend, temperatuur regulerend en ideaal voor een gezonde slaap. Perfect voor baby\u2019s en peuters.\" \/>\n<meta property=\"og:url\" content=\"https:\/\/www.castlevernie.nl\/de\/produkt\/lilano-slaapzak-uni-wolplusche\/\" \/>\n<meta property=\"og:site_name\" content=\"Castle Vernie Fashion Shop\" \/>\n<meta property=\"article:publisher\" content=\"https:\/\/m.facebook.com\/Castle-Vernie-Fashion-Shop-110667857399440\" \/>\n<meta property=\"article:modified_time\" content=\"2025-10-08T19:38:26+00:00\" \/>\n<meta property=\"og:image\" content=\"https:\/\/www.castlevernie.nl\/wordpress\/wp-content\/uploads\/2023\/08\/WhatsApp-Image-2025-09-13-at-10.16.04-1.jpeg\" \/>\n\t<meta property=\"og:image:width\" content=\"1080\" \/>\n\t<meta property=\"og:image:height\" content=\"1080\" \/>\n\t<meta property=\"og:image:type\" content=\"image\/jpeg\" \/>\n<meta name=\"twitter:card\" content=\"summary_large_image\" \/>\n<meta name=\"twitter:label1\" content=\"Gesch\u00e4tzte Lesezeit\" \/>\n\t<meta name=\"twitter:data1\" content=\"2\u00a0Minuten\" \/>\n<script type=\"application\/ld+json\" class=\"yoast-schema-graph\">{\"@context\":\"https:\\\/\\\/schema.org\",\"@graph\":[{\"@type\":\"WebPage\",\"@id\":\"https:\\\/\\\/www.castlevernie.nl\\\/product\\\/lilano-slaapzak-uni-wolplusche\\\/\",\"url\":\"https:\\\/\\\/www.castlevernie.nl\\\/product\\\/lilano-slaapzak-uni-wolplusche\\\/\",\"name\":\"Lilano wolplusche slaapzak \u2013 natuurlijk slapen in wol voor baby's\",\"isPartOf\":{\"@id\":\"https:\\\/\\\/www.castlevernie.nl\\\/#website\"},\"primaryImageOfPage\":{\"@id\":\"https:\\\/\\\/www.castlevernie.nl\\\/product\\\/lilano-slaapzak-uni-wolplusche\\\/#primaryimage\"},\"image\":{\"@id\":\"https:\\\/\\\/www.castlevernie.nl\\\/product\\\/lilano-slaapzak-uni-wolplusche\\\/#primaryimage\"},\"thumbnailUrl\":\"https:\\\/\\\/www.castlevernie.nl\\\/wordpress\\\/wp-content\\\/uploads\\\/2023\\\/08\\\/WhatsApp-Image-2025-09-13-at-10.16.04-1.jpeg\",\"datePublished\":\"2023-08-25T19:10:33+00:00\",\"dateModified\":\"2025-10-08T19:38:26+00:00\",\"description\":\"Lilano wolplusche slaapzak. Gemaakt van 100% wol, ademend, temperatuur regulerend en ideaal voor een gezonde slaap. Perfect voor baby\u2019s en peuters.\",\"breadcrumb\":{\"@id\":\"https:\\\/\\\/www.castlevernie.nl\\\/product\\\/lilano-slaapzak-uni-wolplusche\\\/#breadcrumb\"},\"inLanguage\":\"de\",\"potentialAction\":[{\"@type\":\"ReadAction\",\"target\":[\"https:\\\/\\\/www.castlevernie.nl\\\/product\\\/lilano-slaapzak-uni-wolplusche\\\/\"]}]},{\"@type\":\"ImageObject\",\"inLanguage\":\"de\",\"@id\":\"https:\\\/\\\/www.castlevernie.nl\\\/product\\\/lilano-slaapzak-uni-wolplusche\\\/#primaryimage\",\"url\":\"https:\\\/\\\/www.castlevernie.nl\\\/wordpress\\\/wp-content\\\/uploads\\\/2023\\\/08\\\/WhatsApp-Image-2025-09-13-at-10.16.04-1.jpeg\",\"contentUrl\":\"https:\\\/\\\/www.castlevernie.nl\\\/wordpress\\\/wp-content\\\/uploads\\\/2023\\\/08\\\/WhatsApp-Image-2025-09-13-at-10.16.04-1.jpeg\",\"width\":1080,\"height\":1080,\"caption\":\"wolfleece slaapzak wolplusche lilano\"},{\"@type\":\"BreadcrumbList\",\"@id\":\"https:\\\/\\\/www.castlevernie.nl\\\/product\\\/lilano-slaapzak-uni-wolplusche\\\/#breadcrumb\",\"itemListElement\":[{\"@type\":\"ListItem\",\"position\":1,\"name\":\"Home\",\"item\":\"https:\\\/\\\/www.castlevernie.nl\\\/\"},{\"@type\":\"ListItem\",\"position\":2,\"name\":\"Winkel\",\"item\":\"https:\\\/\\\/www.castlevernie.nl\\\/winkel\\\/\"},{\"@type\":\"ListItem\",\"position\":3,\"name\":\"Lilano slaapzak UNI wolplush Marine\"}]},{\"@type\":\"WebSite\",\"@id\":\"https:\\\/\\\/www.castlevernie.nl\\\/#website\",\"url\":\"https:\\\/\\\/www.castlevernie.nl\\\/\",\"name\":\"Castle Vernie Fashion Shop\",\"description\":\"\",\"publisher\":{\"@id\":\"https:\\\/\\\/www.castlevernie.nl\\\/#organization\"},\"potentialAction\":[{\"@type\":\"SearchAction\",\"target\":{\"@type\":\"EntryPoint\",\"urlTemplate\":\"https:\\\/\\\/www.castlevernie.nl\\\/?s={search_term_string}\"},\"query-input\":{\"@type\":\"PropertyValueSpecification\",\"valueRequired\":true,\"valueName\":\"search_term_string\"}}],\"inLanguage\":\"de\"},{\"@type\":\"Organization\",\"@id\":\"https:\\\/\\\/www.castlevernie.nl\\\/#organization\",\"name\":\"Castle Vernie\",\"url\":\"https:\\\/\\\/www.castlevernie.nl\\\/\",\"logo\":{\"@type\":\"ImageObject\",\"inLanguage\":\"de\",\"@id\":\"https:\\\/\\\/www.castlevernie.nl\\\/#\\\/schema\\\/logo\\\/image\\\/\",\"url\":\"https:\\\/\\\/www.castlevernie.nl\\\/wordpress\\\/wp-content\\\/uploads\\\/2025\\\/07\\\/header-logo-3.png\",\"contentUrl\":\"https:\\\/\\\/www.castlevernie.nl\\\/wordpress\\\/wp-content\\\/uploads\\\/2025\\\/07\\\/header-logo-3.png\",\"width\":780,\"height\":260,\"caption\":\"Castle Vernie\"},\"image\":{\"@id\":\"https:\\\/\\\/www.castlevernie.nl\\\/#\\\/schema\\\/logo\\\/image\\\/\"},\"sameAs\":[\"https:\\\/\\\/m.facebook.com\\\/Castle-Vernie-Fashion-Shop-110667857399440\"]}]}<\/script>\n<!-- \/ Yoast SEO plugin. -->","yoast_head_json":{"title":"Lilano wolplusche slaapzak \u2013 natuurlijk slapen in wol voor baby's","description":"Lilano wolplusche slaapzak. Gemaakt van 100% wol, ademend, temperatuur regulerend en ideaal voor een gezonde slaap. Perfect voor baby\u2019s en peuters.","robots":{"index":"index","follow":"follow","max-snippet":"max-snippet:-1","max-image-preview":"max-image-preview:large","max-video-preview":"max-video-preview:-1"},"canonical":"https:\/\/www.castlevernie.nl\/de\/produkt\/lilano-slaapzak-uni-wolplusche\/","og_locale":"de_DE","og_type":"article","og_title":"Lilano wolplusche slaapzak \u2013 natuurlijk slapen in wol voor baby's","og_description":"Lilano wolplusche slaapzak. Gemaakt van 100% wol, ademend, temperatuur regulerend en ideaal voor een gezonde slaap. Perfect voor baby\u2019s en peuters.","og_url":"https:\/\/www.castlevernie.nl\/de\/produkt\/lilano-slaapzak-uni-wolplusche\/","og_site_name":"Castle Vernie Fashion Shop","article_publisher":"https:\/\/m.facebook.com\/Castle-Vernie-Fashion-Shop-110667857399440","article_modified_time":"2025-10-08T19:38:26+00:00","og_image":[{"width":1080,"height":1080,"url":"https:\/\/www.castlevernie.nl\/wordpress\/wp-content\/uploads\/2023\/08\/WhatsApp-Image-2025-09-13-at-10.16.04-1.jpeg","type":"image\/jpeg"}],"twitter_card":"summary_large_image","twitter_misc":{"Gesch\u00e4tzte Lesezeit":"2\u00a0Minuten"},"schema":{"@context":"https:\/\/schema.org","@graph":[{"@type":"WebPage","@id":"https:\/\/www.castlevernie.nl\/product\/lilano-slaapzak-uni-wolplusche\/","url":"https:\/\/www.castlevernie.nl\/product\/lilano-slaapzak-uni-wolplusche\/","name":"Lilano wolplusche slaapzak \u2013 natuurlijk slapen in wol voor baby's","isPartOf":{"@id":"https:\/\/www.castlevernie.nl\/#website"},"primaryImageOfPage":{"@id":"https:\/\/www.castlevernie.nl\/product\/lilano-slaapzak-uni-wolplusche\/#primaryimage"},"image":{"@id":"https:\/\/www.castlevernie.nl\/product\/lilano-slaapzak-uni-wolplusche\/#primaryimage"},"thumbnailUrl":"https:\/\/www.castlevernie.nl\/wordpress\/wp-content\/uploads\/2023\/08\/WhatsApp-Image-2025-09-13-at-10.16.04-1.jpeg","datePublished":"2023-08-25T19:10:33+00:00","dateModified":"2025-10-08T19:38:26+00:00","description":"Lilano wolplusche slaapzak. Gemaakt van 100% wol, ademend, temperatuur regulerend en ideaal voor een gezonde slaap. Perfect voor baby\u2019s en peuters.","breadcrumb":{"@id":"https:\/\/www.castlevernie.nl\/product\/lilano-slaapzak-uni-wolplusche\/#breadcrumb"},"inLanguage":"de","potentialAction":[{"@type":"ReadAction","target":["https:\/\/www.castlevernie.nl\/product\/lilano-slaapzak-uni-wolplusche\/"]}]},{"@type":"ImageObject","inLanguage":"de","@id":"https:\/\/www.castlevernie.nl\/product\/lilano-slaapzak-uni-wolplusche\/#primaryimage","url":"https:\/\/www.castlevernie.nl\/wordpress\/wp-content\/uploads\/2023\/08\/WhatsApp-Image-2025-09-13-at-10.16.04-1.jpeg","contentUrl":"https:\/\/www.castlevernie.nl\/wordpress\/wp-content\/uploads\/2023\/08\/WhatsApp-Image-2025-09-13-at-10.16.04-1.jpeg","width":1080,"height":1080,"caption":"wolfleece slaapzak wolplusche lilano"},{"@type":"BreadcrumbList","@id":"https:\/\/www.castlevernie.nl\/product\/lilano-slaapzak-uni-wolplusche\/#breadcrumb","itemListElement":[{"@type":"ListItem","position":1,"name":"Home","item":"https:\/\/www.castlevernie.nl\/"},{"@type":"ListItem","position":2,"name":"Winkel","item":"https:\/\/www.castlevernie.nl\/winkel\/"},{"@type":"ListItem","position":3,"name":"Lilano slaapzak UNI wolplush Marine"}]},{"@type":"WebSite","@id":"https:\/\/www.castlevernie.nl\/#website","url":"https:\/\/www.castlevernie.nl\/","name":"Schloss Vernie Modegesch\u00e4ft","description":"","publisher":{"@id":"https:\/\/www.castlevernie.nl\/#organization"},"potentialAction":[{"@type":"SearchAction","target":{"@type":"EntryPoint","urlTemplate":"https:\/\/www.castlevernie.nl\/?s={search_term_string}"},"query-input":{"@type":"PropertyValueSpecification","valueRequired":true,"valueName":"search_term_string"}}],"inLanguage":"de"},{"@type":"Organization","@id":"https:\/\/www.castlevernie.nl\/#organization","name":"Castle Vernie","url":"https:\/\/www.castlevernie.nl\/","logo":{"@type":"ImageObject","inLanguage":"de","@id":"https:\/\/www.castlevernie.nl\/#\/schema\/logo\/image\/","url":"https:\/\/www.castlevernie.nl\/wordpress\/wp-content\/uploads\/2025\/07\/header-logo-3.png","contentUrl":"https:\/\/www.castlevernie.nl\/wordpress\/wp-content\/uploads\/2025\/07\/header-logo-3.png","width":780,"height":260,"caption":"Castle Vernie"},"image":{"@id":"https:\/\/www.castlevernie.nl\/#\/schema\/logo\/image\/"},"sameAs":["https:\/\/m.facebook.com\/Castle-Vernie-Fashion-Shop-110667857399440"]}]}},"_links":{"self":[{"href":"https:\/\/www.castlevernie.nl\/de\/wp-json\/wp\/v2\/product\/4665","targetHints":{"allow":["GET"]}}],"collection":[{"href":"https:\/\/www.castlevernie.nl\/de\/wp-json\/wp\/v2\/product"}],"about":[{"href":"https:\/\/www.castlevernie.nl\/de\/wp-json\/wp\/v2\/types\/product"}],"replies":[{"embeddable":true,"href":"https:\/\/www.castlevernie.nl\/de\/wp-json\/wp\/v2\/comments?post=4665"}],"wp:featuredmedia":[{"embeddable":true,"href":"https:\/\/www.castlevernie.nl\/de\/wp-json\/wp\/v2\/media\/11855"}],"wp:attachment":[{"href":"https:\/\/www.castlevernie.nl\/de\/wp-json\/wp\/v2\/media?parent=4665"}],"wp:term":[{"taxonomy":"product_brand","embeddable":true,"href":"https:\/\/www.castlevernie.nl\/de\/wp-json\/wp\/v2\/product_brand?post=4665"},{"taxonomy":"product_cat","embeddable":true,"href":"https:\/\/www.castlevernie.nl\/de\/wp-json\/wp\/v2\/product_cat?post=4665"},{"taxonomy":"product_tag","embeddable":true,"href":"https:\/\/www.castlevernie.nl\/de\/wp-json\/wp\/v2\/product_tag?post=4665"}],"curies":[{"name":"wp","href":"https:\/\/api.w.org\/{rel}","templated":true}]}}