{"id":3549,"date":"2022-07-02T12:36:27","date_gmt":"2022-07-02T12:36:27","guid":{"rendered":"https:\/\/www.castlevernie.nl\/?post_type=product&#038;p=3549"},"modified":"2025-12-02T08:35:22","modified_gmt":"2025-12-02T08:35:22","slug":"lilano-wollen-wikkelvest-groen","status":"publish","type":"product","link":"https:\/\/www.castlevernie.nl\/de\/produkt\/lilano-wollen-wikkelvest-groen\/","title":{"rendered":"Lilano wollen wikkelvest Groen"},"content":{"rendered":"<h5>Lilano Wickeljacke aus Wolle - weich, warm und nat\u00fcrlich<\/h5>\n<p>Das Lilano Wickelj\u00e4ckchen aus Wolle ist ein unverzichtbares Kleidungsst\u00fcck f\u00fcr Babys und Kleinkinder. Dank des praktischen Wickelmodells l\u00e4sst sich die Jacke einfach anziehen, ohne dass sie \u00fcber den Kopf gezogen werden muss. Das macht die Jacke ideal f\u00fcr Neugeborene, die oft empfindlich beim Ankleiden sind. Der praktische Bindeband- oder Knopfverschluss sorgt daf\u00fcr, dass die Jacke bequem sitzt und nicht verrutscht, sodass Ihr Kind immer angenehm warm bleibt.<\/p>\n<p>Lilano verwendet ausschlie\u00dflich hochwertige biologische Wolle aus kontrollierter Herkunft. Diese Wolle ist bekannt f\u00fcr ihre Weichheit, Atmungsaktivit\u00e4t und hautfreundlichen Eigenschaften. Im Gegensatz zu synthetischen Materialien sorgt Wolle f\u00fcr eine Temperaturregulierung: Sie h\u00e4lt Ihr Baby bei k\u00e4lterem Wetter warm und verhindert \u00dcberhitzung, wenn es w\u00e4rmer wird. Daher ist diese Wollwickeljacke das ganze Jahr \u00fcber tragbar, sowohl als zus\u00e4tzliche Schicht im Winter als auch als luftige Jacke im Fr\u00fchling oder Herbst.<\/p>\n<p>Neben Komfort und Funktionalit\u00e4t ist die Lilano Wickeljacke auch eine nachhaltige Wahl. Wolle ist schmutzabweisend, muss seltener gewaschen werden und beh\u00e4lt \u00fcber Jahre hinweg ihre Qualit\u00e4t. Dadurch ist das J\u00e4ckchen nicht nur angenehm im Gebrauch, sondern auch umweltfreundlich und dauerhaft sch\u00f6n.<\/p>\n<p>Diese Wolljacke f\u00fcr Babys ist in verschiedenen Gr\u00f6\u00dfen und nat\u00fcrlichen Farben erh\u00e4ltlich, die sich einfach mit anderen Kleidungsst\u00fccken von Lilano, Cosilana oder Engel Natur kombinieren lassen. Dank des zeitlosen Erscheinungsbildes und der hochwertigen Verarbeitung ist die Jacke sowohl praktisch als auch stilvoll.<\/p>\n<p>Suchst du nach einer weichen, nat\u00fcrlichen und vielseitigen Babyjacke? Dann ist die Lilano Wickeljacke aus Wolle eine perfekte Wahl. Sie bietet deinem Kind W\u00e4rme, Geborgenheit und Bewegungsfreiheit, w\u00e4hrend du auf Qualit\u00e4t und Nachhaltigkeit setzt.<\/p>","protected":false},"excerpt":{"rendered":"<p>Lilano wikkelvest van wol \u2013 zacht, warm en natuurlijk Het Lilano wikkelvest van wol is een onmisbaar kledingstuk voor baby\u2019s en jonge kinderen. Dankzij het praktische wikkelmodel trek je het vestje eenvoudig aan zonder dat het over het hoofdje hoeft. Dit maakt het vest ideaal voor pasgeborenen, die vaak gevoelig zijn voor aankleden. De handige [&hellip;]<\/p>\n","protected":false},"featured_media":3486,"comment_status":"open","ping_status":"closed","template":"","meta":[],"product_brand":[519],"product_cat":[588,46,47,48,16],"product_tag":[688,295],"class_list":{"0":"post-3549","1":"product","2":"type-product","3":"status-publish","4":"has-post-thumbnail","6":"product_brand-lilano","7":"product_cat-alles-van-wol-zijde","8":"product_cat-maat-62-68","9":"product_cat-maat-74-80","10":"product_cat-maat-86-82","11":"product_cat-newborn","12":"product_tag-wollen-vest-baby","13":"product_tag-wollen-wikkelvest","15":"first","16":"instock","17":"taxable","18":"shipping-taxable","19":"purchasable","20":"product-type-variable"},"yoast_head":"<!-- This site is optimized with the Yoast SEO plugin v27.4 - https:\/\/yoast.com\/product\/yoast-seo-wordpress\/ -->\n<title>Lilano wollen wikkelvest Groen | Castle Vernie Fashion Shop<\/title>\n<meta name=\"description\" content=\"Lilano wikkelvest van wol \u2013 zacht, warm en natuurlijk. Het Lilano wikkelvest van wol is een onmisbaar kledingstuk voor baby\u2019s en jonge kinderen. Dankzij...\" \/>\n<meta name=\"robots\" content=\"index, follow, max-snippet:-1, max-image-preview:large, max-video-preview:-1\" \/>\n<link rel=\"canonical\" href=\"https:\/\/www.castlevernie.nl\/de\/produkt\/lilano-wollen-wikkelvest-groen\/\" \/>\n<meta property=\"og:locale\" content=\"de_DE\" \/>\n<meta property=\"og:type\" content=\"article\" \/>\n<meta property=\"og:title\" content=\"Lilano wollen wikkelvest Groen | Castle Vernie Fashion Shop\" \/>\n<meta property=\"og:description\" content=\"Lilano wikkelvest van wol \u2013 zacht, warm en natuurlijk. Het Lilano wikkelvest van wol is een onmisbaar kledingstuk voor baby\u2019s en jonge kinderen. Dankzij...\" \/>\n<meta property=\"og:url\" content=\"https:\/\/www.castlevernie.nl\/de\/produkt\/lilano-wollen-wikkelvest-groen\/\" \/>\n<meta property=\"og:site_name\" content=\"Castle Vernie Fashion Shop\" \/>\n<meta property=\"article:publisher\" content=\"https:\/\/m.facebook.com\/Castle-Vernie-Fashion-Shop-110667857399440\" \/>\n<meta property=\"article:modified_time\" content=\"2025-12-02T08:35:22+00:00\" \/>\n<meta property=\"og:image\" content=\"https:\/\/www.castlevernie.nl\/wordpress\/wp-content\/uploads\/2022\/06\/lilano-vestjes.jpeg\" \/>\n\t<meta property=\"og:image:width\" content=\"640\" \/>\n\t<meta property=\"og:image:height\" content=\"478\" \/>\n\t<meta property=\"og:image:type\" content=\"image\/jpeg\" \/>\n<meta name=\"twitter:card\" content=\"summary_large_image\" \/>\n<meta name=\"twitter:label1\" content=\"Gesch\u00e4tzte Lesezeit\" \/>\n\t<meta name=\"twitter:data1\" content=\"2\u00a0Minuten\" \/>\n<script type=\"application\/ld+json\" class=\"yoast-schema-graph\">{\"@context\":\"https:\\\/\\\/schema.org\",\"@graph\":[{\"@type\":\"WebPage\",\"@id\":\"https:\\\/\\\/www.castlevernie.nl\\\/product\\\/lilano-wollen-wikkelvest-groen\\\/\",\"url\":\"https:\\\/\\\/www.castlevernie.nl\\\/product\\\/lilano-wollen-wikkelvest-groen\\\/\",\"name\":\"Lilano wollen wikkelvest Groen | Castle Vernie Fashion Shop\",\"isPartOf\":{\"@id\":\"https:\\\/\\\/www.castlevernie.nl\\\/#website\"},\"primaryImageOfPage\":{\"@id\":\"https:\\\/\\\/www.castlevernie.nl\\\/product\\\/lilano-wollen-wikkelvest-groen\\\/#primaryimage\"},\"image\":{\"@id\":\"https:\\\/\\\/www.castlevernie.nl\\\/product\\\/lilano-wollen-wikkelvest-groen\\\/#primaryimage\"},\"thumbnailUrl\":\"https:\\\/\\\/www.castlevernie.nl\\\/wordpress\\\/wp-content\\\/uploads\\\/2022\\\/06\\\/lilano-vestjes.jpeg\",\"datePublished\":\"2022-07-02T12:36:27+00:00\",\"dateModified\":\"2025-12-02T08:35:22+00:00\",\"description\":\"Lilano wikkelvest van wol \u2013 zacht, warm en natuurlijk. Het Lilano wikkelvest van wol is een onmisbaar kledingstuk voor baby\u2019s en jonge kinderen. Dankzij...\",\"breadcrumb\":{\"@id\":\"https:\\\/\\\/www.castlevernie.nl\\\/product\\\/lilano-wollen-wikkelvest-groen\\\/#breadcrumb\"},\"inLanguage\":\"de\",\"potentialAction\":[{\"@type\":\"ReadAction\",\"target\":[\"https:\\\/\\\/www.castlevernie.nl\\\/product\\\/lilano-wollen-wikkelvest-groen\\\/\"]}]},{\"@type\":\"ImageObject\",\"inLanguage\":\"de\",\"@id\":\"https:\\\/\\\/www.castlevernie.nl\\\/product\\\/lilano-wollen-wikkelvest-groen\\\/#primaryimage\",\"url\":\"https:\\\/\\\/www.castlevernie.nl\\\/wordpress\\\/wp-content\\\/uploads\\\/2022\\\/06\\\/lilano-vestjes.jpeg\",\"contentUrl\":\"https:\\\/\\\/www.castlevernie.nl\\\/wordpress\\\/wp-content\\\/uploads\\\/2022\\\/06\\\/lilano-vestjes.jpeg\",\"width\":640,\"height\":478},{\"@type\":\"BreadcrumbList\",\"@id\":\"https:\\\/\\\/www.castlevernie.nl\\\/product\\\/lilano-wollen-wikkelvest-groen\\\/#breadcrumb\",\"itemListElement\":[{\"@type\":\"ListItem\",\"position\":1,\"name\":\"Home\",\"item\":\"https:\\\/\\\/www.castlevernie.nl\\\/\"},{\"@type\":\"ListItem\",\"position\":2,\"name\":\"Winkel\",\"item\":\"https:\\\/\\\/www.castlevernie.nl\\\/winkel\\\/\"},{\"@type\":\"ListItem\",\"position\":3,\"name\":\"Lilano wollen wikkelvest Groen\"}]},{\"@type\":\"WebSite\",\"@id\":\"https:\\\/\\\/www.castlevernie.nl\\\/#website\",\"url\":\"https:\\\/\\\/www.castlevernie.nl\\\/\",\"name\":\"Castle Vernie Fashion Shop\",\"description\":\"\",\"publisher\":{\"@id\":\"https:\\\/\\\/www.castlevernie.nl\\\/#organization\"},\"potentialAction\":[{\"@type\":\"SearchAction\",\"target\":{\"@type\":\"EntryPoint\",\"urlTemplate\":\"https:\\\/\\\/www.castlevernie.nl\\\/?s={search_term_string}\"},\"query-input\":{\"@type\":\"PropertyValueSpecification\",\"valueRequired\":true,\"valueName\":\"search_term_string\"}}],\"inLanguage\":\"de\"},{\"@type\":\"Organization\",\"@id\":\"https:\\\/\\\/www.castlevernie.nl\\\/#organization\",\"name\":\"Castle Vernie\",\"url\":\"https:\\\/\\\/www.castlevernie.nl\\\/\",\"logo\":{\"@type\":\"ImageObject\",\"inLanguage\":\"de\",\"@id\":\"https:\\\/\\\/www.castlevernie.nl\\\/#\\\/schema\\\/logo\\\/image\\\/\",\"url\":\"https:\\\/\\\/www.castlevernie.nl\\\/wordpress\\\/wp-content\\\/uploads\\\/2025\\\/07\\\/header-logo-3.png\",\"contentUrl\":\"https:\\\/\\\/www.castlevernie.nl\\\/wordpress\\\/wp-content\\\/uploads\\\/2025\\\/07\\\/header-logo-3.png\",\"width\":780,\"height\":260,\"caption\":\"Castle Vernie\"},\"image\":{\"@id\":\"https:\\\/\\\/www.castlevernie.nl\\\/#\\\/schema\\\/logo\\\/image\\\/\"},\"sameAs\":[\"https:\\\/\\\/m.facebook.com\\\/Castle-Vernie-Fashion-Shop-110667857399440\"]}]}<\/script>\n<!-- \/ Yoast SEO plugin. -->","yoast_head_json":{"title":"Lilano wollen wikkelvest Groen | Castle Vernie Fashion Shop","description":"Lilano wikkelvest van wol \u2013 zacht, warm en natuurlijk. Het Lilano wikkelvest van wol is een onmisbaar kledingstuk voor baby\u2019s en jonge kinderen. Dankzij...","robots":{"index":"index","follow":"follow","max-snippet":"max-snippet:-1","max-image-preview":"max-image-preview:large","max-video-preview":"max-video-preview:-1"},"canonical":"https:\/\/www.castlevernie.nl\/de\/produkt\/lilano-wollen-wikkelvest-groen\/","og_locale":"de_DE","og_type":"article","og_title":"Lilano wollen wikkelvest Groen | Castle Vernie Fashion Shop","og_description":"Lilano wikkelvest van wol \u2013 zacht, warm en natuurlijk. Het Lilano wikkelvest van wol is een onmisbaar kledingstuk voor baby\u2019s en jonge kinderen. Dankzij...","og_url":"https:\/\/www.castlevernie.nl\/de\/produkt\/lilano-wollen-wikkelvest-groen\/","og_site_name":"Castle Vernie Fashion Shop","article_publisher":"https:\/\/m.facebook.com\/Castle-Vernie-Fashion-Shop-110667857399440","article_modified_time":"2025-12-02T08:35:22+00:00","og_image":[{"width":640,"height":478,"url":"https:\/\/www.castlevernie.nl\/wordpress\/wp-content\/uploads\/2022\/06\/lilano-vestjes.jpeg","type":"image\/jpeg"}],"twitter_card":"summary_large_image","twitter_misc":{"Gesch\u00e4tzte Lesezeit":"2\u00a0Minuten"},"schema":{"@context":"https:\/\/schema.org","@graph":[{"@type":"WebPage","@id":"https:\/\/www.castlevernie.nl\/product\/lilano-wollen-wikkelvest-groen\/","url":"https:\/\/www.castlevernie.nl\/product\/lilano-wollen-wikkelvest-groen\/","name":"Lilano wollen wikkelvest Groen | Castle Vernie Fashion Shop","isPartOf":{"@id":"https:\/\/www.castlevernie.nl\/#website"},"primaryImageOfPage":{"@id":"https:\/\/www.castlevernie.nl\/product\/lilano-wollen-wikkelvest-groen\/#primaryimage"},"image":{"@id":"https:\/\/www.castlevernie.nl\/product\/lilano-wollen-wikkelvest-groen\/#primaryimage"},"thumbnailUrl":"https:\/\/www.castlevernie.nl\/wordpress\/wp-content\/uploads\/2022\/06\/lilano-vestjes.jpeg","datePublished":"2022-07-02T12:36:27+00:00","dateModified":"2025-12-02T08:35:22+00:00","description":"Lilano wikkelvest van wol \u2013 zacht, warm en natuurlijk. Het Lilano wikkelvest van wol is een onmisbaar kledingstuk voor baby\u2019s en jonge kinderen. Dankzij...","breadcrumb":{"@id":"https:\/\/www.castlevernie.nl\/product\/lilano-wollen-wikkelvest-groen\/#breadcrumb"},"inLanguage":"de","potentialAction":[{"@type":"ReadAction","target":["https:\/\/www.castlevernie.nl\/product\/lilano-wollen-wikkelvest-groen\/"]}]},{"@type":"ImageObject","inLanguage":"de","@id":"https:\/\/www.castlevernie.nl\/product\/lilano-wollen-wikkelvest-groen\/#primaryimage","url":"https:\/\/www.castlevernie.nl\/wordpress\/wp-content\/uploads\/2022\/06\/lilano-vestjes.jpeg","contentUrl":"https:\/\/www.castlevernie.nl\/wordpress\/wp-content\/uploads\/2022\/06\/lilano-vestjes.jpeg","width":640,"height":478},{"@type":"BreadcrumbList","@id":"https:\/\/www.castlevernie.nl\/product\/lilano-wollen-wikkelvest-groen\/#breadcrumb","itemListElement":[{"@type":"ListItem","position":1,"name":"Home","item":"https:\/\/www.castlevernie.nl\/"},{"@type":"ListItem","position":2,"name":"Winkel","item":"https:\/\/www.castlevernie.nl\/winkel\/"},{"@type":"ListItem","position":3,"name":"Lilano wollen wikkelvest Groen"}]},{"@type":"WebSite","@id":"https:\/\/www.castlevernie.nl\/#website","url":"https:\/\/www.castlevernie.nl\/","name":"Schloss Vernie Modegesch\u00e4ft","description":"","publisher":{"@id":"https:\/\/www.castlevernie.nl\/#organization"},"potentialAction":[{"@type":"SearchAction","target":{"@type":"EntryPoint","urlTemplate":"https:\/\/www.castlevernie.nl\/?s={search_term_string}"},"query-input":{"@type":"PropertyValueSpecification","valueRequired":true,"valueName":"search_term_string"}}],"inLanguage":"de"},{"@type":"Organization","@id":"https:\/\/www.castlevernie.nl\/#organization","name":"Castle Vernie","url":"https:\/\/www.castlevernie.nl\/","logo":{"@type":"ImageObject","inLanguage":"de","@id":"https:\/\/www.castlevernie.nl\/#\/schema\/logo\/image\/","url":"https:\/\/www.castlevernie.nl\/wordpress\/wp-content\/uploads\/2025\/07\/header-logo-3.png","contentUrl":"https:\/\/www.castlevernie.nl\/wordpress\/wp-content\/uploads\/2025\/07\/header-logo-3.png","width":780,"height":260,"caption":"Castle Vernie"},"image":{"@id":"https:\/\/www.castlevernie.nl\/#\/schema\/logo\/image\/"},"sameAs":["https:\/\/m.facebook.com\/Castle-Vernie-Fashion-Shop-110667857399440"]}]}},"_links":{"self":[{"href":"https:\/\/www.castlevernie.nl\/de\/wp-json\/wp\/v2\/product\/3549","targetHints":{"allow":["GET"]}}],"collection":[{"href":"https:\/\/www.castlevernie.nl\/de\/wp-json\/wp\/v2\/product"}],"about":[{"href":"https:\/\/www.castlevernie.nl\/de\/wp-json\/wp\/v2\/types\/product"}],"replies":[{"embeddable":true,"href":"https:\/\/www.castlevernie.nl\/de\/wp-json\/wp\/v2\/comments?post=3549"}],"wp:featuredmedia":[{"embeddable":true,"href":"https:\/\/www.castlevernie.nl\/de\/wp-json\/wp\/v2\/media\/3486"}],"wp:attachment":[{"href":"https:\/\/www.castlevernie.nl\/de\/wp-json\/wp\/v2\/media?parent=3549"}],"wp:term":[{"taxonomy":"product_brand","embeddable":true,"href":"https:\/\/www.castlevernie.nl\/de\/wp-json\/wp\/v2\/product_brand?post=3549"},{"taxonomy":"product_cat","embeddable":true,"href":"https:\/\/www.castlevernie.nl\/de\/wp-json\/wp\/v2\/product_cat?post=3549"},{"taxonomy":"product_tag","embeddable":true,"href":"https:\/\/www.castlevernie.nl\/de\/wp-json\/wp\/v2\/product_tag?post=3549"}],"curies":[{"name":"wp","href":"https:\/\/api.w.org\/{rel}","templated":true}]}}