{"id":3150,"date":"2022-04-23T09:15:45","date_gmt":"2022-04-23T09:15:45","guid":{"rendered":"https:\/\/www.castlevernie.nl\/?post_type=product&#038;p=3150"},"modified":"2025-06-22T10:47:31","modified_gmt":"2025-06-22T10:47:31","slug":"little-empire-onesize-fleece-sio-veertjes","status":"publish","type":"product","link":"https:\/\/www.castlevernie.nl\/de\/produkt\/little-empire-onesize-fleece-sio-veertjes\/","title":{"rendered":"Little Empire OneSize Fleece Overbroekje takjes"},"content":{"rendered":"<p>Die \u00dcberhosen von Little Empire sind ebenfalls eine echte Empfehlung, wenn es um waschbare Windeln geht. So wie die Musselin- (Hydrophil-) Windeln sanfter f\u00fcr die Haut des Babys sind, wurde auch bei den \u00dcberhosen an den Komfort f\u00fcr die Haut des Babys gedacht. Denken Sie dabei an den R\u00fccken und die Beinchen.<\/p>\n<p>Die R\u00e4nder sind aus weichem Fleece und haben doppelte Auslaufkan\u00e4le. Die \u00dcberhose ist mit Druckkn\u00f6pfen ausgestattet, an denen gegebenenfalls Einlagen eingeklickt werden k\u00f6nnen, um so eine SIO-Windel zu schaffen.<\/p>\n<p>Little Empire bietet eine Vielzahl von Druckmustern, sowohl auf den hydrophilen (Mousseline) Windeln als auch auf den \u00dcberhosen.<\/p>\n<p>&nbsp;<\/p>","protected":false},"excerpt":{"rendered":"<p>De Overbroekjes van Little Empire is ook een echte aanrader als het gaat om wasbare luiers. Net zoals de mousseline (hydrofiel) luiers zachter zijn voor baby&#8217;s huidje, is ook bij de overbroekjes gedacht aan de comfortabelheid voor babys huidje. Denk hierbij aan de rug en de beentjes. De randjes zijn van zacht fleece en heeft [&hellip;]<\/p>\n","protected":false},"featured_media":3891,"comment_status":"open","ping_status":"closed","template":"","meta":[],"product_brand":[533],"product_cat":[25],"product_tag":[264,262,226,263],"class_list":{"0":"post-3150","1":"product","2":"type-product","3":"status-publish","4":"has-post-thumbnail","6":"product_brand-little-empire","7":"product_cat-overbroekjes","8":"product_tag-fleece-overbroekje","9":"product_tag-little-empire-sio","10":"product_tag-overbroekje-met-fleece","11":"product_tag-snap-in-one","13":"first","14":"instock","15":"taxable","16":"shipping-taxable","17":"purchasable","18":"product-type-simple"},"yoast_head":"<!-- This site is optimized with the Yoast SEO plugin v27.4 - https:\/\/yoast.com\/product\/yoast-seo-wordpress\/ -->\n<title>Little Empire OneSize Fleece Overbroekje takjes | Castle Vernie Fashion Shop<\/title>\n<meta name=\"description\" content=\"De SIO van Little Empire hebben zachte fleece randjes en is voorzien van 1 inlegger (4 laags) en trifold (2 laags)die je erin moet klikken.\" \/>\n<meta name=\"robots\" content=\"index, follow, max-snippet:-1, max-image-preview:large, max-video-preview:-1\" \/>\n<link rel=\"canonical\" href=\"https:\/\/www.castlevernie.nl\/de\/produkt\/little-empire-onesize-fleece-sio-veertjes\/\" \/>\n<meta property=\"og:locale\" content=\"de_DE\" \/>\n<meta property=\"og:type\" content=\"article\" \/>\n<meta property=\"og:title\" content=\"Little Empire OneSize Fleece Overbroekje takjes | Castle Vernie Fashion Shop\" \/>\n<meta property=\"og:description\" content=\"De SIO van Little Empire hebben zachte fleece randjes en is voorzien van 1 inlegger (4 laags) en trifold (2 laags)die je erin moet klikken.\" \/>\n<meta property=\"og:url\" content=\"https:\/\/www.castlevernie.nl\/de\/produkt\/little-empire-onesize-fleece-sio-veertjes\/\" \/>\n<meta property=\"og:site_name\" content=\"Castle Vernie Fashion Shop\" \/>\n<meta property=\"article:publisher\" content=\"https:\/\/m.facebook.com\/Castle-Vernie-Fashion-Shop-110667857399440\" \/>\n<meta property=\"article:modified_time\" content=\"2025-06-22T10:47:31+00:00\" \/>\n<meta property=\"og:image\" content=\"https:\/\/www.castlevernie.nl\/wordpress\/wp-content\/uploads\/2022\/04\/Little-Empire-SIO-Takjes.jpg\" \/>\n\t<meta property=\"og:image:width\" content=\"1080\" \/>\n\t<meta property=\"og:image:height\" content=\"1080\" \/>\n\t<meta property=\"og:image:type\" content=\"image\/jpeg\" \/>\n<meta name=\"twitter:card\" content=\"summary_large_image\" \/>\n<meta name=\"twitter:label1\" content=\"Gesch\u00e4tzte Lesezeit\" \/>\n\t<meta name=\"twitter:data1\" content=\"1\u00a0Minute\" \/>\n<script type=\"application\/ld+json\" class=\"yoast-schema-graph\">{\"@context\":\"https:\\\/\\\/schema.org\",\"@graph\":[{\"@type\":\"WebPage\",\"@id\":\"https:\\\/\\\/www.castlevernie.nl\\\/product\\\/little-empire-onesize-fleece-sio-veertjes\\\/\",\"url\":\"https:\\\/\\\/www.castlevernie.nl\\\/product\\\/little-empire-onesize-fleece-sio-veertjes\\\/\",\"name\":\"Little Empire OneSize Fleece Overbroekje takjes | Castle Vernie Fashion Shop\",\"isPartOf\":{\"@id\":\"https:\\\/\\\/www.castlevernie.nl\\\/#website\"},\"primaryImageOfPage\":{\"@id\":\"https:\\\/\\\/www.castlevernie.nl\\\/product\\\/little-empire-onesize-fleece-sio-veertjes\\\/#primaryimage\"},\"image\":{\"@id\":\"https:\\\/\\\/www.castlevernie.nl\\\/product\\\/little-empire-onesize-fleece-sio-veertjes\\\/#primaryimage\"},\"thumbnailUrl\":\"https:\\\/\\\/www.castlevernie.nl\\\/wordpress\\\/wp-content\\\/uploads\\\/2022\\\/04\\\/Little-Empire-SIO-Takjes.jpg\",\"datePublished\":\"2022-04-23T09:15:45+00:00\",\"dateModified\":\"2025-06-22T10:47:31+00:00\",\"description\":\"De SIO van Little Empire hebben zachte fleece randjes en is voorzien van 1 inlegger (4 laags) en trifold (2 laags)die je erin moet klikken.\",\"breadcrumb\":{\"@id\":\"https:\\\/\\\/www.castlevernie.nl\\\/product\\\/little-empire-onesize-fleece-sio-veertjes\\\/#breadcrumb\"},\"inLanguage\":\"de\",\"potentialAction\":[{\"@type\":\"ReadAction\",\"target\":[\"https:\\\/\\\/www.castlevernie.nl\\\/product\\\/little-empire-onesize-fleece-sio-veertjes\\\/\"]}]},{\"@type\":\"ImageObject\",\"inLanguage\":\"de\",\"@id\":\"https:\\\/\\\/www.castlevernie.nl\\\/product\\\/little-empire-onesize-fleece-sio-veertjes\\\/#primaryimage\",\"url\":\"https:\\\/\\\/www.castlevernie.nl\\\/wordpress\\\/wp-content\\\/uploads\\\/2022\\\/04\\\/Little-Empire-SIO-Takjes.jpg\",\"contentUrl\":\"https:\\\/\\\/www.castlevernie.nl\\\/wordpress\\\/wp-content\\\/uploads\\\/2022\\\/04\\\/Little-Empire-SIO-Takjes.jpg\",\"width\":1080,\"height\":1080},{\"@type\":\"BreadcrumbList\",\"@id\":\"https:\\\/\\\/www.castlevernie.nl\\\/product\\\/little-empire-onesize-fleece-sio-veertjes\\\/#breadcrumb\",\"itemListElement\":[{\"@type\":\"ListItem\",\"position\":1,\"name\":\"Home\",\"item\":\"https:\\\/\\\/www.castlevernie.nl\\\/\"},{\"@type\":\"ListItem\",\"position\":2,\"name\":\"Winkel\",\"item\":\"https:\\\/\\\/www.castlevernie.nl\\\/winkel\\\/\"},{\"@type\":\"ListItem\",\"position\":3,\"name\":\"Little Empire OneSize Fleece Overbroekje takjes\"}]},{\"@type\":\"WebSite\",\"@id\":\"https:\\\/\\\/www.castlevernie.nl\\\/#website\",\"url\":\"https:\\\/\\\/www.castlevernie.nl\\\/\",\"name\":\"Castle Vernie Fashion Shop\",\"description\":\"\",\"publisher\":{\"@id\":\"https:\\\/\\\/www.castlevernie.nl\\\/#organization\"},\"potentialAction\":[{\"@type\":\"SearchAction\",\"target\":{\"@type\":\"EntryPoint\",\"urlTemplate\":\"https:\\\/\\\/www.castlevernie.nl\\\/?s={search_term_string}\"},\"query-input\":{\"@type\":\"PropertyValueSpecification\",\"valueRequired\":true,\"valueName\":\"search_term_string\"}}],\"inLanguage\":\"de\"},{\"@type\":\"Organization\",\"@id\":\"https:\\\/\\\/www.castlevernie.nl\\\/#organization\",\"name\":\"Castle Vernie\",\"url\":\"https:\\\/\\\/www.castlevernie.nl\\\/\",\"logo\":{\"@type\":\"ImageObject\",\"inLanguage\":\"de\",\"@id\":\"https:\\\/\\\/www.castlevernie.nl\\\/#\\\/schema\\\/logo\\\/image\\\/\",\"url\":\"https:\\\/\\\/www.castlevernie.nl\\\/wordpress\\\/wp-content\\\/uploads\\\/2025\\\/07\\\/header-logo-3.png\",\"contentUrl\":\"https:\\\/\\\/www.castlevernie.nl\\\/wordpress\\\/wp-content\\\/uploads\\\/2025\\\/07\\\/header-logo-3.png\",\"width\":780,\"height\":260,\"caption\":\"Castle Vernie\"},\"image\":{\"@id\":\"https:\\\/\\\/www.castlevernie.nl\\\/#\\\/schema\\\/logo\\\/image\\\/\"},\"sameAs\":[\"https:\\\/\\\/m.facebook.com\\\/Castle-Vernie-Fashion-Shop-110667857399440\"]}]}<\/script>\n<!-- \/ Yoast SEO plugin. -->","yoast_head_json":{"title":"Little Empire OneSize Fleece Overbroekje takjes | Castle Vernie Fashion Shop","description":"De SIO van Little Empire hebben zachte fleece randjes en is voorzien van 1 inlegger (4 laags) en trifold (2 laags)die je erin moet klikken.","robots":{"index":"index","follow":"follow","max-snippet":"max-snippet:-1","max-image-preview":"max-image-preview:large","max-video-preview":"max-video-preview:-1"},"canonical":"https:\/\/www.castlevernie.nl\/de\/produkt\/little-empire-onesize-fleece-sio-veertjes\/","og_locale":"de_DE","og_type":"article","og_title":"Little Empire OneSize Fleece Overbroekje takjes | Castle Vernie Fashion Shop","og_description":"De SIO van Little Empire hebben zachte fleece randjes en is voorzien van 1 inlegger (4 laags) en trifold (2 laags)die je erin moet klikken.","og_url":"https:\/\/www.castlevernie.nl\/de\/produkt\/little-empire-onesize-fleece-sio-veertjes\/","og_site_name":"Castle Vernie Fashion Shop","article_publisher":"https:\/\/m.facebook.com\/Castle-Vernie-Fashion-Shop-110667857399440","article_modified_time":"2025-06-22T10:47:31+00:00","og_image":[{"width":1080,"height":1080,"url":"https:\/\/www.castlevernie.nl\/wordpress\/wp-content\/uploads\/2022\/04\/Little-Empire-SIO-Takjes.jpg","type":"image\/jpeg"}],"twitter_card":"summary_large_image","twitter_misc":{"Gesch\u00e4tzte Lesezeit":"1\u00a0Minute"},"schema":{"@context":"https:\/\/schema.org","@graph":[{"@type":"WebPage","@id":"https:\/\/www.castlevernie.nl\/product\/little-empire-onesize-fleece-sio-veertjes\/","url":"https:\/\/www.castlevernie.nl\/product\/little-empire-onesize-fleece-sio-veertjes\/","name":"Little Empire OneSize Fleece Overbroekje takjes | Castle Vernie Fashion Shop","isPartOf":{"@id":"https:\/\/www.castlevernie.nl\/#website"},"primaryImageOfPage":{"@id":"https:\/\/www.castlevernie.nl\/product\/little-empire-onesize-fleece-sio-veertjes\/#primaryimage"},"image":{"@id":"https:\/\/www.castlevernie.nl\/product\/little-empire-onesize-fleece-sio-veertjes\/#primaryimage"},"thumbnailUrl":"https:\/\/www.castlevernie.nl\/wordpress\/wp-content\/uploads\/2022\/04\/Little-Empire-SIO-Takjes.jpg","datePublished":"2022-04-23T09:15:45+00:00","dateModified":"2025-06-22T10:47:31+00:00","description":"De SIO van Little Empire hebben zachte fleece randjes en is voorzien van 1 inlegger (4 laags) en trifold (2 laags)die je erin moet klikken.","breadcrumb":{"@id":"https:\/\/www.castlevernie.nl\/product\/little-empire-onesize-fleece-sio-veertjes\/#breadcrumb"},"inLanguage":"de","potentialAction":[{"@type":"ReadAction","target":["https:\/\/www.castlevernie.nl\/product\/little-empire-onesize-fleece-sio-veertjes\/"]}]},{"@type":"ImageObject","inLanguage":"de","@id":"https:\/\/www.castlevernie.nl\/product\/little-empire-onesize-fleece-sio-veertjes\/#primaryimage","url":"https:\/\/www.castlevernie.nl\/wordpress\/wp-content\/uploads\/2022\/04\/Little-Empire-SIO-Takjes.jpg","contentUrl":"https:\/\/www.castlevernie.nl\/wordpress\/wp-content\/uploads\/2022\/04\/Little-Empire-SIO-Takjes.jpg","width":1080,"height":1080},{"@type":"BreadcrumbList","@id":"https:\/\/www.castlevernie.nl\/product\/little-empire-onesize-fleece-sio-veertjes\/#breadcrumb","itemListElement":[{"@type":"ListItem","position":1,"name":"Home","item":"https:\/\/www.castlevernie.nl\/"},{"@type":"ListItem","position":2,"name":"Winkel","item":"https:\/\/www.castlevernie.nl\/winkel\/"},{"@type":"ListItem","position":3,"name":"Little Empire OneSize Fleece Overbroekje takjes"}]},{"@type":"WebSite","@id":"https:\/\/www.castlevernie.nl\/#website","url":"https:\/\/www.castlevernie.nl\/","name":"Schloss Vernie Modegesch\u00e4ft","description":"","publisher":{"@id":"https:\/\/www.castlevernie.nl\/#organization"},"potentialAction":[{"@type":"SearchAction","target":{"@type":"EntryPoint","urlTemplate":"https:\/\/www.castlevernie.nl\/?s={search_term_string}"},"query-input":{"@type":"PropertyValueSpecification","valueRequired":true,"valueName":"search_term_string"}}],"inLanguage":"de"},{"@type":"Organization","@id":"https:\/\/www.castlevernie.nl\/#organization","name":"Castle Vernie","url":"https:\/\/www.castlevernie.nl\/","logo":{"@type":"ImageObject","inLanguage":"de","@id":"https:\/\/www.castlevernie.nl\/#\/schema\/logo\/image\/","url":"https:\/\/www.castlevernie.nl\/wordpress\/wp-content\/uploads\/2025\/07\/header-logo-3.png","contentUrl":"https:\/\/www.castlevernie.nl\/wordpress\/wp-content\/uploads\/2025\/07\/header-logo-3.png","width":780,"height":260,"caption":"Castle Vernie"},"image":{"@id":"https:\/\/www.castlevernie.nl\/#\/schema\/logo\/image\/"},"sameAs":["https:\/\/m.facebook.com\/Castle-Vernie-Fashion-Shop-110667857399440"]}]}},"_links":{"self":[{"href":"https:\/\/www.castlevernie.nl\/de\/wp-json\/wp\/v2\/product\/3150","targetHints":{"allow":["GET"]}}],"collection":[{"href":"https:\/\/www.castlevernie.nl\/de\/wp-json\/wp\/v2\/product"}],"about":[{"href":"https:\/\/www.castlevernie.nl\/de\/wp-json\/wp\/v2\/types\/product"}],"replies":[{"embeddable":true,"href":"https:\/\/www.castlevernie.nl\/de\/wp-json\/wp\/v2\/comments?post=3150"}],"wp:featuredmedia":[{"embeddable":true,"href":"https:\/\/www.castlevernie.nl\/de\/wp-json\/wp\/v2\/media\/3891"}],"wp:attachment":[{"href":"https:\/\/www.castlevernie.nl\/de\/wp-json\/wp\/v2\/media?parent=3150"}],"wp:term":[{"taxonomy":"product_brand","embeddable":true,"href":"https:\/\/www.castlevernie.nl\/de\/wp-json\/wp\/v2\/product_brand?post=3150"},{"taxonomy":"product_cat","embeddable":true,"href":"https:\/\/www.castlevernie.nl\/de\/wp-json\/wp\/v2\/product_cat?post=3150"},{"taxonomy":"product_tag","embeddable":true,"href":"https:\/\/www.castlevernie.nl\/de\/wp-json\/wp\/v2\/product_tag?post=3150"}],"curies":[{"name":"wp","href":"https:\/\/api.w.org\/{rel}","templated":true}]}}