{"id":264,"date":"2020-08-23T06:12:46","date_gmt":"2020-08-23T06:12:46","guid":{"rendered":"http:\/\/www.castlevernie.nl\/?post_type=product&#038;p=264"},"modified":"2025-06-13T17:07:10","modified_gmt":"2025-06-13T17:07:10","slug":"castle-vernie-wasbare-luier-royal-blue","status":"publish","type":"product","link":"https:\/\/www.castlevernie.nl\/de\/produkt\/castle-vernie-wasbare-luier-royal-blue\/","title":{"rendered":"Castle Vernie Starterpaket Royal Blue"},"content":{"rendered":"<p dir=\"auto\" data-pm-slice=\"1 1 []\">Castle Vernie Starterpaket Royal Blue<\/p>\n<p dir=\"auto\" data-pm-slice=\"1 1 []\">Castle Vernie waschbare Windeln sind die perfekte L\u00f6sung f\u00fcr besch\u00e4ftigte Eltern. Unsere Windeln bestehen aus den weichsten und sichersten Materialien und sind nachhaltig und zuverl\u00e4ssig, sodass Ihr Kleines den ganzen Tag \u00fcber bequem sitzt. Au\u00dferdem ist jede Windel wiederverwendbar und maschinenwaschbar.<\/p>\n<p dir=\"auto\">Holen Sie das Beste aus zwei Welten mit den waschbaren Windeln von Castle Vernie. Unsere umweltfreundlichen, chemiefreien Windeln bestehen aus nat\u00fcrlichen Fasern f\u00fcr Atmungsaktivit\u00e4t und Komfort. Dar\u00fcber hinaus h\u00e4lt unser auslaufsicheres Design Ihre Kleinen den ganzen Tag trocken.<\/p>\n<p dir=\"auto\" data-pm-slice=\"1 1 []\">Castle Vernie waschbare Windeln sind die perfekte L\u00f6sung f\u00fcr besch\u00e4ftigte Eltern. Unsere Windeln bestehen aus den weichsten und sichersten Materialien und sind nachhaltig und zuverl\u00e4ssig, sodass Ihr Kleines den ganzen Tag \u00fcber bequem sitzt. Au\u00dferdem ist jede Windel wiederverwendbar und maschinenwaschbar.<\/p>\n<p dir=\"auto\">Holen Sie das Beste aus zwei Welten mit den waschbaren Windeln von Castle Vernie. Unsere umweltfreundlichen, chemiefreien Windeln bestehen aus nat\u00fcrlichen Fasern f\u00fcr Atmungsaktivit\u00e4t und Komfort. Dar\u00fcber hinaus h\u00e4lt unser auslaufsicheres Design Ihre Kleinen den ganzen Tag trocken.<\/p>\n<p dir=\"auto\">Die waschbare Windel Castle Vernie in Royal Blue ist die perfekte Wahl f\u00fcr besch\u00e4ftigte, umweltbewusste Eltern. Unsere wiederverwendbaren Baumwollwindeln sind so konzipiert, dass sie mehrere Waschg\u00e4nge \u00fcberstehen, und verf\u00fcgen \u00fcber eine verstellbare Gr\u00f6\u00dfe f\u00fcr eine gute und bequeme Passform. Unsere Windeln sind in lustigen Drucken und Mustern erh\u00e4ltlich.<\/p>\n<p dir=\"auto\">Sorge f\u00fcr die perfekte Passform f\u00fcr dein Baby mit den waschbaren Windeln von Castle Vernie. Unsere wiederverwendbaren Windeln sind weich und bequem, aus nat\u00fcrlichen Materialien wie Bio-Baumwolle und Bambus gefertigt. Spare Geld und sch\u00fctze die Umwelt \u2013 kaufe jetzt Castle Vernie Windeln!<\/p>\n<p dir=\"auto\">Castle Vernie wasbare luiers zijn ontworpen om je baby comfortabel en droog te houden. Onze luiers zijn gemaakt van zachte, ademende stof en hebben verstelbare drukknopen voor een perfecte pasvorm. Bovendien zijn ze gemakkelijk schoon te maken en opnieuw te gebruiken, zodat u geld kunt besparen<\/p>\n<p>Eine wundersch\u00f6ne Windel aus 55% Bambus und 45% Bio-Baumwolle.<\/p>\n<p>Baumwolle sorgt f\u00fcr eine schnelle Aufnahme und Bambus sorgt daf\u00fcr, dass viel Feuchtigkeit aufgenommen werden kann. Ideal f\u00fcr Babys, die gr\u00f6\u00dfere Pf\u00fctzen machen.<\/p>\n<p>Gr\u00f6\u00dfe L ist f\u00fcr Babys ab 6 Monaten und kann bis zur Sauberkeit verwendet werden. Abh\u00e4ngig von der Statur Ihres Kindes. Die Windel kann nicht verkleinert werden.<\/p>\n<p>Das Starterpaket besteht aus 3 Windeln mit einer \u00dcberhose.<\/p>\n<p>&nbsp;<\/p>","protected":false},"excerpt":{"rendered":"<p>Castle Vernie starterpakket Royal Blue Castle Vernie wasbare luiers zijn de perfecte oplossing voor drukke ouders. Onze luiers zijn gemaakt van de zachtste en veiligste materialen en zijn duurzaam en betrouwbaar, waardoor je kleintje de hele dag comfortabel zit. Bovendien is elke luier herbruikbaar en machinewasbaar Haal het beste uit twee werelden met de wasbare [&hellip;]<\/p>\n","protected":false},"featured_media":3275,"comment_status":"open","ping_status":"closed","template":"","meta":[],"product_brand":[529],"product_cat":[376],"product_tag":[],"class_list":{"0":"post-264","1":"product","2":"type-product","3":"status-publish","4":"has-post-thumbnail","6":"product_brand-castle-vernie","7":"product_cat-fitted","9":"first","10":"instock","11":"taxable","12":"shipping-taxable","13":"purchasable","14":"product-type-simple"},"yoast_head":"<!-- This site is optimized with the Yoast SEO plugin v27.5 - https:\/\/yoast.com\/product\/yoast-seo-wordpress\/ -->\n<title>Castle Vernie starterpakket Royal Blue | De slankste wasbare luier<\/title>\n<meta name=\"description\" content=\"Castle Vernie wasbare luier Royal Blue = wasbare luiers die hygi\u00ebnisch, zuinig en milieuvriendelijk zijn. De slankste luier voor je kleintje\" \/>\n<meta name=\"robots\" content=\"index, follow, max-snippet:-1, max-image-preview:large, max-video-preview:-1\" \/>\n<link rel=\"canonical\" href=\"https:\/\/www.castlevernie.nl\/de\/produkt\/castle-vernie-wasbare-luier-royal-blue\/\" \/>\n<meta property=\"og:locale\" content=\"de_DE\" \/>\n<meta property=\"og:type\" content=\"article\" \/>\n<meta property=\"og:title\" content=\"Castle Vernie starterpakket Royal Blue | De slankste wasbare luier\" \/>\n<meta property=\"og:description\" content=\"Castle Vernie wasbare luier Royal Blue = wasbare luiers die hygi\u00ebnisch, zuinig en milieuvriendelijk zijn. De slankste luier voor je kleintje\" \/>\n<meta property=\"og:url\" content=\"https:\/\/www.castlevernie.nl\/de\/produkt\/castle-vernie-wasbare-luier-royal-blue\/\" \/>\n<meta property=\"og:site_name\" content=\"Castle Vernie Fashion Shop\" \/>\n<meta property=\"article:publisher\" content=\"https:\/\/m.facebook.com\/Castle-Vernie-Fashion-Shop-110667857399440\" \/>\n<meta property=\"article:modified_time\" content=\"2025-06-13T17:07:10+00:00\" \/>\n<meta property=\"og:image\" content=\"https:\/\/www.castlevernie.nl\/wordpress\/wp-content\/uploads\/2020\/08\/CV-Luier-Royal-Blue.jpg\" \/>\n\t<meta property=\"og:image:width\" content=\"671\" \/>\n\t<meta property=\"og:image:height\" content=\"470\" \/>\n\t<meta property=\"og:image:type\" content=\"image\/jpeg\" \/>\n<meta name=\"twitter:card\" content=\"summary_large_image\" \/>\n<meta name=\"twitter:label1\" content=\"Gesch\u00e4tzte Lesezeit\" \/>\n\t<meta name=\"twitter:data1\" content=\"3\u00a0Minuten\" \/>\n<script type=\"application\/ld+json\" class=\"yoast-schema-graph\">{\"@context\":\"https:\\\/\\\/schema.org\",\"@graph\":[{\"@type\":\"WebPage\",\"@id\":\"https:\\\/\\\/www.castlevernie.nl\\\/product\\\/castle-vernie-wasbare-luier-royal-blue\\\/\",\"url\":\"https:\\\/\\\/www.castlevernie.nl\\\/product\\\/castle-vernie-wasbare-luier-royal-blue\\\/\",\"name\":\"Castle Vernie starterpakket Royal Blue | De slankste wasbare luier\",\"isPartOf\":{\"@id\":\"https:\\\/\\\/www.castlevernie.nl\\\/#website\"},\"primaryImageOfPage\":{\"@id\":\"https:\\\/\\\/www.castlevernie.nl\\\/product\\\/castle-vernie-wasbare-luier-royal-blue\\\/#primaryimage\"},\"image\":{\"@id\":\"https:\\\/\\\/www.castlevernie.nl\\\/product\\\/castle-vernie-wasbare-luier-royal-blue\\\/#primaryimage\"},\"thumbnailUrl\":\"https:\\\/\\\/www.castlevernie.nl\\\/wordpress\\\/wp-content\\\/uploads\\\/2020\\\/08\\\/CV-Luier-Royal-Blue.jpg\",\"datePublished\":\"2020-08-23T06:12:46+00:00\",\"dateModified\":\"2025-06-13T17:07:10+00:00\",\"description\":\"Castle Vernie wasbare luier Royal Blue = wasbare luiers die hygi\u00ebnisch, zuinig en milieuvriendelijk zijn. De slankste luier voor je kleintje\",\"breadcrumb\":{\"@id\":\"https:\\\/\\\/www.castlevernie.nl\\\/product\\\/castle-vernie-wasbare-luier-royal-blue\\\/#breadcrumb\"},\"inLanguage\":\"de\",\"potentialAction\":[{\"@type\":\"ReadAction\",\"target\":[\"https:\\\/\\\/www.castlevernie.nl\\\/product\\\/castle-vernie-wasbare-luier-royal-blue\\\/\"]}]},{\"@type\":\"ImageObject\",\"inLanguage\":\"de\",\"@id\":\"https:\\\/\\\/www.castlevernie.nl\\\/product\\\/castle-vernie-wasbare-luier-royal-blue\\\/#primaryimage\",\"url\":\"https:\\\/\\\/www.castlevernie.nl\\\/wordpress\\\/wp-content\\\/uploads\\\/2020\\\/08\\\/CV-Luier-Royal-Blue.jpg\",\"contentUrl\":\"https:\\\/\\\/www.castlevernie.nl\\\/wordpress\\\/wp-content\\\/uploads\\\/2020\\\/08\\\/CV-Luier-Royal-Blue.jpg\",\"width\":671,\"height\":470,\"caption\":\"fitted luier\"},{\"@type\":\"BreadcrumbList\",\"@id\":\"https:\\\/\\\/www.castlevernie.nl\\\/product\\\/castle-vernie-wasbare-luier-royal-blue\\\/#breadcrumb\",\"itemListElement\":[{\"@type\":\"ListItem\",\"position\":1,\"name\":\"Home\",\"item\":\"https:\\\/\\\/www.castlevernie.nl\\\/\"},{\"@type\":\"ListItem\",\"position\":2,\"name\":\"Winkel\",\"item\":\"https:\\\/\\\/www.castlevernie.nl\\\/winkel\\\/\"},{\"@type\":\"ListItem\",\"position\":3,\"name\":\"Castle Vernie starterpakket Royal Blue\"}]},{\"@type\":\"WebSite\",\"@id\":\"https:\\\/\\\/www.castlevernie.nl\\\/#website\",\"url\":\"https:\\\/\\\/www.castlevernie.nl\\\/\",\"name\":\"Castle Vernie Fashion Shop\",\"description\":\"\",\"publisher\":{\"@id\":\"https:\\\/\\\/www.castlevernie.nl\\\/#organization\"},\"potentialAction\":[{\"@type\":\"SearchAction\",\"target\":{\"@type\":\"EntryPoint\",\"urlTemplate\":\"https:\\\/\\\/www.castlevernie.nl\\\/?s={search_term_string}\"},\"query-input\":{\"@type\":\"PropertyValueSpecification\",\"valueRequired\":true,\"valueName\":\"search_term_string\"}}],\"inLanguage\":\"de\"},{\"@type\":\"Organization\",\"@id\":\"https:\\\/\\\/www.castlevernie.nl\\\/#organization\",\"name\":\"Castle Vernie\",\"url\":\"https:\\\/\\\/www.castlevernie.nl\\\/\",\"logo\":{\"@type\":\"ImageObject\",\"inLanguage\":\"de\",\"@id\":\"https:\\\/\\\/www.castlevernie.nl\\\/#\\\/schema\\\/logo\\\/image\\\/\",\"url\":\"https:\\\/\\\/www.castlevernie.nl\\\/wordpress\\\/wp-content\\\/uploads\\\/2025\\\/07\\\/header-logo-3.png\",\"contentUrl\":\"https:\\\/\\\/www.castlevernie.nl\\\/wordpress\\\/wp-content\\\/uploads\\\/2025\\\/07\\\/header-logo-3.png\",\"width\":780,\"height\":260,\"caption\":\"Castle Vernie\"},\"image\":{\"@id\":\"https:\\\/\\\/www.castlevernie.nl\\\/#\\\/schema\\\/logo\\\/image\\\/\"},\"sameAs\":[\"https:\\\/\\\/m.facebook.com\\\/Castle-Vernie-Fashion-Shop-110667857399440\"]}]}<\/script>\n<!-- \/ Yoast SEO plugin. -->","yoast_head_json":{"title":"Castle Vernie starterpakket Royal Blue | De slankste wasbare luier","description":"Castle Vernie wasbare luier Royal Blue = wasbare luiers die hygi\u00ebnisch, zuinig en milieuvriendelijk zijn. De slankste luier voor je kleintje","robots":{"index":"index","follow":"follow","max-snippet":"max-snippet:-1","max-image-preview":"max-image-preview:large","max-video-preview":"max-video-preview:-1"},"canonical":"https:\/\/www.castlevernie.nl\/de\/produkt\/castle-vernie-wasbare-luier-royal-blue\/","og_locale":"de_DE","og_type":"article","og_title":"Castle Vernie starterpakket Royal Blue | De slankste wasbare luier","og_description":"Castle Vernie wasbare luier Royal Blue = wasbare luiers die hygi\u00ebnisch, zuinig en milieuvriendelijk zijn. De slankste luier voor je kleintje","og_url":"https:\/\/www.castlevernie.nl\/de\/produkt\/castle-vernie-wasbare-luier-royal-blue\/","og_site_name":"Castle Vernie Fashion Shop","article_publisher":"https:\/\/m.facebook.com\/Castle-Vernie-Fashion-Shop-110667857399440","article_modified_time":"2025-06-13T17:07:10+00:00","og_image":[{"width":671,"height":470,"url":"https:\/\/www.castlevernie.nl\/wordpress\/wp-content\/uploads\/2020\/08\/CV-Luier-Royal-Blue.jpg","type":"image\/jpeg"}],"twitter_card":"summary_large_image","twitter_misc":{"Gesch\u00e4tzte Lesezeit":"3\u00a0Minuten"},"schema":{"@context":"https:\/\/schema.org","@graph":[{"@type":"WebPage","@id":"https:\/\/www.castlevernie.nl\/product\/castle-vernie-wasbare-luier-royal-blue\/","url":"https:\/\/www.castlevernie.nl\/product\/castle-vernie-wasbare-luier-royal-blue\/","name":"Castle Vernie starterpakket Royal Blue | De slankste wasbare luier","isPartOf":{"@id":"https:\/\/www.castlevernie.nl\/#website"},"primaryImageOfPage":{"@id":"https:\/\/www.castlevernie.nl\/product\/castle-vernie-wasbare-luier-royal-blue\/#primaryimage"},"image":{"@id":"https:\/\/www.castlevernie.nl\/product\/castle-vernie-wasbare-luier-royal-blue\/#primaryimage"},"thumbnailUrl":"https:\/\/www.castlevernie.nl\/wordpress\/wp-content\/uploads\/2020\/08\/CV-Luier-Royal-Blue.jpg","datePublished":"2020-08-23T06:12:46+00:00","dateModified":"2025-06-13T17:07:10+00:00","description":"Castle Vernie wasbare luier Royal Blue = wasbare luiers die hygi\u00ebnisch, zuinig en milieuvriendelijk zijn. De slankste luier voor je kleintje","breadcrumb":{"@id":"https:\/\/www.castlevernie.nl\/product\/castle-vernie-wasbare-luier-royal-blue\/#breadcrumb"},"inLanguage":"de","potentialAction":[{"@type":"ReadAction","target":["https:\/\/www.castlevernie.nl\/product\/castle-vernie-wasbare-luier-royal-blue\/"]}]},{"@type":"ImageObject","inLanguage":"de","@id":"https:\/\/www.castlevernie.nl\/product\/castle-vernie-wasbare-luier-royal-blue\/#primaryimage","url":"https:\/\/www.castlevernie.nl\/wordpress\/wp-content\/uploads\/2020\/08\/CV-Luier-Royal-Blue.jpg","contentUrl":"https:\/\/www.castlevernie.nl\/wordpress\/wp-content\/uploads\/2020\/08\/CV-Luier-Royal-Blue.jpg","width":671,"height":470,"caption":"fitted luier"},{"@type":"BreadcrumbList","@id":"https:\/\/www.castlevernie.nl\/product\/castle-vernie-wasbare-luier-royal-blue\/#breadcrumb","itemListElement":[{"@type":"ListItem","position":1,"name":"Home","item":"https:\/\/www.castlevernie.nl\/"},{"@type":"ListItem","position":2,"name":"Winkel","item":"https:\/\/www.castlevernie.nl\/winkel\/"},{"@type":"ListItem","position":3,"name":"Castle Vernie starterpakket Royal Blue"}]},{"@type":"WebSite","@id":"https:\/\/www.castlevernie.nl\/#website","url":"https:\/\/www.castlevernie.nl\/","name":"Schloss Vernie Modegesch\u00e4ft","description":"","publisher":{"@id":"https:\/\/www.castlevernie.nl\/#organization"},"potentialAction":[{"@type":"SearchAction","target":{"@type":"EntryPoint","urlTemplate":"https:\/\/www.castlevernie.nl\/?s={search_term_string}"},"query-input":{"@type":"PropertyValueSpecification","valueRequired":true,"valueName":"search_term_string"}}],"inLanguage":"de"},{"@type":"Organization","@id":"https:\/\/www.castlevernie.nl\/#organization","name":"Castle Vernie","url":"https:\/\/www.castlevernie.nl\/","logo":{"@type":"ImageObject","inLanguage":"de","@id":"https:\/\/www.castlevernie.nl\/#\/schema\/logo\/image\/","url":"https:\/\/www.castlevernie.nl\/wordpress\/wp-content\/uploads\/2025\/07\/header-logo-3.png","contentUrl":"https:\/\/www.castlevernie.nl\/wordpress\/wp-content\/uploads\/2025\/07\/header-logo-3.png","width":780,"height":260,"caption":"Castle Vernie"},"image":{"@id":"https:\/\/www.castlevernie.nl\/#\/schema\/logo\/image\/"},"sameAs":["https:\/\/m.facebook.com\/Castle-Vernie-Fashion-Shop-110667857399440"]}]}},"_links":{"self":[{"href":"https:\/\/www.castlevernie.nl\/de\/wp-json\/wp\/v2\/product\/264","targetHints":{"allow":["GET"]}}],"collection":[{"href":"https:\/\/www.castlevernie.nl\/de\/wp-json\/wp\/v2\/product"}],"about":[{"href":"https:\/\/www.castlevernie.nl\/de\/wp-json\/wp\/v2\/types\/product"}],"replies":[{"embeddable":true,"href":"https:\/\/www.castlevernie.nl\/de\/wp-json\/wp\/v2\/comments?post=264"}],"wp:featuredmedia":[{"embeddable":true,"href":"https:\/\/www.castlevernie.nl\/de\/wp-json\/wp\/v2\/media\/3275"}],"wp:attachment":[{"href":"https:\/\/www.castlevernie.nl\/de\/wp-json\/wp\/v2\/media?parent=264"}],"wp:term":[{"taxonomy":"product_brand","embeddable":true,"href":"https:\/\/www.castlevernie.nl\/de\/wp-json\/wp\/v2\/product_brand?post=264"},{"taxonomy":"product_cat","embeddable":true,"href":"https:\/\/www.castlevernie.nl\/de\/wp-json\/wp\/v2\/product_cat?post=264"},{"taxonomy":"product_tag","embeddable":true,"href":"https:\/\/www.castlevernie.nl\/de\/wp-json\/wp\/v2\/product_tag?post=264"}],"curies":[{"name":"wp","href":"https:\/\/api.w.org\/{rel}","templated":true}]}}