{"id":1813,"date":"2021-05-15T07:17:42","date_gmt":"2021-05-15T07:17:42","guid":{"rendered":"https:\/\/www.castlevernie.nl\/?post_type=product&#038;p=1813"},"modified":"2025-09-13T19:36:07","modified_gmt":"2025-09-13T19:36:07","slug":"engel-newborn-slaapzak-van-wolfrottee","status":"publish","type":"product","link":"https:\/\/www.castlevernie.nl\/de\/produkt\/engel-newborn-slaapzak-van-wolfrottee\/","title":{"rendered":"Engel Natur Schlafsack aus Wolfrotte"},"content":{"rendered":"<p>Ein sehr sch\u00f6ner Schlafsack f\u00fcr ein neugeborenes Baby. Der Schlafsack hat Druckkn\u00f6pfe und auch Druckkn\u00f6pfe am unteren Ende, sodass das Windelwechseln sehr einfach gemacht werden kann.<\/p>\n<p>Maat 50\/56-62<\/p>\n<p>&nbsp;<\/p>","protected":false},"excerpt":{"rendered":"<p>Een heel fijn slaapzakje voor een pasgeboren baby. De slaapzak heeft drukknoopjes en ook drukknoopjes aan de onderkant, zodat verschonen erg gemakkelijk gedaan kan worden. Maat 50\/56-62 &nbsp;<\/p>","protected":false},"featured_media":1814,"comment_status":"open","ping_status":"closed","template":"","meta":[],"product_brand":[523],"product_cat":[588,16,278],"product_tag":[139],"class_list":{"0":"post-1813","1":"product","2":"type-product","3":"status-publish","4":"has-post-thumbnail","6":"product_brand-engel-natur","7":"product_cat-alles-van-wol-zijde","8":"product_cat-newborn","9":"product_cat-slaapzakken-en-dekens","10":"product_tag-wollen-slaapzak","12":"first","13":"instock","14":"taxable","15":"shipping-taxable","16":"purchasable","17":"product-type-simple"},"yoast_head":"<!-- This site is optimized with the Yoast SEO plugin v27.4 - https:\/\/yoast.com\/product\/yoast-seo-wordpress\/ -->\n<title>Engel Natur slaapzak van wolfrottee | Castle Vernie Fashion Shop<\/title>\n<meta name=\"robots\" content=\"index, follow, max-snippet:-1, max-image-preview:large, max-video-preview:-1\" \/>\n<link rel=\"canonical\" href=\"https:\/\/www.castlevernie.nl\/de\/produkt\/engel-newborn-slaapzak-van-wolfrottee\/\" \/>\n<meta property=\"og:locale\" content=\"de_DE\" \/>\n<meta property=\"og:type\" content=\"article\" \/>\n<meta property=\"og:title\" content=\"Engel Natur slaapzak van wolfrottee | Castle Vernie Fashion Shop\" \/>\n<meta property=\"og:description\" content=\"Een heel fijn slaapzakje voor een pasgeboren baby. De slaapzak heeft drukknoopjes en ook drukknoopjes aan de onderkant, zodat verschonen erg gemakkelijk gedaan kan worden. Maat 50\/56-62 &nbsp;\" \/>\n<meta property=\"og:url\" content=\"https:\/\/www.castlevernie.nl\/de\/produkt\/engel-newborn-slaapzak-van-wolfrottee\/\" \/>\n<meta property=\"og:site_name\" content=\"Castle Vernie Fashion Shop\" \/>\n<meta property=\"article:publisher\" content=\"https:\/\/m.facebook.com\/Castle-Vernie-Fashion-Shop-110667857399440\" \/>\n<meta property=\"article:modified_time\" content=\"2025-09-13T19:36:07+00:00\" \/>\n<meta property=\"og:image\" content=\"https:\/\/www.castlevernie.nl\/wordpress\/wp-content\/uploads\/2021\/05\/engel-natur-slaapzak-natural-drukknoopjes.jpg\" \/>\n\t<meta property=\"og:image:width\" content=\"660\" \/>\n\t<meta property=\"og:image:height\" content=\"900\" \/>\n\t<meta property=\"og:image:type\" content=\"image\/jpeg\" \/>\n<meta name=\"twitter:card\" content=\"summary_large_image\" \/>\n<meta name=\"twitter:label1\" content=\"Gesch\u00e4tzte Lesezeit\" \/>\n\t<meta name=\"twitter:data1\" content=\"1\u00a0Minute\" \/>\n<script type=\"application\/ld+json\" class=\"yoast-schema-graph\">{\"@context\":\"https:\\\/\\\/schema.org\",\"@graph\":[{\"@type\":\"WebPage\",\"@id\":\"https:\\\/\\\/www.castlevernie.nl\\\/product\\\/engel-newborn-slaapzak-van-wolfrottee\\\/\",\"url\":\"https:\\\/\\\/www.castlevernie.nl\\\/product\\\/engel-newborn-slaapzak-van-wolfrottee\\\/\",\"name\":\"Engel Natur slaapzak van wolfrottee | Castle Vernie Fashion Shop\",\"isPartOf\":{\"@id\":\"https:\\\/\\\/www.castlevernie.nl\\\/#website\"},\"primaryImageOfPage\":{\"@id\":\"https:\\\/\\\/www.castlevernie.nl\\\/product\\\/engel-newborn-slaapzak-van-wolfrottee\\\/#primaryimage\"},\"image\":{\"@id\":\"https:\\\/\\\/www.castlevernie.nl\\\/product\\\/engel-newborn-slaapzak-van-wolfrottee\\\/#primaryimage\"},\"thumbnailUrl\":\"https:\\\/\\\/www.castlevernie.nl\\\/wordpress\\\/wp-content\\\/uploads\\\/2021\\\/05\\\/engel-natur-slaapzak-natural-drukknoopjes.jpg\",\"datePublished\":\"2021-05-15T07:17:42+00:00\",\"dateModified\":\"2025-09-13T19:36:07+00:00\",\"breadcrumb\":{\"@id\":\"https:\\\/\\\/www.castlevernie.nl\\\/product\\\/engel-newborn-slaapzak-van-wolfrottee\\\/#breadcrumb\"},\"inLanguage\":\"de\",\"potentialAction\":[{\"@type\":\"ReadAction\",\"target\":[\"https:\\\/\\\/www.castlevernie.nl\\\/product\\\/engel-newborn-slaapzak-van-wolfrottee\\\/\"]}]},{\"@type\":\"ImageObject\",\"inLanguage\":\"de\",\"@id\":\"https:\\\/\\\/www.castlevernie.nl\\\/product\\\/engel-newborn-slaapzak-van-wolfrottee\\\/#primaryimage\",\"url\":\"https:\\\/\\\/www.castlevernie.nl\\\/wordpress\\\/wp-content\\\/uploads\\\/2021\\\/05\\\/engel-natur-slaapzak-natural-drukknoopjes.jpg\",\"contentUrl\":\"https:\\\/\\\/www.castlevernie.nl\\\/wordpress\\\/wp-content\\\/uploads\\\/2021\\\/05\\\/engel-natur-slaapzak-natural-drukknoopjes.jpg\",\"width\":660,\"height\":900},{\"@type\":\"BreadcrumbList\",\"@id\":\"https:\\\/\\\/www.castlevernie.nl\\\/product\\\/engel-newborn-slaapzak-van-wolfrottee\\\/#breadcrumb\",\"itemListElement\":[{\"@type\":\"ListItem\",\"position\":1,\"name\":\"Home\",\"item\":\"https:\\\/\\\/www.castlevernie.nl\\\/\"},{\"@type\":\"ListItem\",\"position\":2,\"name\":\"Winkel\",\"item\":\"https:\\\/\\\/www.castlevernie.nl\\\/winkel\\\/\"},{\"@type\":\"ListItem\",\"position\":3,\"name\":\"Engel Natur slaapzak van wolfrottee\"}]},{\"@type\":\"WebSite\",\"@id\":\"https:\\\/\\\/www.castlevernie.nl\\\/#website\",\"url\":\"https:\\\/\\\/www.castlevernie.nl\\\/\",\"name\":\"Castle Vernie Fashion Shop\",\"description\":\"\",\"publisher\":{\"@id\":\"https:\\\/\\\/www.castlevernie.nl\\\/#organization\"},\"potentialAction\":[{\"@type\":\"SearchAction\",\"target\":{\"@type\":\"EntryPoint\",\"urlTemplate\":\"https:\\\/\\\/www.castlevernie.nl\\\/?s={search_term_string}\"},\"query-input\":{\"@type\":\"PropertyValueSpecification\",\"valueRequired\":true,\"valueName\":\"search_term_string\"}}],\"inLanguage\":\"de\"},{\"@type\":\"Organization\",\"@id\":\"https:\\\/\\\/www.castlevernie.nl\\\/#organization\",\"name\":\"Castle Vernie\",\"url\":\"https:\\\/\\\/www.castlevernie.nl\\\/\",\"logo\":{\"@type\":\"ImageObject\",\"inLanguage\":\"de\",\"@id\":\"https:\\\/\\\/www.castlevernie.nl\\\/#\\\/schema\\\/logo\\\/image\\\/\",\"url\":\"https:\\\/\\\/www.castlevernie.nl\\\/wordpress\\\/wp-content\\\/uploads\\\/2025\\\/07\\\/header-logo-3.png\",\"contentUrl\":\"https:\\\/\\\/www.castlevernie.nl\\\/wordpress\\\/wp-content\\\/uploads\\\/2025\\\/07\\\/header-logo-3.png\",\"width\":780,\"height\":260,\"caption\":\"Castle Vernie\"},\"image\":{\"@id\":\"https:\\\/\\\/www.castlevernie.nl\\\/#\\\/schema\\\/logo\\\/image\\\/\"},\"sameAs\":[\"https:\\\/\\\/m.facebook.com\\\/Castle-Vernie-Fashion-Shop-110667857399440\"]}]}<\/script>\n<!-- \/ Yoast SEO plugin. -->","yoast_head_json":{"title":"Engel Natur slaapzak van wolfrottee | Castle Vernie Fashion Shop","robots":{"index":"index","follow":"follow","max-snippet":"max-snippet:-1","max-image-preview":"max-image-preview:large","max-video-preview":"max-video-preview:-1"},"canonical":"https:\/\/www.castlevernie.nl\/de\/produkt\/engel-newborn-slaapzak-van-wolfrottee\/","og_locale":"de_DE","og_type":"article","og_title":"Engel Natur slaapzak van wolfrottee | Castle Vernie Fashion Shop","og_description":"Een heel fijn slaapzakje voor een pasgeboren baby. De slaapzak heeft drukknoopjes en ook drukknoopjes aan de onderkant, zodat verschonen erg gemakkelijk gedaan kan worden. Maat 50\/56-62 &nbsp;","og_url":"https:\/\/www.castlevernie.nl\/de\/produkt\/engel-newborn-slaapzak-van-wolfrottee\/","og_site_name":"Castle Vernie Fashion Shop","article_publisher":"https:\/\/m.facebook.com\/Castle-Vernie-Fashion-Shop-110667857399440","article_modified_time":"2025-09-13T19:36:07+00:00","og_image":[{"width":660,"height":900,"url":"https:\/\/www.castlevernie.nl\/wordpress\/wp-content\/uploads\/2021\/05\/engel-natur-slaapzak-natural-drukknoopjes.jpg","type":"image\/jpeg"}],"twitter_card":"summary_large_image","twitter_misc":{"Gesch\u00e4tzte Lesezeit":"1\u00a0Minute"},"schema":{"@context":"https:\/\/schema.org","@graph":[{"@type":"WebPage","@id":"https:\/\/www.castlevernie.nl\/product\/engel-newborn-slaapzak-van-wolfrottee\/","url":"https:\/\/www.castlevernie.nl\/product\/engel-newborn-slaapzak-van-wolfrottee\/","name":"Engel Natur slaapzak van wolfrottee | Castle Vernie Fashion Shop","isPartOf":{"@id":"https:\/\/www.castlevernie.nl\/#website"},"primaryImageOfPage":{"@id":"https:\/\/www.castlevernie.nl\/product\/engel-newborn-slaapzak-van-wolfrottee\/#primaryimage"},"image":{"@id":"https:\/\/www.castlevernie.nl\/product\/engel-newborn-slaapzak-van-wolfrottee\/#primaryimage"},"thumbnailUrl":"https:\/\/www.castlevernie.nl\/wordpress\/wp-content\/uploads\/2021\/05\/engel-natur-slaapzak-natural-drukknoopjes.jpg","datePublished":"2021-05-15T07:17:42+00:00","dateModified":"2025-09-13T19:36:07+00:00","breadcrumb":{"@id":"https:\/\/www.castlevernie.nl\/product\/engel-newborn-slaapzak-van-wolfrottee\/#breadcrumb"},"inLanguage":"de","potentialAction":[{"@type":"ReadAction","target":["https:\/\/www.castlevernie.nl\/product\/engel-newborn-slaapzak-van-wolfrottee\/"]}]},{"@type":"ImageObject","inLanguage":"de","@id":"https:\/\/www.castlevernie.nl\/product\/engel-newborn-slaapzak-van-wolfrottee\/#primaryimage","url":"https:\/\/www.castlevernie.nl\/wordpress\/wp-content\/uploads\/2021\/05\/engel-natur-slaapzak-natural-drukknoopjes.jpg","contentUrl":"https:\/\/www.castlevernie.nl\/wordpress\/wp-content\/uploads\/2021\/05\/engel-natur-slaapzak-natural-drukknoopjes.jpg","width":660,"height":900},{"@type":"BreadcrumbList","@id":"https:\/\/www.castlevernie.nl\/product\/engel-newborn-slaapzak-van-wolfrottee\/#breadcrumb","itemListElement":[{"@type":"ListItem","position":1,"name":"Home","item":"https:\/\/www.castlevernie.nl\/"},{"@type":"ListItem","position":2,"name":"Winkel","item":"https:\/\/www.castlevernie.nl\/winkel\/"},{"@type":"ListItem","position":3,"name":"Engel Natur slaapzak van wolfrottee"}]},{"@type":"WebSite","@id":"https:\/\/www.castlevernie.nl\/#website","url":"https:\/\/www.castlevernie.nl\/","name":"Schloss Vernie Modegesch\u00e4ft","description":"","publisher":{"@id":"https:\/\/www.castlevernie.nl\/#organization"},"potentialAction":[{"@type":"SearchAction","target":{"@type":"EntryPoint","urlTemplate":"https:\/\/www.castlevernie.nl\/?s={search_term_string}"},"query-input":{"@type":"PropertyValueSpecification","valueRequired":true,"valueName":"search_term_string"}}],"inLanguage":"de"},{"@type":"Organization","@id":"https:\/\/www.castlevernie.nl\/#organization","name":"Castle Vernie","url":"https:\/\/www.castlevernie.nl\/","logo":{"@type":"ImageObject","inLanguage":"de","@id":"https:\/\/www.castlevernie.nl\/#\/schema\/logo\/image\/","url":"https:\/\/www.castlevernie.nl\/wordpress\/wp-content\/uploads\/2025\/07\/header-logo-3.png","contentUrl":"https:\/\/www.castlevernie.nl\/wordpress\/wp-content\/uploads\/2025\/07\/header-logo-3.png","width":780,"height":260,"caption":"Castle Vernie"},"image":{"@id":"https:\/\/www.castlevernie.nl\/#\/schema\/logo\/image\/"},"sameAs":["https:\/\/m.facebook.com\/Castle-Vernie-Fashion-Shop-110667857399440"]}]}},"_links":{"self":[{"href":"https:\/\/www.castlevernie.nl\/de\/wp-json\/wp\/v2\/product\/1813","targetHints":{"allow":["GET"]}}],"collection":[{"href":"https:\/\/www.castlevernie.nl\/de\/wp-json\/wp\/v2\/product"}],"about":[{"href":"https:\/\/www.castlevernie.nl\/de\/wp-json\/wp\/v2\/types\/product"}],"replies":[{"embeddable":true,"href":"https:\/\/www.castlevernie.nl\/de\/wp-json\/wp\/v2\/comments?post=1813"}],"wp:featuredmedia":[{"embeddable":true,"href":"https:\/\/www.castlevernie.nl\/de\/wp-json\/wp\/v2\/media\/1814"}],"wp:attachment":[{"href":"https:\/\/www.castlevernie.nl\/de\/wp-json\/wp\/v2\/media?parent=1813"}],"wp:term":[{"taxonomy":"product_brand","embeddable":true,"href":"https:\/\/www.castlevernie.nl\/de\/wp-json\/wp\/v2\/product_brand?post=1813"},{"taxonomy":"product_cat","embeddable":true,"href":"https:\/\/www.castlevernie.nl\/de\/wp-json\/wp\/v2\/product_cat?post=1813"},{"taxonomy":"product_tag","embeddable":true,"href":"https:\/\/www.castlevernie.nl\/de\/wp-json\/wp\/v2\/product_tag?post=1813"}],"curies":[{"name":"wp","href":"https:\/\/api.w.org\/{rel}","templated":true}]}}