{"id":1621,"date":"2021-03-10T15:44:00","date_gmt":"2021-03-10T15:44:00","guid":{"rendered":"https:\/\/www.castlevernie.nl\/?post_type=product&#038;p=1621"},"modified":"2026-03-17T12:33:17","modified_gmt":"2026-03-17T12:33:17","slug":"cosilana-wol-katoen-fleece-trappelzak","status":"publish","type":"product","link":"https:\/\/www.castlevernie.nl\/de\/produkt\/cosilana-wol-katoen-fleece-trappelzak\/","title":{"rendered":"Cosilana Woll\/Baumwolle Fleece Strampelsack"},"content":{"rendered":"<h5>Cosilana Wol-Baumwolle Fleece Schlafsack \u2013 Warm &amp; Bequem f\u00fcr Babys<\/h5>\n<p>.Der Cosilana Woll-Baumwoll-Fleece-Schlafsack ist speziell daf\u00fcr entwickelt, Ihr Baby die ganze Nacht \u00fcber warm und komfortabel zu halten. Hergestellt aus einer einzigartigen Mischung aus hochwertiger Wolle und weicher Baumwolle, vereint dieser Schlafsack nat\u00fcrliche W\u00e4rme mit hervorragender Atmungsaktivit\u00e4t. Das Woll-Baumwoll-Fleece f\u00fchlt sich weich auf der Haut an und sorgt daf\u00fcr, dass Ihr Baby nie \u00fcberhitzt.<\/p>\n<p>Dieser Schlafsack von Cosilana ist nachhaltig produziert und vollst\u00e4ndig hautfreundlich, was ihn zu einer verantwortungsvollen Wahl f\u00fcr Eltern macht, die auf \u00f6kologische und nat\u00fcrliche Materialien achten. Dank des praktischen Rei\u00dfverschlusses l\u00e4sst sich der Schlafsack einfach an- und ausziehen, w\u00e4hrend dein Baby gen\u00fcgend Bewegungsfreiheit beh\u00e4lt. Ob du ihn nun im Bettchen, im Laufgitter oder im Kinderwagen verwendest, der Cosilana Wolle-Baumwoll-Fleece-Schlafsack bietet stets ein warmes und komfortables Schlaferlebnis.<\/p>\n<p>Mit diesem Schlafsack entscheidest du dich f\u00fcr eine Kombination aus Komfort, Funktionalit\u00e4t und Langlebigkeit. Dein Baby kann sicher und entspannt schlafen, w\u00e4hrend du ein hochwertiges Produkt hast, das lange h\u00e4lt.<\/p>","protected":false},"excerpt":{"rendered":"<p>Cosilana Wol-Katoen Fleece Trappelzak \u2013 Warm &amp; Comfortabel voor Baby .De Cosilana wol-katoen fleece trappelzak is speciaal ontworpen om je baby de hele nacht warm en comfortabel te houden. Gemaakt van een unieke mix van hoogwaardige wol en zacht katoen, combineert deze trappelzak natuurlijke warmte met uitstekende ademende eigenschappen. Het fleece van wol en katoen [&hellip;]<\/p>\n","protected":false},"featured_media":4723,"comment_status":"open","ping_status":"closed","template":"","meta":[],"product_brand":[522],"product_cat":[588,46,16],"product_tag":[107,110,109,108,139],"class_list":{"0":"post-1621","1":"product","2":"type-product","3":"status-publish","4":"has-post-thumbnail","6":"product_brand-cosilana","7":"product_cat-alles-van-wol-zijde","8":"product_cat-maat-62-68","9":"product_cat-newborn","10":"product_tag-cosilana","11":"product_tag-cosilana-trappelzak","12":"product_tag-trappelzak","13":"product_tag-wolkatoen","14":"product_tag-wollen-slaapzak","16":"first","17":"instock","18":"taxable","19":"shipping-taxable","20":"purchasable","21":"product-type-variable"},"yoast_head":"<!-- This site is optimized with the Yoast SEO plugin v27.4 - https:\/\/yoast.com\/product\/yoast-seo-wordpress\/ -->\n<title>Cosilana Wol\/Katoen Fleece Trappelzak | Het grootste assortiment<\/title>\n<meta name=\"description\" content=\"De Cosilana wol-katoen fleece trappelzak houdt je baby warm en comfortabel. Duurzaam, ademend en zacht voor de huid. Ideaal voor een rustige nachtrust\" \/>\n<meta name=\"robots\" content=\"index, follow, max-snippet:-1, max-image-preview:large, max-video-preview:-1\" \/>\n<link rel=\"canonical\" href=\"https:\/\/www.castlevernie.nl\/de\/produkt\/cosilana-wol-katoen-fleece-trappelzak\/\" \/>\n<meta property=\"og:locale\" content=\"de_DE\" \/>\n<meta property=\"og:type\" content=\"article\" \/>\n<meta property=\"og:title\" content=\"Cosilana Wol\/Katoen Fleece Trappelzak | Het grootste assortiment\" \/>\n<meta property=\"og:description\" content=\"De Cosilana wol-katoen fleece trappelzak houdt je baby warm en comfortabel. Duurzaam, ademend en zacht voor de huid. Ideaal voor een rustige nachtrust\" \/>\n<meta property=\"og:url\" content=\"https:\/\/www.castlevernie.nl\/de\/produkt\/cosilana-wol-katoen-fleece-trappelzak\/\" \/>\n<meta property=\"og:site_name\" content=\"Castle Vernie Fashion Shop\" \/>\n<meta property=\"article:publisher\" content=\"https:\/\/m.facebook.com\/Castle-Vernie-Fashion-Shop-110667857399440\" \/>\n<meta property=\"article:modified_time\" content=\"2026-03-17T12:33:17+00:00\" \/>\n<meta property=\"og:image\" content=\"https:\/\/www.castlevernie.nl\/wordpress\/wp-content\/uploads\/2021\/03\/Cos-48937-115-scaled.jpg\" \/>\n\t<meta property=\"og:image:width\" content=\"2560\" \/>\n\t<meta property=\"og:image:height\" content=\"1707\" \/>\n\t<meta property=\"og:image:type\" content=\"image\/jpeg\" \/>\n<meta name=\"twitter:card\" content=\"summary_large_image\" \/>\n<meta name=\"twitter:label1\" content=\"Gesch\u00e4tzte Lesezeit\" \/>\n\t<meta name=\"twitter:data1\" content=\"2\u00a0Minuten\" \/>\n<script type=\"application\/ld+json\" class=\"yoast-schema-graph\">{\"@context\":\"https:\\\/\\\/schema.org\",\"@graph\":[{\"@type\":\"WebPage\",\"@id\":\"https:\\\/\\\/www.castlevernie.nl\\\/product\\\/cosilana-wol-katoen-fleece-trappelzak\\\/\",\"url\":\"https:\\\/\\\/www.castlevernie.nl\\\/product\\\/cosilana-wol-katoen-fleece-trappelzak\\\/\",\"name\":\"Cosilana Wol\\\/Katoen Fleece Trappelzak | Het grootste assortiment\",\"isPartOf\":{\"@id\":\"https:\\\/\\\/www.castlevernie.nl\\\/#website\"},\"primaryImageOfPage\":{\"@id\":\"https:\\\/\\\/www.castlevernie.nl\\\/product\\\/cosilana-wol-katoen-fleece-trappelzak\\\/#primaryimage\"},\"image\":{\"@id\":\"https:\\\/\\\/www.castlevernie.nl\\\/product\\\/cosilana-wol-katoen-fleece-trappelzak\\\/#primaryimage\"},\"thumbnailUrl\":\"https:\\\/\\\/www.castlevernie.nl\\\/wordpress\\\/wp-content\\\/uploads\\\/2021\\\/03\\\/Cos-48937-115-scaled.jpg\",\"datePublished\":\"2021-03-10T15:44:00+00:00\",\"dateModified\":\"2026-03-17T12:33:17+00:00\",\"description\":\"De Cosilana wol-katoen fleece trappelzak houdt je baby warm en comfortabel. Duurzaam, ademend en zacht voor de huid. Ideaal voor een rustige nachtrust\",\"breadcrumb\":{\"@id\":\"https:\\\/\\\/www.castlevernie.nl\\\/product\\\/cosilana-wol-katoen-fleece-trappelzak\\\/#breadcrumb\"},\"inLanguage\":\"de\",\"potentialAction\":[{\"@type\":\"ReadAction\",\"target\":[\"https:\\\/\\\/www.castlevernie.nl\\\/product\\\/cosilana-wol-katoen-fleece-trappelzak\\\/\"]}]},{\"@type\":\"ImageObject\",\"inLanguage\":\"de\",\"@id\":\"https:\\\/\\\/www.castlevernie.nl\\\/product\\\/cosilana-wol-katoen-fleece-trappelzak\\\/#primaryimage\",\"url\":\"https:\\\/\\\/www.castlevernie.nl\\\/wordpress\\\/wp-content\\\/uploads\\\/2021\\\/03\\\/Cos-48937-115-scaled.jpg\",\"contentUrl\":\"https:\\\/\\\/www.castlevernie.nl\\\/wordpress\\\/wp-content\\\/uploads\\\/2021\\\/03\\\/Cos-48937-115-scaled.jpg\",\"width\":5296,\"height\":3528,\"caption\":\"Cosilana Trappelzak\"},{\"@type\":\"BreadcrumbList\",\"@id\":\"https:\\\/\\\/www.castlevernie.nl\\\/product\\\/cosilana-wol-katoen-fleece-trappelzak\\\/#breadcrumb\",\"itemListElement\":[{\"@type\":\"ListItem\",\"position\":1,\"name\":\"Home\",\"item\":\"https:\\\/\\\/www.castlevernie.nl\\\/\"},{\"@type\":\"ListItem\",\"position\":2,\"name\":\"Winkel\",\"item\":\"https:\\\/\\\/www.castlevernie.nl\\\/winkel\\\/\"},{\"@type\":\"ListItem\",\"position\":3,\"name\":\"Cosilana Wol\\\/Katoen Fleece Trappelzak\"}]},{\"@type\":\"WebSite\",\"@id\":\"https:\\\/\\\/www.castlevernie.nl\\\/#website\",\"url\":\"https:\\\/\\\/www.castlevernie.nl\\\/\",\"name\":\"Castle Vernie Fashion Shop\",\"description\":\"\",\"publisher\":{\"@id\":\"https:\\\/\\\/www.castlevernie.nl\\\/#organization\"},\"potentialAction\":[{\"@type\":\"SearchAction\",\"target\":{\"@type\":\"EntryPoint\",\"urlTemplate\":\"https:\\\/\\\/www.castlevernie.nl\\\/?s={search_term_string}\"},\"query-input\":{\"@type\":\"PropertyValueSpecification\",\"valueRequired\":true,\"valueName\":\"search_term_string\"}}],\"inLanguage\":\"de\"},{\"@type\":\"Organization\",\"@id\":\"https:\\\/\\\/www.castlevernie.nl\\\/#organization\",\"name\":\"Castle Vernie\",\"url\":\"https:\\\/\\\/www.castlevernie.nl\\\/\",\"logo\":{\"@type\":\"ImageObject\",\"inLanguage\":\"de\",\"@id\":\"https:\\\/\\\/www.castlevernie.nl\\\/#\\\/schema\\\/logo\\\/image\\\/\",\"url\":\"https:\\\/\\\/www.castlevernie.nl\\\/wordpress\\\/wp-content\\\/uploads\\\/2025\\\/07\\\/header-logo-3.png\",\"contentUrl\":\"https:\\\/\\\/www.castlevernie.nl\\\/wordpress\\\/wp-content\\\/uploads\\\/2025\\\/07\\\/header-logo-3.png\",\"width\":780,\"height\":260,\"caption\":\"Castle Vernie\"},\"image\":{\"@id\":\"https:\\\/\\\/www.castlevernie.nl\\\/#\\\/schema\\\/logo\\\/image\\\/\"},\"sameAs\":[\"https:\\\/\\\/m.facebook.com\\\/Castle-Vernie-Fashion-Shop-110667857399440\"]}]}<\/script>\n<!-- \/ Yoast SEO plugin. -->","yoast_head_json":{"title":"Cosilana Wol\/Katoen Fleece Trappelzak | Het grootste assortiment","description":"De Cosilana wol-katoen fleece trappelzak houdt je baby warm en comfortabel. Duurzaam, ademend en zacht voor de huid. Ideaal voor een rustige nachtrust","robots":{"index":"index","follow":"follow","max-snippet":"max-snippet:-1","max-image-preview":"max-image-preview:large","max-video-preview":"max-video-preview:-1"},"canonical":"https:\/\/www.castlevernie.nl\/de\/produkt\/cosilana-wol-katoen-fleece-trappelzak\/","og_locale":"de_DE","og_type":"article","og_title":"Cosilana Wol\/Katoen Fleece Trappelzak | Het grootste assortiment","og_description":"De Cosilana wol-katoen fleece trappelzak houdt je baby warm en comfortabel. Duurzaam, ademend en zacht voor de huid. Ideaal voor een rustige nachtrust","og_url":"https:\/\/www.castlevernie.nl\/de\/produkt\/cosilana-wol-katoen-fleece-trappelzak\/","og_site_name":"Castle Vernie Fashion Shop","article_publisher":"https:\/\/m.facebook.com\/Castle-Vernie-Fashion-Shop-110667857399440","article_modified_time":"2026-03-17T12:33:17+00:00","og_image":[{"width":2560,"height":1707,"url":"https:\/\/www.castlevernie.nl\/wordpress\/wp-content\/uploads\/2021\/03\/Cos-48937-115-scaled.jpg","type":"image\/jpeg"}],"twitter_card":"summary_large_image","twitter_misc":{"Gesch\u00e4tzte Lesezeit":"2\u00a0Minuten"},"schema":{"@context":"https:\/\/schema.org","@graph":[{"@type":"WebPage","@id":"https:\/\/www.castlevernie.nl\/product\/cosilana-wol-katoen-fleece-trappelzak\/","url":"https:\/\/www.castlevernie.nl\/product\/cosilana-wol-katoen-fleece-trappelzak\/","name":"Cosilana Wol\/Katoen Fleece Trappelzak | Het grootste assortiment","isPartOf":{"@id":"https:\/\/www.castlevernie.nl\/#website"},"primaryImageOfPage":{"@id":"https:\/\/www.castlevernie.nl\/product\/cosilana-wol-katoen-fleece-trappelzak\/#primaryimage"},"image":{"@id":"https:\/\/www.castlevernie.nl\/product\/cosilana-wol-katoen-fleece-trappelzak\/#primaryimage"},"thumbnailUrl":"https:\/\/www.castlevernie.nl\/wordpress\/wp-content\/uploads\/2021\/03\/Cos-48937-115-scaled.jpg","datePublished":"2021-03-10T15:44:00+00:00","dateModified":"2026-03-17T12:33:17+00:00","description":"De Cosilana wol-katoen fleece trappelzak houdt je baby warm en comfortabel. Duurzaam, ademend en zacht voor de huid. Ideaal voor een rustige nachtrust","breadcrumb":{"@id":"https:\/\/www.castlevernie.nl\/product\/cosilana-wol-katoen-fleece-trappelzak\/#breadcrumb"},"inLanguage":"de","potentialAction":[{"@type":"ReadAction","target":["https:\/\/www.castlevernie.nl\/product\/cosilana-wol-katoen-fleece-trappelzak\/"]}]},{"@type":"ImageObject","inLanguage":"de","@id":"https:\/\/www.castlevernie.nl\/product\/cosilana-wol-katoen-fleece-trappelzak\/#primaryimage","url":"https:\/\/www.castlevernie.nl\/wordpress\/wp-content\/uploads\/2021\/03\/Cos-48937-115-scaled.jpg","contentUrl":"https:\/\/www.castlevernie.nl\/wordpress\/wp-content\/uploads\/2021\/03\/Cos-48937-115-scaled.jpg","width":5296,"height":3528,"caption":"Cosilana Trappelzak"},{"@type":"BreadcrumbList","@id":"https:\/\/www.castlevernie.nl\/product\/cosilana-wol-katoen-fleece-trappelzak\/#breadcrumb","itemListElement":[{"@type":"ListItem","position":1,"name":"Home","item":"https:\/\/www.castlevernie.nl\/"},{"@type":"ListItem","position":2,"name":"Winkel","item":"https:\/\/www.castlevernie.nl\/winkel\/"},{"@type":"ListItem","position":3,"name":"Cosilana Wol\/Katoen Fleece Trappelzak"}]},{"@type":"WebSite","@id":"https:\/\/www.castlevernie.nl\/#website","url":"https:\/\/www.castlevernie.nl\/","name":"Schloss Vernie Modegesch\u00e4ft","description":"","publisher":{"@id":"https:\/\/www.castlevernie.nl\/#organization"},"potentialAction":[{"@type":"SearchAction","target":{"@type":"EntryPoint","urlTemplate":"https:\/\/www.castlevernie.nl\/?s={search_term_string}"},"query-input":{"@type":"PropertyValueSpecification","valueRequired":true,"valueName":"search_term_string"}}],"inLanguage":"de"},{"@type":"Organization","@id":"https:\/\/www.castlevernie.nl\/#organization","name":"Castle Vernie","url":"https:\/\/www.castlevernie.nl\/","logo":{"@type":"ImageObject","inLanguage":"de","@id":"https:\/\/www.castlevernie.nl\/#\/schema\/logo\/image\/","url":"https:\/\/www.castlevernie.nl\/wordpress\/wp-content\/uploads\/2025\/07\/header-logo-3.png","contentUrl":"https:\/\/www.castlevernie.nl\/wordpress\/wp-content\/uploads\/2025\/07\/header-logo-3.png","width":780,"height":260,"caption":"Castle Vernie"},"image":{"@id":"https:\/\/www.castlevernie.nl\/#\/schema\/logo\/image\/"},"sameAs":["https:\/\/m.facebook.com\/Castle-Vernie-Fashion-Shop-110667857399440"]}]}},"_links":{"self":[{"href":"https:\/\/www.castlevernie.nl\/de\/wp-json\/wp\/v2\/product\/1621","targetHints":{"allow":["GET"]}}],"collection":[{"href":"https:\/\/www.castlevernie.nl\/de\/wp-json\/wp\/v2\/product"}],"about":[{"href":"https:\/\/www.castlevernie.nl\/de\/wp-json\/wp\/v2\/types\/product"}],"replies":[{"embeddable":true,"href":"https:\/\/www.castlevernie.nl\/de\/wp-json\/wp\/v2\/comments?post=1621"}],"wp:featuredmedia":[{"embeddable":true,"href":"https:\/\/www.castlevernie.nl\/de\/wp-json\/wp\/v2\/media\/4723"}],"wp:attachment":[{"href":"https:\/\/www.castlevernie.nl\/de\/wp-json\/wp\/v2\/media?parent=1621"}],"wp:term":[{"taxonomy":"product_brand","embeddable":true,"href":"https:\/\/www.castlevernie.nl\/de\/wp-json\/wp\/v2\/product_brand?post=1621"},{"taxonomy":"product_cat","embeddable":true,"href":"https:\/\/www.castlevernie.nl\/de\/wp-json\/wp\/v2\/product_cat?post=1621"},{"taxonomy":"product_tag","embeddable":true,"href":"https:\/\/www.castlevernie.nl\/de\/wp-json\/wp\/v2\/product_tag?post=1621"}],"curies":[{"name":"wp","href":"https:\/\/api.w.org\/{rel}","templated":true}]}}