{"id":155,"date":"2020-07-31T20:33:40","date_gmt":"2020-07-31T20:33:40","guid":{"rendered":"http:\/\/www.castlevernie.nl\/?post_type=product&#038;p=155"},"modified":"2025-05-31T12:38:46","modified_gmt":"2025-05-31T12:38:46","slug":"castle-vernie-overbroekje-vliegtuig","status":"publish","type":"product","link":"https:\/\/www.castlevernie.nl\/de\/produkt\/castle-vernie-overbroekje-vliegtuig\/","title":{"rendered":"Castle Vernie \u00dcberhose Flugzeug"},"content":{"rendered":"<p>Eine Einheitsgr\u00f6\u00dfe \u00dcberhose. Von 3,5 kg bis 15 kg. Speziell f\u00fcr Windeln, Prefolds oder Wickelt\u00fccher gemacht.<\/p>\n<p>Mit einer doppelten Reihe Druckkn\u00f6pfe kannst du das einfach und fest schlie\u00dfen.<\/p>\n<p>An der Innenseite befinden sich zwei Klappen, unter denen du die Faltwindel oder Prefolds\/Eins\u00e4tze verstauen musst.<\/p>\n<p>Auch sitzt das sehr sch\u00f6n \u00fcber der Wickelunterlage oder dem Prefold\/Einlage.<\/p>\n<p>Extra; Hergestellt aus wasserdichtem Pull. Ohne doppelte Abl\u00e4ufe.<\/p>","protected":false},"excerpt":{"rendered":"<p>Een one size overbroekje. Vanaf 3,5 kilo t\/m15 kilo.Speciaal gemaakt voor vouwluiers, prefolds of luierdoeken. Met een dubbele rij drukknopen kun je dit makkelijk en stevig dicht maken. Aan de binnenkant zitren twee flappen waar je de vouwluier of prefolds\/inleggers onder moet doen. Ook zit dit erg mooi over de vouwluier of prefold\/inlegger. Extra; Gemaakt [&hellip;]<\/p>\n","protected":false},"featured_media":191,"comment_status":"open","ping_status":"closed","template":"","meta":[],"product_brand":[529],"product_cat":[25],"product_tag":[],"class_list":{"0":"post-155","1":"product","2":"type-product","3":"status-publish","4":"has-post-thumbnail","6":"product_brand-castle-vernie","7":"product_cat-overbroekjes","9":"first","10":"instock","11":"taxable","12":"shipping-taxable","13":"purchasable","14":"product-type-simple"},"yoast_head":"<!-- This site is optimized with the Yoast SEO plugin v27.4 - https:\/\/yoast.com\/product\/yoast-seo-wordpress\/ -->\n<title>Castle Vernie overbroekje vliegtuig | Castle Vernie Fashion Shop<\/title>\n<meta name=\"description\" content=\"Overbroekjes van Castle Vernie zijn heerlijke overbroekjes om te gebruikne. Ideaal voor prefolds en luierdoeken en ook voorgevormde luiers.\" \/>\n<meta name=\"robots\" content=\"index, follow, max-snippet:-1, max-image-preview:large, max-video-preview:-1\" \/>\n<link rel=\"canonical\" href=\"https:\/\/www.castlevernie.nl\/de\/produkt\/castle-vernie-overbroekje-vliegtuig\/\" \/>\n<meta property=\"og:locale\" content=\"de_DE\" \/>\n<meta property=\"og:type\" content=\"article\" \/>\n<meta property=\"og:title\" content=\"Castle Vernie overbroekje vliegtuig | Castle Vernie Fashion Shop\" \/>\n<meta property=\"og:description\" content=\"Overbroekjes van Castle Vernie zijn heerlijke overbroekjes om te gebruikne. Ideaal voor prefolds en luierdoeken en ook voorgevormde luiers.\" \/>\n<meta property=\"og:url\" content=\"https:\/\/www.castlevernie.nl\/de\/produkt\/castle-vernie-overbroekje-vliegtuig\/\" \/>\n<meta property=\"og:site_name\" content=\"Castle Vernie Fashion Shop\" \/>\n<meta property=\"article:publisher\" content=\"https:\/\/m.facebook.com\/Castle-Vernie-Fashion-Shop-110667857399440\" \/>\n<meta property=\"article:modified_time\" content=\"2025-05-31T12:38:46+00:00\" \/>\n<meta property=\"og:image\" content=\"https:\/\/www.castlevernie.nl\/wordpress\/wp-content\/uploads\/2020\/07\/Screenshot_20200802-0908102.png\" \/>\n\t<meta property=\"og:image:width\" content=\"1063\" \/>\n\t<meta property=\"og:image:height\" content=\"1072\" \/>\n\t<meta property=\"og:image:type\" content=\"image\/png\" \/>\n<meta name=\"twitter:card\" content=\"summary_large_image\" \/>\n<meta name=\"twitter:label1\" content=\"Gesch\u00e4tzte Lesezeit\" \/>\n\t<meta name=\"twitter:data1\" content=\"1\u00a0Minute\" \/>\n<script type=\"application\/ld+json\" class=\"yoast-schema-graph\">{\"@context\":\"https:\\\/\\\/schema.org\",\"@graph\":[{\"@type\":\"WebPage\",\"@id\":\"https:\\\/\\\/www.castlevernie.nl\\\/product\\\/castle-vernie-overbroekje-vliegtuig\\\/\",\"url\":\"https:\\\/\\\/www.castlevernie.nl\\\/product\\\/castle-vernie-overbroekje-vliegtuig\\\/\",\"name\":\"Castle Vernie overbroekje vliegtuig | Castle Vernie Fashion Shop\",\"isPartOf\":{\"@id\":\"https:\\\/\\\/www.castlevernie.nl\\\/#website\"},\"primaryImageOfPage\":{\"@id\":\"https:\\\/\\\/www.castlevernie.nl\\\/product\\\/castle-vernie-overbroekje-vliegtuig\\\/#primaryimage\"},\"image\":{\"@id\":\"https:\\\/\\\/www.castlevernie.nl\\\/product\\\/castle-vernie-overbroekje-vliegtuig\\\/#primaryimage\"},\"thumbnailUrl\":\"https:\\\/\\\/www.castlevernie.nl\\\/wordpress\\\/wp-content\\\/uploads\\\/2020\\\/07\\\/Screenshot_20200802-0908102.png\",\"datePublished\":\"2020-07-31T20:33:40+00:00\",\"dateModified\":\"2025-05-31T12:38:46+00:00\",\"description\":\"Overbroekjes van Castle Vernie zijn heerlijke overbroekjes om te gebruikne. Ideaal voor prefolds en luierdoeken en ook voorgevormde luiers.\",\"breadcrumb\":{\"@id\":\"https:\\\/\\\/www.castlevernie.nl\\\/product\\\/castle-vernie-overbroekje-vliegtuig\\\/#breadcrumb\"},\"inLanguage\":\"de\",\"potentialAction\":[{\"@type\":\"ReadAction\",\"target\":[\"https:\\\/\\\/www.castlevernie.nl\\\/product\\\/castle-vernie-overbroekje-vliegtuig\\\/\"]}]},{\"@type\":\"ImageObject\",\"inLanguage\":\"de\",\"@id\":\"https:\\\/\\\/www.castlevernie.nl\\\/product\\\/castle-vernie-overbroekje-vliegtuig\\\/#primaryimage\",\"url\":\"https:\\\/\\\/www.castlevernie.nl\\\/wordpress\\\/wp-content\\\/uploads\\\/2020\\\/07\\\/Screenshot_20200802-0908102.png\",\"contentUrl\":\"https:\\\/\\\/www.castlevernie.nl\\\/wordpress\\\/wp-content\\\/uploads\\\/2020\\\/07\\\/Screenshot_20200802-0908102.png\",\"width\":1063,\"height\":1072},{\"@type\":\"BreadcrumbList\",\"@id\":\"https:\\\/\\\/www.castlevernie.nl\\\/product\\\/castle-vernie-overbroekje-vliegtuig\\\/#breadcrumb\",\"itemListElement\":[{\"@type\":\"ListItem\",\"position\":1,\"name\":\"Home\",\"item\":\"https:\\\/\\\/www.castlevernie.nl\\\/\"},{\"@type\":\"ListItem\",\"position\":2,\"name\":\"Winkel\",\"item\":\"https:\\\/\\\/www.castlevernie.nl\\\/winkel\\\/\"},{\"@type\":\"ListItem\",\"position\":3,\"name\":\"Castle Vernie overbroekje vliegtuig\"}]},{\"@type\":\"WebSite\",\"@id\":\"https:\\\/\\\/www.castlevernie.nl\\\/#website\",\"url\":\"https:\\\/\\\/www.castlevernie.nl\\\/\",\"name\":\"Castle Vernie Fashion Shop\",\"description\":\"\",\"publisher\":{\"@id\":\"https:\\\/\\\/www.castlevernie.nl\\\/#organization\"},\"potentialAction\":[{\"@type\":\"SearchAction\",\"target\":{\"@type\":\"EntryPoint\",\"urlTemplate\":\"https:\\\/\\\/www.castlevernie.nl\\\/?s={search_term_string}\"},\"query-input\":{\"@type\":\"PropertyValueSpecification\",\"valueRequired\":true,\"valueName\":\"search_term_string\"}}],\"inLanguage\":\"de\"},{\"@type\":\"Organization\",\"@id\":\"https:\\\/\\\/www.castlevernie.nl\\\/#organization\",\"name\":\"Castle Vernie\",\"url\":\"https:\\\/\\\/www.castlevernie.nl\\\/\",\"logo\":{\"@type\":\"ImageObject\",\"inLanguage\":\"de\",\"@id\":\"https:\\\/\\\/www.castlevernie.nl\\\/#\\\/schema\\\/logo\\\/image\\\/\",\"url\":\"https:\\\/\\\/www.castlevernie.nl\\\/wordpress\\\/wp-content\\\/uploads\\\/2025\\\/07\\\/header-logo-3.png\",\"contentUrl\":\"https:\\\/\\\/www.castlevernie.nl\\\/wordpress\\\/wp-content\\\/uploads\\\/2025\\\/07\\\/header-logo-3.png\",\"width\":780,\"height\":260,\"caption\":\"Castle Vernie\"},\"image\":{\"@id\":\"https:\\\/\\\/www.castlevernie.nl\\\/#\\\/schema\\\/logo\\\/image\\\/\"},\"sameAs\":[\"https:\\\/\\\/m.facebook.com\\\/Castle-Vernie-Fashion-Shop-110667857399440\"]}]}<\/script>\n<!-- \/ Yoast SEO plugin. -->","yoast_head_json":{"title":"Castle Vernie overbroekje vliegtuig | Castle Vernie Fashion Shop","description":"Overbroekjes van Castle Vernie zijn heerlijke overbroekjes om te gebruikne. Ideaal voor prefolds en luierdoeken en ook voorgevormde luiers.","robots":{"index":"index","follow":"follow","max-snippet":"max-snippet:-1","max-image-preview":"max-image-preview:large","max-video-preview":"max-video-preview:-1"},"canonical":"https:\/\/www.castlevernie.nl\/de\/produkt\/castle-vernie-overbroekje-vliegtuig\/","og_locale":"de_DE","og_type":"article","og_title":"Castle Vernie overbroekje vliegtuig | Castle Vernie Fashion Shop","og_description":"Overbroekjes van Castle Vernie zijn heerlijke overbroekjes om te gebruikne. Ideaal voor prefolds en luierdoeken en ook voorgevormde luiers.","og_url":"https:\/\/www.castlevernie.nl\/de\/produkt\/castle-vernie-overbroekje-vliegtuig\/","og_site_name":"Castle Vernie Fashion Shop","article_publisher":"https:\/\/m.facebook.com\/Castle-Vernie-Fashion-Shop-110667857399440","article_modified_time":"2025-05-31T12:38:46+00:00","og_image":[{"width":1063,"height":1072,"url":"https:\/\/www.castlevernie.nl\/wordpress\/wp-content\/uploads\/2020\/07\/Screenshot_20200802-0908102.png","type":"image\/png"}],"twitter_card":"summary_large_image","twitter_misc":{"Gesch\u00e4tzte Lesezeit":"1\u00a0Minute"},"schema":{"@context":"https:\/\/schema.org","@graph":[{"@type":"WebPage","@id":"https:\/\/www.castlevernie.nl\/product\/castle-vernie-overbroekje-vliegtuig\/","url":"https:\/\/www.castlevernie.nl\/product\/castle-vernie-overbroekje-vliegtuig\/","name":"Castle Vernie overbroekje vliegtuig | Castle Vernie Fashion Shop","isPartOf":{"@id":"https:\/\/www.castlevernie.nl\/#website"},"primaryImageOfPage":{"@id":"https:\/\/www.castlevernie.nl\/product\/castle-vernie-overbroekje-vliegtuig\/#primaryimage"},"image":{"@id":"https:\/\/www.castlevernie.nl\/product\/castle-vernie-overbroekje-vliegtuig\/#primaryimage"},"thumbnailUrl":"https:\/\/www.castlevernie.nl\/wordpress\/wp-content\/uploads\/2020\/07\/Screenshot_20200802-0908102.png","datePublished":"2020-07-31T20:33:40+00:00","dateModified":"2025-05-31T12:38:46+00:00","description":"Overbroekjes van Castle Vernie zijn heerlijke overbroekjes om te gebruikne. Ideaal voor prefolds en luierdoeken en ook voorgevormde luiers.","breadcrumb":{"@id":"https:\/\/www.castlevernie.nl\/product\/castle-vernie-overbroekje-vliegtuig\/#breadcrumb"},"inLanguage":"de","potentialAction":[{"@type":"ReadAction","target":["https:\/\/www.castlevernie.nl\/product\/castle-vernie-overbroekje-vliegtuig\/"]}]},{"@type":"ImageObject","inLanguage":"de","@id":"https:\/\/www.castlevernie.nl\/product\/castle-vernie-overbroekje-vliegtuig\/#primaryimage","url":"https:\/\/www.castlevernie.nl\/wordpress\/wp-content\/uploads\/2020\/07\/Screenshot_20200802-0908102.png","contentUrl":"https:\/\/www.castlevernie.nl\/wordpress\/wp-content\/uploads\/2020\/07\/Screenshot_20200802-0908102.png","width":1063,"height":1072},{"@type":"BreadcrumbList","@id":"https:\/\/www.castlevernie.nl\/product\/castle-vernie-overbroekje-vliegtuig\/#breadcrumb","itemListElement":[{"@type":"ListItem","position":1,"name":"Home","item":"https:\/\/www.castlevernie.nl\/"},{"@type":"ListItem","position":2,"name":"Winkel","item":"https:\/\/www.castlevernie.nl\/winkel\/"},{"@type":"ListItem","position":3,"name":"Castle Vernie overbroekje vliegtuig"}]},{"@type":"WebSite","@id":"https:\/\/www.castlevernie.nl\/#website","url":"https:\/\/www.castlevernie.nl\/","name":"Schloss Vernie Modegesch\u00e4ft","description":"","publisher":{"@id":"https:\/\/www.castlevernie.nl\/#organization"},"potentialAction":[{"@type":"SearchAction","target":{"@type":"EntryPoint","urlTemplate":"https:\/\/www.castlevernie.nl\/?s={search_term_string}"},"query-input":{"@type":"PropertyValueSpecification","valueRequired":true,"valueName":"search_term_string"}}],"inLanguage":"de"},{"@type":"Organization","@id":"https:\/\/www.castlevernie.nl\/#organization","name":"Castle Vernie","url":"https:\/\/www.castlevernie.nl\/","logo":{"@type":"ImageObject","inLanguage":"de","@id":"https:\/\/www.castlevernie.nl\/#\/schema\/logo\/image\/","url":"https:\/\/www.castlevernie.nl\/wordpress\/wp-content\/uploads\/2025\/07\/header-logo-3.png","contentUrl":"https:\/\/www.castlevernie.nl\/wordpress\/wp-content\/uploads\/2025\/07\/header-logo-3.png","width":780,"height":260,"caption":"Castle Vernie"},"image":{"@id":"https:\/\/www.castlevernie.nl\/#\/schema\/logo\/image\/"},"sameAs":["https:\/\/m.facebook.com\/Castle-Vernie-Fashion-Shop-110667857399440"]}]}},"_links":{"self":[{"href":"https:\/\/www.castlevernie.nl\/de\/wp-json\/wp\/v2\/product\/155","targetHints":{"allow":["GET"]}}],"collection":[{"href":"https:\/\/www.castlevernie.nl\/de\/wp-json\/wp\/v2\/product"}],"about":[{"href":"https:\/\/www.castlevernie.nl\/de\/wp-json\/wp\/v2\/types\/product"}],"replies":[{"embeddable":true,"href":"https:\/\/www.castlevernie.nl\/de\/wp-json\/wp\/v2\/comments?post=155"}],"wp:featuredmedia":[{"embeddable":true,"href":"https:\/\/www.castlevernie.nl\/de\/wp-json\/wp\/v2\/media\/191"}],"wp:attachment":[{"href":"https:\/\/www.castlevernie.nl\/de\/wp-json\/wp\/v2\/media?parent=155"}],"wp:term":[{"taxonomy":"product_brand","embeddable":true,"href":"https:\/\/www.castlevernie.nl\/de\/wp-json\/wp\/v2\/product_brand?post=155"},{"taxonomy":"product_cat","embeddable":true,"href":"https:\/\/www.castlevernie.nl\/de\/wp-json\/wp\/v2\/product_cat?post=155"},{"taxonomy":"product_tag","embeddable":true,"href":"https:\/\/www.castlevernie.nl\/de\/wp-json\/wp\/v2\/product_tag?post=155"}],"curies":[{"name":"wp","href":"https:\/\/api.w.org\/{rel}","templated":true}]}}