{"id":12922,"date":"2026-03-21T09:21:26","date_gmt":"2026-03-21T09:21:26","guid":{"rendered":"https:\/\/www.castlevernie.nl\/?post_type=product&#038;p=12922"},"modified":"2026-03-27T07:29:45","modified_gmt":"2026-03-27T07:29:45","slug":"maxomorra-t-shirt-raglan-zeilboot","status":"publish","type":"product","link":"https:\/\/www.castlevernie.nl\/de\/produkt\/maxomorra-t-shirt-raglan-zeilboot\/","title":{"rendered":"Maxomorra \u2013 T-Shirt Raglan Segelboot"},"content":{"rendered":"<h5>Maxomorra T-Shirt aus GOTS Bio-Baumwolle \u2013 nachhaltig, weich und bequem<\/h5>\n<p>Dieses Maxomorra T-Shirt ist eine perfekte Kombination aus Komfort, Qualit\u00e4t und Nachhaltigkeit. Das Shirt besteht aus 95 % GOTS-zertifizierter Bio-Baumwolle und 5 % Elastan, wodurch es sich wunderbar weich anf\u00fchlt und gleichzeitig gen\u00fcgend Stretch bietet, um sich frei zu bewegen. Ideal f\u00fcr aktive Kinder, die spielen, klettern und entdecken.<\/p>\n<p>Die biologische Baumwolle wird ohne sch\u00e4dliche Chemikalien und Pestizide produziert. Dank des GOTS-Siegels kannst du sicher sein, dass nicht nur die Baumwolle nachhaltig angebaut wird, sondern auch der Produktionsprozess strenge Umweltanforderungen und soziale Normen erf\u00fcllt. So entscheidest du dich bewusst f\u00fcr Kleidung, die besser f\u00fcr dein Kind und f\u00fcr die Welt ist.<\/p>\n<p>Durch die Zugabe von Elastin beh\u00e4lt das Shirt auch nach h\u00e4ufigem Waschen seine Form. Das T-Shirt liegt angenehm an, ohne eng zu sein. Der Stoff ist atmungsaktiv und hautfreundlich, was ihn besonders f\u00fcr Kinder mit empfindlicher Haut geeignet macht. Au\u00dferdem bleibt die Qualit\u00e4t von Maxomorra lange erhalten, sodass das Shirt auch perfekt an einen kleinen Bruder, eine kleine Schwester oder einen Freund weitergegeben werden kann.<\/p>\n<p>Maxomorra ist bekannt f\u00fcr ihre bunten, verspielten Prints und skandinavisches Design. Dieses T-Shirt l\u00e4sst sich einfach mit Leggings, Hosen oder R\u00f6cken kombinieren und bildet eine sch\u00f6ne Basis f\u00fcr jedes Outfit. Ob f\u00fcr einen Tag in der Schule, einen Nachmittag zum Spielen im Freien oder eine Party \u2013 dieses Shirt ist immer eine gute Wahl.<\/p>\n<p>Warum ein Maxomorra T-Shirt w\u00e4hlen?<br \/>\n\u2022 95% GOTS biologisch katoen<br \/>\n\u2022 5% Elastan f\u00fcr zus\u00e4tzlichen Komfort und Stretch<br \/>\n\u2022 Weich, atmungsaktiv und hautfreundlich<br \/>\n\u2022 Nachhaltig und fair produziert<br \/>\n\u2022 Bleibt auch nach vielen W\u00e4schen sch\u00f6n<\/p>\n<p>Mit diesem Maxomorra T-Shirt w\u00e4hlen Sie Qualit\u00e4t, Langlebigkeit und Tragekomfort in einem. Eine bewusste Wahl f\u00fcr Eltern, die Wert auf ehrliche und umweltfreundliche Kinderkleidung legen.<\/p>","protected":false},"excerpt":{"rendered":"<p>Maxomorra T-shirt van GOTS biologisch katoen \u2013 duurzaam, zacht en comfortabel Dit Maxomorra T-shirt is een perfecte combinatie van comfort, kwaliteit en duurzaamheid. Het shirt is gemaakt van 95% GOTS-gecertificeerd biologisch katoen en 5% elastine, waardoor het heerlijk zacht aanvoelt \u00e9n voldoende stretch heeft om lekker in te bewegen. Ideaal voor actieve kinderen die spelen, [&hellip;]<\/p>\n","protected":false},"featured_media":12928,"comment_status":"open","ping_status":"closed","template":"","meta":[],"product_brand":[526],"product_cat":[589,50,51,52,48,49],"product_tag":[785,792],"class_list":{"0":"post-12922","1":"product","2":"type-product","3":"status-publish","4":"has-post-thumbnail","6":"product_brand-maxomorra","7":"product_cat-alles-van-biologisch-katoen","8":"product_cat-maat-110-116","9":"product_cat-maat-122-128","10":"product_cat-maat-134-140","11":"product_cat-maat-86-82","12":"product_cat-maat-98-104","13":"product_tag-duurzame-zomerkleding-babys-en-kinderen","14":"product_tag-ss26b","16":"first","17":"instock","18":"taxable","19":"shipping-taxable","20":"purchasable","21":"product-type-variable"},"yoast_head":"<!-- This site is optimized with the Yoast SEO plugin v27.6 - https:\/\/yoast.com\/product\/yoast-seo-wordpress\/ -->\n<title>Maxomorra T-shirt GOTS biologisch katoen \u2013 duurzaam &amp; zacht<\/title>\n<meta name=\"description\" content=\"Maxomorra T-shirt van 95% GOTS biologisch katoen en 5% elastine. Zacht, rekbaar en duurzaam geproduceerd. Perfect voor actieve kinderen.\" \/>\n<meta name=\"robots\" content=\"index, follow, max-snippet:-1, max-image-preview:large, max-video-preview:-1\" \/>\n<link rel=\"canonical\" href=\"https:\/\/www.castlevernie.nl\/de\/produkt\/maxomorra-t-shirt-raglan-zeilboot\/\" \/>\n<meta property=\"og:locale\" content=\"de_DE\" \/>\n<meta property=\"og:type\" content=\"article\" \/>\n<meta property=\"og:title\" content=\"Maxomorra T-shirt GOTS biologisch katoen \u2013 duurzaam &amp; zacht\" \/>\n<meta property=\"og:description\" content=\"Maxomorra T-shirt van 95% GOTS biologisch katoen en 5% elastine. Zacht, rekbaar en duurzaam geproduceerd. Perfect voor actieve kinderen.\" \/>\n<meta property=\"og:url\" content=\"https:\/\/www.castlevernie.nl\/de\/produkt\/maxomorra-t-shirt-raglan-zeilboot\/\" \/>\n<meta property=\"og:site_name\" content=\"Castle Vernie Fashion Shop\" \/>\n<meta property=\"article:publisher\" content=\"https:\/\/m.facebook.com\/Castle-Vernie-Fashion-Shop-110667857399440\" \/>\n<meta property=\"article:modified_time\" content=\"2026-03-27T07:29:45+00:00\" \/>\n<meta property=\"og:image\" content=\"https:\/\/www.castlevernie.nl\/wordpress\/wp-content\/uploads\/2026\/03\/Top_SS_Raglan_SAILBOAT_kidpix.webp\" \/>\n\t<meta property=\"og:image:width\" content=\"1024\" \/>\n\t<meta property=\"og:image:height\" content=\"1024\" \/>\n\t<meta property=\"og:image:type\" content=\"image\/webp\" \/>\n<meta name=\"twitter:card\" content=\"summary_large_image\" \/>\n<meta name=\"twitter:label1\" content=\"Gesch\u00e4tzte Lesezeit\" \/>\n\t<meta name=\"twitter:data1\" content=\"2\u00a0Minuten\" \/>\n<script type=\"application\/ld+json\" class=\"yoast-schema-graph\">{\"@context\":\"https:\\\/\\\/schema.org\",\"@graph\":[{\"@type\":\"WebPage\",\"@id\":\"https:\\\/\\\/www.castlevernie.nl\\\/product\\\/maxomorra-t-shirt-raglan-zeilboot\\\/\",\"url\":\"https:\\\/\\\/www.castlevernie.nl\\\/product\\\/maxomorra-t-shirt-raglan-zeilboot\\\/\",\"name\":\"Maxomorra T-shirt GOTS biologisch katoen \u2013 duurzaam & zacht\",\"isPartOf\":{\"@id\":\"https:\\\/\\\/www.castlevernie.nl\\\/#website\"},\"primaryImageOfPage\":{\"@id\":\"https:\\\/\\\/www.castlevernie.nl\\\/product\\\/maxomorra-t-shirt-raglan-zeilboot\\\/#primaryimage\"},\"image\":{\"@id\":\"https:\\\/\\\/www.castlevernie.nl\\\/product\\\/maxomorra-t-shirt-raglan-zeilboot\\\/#primaryimage\"},\"thumbnailUrl\":\"https:\\\/\\\/www.castlevernie.nl\\\/wordpress\\\/wp-content\\\/uploads\\\/2026\\\/03\\\/Top_SS_Raglan_SAILBOAT_kidpix.webp\",\"datePublished\":\"2026-03-21T09:21:26+00:00\",\"dateModified\":\"2026-03-27T07:29:45+00:00\",\"description\":\"Maxomorra T-shirt van 95% GOTS biologisch katoen en 5% elastine. Zacht, rekbaar en duurzaam geproduceerd. Perfect voor actieve kinderen.\",\"breadcrumb\":{\"@id\":\"https:\\\/\\\/www.castlevernie.nl\\\/product\\\/maxomorra-t-shirt-raglan-zeilboot\\\/#breadcrumb\"},\"inLanguage\":\"de\",\"potentialAction\":[{\"@type\":\"ReadAction\",\"target\":[\"https:\\\/\\\/www.castlevernie.nl\\\/product\\\/maxomorra-t-shirt-raglan-zeilboot\\\/\"]}]},{\"@type\":\"ImageObject\",\"inLanguage\":\"de\",\"@id\":\"https:\\\/\\\/www.castlevernie.nl\\\/product\\\/maxomorra-t-shirt-raglan-zeilboot\\\/#primaryimage\",\"url\":\"https:\\\/\\\/www.castlevernie.nl\\\/wordpress\\\/wp-content\\\/uploads\\\/2026\\\/03\\\/Top_SS_Raglan_SAILBOAT_kidpix.webp\",\"contentUrl\":\"https:\\\/\\\/www.castlevernie.nl\\\/wordpress\\\/wp-content\\\/uploads\\\/2026\\\/03\\\/Top_SS_Raglan_SAILBOAT_kidpix.webp\",\"width\":1024,\"height\":1024,\"caption\":\"Maxomorra Zeilboor SS T shirt kind\"},{\"@type\":\"BreadcrumbList\",\"@id\":\"https:\\\/\\\/www.castlevernie.nl\\\/product\\\/maxomorra-t-shirt-raglan-zeilboot\\\/#breadcrumb\",\"itemListElement\":[{\"@type\":\"ListItem\",\"position\":1,\"name\":\"Home\",\"item\":\"https:\\\/\\\/www.castlevernie.nl\\\/\"},{\"@type\":\"ListItem\",\"position\":2,\"name\":\"Winkel\",\"item\":\"https:\\\/\\\/www.castlevernie.nl\\\/winkel\\\/\"},{\"@type\":\"ListItem\",\"position\":3,\"name\":\"Maxomorra &#8211; T-Shirt Raglan Zeilboot\"}]},{\"@type\":\"WebSite\",\"@id\":\"https:\\\/\\\/www.castlevernie.nl\\\/#website\",\"url\":\"https:\\\/\\\/www.castlevernie.nl\\\/\",\"name\":\"Castle Vernie Fashion Shop\",\"description\":\"\",\"publisher\":{\"@id\":\"https:\\\/\\\/www.castlevernie.nl\\\/#organization\"},\"potentialAction\":[{\"@type\":\"SearchAction\",\"target\":{\"@type\":\"EntryPoint\",\"urlTemplate\":\"https:\\\/\\\/www.castlevernie.nl\\\/?s={search_term_string}\"},\"query-input\":{\"@type\":\"PropertyValueSpecification\",\"valueRequired\":true,\"valueName\":\"search_term_string\"}}],\"inLanguage\":\"de\"},{\"@type\":\"Organization\",\"@id\":\"https:\\\/\\\/www.castlevernie.nl\\\/#organization\",\"name\":\"Castle Vernie\",\"url\":\"https:\\\/\\\/www.castlevernie.nl\\\/\",\"logo\":{\"@type\":\"ImageObject\",\"inLanguage\":\"de\",\"@id\":\"https:\\\/\\\/www.castlevernie.nl\\\/#\\\/schema\\\/logo\\\/image\\\/\",\"url\":\"https:\\\/\\\/www.castlevernie.nl\\\/wordpress\\\/wp-content\\\/uploads\\\/2025\\\/07\\\/header-logo-3.png\",\"contentUrl\":\"https:\\\/\\\/www.castlevernie.nl\\\/wordpress\\\/wp-content\\\/uploads\\\/2025\\\/07\\\/header-logo-3.png\",\"width\":780,\"height\":260,\"caption\":\"Castle Vernie\"},\"image\":{\"@id\":\"https:\\\/\\\/www.castlevernie.nl\\\/#\\\/schema\\\/logo\\\/image\\\/\"},\"sameAs\":[\"https:\\\/\\\/m.facebook.com\\\/Castle-Vernie-Fashion-Shop-110667857399440\"]}]}<\/script>\n<!-- \/ Yoast SEO plugin. -->","yoast_head_json":{"title":"Maxomorra T-shirt GOTS biologisch katoen \u2013 duurzaam & zacht","description":"Maxomorra T-shirt van 95% GOTS biologisch katoen en 5% elastine. Zacht, rekbaar en duurzaam geproduceerd. Perfect voor actieve kinderen.","robots":{"index":"index","follow":"follow","max-snippet":"max-snippet:-1","max-image-preview":"max-image-preview:large","max-video-preview":"max-video-preview:-1"},"canonical":"https:\/\/www.castlevernie.nl\/de\/produkt\/maxomorra-t-shirt-raglan-zeilboot\/","og_locale":"de_DE","og_type":"article","og_title":"Maxomorra T-shirt GOTS biologisch katoen \u2013 duurzaam & zacht","og_description":"Maxomorra T-shirt van 95% GOTS biologisch katoen en 5% elastine. Zacht, rekbaar en duurzaam geproduceerd. Perfect voor actieve kinderen.","og_url":"https:\/\/www.castlevernie.nl\/de\/produkt\/maxomorra-t-shirt-raglan-zeilboot\/","og_site_name":"Castle Vernie Fashion Shop","article_publisher":"https:\/\/m.facebook.com\/Castle-Vernie-Fashion-Shop-110667857399440","article_modified_time":"2026-03-27T07:29:45+00:00","og_image":[{"width":1024,"height":1024,"url":"https:\/\/www.castlevernie.nl\/wordpress\/wp-content\/uploads\/2026\/03\/Top_SS_Raglan_SAILBOAT_kidpix.webp","type":"image\/webp"}],"twitter_card":"summary_large_image","twitter_misc":{"Gesch\u00e4tzte Lesezeit":"2\u00a0Minuten"},"schema":{"@context":"https:\/\/schema.org","@graph":[{"@type":"WebPage","@id":"https:\/\/www.castlevernie.nl\/product\/maxomorra-t-shirt-raglan-zeilboot\/","url":"https:\/\/www.castlevernie.nl\/product\/maxomorra-t-shirt-raglan-zeilboot\/","name":"Maxomorra T-shirt GOTS biologisch katoen \u2013 duurzaam & zacht","isPartOf":{"@id":"https:\/\/www.castlevernie.nl\/#website"},"primaryImageOfPage":{"@id":"https:\/\/www.castlevernie.nl\/product\/maxomorra-t-shirt-raglan-zeilboot\/#primaryimage"},"image":{"@id":"https:\/\/www.castlevernie.nl\/product\/maxomorra-t-shirt-raglan-zeilboot\/#primaryimage"},"thumbnailUrl":"https:\/\/www.castlevernie.nl\/wordpress\/wp-content\/uploads\/2026\/03\/Top_SS_Raglan_SAILBOAT_kidpix.webp","datePublished":"2026-03-21T09:21:26+00:00","dateModified":"2026-03-27T07:29:45+00:00","description":"Maxomorra T-shirt van 95% GOTS biologisch katoen en 5% elastine. Zacht, rekbaar en duurzaam geproduceerd. Perfect voor actieve kinderen.","breadcrumb":{"@id":"https:\/\/www.castlevernie.nl\/product\/maxomorra-t-shirt-raglan-zeilboot\/#breadcrumb"},"inLanguage":"de","potentialAction":[{"@type":"ReadAction","target":["https:\/\/www.castlevernie.nl\/product\/maxomorra-t-shirt-raglan-zeilboot\/"]}]},{"@type":"ImageObject","inLanguage":"de","@id":"https:\/\/www.castlevernie.nl\/product\/maxomorra-t-shirt-raglan-zeilboot\/#primaryimage","url":"https:\/\/www.castlevernie.nl\/wordpress\/wp-content\/uploads\/2026\/03\/Top_SS_Raglan_SAILBOAT_kidpix.webp","contentUrl":"https:\/\/www.castlevernie.nl\/wordpress\/wp-content\/uploads\/2026\/03\/Top_SS_Raglan_SAILBOAT_kidpix.webp","width":1024,"height":1024,"caption":"Maxomorra Zeilboor SS T shirt kind"},{"@type":"BreadcrumbList","@id":"https:\/\/www.castlevernie.nl\/product\/maxomorra-t-shirt-raglan-zeilboot\/#breadcrumb","itemListElement":[{"@type":"ListItem","position":1,"name":"Home","item":"https:\/\/www.castlevernie.nl\/"},{"@type":"ListItem","position":2,"name":"Winkel","item":"https:\/\/www.castlevernie.nl\/winkel\/"},{"@type":"ListItem","position":3,"name":"Maxomorra &#8211; T-Shirt Raglan Zeilboot"}]},{"@type":"WebSite","@id":"https:\/\/www.castlevernie.nl\/#website","url":"https:\/\/www.castlevernie.nl\/","name":"Schloss Vernie Modegesch\u00e4ft","description":"","publisher":{"@id":"https:\/\/www.castlevernie.nl\/#organization"},"potentialAction":[{"@type":"SearchAction","target":{"@type":"EntryPoint","urlTemplate":"https:\/\/www.castlevernie.nl\/?s={search_term_string}"},"query-input":{"@type":"PropertyValueSpecification","valueRequired":true,"valueName":"search_term_string"}}],"inLanguage":"de"},{"@type":"Organization","@id":"https:\/\/www.castlevernie.nl\/#organization","name":"Castle Vernie","url":"https:\/\/www.castlevernie.nl\/","logo":{"@type":"ImageObject","inLanguage":"de","@id":"https:\/\/www.castlevernie.nl\/#\/schema\/logo\/image\/","url":"https:\/\/www.castlevernie.nl\/wordpress\/wp-content\/uploads\/2025\/07\/header-logo-3.png","contentUrl":"https:\/\/www.castlevernie.nl\/wordpress\/wp-content\/uploads\/2025\/07\/header-logo-3.png","width":780,"height":260,"caption":"Castle Vernie"},"image":{"@id":"https:\/\/www.castlevernie.nl\/#\/schema\/logo\/image\/"},"sameAs":["https:\/\/m.facebook.com\/Castle-Vernie-Fashion-Shop-110667857399440"]}]}},"_links":{"self":[{"href":"https:\/\/www.castlevernie.nl\/de\/wp-json\/wp\/v2\/product\/12922","targetHints":{"allow":["GET"]}}],"collection":[{"href":"https:\/\/www.castlevernie.nl\/de\/wp-json\/wp\/v2\/product"}],"about":[{"href":"https:\/\/www.castlevernie.nl\/de\/wp-json\/wp\/v2\/types\/product"}],"replies":[{"embeddable":true,"href":"https:\/\/www.castlevernie.nl\/de\/wp-json\/wp\/v2\/comments?post=12922"}],"wp:featuredmedia":[{"embeddable":true,"href":"https:\/\/www.castlevernie.nl\/de\/wp-json\/wp\/v2\/media\/12928"}],"wp:attachment":[{"href":"https:\/\/www.castlevernie.nl\/de\/wp-json\/wp\/v2\/media?parent=12922"}],"wp:term":[{"taxonomy":"product_brand","embeddable":true,"href":"https:\/\/www.castlevernie.nl\/de\/wp-json\/wp\/v2\/product_brand?post=12922"},{"taxonomy":"product_cat","embeddable":true,"href":"https:\/\/www.castlevernie.nl\/de\/wp-json\/wp\/v2\/product_cat?post=12922"},{"taxonomy":"product_tag","embeddable":true,"href":"https:\/\/www.castlevernie.nl\/de\/wp-json\/wp\/v2\/product_tag?post=12922"}],"curies":[{"name":"wp","href":"https:\/\/api.w.org\/{rel}","templated":true}]}}