{"id":12747,"date":"2026-02-17T08:17:19","date_gmt":"2026-02-17T08:17:19","guid":{"rendered":"https:\/\/www.castlevernie.nl\/?post_type=product&#038;p=12747"},"modified":"2026-02-17T08:20:29","modified_gmt":"2026-02-17T08:20:29","slug":"manymonths-wollen-legging-precious-dusty-grape","status":"publish","type":"product","link":"https:\/\/www.castlevernie.nl\/de\/produkt\/manymonths-wollen-legging-precious-dusty-grape\/","title":{"rendered":"Manymonths wollen Legging Precious Dusty Grape"},"content":{"rendered":"<h5>ManyMonths Legging \u2013 Bequeme Kinderleggings aus Merinowolle<\/h5>\n<p>VieleMonate Leggings ist ein nachhaltiges und bequemes Kleidungsst\u00fcck, speziell f\u00fcr Kinder entworfen, die sich frei bewegen m\u00f6chten. Diese Leggings besteht vollst\u00e4ndig aus hochwertiger Merinowolle, einem nat\u00fcrlichen Material, das sich weich auf der Haut anf\u00fchlt, atmungsaktiv ist und feuchtigkeitsregulierend wirkt. So bleibt dein Kind warm, ohne zu \u00fcberhitzen, ideal sowohl f\u00fcr drinnen als auch drau\u00dfen.<\/p>\n<p>Dank des cleveren, dehnbaren Designs w\u00e4chst die ManyMonths Leggings mit Ihrem Kind mit. Die Leggings hat einen flexiblen Bund und weiche B\u00fcndchen an den Kn\u00f6cheln, wodurch sie perfekt sitzt, auch w\u00e4hrend aktiver Spielzeiten. Ob Ihr Kind nun rennt, krabbelt oder springt, die Leggings bietet maximale Bewegungsfreiheit und Komfort.<\/p>\n<p>Merinowolle hat zudem einzigartige Eigenschaften: Sie ist von Natur aus geruchsabweisend und temperaturregulierend, wodurch die Leggings l\u00e4nger frisch bleibt und ideal f\u00fcr den t\u00e4glichen Gebrauch ist. Au\u00dferdem ist Merinowolle eine umweltfreundliche Wahl, da sie biologisch abbaubar ist und unter fairen Bedingungen hergestellt wird. Dies macht die ManyMonths-Leggings zu einer verantwortungsvollen und nachhaltigen Investition f\u00fcr Eltern, die Wert auf Qualit\u00e4t und \u00d6kologie legen.<\/p>\n<p>Die Leggings ist in verschiedenen Farben und Gr\u00f6\u00dfen erh\u00e4ltlich und eignet sich sowohl f\u00fcr Jungen als auch f\u00fcr M\u00e4dchen. Kombinieren Sie die ManyMonths Leggings einfach mit anderen nachhaltigen Kleidungsst\u00fccken wie Shirts, Jacken oder Bodys derselben Marke. So stellen Sie schnell eine umweltfreundliche und bequeme Garderobe zusammen, die viele Jahre h\u00e4lt.<\/p>\n<p>Kurz gesagt, die ManyMonths Leggings aus Merinowolle bieten eine perfekte Mischung aus Komfort, Langlebigkeit und praktischer Funktionalit\u00e4t. W\u00e4hlen Sie diese Leggings und geben Sie Ihrem Kind Kleidung, die weich, atmungsaktiv und nachhaltig ist \u2013 eine kluge Wahl sowohl f\u00fcr Kinder als auch f\u00fcr die Umwelt.<\/p>\n<table class=\"sizetable\" border=\"0\" width=\"50%\" cellspacing=\"0\" cellpadding=\"4\">\n<tbody>\n<tr>\n<th scope=\"row\" align=\"left\"><\/th>\n<td><strong>Leeftijd<\/strong><\/td>\n<td><strong>cm<\/strong><\/td>\n<\/tr>\n<tr>\n<th scope=\"row\" align=\"left\" width=\"35%\">Miracle<\/th>\n<td width=\"33%\">Preemie<\/td>\n<td width=\"32%\">44\u201350 cm<\/td>\n<\/tr>\n<tr>\n<th scope=\"row\" align=\"left\">Newcomer<\/th>\n<td>0\u20133\/4 months<\/td>\n<td>50\u201356\/62 cm<\/td>\n<\/tr>\n<tr>\n<th scope=\"row\" align=\"left\">Charmer<\/th>\n<td>3\u20136\/9 months<\/td>\n<td>62\u201368\/74 cm<\/td>\n<\/tr>\n<tr>\n<th scope=\"row\" align=\"left\">Explorer<\/th>\n<td>6\u201312\/18 months<\/td>\n<td>68\u201380\/86 cm<\/td>\n<\/tr>\n<tr>\n<th scope=\"row\" align=\"left\">Adventurer<\/th>\n<td>1\u20132\/2,5 years<\/td>\n<td>80\u201392\/98 cm<\/td>\n<\/tr>\n<tr>\n<th scope=\"row\" align=\"left\">Conqueror<\/th>\n<td>3\u20134,5\/5 years<\/td>\n<td>98\u2013104\/110 cm<\/td>\n<\/tr>\n<tr>\n<th scope=\"row\" align=\"left\">Innovator<\/th>\n<td>5\u20137\/7,5 years<\/td>\n<td>110\u2013122\/128 cm<\/td>\n<\/tr>\n<tr>\n<th scope=\"row\" align=\"left\">Enthusiast<\/th>\n<td>8\u201310 years<\/td>\n<td>128\u2212134\/140 cm<\/td>\n<\/tr>\n<tr>\n<th scope=\"row\" align=\"left\">Innovator&amp;Beyond<\/th>\n<td>5 years \u2013 adult<\/td>\n<td>110 cm\u2013M-size<\/td>\n<\/tr>\n<\/tbody>\n<\/table>","protected":false},"excerpt":{"rendered":"<p>ManyMonths Legging \u2013 Comfortabele Merinowollen Kinderlegging ManyMonths Legging is een duurzaam en comfortabel kledingstuk, speciaal ontworpen voor kinderen die vrij willen bewegen. Deze legging is volledig gemaakt van hoogwaardige merinowol, een natuurlijk materiaal dat zacht aanvoelt op de huid, ademend is en vochtregulerend werkt. Hierdoor blijft je kind warm zonder oververhit te raken, ideaal voor [&hellip;]<\/p>\n","protected":false},"featured_media":12749,"comment_status":"open","ping_status":"closed","template":"","meta":[],"product_brand":[520],"product_cat":[50,49],"product_tag":[732,724],"class_list":{"0":"post-12747","1":"product","2":"type-product","3":"status-publish","4":"has-post-thumbnail","6":"product_brand-manymonths","7":"product_cat-maat-110-116","8":"product_cat-maat-98-104","9":"product_tag-herfst-winter-kinderkleding","10":"product_tag-winterkleding-kinderen","12":"first","13":"instock","14":"taxable","15":"shipping-taxable","16":"purchasable","17":"product-type-variable"},"yoast_head":"<!-- This site is optimized with the Yoast SEO plugin v27.4 - https:\/\/yoast.com\/product\/yoast-seo-wordpress\/ -->\n<title>ManyMonths Legging \u2013 Comfortabele Merinowollen Kinderlegging<\/title>\n<meta name=\"description\" content=\"ManyMonths Legging van merinowol: zachte, duurzame kinderlegging. Ademend, warm en perfect voor actief spel. Milieubewuste keuze voor ouders.\" \/>\n<meta name=\"robots\" content=\"index, follow, max-snippet:-1, max-image-preview:large, max-video-preview:-1\" \/>\n<link rel=\"canonical\" href=\"https:\/\/www.castlevernie.nl\/de\/produkt\/manymonths-wollen-legging-precious-dusty-grape\/\" \/>\n<meta property=\"og:locale\" content=\"de_DE\" \/>\n<meta property=\"og:type\" content=\"article\" \/>\n<meta property=\"og:title\" content=\"ManyMonths Legging \u2013 Comfortabele Merinowollen Kinderlegging\" \/>\n<meta property=\"og:description\" content=\"ManyMonths Legging van merinowol: zachte, duurzame kinderlegging. Ademend, warm en perfect voor actief spel. Milieubewuste keuze voor ouders.\" \/>\n<meta property=\"og:url\" content=\"https:\/\/www.castlevernie.nl\/de\/produkt\/manymonths-wollen-legging-precious-dusty-grape\/\" \/>\n<meta property=\"og:site_name\" content=\"Castle Vernie Fashion Shop\" \/>\n<meta property=\"article:publisher\" content=\"https:\/\/m.facebook.com\/Castle-Vernie-Fashion-Shop-110667857399440\" \/>\n<meta property=\"article:modified_time\" content=\"2026-02-17T08:20:29+00:00\" \/>\n<meta property=\"og:image\" content=\"https:\/\/www.castlevernie.nl\/wordpress\/wp-content\/uploads\/2026\/02\/dusty-grape-legging-manymonths.webp\" \/>\n\t<meta property=\"og:image:width\" content=\"500\" \/>\n\t<meta property=\"og:image:height\" content=\"500\" \/>\n\t<meta property=\"og:image:type\" content=\"image\/webp\" \/>\n<meta name=\"twitter:card\" content=\"summary_large_image\" \/>\n<meta name=\"twitter:label1\" content=\"Gesch\u00e4tzte Lesezeit\" \/>\n\t<meta name=\"twitter:data1\" content=\"2\u00a0Minuten\" \/>\n<script type=\"application\/ld+json\" class=\"yoast-schema-graph\">{\"@context\":\"https:\\\/\\\/schema.org\",\"@graph\":[{\"@type\":\"WebPage\",\"@id\":\"https:\\\/\\\/www.castlevernie.nl\\\/product\\\/manymonths-wollen-legging-precious-dusty-grape\\\/\",\"url\":\"https:\\\/\\\/www.castlevernie.nl\\\/product\\\/manymonths-wollen-legging-precious-dusty-grape\\\/\",\"name\":\"ManyMonths Legging \u2013 Comfortabele Merinowollen Kinderlegging\",\"isPartOf\":{\"@id\":\"https:\\\/\\\/www.castlevernie.nl\\\/#website\"},\"primaryImageOfPage\":{\"@id\":\"https:\\\/\\\/www.castlevernie.nl\\\/product\\\/manymonths-wollen-legging-precious-dusty-grape\\\/#primaryimage\"},\"image\":{\"@id\":\"https:\\\/\\\/www.castlevernie.nl\\\/product\\\/manymonths-wollen-legging-precious-dusty-grape\\\/#primaryimage\"},\"thumbnailUrl\":\"https:\\\/\\\/www.castlevernie.nl\\\/wordpress\\\/wp-content\\\/uploads\\\/2026\\\/02\\\/dusty-grape-legging-manymonths.webp\",\"datePublished\":\"2026-02-17T08:17:19+00:00\",\"dateModified\":\"2026-02-17T08:20:29+00:00\",\"description\":\"ManyMonths Legging van merinowol: zachte, duurzame kinderlegging. Ademend, warm en perfect voor actief spel. Milieubewuste keuze voor ouders.\",\"breadcrumb\":{\"@id\":\"https:\\\/\\\/www.castlevernie.nl\\\/product\\\/manymonths-wollen-legging-precious-dusty-grape\\\/#breadcrumb\"},\"inLanguage\":\"de\",\"potentialAction\":[{\"@type\":\"ReadAction\",\"target\":[\"https:\\\/\\\/www.castlevernie.nl\\\/product\\\/manymonths-wollen-legging-precious-dusty-grape\\\/\"]}]},{\"@type\":\"ImageObject\",\"inLanguage\":\"de\",\"@id\":\"https:\\\/\\\/www.castlevernie.nl\\\/product\\\/manymonths-wollen-legging-precious-dusty-grape\\\/#primaryimage\",\"url\":\"https:\\\/\\\/www.castlevernie.nl\\\/wordpress\\\/wp-content\\\/uploads\\\/2026\\\/02\\\/dusty-grape-legging-manymonths.webp\",\"contentUrl\":\"https:\\\/\\\/www.castlevernie.nl\\\/wordpress\\\/wp-content\\\/uploads\\\/2026\\\/02\\\/dusty-grape-legging-manymonths.webp\",\"width\":500,\"height\":500,\"caption\":\"Dusty Grape Manymonths legging Conquerer\"},{\"@type\":\"BreadcrumbList\",\"@id\":\"https:\\\/\\\/www.castlevernie.nl\\\/product\\\/manymonths-wollen-legging-precious-dusty-grape\\\/#breadcrumb\",\"itemListElement\":[{\"@type\":\"ListItem\",\"position\":1,\"name\":\"Home\",\"item\":\"https:\\\/\\\/www.castlevernie.nl\\\/\"},{\"@type\":\"ListItem\",\"position\":2,\"name\":\"Winkel\",\"item\":\"https:\\\/\\\/www.castlevernie.nl\\\/winkel\\\/\"},{\"@type\":\"ListItem\",\"position\":3,\"name\":\"Manymonths wollen Legging Precious Dusty Grape\"}]},{\"@type\":\"WebSite\",\"@id\":\"https:\\\/\\\/www.castlevernie.nl\\\/#website\",\"url\":\"https:\\\/\\\/www.castlevernie.nl\\\/\",\"name\":\"Castle Vernie Fashion Shop\",\"description\":\"\",\"publisher\":{\"@id\":\"https:\\\/\\\/www.castlevernie.nl\\\/#organization\"},\"potentialAction\":[{\"@type\":\"SearchAction\",\"target\":{\"@type\":\"EntryPoint\",\"urlTemplate\":\"https:\\\/\\\/www.castlevernie.nl\\\/?s={search_term_string}\"},\"query-input\":{\"@type\":\"PropertyValueSpecification\",\"valueRequired\":true,\"valueName\":\"search_term_string\"}}],\"inLanguage\":\"de\"},{\"@type\":\"Organization\",\"@id\":\"https:\\\/\\\/www.castlevernie.nl\\\/#organization\",\"name\":\"Castle Vernie\",\"url\":\"https:\\\/\\\/www.castlevernie.nl\\\/\",\"logo\":{\"@type\":\"ImageObject\",\"inLanguage\":\"de\",\"@id\":\"https:\\\/\\\/www.castlevernie.nl\\\/#\\\/schema\\\/logo\\\/image\\\/\",\"url\":\"https:\\\/\\\/www.castlevernie.nl\\\/wordpress\\\/wp-content\\\/uploads\\\/2025\\\/07\\\/header-logo-3.png\",\"contentUrl\":\"https:\\\/\\\/www.castlevernie.nl\\\/wordpress\\\/wp-content\\\/uploads\\\/2025\\\/07\\\/header-logo-3.png\",\"width\":780,\"height\":260,\"caption\":\"Castle Vernie\"},\"image\":{\"@id\":\"https:\\\/\\\/www.castlevernie.nl\\\/#\\\/schema\\\/logo\\\/image\\\/\"},\"sameAs\":[\"https:\\\/\\\/m.facebook.com\\\/Castle-Vernie-Fashion-Shop-110667857399440\"]}]}<\/script>\n<!-- \/ Yoast SEO plugin. -->","yoast_head_json":{"title":"ManyMonths Legging \u2013 Bequeme Kinderleggings aus Merinowolle","description":"ManyMonths Legging van merinowol: zachte, duurzame kinderlegging. Ademend, warm en perfect voor actief spel. Milieubewuste keuze voor ouders.","robots":{"index":"index","follow":"follow","max-snippet":"max-snippet:-1","max-image-preview":"max-image-preview:large","max-video-preview":"max-video-preview:-1"},"canonical":"https:\/\/www.castlevernie.nl\/de\/produkt\/manymonths-wollen-legging-precious-dusty-grape\/","og_locale":"de_DE","og_type":"article","og_title":"ManyMonths Legging \u2013 Comfortabele Merinowollen Kinderlegging","og_description":"ManyMonths Legging van merinowol: zachte, duurzame kinderlegging. Ademend, warm en perfect voor actief spel. Milieubewuste keuze voor ouders.","og_url":"https:\/\/www.castlevernie.nl\/de\/produkt\/manymonths-wollen-legging-precious-dusty-grape\/","og_site_name":"Castle Vernie Fashion Shop","article_publisher":"https:\/\/m.facebook.com\/Castle-Vernie-Fashion-Shop-110667857399440","article_modified_time":"2026-02-17T08:20:29+00:00","og_image":[{"width":500,"height":500,"url":"https:\/\/www.castlevernie.nl\/wordpress\/wp-content\/uploads\/2026\/02\/dusty-grape-legging-manymonths.webp","type":"image\/webp"}],"twitter_card":"summary_large_image","twitter_misc":{"Gesch\u00e4tzte Lesezeit":"2\u00a0Minuten"},"schema":{"@context":"https:\/\/schema.org","@graph":[{"@type":"WebPage","@id":"https:\/\/www.castlevernie.nl\/product\/manymonths-wollen-legging-precious-dusty-grape\/","url":"https:\/\/www.castlevernie.nl\/product\/manymonths-wollen-legging-precious-dusty-grape\/","name":"ManyMonths Legging \u2013 Bequeme Kinderleggings aus Merinowolle","isPartOf":{"@id":"https:\/\/www.castlevernie.nl\/#website"},"primaryImageOfPage":{"@id":"https:\/\/www.castlevernie.nl\/product\/manymonths-wollen-legging-precious-dusty-grape\/#primaryimage"},"image":{"@id":"https:\/\/www.castlevernie.nl\/product\/manymonths-wollen-legging-precious-dusty-grape\/#primaryimage"},"thumbnailUrl":"https:\/\/www.castlevernie.nl\/wordpress\/wp-content\/uploads\/2026\/02\/dusty-grape-legging-manymonths.webp","datePublished":"2026-02-17T08:17:19+00:00","dateModified":"2026-02-17T08:20:29+00:00","description":"ManyMonths Legging van merinowol: zachte, duurzame kinderlegging. Ademend, warm en perfect voor actief spel. Milieubewuste keuze voor ouders.","breadcrumb":{"@id":"https:\/\/www.castlevernie.nl\/product\/manymonths-wollen-legging-precious-dusty-grape\/#breadcrumb"},"inLanguage":"de","potentialAction":[{"@type":"ReadAction","target":["https:\/\/www.castlevernie.nl\/product\/manymonths-wollen-legging-precious-dusty-grape\/"]}]},{"@type":"ImageObject","inLanguage":"de","@id":"https:\/\/www.castlevernie.nl\/product\/manymonths-wollen-legging-precious-dusty-grape\/#primaryimage","url":"https:\/\/www.castlevernie.nl\/wordpress\/wp-content\/uploads\/2026\/02\/dusty-grape-legging-manymonths.webp","contentUrl":"https:\/\/www.castlevernie.nl\/wordpress\/wp-content\/uploads\/2026\/02\/dusty-grape-legging-manymonths.webp","width":500,"height":500,"caption":"Dusty Grape Manymonths legging Conquerer"},{"@type":"BreadcrumbList","@id":"https:\/\/www.castlevernie.nl\/product\/manymonths-wollen-legging-precious-dusty-grape\/#breadcrumb","itemListElement":[{"@type":"ListItem","position":1,"name":"Home","item":"https:\/\/www.castlevernie.nl\/"},{"@type":"ListItem","position":2,"name":"Winkel","item":"https:\/\/www.castlevernie.nl\/winkel\/"},{"@type":"ListItem","position":3,"name":"Manymonths wollen Legging Precious Dusty Grape"}]},{"@type":"WebSite","@id":"https:\/\/www.castlevernie.nl\/#website","url":"https:\/\/www.castlevernie.nl\/","name":"Schloss Vernie Modegesch\u00e4ft","description":"","publisher":{"@id":"https:\/\/www.castlevernie.nl\/#organization"},"potentialAction":[{"@type":"SearchAction","target":{"@type":"EntryPoint","urlTemplate":"https:\/\/www.castlevernie.nl\/?s={search_term_string}"},"query-input":{"@type":"PropertyValueSpecification","valueRequired":true,"valueName":"search_term_string"}}],"inLanguage":"de"},{"@type":"Organization","@id":"https:\/\/www.castlevernie.nl\/#organization","name":"Castle Vernie","url":"https:\/\/www.castlevernie.nl\/","logo":{"@type":"ImageObject","inLanguage":"de","@id":"https:\/\/www.castlevernie.nl\/#\/schema\/logo\/image\/","url":"https:\/\/www.castlevernie.nl\/wordpress\/wp-content\/uploads\/2025\/07\/header-logo-3.png","contentUrl":"https:\/\/www.castlevernie.nl\/wordpress\/wp-content\/uploads\/2025\/07\/header-logo-3.png","width":780,"height":260,"caption":"Castle Vernie"},"image":{"@id":"https:\/\/www.castlevernie.nl\/#\/schema\/logo\/image\/"},"sameAs":["https:\/\/m.facebook.com\/Castle-Vernie-Fashion-Shop-110667857399440"]}]}},"_links":{"self":[{"href":"https:\/\/www.castlevernie.nl\/de\/wp-json\/wp\/v2\/product\/12747","targetHints":{"allow":["GET"]}}],"collection":[{"href":"https:\/\/www.castlevernie.nl\/de\/wp-json\/wp\/v2\/product"}],"about":[{"href":"https:\/\/www.castlevernie.nl\/de\/wp-json\/wp\/v2\/types\/product"}],"replies":[{"embeddable":true,"href":"https:\/\/www.castlevernie.nl\/de\/wp-json\/wp\/v2\/comments?post=12747"}],"wp:featuredmedia":[{"embeddable":true,"href":"https:\/\/www.castlevernie.nl\/de\/wp-json\/wp\/v2\/media\/12749"}],"wp:attachment":[{"href":"https:\/\/www.castlevernie.nl\/de\/wp-json\/wp\/v2\/media?parent=12747"}],"wp:term":[{"taxonomy":"product_brand","embeddable":true,"href":"https:\/\/www.castlevernie.nl\/de\/wp-json\/wp\/v2\/product_brand?post=12747"},{"taxonomy":"product_cat","embeddable":true,"href":"https:\/\/www.castlevernie.nl\/de\/wp-json\/wp\/v2\/product_cat?post=12747"},{"taxonomy":"product_tag","embeddable":true,"href":"https:\/\/www.castlevernie.nl\/de\/wp-json\/wp\/v2\/product_tag?post=12747"}],"curies":[{"name":"wp","href":"https:\/\/api.w.org\/{rel}","templated":true}]}}