{"id":12640,"date":"2026-01-30T21:36:26","date_gmt":"2026-01-30T21:36:26","guid":{"rendered":"https:\/\/www.castlevernie.nl\/?post_type=product&#038;p=12640"},"modified":"2026-01-30T21:38:05","modified_gmt":"2026-01-30T21:38:05","slug":"iobio-wolzijde-strikmutsje-sage-green","status":"publish","type":"product","link":"https:\/\/www.castlevernie.nl\/de\/produkt\/iobio-wolzijde-strikmutsje-sage-green\/","title":{"rendered":"IOBIO \u2013 Wollseite M\u00fctze mit Schleife Sage Green"},"content":{"rendered":"<h5>IOBIO Wool Silk Bow Hat Baby \u2013 Weich, warm und nat\u00fcrlich<\/h5>\n<p>Machen Sie das Outfit Ihres Kleinen mit der IOBIO Woll-Seiden-M\u00fctze f\u00fcr Babys komplett. Diese s\u00fc\u00dfe M\u00fctze besteht aus einer weichen Mischung aus Bio-Wolle und Seide und bietet optimale W\u00e4rme und Komfort f\u00fcr empfindliche Babyhaut. Perfekt f\u00fcr den t\u00e4glichen Gebrauch oder um Ihr Baby an k\u00fchleren Tagen besonders gem\u00fctlich einzupacken.<\/p>\n<p>Der nat\u00fcrliche Wollseidenstoff reguliert die Feuchtigkeit auf nat\u00fcrliche Weise und h\u00e4lt Ihr Kind warm, ohne zu \u00fcberhitzen. Die Seide verleiht dem Hut ein luxuri\u00f6s weiches Gef\u00fchl, das den Hut wunderbar bequem macht, selbst f\u00fcr die Kleinen. Die Schleife oben sorgt f\u00fcr einen s\u00fc\u00dfen und stilvollen Akzent, ideal f\u00fcr Fotos, Reisen oder als Teil eines kompletten IOBIO-Outfits.<\/p>\n<p>Dank des elastischen Designs sitzt die IOBIO Woll-Seide-M\u00fctze f\u00fcr Babys perfekt, ohne zu dr\u00fccken. Kombinieren Sie sie mit einer IOBIO Woll-Seide-Hose, einem Body oder einem J\u00e4ckchen f\u00fcr einen weichen, nat\u00fcrlichen und stilvollen Look.<\/p>\n<p>Eltern sch\u00e4tzen IOBIO wegen der Qualit\u00e4t und Langlebigkeit. Die M\u00fctze ist pflegeleicht und beh\u00e4lt ihre Weichheit und nat\u00fcrlichen Eigenschaften auch nach mehreren Waschg\u00e4ngen.<\/p>\n<p>Kurz gesagt, die IOBIO Wollseiden-M\u00fctze mit Schleife ist ein Muss f\u00fcr jeden Elternteil, der sein Baby weich, warm und stilvoll halten m\u00f6chte. Nat\u00fcrlich, praktisch und unwiderstehlich s\u00fc\u00df!<\/p>","protected":false},"excerpt":{"rendered":"<p>IOBIO Wolzijde Strikmutsje Baby \u2013 Zacht, Warm &amp; Natuurlijk Maak de outfit van je kleintje compleet met het IOBIO wolzijde strikmutsje voor baby\u2019s. Dit schattige mutsje is gemaakt van een zachte mix van biologisch wol en zijde, en biedt optimale warmte en comfort voor gevoelige babyhuidjes. Perfect voor dagelijks gebruik of om je baby extra [&hellip;]<\/p>\n","protected":false},"featured_media":12643,"comment_status":"open","ping_status":"closed","template":"","meta":[],"product_brand":[531],"product_cat":[588,46,16],"product_tag":[698],"class_list":{"0":"post-12640","1":"product","2":"type-product","3":"status-publish","4":"has-post-thumbnail","6":"product_brand-popolini-iobio","7":"product_cat-alles-van-wol-zijde","8":"product_cat-maat-62-68","9":"product_cat-newborn","10":"product_tag-wollen-strikmutsjes-baby-newborn-prematuur","12":"first","13":"instock","14":"taxable","15":"shipping-taxable","16":"purchasable","17":"product-type-variable"},"yoast_head":"<!-- This site is optimized with the Yoast SEO plugin v27.4 - https:\/\/yoast.com\/product\/yoast-seo-wordpress\/ -->\n<title>IOBIO Wolzijde Strikmutsje Baby \u2013 Zacht, Warm &amp; Natuurlijk<\/title>\n<meta name=\"description\" content=\"IOBIO wolzijde strikmutsje baby \u2013 zacht, warm en natuurlijk. Perfect voor gevoelige huidjes en ideaal te combineren met andere IOBIO kleding.\" \/>\n<meta name=\"robots\" content=\"index, follow, max-snippet:-1, max-image-preview:large, max-video-preview:-1\" \/>\n<link rel=\"canonical\" href=\"https:\/\/www.castlevernie.nl\/de\/produkt\/iobio-wolzijde-strikmutsje-sage-green\/\" \/>\n<meta property=\"og:locale\" content=\"de_DE\" \/>\n<meta property=\"og:type\" content=\"article\" \/>\n<meta property=\"og:title\" content=\"IOBIO Wolzijde Strikmutsje Baby \u2013 Zacht, Warm &amp; Natuurlijk\" \/>\n<meta property=\"og:description\" content=\"IOBIO wolzijde strikmutsje baby \u2013 zacht, warm en natuurlijk. Perfect voor gevoelige huidjes en ideaal te combineren met andere IOBIO kleding.\" \/>\n<meta property=\"og:url\" content=\"https:\/\/www.castlevernie.nl\/de\/produkt\/iobio-wolzijde-strikmutsje-sage-green\/\" \/>\n<meta property=\"og:site_name\" content=\"Castle Vernie Fashion Shop\" \/>\n<meta property=\"article:publisher\" content=\"https:\/\/m.facebook.com\/Castle-Vernie-Fashion-Shop-110667857399440\" \/>\n<meta property=\"article:modified_time\" content=\"2026-01-30T21:38:05+00:00\" \/>\n<meta property=\"og:image\" content=\"https:\/\/www.castlevernie.nl\/wordpress\/wp-content\/uploads\/2026\/01\/WhatsApp-Image-2026-01-27-at-22.00.00-1.webp\" \/>\n\t<meta property=\"og:image:width\" content=\"560\" \/>\n\t<meta property=\"og:image:height\" content=\"560\" \/>\n\t<meta property=\"og:image:type\" content=\"image\/webp\" \/>\n<meta name=\"twitter:card\" content=\"summary_large_image\" \/>\n<meta name=\"twitter:label1\" content=\"Gesch\u00e4tzte Lesezeit\" \/>\n\t<meta name=\"twitter:data1\" content=\"2\u00a0Minuten\" \/>\n<script type=\"application\/ld+json\" class=\"yoast-schema-graph\">{\"@context\":\"https:\\\/\\\/schema.org\",\"@graph\":[{\"@type\":\"WebPage\",\"@id\":\"https:\\\/\\\/www.castlevernie.nl\\\/product\\\/iobio-wolzijde-strikmutsje-sage-green\\\/\",\"url\":\"https:\\\/\\\/www.castlevernie.nl\\\/product\\\/iobio-wolzijde-strikmutsje-sage-green\\\/\",\"name\":\"IOBIO Wolzijde Strikmutsje Baby \u2013 Zacht, Warm & Natuurlijk\",\"isPartOf\":{\"@id\":\"https:\\\/\\\/www.castlevernie.nl\\\/#website\"},\"primaryImageOfPage\":{\"@id\":\"https:\\\/\\\/www.castlevernie.nl\\\/product\\\/iobio-wolzijde-strikmutsje-sage-green\\\/#primaryimage\"},\"image\":{\"@id\":\"https:\\\/\\\/www.castlevernie.nl\\\/product\\\/iobio-wolzijde-strikmutsje-sage-green\\\/#primaryimage\"},\"thumbnailUrl\":\"https:\\\/\\\/www.castlevernie.nl\\\/wordpress\\\/wp-content\\\/uploads\\\/2026\\\/01\\\/WhatsApp-Image-2026-01-27-at-22.00.00-1.webp\",\"datePublished\":\"2026-01-30T21:36:26+00:00\",\"dateModified\":\"2026-01-30T21:38:05+00:00\",\"description\":\"IOBIO wolzijde strikmutsje baby \u2013 zacht, warm en natuurlijk. Perfect voor gevoelige huidjes en ideaal te combineren met andere IOBIO kleding.\",\"breadcrumb\":{\"@id\":\"https:\\\/\\\/www.castlevernie.nl\\\/product\\\/iobio-wolzijde-strikmutsje-sage-green\\\/#breadcrumb\"},\"inLanguage\":\"de\",\"potentialAction\":[{\"@type\":\"ReadAction\",\"target\":[\"https:\\\/\\\/www.castlevernie.nl\\\/product\\\/iobio-wolzijde-strikmutsje-sage-green\\\/\"]}]},{\"@type\":\"ImageObject\",\"inLanguage\":\"de\",\"@id\":\"https:\\\/\\\/www.castlevernie.nl\\\/product\\\/iobio-wolzijde-strikmutsje-sage-green\\\/#primaryimage\",\"url\":\"https:\\\/\\\/www.castlevernie.nl\\\/wordpress\\\/wp-content\\\/uploads\\\/2026\\\/01\\\/WhatsApp-Image-2026-01-27-at-22.00.00-1.webp\",\"contentUrl\":\"https:\\\/\\\/www.castlevernie.nl\\\/wordpress\\\/wp-content\\\/uploads\\\/2026\\\/01\\\/WhatsApp-Image-2026-01-27-at-22.00.00-1.webp\",\"width\":560,\"height\":560,\"caption\":\"IOBIO wolzijde strikmutsje Sage Green\"},{\"@type\":\"BreadcrumbList\",\"@id\":\"https:\\\/\\\/www.castlevernie.nl\\\/product\\\/iobio-wolzijde-strikmutsje-sage-green\\\/#breadcrumb\",\"itemListElement\":[{\"@type\":\"ListItem\",\"position\":1,\"name\":\"Home\",\"item\":\"https:\\\/\\\/www.castlevernie.nl\\\/\"},{\"@type\":\"ListItem\",\"position\":2,\"name\":\"Winkel\",\"item\":\"https:\\\/\\\/www.castlevernie.nl\\\/winkel\\\/\"},{\"@type\":\"ListItem\",\"position\":3,\"name\":\"IOBIO &#8211; Wolzijde Strikmutsje Sage Green\"}]},{\"@type\":\"WebSite\",\"@id\":\"https:\\\/\\\/www.castlevernie.nl\\\/#website\",\"url\":\"https:\\\/\\\/www.castlevernie.nl\\\/\",\"name\":\"Castle Vernie Fashion Shop\",\"description\":\"\",\"publisher\":{\"@id\":\"https:\\\/\\\/www.castlevernie.nl\\\/#organization\"},\"potentialAction\":[{\"@type\":\"SearchAction\",\"target\":{\"@type\":\"EntryPoint\",\"urlTemplate\":\"https:\\\/\\\/www.castlevernie.nl\\\/?s={search_term_string}\"},\"query-input\":{\"@type\":\"PropertyValueSpecification\",\"valueRequired\":true,\"valueName\":\"search_term_string\"}}],\"inLanguage\":\"de\"},{\"@type\":\"Organization\",\"@id\":\"https:\\\/\\\/www.castlevernie.nl\\\/#organization\",\"name\":\"Castle Vernie\",\"url\":\"https:\\\/\\\/www.castlevernie.nl\\\/\",\"logo\":{\"@type\":\"ImageObject\",\"inLanguage\":\"de\",\"@id\":\"https:\\\/\\\/www.castlevernie.nl\\\/#\\\/schema\\\/logo\\\/image\\\/\",\"url\":\"https:\\\/\\\/www.castlevernie.nl\\\/wordpress\\\/wp-content\\\/uploads\\\/2025\\\/07\\\/header-logo-3.png\",\"contentUrl\":\"https:\\\/\\\/www.castlevernie.nl\\\/wordpress\\\/wp-content\\\/uploads\\\/2025\\\/07\\\/header-logo-3.png\",\"width\":780,\"height\":260,\"caption\":\"Castle Vernie\"},\"image\":{\"@id\":\"https:\\\/\\\/www.castlevernie.nl\\\/#\\\/schema\\\/logo\\\/image\\\/\"},\"sameAs\":[\"https:\\\/\\\/m.facebook.com\\\/Castle-Vernie-Fashion-Shop-110667857399440\"]}]}<\/script>\n<!-- \/ Yoast SEO plugin. -->","yoast_head_json":{"title":"IOBIO Wolzijde Strikmutsje Baby \u2013 Zacht, Warm & Natuurlijk","description":"IOBIO wolzijde strikmutsje baby \u2013 zacht, warm en natuurlijk. Perfect voor gevoelige huidjes en ideaal te combineren met andere IOBIO kleding.","robots":{"index":"index","follow":"follow","max-snippet":"max-snippet:-1","max-image-preview":"max-image-preview:large","max-video-preview":"max-video-preview:-1"},"canonical":"https:\/\/www.castlevernie.nl\/de\/produkt\/iobio-wolzijde-strikmutsje-sage-green\/","og_locale":"de_DE","og_type":"article","og_title":"IOBIO Wolzijde Strikmutsje Baby \u2013 Zacht, Warm & Natuurlijk","og_description":"IOBIO wolzijde strikmutsje baby \u2013 zacht, warm en natuurlijk. Perfect voor gevoelige huidjes en ideaal te combineren met andere IOBIO kleding.","og_url":"https:\/\/www.castlevernie.nl\/de\/produkt\/iobio-wolzijde-strikmutsje-sage-green\/","og_site_name":"Castle Vernie Fashion Shop","article_publisher":"https:\/\/m.facebook.com\/Castle-Vernie-Fashion-Shop-110667857399440","article_modified_time":"2026-01-30T21:38:05+00:00","og_image":[{"width":560,"height":560,"url":"https:\/\/www.castlevernie.nl\/wordpress\/wp-content\/uploads\/2026\/01\/WhatsApp-Image-2026-01-27-at-22.00.00-1.webp","type":"image\/webp"}],"twitter_card":"summary_large_image","twitter_misc":{"Gesch\u00e4tzte Lesezeit":"2\u00a0Minuten"},"schema":{"@context":"https:\/\/schema.org","@graph":[{"@type":"WebPage","@id":"https:\/\/www.castlevernie.nl\/product\/iobio-wolzijde-strikmutsje-sage-green\/","url":"https:\/\/www.castlevernie.nl\/product\/iobio-wolzijde-strikmutsje-sage-green\/","name":"IOBIO Wolzijde Strikmutsje Baby \u2013 Zacht, Warm & Natuurlijk","isPartOf":{"@id":"https:\/\/www.castlevernie.nl\/#website"},"primaryImageOfPage":{"@id":"https:\/\/www.castlevernie.nl\/product\/iobio-wolzijde-strikmutsje-sage-green\/#primaryimage"},"image":{"@id":"https:\/\/www.castlevernie.nl\/product\/iobio-wolzijde-strikmutsje-sage-green\/#primaryimage"},"thumbnailUrl":"https:\/\/www.castlevernie.nl\/wordpress\/wp-content\/uploads\/2026\/01\/WhatsApp-Image-2026-01-27-at-22.00.00-1.webp","datePublished":"2026-01-30T21:36:26+00:00","dateModified":"2026-01-30T21:38:05+00:00","description":"IOBIO wolzijde strikmutsje baby \u2013 zacht, warm en natuurlijk. Perfect voor gevoelige huidjes en ideaal te combineren met andere IOBIO kleding.","breadcrumb":{"@id":"https:\/\/www.castlevernie.nl\/product\/iobio-wolzijde-strikmutsje-sage-green\/#breadcrumb"},"inLanguage":"de","potentialAction":[{"@type":"ReadAction","target":["https:\/\/www.castlevernie.nl\/product\/iobio-wolzijde-strikmutsje-sage-green\/"]}]},{"@type":"ImageObject","inLanguage":"de","@id":"https:\/\/www.castlevernie.nl\/product\/iobio-wolzijde-strikmutsje-sage-green\/#primaryimage","url":"https:\/\/www.castlevernie.nl\/wordpress\/wp-content\/uploads\/2026\/01\/WhatsApp-Image-2026-01-27-at-22.00.00-1.webp","contentUrl":"https:\/\/www.castlevernie.nl\/wordpress\/wp-content\/uploads\/2026\/01\/WhatsApp-Image-2026-01-27-at-22.00.00-1.webp","width":560,"height":560,"caption":"IOBIO wolzijde strikmutsje Sage Green"},{"@type":"BreadcrumbList","@id":"https:\/\/www.castlevernie.nl\/product\/iobio-wolzijde-strikmutsje-sage-green\/#breadcrumb","itemListElement":[{"@type":"ListItem","position":1,"name":"Home","item":"https:\/\/www.castlevernie.nl\/"},{"@type":"ListItem","position":2,"name":"Winkel","item":"https:\/\/www.castlevernie.nl\/winkel\/"},{"@type":"ListItem","position":3,"name":"IOBIO &#8211; Wolzijde Strikmutsje Sage Green"}]},{"@type":"WebSite","@id":"https:\/\/www.castlevernie.nl\/#website","url":"https:\/\/www.castlevernie.nl\/","name":"Schloss Vernie Modegesch\u00e4ft","description":"","publisher":{"@id":"https:\/\/www.castlevernie.nl\/#organization"},"potentialAction":[{"@type":"SearchAction","target":{"@type":"EntryPoint","urlTemplate":"https:\/\/www.castlevernie.nl\/?s={search_term_string}"},"query-input":{"@type":"PropertyValueSpecification","valueRequired":true,"valueName":"search_term_string"}}],"inLanguage":"de"},{"@type":"Organization","@id":"https:\/\/www.castlevernie.nl\/#organization","name":"Castle Vernie","url":"https:\/\/www.castlevernie.nl\/","logo":{"@type":"ImageObject","inLanguage":"de","@id":"https:\/\/www.castlevernie.nl\/#\/schema\/logo\/image\/","url":"https:\/\/www.castlevernie.nl\/wordpress\/wp-content\/uploads\/2025\/07\/header-logo-3.png","contentUrl":"https:\/\/www.castlevernie.nl\/wordpress\/wp-content\/uploads\/2025\/07\/header-logo-3.png","width":780,"height":260,"caption":"Castle Vernie"},"image":{"@id":"https:\/\/www.castlevernie.nl\/#\/schema\/logo\/image\/"},"sameAs":["https:\/\/m.facebook.com\/Castle-Vernie-Fashion-Shop-110667857399440"]}]}},"_links":{"self":[{"href":"https:\/\/www.castlevernie.nl\/de\/wp-json\/wp\/v2\/product\/12640","targetHints":{"allow":["GET"]}}],"collection":[{"href":"https:\/\/www.castlevernie.nl\/de\/wp-json\/wp\/v2\/product"}],"about":[{"href":"https:\/\/www.castlevernie.nl\/de\/wp-json\/wp\/v2\/types\/product"}],"replies":[{"embeddable":true,"href":"https:\/\/www.castlevernie.nl\/de\/wp-json\/wp\/v2\/comments?post=12640"}],"wp:featuredmedia":[{"embeddable":true,"href":"https:\/\/www.castlevernie.nl\/de\/wp-json\/wp\/v2\/media\/12643"}],"wp:attachment":[{"href":"https:\/\/www.castlevernie.nl\/de\/wp-json\/wp\/v2\/media?parent=12640"}],"wp:term":[{"taxonomy":"product_brand","embeddable":true,"href":"https:\/\/www.castlevernie.nl\/de\/wp-json\/wp\/v2\/product_brand?post=12640"},{"taxonomy":"product_cat","embeddable":true,"href":"https:\/\/www.castlevernie.nl\/de\/wp-json\/wp\/v2\/product_cat?post=12640"},{"taxonomy":"product_tag","embeddable":true,"href":"https:\/\/www.castlevernie.nl\/de\/wp-json\/wp\/v2\/product_tag?post=12640"}],"curies":[{"name":"wp","href":"https:\/\/api.w.org\/{rel}","templated":true}]}}