{"id":12632,"date":"2026-01-30T21:29:50","date_gmt":"2026-01-30T21:29:50","guid":{"rendered":"https:\/\/www.castlevernie.nl\/?post_type=product&#038;p=12632"},"modified":"2026-01-30T21:40:31","modified_gmt":"2026-01-30T21:40:31","slug":"iobio-wolzijde-broek-mauve","status":"publish","type":"product","link":"https:\/\/www.castlevernie.nl\/de\/produkt\/iobio-wolzijde-broek-mauve\/","title":{"rendered":"IOBIO \u2013 Hosen aus Wollseite Mauve"},"content":{"rendered":"<h5>IOBIO Wolzijde Broek Baby \u2013 Natuurlijk, Zacht &amp; Super Comfortabel<\/h5>\n<p>Auf der Suche nach einer Hose, die Ihr Baby weich und warm h\u00e4lt und dabei vollst\u00e4ndig nat\u00fcrlich ist? Die IOBIO Woll-Seiden-Hose f\u00fcr Babys ist genau das, was Sie brauchen. Hergestellt aus einer luxuri\u00f6sen Mischung aus Bio-Wolle und Seide, bietet diese Hose die perfekte Balance zwischen W\u00e4rme und atmungsaktivem Komfort. Ihr Kleines bleibt das ganze Jahr \u00fcber angenehm temperiert, ohne zu schwitzen.<\/p>\n<p>Was diese Hose so besonders macht, ist der weiche Woll-Seiden-Stoff, der die empfindliche Babyhaut sch\u00fctzt. Wolle reguliert von Natur aus die Feuchtigkeit und h\u00e4lt dein Baby im Winter warm und im Sommer k\u00fchl. Die Seide macht die Hose besonders weich und bequem, sodass sich dein Baby frei bewegen kann, ohne Reizungen zu bekommen.<\/p>\n<p>Die IOBIO Seidenhose f\u00fcr Babys ist zudem praktisch und einfach zu handhaben. Der elastische Taillen- und Beinbund sorgt f\u00fcr eine perfekte Passform und macht das An- und Ausziehen besonders einfach. Kombinieren Sie die Hose mit einem IOBIO Body oder J\u00e4ckchen f\u00fcr ein komplettes, nat\u00fcrliches Outfit, das sowohl stilvoll als auch bequem ist.<\/p>\n<p>Eltern entscheiden sich f\u00fcr IOBIO wegen der hohen Qualit\u00e4t und Langlebigkeit. Die Hose ist leicht zu pflegen und beh\u00e4lt ihre nat\u00fcrlichen Eigenschaften selbst nach mehrmaligem Waschen. Ideal f\u00fcr den t\u00e4glichen Gebrauch oder als besonderes Geschenk f\u00fcr ein Neugeborenes.<\/p>\n<p>Entscheiden Sie sich f\u00fcr die IOBIO Woll-Seiden-Hose f\u00fcr Babys und geben Sie Ihrem Kind das Beste: W\u00e4rme, Weichheit und Komfort, alles nat\u00fcrlich und nachhaltig. Es ist eine Investition in das Wohlbefinden Ihres Babys \u2013 sanft zur Haut, umweltfreundlich und praktisch f\u00fcr Eltern.<\/p>\n<p>&nbsp;<\/p>","protected":false},"excerpt":{"rendered":"<p>IOBIO Wolzijde Broek Baby \u2013 Natuurlijk, Zacht &amp; Super Comfortabel Op zoek naar een broek die je baby zacht en warm houdt, \u00e9n volledig natuurlijk is? De IOBIO wolzijde broek voor baby\u2019s is precies wat je nodig hebt. Gemaakt van een luxueuze mix van biologisch wol en zijde, biedt deze broek de perfecte balans tussen [&hellip;]<\/p>\n","protected":false},"featured_media":12635,"comment_status":"open","ping_status":"closed","template":"","meta":[],"product_brand":[531],"product_cat":[588,46,16],"product_tag":[762],"class_list":{"0":"post-12632","1":"product","2":"type-product","3":"status-publish","4":"has-post-thumbnail","6":"product_brand-popolini-iobio","7":"product_cat-alles-van-wol-zijde","8":"product_cat-maat-62-68","9":"product_cat-newborn","10":"product_tag-wollen-pyjama-voor-babys-en-kinderen","12":"first","13":"instock","14":"taxable","15":"shipping-taxable","16":"purchasable","17":"product-type-variable"},"yoast_head":"<!-- This site is optimized with the Yoast SEO plugin v27.4 - https:\/\/yoast.com\/product\/yoast-seo-wordpress\/ -->\n<title>IOBIO Wolzijde Broek Baby \u2013 Natuurlijk Zacht &amp; Super Comfortabel<\/title>\n<meta name=\"description\" content=\"IOBIO wolzijde broek baby \u2013 zacht, warm en comfortabel. Natuurlijk materiaal dat je kleintje beschermt en makkelijk te combineren is met IOBIO kleding.\" \/>\n<meta name=\"robots\" content=\"index, follow, max-snippet:-1, max-image-preview:large, max-video-preview:-1\" \/>\n<link rel=\"canonical\" href=\"https:\/\/www.castlevernie.nl\/de\/produkt\/iobio-wolzijde-broek-mauve\/\" \/>\n<meta property=\"og:locale\" content=\"de_DE\" \/>\n<meta property=\"og:type\" content=\"article\" \/>\n<meta property=\"og:title\" content=\"IOBIO Wolzijde Broek Baby \u2013 Natuurlijk Zacht &amp; Super Comfortabel\" \/>\n<meta property=\"og:description\" content=\"IOBIO wolzijde broek baby \u2013 zacht, warm en comfortabel. Natuurlijk materiaal dat je kleintje beschermt en makkelijk te combineren is met IOBIO kleding.\" \/>\n<meta property=\"og:url\" content=\"https:\/\/www.castlevernie.nl\/de\/produkt\/iobio-wolzijde-broek-mauve\/\" \/>\n<meta property=\"og:site_name\" content=\"Castle Vernie Fashion Shop\" \/>\n<meta property=\"article:publisher\" content=\"https:\/\/m.facebook.com\/Castle-Vernie-Fashion-Shop-110667857399440\" \/>\n<meta property=\"article:modified_time\" content=\"2026-01-30T21:40:31+00:00\" \/>\n<meta property=\"og:image\" content=\"https:\/\/www.castlevernie.nl\/wordpress\/wp-content\/uploads\/2026\/01\/WhatsApp-Image-2026-01-27-at-22.00.00-2.webp\" \/>\n\t<meta property=\"og:image:width\" content=\"560\" \/>\n\t<meta property=\"og:image:height\" content=\"560\" \/>\n\t<meta property=\"og:image:type\" content=\"image\/webp\" \/>\n<meta name=\"twitter:card\" content=\"summary_large_image\" \/>\n<meta name=\"twitter:label1\" content=\"Gesch\u00e4tzte Lesezeit\" \/>\n\t<meta name=\"twitter:data1\" content=\"2\u00a0Minuten\" \/>\n<script type=\"application\/ld+json\" class=\"yoast-schema-graph\">{\"@context\":\"https:\\\/\\\/schema.org\",\"@graph\":[{\"@type\":\"WebPage\",\"@id\":\"https:\\\/\\\/www.castlevernie.nl\\\/product\\\/iobio-wolzijde-broek-mauve\\\/\",\"url\":\"https:\\\/\\\/www.castlevernie.nl\\\/product\\\/iobio-wolzijde-broek-mauve\\\/\",\"name\":\"IOBIO Wolzijde Broek Baby \u2013 Natuurlijk Zacht & Super Comfortabel\",\"isPartOf\":{\"@id\":\"https:\\\/\\\/www.castlevernie.nl\\\/#website\"},\"primaryImageOfPage\":{\"@id\":\"https:\\\/\\\/www.castlevernie.nl\\\/product\\\/iobio-wolzijde-broek-mauve\\\/#primaryimage\"},\"image\":{\"@id\":\"https:\\\/\\\/www.castlevernie.nl\\\/product\\\/iobio-wolzijde-broek-mauve\\\/#primaryimage\"},\"thumbnailUrl\":\"https:\\\/\\\/www.castlevernie.nl\\\/wordpress\\\/wp-content\\\/uploads\\\/2026\\\/01\\\/WhatsApp-Image-2026-01-27-at-22.00.00-2.webp\",\"datePublished\":\"2026-01-30T21:29:50+00:00\",\"dateModified\":\"2026-01-30T21:40:31+00:00\",\"description\":\"IOBIO wolzijde broek baby \u2013 zacht, warm en comfortabel. Natuurlijk materiaal dat je kleintje beschermt en makkelijk te combineren is met IOBIO kleding.\",\"breadcrumb\":{\"@id\":\"https:\\\/\\\/www.castlevernie.nl\\\/product\\\/iobio-wolzijde-broek-mauve\\\/#breadcrumb\"},\"inLanguage\":\"de\",\"potentialAction\":[{\"@type\":\"ReadAction\",\"target\":[\"https:\\\/\\\/www.castlevernie.nl\\\/product\\\/iobio-wolzijde-broek-mauve\\\/\"]}]},{\"@type\":\"ImageObject\",\"inLanguage\":\"de\",\"@id\":\"https:\\\/\\\/www.castlevernie.nl\\\/product\\\/iobio-wolzijde-broek-mauve\\\/#primaryimage\",\"url\":\"https:\\\/\\\/www.castlevernie.nl\\\/wordpress\\\/wp-content\\\/uploads\\\/2026\\\/01\\\/WhatsApp-Image-2026-01-27-at-22.00.00-2.webp\",\"contentUrl\":\"https:\\\/\\\/www.castlevernie.nl\\\/wordpress\\\/wp-content\\\/uploads\\\/2026\\\/01\\\/WhatsApp-Image-2026-01-27-at-22.00.00-2.webp\",\"width\":560,\"height\":560,\"caption\":\"IOBIO wolzijde broek mauve\"},{\"@type\":\"BreadcrumbList\",\"@id\":\"https:\\\/\\\/www.castlevernie.nl\\\/product\\\/iobio-wolzijde-broek-mauve\\\/#breadcrumb\",\"itemListElement\":[{\"@type\":\"ListItem\",\"position\":1,\"name\":\"Home\",\"item\":\"https:\\\/\\\/www.castlevernie.nl\\\/\"},{\"@type\":\"ListItem\",\"position\":2,\"name\":\"Winkel\",\"item\":\"https:\\\/\\\/www.castlevernie.nl\\\/winkel\\\/\"},{\"@type\":\"ListItem\",\"position\":3,\"name\":\"IOBIO &#8211; Wolzijde Broek Mauve\"}]},{\"@type\":\"WebSite\",\"@id\":\"https:\\\/\\\/www.castlevernie.nl\\\/#website\",\"url\":\"https:\\\/\\\/www.castlevernie.nl\\\/\",\"name\":\"Castle Vernie Fashion Shop\",\"description\":\"\",\"publisher\":{\"@id\":\"https:\\\/\\\/www.castlevernie.nl\\\/#organization\"},\"potentialAction\":[{\"@type\":\"SearchAction\",\"target\":{\"@type\":\"EntryPoint\",\"urlTemplate\":\"https:\\\/\\\/www.castlevernie.nl\\\/?s={search_term_string}\"},\"query-input\":{\"@type\":\"PropertyValueSpecification\",\"valueRequired\":true,\"valueName\":\"search_term_string\"}}],\"inLanguage\":\"de\"},{\"@type\":\"Organization\",\"@id\":\"https:\\\/\\\/www.castlevernie.nl\\\/#organization\",\"name\":\"Castle Vernie\",\"url\":\"https:\\\/\\\/www.castlevernie.nl\\\/\",\"logo\":{\"@type\":\"ImageObject\",\"inLanguage\":\"de\",\"@id\":\"https:\\\/\\\/www.castlevernie.nl\\\/#\\\/schema\\\/logo\\\/image\\\/\",\"url\":\"https:\\\/\\\/www.castlevernie.nl\\\/wordpress\\\/wp-content\\\/uploads\\\/2025\\\/07\\\/header-logo-3.png\",\"contentUrl\":\"https:\\\/\\\/www.castlevernie.nl\\\/wordpress\\\/wp-content\\\/uploads\\\/2025\\\/07\\\/header-logo-3.png\",\"width\":780,\"height\":260,\"caption\":\"Castle Vernie\"},\"image\":{\"@id\":\"https:\\\/\\\/www.castlevernie.nl\\\/#\\\/schema\\\/logo\\\/image\\\/\"},\"sameAs\":[\"https:\\\/\\\/m.facebook.com\\\/Castle-Vernie-Fashion-Shop-110667857399440\"]}]}<\/script>\n<!-- \/ Yoast SEO plugin. -->","yoast_head_json":{"title":"IOBIO Wolzijde Broek Baby \u2013 Natuurlijk Zacht & Super Comfortabel","description":"IOBIO wolzijde broek baby \u2013 zacht, warm en comfortabel. Natuurlijk materiaal dat je kleintje beschermt en makkelijk te combineren is met IOBIO kleding.","robots":{"index":"index","follow":"follow","max-snippet":"max-snippet:-1","max-image-preview":"max-image-preview:large","max-video-preview":"max-video-preview:-1"},"canonical":"https:\/\/www.castlevernie.nl\/de\/produkt\/iobio-wolzijde-broek-mauve\/","og_locale":"de_DE","og_type":"article","og_title":"IOBIO Wolzijde Broek Baby \u2013 Natuurlijk Zacht & Super Comfortabel","og_description":"IOBIO wolzijde broek baby \u2013 zacht, warm en comfortabel. Natuurlijk materiaal dat je kleintje beschermt en makkelijk te combineren is met IOBIO kleding.","og_url":"https:\/\/www.castlevernie.nl\/de\/produkt\/iobio-wolzijde-broek-mauve\/","og_site_name":"Castle Vernie Fashion Shop","article_publisher":"https:\/\/m.facebook.com\/Castle-Vernie-Fashion-Shop-110667857399440","article_modified_time":"2026-01-30T21:40:31+00:00","og_image":[{"width":560,"height":560,"url":"https:\/\/www.castlevernie.nl\/wordpress\/wp-content\/uploads\/2026\/01\/WhatsApp-Image-2026-01-27-at-22.00.00-2.webp","type":"image\/webp"}],"twitter_card":"summary_large_image","twitter_misc":{"Gesch\u00e4tzte Lesezeit":"2\u00a0Minuten"},"schema":{"@context":"https:\/\/schema.org","@graph":[{"@type":"WebPage","@id":"https:\/\/www.castlevernie.nl\/product\/iobio-wolzijde-broek-mauve\/","url":"https:\/\/www.castlevernie.nl\/product\/iobio-wolzijde-broek-mauve\/","name":"IOBIO Wolzijde Broek Baby \u2013 Natuurlijk Zacht & Super Comfortabel","isPartOf":{"@id":"https:\/\/www.castlevernie.nl\/#website"},"primaryImageOfPage":{"@id":"https:\/\/www.castlevernie.nl\/product\/iobio-wolzijde-broek-mauve\/#primaryimage"},"image":{"@id":"https:\/\/www.castlevernie.nl\/product\/iobio-wolzijde-broek-mauve\/#primaryimage"},"thumbnailUrl":"https:\/\/www.castlevernie.nl\/wordpress\/wp-content\/uploads\/2026\/01\/WhatsApp-Image-2026-01-27-at-22.00.00-2.webp","datePublished":"2026-01-30T21:29:50+00:00","dateModified":"2026-01-30T21:40:31+00:00","description":"IOBIO wolzijde broek baby \u2013 zacht, warm en comfortabel. Natuurlijk materiaal dat je kleintje beschermt en makkelijk te combineren is met IOBIO kleding.","breadcrumb":{"@id":"https:\/\/www.castlevernie.nl\/product\/iobio-wolzijde-broek-mauve\/#breadcrumb"},"inLanguage":"de","potentialAction":[{"@type":"ReadAction","target":["https:\/\/www.castlevernie.nl\/product\/iobio-wolzijde-broek-mauve\/"]}]},{"@type":"ImageObject","inLanguage":"de","@id":"https:\/\/www.castlevernie.nl\/product\/iobio-wolzijde-broek-mauve\/#primaryimage","url":"https:\/\/www.castlevernie.nl\/wordpress\/wp-content\/uploads\/2026\/01\/WhatsApp-Image-2026-01-27-at-22.00.00-2.webp","contentUrl":"https:\/\/www.castlevernie.nl\/wordpress\/wp-content\/uploads\/2026\/01\/WhatsApp-Image-2026-01-27-at-22.00.00-2.webp","width":560,"height":560,"caption":"IOBIO wolzijde broek mauve"},{"@type":"BreadcrumbList","@id":"https:\/\/www.castlevernie.nl\/product\/iobio-wolzijde-broek-mauve\/#breadcrumb","itemListElement":[{"@type":"ListItem","position":1,"name":"Home","item":"https:\/\/www.castlevernie.nl\/"},{"@type":"ListItem","position":2,"name":"Winkel","item":"https:\/\/www.castlevernie.nl\/winkel\/"},{"@type":"ListItem","position":3,"name":"IOBIO &#8211; Wolzijde Broek Mauve"}]},{"@type":"WebSite","@id":"https:\/\/www.castlevernie.nl\/#website","url":"https:\/\/www.castlevernie.nl\/","name":"Schloss Vernie Modegesch\u00e4ft","description":"","publisher":{"@id":"https:\/\/www.castlevernie.nl\/#organization"},"potentialAction":[{"@type":"SearchAction","target":{"@type":"EntryPoint","urlTemplate":"https:\/\/www.castlevernie.nl\/?s={search_term_string}"},"query-input":{"@type":"PropertyValueSpecification","valueRequired":true,"valueName":"search_term_string"}}],"inLanguage":"de"},{"@type":"Organization","@id":"https:\/\/www.castlevernie.nl\/#organization","name":"Castle Vernie","url":"https:\/\/www.castlevernie.nl\/","logo":{"@type":"ImageObject","inLanguage":"de","@id":"https:\/\/www.castlevernie.nl\/#\/schema\/logo\/image\/","url":"https:\/\/www.castlevernie.nl\/wordpress\/wp-content\/uploads\/2025\/07\/header-logo-3.png","contentUrl":"https:\/\/www.castlevernie.nl\/wordpress\/wp-content\/uploads\/2025\/07\/header-logo-3.png","width":780,"height":260,"caption":"Castle Vernie"},"image":{"@id":"https:\/\/www.castlevernie.nl\/#\/schema\/logo\/image\/"},"sameAs":["https:\/\/m.facebook.com\/Castle-Vernie-Fashion-Shop-110667857399440"]}]}},"_links":{"self":[{"href":"https:\/\/www.castlevernie.nl\/de\/wp-json\/wp\/v2\/product\/12632","targetHints":{"allow":["GET"]}}],"collection":[{"href":"https:\/\/www.castlevernie.nl\/de\/wp-json\/wp\/v2\/product"}],"about":[{"href":"https:\/\/www.castlevernie.nl\/de\/wp-json\/wp\/v2\/types\/product"}],"replies":[{"embeddable":true,"href":"https:\/\/www.castlevernie.nl\/de\/wp-json\/wp\/v2\/comments?post=12632"}],"wp:featuredmedia":[{"embeddable":true,"href":"https:\/\/www.castlevernie.nl\/de\/wp-json\/wp\/v2\/media\/12635"}],"wp:attachment":[{"href":"https:\/\/www.castlevernie.nl\/de\/wp-json\/wp\/v2\/media?parent=12632"}],"wp:term":[{"taxonomy":"product_brand","embeddable":true,"href":"https:\/\/www.castlevernie.nl\/de\/wp-json\/wp\/v2\/product_brand?post=12632"},{"taxonomy":"product_cat","embeddable":true,"href":"https:\/\/www.castlevernie.nl\/de\/wp-json\/wp\/v2\/product_cat?post=12632"},{"taxonomy":"product_tag","embeddable":true,"href":"https:\/\/www.castlevernie.nl\/de\/wp-json\/wp\/v2\/product_tag?post=12632"}],"curies":[{"name":"wp","href":"https:\/\/api.w.org\/{rel}","templated":true}]}}