{"id":12340,"date":"2025-11-07T22:10:53","date_gmt":"2025-11-07T22:10:53","guid":{"rendered":"https:\/\/www.castlevernie.nl\/?post_type=product&#038;p=12340"},"modified":"2025-11-10T08:31:57","modified_gmt":"2025-11-10T08:31:57","slug":"engel-natur-strikmutsje-wolzijde-rose-newborn-baby","status":"publish","type":"product","link":"https:\/\/www.castlevernie.nl\/de\/produkt\/engel-natur-strikmutsje-wolzijde-rose-newborn-baby\/","title":{"rendered":"Engel Natur \u2013 Schleifenm\u00fctze aus Wolle-Seide Magnolia \u2013 Neugeborene &amp; Baby"},"content":{"rendered":"<h5>Engel Natur strikmutsje wolzijde GOTS \u2013 newborn &amp; baby<\/h5>\n<p>Die Engel Natur Strickm\u00fctze aus Wollseide (GOTS) ist ein unverzichtbares Kleidungsst\u00fcck in der Garderobe jedes Neugeborenen. Diese weiche, nat\u00fcrliche M\u00fctze schlie\u00dft sch\u00f6n am K\u00f6pfchen an und sch\u00fctzt vor K\u00e4lte, Zugluft und Temperaturschwankungen. Ideal f\u00fcr Neugeborene und junge Babys in den Gr\u00f6\u00dfen 50\/56, 62\/68 und 74\/80.<\/p>\n<p>Die Kombination aus biologischer Merinowolle und Seide sorgt f\u00fcr einen besonders komfortablen Sitz. Wolle reguliert die K\u00f6rpertemperatur und h\u00e4lt Ihr Baby wunderbar warm, w\u00e4hrend Seide eine weiche, glatte Schicht bildet, die sich angenehm auf der empfindlichen Babyhaut anf\u00fchlt. Dadurch ist das M\u00fctzchen besonders geeignet f\u00fcr Babys mit empfindlicher oder trockener Haut.<\/p>\n<p>Die Zipfelm\u00fctze hat lange B\u00e4ndchen, die unter dem Kinn gebunden werden, damit sie gut sitzt \u2013 auch beim Schlafen oder F\u00fcttern. Dank der leichten Dehnbarkeit des Woll-Seiden-Stoffs schmiegt sich die M\u00fctze sch\u00f6n an, ohne einzuschn\u00fcren. Die N\u00e4hte sind flach und sorgf\u00e4ltig verarbeitet, sodass nichts reibt oder irritiert.<\/p>\n<p>Das einfache, nat\u00fcrliche Design von Engel Natur passt zu jedem Outfit \u2013 von Woll-Seiden-Stramplern bis hin zu Pyjamas und Wickelj\u00e4ckchen. Die sanften Farben und nat\u00fcrlichen Materialien sorgen f\u00fcr eine reine, ruhige Ausstrahlung.<\/p>\n<p>Dank der GOTS-Zertifizierung (Global Organic Textile Standard) wei\u00dft du, dass diese M\u00fctze nachhaltig, fair und umweltfreundlich produziert wurde. Sie enth\u00e4lt keine sch\u00e4dlichen Stoffe und ist daher v\u00f6llig sicher f\u00fcr die zarte Babyhaut.<\/p>\n<p>Kurz gesagt: Die Engel Natur Zipfelm\u00fctze aus Wollseide bietet die perfekte Kombination aus W\u00e4rme, Weichheit und Langlebigkeit. Ein liebevolles Geschenk f\u00fcr die allerersten Monate Ihres Babys \u2013 reiner Komfort, 100% nat\u00fcrlich.<\/p>\n<p>&nbsp;<\/p>\n<p><strong>\ud83e\udde2Siehe Gr\u00f6\u00dfenberatung unter Informationen<\/strong><\/p>\n<p>Die richtige M\u00fctzengr\u00f6\u00dfe zu w\u00e4hlen ist wichtig, um den Kopf Ihres Babys gut warm zu halten.<br \/>\nDie folgende Tabelle hilft dir, die richtige Gr\u00f6\u00dfe basierend auf dem Kopfumfang, dem Alter und dem durchschnittlichen Geburtsgewicht zu finden.<\/p>","protected":false},"excerpt":{"rendered":"<p>Engel Natur strikmutsje wolzijde GOTS \u2013 newborn &amp; baby Het Engel Natur strikmutsje van wolzijde (GOTS) is een onmisbaar kledingstuk in de garderobe van elke pasgeboren baby. Dit zachte, natuurlijke mutsje sluit mooi aan rond het hoofdje en beschermt tegen kou, tocht en temperatuurschommelingen. Ideaal voor newborns en jonge baby\u2019s in de maten 50\/56 en [&hellip;]<\/p>\n","protected":false},"featured_media":12345,"comment_status":"open","ping_status":"closed","template":"","meta":[],"product_brand":[523],"product_cat":[588,46,47,16],"product_tag":[133,134,698],"class_list":{"0":"post-12340","1":"product","2":"type-product","3":"status-publish","4":"has-post-thumbnail","6":"product_brand-engel-natur","7":"product_cat-alles-van-wol-zijde","8":"product_cat-maat-62-68","9":"product_cat-maat-74-80","10":"product_cat-newborn","11":"product_tag-engel-natur-strikmutsje","12":"product_tag-strikmutsje-met-lange-touwtjes","13":"product_tag-wollen-strikmutsjes-baby-newborn-prematuur","15":"first","16":"instock","17":"taxable","18":"shipping-taxable","19":"purchasable","20":"product-type-variable"},"yoast_head":"<!-- This site is optimized with the Yoast SEO plugin v27.4 - https:\/\/yoast.com\/product\/yoast-seo-wordpress\/ -->\n<title>Engel Natur strikmutsje wolzijde GOTS \u2013 newborn &amp; baby<\/title>\n<meta name=\"description\" content=\"Zacht Engel Natur strikmutsje van wolzijde (GOTS) met lange touwtjes. Warm, ademend en perfect passend bij prematuur- en babykleding.\" \/>\n<meta name=\"robots\" content=\"index, follow, max-snippet:-1, max-image-preview:large, max-video-preview:-1\" \/>\n<link rel=\"canonical\" href=\"https:\/\/www.castlevernie.nl\/de\/produkt\/engel-natur-strikmutsje-wolzijde-rose-newborn-baby\/\" \/>\n<meta property=\"og:locale\" content=\"de_DE\" \/>\n<meta property=\"og:type\" content=\"article\" \/>\n<meta property=\"og:title\" content=\"Engel Natur strikmutsje wolzijde GOTS \u2013 newborn &amp; baby\" \/>\n<meta property=\"og:description\" content=\"Zacht Engel Natur strikmutsje van wolzijde (GOTS) met lange touwtjes. Warm, ademend en perfect passend bij prematuur- en babykleding.\" \/>\n<meta property=\"og:url\" content=\"https:\/\/www.castlevernie.nl\/de\/produkt\/engel-natur-strikmutsje-wolzijde-rose-newborn-baby\/\" \/>\n<meta property=\"og:site_name\" content=\"Castle Vernie Fashion Shop\" \/>\n<meta property=\"article:publisher\" content=\"https:\/\/m.facebook.com\/Castle-Vernie-Fashion-Shop-110667857399440\" \/>\n<meta property=\"article:modified_time\" content=\"2025-11-10T08:31:57+00:00\" \/>\n<meta property=\"og:image\" content=\"https:\/\/www.castlevernie.nl\/wordpress\/wp-content\/uploads\/2025\/11\/700550-5300E.webp\" \/>\n\t<meta property=\"og:image:width\" content=\"1772\" \/>\n\t<meta property=\"og:image:height\" content=\"2200\" \/>\n\t<meta property=\"og:image:type\" content=\"image\/webp\" \/>\n<meta name=\"twitter:card\" content=\"summary_large_image\" \/>\n<meta name=\"twitter:label1\" content=\"Gesch\u00e4tzte Lesezeit\" \/>\n\t<meta name=\"twitter:data1\" content=\"2\u00a0Minuten\" \/>\n<script type=\"application\/ld+json\" class=\"yoast-schema-graph\">{\"@context\":\"https:\\\/\\\/schema.org\",\"@graph\":[{\"@type\":\"WebPage\",\"@id\":\"https:\\\/\\\/www.castlevernie.nl\\\/product\\\/engel-natur-strikmutsje-wolzijde-rose-newborn-baby\\\/\",\"url\":\"https:\\\/\\\/www.castlevernie.nl\\\/product\\\/engel-natur-strikmutsje-wolzijde-rose-newborn-baby\\\/\",\"name\":\"Engel Natur strikmutsje wolzijde GOTS \u2013 newborn & baby\",\"isPartOf\":{\"@id\":\"https:\\\/\\\/www.castlevernie.nl\\\/#website\"},\"primaryImageOfPage\":{\"@id\":\"https:\\\/\\\/www.castlevernie.nl\\\/product\\\/engel-natur-strikmutsje-wolzijde-rose-newborn-baby\\\/#primaryimage\"},\"image\":{\"@id\":\"https:\\\/\\\/www.castlevernie.nl\\\/product\\\/engel-natur-strikmutsje-wolzijde-rose-newborn-baby\\\/#primaryimage\"},\"thumbnailUrl\":\"https:\\\/\\\/www.castlevernie.nl\\\/wordpress\\\/wp-content\\\/uploads\\\/2025\\\/11\\\/700550-5300E.webp\",\"datePublished\":\"2025-11-07T22:10:53+00:00\",\"dateModified\":\"2025-11-10T08:31:57+00:00\",\"description\":\"Zacht Engel Natur strikmutsje van wolzijde (GOTS) met lange touwtjes. Warm, ademend en perfect passend bij prematuur- en babykleding.\",\"breadcrumb\":{\"@id\":\"https:\\\/\\\/www.castlevernie.nl\\\/product\\\/engel-natur-strikmutsje-wolzijde-rose-newborn-baby\\\/#breadcrumb\"},\"inLanguage\":\"de\",\"potentialAction\":[{\"@type\":\"ReadAction\",\"target\":[\"https:\\\/\\\/www.castlevernie.nl\\\/product\\\/engel-natur-strikmutsje-wolzijde-rose-newborn-baby\\\/\"]}]},{\"@type\":\"ImageObject\",\"inLanguage\":\"de\",\"@id\":\"https:\\\/\\\/www.castlevernie.nl\\\/product\\\/engel-natur-strikmutsje-wolzijde-rose-newborn-baby\\\/#primaryimage\",\"url\":\"https:\\\/\\\/www.castlevernie.nl\\\/wordpress\\\/wp-content\\\/uploads\\\/2025\\\/11\\\/700550-5300E.webp\",\"contentUrl\":\"https:\\\/\\\/www.castlevernie.nl\\\/wordpress\\\/wp-content\\\/uploads\\\/2025\\\/11\\\/700550-5300E.webp\",\"width\":1772,\"height\":2200,\"caption\":\"Engel Natur wol zijde strikmutsje met lange touwtjes\"},{\"@type\":\"BreadcrumbList\",\"@id\":\"https:\\\/\\\/www.castlevernie.nl\\\/product\\\/engel-natur-strikmutsje-wolzijde-rose-newborn-baby\\\/#breadcrumb\",\"itemListElement\":[{\"@type\":\"ListItem\",\"position\":1,\"name\":\"Home\",\"item\":\"https:\\\/\\\/www.castlevernie.nl\\\/\"},{\"@type\":\"ListItem\",\"position\":2,\"name\":\"Winkel\",\"item\":\"https:\\\/\\\/www.castlevernie.nl\\\/winkel\\\/\"},{\"@type\":\"ListItem\",\"position\":3,\"name\":\"Engel Natur &#8211; Strikmutsje Wolzijde Magnolia \u2013 Newborn &#038; Baby\"}]},{\"@type\":\"WebSite\",\"@id\":\"https:\\\/\\\/www.castlevernie.nl\\\/#website\",\"url\":\"https:\\\/\\\/www.castlevernie.nl\\\/\",\"name\":\"Castle Vernie Fashion Shop\",\"description\":\"\",\"publisher\":{\"@id\":\"https:\\\/\\\/www.castlevernie.nl\\\/#organization\"},\"potentialAction\":[{\"@type\":\"SearchAction\",\"target\":{\"@type\":\"EntryPoint\",\"urlTemplate\":\"https:\\\/\\\/www.castlevernie.nl\\\/?s={search_term_string}\"},\"query-input\":{\"@type\":\"PropertyValueSpecification\",\"valueRequired\":true,\"valueName\":\"search_term_string\"}}],\"inLanguage\":\"de\"},{\"@type\":\"Organization\",\"@id\":\"https:\\\/\\\/www.castlevernie.nl\\\/#organization\",\"name\":\"Castle Vernie\",\"url\":\"https:\\\/\\\/www.castlevernie.nl\\\/\",\"logo\":{\"@type\":\"ImageObject\",\"inLanguage\":\"de\",\"@id\":\"https:\\\/\\\/www.castlevernie.nl\\\/#\\\/schema\\\/logo\\\/image\\\/\",\"url\":\"https:\\\/\\\/www.castlevernie.nl\\\/wordpress\\\/wp-content\\\/uploads\\\/2025\\\/07\\\/header-logo-3.png\",\"contentUrl\":\"https:\\\/\\\/www.castlevernie.nl\\\/wordpress\\\/wp-content\\\/uploads\\\/2025\\\/07\\\/header-logo-3.png\",\"width\":780,\"height\":260,\"caption\":\"Castle Vernie\"},\"image\":{\"@id\":\"https:\\\/\\\/www.castlevernie.nl\\\/#\\\/schema\\\/logo\\\/image\\\/\"},\"sameAs\":[\"https:\\\/\\\/m.facebook.com\\\/Castle-Vernie-Fashion-Shop-110667857399440\"]}]}<\/script>\n<!-- \/ Yoast SEO plugin. -->","yoast_head_json":{"title":"Engel Natur strikmutsje wolzijde GOTS \u2013 newborn & baby","description":"Zacht Engel Natur strikmutsje van wolzijde (GOTS) met lange touwtjes. Warm, ademend en perfect passend bij prematuur- en babykleding.","robots":{"index":"index","follow":"follow","max-snippet":"max-snippet:-1","max-image-preview":"max-image-preview:large","max-video-preview":"max-video-preview:-1"},"canonical":"https:\/\/www.castlevernie.nl\/de\/produkt\/engel-natur-strikmutsje-wolzijde-rose-newborn-baby\/","og_locale":"de_DE","og_type":"article","og_title":"Engel Natur strikmutsje wolzijde GOTS \u2013 newborn & baby","og_description":"Zacht Engel Natur strikmutsje van wolzijde (GOTS) met lange touwtjes. Warm, ademend en perfect passend bij prematuur- en babykleding.","og_url":"https:\/\/www.castlevernie.nl\/de\/produkt\/engel-natur-strikmutsje-wolzijde-rose-newborn-baby\/","og_site_name":"Castle Vernie Fashion Shop","article_publisher":"https:\/\/m.facebook.com\/Castle-Vernie-Fashion-Shop-110667857399440","article_modified_time":"2025-11-10T08:31:57+00:00","og_image":[{"width":1772,"height":2200,"url":"https:\/\/www.castlevernie.nl\/wordpress\/wp-content\/uploads\/2025\/11\/700550-5300E.webp","type":"image\/webp"}],"twitter_card":"summary_large_image","twitter_misc":{"Gesch\u00e4tzte Lesezeit":"2\u00a0Minuten"},"schema":{"@context":"https:\/\/schema.org","@graph":[{"@type":"WebPage","@id":"https:\/\/www.castlevernie.nl\/product\/engel-natur-strikmutsje-wolzijde-rose-newborn-baby\/","url":"https:\/\/www.castlevernie.nl\/product\/engel-natur-strikmutsje-wolzijde-rose-newborn-baby\/","name":"Engel Natur strikmutsje wolzijde GOTS \u2013 newborn & baby","isPartOf":{"@id":"https:\/\/www.castlevernie.nl\/#website"},"primaryImageOfPage":{"@id":"https:\/\/www.castlevernie.nl\/product\/engel-natur-strikmutsje-wolzijde-rose-newborn-baby\/#primaryimage"},"image":{"@id":"https:\/\/www.castlevernie.nl\/product\/engel-natur-strikmutsje-wolzijde-rose-newborn-baby\/#primaryimage"},"thumbnailUrl":"https:\/\/www.castlevernie.nl\/wordpress\/wp-content\/uploads\/2025\/11\/700550-5300E.webp","datePublished":"2025-11-07T22:10:53+00:00","dateModified":"2025-11-10T08:31:57+00:00","description":"Zacht Engel Natur strikmutsje van wolzijde (GOTS) met lange touwtjes. Warm, ademend en perfect passend bij prematuur- en babykleding.","breadcrumb":{"@id":"https:\/\/www.castlevernie.nl\/product\/engel-natur-strikmutsje-wolzijde-rose-newborn-baby\/#breadcrumb"},"inLanguage":"de","potentialAction":[{"@type":"ReadAction","target":["https:\/\/www.castlevernie.nl\/product\/engel-natur-strikmutsje-wolzijde-rose-newborn-baby\/"]}]},{"@type":"ImageObject","inLanguage":"de","@id":"https:\/\/www.castlevernie.nl\/product\/engel-natur-strikmutsje-wolzijde-rose-newborn-baby\/#primaryimage","url":"https:\/\/www.castlevernie.nl\/wordpress\/wp-content\/uploads\/2025\/11\/700550-5300E.webp","contentUrl":"https:\/\/www.castlevernie.nl\/wordpress\/wp-content\/uploads\/2025\/11\/700550-5300E.webp","width":1772,"height":2200,"caption":"Engel Natur wol zijde strikmutsje met lange touwtjes"},{"@type":"BreadcrumbList","@id":"https:\/\/www.castlevernie.nl\/product\/engel-natur-strikmutsje-wolzijde-rose-newborn-baby\/#breadcrumb","itemListElement":[{"@type":"ListItem","position":1,"name":"Home","item":"https:\/\/www.castlevernie.nl\/"},{"@type":"ListItem","position":2,"name":"Winkel","item":"https:\/\/www.castlevernie.nl\/winkel\/"},{"@type":"ListItem","position":3,"name":"Engel Natur &#8211; Strikmutsje Wolzijde Magnolia \u2013 Newborn &#038; Baby"}]},{"@type":"WebSite","@id":"https:\/\/www.castlevernie.nl\/#website","url":"https:\/\/www.castlevernie.nl\/","name":"Schloss Vernie Modegesch\u00e4ft","description":"","publisher":{"@id":"https:\/\/www.castlevernie.nl\/#organization"},"potentialAction":[{"@type":"SearchAction","target":{"@type":"EntryPoint","urlTemplate":"https:\/\/www.castlevernie.nl\/?s={search_term_string}"},"query-input":{"@type":"PropertyValueSpecification","valueRequired":true,"valueName":"search_term_string"}}],"inLanguage":"de"},{"@type":"Organization","@id":"https:\/\/www.castlevernie.nl\/#organization","name":"Castle Vernie","url":"https:\/\/www.castlevernie.nl\/","logo":{"@type":"ImageObject","inLanguage":"de","@id":"https:\/\/www.castlevernie.nl\/#\/schema\/logo\/image\/","url":"https:\/\/www.castlevernie.nl\/wordpress\/wp-content\/uploads\/2025\/07\/header-logo-3.png","contentUrl":"https:\/\/www.castlevernie.nl\/wordpress\/wp-content\/uploads\/2025\/07\/header-logo-3.png","width":780,"height":260,"caption":"Castle Vernie"},"image":{"@id":"https:\/\/www.castlevernie.nl\/#\/schema\/logo\/image\/"},"sameAs":["https:\/\/m.facebook.com\/Castle-Vernie-Fashion-Shop-110667857399440"]}]}},"_links":{"self":[{"href":"https:\/\/www.castlevernie.nl\/de\/wp-json\/wp\/v2\/product\/12340","targetHints":{"allow":["GET"]}}],"collection":[{"href":"https:\/\/www.castlevernie.nl\/de\/wp-json\/wp\/v2\/product"}],"about":[{"href":"https:\/\/www.castlevernie.nl\/de\/wp-json\/wp\/v2\/types\/product"}],"replies":[{"embeddable":true,"href":"https:\/\/www.castlevernie.nl\/de\/wp-json\/wp\/v2\/comments?post=12340"}],"wp:featuredmedia":[{"embeddable":true,"href":"https:\/\/www.castlevernie.nl\/de\/wp-json\/wp\/v2\/media\/12345"}],"wp:attachment":[{"href":"https:\/\/www.castlevernie.nl\/de\/wp-json\/wp\/v2\/media?parent=12340"}],"wp:term":[{"taxonomy":"product_brand","embeddable":true,"href":"https:\/\/www.castlevernie.nl\/de\/wp-json\/wp\/v2\/product_brand?post=12340"},{"taxonomy":"product_cat","embeddable":true,"href":"https:\/\/www.castlevernie.nl\/de\/wp-json\/wp\/v2\/product_cat?post=12340"},{"taxonomy":"product_tag","embeddable":true,"href":"https:\/\/www.castlevernie.nl\/de\/wp-json\/wp\/v2\/product_tag?post=12340"}],"curies":[{"name":"wp","href":"https:\/\/api.w.org\/{rel}","templated":true}]}}