{"id":12328,"date":"2025-11-07T21:52:04","date_gmt":"2025-11-07T21:52:04","guid":{"rendered":"https:\/\/www.castlevernie.nl\/?post_type=product&#038;p=12328"},"modified":"2025-11-07T21:59:13","modified_gmt":"2025-11-07T21:59:13","slug":"engel-natur-wolzijde-strikmuts-prematuur-natur","status":"publish","type":"product","link":"https:\/\/www.castlevernie.nl\/de\/produkt\/engel-natur-wolzijde-strikmuts-prematuur-natur\/","title":{"rendered":"Engel Natur Seidenm\u00fctze Schleifenm\u00fctze Fr\u00fchgeborene Natur"},"content":{"rendered":"<h5>Engel Natur strikmutsje wolzijde met lange touwtjes GOTS<\/h5>\n<p>Die Engel Natur Zipfelm\u00fctze mit langen B\u00e4ndchen aus Wollseide (GOTS) ist ein wundersch\u00f6nes, weiches und funktionales Babyaccessoire, das optimale W\u00e4rme und Komfort bietet. Diese M\u00fctze ist ideal f\u00fcr Neugeborene und Fr\u00fchgeborene, aber auch f\u00fcr Babys mit empfindlicher Haut oder dem Bed\u00fcrfnis nach zus\u00e4tzlicher W\u00e4rme.<\/p>\n<p>Die M\u00fctze mit Schleife ist aus biologischer Merinowolle und Seide gefertigt, eine nat\u00fcrliche Kombination, die f\u00fcr ihre temperaturregulierenden Eigenschaften bekannt ist. Wolle h\u00e4lt das Baby warm, ohne dass es schwitzt, w\u00e4hrend Seide f\u00fcr eine herrlich weiche Ber\u00fchrung sorgt. So bleibt der Kopf gut temperiert \u2013 ein wichtiges Detail f\u00fcr Neugeborene, da sie ihre K\u00f6rpertemperatur noch nicht selbst regulieren k\u00f6nnen.<\/p>\n<p>Die langen B\u00e4ndchen der M\u00fctze sorgen daf\u00fcr, dass sie fest und sicher unter dem Kinn gebunden werden kann oder \u2013 auf spielerische Weise \u2013 um die Taille gebunden werden kann, wenn sie gerade nicht getragen wird. Das macht diese Engel Natur M\u00fctze besonders praktisch und gleichzeitig stilvoll.<\/p>\n<p>Das Design ist schlicht, zeitlos und nat\u00fcrlich \u2013 genau wie man es von Engel Natur erwarten kann. Die N\u00e4hte sind flach und weich verarbeitet, sodass nichts an der empfindlichen Babyhaut reibt oder irritiert.<\/p>\n<p>Dank der GOTS-Zertifizierung (Global Organic Textile Standard) kannst du sicher sein, dass das M\u00fctzchen aus nachhaltigen, biologischen Materialien hergestellt wurde, unter Ber\u00fccksichtigung von Mensch, Tier und Umwelt.<\/p>\n<p>Kombinieren Sie das Engel Natur M\u00fctzchen aus Wolle-Seide mit einem passenden Body, Schlafanzug oder Wickelj\u00e4ckchen f\u00fcr ein komplettes, nat\u00fcrliches Outfit. Ein unverzichtbares Teil in jeder Babyausstattung \u2013 warm, weich, sicher und 100 % nat\u00fcrlich.<\/p>\n<p><strong>\ud83e\udde2Siehe Gr\u00f6\u00dfenberatung unter Informationen<\/strong><\/p>\n<p>Die richtige M\u00fctzengr\u00f6\u00dfe zu w\u00e4hlen ist wichtig, um den Kopf Ihres Babys gut warm zu halten.<br \/>\nDie folgende Tabelle hilft dir, die richtige Gr\u00f6\u00dfe basierend auf dem Kopfumfang, dem Alter und dem durchschnittlichen Geburtsgewicht zu finden.<\/p>","protected":false},"excerpt":{"rendered":"<p>Engel Natur strikmutsje wolzijde met lange touwtjes GOTS Het Engel Natur strikmutsje met lange touwtjes van wolzijde (GOTS) is een prachtig, zacht en functioneel babyaccessoire dat zorgt voor optimale warmte en comfort. Dit mutsje is ideaal voor pasgeborenen en premature baby\u2019s, maar ook voor baby\u2019s met een gevoelige huid of behoefte aan extra warmte. Het [&hellip;]<\/p>\n","protected":false},"featured_media":12330,"comment_status":"open","ping_status":"closed","template":"","meta":[],"product_brand":[523],"product_cat":[588,16,488],"product_tag":[133,134,698],"class_list":{"0":"post-12328","1":"product","2":"type-product","3":"status-publish","4":"has-post-thumbnail","6":"product_brand-engel-natur","7":"product_cat-alles-van-wol-zijde","8":"product_cat-newborn","9":"product_cat-prematuur","10":"product_tag-engel-natur-strikmutsje","11":"product_tag-strikmutsje-met-lange-touwtjes","12":"product_tag-wollen-strikmutsjes-baby-newborn-prematuur","14":"first","15":"instock","16":"taxable","17":"shipping-taxable","18":"purchasable","19":"product-type-variable"},"yoast_head":"<!-- This site is optimized with the Yoast SEO plugin v27.4 - https:\/\/yoast.com\/product\/yoast-seo-wordpress\/ -->\n<title>Zacht Engel Natur strikmutsje van wolzijde met lange touwtjes.<\/title>\n<meta name=\"description\" content=\"Zacht Engel Natur strikmutsje van wolzijde (GOTS) met lange touwtjes. Warm, ademend en perfect passend bij prematuur- en babykleding.\" \/>\n<meta name=\"robots\" content=\"index, follow, max-snippet:-1, max-image-preview:large, max-video-preview:-1\" \/>\n<link rel=\"canonical\" href=\"https:\/\/www.castlevernie.nl\/de\/produkt\/engel-natur-wolzijde-strikmuts-prematuur-natur\/\" \/>\n<meta property=\"og:locale\" content=\"de_DE\" \/>\n<meta property=\"og:type\" content=\"article\" \/>\n<meta property=\"og:title\" content=\"Zacht Engel Natur strikmutsje van wolzijde met lange touwtjes.\" \/>\n<meta property=\"og:description\" content=\"Zacht Engel Natur strikmutsje van wolzijde (GOTS) met lange touwtjes. Warm, ademend en perfect passend bij prematuur- en babykleding.\" \/>\n<meta property=\"og:url\" content=\"https:\/\/www.castlevernie.nl\/de\/produkt\/engel-natur-wolzijde-strikmuts-prematuur-natur\/\" \/>\n<meta property=\"og:site_name\" content=\"Castle Vernie Fashion Shop\" \/>\n<meta property=\"article:publisher\" content=\"https:\/\/m.facebook.com\/Castle-Vernie-Fashion-Shop-110667857399440\" \/>\n<meta property=\"article:modified_time\" content=\"2025-11-07T21:59:13+00:00\" \/>\n<meta property=\"og:image\" content=\"https:\/\/www.castlevernie.nl\/wordpress\/wp-content\/uploads\/2025\/11\/700550-01.webp\" \/>\n\t<meta property=\"og:image:width\" content=\"1772\" \/>\n\t<meta property=\"og:image:height\" content=\"2200\" \/>\n\t<meta property=\"og:image:type\" content=\"image\/webp\" \/>\n<meta name=\"twitter:card\" content=\"summary_large_image\" \/>\n<meta name=\"twitter:label1\" content=\"Gesch\u00e4tzte Lesezeit\" \/>\n\t<meta name=\"twitter:data1\" content=\"2\u00a0Minuten\" \/>\n<script type=\"application\/ld+json\" class=\"yoast-schema-graph\">{\"@context\":\"https:\\\/\\\/schema.org\",\"@graph\":[{\"@type\":\"WebPage\",\"@id\":\"https:\\\/\\\/www.castlevernie.nl\\\/product\\\/engel-natur-wolzijde-strikmuts-prematuur-natur\\\/\",\"url\":\"https:\\\/\\\/www.castlevernie.nl\\\/product\\\/engel-natur-wolzijde-strikmuts-prematuur-natur\\\/\",\"name\":\"Zacht Engel Natur strikmutsje van wolzijde met lange touwtjes.\",\"isPartOf\":{\"@id\":\"https:\\\/\\\/www.castlevernie.nl\\\/#website\"},\"primaryImageOfPage\":{\"@id\":\"https:\\\/\\\/www.castlevernie.nl\\\/product\\\/engel-natur-wolzijde-strikmuts-prematuur-natur\\\/#primaryimage\"},\"image\":{\"@id\":\"https:\\\/\\\/www.castlevernie.nl\\\/product\\\/engel-natur-wolzijde-strikmuts-prematuur-natur\\\/#primaryimage\"},\"thumbnailUrl\":\"https:\\\/\\\/www.castlevernie.nl\\\/wordpress\\\/wp-content\\\/uploads\\\/2025\\\/11\\\/700550-01.webp\",\"datePublished\":\"2025-11-07T21:52:04+00:00\",\"dateModified\":\"2025-11-07T21:59:13+00:00\",\"description\":\"Zacht Engel Natur strikmutsje van wolzijde (GOTS) met lange touwtjes. Warm, ademend en perfect passend bij prematuur- en babykleding.\",\"breadcrumb\":{\"@id\":\"https:\\\/\\\/www.castlevernie.nl\\\/product\\\/engel-natur-wolzijde-strikmuts-prematuur-natur\\\/#breadcrumb\"},\"inLanguage\":\"de\",\"potentialAction\":[{\"@type\":\"ReadAction\",\"target\":[\"https:\\\/\\\/www.castlevernie.nl\\\/product\\\/engel-natur-wolzijde-strikmuts-prematuur-natur\\\/\"]}]},{\"@type\":\"ImageObject\",\"inLanguage\":\"de\",\"@id\":\"https:\\\/\\\/www.castlevernie.nl\\\/product\\\/engel-natur-wolzijde-strikmuts-prematuur-natur\\\/#primaryimage\",\"url\":\"https:\\\/\\\/www.castlevernie.nl\\\/wordpress\\\/wp-content\\\/uploads\\\/2025\\\/11\\\/700550-01.webp\",\"contentUrl\":\"https:\\\/\\\/www.castlevernie.nl\\\/wordpress\\\/wp-content\\\/uploads\\\/2025\\\/11\\\/700550-01.webp\",\"width\":1772,\"height\":2200,\"caption\":\"Prematuur mutsje wolzijde Engel Natur\"},{\"@type\":\"BreadcrumbList\",\"@id\":\"https:\\\/\\\/www.castlevernie.nl\\\/product\\\/engel-natur-wolzijde-strikmuts-prematuur-natur\\\/#breadcrumb\",\"itemListElement\":[{\"@type\":\"ListItem\",\"position\":1,\"name\":\"Home\",\"item\":\"https:\\\/\\\/www.castlevernie.nl\\\/\"},{\"@type\":\"ListItem\",\"position\":2,\"name\":\"Winkel\",\"item\":\"https:\\\/\\\/www.castlevernie.nl\\\/winkel\\\/\"},{\"@type\":\"ListItem\",\"position\":3,\"name\":\"Engel Natur wolzijde strikmuts Prematuur Natur\"}]},{\"@type\":\"WebSite\",\"@id\":\"https:\\\/\\\/www.castlevernie.nl\\\/#website\",\"url\":\"https:\\\/\\\/www.castlevernie.nl\\\/\",\"name\":\"Castle Vernie Fashion Shop\",\"description\":\"\",\"publisher\":{\"@id\":\"https:\\\/\\\/www.castlevernie.nl\\\/#organization\"},\"potentialAction\":[{\"@type\":\"SearchAction\",\"target\":{\"@type\":\"EntryPoint\",\"urlTemplate\":\"https:\\\/\\\/www.castlevernie.nl\\\/?s={search_term_string}\"},\"query-input\":{\"@type\":\"PropertyValueSpecification\",\"valueRequired\":true,\"valueName\":\"search_term_string\"}}],\"inLanguage\":\"de\"},{\"@type\":\"Organization\",\"@id\":\"https:\\\/\\\/www.castlevernie.nl\\\/#organization\",\"name\":\"Castle Vernie\",\"url\":\"https:\\\/\\\/www.castlevernie.nl\\\/\",\"logo\":{\"@type\":\"ImageObject\",\"inLanguage\":\"de\",\"@id\":\"https:\\\/\\\/www.castlevernie.nl\\\/#\\\/schema\\\/logo\\\/image\\\/\",\"url\":\"https:\\\/\\\/www.castlevernie.nl\\\/wordpress\\\/wp-content\\\/uploads\\\/2025\\\/07\\\/header-logo-3.png\",\"contentUrl\":\"https:\\\/\\\/www.castlevernie.nl\\\/wordpress\\\/wp-content\\\/uploads\\\/2025\\\/07\\\/header-logo-3.png\",\"width\":780,\"height\":260,\"caption\":\"Castle Vernie\"},\"image\":{\"@id\":\"https:\\\/\\\/www.castlevernie.nl\\\/#\\\/schema\\\/logo\\\/image\\\/\"},\"sameAs\":[\"https:\\\/\\\/m.facebook.com\\\/Castle-Vernie-Fashion-Shop-110667857399440\"]}]}<\/script>\n<!-- \/ Yoast SEO plugin. -->","yoast_head_json":{"title":"Zacht Engel Natur strikmutsje van wolzijde met lange touwtjes.","description":"Zacht Engel Natur strikmutsje van wolzijde (GOTS) met lange touwtjes. Warm, ademend en perfect passend bij prematuur- en babykleding.","robots":{"index":"index","follow":"follow","max-snippet":"max-snippet:-1","max-image-preview":"max-image-preview:large","max-video-preview":"max-video-preview:-1"},"canonical":"https:\/\/www.castlevernie.nl\/de\/produkt\/engel-natur-wolzijde-strikmuts-prematuur-natur\/","og_locale":"de_DE","og_type":"article","og_title":"Zacht Engel Natur strikmutsje van wolzijde met lange touwtjes.","og_description":"Zacht Engel Natur strikmutsje van wolzijde (GOTS) met lange touwtjes. Warm, ademend en perfect passend bij prematuur- en babykleding.","og_url":"https:\/\/www.castlevernie.nl\/de\/produkt\/engel-natur-wolzijde-strikmuts-prematuur-natur\/","og_site_name":"Castle Vernie Fashion Shop","article_publisher":"https:\/\/m.facebook.com\/Castle-Vernie-Fashion-Shop-110667857399440","article_modified_time":"2025-11-07T21:59:13+00:00","og_image":[{"width":1772,"height":2200,"url":"https:\/\/www.castlevernie.nl\/wordpress\/wp-content\/uploads\/2025\/11\/700550-01.webp","type":"image\/webp"}],"twitter_card":"summary_large_image","twitter_misc":{"Gesch\u00e4tzte Lesezeit":"2\u00a0Minuten"},"schema":{"@context":"https:\/\/schema.org","@graph":[{"@type":"WebPage","@id":"https:\/\/www.castlevernie.nl\/product\/engel-natur-wolzijde-strikmuts-prematuur-natur\/","url":"https:\/\/www.castlevernie.nl\/product\/engel-natur-wolzijde-strikmuts-prematuur-natur\/","name":"Zacht Engel Natur strikmutsje van wolzijde met lange touwtjes.","isPartOf":{"@id":"https:\/\/www.castlevernie.nl\/#website"},"primaryImageOfPage":{"@id":"https:\/\/www.castlevernie.nl\/product\/engel-natur-wolzijde-strikmuts-prematuur-natur\/#primaryimage"},"image":{"@id":"https:\/\/www.castlevernie.nl\/product\/engel-natur-wolzijde-strikmuts-prematuur-natur\/#primaryimage"},"thumbnailUrl":"https:\/\/www.castlevernie.nl\/wordpress\/wp-content\/uploads\/2025\/11\/700550-01.webp","datePublished":"2025-11-07T21:52:04+00:00","dateModified":"2025-11-07T21:59:13+00:00","description":"Zacht Engel Natur strikmutsje van wolzijde (GOTS) met lange touwtjes. Warm, ademend en perfect passend bij prematuur- en babykleding.","breadcrumb":{"@id":"https:\/\/www.castlevernie.nl\/product\/engel-natur-wolzijde-strikmuts-prematuur-natur\/#breadcrumb"},"inLanguage":"de","potentialAction":[{"@type":"ReadAction","target":["https:\/\/www.castlevernie.nl\/product\/engel-natur-wolzijde-strikmuts-prematuur-natur\/"]}]},{"@type":"ImageObject","inLanguage":"de","@id":"https:\/\/www.castlevernie.nl\/product\/engel-natur-wolzijde-strikmuts-prematuur-natur\/#primaryimage","url":"https:\/\/www.castlevernie.nl\/wordpress\/wp-content\/uploads\/2025\/11\/700550-01.webp","contentUrl":"https:\/\/www.castlevernie.nl\/wordpress\/wp-content\/uploads\/2025\/11\/700550-01.webp","width":1772,"height":2200,"caption":"Prematuur mutsje wolzijde Engel Natur"},{"@type":"BreadcrumbList","@id":"https:\/\/www.castlevernie.nl\/product\/engel-natur-wolzijde-strikmuts-prematuur-natur\/#breadcrumb","itemListElement":[{"@type":"ListItem","position":1,"name":"Home","item":"https:\/\/www.castlevernie.nl\/"},{"@type":"ListItem","position":2,"name":"Winkel","item":"https:\/\/www.castlevernie.nl\/winkel\/"},{"@type":"ListItem","position":3,"name":"Engel Natur wolzijde strikmuts Prematuur Natur"}]},{"@type":"WebSite","@id":"https:\/\/www.castlevernie.nl\/#website","url":"https:\/\/www.castlevernie.nl\/","name":"Schloss Vernie Modegesch\u00e4ft","description":"","publisher":{"@id":"https:\/\/www.castlevernie.nl\/#organization"},"potentialAction":[{"@type":"SearchAction","target":{"@type":"EntryPoint","urlTemplate":"https:\/\/www.castlevernie.nl\/?s={search_term_string}"},"query-input":{"@type":"PropertyValueSpecification","valueRequired":true,"valueName":"search_term_string"}}],"inLanguage":"de"},{"@type":"Organization","@id":"https:\/\/www.castlevernie.nl\/#organization","name":"Castle Vernie","url":"https:\/\/www.castlevernie.nl\/","logo":{"@type":"ImageObject","inLanguage":"de","@id":"https:\/\/www.castlevernie.nl\/#\/schema\/logo\/image\/","url":"https:\/\/www.castlevernie.nl\/wordpress\/wp-content\/uploads\/2025\/07\/header-logo-3.png","contentUrl":"https:\/\/www.castlevernie.nl\/wordpress\/wp-content\/uploads\/2025\/07\/header-logo-3.png","width":780,"height":260,"caption":"Castle Vernie"},"image":{"@id":"https:\/\/www.castlevernie.nl\/#\/schema\/logo\/image\/"},"sameAs":["https:\/\/m.facebook.com\/Castle-Vernie-Fashion-Shop-110667857399440"]}]}},"_links":{"self":[{"href":"https:\/\/www.castlevernie.nl\/de\/wp-json\/wp\/v2\/product\/12328","targetHints":{"allow":["GET"]}}],"collection":[{"href":"https:\/\/www.castlevernie.nl\/de\/wp-json\/wp\/v2\/product"}],"about":[{"href":"https:\/\/www.castlevernie.nl\/de\/wp-json\/wp\/v2\/types\/product"}],"replies":[{"embeddable":true,"href":"https:\/\/www.castlevernie.nl\/de\/wp-json\/wp\/v2\/comments?post=12328"}],"wp:featuredmedia":[{"embeddable":true,"href":"https:\/\/www.castlevernie.nl\/de\/wp-json\/wp\/v2\/media\/12330"}],"wp:attachment":[{"href":"https:\/\/www.castlevernie.nl\/de\/wp-json\/wp\/v2\/media?parent=12328"}],"wp:term":[{"taxonomy":"product_brand","embeddable":true,"href":"https:\/\/www.castlevernie.nl\/de\/wp-json\/wp\/v2\/product_brand?post=12328"},{"taxonomy":"product_cat","embeddable":true,"href":"https:\/\/www.castlevernie.nl\/de\/wp-json\/wp\/v2\/product_cat?post=12328"},{"taxonomy":"product_tag","embeddable":true,"href":"https:\/\/www.castlevernie.nl\/de\/wp-json\/wp\/v2\/product_tag?post=12328"}],"curies":[{"name":"wp","href":"https:\/\/api.w.org\/{rel}","templated":true}]}}