{"id":12301,"date":"2025-11-06T21:14:09","date_gmt":"2025-11-06T21:14:09","guid":{"rendered":"https:\/\/www.castlevernie.nl\/?post_type=product&#038;p=12301"},"modified":"2025-11-24T07:38:16","modified_gmt":"2025-11-24T07:38:16","slug":"small-foot-hamertje-tik-jungle-vrienden-fsc-gecertificeerd","status":"publish","type":"product","link":"https:\/\/www.castlevernie.nl\/de\/produkt\/small-foot-hamertje-tik-jungle-vrienden-fsc-gecertificeerd\/","title":{"rendered":"Small Foot \u2013 Hamertje Tik Dschungelfreunde FSC-zertifiziert"},"content":{"rendered":"<h5>Small Foot FSC Holzh\u00e4mmerchen Tik \u2013 Nachhaltiges Holzspielzeug f\u00fcr Kleinkinder<\/h5>\n<p>Der Small Foot FSC Holzspielzeug Hammerklopfer ist nachhaltiges Holzspielzeug, das ideal f\u00fcr Kleinkinder und Vorschulkinder ist. Dieses p\u00e4dagogische Spiel hilft Kindern spielerisch, ihre Feinmotorik, Hand-Augen-Koordination und Konzentration zu entwickeln. Das Holzspielzeug wird aus FSC-zertifiziertem Holz hergestellt, das aus verantwortungsvoll bewirtschafteten W\u00e4ldern stammt, und tr\u00e4gt zu einem umweltfreundlichen und nachhaltigen Spielerlebnis bei.<\/p>\n<p>Mit den bunten Holzbl\u00f6cken und dem stabilen Hammer k\u00f6nnen Kinder Formen und Farben entdecken, w\u00e4hrend sie Spa\u00df haben. Das p\u00e4dagogische Holzspielzeug ab 1 Jahr ist so gestaltet, dass es sicher gespielt werden kann: Alle Bl\u00f6cke sind glatt verarbeitet und mit ungiftiger Farbe bemalt. So k\u00f6nnen Eltern beruhigt sein, w\u00e4hrend ihr Kind stundenlang spielt.<\/p>\n<p>Dank des kompakten Formats ist das Small Foot H\u00e4mmerchen Perfekt zum Spielen zu Hause, beim Besuch oder unterwegs. Das klassische Design bleibt faszinierend und kann mit Geschwistern geteilt werden, wodurch dieses Spielzeug \u00fcber Jahre hinweg Freude bereitet. Dies macht es zu einer ausgezeichneten Wahl f\u00fcr Eltern, die in langlebiges und verantwortungsbewusstes Holzspielzeug f\u00fcr Kleinkinder investieren m\u00f6chten.<\/p>\n<p>Neben dem Spielspa\u00df f\u00f6rdert dieses Holzspielzeug auch kognitive F\u00e4higkeiten und Kreativit\u00e4t. Es ist ein zeitloses Spielzeug, das Bildung und Unterhaltung kombiniert und somit eine wertvolle Erg\u00e4nzung jeder Spielzeugsammlung darstellt. Mit dem Small Foot FSC-Holzhammer-Spiel entscheiden Sie sich also f\u00fcr sicheres, nachhaltiges und lehrreiches Spielzeug, das Kindern beim Entwickeln hilft, w\u00e4hrend sie Spa\u00df haben.<\/p>","protected":false},"excerpt":{"rendered":"<p>Small Foot FSC Houten Hamertje Tik \u2013 Duurzaam Houten Speelgoed voor Peuters De Small Foot FSC houten Hamertje Tik is duurzaam houten speelgoed dat ideaal is voor peuters en kleuters. Dit educatieve spel helpt kinderen spelenderwijs hun fijne motoriek, hand-oogco\u00f6rdinatie en concentratie te ontwikkelen. Het houten speelgoed is vervaardigd uit FSC-gecertificeerd hout, afkomstig uit verantwoord [&hellip;]<\/p>\n","protected":false},"featured_media":12302,"comment_status":"open","ping_status":"closed","template":"","meta":[],"product_brand":[768],"product_cat":[766],"product_tag":[777,767],"class_list":{"0":"post-12301","1":"product","2":"type-product","3":"status-publish","4":"has-post-thumbnail","6":"product_brand-small-foot","7":"product_cat-duurzaam-speelgoed","8":"product_tag-duurzaam-speelgoed","9":"product_tag-fsc-houten-speelgoed-kerst-sinterklaas","11":"first","12":"instock","13":"sale","14":"taxable","15":"shipping-taxable","16":"purchasable","17":"product-type-simple"},"yoast_head":"<!-- This site is optimized with the Yoast SEO plugin v27.6 - https:\/\/yoast.com\/product\/yoast-seo-wordpress\/ -->\n<title>Small Foot Houten Hamertje Tik \u2013 Duurzaam Speelgoed| Castle Vernie Fashion Shop<\/title>\n<meta name=\"description\" content=\"Small Foot FSC houten Hamertje Tik \u2013 duurzaam en educatief houten speelgoed voor peuters. Stimuleert motoriek, kleuren en vormen vanaf 1 jaar.\" \/>\n<meta name=\"robots\" content=\"index, follow, max-snippet:-1, max-image-preview:large, max-video-preview:-1\" \/>\n<link rel=\"canonical\" href=\"https:\/\/www.castlevernie.nl\/de\/produkt\/small-foot-hamertje-tik-jungle-vrienden-fsc-gecertificeerd\/\" \/>\n<meta property=\"og:locale\" content=\"de_DE\" \/>\n<meta property=\"og:type\" content=\"article\" \/>\n<meta property=\"og:title\" content=\"Small Foot Houten Hamertje Tik \u2013 Duurzaam Speelgoed| Castle Vernie Fashion Shop\" \/>\n<meta property=\"og:description\" content=\"Small Foot FSC houten Hamertje Tik \u2013 duurzaam en educatief houten speelgoed voor peuters. Stimuleert motoriek, kleuren en vormen vanaf 1 jaar.\" \/>\n<meta property=\"og:url\" content=\"https:\/\/www.castlevernie.nl\/de\/produkt\/small-foot-hamertje-tik-jungle-vrienden-fsc-gecertificeerd\/\" \/>\n<meta property=\"og:site_name\" content=\"Castle Vernie Fashion Shop\" \/>\n<meta property=\"article:publisher\" content=\"https:\/\/m.facebook.com\/Castle-Vernie-Fashion-Shop-110667857399440\" \/>\n<meta property=\"article:modified_time\" content=\"2025-11-24T07:38:16+00:00\" \/>\n<meta property=\"og:image\" content=\"https:\/\/www.castlevernie.nl\/wordpress\/wp-content\/uploads\/2025\/11\/Hamertje-Tik-Jungle-Vrienden-Duurzaam-speelgoed.webp\" \/>\n\t<meta property=\"og:image:width\" content=\"1744\" \/>\n\t<meta property=\"og:image:height\" content=\"1332\" \/>\n\t<meta property=\"og:image:type\" content=\"image\/webp\" \/>\n<meta name=\"twitter:card\" content=\"summary_large_image\" \/>\n<meta name=\"twitter:label1\" content=\"Gesch\u00e4tzte Lesezeit\" \/>\n\t<meta name=\"twitter:data1\" content=\"2\u00a0Minuten\" \/>\n<script type=\"application\/ld+json\" class=\"yoast-schema-graph\">{\"@context\":\"https:\\\/\\\/schema.org\",\"@graph\":[{\"@type\":\"WebPage\",\"@id\":\"https:\\\/\\\/www.castlevernie.nl\\\/product\\\/small-foot-hamertje-tik-jungle-vrienden-fsc-gecertificeerd\\\/\",\"url\":\"https:\\\/\\\/www.castlevernie.nl\\\/product\\\/small-foot-hamertje-tik-jungle-vrienden-fsc-gecertificeerd\\\/\",\"name\":\"Small Foot Houten Hamertje Tik \u2013 Duurzaam Speelgoed| Castle Vernie Fashion Shop\",\"isPartOf\":{\"@id\":\"https:\\\/\\\/www.castlevernie.nl\\\/#website\"},\"primaryImageOfPage\":{\"@id\":\"https:\\\/\\\/www.castlevernie.nl\\\/product\\\/small-foot-hamertje-tik-jungle-vrienden-fsc-gecertificeerd\\\/#primaryimage\"},\"image\":{\"@id\":\"https:\\\/\\\/www.castlevernie.nl\\\/product\\\/small-foot-hamertje-tik-jungle-vrienden-fsc-gecertificeerd\\\/#primaryimage\"},\"thumbnailUrl\":\"https:\\\/\\\/www.castlevernie.nl\\\/wordpress\\\/wp-content\\\/uploads\\\/2025\\\/11\\\/Hamertje-Tik-Jungle-Vrienden-Duurzaam-speelgoed.webp\",\"datePublished\":\"2025-11-06T21:14:09+00:00\",\"dateModified\":\"2025-11-24T07:38:16+00:00\",\"description\":\"Small Foot FSC houten Hamertje Tik \u2013 duurzaam en educatief houten speelgoed voor peuters. Stimuleert motoriek, kleuren en vormen vanaf 1 jaar.\",\"breadcrumb\":{\"@id\":\"https:\\\/\\\/www.castlevernie.nl\\\/product\\\/small-foot-hamertje-tik-jungle-vrienden-fsc-gecertificeerd\\\/#breadcrumb\"},\"inLanguage\":\"de\",\"potentialAction\":[{\"@type\":\"ReadAction\",\"target\":[\"https:\\\/\\\/www.castlevernie.nl\\\/product\\\/small-foot-hamertje-tik-jungle-vrienden-fsc-gecertificeerd\\\/\"]}]},{\"@type\":\"ImageObject\",\"inLanguage\":\"de\",\"@id\":\"https:\\\/\\\/www.castlevernie.nl\\\/product\\\/small-foot-hamertje-tik-jungle-vrienden-fsc-gecertificeerd\\\/#primaryimage\",\"url\":\"https:\\\/\\\/www.castlevernie.nl\\\/wordpress\\\/wp-content\\\/uploads\\\/2025\\\/11\\\/Hamertje-Tik-Jungle-Vrienden-Duurzaam-speelgoed.webp\",\"contentUrl\":\"https:\\\/\\\/www.castlevernie.nl\\\/wordpress\\\/wp-content\\\/uploads\\\/2025\\\/11\\\/Hamertje-Tik-Jungle-Vrienden-Duurzaam-speelgoed.webp\",\"width\":1744,\"height\":1332,\"caption\":\"Hamertje Tik Jungle Vrienden Duurzaam Speelgoed\"},{\"@type\":\"BreadcrumbList\",\"@id\":\"https:\\\/\\\/www.castlevernie.nl\\\/product\\\/small-foot-hamertje-tik-jungle-vrienden-fsc-gecertificeerd\\\/#breadcrumb\",\"itemListElement\":[{\"@type\":\"ListItem\",\"position\":1,\"name\":\"Home\",\"item\":\"https:\\\/\\\/www.castlevernie.nl\\\/\"},{\"@type\":\"ListItem\",\"position\":2,\"name\":\"Winkel\",\"item\":\"https:\\\/\\\/www.castlevernie.nl\\\/winkel\\\/\"},{\"@type\":\"ListItem\",\"position\":3,\"name\":\"Small Foot &#8211; Hamertje Tik Jungle Vrienden FSC Gecertificeerd\"}]},{\"@type\":\"WebSite\",\"@id\":\"https:\\\/\\\/www.castlevernie.nl\\\/#website\",\"url\":\"https:\\\/\\\/www.castlevernie.nl\\\/\",\"name\":\"Castle Vernie Fashion Shop\",\"description\":\"\",\"publisher\":{\"@id\":\"https:\\\/\\\/www.castlevernie.nl\\\/#organization\"},\"potentialAction\":[{\"@type\":\"SearchAction\",\"target\":{\"@type\":\"EntryPoint\",\"urlTemplate\":\"https:\\\/\\\/www.castlevernie.nl\\\/?s={search_term_string}\"},\"query-input\":{\"@type\":\"PropertyValueSpecification\",\"valueRequired\":true,\"valueName\":\"search_term_string\"}}],\"inLanguage\":\"de\"},{\"@type\":\"Organization\",\"@id\":\"https:\\\/\\\/www.castlevernie.nl\\\/#organization\",\"name\":\"Castle Vernie\",\"url\":\"https:\\\/\\\/www.castlevernie.nl\\\/\",\"logo\":{\"@type\":\"ImageObject\",\"inLanguage\":\"de\",\"@id\":\"https:\\\/\\\/www.castlevernie.nl\\\/#\\\/schema\\\/logo\\\/image\\\/\",\"url\":\"https:\\\/\\\/www.castlevernie.nl\\\/wordpress\\\/wp-content\\\/uploads\\\/2025\\\/07\\\/header-logo-3.png\",\"contentUrl\":\"https:\\\/\\\/www.castlevernie.nl\\\/wordpress\\\/wp-content\\\/uploads\\\/2025\\\/07\\\/header-logo-3.png\",\"width\":780,\"height\":260,\"caption\":\"Castle Vernie\"},\"image\":{\"@id\":\"https:\\\/\\\/www.castlevernie.nl\\\/#\\\/schema\\\/logo\\\/image\\\/\"},\"sameAs\":[\"https:\\\/\\\/m.facebook.com\\\/Castle-Vernie-Fashion-Shop-110667857399440\"]}]}<\/script>\n<!-- \/ Yoast SEO plugin. -->","yoast_head_json":{"title":"Small Foot Houten Hamertje Tik \u2013 Duurzaam Speelgoed| Castle Vernie Fashion Shop","description":"Small Foot FSC houten Hamertje Tik \u2013 duurzaam en educatief houten speelgoed voor peuters. Stimuleert motoriek, kleuren en vormen vanaf 1 jaar.","robots":{"index":"index","follow":"follow","max-snippet":"max-snippet:-1","max-image-preview":"max-image-preview:large","max-video-preview":"max-video-preview:-1"},"canonical":"https:\/\/www.castlevernie.nl\/de\/produkt\/small-foot-hamertje-tik-jungle-vrienden-fsc-gecertificeerd\/","og_locale":"de_DE","og_type":"article","og_title":"Small Foot Houten Hamertje Tik \u2013 Duurzaam Speelgoed| Castle Vernie Fashion Shop","og_description":"Small Foot FSC houten Hamertje Tik \u2013 duurzaam en educatief houten speelgoed voor peuters. Stimuleert motoriek, kleuren en vormen vanaf 1 jaar.","og_url":"https:\/\/www.castlevernie.nl\/de\/produkt\/small-foot-hamertje-tik-jungle-vrienden-fsc-gecertificeerd\/","og_site_name":"Castle Vernie Fashion Shop","article_publisher":"https:\/\/m.facebook.com\/Castle-Vernie-Fashion-Shop-110667857399440","article_modified_time":"2025-11-24T07:38:16+00:00","og_image":[{"width":1744,"height":1332,"url":"https:\/\/www.castlevernie.nl\/wordpress\/wp-content\/uploads\/2025\/11\/Hamertje-Tik-Jungle-Vrienden-Duurzaam-speelgoed.webp","type":"image\/webp"}],"twitter_card":"summary_large_image","twitter_misc":{"Gesch\u00e4tzte Lesezeit":"2\u00a0Minuten"},"schema":{"@context":"https:\/\/schema.org","@graph":[{"@type":"WebPage","@id":"https:\/\/www.castlevernie.nl\/product\/small-foot-hamertje-tik-jungle-vrienden-fsc-gecertificeerd\/","url":"https:\/\/www.castlevernie.nl\/product\/small-foot-hamertje-tik-jungle-vrienden-fsc-gecertificeerd\/","name":"Small Foot Houten Hamertje Tik \u2013 Duurzaam Speelgoed| Castle Vernie Fashion Shop","isPartOf":{"@id":"https:\/\/www.castlevernie.nl\/#website"},"primaryImageOfPage":{"@id":"https:\/\/www.castlevernie.nl\/product\/small-foot-hamertje-tik-jungle-vrienden-fsc-gecertificeerd\/#primaryimage"},"image":{"@id":"https:\/\/www.castlevernie.nl\/product\/small-foot-hamertje-tik-jungle-vrienden-fsc-gecertificeerd\/#primaryimage"},"thumbnailUrl":"https:\/\/www.castlevernie.nl\/wordpress\/wp-content\/uploads\/2025\/11\/Hamertje-Tik-Jungle-Vrienden-Duurzaam-speelgoed.webp","datePublished":"2025-11-06T21:14:09+00:00","dateModified":"2025-11-24T07:38:16+00:00","description":"Small Foot FSC houten Hamertje Tik \u2013 duurzaam en educatief houten speelgoed voor peuters. Stimuleert motoriek, kleuren en vormen vanaf 1 jaar.","breadcrumb":{"@id":"https:\/\/www.castlevernie.nl\/product\/small-foot-hamertje-tik-jungle-vrienden-fsc-gecertificeerd\/#breadcrumb"},"inLanguage":"de","potentialAction":[{"@type":"ReadAction","target":["https:\/\/www.castlevernie.nl\/product\/small-foot-hamertje-tik-jungle-vrienden-fsc-gecertificeerd\/"]}]},{"@type":"ImageObject","inLanguage":"de","@id":"https:\/\/www.castlevernie.nl\/product\/small-foot-hamertje-tik-jungle-vrienden-fsc-gecertificeerd\/#primaryimage","url":"https:\/\/www.castlevernie.nl\/wordpress\/wp-content\/uploads\/2025\/11\/Hamertje-Tik-Jungle-Vrienden-Duurzaam-speelgoed.webp","contentUrl":"https:\/\/www.castlevernie.nl\/wordpress\/wp-content\/uploads\/2025\/11\/Hamertje-Tik-Jungle-Vrienden-Duurzaam-speelgoed.webp","width":1744,"height":1332,"caption":"Hamertje Tik Jungle Vrienden Duurzaam Speelgoed"},{"@type":"BreadcrumbList","@id":"https:\/\/www.castlevernie.nl\/product\/small-foot-hamertje-tik-jungle-vrienden-fsc-gecertificeerd\/#breadcrumb","itemListElement":[{"@type":"ListItem","position":1,"name":"Home","item":"https:\/\/www.castlevernie.nl\/"},{"@type":"ListItem","position":2,"name":"Winkel","item":"https:\/\/www.castlevernie.nl\/winkel\/"},{"@type":"ListItem","position":3,"name":"Small Foot &#8211; Hamertje Tik Jungle Vrienden FSC Gecertificeerd"}]},{"@type":"WebSite","@id":"https:\/\/www.castlevernie.nl\/#website","url":"https:\/\/www.castlevernie.nl\/","name":"Schloss Vernie Modegesch\u00e4ft","description":"","publisher":{"@id":"https:\/\/www.castlevernie.nl\/#organization"},"potentialAction":[{"@type":"SearchAction","target":{"@type":"EntryPoint","urlTemplate":"https:\/\/www.castlevernie.nl\/?s={search_term_string}"},"query-input":{"@type":"PropertyValueSpecification","valueRequired":true,"valueName":"search_term_string"}}],"inLanguage":"de"},{"@type":"Organization","@id":"https:\/\/www.castlevernie.nl\/#organization","name":"Castle Vernie","url":"https:\/\/www.castlevernie.nl\/","logo":{"@type":"ImageObject","inLanguage":"de","@id":"https:\/\/www.castlevernie.nl\/#\/schema\/logo\/image\/","url":"https:\/\/www.castlevernie.nl\/wordpress\/wp-content\/uploads\/2025\/07\/header-logo-3.png","contentUrl":"https:\/\/www.castlevernie.nl\/wordpress\/wp-content\/uploads\/2025\/07\/header-logo-3.png","width":780,"height":260,"caption":"Castle Vernie"},"image":{"@id":"https:\/\/www.castlevernie.nl\/#\/schema\/logo\/image\/"},"sameAs":["https:\/\/m.facebook.com\/Castle-Vernie-Fashion-Shop-110667857399440"]}]}},"_links":{"self":[{"href":"https:\/\/www.castlevernie.nl\/de\/wp-json\/wp\/v2\/product\/12301","targetHints":{"allow":["GET"]}}],"collection":[{"href":"https:\/\/www.castlevernie.nl\/de\/wp-json\/wp\/v2\/product"}],"about":[{"href":"https:\/\/www.castlevernie.nl\/de\/wp-json\/wp\/v2\/types\/product"}],"replies":[{"embeddable":true,"href":"https:\/\/www.castlevernie.nl\/de\/wp-json\/wp\/v2\/comments?post=12301"}],"wp:featuredmedia":[{"embeddable":true,"href":"https:\/\/www.castlevernie.nl\/de\/wp-json\/wp\/v2\/media\/12302"}],"wp:attachment":[{"href":"https:\/\/www.castlevernie.nl\/de\/wp-json\/wp\/v2\/media?parent=12301"}],"wp:term":[{"taxonomy":"product_brand","embeddable":true,"href":"https:\/\/www.castlevernie.nl\/de\/wp-json\/wp\/v2\/product_brand?post=12301"},{"taxonomy":"product_cat","embeddable":true,"href":"https:\/\/www.castlevernie.nl\/de\/wp-json\/wp\/v2\/product_cat?post=12301"},{"taxonomy":"product_tag","embeddable":true,"href":"https:\/\/www.castlevernie.nl\/de\/wp-json\/wp\/v2\/product_tag?post=12301"}],"curies":[{"name":"wp","href":"https:\/\/api.w.org\/{rel}","templated":true}]}}