{"id":12284,"date":"2025-11-06T07:33:22","date_gmt":"2025-11-06T07:33:22","guid":{"rendered":"https:\/\/www.castlevernie.nl\/?post_type=product&#038;p=12284"},"modified":"2025-11-24T09:43:36","modified_gmt":"2025-11-24T09:43:36","slug":"small-foot-houten-graafmachine-fsc-gecertificeerd","status":"publish","type":"product","link":"https:\/\/www.castlevernie.nl\/de\/produkt\/small-foot-houten-graafmachine-fsc-gecertificeerd\/","title":{"rendered":"Small Foot \u2013 Holzbagger FSC-zertifiziert"},"content":{"rendered":"<h5>Small Foot Houten Graafmachine \u2013 FSC-gecertificeerd houten speelgoed<\/h5>\n<p>Der Small Foot Holzbagger ist langlebig, sicher und ideal f\u00fcr Kinder, die gerne spielen und entdecken. Dieses Holzspielzeug besteht aus FSC-zertifiziertem Holz, wodurch es nicht nur stabil und sicher ist, sondern auch eine umweltbewusste Wahl f\u00fcr Eltern darstellt, denen Nachhaltigkeit wichtig ist.<\/p>\n<p>Mit dem Small Foot Holzbagger entwickeln Kinder spielerisch ihre Feinmotorik, Konzentration und Kreativit\u00e4t. Die wundersch\u00f6nen Details und das robuste Design machen das Spielzeug f\u00fcr stundenlangen Spa\u00df geeignet, sowohl alleine als auch zusammen mit Freunden oder Geschwistern. Kinder k\u00f6nnen den Bagger vorw\u00e4rts schieben, drehen und rollen lassen, was zur Hand-Augen-Koordination und zu fantasievollem Spiel beitr\u00e4gt.<\/p>\n<p>Dank des FSC-Siegels kannst du sicher sein, dass das Holz aus verantwortungsvoll bewirtschafteten W\u00e4ldern stammt, sodass du zu einer nachhaltigen Zukunft beitr\u00e4gst. Das Spielzeug ist v\u00f6llig frei von sch\u00e4dlichen Stoffen und sorgf\u00e4ltig verarbeitet, wodurch es f\u00fcr Kinder ab 3 Jahren sicher ist.<\/p>\n<p>Die kompakte und robuste Konstruktion macht den Small Foot Holzbagger perfekt f\u00fcr zu Hause, aber auch f\u00fcr den Einsatz in Schulen oder Kindertagesst\u00e4tten. Sein p\u00e4dagogischer Charakter regt Kinder dazu an, beim Spielen zu entdecken und zu lernen, und vereint Sicherheit, Langlebigkeit und Spa\u00df in einem wundersch\u00f6nen Produkt.<\/p>\n<p>Entscheiden Sie sich f\u00fcr den Small Foot Holzbagger aus FSC-Holz und bieten Sie Kindern eine spielerische M\u00f6glichkeit, motorische F\u00e4higkeiten und Fantasie zu entwickeln. Dieses Holzspielzeug ist eine perfekte Erg\u00e4nzung f\u00fcr jede Spielzeugsammlung und ein verantwortungsbewusstes Geschenk f\u00fcr Geburtstage oder besondere Anl\u00e4sse.<\/p>","protected":false},"excerpt":{"rendered":"<p>Small Foot Houten Graafmachine \u2013 FSC-gecertificeerd houten speelgoed De Small Foot Houten Graafmachine is duurzaam, veilig en ideaal voor kinderen die van spelen en ontdekken houden. Dit houten speelgoed is gemaakt van FSC-gecertificeerd hout, waardoor het niet alleen stevig en veilig is, maar ook een milieubewuste keuze voor ouders die duurzaamheid belangrijk vinden. Met de [&hellip;]<\/p>\n","protected":false},"featured_media":12285,"comment_status":"open","ping_status":"closed","template":"","meta":[],"product_brand":[768],"product_cat":[766],"product_tag":[777,767],"class_list":{"0":"post-12284","1":"product","2":"type-product","3":"status-publish","4":"has-post-thumbnail","6":"product_brand-small-foot","7":"product_cat-duurzaam-speelgoed","8":"product_tag-duurzaam-speelgoed","9":"product_tag-fsc-houten-speelgoed-kerst-sinterklaas","11":"first","12":"outofstock","13":"sale","14":"taxable","15":"shipping-taxable","16":"purchasable","17":"product-type-simple"},"yoast_head":"<!-- This site is optimized with the Yoast SEO plugin v27.6 - https:\/\/yoast.com\/product\/yoast-seo-wordpress\/ -->\n<title>Small Foot Houten Graafmachine \u2013 FSC-gecertificeerd speelgoed<\/title>\n<meta name=\"description\" content=\"Small Foot Houten Graafmachine \u2013 FSC-gecertificeerd hout, duurzaam en veilig speelgoed dat de motoriek en creativiteit van kinderen stimuleert\" \/>\n<meta name=\"robots\" content=\"index, follow, max-snippet:-1, max-image-preview:large, max-video-preview:-1\" \/>\n<link rel=\"canonical\" href=\"https:\/\/www.castlevernie.nl\/de\/produkt\/small-foot-houten-graafmachine-fsc-gecertificeerd\/\" \/>\n<meta property=\"og:locale\" content=\"de_DE\" \/>\n<meta property=\"og:type\" content=\"article\" \/>\n<meta property=\"og:title\" content=\"Small Foot Houten Graafmachine \u2013 FSC-gecertificeerd speelgoed\" \/>\n<meta property=\"og:description\" content=\"Small Foot Houten Graafmachine \u2013 FSC-gecertificeerd hout, duurzaam en veilig speelgoed dat de motoriek en creativiteit van kinderen stimuleert\" \/>\n<meta property=\"og:url\" content=\"https:\/\/www.castlevernie.nl\/de\/produkt\/small-foot-houten-graafmachine-fsc-gecertificeerd\/\" \/>\n<meta property=\"og:site_name\" content=\"Castle Vernie Fashion Shop\" \/>\n<meta property=\"article:publisher\" content=\"https:\/\/m.facebook.com\/Castle-Vernie-Fashion-Shop-110667857399440\" \/>\n<meta property=\"article:modified_time\" content=\"2025-11-24T09:43:36+00:00\" \/>\n<meta property=\"og:image\" content=\"https:\/\/www.castlevernie.nl\/wordpress\/wp-content\/uploads\/2025\/11\/small-foot-excavator-FSC-duurzaam-speelgoed.webp\" \/>\n\t<meta property=\"og:image:width\" content=\"1658\" \/>\n\t<meta property=\"og:image:height\" content=\"1332\" \/>\n\t<meta property=\"og:image:type\" content=\"image\/webp\" \/>\n<meta name=\"twitter:card\" content=\"summary_large_image\" \/>\n<meta name=\"twitter:label1\" content=\"Gesch\u00e4tzte Lesezeit\" \/>\n\t<meta name=\"twitter:data1\" content=\"2\u00a0Minuten\" \/>\n<script type=\"application\/ld+json\" class=\"yoast-schema-graph\">{\"@context\":\"https:\\\/\\\/schema.org\",\"@graph\":[{\"@type\":\"WebPage\",\"@id\":\"https:\\\/\\\/www.castlevernie.nl\\\/product\\\/small-foot-houten-graafmachine-fsc-gecertificeerd\\\/\",\"url\":\"https:\\\/\\\/www.castlevernie.nl\\\/product\\\/small-foot-houten-graafmachine-fsc-gecertificeerd\\\/\",\"name\":\"Small Foot Houten Graafmachine \u2013 FSC-gecertificeerd speelgoed\",\"isPartOf\":{\"@id\":\"https:\\\/\\\/www.castlevernie.nl\\\/#website\"},\"primaryImageOfPage\":{\"@id\":\"https:\\\/\\\/www.castlevernie.nl\\\/product\\\/small-foot-houten-graafmachine-fsc-gecertificeerd\\\/#primaryimage\"},\"image\":{\"@id\":\"https:\\\/\\\/www.castlevernie.nl\\\/product\\\/small-foot-houten-graafmachine-fsc-gecertificeerd\\\/#primaryimage\"},\"thumbnailUrl\":\"https:\\\/\\\/www.castlevernie.nl\\\/wordpress\\\/wp-content\\\/uploads\\\/2025\\\/11\\\/small-foot-excavator-FSC-duurzaam-speelgoed.webp\",\"datePublished\":\"2025-11-06T07:33:22+00:00\",\"dateModified\":\"2025-11-24T09:43:36+00:00\",\"description\":\"Small Foot Houten Graafmachine \u2013 FSC-gecertificeerd hout, duurzaam en veilig speelgoed dat de motoriek en creativiteit van kinderen stimuleert\",\"breadcrumb\":{\"@id\":\"https:\\\/\\\/www.castlevernie.nl\\\/product\\\/small-foot-houten-graafmachine-fsc-gecertificeerd\\\/#breadcrumb\"},\"inLanguage\":\"de\",\"potentialAction\":[{\"@type\":\"ReadAction\",\"target\":[\"https:\\\/\\\/www.castlevernie.nl\\\/product\\\/small-foot-houten-graafmachine-fsc-gecertificeerd\\\/\"]}]},{\"@type\":\"ImageObject\",\"inLanguage\":\"de\",\"@id\":\"https:\\\/\\\/www.castlevernie.nl\\\/product\\\/small-foot-houten-graafmachine-fsc-gecertificeerd\\\/#primaryimage\",\"url\":\"https:\\\/\\\/www.castlevernie.nl\\\/wordpress\\\/wp-content\\\/uploads\\\/2025\\\/11\\\/small-foot-excavator-FSC-duurzaam-speelgoed.webp\",\"contentUrl\":\"https:\\\/\\\/www.castlevernie.nl\\\/wordpress\\\/wp-content\\\/uploads\\\/2025\\\/11\\\/small-foot-excavator-FSC-duurzaam-speelgoed.webp\",\"width\":1658,\"height\":1332,\"caption\":\"Duurzaam speelgoed van hout graafmachine auto small foot\"},{\"@type\":\"BreadcrumbList\",\"@id\":\"https:\\\/\\\/www.castlevernie.nl\\\/product\\\/small-foot-houten-graafmachine-fsc-gecertificeerd\\\/#breadcrumb\",\"itemListElement\":[{\"@type\":\"ListItem\",\"position\":1,\"name\":\"Home\",\"item\":\"https:\\\/\\\/www.castlevernie.nl\\\/\"},{\"@type\":\"ListItem\",\"position\":2,\"name\":\"Winkel\",\"item\":\"https:\\\/\\\/www.castlevernie.nl\\\/winkel\\\/\"},{\"@type\":\"ListItem\",\"position\":3,\"name\":\"Small Foot &#8211; Houten Graafmachine FSC Gecertificeerd\"}]},{\"@type\":\"WebSite\",\"@id\":\"https:\\\/\\\/www.castlevernie.nl\\\/#website\",\"url\":\"https:\\\/\\\/www.castlevernie.nl\\\/\",\"name\":\"Castle Vernie Fashion Shop\",\"description\":\"\",\"publisher\":{\"@id\":\"https:\\\/\\\/www.castlevernie.nl\\\/#organization\"},\"potentialAction\":[{\"@type\":\"SearchAction\",\"target\":{\"@type\":\"EntryPoint\",\"urlTemplate\":\"https:\\\/\\\/www.castlevernie.nl\\\/?s={search_term_string}\"},\"query-input\":{\"@type\":\"PropertyValueSpecification\",\"valueRequired\":true,\"valueName\":\"search_term_string\"}}],\"inLanguage\":\"de\"},{\"@type\":\"Organization\",\"@id\":\"https:\\\/\\\/www.castlevernie.nl\\\/#organization\",\"name\":\"Castle Vernie\",\"url\":\"https:\\\/\\\/www.castlevernie.nl\\\/\",\"logo\":{\"@type\":\"ImageObject\",\"inLanguage\":\"de\",\"@id\":\"https:\\\/\\\/www.castlevernie.nl\\\/#\\\/schema\\\/logo\\\/image\\\/\",\"url\":\"https:\\\/\\\/www.castlevernie.nl\\\/wordpress\\\/wp-content\\\/uploads\\\/2025\\\/07\\\/header-logo-3.png\",\"contentUrl\":\"https:\\\/\\\/www.castlevernie.nl\\\/wordpress\\\/wp-content\\\/uploads\\\/2025\\\/07\\\/header-logo-3.png\",\"width\":780,\"height\":260,\"caption\":\"Castle Vernie\"},\"image\":{\"@id\":\"https:\\\/\\\/www.castlevernie.nl\\\/#\\\/schema\\\/logo\\\/image\\\/\"},\"sameAs\":[\"https:\\\/\\\/m.facebook.com\\\/Castle-Vernie-Fashion-Shop-110667857399440\"]}]}<\/script>\n<!-- \/ Yoast SEO plugin. -->","yoast_head_json":{"title":"Small Foot Houten Graafmachine \u2013 FSC-gecertificeerd speelgoed","description":"Small Foot Houten Graafmachine \u2013 FSC-gecertificeerd hout, duurzaam en veilig speelgoed dat de motoriek en creativiteit van kinderen stimuleert","robots":{"index":"index","follow":"follow","max-snippet":"max-snippet:-1","max-image-preview":"max-image-preview:large","max-video-preview":"max-video-preview:-1"},"canonical":"https:\/\/www.castlevernie.nl\/de\/produkt\/small-foot-houten-graafmachine-fsc-gecertificeerd\/","og_locale":"de_DE","og_type":"article","og_title":"Small Foot Houten Graafmachine \u2013 FSC-gecertificeerd speelgoed","og_description":"Small Foot Houten Graafmachine \u2013 FSC-gecertificeerd hout, duurzaam en veilig speelgoed dat de motoriek en creativiteit van kinderen stimuleert","og_url":"https:\/\/www.castlevernie.nl\/de\/produkt\/small-foot-houten-graafmachine-fsc-gecertificeerd\/","og_site_name":"Castle Vernie Fashion Shop","article_publisher":"https:\/\/m.facebook.com\/Castle-Vernie-Fashion-Shop-110667857399440","article_modified_time":"2025-11-24T09:43:36+00:00","og_image":[{"width":1658,"height":1332,"url":"https:\/\/www.castlevernie.nl\/wordpress\/wp-content\/uploads\/2025\/11\/small-foot-excavator-FSC-duurzaam-speelgoed.webp","type":"image\/webp"}],"twitter_card":"summary_large_image","twitter_misc":{"Gesch\u00e4tzte Lesezeit":"2\u00a0Minuten"},"schema":{"@context":"https:\/\/schema.org","@graph":[{"@type":"WebPage","@id":"https:\/\/www.castlevernie.nl\/product\/small-foot-houten-graafmachine-fsc-gecertificeerd\/","url":"https:\/\/www.castlevernie.nl\/product\/small-foot-houten-graafmachine-fsc-gecertificeerd\/","name":"Small Foot Houten Graafmachine \u2013 FSC-gecertificeerd speelgoed","isPartOf":{"@id":"https:\/\/www.castlevernie.nl\/#website"},"primaryImageOfPage":{"@id":"https:\/\/www.castlevernie.nl\/product\/small-foot-houten-graafmachine-fsc-gecertificeerd\/#primaryimage"},"image":{"@id":"https:\/\/www.castlevernie.nl\/product\/small-foot-houten-graafmachine-fsc-gecertificeerd\/#primaryimage"},"thumbnailUrl":"https:\/\/www.castlevernie.nl\/wordpress\/wp-content\/uploads\/2025\/11\/small-foot-excavator-FSC-duurzaam-speelgoed.webp","datePublished":"2025-11-06T07:33:22+00:00","dateModified":"2025-11-24T09:43:36+00:00","description":"Small Foot Houten Graafmachine \u2013 FSC-gecertificeerd hout, duurzaam en veilig speelgoed dat de motoriek en creativiteit van kinderen stimuleert","breadcrumb":{"@id":"https:\/\/www.castlevernie.nl\/product\/small-foot-houten-graafmachine-fsc-gecertificeerd\/#breadcrumb"},"inLanguage":"de","potentialAction":[{"@type":"ReadAction","target":["https:\/\/www.castlevernie.nl\/product\/small-foot-houten-graafmachine-fsc-gecertificeerd\/"]}]},{"@type":"ImageObject","inLanguage":"de","@id":"https:\/\/www.castlevernie.nl\/product\/small-foot-houten-graafmachine-fsc-gecertificeerd\/#primaryimage","url":"https:\/\/www.castlevernie.nl\/wordpress\/wp-content\/uploads\/2025\/11\/small-foot-excavator-FSC-duurzaam-speelgoed.webp","contentUrl":"https:\/\/www.castlevernie.nl\/wordpress\/wp-content\/uploads\/2025\/11\/small-foot-excavator-FSC-duurzaam-speelgoed.webp","width":1658,"height":1332,"caption":"Duurzaam speelgoed van hout graafmachine auto small foot"},{"@type":"BreadcrumbList","@id":"https:\/\/www.castlevernie.nl\/product\/small-foot-houten-graafmachine-fsc-gecertificeerd\/#breadcrumb","itemListElement":[{"@type":"ListItem","position":1,"name":"Home","item":"https:\/\/www.castlevernie.nl\/"},{"@type":"ListItem","position":2,"name":"Winkel","item":"https:\/\/www.castlevernie.nl\/winkel\/"},{"@type":"ListItem","position":3,"name":"Small Foot &#8211; Houten Graafmachine FSC Gecertificeerd"}]},{"@type":"WebSite","@id":"https:\/\/www.castlevernie.nl\/#website","url":"https:\/\/www.castlevernie.nl\/","name":"Schloss Vernie Modegesch\u00e4ft","description":"","publisher":{"@id":"https:\/\/www.castlevernie.nl\/#organization"},"potentialAction":[{"@type":"SearchAction","target":{"@type":"EntryPoint","urlTemplate":"https:\/\/www.castlevernie.nl\/?s={search_term_string}"},"query-input":{"@type":"PropertyValueSpecification","valueRequired":true,"valueName":"search_term_string"}}],"inLanguage":"de"},{"@type":"Organization","@id":"https:\/\/www.castlevernie.nl\/#organization","name":"Castle Vernie","url":"https:\/\/www.castlevernie.nl\/","logo":{"@type":"ImageObject","inLanguage":"de","@id":"https:\/\/www.castlevernie.nl\/#\/schema\/logo\/image\/","url":"https:\/\/www.castlevernie.nl\/wordpress\/wp-content\/uploads\/2025\/07\/header-logo-3.png","contentUrl":"https:\/\/www.castlevernie.nl\/wordpress\/wp-content\/uploads\/2025\/07\/header-logo-3.png","width":780,"height":260,"caption":"Castle Vernie"},"image":{"@id":"https:\/\/www.castlevernie.nl\/#\/schema\/logo\/image\/"},"sameAs":["https:\/\/m.facebook.com\/Castle-Vernie-Fashion-Shop-110667857399440"]}]}},"_links":{"self":[{"href":"https:\/\/www.castlevernie.nl\/de\/wp-json\/wp\/v2\/product\/12284","targetHints":{"allow":["GET"]}}],"collection":[{"href":"https:\/\/www.castlevernie.nl\/de\/wp-json\/wp\/v2\/product"}],"about":[{"href":"https:\/\/www.castlevernie.nl\/de\/wp-json\/wp\/v2\/types\/product"}],"replies":[{"embeddable":true,"href":"https:\/\/www.castlevernie.nl\/de\/wp-json\/wp\/v2\/comments?post=12284"}],"wp:featuredmedia":[{"embeddable":true,"href":"https:\/\/www.castlevernie.nl\/de\/wp-json\/wp\/v2\/media\/12285"}],"wp:attachment":[{"href":"https:\/\/www.castlevernie.nl\/de\/wp-json\/wp\/v2\/media?parent=12284"}],"wp:term":[{"taxonomy":"product_brand","embeddable":true,"href":"https:\/\/www.castlevernie.nl\/de\/wp-json\/wp\/v2\/product_brand?post=12284"},{"taxonomy":"product_cat","embeddable":true,"href":"https:\/\/www.castlevernie.nl\/de\/wp-json\/wp\/v2\/product_cat?post=12284"},{"taxonomy":"product_tag","embeddable":true,"href":"https:\/\/www.castlevernie.nl\/de\/wp-json\/wp\/v2\/product_tag?post=12284"}],"curies":[{"name":"wp","href":"https:\/\/api.w.org\/{rel}","templated":true}]}}