{"id":12269,"date":"2025-11-03T21:15:19","date_gmt":"2025-11-03T21:15:19","guid":{"rendered":"https:\/\/www.castlevernie.nl\/?post_type=product&#038;p=12269"},"modified":"2025-11-24T07:40:50","modified_gmt":"2025-11-24T07:40:50","slug":"small-foot-houten-vormendoos-fsc-gecertificeerd","status":"publish","type":"product","link":"https:\/\/www.castlevernie.nl\/de\/produkt\/small-foot-houten-vormendoos-fsc-gecertificeerd\/","title":{"rendered":"Small Foot \u2013 Holzkasten f\u00fcr Formen FSC-zertifiziert"},"content":{"rendered":"<h5>Small Foot Holzw\u00fcrfelkasten \u2013 FSC-zertifiziert und sicher f\u00fcr Kleinkinder<\/h5>\n<p>Entdecken Sie die Small Foot Holz-Formenbox, das perfekte Spielzeug f\u00fcr neugierige Kleinkinder, die gerne entdecken, lernen und spielen. Diese wundersch\u00f6ne Holz-Formenbox besteht aus FSC-zertifiziertem Holz, was bedeutet, dass es aus verantwortungsvoll bewirtschafteten W\u00e4ldern stammt. So tragen Sie nicht nur zum Spielspa\u00df Ihres Kindes bei, sondern auch zu einer besseren Umwelt.<\/p>\n<p>Die Small Foot Formenschachtel f\u00f6rdert die Feinmotorik, Hand-Auge-Koordination und Formenerkennung junger Kinder. Indem die Holzkl\u00f6tzchen durch die richtigen \u00d6ffnungen gesteckt werden, lernen Kleinkinder spielerisch zu denken und entdecken Unterschiede in Formen und Farben. Diese Art von Lernspielzeug ist ideal f\u00fcr die Entwicklung in den ersten Lebensjahren und hilft Kindern, selbstst\u00e4ndig zu lernen und zu wachsen.<\/p>\n<p>Neben Nachhaltigkeit und Lernwert steht bei Small Foot Sicherheit an erster Stelle. Die Formenbox ist mit ungiftiger, kindersicherer Farbe versehen, die den strengsten europ\u00e4ischen Sicherheitsnormen (EN71) entspricht. So k\u00f6nnen Eltern ihr Kind beruhigt spielen lassen. Die glatte Verarbeitung und die abgerundeten Ecken sorgen au\u00dferdem f\u00fcr ein angenehmes und sicheres Gef\u00fchl in kleinen H\u00e4nden.<\/p>\n<p>Mit seinem nat\u00fcrlichen Aussehen und den fr\u00f6hlichen Farben passt die Holzformkasten von Small Foot in jedes Interieur \u2013 vom Kinderzimmer bis zur Spielecke im Wohnzimmer. Das robuste Design sorgt daf\u00fcr, dass dieses Spielzeug jahrelang h\u00e4lt, selbst bei intensiver Nutzung.<\/p>\n<p>W\u00e4hlen Sie die Small Foot FSC-Formenbox als nachhaltiges, verantwortungsbewusstes und lehrreiches Geschenk. Perfekt zum ersten Geburtstag, als Geburtstagsgeschenk oder einfach als zeitloses Spielzeug, das weiterhin inspiriert.<\/p>","protected":false},"excerpt":{"rendered":"<p>Small Foot houten vormendoos \u2013 FSC-gecertificeerd en veilig voor peuters Ontdek de Small Foot houten vormendoos, het perfecte speelgoed voor nieuwsgierige peuters die graag ontdekken, leren en spelen. Deze prachtige vormenstoof van hout is gemaakt van FSC-gecertificeerd hout, wat betekent dat het afkomstig is uit verantwoord beheerde bossen. Zo draag je niet alleen bij aan [&hellip;]<\/p>\n","protected":false},"featured_media":12272,"comment_status":"open","ping_status":"closed","template":"","meta":[],"product_brand":[768],"product_cat":[766],"product_tag":[777,767],"class_list":{"0":"post-12269","1":"product","2":"type-product","3":"status-publish","4":"has-post-thumbnail","6":"product_brand-small-foot","7":"product_cat-duurzaam-speelgoed","8":"product_tag-duurzaam-speelgoed","9":"product_tag-fsc-houten-speelgoed-kerst-sinterklaas","11":"first","12":"instock","13":"sale","14":"taxable","15":"shipping-taxable","16":"purchasable","17":"product-type-simple"},"yoast_head":"<!-- This site is optimized with the Yoast SEO plugin v27.6 - https:\/\/yoast.com\/product\/yoast-seo-wordpress\/ -->\n<title>Small Foot - Houten Vormendoos FSC Gecertificeerd | Castle Vernie Fashion Shop<\/title>\n<meta name=\"description\" content=\"Duurzame Small Foot houten vormendoos van FSC-gecertificeerd hout met kind veilige verf. Stimuleert motoriek en vormherkenning \u2013 perfect voor peuters.\" \/>\n<meta name=\"robots\" content=\"index, follow, max-snippet:-1, max-image-preview:large, max-video-preview:-1\" \/>\n<link rel=\"canonical\" href=\"https:\/\/www.castlevernie.nl\/de\/produkt\/small-foot-houten-vormendoos-fsc-gecertificeerd\/\" \/>\n<meta property=\"og:locale\" content=\"de_DE\" \/>\n<meta property=\"og:type\" content=\"article\" \/>\n<meta property=\"og:title\" content=\"Small Foot - Houten Vormendoos FSC Gecertificeerd | Castle Vernie Fashion Shop\" \/>\n<meta property=\"og:description\" content=\"Duurzame Small Foot houten vormendoos van FSC-gecertificeerd hout met kind veilige verf. Stimuleert motoriek en vormherkenning \u2013 perfect voor peuters.\" \/>\n<meta property=\"og:url\" content=\"https:\/\/www.castlevernie.nl\/de\/produkt\/small-foot-houten-vormendoos-fsc-gecertificeerd\/\" \/>\n<meta property=\"og:site_name\" content=\"Castle Vernie Fashion Shop\" \/>\n<meta property=\"article:publisher\" content=\"https:\/\/m.facebook.com\/Castle-Vernie-Fashion-Shop-110667857399440\" \/>\n<meta property=\"article:modified_time\" content=\"2025-11-24T07:40:50+00:00\" \/>\n<meta property=\"og:image\" content=\"https:\/\/www.castlevernie.nl\/wordpress\/wp-content\/uploads\/2025\/11\/Small-Foot-Sppelgoed.webp\" \/>\n\t<meta property=\"og:image:width\" content=\"1440\" \/>\n\t<meta property=\"og:image:height\" content=\"1440\" \/>\n\t<meta property=\"og:image:type\" content=\"image\/webp\" \/>\n<meta name=\"twitter:card\" content=\"summary_large_image\" \/>\n<meta name=\"twitter:label1\" content=\"Gesch\u00e4tzte Lesezeit\" \/>\n\t<meta name=\"twitter:data1\" content=\"2\u00a0Minuten\" \/>\n<script type=\"application\/ld+json\" class=\"yoast-schema-graph\">{\"@context\":\"https:\\\/\\\/schema.org\",\"@graph\":[{\"@type\":\"WebPage\",\"@id\":\"https:\\\/\\\/www.castlevernie.nl\\\/product\\\/small-foot-houten-vormendoos-fsc-gecertificeerd\\\/\",\"url\":\"https:\\\/\\\/www.castlevernie.nl\\\/product\\\/small-foot-houten-vormendoos-fsc-gecertificeerd\\\/\",\"name\":\"Small Foot - Houten Vormendoos FSC Gecertificeerd | Castle Vernie Fashion Shop\",\"isPartOf\":{\"@id\":\"https:\\\/\\\/www.castlevernie.nl\\\/#website\"},\"primaryImageOfPage\":{\"@id\":\"https:\\\/\\\/www.castlevernie.nl\\\/product\\\/small-foot-houten-vormendoos-fsc-gecertificeerd\\\/#primaryimage\"},\"image\":{\"@id\":\"https:\\\/\\\/www.castlevernie.nl\\\/product\\\/small-foot-houten-vormendoos-fsc-gecertificeerd\\\/#primaryimage\"},\"thumbnailUrl\":\"https:\\\/\\\/www.castlevernie.nl\\\/wordpress\\\/wp-content\\\/uploads\\\/2025\\\/11\\\/Small-Foot-Sppelgoed.webp\",\"datePublished\":\"2025-11-03T21:15:19+00:00\",\"dateModified\":\"2025-11-24T07:40:50+00:00\",\"description\":\"Duurzame Small Foot houten vormendoos van FSC-gecertificeerd hout met kind veilige verf. Stimuleert motoriek en vormherkenning \u2013 perfect voor peuters.\",\"breadcrumb\":{\"@id\":\"https:\\\/\\\/www.castlevernie.nl\\\/product\\\/small-foot-houten-vormendoos-fsc-gecertificeerd\\\/#breadcrumb\"},\"inLanguage\":\"de\",\"potentialAction\":[{\"@type\":\"ReadAction\",\"target\":[\"https:\\\/\\\/www.castlevernie.nl\\\/product\\\/small-foot-houten-vormendoos-fsc-gecertificeerd\\\/\"]}]},{\"@type\":\"ImageObject\",\"inLanguage\":\"de\",\"@id\":\"https:\\\/\\\/www.castlevernie.nl\\\/product\\\/small-foot-houten-vormendoos-fsc-gecertificeerd\\\/#primaryimage\",\"url\":\"https:\\\/\\\/www.castlevernie.nl\\\/wordpress\\\/wp-content\\\/uploads\\\/2025\\\/11\\\/Small-Foot-Sppelgoed.webp\",\"contentUrl\":\"https:\\\/\\\/www.castlevernie.nl\\\/wordpress\\\/wp-content\\\/uploads\\\/2025\\\/11\\\/Small-Foot-Sppelgoed.webp\",\"width\":1440,\"height\":1440,\"caption\":\"Speelgoed Duurzaam Houten speelgoed\"},{\"@type\":\"BreadcrumbList\",\"@id\":\"https:\\\/\\\/www.castlevernie.nl\\\/product\\\/small-foot-houten-vormendoos-fsc-gecertificeerd\\\/#breadcrumb\",\"itemListElement\":[{\"@type\":\"ListItem\",\"position\":1,\"name\":\"Home\",\"item\":\"https:\\\/\\\/www.castlevernie.nl\\\/\"},{\"@type\":\"ListItem\",\"position\":2,\"name\":\"Winkel\",\"item\":\"https:\\\/\\\/www.castlevernie.nl\\\/winkel\\\/\"},{\"@type\":\"ListItem\",\"position\":3,\"name\":\"Small Foot &#8211; Houten Vormendoos FSC Gecertificeerd\"}]},{\"@type\":\"WebSite\",\"@id\":\"https:\\\/\\\/www.castlevernie.nl\\\/#website\",\"url\":\"https:\\\/\\\/www.castlevernie.nl\\\/\",\"name\":\"Castle Vernie Fashion Shop\",\"description\":\"\",\"publisher\":{\"@id\":\"https:\\\/\\\/www.castlevernie.nl\\\/#organization\"},\"potentialAction\":[{\"@type\":\"SearchAction\",\"target\":{\"@type\":\"EntryPoint\",\"urlTemplate\":\"https:\\\/\\\/www.castlevernie.nl\\\/?s={search_term_string}\"},\"query-input\":{\"@type\":\"PropertyValueSpecification\",\"valueRequired\":true,\"valueName\":\"search_term_string\"}}],\"inLanguage\":\"de\"},{\"@type\":\"Organization\",\"@id\":\"https:\\\/\\\/www.castlevernie.nl\\\/#organization\",\"name\":\"Castle Vernie\",\"url\":\"https:\\\/\\\/www.castlevernie.nl\\\/\",\"logo\":{\"@type\":\"ImageObject\",\"inLanguage\":\"de\",\"@id\":\"https:\\\/\\\/www.castlevernie.nl\\\/#\\\/schema\\\/logo\\\/image\\\/\",\"url\":\"https:\\\/\\\/www.castlevernie.nl\\\/wordpress\\\/wp-content\\\/uploads\\\/2025\\\/07\\\/header-logo-3.png\",\"contentUrl\":\"https:\\\/\\\/www.castlevernie.nl\\\/wordpress\\\/wp-content\\\/uploads\\\/2025\\\/07\\\/header-logo-3.png\",\"width\":780,\"height\":260,\"caption\":\"Castle Vernie\"},\"image\":{\"@id\":\"https:\\\/\\\/www.castlevernie.nl\\\/#\\\/schema\\\/logo\\\/image\\\/\"},\"sameAs\":[\"https:\\\/\\\/m.facebook.com\\\/Castle-Vernie-Fashion-Shop-110667857399440\"]}]}<\/script>\n<!-- \/ Yoast SEO plugin. -->","yoast_head_json":{"title":"Small Foot - Houten Vormendoos FSC Gecertificeerd | Castle Vernie Fashion Shop","description":"Duurzame Small Foot houten vormendoos van FSC-gecertificeerd hout met kind veilige verf. Stimuleert motoriek en vormherkenning \u2013 perfect voor peuters.","robots":{"index":"index","follow":"follow","max-snippet":"max-snippet:-1","max-image-preview":"max-image-preview:large","max-video-preview":"max-video-preview:-1"},"canonical":"https:\/\/www.castlevernie.nl\/de\/produkt\/small-foot-houten-vormendoos-fsc-gecertificeerd\/","og_locale":"de_DE","og_type":"article","og_title":"Small Foot - Houten Vormendoos FSC Gecertificeerd | Castle Vernie Fashion Shop","og_description":"Duurzame Small Foot houten vormendoos van FSC-gecertificeerd hout met kind veilige verf. Stimuleert motoriek en vormherkenning \u2013 perfect voor peuters.","og_url":"https:\/\/www.castlevernie.nl\/de\/produkt\/small-foot-houten-vormendoos-fsc-gecertificeerd\/","og_site_name":"Castle Vernie Fashion Shop","article_publisher":"https:\/\/m.facebook.com\/Castle-Vernie-Fashion-Shop-110667857399440","article_modified_time":"2025-11-24T07:40:50+00:00","og_image":[{"width":1440,"height":1440,"url":"https:\/\/www.castlevernie.nl\/wordpress\/wp-content\/uploads\/2025\/11\/Small-Foot-Sppelgoed.webp","type":"image\/webp"}],"twitter_card":"summary_large_image","twitter_misc":{"Gesch\u00e4tzte Lesezeit":"2\u00a0Minuten"},"schema":{"@context":"https:\/\/schema.org","@graph":[{"@type":"WebPage","@id":"https:\/\/www.castlevernie.nl\/product\/small-foot-houten-vormendoos-fsc-gecertificeerd\/","url":"https:\/\/www.castlevernie.nl\/product\/small-foot-houten-vormendoos-fsc-gecertificeerd\/","name":"Small Foot - Houten Vormendoos FSC Gecertificeerd | Castle Vernie Fashion Shop","isPartOf":{"@id":"https:\/\/www.castlevernie.nl\/#website"},"primaryImageOfPage":{"@id":"https:\/\/www.castlevernie.nl\/product\/small-foot-houten-vormendoos-fsc-gecertificeerd\/#primaryimage"},"image":{"@id":"https:\/\/www.castlevernie.nl\/product\/small-foot-houten-vormendoos-fsc-gecertificeerd\/#primaryimage"},"thumbnailUrl":"https:\/\/www.castlevernie.nl\/wordpress\/wp-content\/uploads\/2025\/11\/Small-Foot-Sppelgoed.webp","datePublished":"2025-11-03T21:15:19+00:00","dateModified":"2025-11-24T07:40:50+00:00","description":"Duurzame Small Foot houten vormendoos van FSC-gecertificeerd hout met kind veilige verf. Stimuleert motoriek en vormherkenning \u2013 perfect voor peuters.","breadcrumb":{"@id":"https:\/\/www.castlevernie.nl\/product\/small-foot-houten-vormendoos-fsc-gecertificeerd\/#breadcrumb"},"inLanguage":"de","potentialAction":[{"@type":"ReadAction","target":["https:\/\/www.castlevernie.nl\/product\/small-foot-houten-vormendoos-fsc-gecertificeerd\/"]}]},{"@type":"ImageObject","inLanguage":"de","@id":"https:\/\/www.castlevernie.nl\/product\/small-foot-houten-vormendoos-fsc-gecertificeerd\/#primaryimage","url":"https:\/\/www.castlevernie.nl\/wordpress\/wp-content\/uploads\/2025\/11\/Small-Foot-Sppelgoed.webp","contentUrl":"https:\/\/www.castlevernie.nl\/wordpress\/wp-content\/uploads\/2025\/11\/Small-Foot-Sppelgoed.webp","width":1440,"height":1440,"caption":"Speelgoed Duurzaam Houten speelgoed"},{"@type":"BreadcrumbList","@id":"https:\/\/www.castlevernie.nl\/product\/small-foot-houten-vormendoos-fsc-gecertificeerd\/#breadcrumb","itemListElement":[{"@type":"ListItem","position":1,"name":"Home","item":"https:\/\/www.castlevernie.nl\/"},{"@type":"ListItem","position":2,"name":"Winkel","item":"https:\/\/www.castlevernie.nl\/winkel\/"},{"@type":"ListItem","position":3,"name":"Small Foot &#8211; Houten Vormendoos FSC Gecertificeerd"}]},{"@type":"WebSite","@id":"https:\/\/www.castlevernie.nl\/#website","url":"https:\/\/www.castlevernie.nl\/","name":"Schloss Vernie Modegesch\u00e4ft","description":"","publisher":{"@id":"https:\/\/www.castlevernie.nl\/#organization"},"potentialAction":[{"@type":"SearchAction","target":{"@type":"EntryPoint","urlTemplate":"https:\/\/www.castlevernie.nl\/?s={search_term_string}"},"query-input":{"@type":"PropertyValueSpecification","valueRequired":true,"valueName":"search_term_string"}}],"inLanguage":"de"},{"@type":"Organization","@id":"https:\/\/www.castlevernie.nl\/#organization","name":"Castle Vernie","url":"https:\/\/www.castlevernie.nl\/","logo":{"@type":"ImageObject","inLanguage":"de","@id":"https:\/\/www.castlevernie.nl\/#\/schema\/logo\/image\/","url":"https:\/\/www.castlevernie.nl\/wordpress\/wp-content\/uploads\/2025\/07\/header-logo-3.png","contentUrl":"https:\/\/www.castlevernie.nl\/wordpress\/wp-content\/uploads\/2025\/07\/header-logo-3.png","width":780,"height":260,"caption":"Castle Vernie"},"image":{"@id":"https:\/\/www.castlevernie.nl\/#\/schema\/logo\/image\/"},"sameAs":["https:\/\/m.facebook.com\/Castle-Vernie-Fashion-Shop-110667857399440"]}]}},"_links":{"self":[{"href":"https:\/\/www.castlevernie.nl\/de\/wp-json\/wp\/v2\/product\/12269","targetHints":{"allow":["GET"]}}],"collection":[{"href":"https:\/\/www.castlevernie.nl\/de\/wp-json\/wp\/v2\/product"}],"about":[{"href":"https:\/\/www.castlevernie.nl\/de\/wp-json\/wp\/v2\/types\/product"}],"replies":[{"embeddable":true,"href":"https:\/\/www.castlevernie.nl\/de\/wp-json\/wp\/v2\/comments?post=12269"}],"wp:featuredmedia":[{"embeddable":true,"href":"https:\/\/www.castlevernie.nl\/de\/wp-json\/wp\/v2\/media\/12272"}],"wp:attachment":[{"href":"https:\/\/www.castlevernie.nl\/de\/wp-json\/wp\/v2\/media?parent=12269"}],"wp:term":[{"taxonomy":"product_brand","embeddable":true,"href":"https:\/\/www.castlevernie.nl\/de\/wp-json\/wp\/v2\/product_brand?post=12269"},{"taxonomy":"product_cat","embeddable":true,"href":"https:\/\/www.castlevernie.nl\/de\/wp-json\/wp\/v2\/product_cat?post=12269"},{"taxonomy":"product_tag","embeddable":true,"href":"https:\/\/www.castlevernie.nl\/de\/wp-json\/wp\/v2\/product_tag?post=12269"}],"curies":[{"name":"wp","href":"https:\/\/api.w.org\/{rel}","templated":true}]}}