{"id":12249,"date":"2025-11-02T20:57:28","date_gmt":"2025-11-02T20:57:28","guid":{"rendered":"https:\/\/www.castlevernie.nl\/?post_type=product&#038;p=12249"},"modified":"2025-11-05T16:14:28","modified_gmt":"2025-11-05T16:14:28","slug":"summerville-organic-badcape-rabbit-cameo-groen","status":"publish","type":"product","link":"https:\/\/www.castlevernie.nl\/de\/produkt\/summerville-organic-badcape-rabbit-cameo-groen\/","title":{"rendered":"Summerville Organic \u2013 Bademantel Kaninchen Cameo Gr\u00fcn"},"content":{"rendered":"<h5>Summerville Organic badcape \u2013 biologische katoenen handdoek met schattige oortjes<\/h5>\n<p>Nach dem Bad gibt es nichts Sch\u00f6neres, als Ihr Kleines warm in dieses weiche Badetuch von Summerville Organic zu wickeln. Dieses Badetuch besteht aus 100% Bio-Baumwolle (GOTS-zertifiziert) und ist wunderbar weich zur empfindlichen Babyhaut. Perfekt f\u00fcr die Verwendung nach dem Bad, beim Babyschwimmen oder am Strand.<\/p>\n<p>Der Summerville Organic Bademantel ist mit viel Liebe zum Menschen und zur Umwelt entworfen. Die Bio-Baumwolle ist atmungsaktiv, saugf\u00e4hig und frei von sch\u00e4dlichen Stoffen. Das macht dieses Handtuch nicht nur nachhaltig, sondern auch sicher f\u00fcr Babys und Kleinkinder.<\/p>\n<p>Was diesen Badeumhang besonders sch\u00f6n macht? Die niedlichen \u00d6hrchen auf der Kapuze! Damit sieht dein Kind nach dem Baden noch liebenswerter aus. Die Kapuze h\u00e4lt den Kopf sch\u00f6n warm und verhindert, dass dein Kind zu schnell ausk\u00fchlt.<\/p>\n<p>Dieses Badetuch ist praktisch, stilvoll und verantwortungsbewusst hergestellt \u2013 genau das, was man von Summerville Organic erwartet. Ein wundersch\u00f6nes und n\u00fctzliches Geschenk zur Geburt f\u00fcr jeden bewussten Elternteil.<\/p>\n<p>Merkmale:<br \/>\n\u2022 Hergestellt aus 100 % Bio-Baumwolle (GOTS-zertifiziert)<br \/>\n\u2022 Sanft, saugf\u00e4hig und hautfreundlich<br \/>\n\u2022 Mit Kapuze und s\u00fc\u00dfen Ohren<br \/>\n\u2022 Geeignet f\u00fcr Babys und Kleinkinder<br \/>\n\u2022 Ideaal als kraamcadeau of babyshowercadeau<\/p>\n<p>Tipp: Kombinieren Sie das Bademantel mit den passenden Summerville Organic Mullt\u00fcchern oder Spannbettlaken f\u00fcr eine stilvolle nat\u00fcrliche Babyausstattung.<\/p>","protected":false},"excerpt":{"rendered":"<p>Summerville Organic badcape \u2013 biologische katoenen handdoek met schattige oortjes Na het badmoment is er niets fijner dan je kleintje lekker warm in te wikkelen in deze zachte badcape van Summerville Organic. Deze badcape is gemaakt van 100% biologisch katoen (GOTS-gecertificeerd) en is heerlijk zacht voor de gevoelige babyhuid. Perfect om te gebruiken na het [&hellip;]<\/p>\n","protected":false},"featured_media":12250,"comment_status":"open","ping_status":"closed","template":"","meta":[],"product_brand":[769],"product_cat":[589,774],"product_tag":[776,775],"class_list":{"0":"post-12249","1":"product","2":"type-product","3":"status-publish","4":"has-post-thumbnail","6":"product_brand-summerville-organic","7":"product_cat-alles-van-biologisch-katoen","8":"product_cat-badderen","9":"product_tag-baby-uitzet-badcape","10":"product_tag-badcape-voor-baby","12":"first","13":"instock","14":"taxable","15":"shipping-taxable","16":"purchasable","17":"product-type-simple"},"yoast_head":"<!-- This site is optimized with the Yoast SEO plugin v27.4 - https:\/\/yoast.com\/product\/yoast-seo-wordpress\/ -->\n<title>Biologische katoenen baby badcape met schattige oortjes | Castle Vernie Fashion Shop<\/title>\n<meta name=\"description\" content=\"Zachte badcape van biologisch katoen met schattige oortjes. Summerville Organic babyhanddoek \u2013 duurzaam, huidvriendelijk en ideaal na het badje.\" \/>\n<meta name=\"robots\" content=\"index, follow, max-snippet:-1, max-image-preview:large, max-video-preview:-1\" \/>\n<link rel=\"canonical\" href=\"https:\/\/www.castlevernie.nl\/de\/produkt\/summerville-organic-badcape-rabbit-cameo-groen\/\" \/>\n<meta property=\"og:locale\" content=\"de_DE\" \/>\n<meta property=\"og:type\" content=\"article\" \/>\n<meta property=\"og:title\" content=\"Biologische katoenen baby badcape met schattige oortjes | Castle Vernie Fashion Shop\" \/>\n<meta property=\"og:description\" content=\"Zachte badcape van biologisch katoen met schattige oortjes. Summerville Organic babyhanddoek \u2013 duurzaam, huidvriendelijk en ideaal na het badje.\" \/>\n<meta property=\"og:url\" content=\"https:\/\/www.castlevernie.nl\/de\/produkt\/summerville-organic-badcape-rabbit-cameo-groen\/\" \/>\n<meta property=\"og:site_name\" content=\"Castle Vernie Fashion Shop\" \/>\n<meta property=\"article:publisher\" content=\"https:\/\/m.facebook.com\/Castle-Vernie-Fashion-Shop-110667857399440\" \/>\n<meta property=\"article:modified_time\" content=\"2025-11-05T16:14:28+00:00\" \/>\n<meta property=\"og:image\" content=\"https:\/\/www.castlevernie.nl\/wordpress\/wp-content\/uploads\/2025\/11\/Groene-handdoek-baby-biologisch-katoen.webp\" \/>\n\t<meta property=\"og:image:width\" content=\"1440\" \/>\n\t<meta property=\"og:image:height\" content=\"1440\" \/>\n\t<meta property=\"og:image:type\" content=\"image\/webp\" \/>\n<meta name=\"twitter:card\" content=\"summary_large_image\" \/>\n<meta name=\"twitter:label1\" content=\"Gesch\u00e4tzte Lesezeit\" \/>\n\t<meta name=\"twitter:data1\" content=\"2\u00a0Minuten\" \/>\n<script type=\"application\/ld+json\" class=\"yoast-schema-graph\">{\"@context\":\"https:\\\/\\\/schema.org\",\"@graph\":[{\"@type\":\"WebPage\",\"@id\":\"https:\\\/\\\/www.castlevernie.nl\\\/product\\\/summerville-organic-badcape-rabbit-cameo-groen\\\/\",\"url\":\"https:\\\/\\\/www.castlevernie.nl\\\/product\\\/summerville-organic-badcape-rabbit-cameo-groen\\\/\",\"name\":\"Biologische katoenen baby badcape met schattige oortjes | Castle Vernie Fashion Shop\",\"isPartOf\":{\"@id\":\"https:\\\/\\\/www.castlevernie.nl\\\/#website\"},\"primaryImageOfPage\":{\"@id\":\"https:\\\/\\\/www.castlevernie.nl\\\/product\\\/summerville-organic-badcape-rabbit-cameo-groen\\\/#primaryimage\"},\"image\":{\"@id\":\"https:\\\/\\\/www.castlevernie.nl\\\/product\\\/summerville-organic-badcape-rabbit-cameo-groen\\\/#primaryimage\"},\"thumbnailUrl\":\"https:\\\/\\\/www.castlevernie.nl\\\/wordpress\\\/wp-content\\\/uploads\\\/2025\\\/11\\\/Groene-handdoek-baby-biologisch-katoen.webp\",\"datePublished\":\"2025-11-02T20:57:28+00:00\",\"dateModified\":\"2025-11-05T16:14:28+00:00\",\"description\":\"Zachte badcape van biologisch katoen met schattige oortjes. Summerville Organic babyhanddoek \u2013 duurzaam, huidvriendelijk en ideaal na het badje.\",\"breadcrumb\":{\"@id\":\"https:\\\/\\\/www.castlevernie.nl\\\/product\\\/summerville-organic-badcape-rabbit-cameo-groen\\\/#breadcrumb\"},\"inLanguage\":\"de\",\"potentialAction\":[{\"@type\":\"ReadAction\",\"target\":[\"https:\\\/\\\/www.castlevernie.nl\\\/product\\\/summerville-organic-badcape-rabbit-cameo-groen\\\/\"]}]},{\"@type\":\"ImageObject\",\"inLanguage\":\"de\",\"@id\":\"https:\\\/\\\/www.castlevernie.nl\\\/product\\\/summerville-organic-badcape-rabbit-cameo-groen\\\/#primaryimage\",\"url\":\"https:\\\/\\\/www.castlevernie.nl\\\/wordpress\\\/wp-content\\\/uploads\\\/2025\\\/11\\\/Groene-handdoek-baby-biologisch-katoen.webp\",\"contentUrl\":\"https:\\\/\\\/www.castlevernie.nl\\\/wordpress\\\/wp-content\\\/uploads\\\/2025\\\/11\\\/Groene-handdoek-baby-biologisch-katoen.webp\",\"width\":1440,\"height\":1440,\"caption\":\"Summerville OrganicBadcape voor baby s\"},{\"@type\":\"BreadcrumbList\",\"@id\":\"https:\\\/\\\/www.castlevernie.nl\\\/product\\\/summerville-organic-badcape-rabbit-cameo-groen\\\/#breadcrumb\",\"itemListElement\":[{\"@type\":\"ListItem\",\"position\":1,\"name\":\"Home\",\"item\":\"https:\\\/\\\/www.castlevernie.nl\\\/\"},{\"@type\":\"ListItem\",\"position\":2,\"name\":\"Winkel\",\"item\":\"https:\\\/\\\/www.castlevernie.nl\\\/winkel\\\/\"},{\"@type\":\"ListItem\",\"position\":3,\"name\":\"Summerville Organic &#8211; Badcape Rabbit Cameo Groen\"}]},{\"@type\":\"WebSite\",\"@id\":\"https:\\\/\\\/www.castlevernie.nl\\\/#website\",\"url\":\"https:\\\/\\\/www.castlevernie.nl\\\/\",\"name\":\"Castle Vernie Fashion Shop\",\"description\":\"\",\"publisher\":{\"@id\":\"https:\\\/\\\/www.castlevernie.nl\\\/#organization\"},\"potentialAction\":[{\"@type\":\"SearchAction\",\"target\":{\"@type\":\"EntryPoint\",\"urlTemplate\":\"https:\\\/\\\/www.castlevernie.nl\\\/?s={search_term_string}\"},\"query-input\":{\"@type\":\"PropertyValueSpecification\",\"valueRequired\":true,\"valueName\":\"search_term_string\"}}],\"inLanguage\":\"de\"},{\"@type\":\"Organization\",\"@id\":\"https:\\\/\\\/www.castlevernie.nl\\\/#organization\",\"name\":\"Castle Vernie\",\"url\":\"https:\\\/\\\/www.castlevernie.nl\\\/\",\"logo\":{\"@type\":\"ImageObject\",\"inLanguage\":\"de\",\"@id\":\"https:\\\/\\\/www.castlevernie.nl\\\/#\\\/schema\\\/logo\\\/image\\\/\",\"url\":\"https:\\\/\\\/www.castlevernie.nl\\\/wordpress\\\/wp-content\\\/uploads\\\/2025\\\/07\\\/header-logo-3.png\",\"contentUrl\":\"https:\\\/\\\/www.castlevernie.nl\\\/wordpress\\\/wp-content\\\/uploads\\\/2025\\\/07\\\/header-logo-3.png\",\"width\":780,\"height\":260,\"caption\":\"Castle Vernie\"},\"image\":{\"@id\":\"https:\\\/\\\/www.castlevernie.nl\\\/#\\\/schema\\\/logo\\\/image\\\/\"},\"sameAs\":[\"https:\\\/\\\/m.facebook.com\\\/Castle-Vernie-Fashion-Shop-110667857399440\"]}]}<\/script>\n<!-- \/ Yoast SEO plugin. -->","yoast_head_json":{"title":"Biologische katoenen baby badcape met schattige oortjes | Castle Vernie Fashion Shop","description":"Zachte badcape van biologisch katoen met schattige oortjes. Summerville Organic babyhanddoek \u2013 duurzaam, huidvriendelijk en ideaal na het badje.","robots":{"index":"index","follow":"follow","max-snippet":"max-snippet:-1","max-image-preview":"max-image-preview:large","max-video-preview":"max-video-preview:-1"},"canonical":"https:\/\/www.castlevernie.nl\/de\/produkt\/summerville-organic-badcape-rabbit-cameo-groen\/","og_locale":"de_DE","og_type":"article","og_title":"Biologische katoenen baby badcape met schattige oortjes | Castle Vernie Fashion Shop","og_description":"Zachte badcape van biologisch katoen met schattige oortjes. Summerville Organic babyhanddoek \u2013 duurzaam, huidvriendelijk en ideaal na het badje.","og_url":"https:\/\/www.castlevernie.nl\/de\/produkt\/summerville-organic-badcape-rabbit-cameo-groen\/","og_site_name":"Castle Vernie Fashion Shop","article_publisher":"https:\/\/m.facebook.com\/Castle-Vernie-Fashion-Shop-110667857399440","article_modified_time":"2025-11-05T16:14:28+00:00","og_image":[{"width":1440,"height":1440,"url":"https:\/\/www.castlevernie.nl\/wordpress\/wp-content\/uploads\/2025\/11\/Groene-handdoek-baby-biologisch-katoen.webp","type":"image\/webp"}],"twitter_card":"summary_large_image","twitter_misc":{"Gesch\u00e4tzte Lesezeit":"2\u00a0Minuten"},"schema":{"@context":"https:\/\/schema.org","@graph":[{"@type":"WebPage","@id":"https:\/\/www.castlevernie.nl\/product\/summerville-organic-badcape-rabbit-cameo-groen\/","url":"https:\/\/www.castlevernie.nl\/product\/summerville-organic-badcape-rabbit-cameo-groen\/","name":"Biologische katoenen baby badcape met schattige oortjes | Castle Vernie Fashion Shop","isPartOf":{"@id":"https:\/\/www.castlevernie.nl\/#website"},"primaryImageOfPage":{"@id":"https:\/\/www.castlevernie.nl\/product\/summerville-organic-badcape-rabbit-cameo-groen\/#primaryimage"},"image":{"@id":"https:\/\/www.castlevernie.nl\/product\/summerville-organic-badcape-rabbit-cameo-groen\/#primaryimage"},"thumbnailUrl":"https:\/\/www.castlevernie.nl\/wordpress\/wp-content\/uploads\/2025\/11\/Groene-handdoek-baby-biologisch-katoen.webp","datePublished":"2025-11-02T20:57:28+00:00","dateModified":"2025-11-05T16:14:28+00:00","description":"Zachte badcape van biologisch katoen met schattige oortjes. Summerville Organic babyhanddoek \u2013 duurzaam, huidvriendelijk en ideaal na het badje.","breadcrumb":{"@id":"https:\/\/www.castlevernie.nl\/product\/summerville-organic-badcape-rabbit-cameo-groen\/#breadcrumb"},"inLanguage":"de","potentialAction":[{"@type":"ReadAction","target":["https:\/\/www.castlevernie.nl\/product\/summerville-organic-badcape-rabbit-cameo-groen\/"]}]},{"@type":"ImageObject","inLanguage":"de","@id":"https:\/\/www.castlevernie.nl\/product\/summerville-organic-badcape-rabbit-cameo-groen\/#primaryimage","url":"https:\/\/www.castlevernie.nl\/wordpress\/wp-content\/uploads\/2025\/11\/Groene-handdoek-baby-biologisch-katoen.webp","contentUrl":"https:\/\/www.castlevernie.nl\/wordpress\/wp-content\/uploads\/2025\/11\/Groene-handdoek-baby-biologisch-katoen.webp","width":1440,"height":1440,"caption":"Summerville OrganicBadcape voor baby s"},{"@type":"BreadcrumbList","@id":"https:\/\/www.castlevernie.nl\/product\/summerville-organic-badcape-rabbit-cameo-groen\/#breadcrumb","itemListElement":[{"@type":"ListItem","position":1,"name":"Home","item":"https:\/\/www.castlevernie.nl\/"},{"@type":"ListItem","position":2,"name":"Winkel","item":"https:\/\/www.castlevernie.nl\/winkel\/"},{"@type":"ListItem","position":3,"name":"Summerville Organic &#8211; Badcape Rabbit Cameo Groen"}]},{"@type":"WebSite","@id":"https:\/\/www.castlevernie.nl\/#website","url":"https:\/\/www.castlevernie.nl\/","name":"Schloss Vernie Modegesch\u00e4ft","description":"","publisher":{"@id":"https:\/\/www.castlevernie.nl\/#organization"},"potentialAction":[{"@type":"SearchAction","target":{"@type":"EntryPoint","urlTemplate":"https:\/\/www.castlevernie.nl\/?s={search_term_string}"},"query-input":{"@type":"PropertyValueSpecification","valueRequired":true,"valueName":"search_term_string"}}],"inLanguage":"de"},{"@type":"Organization","@id":"https:\/\/www.castlevernie.nl\/#organization","name":"Castle Vernie","url":"https:\/\/www.castlevernie.nl\/","logo":{"@type":"ImageObject","inLanguage":"de","@id":"https:\/\/www.castlevernie.nl\/#\/schema\/logo\/image\/","url":"https:\/\/www.castlevernie.nl\/wordpress\/wp-content\/uploads\/2025\/07\/header-logo-3.png","contentUrl":"https:\/\/www.castlevernie.nl\/wordpress\/wp-content\/uploads\/2025\/07\/header-logo-3.png","width":780,"height":260,"caption":"Castle Vernie"},"image":{"@id":"https:\/\/www.castlevernie.nl\/#\/schema\/logo\/image\/"},"sameAs":["https:\/\/m.facebook.com\/Castle-Vernie-Fashion-Shop-110667857399440"]}]}},"_links":{"self":[{"href":"https:\/\/www.castlevernie.nl\/de\/wp-json\/wp\/v2\/product\/12249","targetHints":{"allow":["GET"]}}],"collection":[{"href":"https:\/\/www.castlevernie.nl\/de\/wp-json\/wp\/v2\/product"}],"about":[{"href":"https:\/\/www.castlevernie.nl\/de\/wp-json\/wp\/v2\/types\/product"}],"replies":[{"embeddable":true,"href":"https:\/\/www.castlevernie.nl\/de\/wp-json\/wp\/v2\/comments?post=12249"}],"wp:featuredmedia":[{"embeddable":true,"href":"https:\/\/www.castlevernie.nl\/de\/wp-json\/wp\/v2\/media\/12250"}],"wp:attachment":[{"href":"https:\/\/www.castlevernie.nl\/de\/wp-json\/wp\/v2\/media?parent=12249"}],"wp:term":[{"taxonomy":"product_brand","embeddable":true,"href":"https:\/\/www.castlevernie.nl\/de\/wp-json\/wp\/v2\/product_brand?post=12249"},{"taxonomy":"product_cat","embeddable":true,"href":"https:\/\/www.castlevernie.nl\/de\/wp-json\/wp\/v2\/product_cat?post=12249"},{"taxonomy":"product_tag","embeddable":true,"href":"https:\/\/www.castlevernie.nl\/de\/wp-json\/wp\/v2\/product_tag?post=12249"}],"curies":[{"name":"wp","href":"https:\/\/api.w.org\/{rel}","templated":true}]}}