{"id":12240,"date":"2025-11-02T15:01:52","date_gmt":"2025-11-02T15:01:52","guid":{"rendered":"https:\/\/www.castlevernie.nl\/?post_type=product&#038;p=12240"},"modified":"2025-11-02T15:09:50","modified_gmt":"2025-11-02T15:09:50","slug":"summerville-organic-matras-beschermer-40x90","status":"publish","type":"product","link":"https:\/\/www.castlevernie.nl\/de\/produkt\/summerville-organic-matras-beschermer-40x90\/","title":{"rendered":"Summerville Organic \u2013 Matratzenauflage 40\u00d790"},"content":{"rendered":"<h5>Summerville Organic Matratzenschoner 40\u00d790 cm<\/h5>\n<p>Ein Summerville Organic Matratzenbezug 40\u00d790 cm ist eine unverzichtbare Basis f\u00fcr das Babybett. Dieser nachhaltige Matratzenschoner aus Bio-Baumwolle sch\u00fctzt die Wiegenmatratze vor Feuchtigkeit, Missgeschicken und Flecken, w\u00e4hrend er f\u00fcr dein Baby bequem und atmungsaktiv bleibt. Durch die Verwendung von GOTS-zertifizierter Bio-Baumwolle kannst du sicher sein, dass du dich f\u00fcr eine sichere und umweltfreundliche L\u00f6sung entscheidest.<\/p>\n<p>Der Summerville Matratzenbezug f\u00fcr Babys ist aus weicher, aber robuster Baumwolle gefertigt und besitzt eine d\u00fcnne, wasserdichte Beschichtung. So bleibt die Matratze trocken, ohne dass sie schwitzig wird \u2013 ideal f\u00fcr die empfindliche Babyhaut. Die nat\u00fcrlichen Materialien sorgen f\u00fcr ein atmungsaktives Schlafklima, sodass Ihr Kind im Sommer k\u00fchl und im Winter angenehm warm bleibt.<\/p>\n<p>Dieser Matratzenbezug f\u00fcr ein 40\u00d790 cm Wiegematratze ist zudem bei 60 \u00b0C waschbar, wodurch er leicht sauber zu halten ist. Der Bezug passt perfekt auf Standard-Wiegematratzen und bleibt dank der festen Ecken gut an seinem Platz. Egal, ob Sie eine Holz- oder Rattanwiege haben: Dieser organische Matratzenbezug f\u00fcr Babys passt immer.<\/p>\n<p>Entscheiden Sie sich f\u00fcr den Summerville Organic Matratzenschoner 40\u00d790, wenn Sie bewusst in Qualit\u00e4t, Komfort und Nachhaltigkeit investieren m\u00f6chten. Kombinieren Sie ihn mit einem Summerville Organic Spannbetttuch aus Bio-Baumwolle f\u00fcr die ultimative nat\u00fcrliche Schlafumgebung.<\/p>","protected":false},"excerpt":{"rendered":"<p>Summerville Organic matrasbeschermer 40&#215;90 cm Een Summerville Organic matrasbeschermer 40&#215;90 cm is een onmisbare basis voor het babybedje. Deze duurzame matrasbeschermer van biologisch katoen beschermt het wiegmatras tegen vocht, ongelukjes en vlekken, terwijl het comfortabel en ademend blijft voor je baby. Dankzij het gebruik van GOTS-gecertificeerd biologisch katoen weet je zeker dat je kiest voor [&hellip;]<\/p>\n","protected":false},"featured_media":12241,"comment_status":"open","ping_status":"closed","template":"","meta":[],"product_brand":[769],"product_cat":[589,278],"product_tag":[771],"class_list":{"0":"post-12240","1":"product","2":"type-product","3":"status-publish","4":"has-post-thumbnail","6":"product_brand-summerville-organic","7":"product_cat-alles-van-biologisch-katoen","8":"product_cat-slaapzakken-en-dekens","9":"product_tag-biologisch-ledikantlaken","11":"first","12":"instock","13":"taxable","14":"shipping-taxable","15":"purchasable","16":"product-type-simple"},"yoast_head":"<!-- This site is optimized with the Yoast SEO plugin v27.4 - https:\/\/yoast.com\/product\/yoast-seo-wordpress\/ -->\n<title>Summerville Organic - Matras beschermer 40x90 | Castle Vernie Fashion Shop<\/title>\n<meta name=\"description\" content=\"Duurzame matrasbeschermer van biologisch katoen, 40x90 cm. Ademend, waterdicht en zacht voor je baby. Perfecte bescherming voor elk wiegmatras.\" \/>\n<meta name=\"robots\" content=\"index, follow, max-snippet:-1, max-image-preview:large, max-video-preview:-1\" \/>\n<link rel=\"canonical\" href=\"https:\/\/www.castlevernie.nl\/de\/produkt\/summerville-organic-matras-beschermer-40x90\/\" \/>\n<meta property=\"og:locale\" content=\"de_DE\" \/>\n<meta property=\"og:type\" content=\"article\" \/>\n<meta property=\"og:title\" content=\"Summerville Organic - Matras beschermer 40x90 | Castle Vernie Fashion Shop\" \/>\n<meta property=\"og:description\" content=\"Duurzame matrasbeschermer van biologisch katoen, 40x90 cm. Ademend, waterdicht en zacht voor je baby. Perfecte bescherming voor elk wiegmatras.\" \/>\n<meta property=\"og:url\" content=\"https:\/\/www.castlevernie.nl\/de\/produkt\/summerville-organic-matras-beschermer-40x90\/\" \/>\n<meta property=\"og:site_name\" content=\"Castle Vernie Fashion Shop\" \/>\n<meta property=\"article:publisher\" content=\"https:\/\/m.facebook.com\/Castle-Vernie-Fashion-Shop-110667857399440\" \/>\n<meta property=\"article:modified_time\" content=\"2025-11-02T15:09:50+00:00\" \/>\n<meta property=\"og:image\" content=\"https:\/\/www.castlevernie.nl\/wordpress\/wp-content\/uploads\/2025\/11\/Organic-Matras-Cover-Baby-40x90-1.webp\" \/>\n\t<meta property=\"og:image:width\" content=\"1020\" \/>\n\t<meta property=\"og:image:height\" content=\"1020\" \/>\n\t<meta property=\"og:image:type\" content=\"image\/webp\" \/>\n<meta name=\"twitter:card\" content=\"summary_large_image\" \/>\n<meta name=\"twitter:label1\" content=\"Gesch\u00e4tzte Lesezeit\" \/>\n\t<meta name=\"twitter:data1\" content=\"2\u00a0Minuten\" \/>\n<script type=\"application\/ld+json\" class=\"yoast-schema-graph\">{\"@context\":\"https:\\\/\\\/schema.org\",\"@graph\":[{\"@type\":\"WebPage\",\"@id\":\"https:\\\/\\\/www.castlevernie.nl\\\/product\\\/summerville-organic-matras-beschermer-40x90\\\/\",\"url\":\"https:\\\/\\\/www.castlevernie.nl\\\/product\\\/summerville-organic-matras-beschermer-40x90\\\/\",\"name\":\"Summerville Organic - Matras beschermer 40x90 | Castle Vernie Fashion Shop\",\"isPartOf\":{\"@id\":\"https:\\\/\\\/www.castlevernie.nl\\\/#website\"},\"primaryImageOfPage\":{\"@id\":\"https:\\\/\\\/www.castlevernie.nl\\\/product\\\/summerville-organic-matras-beschermer-40x90\\\/#primaryimage\"},\"image\":{\"@id\":\"https:\\\/\\\/www.castlevernie.nl\\\/product\\\/summerville-organic-matras-beschermer-40x90\\\/#primaryimage\"},\"thumbnailUrl\":\"https:\\\/\\\/www.castlevernie.nl\\\/wordpress\\\/wp-content\\\/uploads\\\/2025\\\/11\\\/Organic-Matras-Cover-Baby-40x90-1.webp\",\"datePublished\":\"2025-11-02T15:01:52+00:00\",\"dateModified\":\"2025-11-02T15:09:50+00:00\",\"description\":\"Duurzame matrasbeschermer van biologisch katoen, 40x90 cm. Ademend, waterdicht en zacht voor je baby. Perfecte bescherming voor elk wiegmatras.\",\"breadcrumb\":{\"@id\":\"https:\\\/\\\/www.castlevernie.nl\\\/product\\\/summerville-organic-matras-beschermer-40x90\\\/#breadcrumb\"},\"inLanguage\":\"de\",\"potentialAction\":[{\"@type\":\"ReadAction\",\"target\":[\"https:\\\/\\\/www.castlevernie.nl\\\/product\\\/summerville-organic-matras-beschermer-40x90\\\/\"]}]},{\"@type\":\"ImageObject\",\"inLanguage\":\"de\",\"@id\":\"https:\\\/\\\/www.castlevernie.nl\\\/product\\\/summerville-organic-matras-beschermer-40x90\\\/#primaryimage\",\"url\":\"https:\\\/\\\/www.castlevernie.nl\\\/wordpress\\\/wp-content\\\/uploads\\\/2025\\\/11\\\/Organic-Matras-Cover-Baby-40x90-1.webp\",\"contentUrl\":\"https:\\\/\\\/www.castlevernie.nl\\\/wordpress\\\/wp-content\\\/uploads\\\/2025\\\/11\\\/Organic-Matras-Cover-Baby-40x90-1.webp\",\"width\":1020,\"height\":1020},{\"@type\":\"BreadcrumbList\",\"@id\":\"https:\\\/\\\/www.castlevernie.nl\\\/product\\\/summerville-organic-matras-beschermer-40x90\\\/#breadcrumb\",\"itemListElement\":[{\"@type\":\"ListItem\",\"position\":1,\"name\":\"Home\",\"item\":\"https:\\\/\\\/www.castlevernie.nl\\\/\"},{\"@type\":\"ListItem\",\"position\":2,\"name\":\"Winkel\",\"item\":\"https:\\\/\\\/www.castlevernie.nl\\\/winkel\\\/\"},{\"@type\":\"ListItem\",\"position\":3,\"name\":\"Summerville Organic &#8211; Matras beschermer 40&#215;90\"}]},{\"@type\":\"WebSite\",\"@id\":\"https:\\\/\\\/www.castlevernie.nl\\\/#website\",\"url\":\"https:\\\/\\\/www.castlevernie.nl\\\/\",\"name\":\"Castle Vernie Fashion Shop\",\"description\":\"\",\"publisher\":{\"@id\":\"https:\\\/\\\/www.castlevernie.nl\\\/#organization\"},\"potentialAction\":[{\"@type\":\"SearchAction\",\"target\":{\"@type\":\"EntryPoint\",\"urlTemplate\":\"https:\\\/\\\/www.castlevernie.nl\\\/?s={search_term_string}\"},\"query-input\":{\"@type\":\"PropertyValueSpecification\",\"valueRequired\":true,\"valueName\":\"search_term_string\"}}],\"inLanguage\":\"de\"},{\"@type\":\"Organization\",\"@id\":\"https:\\\/\\\/www.castlevernie.nl\\\/#organization\",\"name\":\"Castle Vernie\",\"url\":\"https:\\\/\\\/www.castlevernie.nl\\\/\",\"logo\":{\"@type\":\"ImageObject\",\"inLanguage\":\"de\",\"@id\":\"https:\\\/\\\/www.castlevernie.nl\\\/#\\\/schema\\\/logo\\\/image\\\/\",\"url\":\"https:\\\/\\\/www.castlevernie.nl\\\/wordpress\\\/wp-content\\\/uploads\\\/2025\\\/07\\\/header-logo-3.png\",\"contentUrl\":\"https:\\\/\\\/www.castlevernie.nl\\\/wordpress\\\/wp-content\\\/uploads\\\/2025\\\/07\\\/header-logo-3.png\",\"width\":780,\"height\":260,\"caption\":\"Castle Vernie\"},\"image\":{\"@id\":\"https:\\\/\\\/www.castlevernie.nl\\\/#\\\/schema\\\/logo\\\/image\\\/\"},\"sameAs\":[\"https:\\\/\\\/m.facebook.com\\\/Castle-Vernie-Fashion-Shop-110667857399440\"]}]}<\/script>\n<!-- \/ Yoast SEO plugin. -->","yoast_head_json":{"title":"Summerville Organic - Matras beschermer 40x90 | Castle Vernie Fashion Shop","description":"Duurzame matrasbeschermer van biologisch katoen, 40x90 cm. Ademend, waterdicht en zacht voor je baby. Perfecte bescherming voor elk wiegmatras.","robots":{"index":"index","follow":"follow","max-snippet":"max-snippet:-1","max-image-preview":"max-image-preview:large","max-video-preview":"max-video-preview:-1"},"canonical":"https:\/\/www.castlevernie.nl\/de\/produkt\/summerville-organic-matras-beschermer-40x90\/","og_locale":"de_DE","og_type":"article","og_title":"Summerville Organic - Matras beschermer 40x90 | Castle Vernie Fashion Shop","og_description":"Duurzame matrasbeschermer van biologisch katoen, 40x90 cm. Ademend, waterdicht en zacht voor je baby. Perfecte bescherming voor elk wiegmatras.","og_url":"https:\/\/www.castlevernie.nl\/de\/produkt\/summerville-organic-matras-beschermer-40x90\/","og_site_name":"Castle Vernie Fashion Shop","article_publisher":"https:\/\/m.facebook.com\/Castle-Vernie-Fashion-Shop-110667857399440","article_modified_time":"2025-11-02T15:09:50+00:00","og_image":[{"width":1020,"height":1020,"url":"https:\/\/www.castlevernie.nl\/wordpress\/wp-content\/uploads\/2025\/11\/Organic-Matras-Cover-Baby-40x90-1.webp","type":"image\/webp"}],"twitter_card":"summary_large_image","twitter_misc":{"Gesch\u00e4tzte Lesezeit":"2\u00a0Minuten"},"schema":{"@context":"https:\/\/schema.org","@graph":[{"@type":"WebPage","@id":"https:\/\/www.castlevernie.nl\/product\/summerville-organic-matras-beschermer-40x90\/","url":"https:\/\/www.castlevernie.nl\/product\/summerville-organic-matras-beschermer-40x90\/","name":"Summerville Organic - Matras beschermer 40x90 | Castle Vernie Fashion Shop","isPartOf":{"@id":"https:\/\/www.castlevernie.nl\/#website"},"primaryImageOfPage":{"@id":"https:\/\/www.castlevernie.nl\/product\/summerville-organic-matras-beschermer-40x90\/#primaryimage"},"image":{"@id":"https:\/\/www.castlevernie.nl\/product\/summerville-organic-matras-beschermer-40x90\/#primaryimage"},"thumbnailUrl":"https:\/\/www.castlevernie.nl\/wordpress\/wp-content\/uploads\/2025\/11\/Organic-Matras-Cover-Baby-40x90-1.webp","datePublished":"2025-11-02T15:01:52+00:00","dateModified":"2025-11-02T15:09:50+00:00","description":"Duurzame matrasbeschermer van biologisch katoen, 40x90 cm. Ademend, waterdicht en zacht voor je baby. Perfecte bescherming voor elk wiegmatras.","breadcrumb":{"@id":"https:\/\/www.castlevernie.nl\/product\/summerville-organic-matras-beschermer-40x90\/#breadcrumb"},"inLanguage":"de","potentialAction":[{"@type":"ReadAction","target":["https:\/\/www.castlevernie.nl\/product\/summerville-organic-matras-beschermer-40x90\/"]}]},{"@type":"ImageObject","inLanguage":"de","@id":"https:\/\/www.castlevernie.nl\/product\/summerville-organic-matras-beschermer-40x90\/#primaryimage","url":"https:\/\/www.castlevernie.nl\/wordpress\/wp-content\/uploads\/2025\/11\/Organic-Matras-Cover-Baby-40x90-1.webp","contentUrl":"https:\/\/www.castlevernie.nl\/wordpress\/wp-content\/uploads\/2025\/11\/Organic-Matras-Cover-Baby-40x90-1.webp","width":1020,"height":1020},{"@type":"BreadcrumbList","@id":"https:\/\/www.castlevernie.nl\/product\/summerville-organic-matras-beschermer-40x90\/#breadcrumb","itemListElement":[{"@type":"ListItem","position":1,"name":"Home","item":"https:\/\/www.castlevernie.nl\/"},{"@type":"ListItem","position":2,"name":"Winkel","item":"https:\/\/www.castlevernie.nl\/winkel\/"},{"@type":"ListItem","position":3,"name":"Summerville Organic &#8211; Matras beschermer 40&#215;90"}]},{"@type":"WebSite","@id":"https:\/\/www.castlevernie.nl\/#website","url":"https:\/\/www.castlevernie.nl\/","name":"Schloss Vernie Modegesch\u00e4ft","description":"","publisher":{"@id":"https:\/\/www.castlevernie.nl\/#organization"},"potentialAction":[{"@type":"SearchAction","target":{"@type":"EntryPoint","urlTemplate":"https:\/\/www.castlevernie.nl\/?s={search_term_string}"},"query-input":{"@type":"PropertyValueSpecification","valueRequired":true,"valueName":"search_term_string"}}],"inLanguage":"de"},{"@type":"Organization","@id":"https:\/\/www.castlevernie.nl\/#organization","name":"Castle Vernie","url":"https:\/\/www.castlevernie.nl\/","logo":{"@type":"ImageObject","inLanguage":"de","@id":"https:\/\/www.castlevernie.nl\/#\/schema\/logo\/image\/","url":"https:\/\/www.castlevernie.nl\/wordpress\/wp-content\/uploads\/2025\/07\/header-logo-3.png","contentUrl":"https:\/\/www.castlevernie.nl\/wordpress\/wp-content\/uploads\/2025\/07\/header-logo-3.png","width":780,"height":260,"caption":"Castle Vernie"},"image":{"@id":"https:\/\/www.castlevernie.nl\/#\/schema\/logo\/image\/"},"sameAs":["https:\/\/m.facebook.com\/Castle-Vernie-Fashion-Shop-110667857399440"]}]}},"_links":{"self":[{"href":"https:\/\/www.castlevernie.nl\/de\/wp-json\/wp\/v2\/product\/12240","targetHints":{"allow":["GET"]}}],"collection":[{"href":"https:\/\/www.castlevernie.nl\/de\/wp-json\/wp\/v2\/product"}],"about":[{"href":"https:\/\/www.castlevernie.nl\/de\/wp-json\/wp\/v2\/types\/product"}],"replies":[{"embeddable":true,"href":"https:\/\/www.castlevernie.nl\/de\/wp-json\/wp\/v2\/comments?post=12240"}],"wp:featuredmedia":[{"embeddable":true,"href":"https:\/\/www.castlevernie.nl\/de\/wp-json\/wp\/v2\/media\/12241"}],"wp:attachment":[{"href":"https:\/\/www.castlevernie.nl\/de\/wp-json\/wp\/v2\/media?parent=12240"}],"wp:term":[{"taxonomy":"product_brand","embeddable":true,"href":"https:\/\/www.castlevernie.nl\/de\/wp-json\/wp\/v2\/product_brand?post=12240"},{"taxonomy":"product_cat","embeddable":true,"href":"https:\/\/www.castlevernie.nl\/de\/wp-json\/wp\/v2\/product_cat?post=12240"},{"taxonomy":"product_tag","embeddable":true,"href":"https:\/\/www.castlevernie.nl\/de\/wp-json\/wp\/v2\/product_tag?post=12240"}],"curies":[{"name":"wp","href":"https:\/\/api.w.org\/{rel}","templated":true}]}}