{"id":12207,"date":"2025-10-31T21:16:00","date_gmt":"2025-10-31T21:16:00","guid":{"rendered":"https:\/\/www.castlevernie.nl\/?post_type=product&#038;p=12207"},"modified":"2025-11-01T08:37:18","modified_gmt":"2025-11-01T08:37:18","slug":"summerville-organic-biologisch-katoen-zijde-laken","status":"publish","type":"product","link":"https:\/\/www.castlevernie.nl\/de\/produkt\/summerville-organic-biologisch-katoen-zijde-laken\/","title":{"rendered":"Summerville Organic \u2013 Biologisches Baumwoll-Seiden-Bettlaken"},"content":{"rendered":"<h5>\ud83c\udf3f Summerville Organic Bettlaken aus Bio-Baumwolle-Seide 90\u00d7150 cm (f\u00fcr Kinderbett 60\u00d7120 cm)\ud83d\udca4<\/h5>\n<p>Schenken Sie Ihrem Kleinen den besten Schlafkomfort mit diesem luxuri\u00f6sen Summerville Organic-Baumwoll-Seiden-Bettlaken. Hergestellt aus Bio-Baumwolle und Seide, sanft zur empfindlichen Haut und vollst\u00e4ndig nat\u00fcrlich produziert. Dieses Laken bietet eine atmungsaktive, weiche und komfortable Schlafoberfl\u00e4che, die an ein Gitterbett von 60\u00d7120 cm passt.<\/p>\n<p>\u2728 Eigenschaften<br \/>\n\u2022 \ud83c\udf3f Hergestellt aus Bio-Baumwolle und Seide \u2013 weich, atmungsaktiv und geschmeidig<br \/>\n\u2022 \ud83d\udca4 Perfekte Gr\u00f6\u00dfe: 90\u00d7150 cm, geeignet f\u00fcr ein Babybett (60\u00d7120 cm)<br \/>\n\u2022 \ud83c\udf38 GOTS-zertifiziert \u2013 frei von sch\u00e4dlichen Stoffen, nachhaltig hergestellt<br \/>\n\u2022 \ud83e\uddfa Leicht zu waschen und bleibt wunderbar weich<br \/>\n\u2022 \ud83d\udc9a Kombinieren Sie es mit einer Woll-Babyddecke f\u00fcr die sicherste und nat\u00fcrlichste Schlafumgebung<\/p>\n<p>\ud83c\udf38 <strong>Waarom kiezen voor katoen-zijde van Summerville Organic?<\/strong><\/p>\n<p>Der Baumwoll-Seiden-Mischstoff von Summerville Organic vereint das Beste aus zwei Welten:<br \/>\n\u2022 Seide reguliert die W\u00e4rme und sorgt f\u00fcr ein luxuri\u00f6ses, glattes Gef\u00fchl<br \/>\n\u2022 Biologische Baumwolle atmet, nimmt Feuchtigkeit auf und f\u00fchlt sich frisch an<\/p>\n<p>Zusammen sorgen sie f\u00fcr eine gesunde Schlafumgebung, in der Ihr Baby bequem schlafen kann, ohne zu warm zu werden.<\/p>\n<p>\ud83d\udc9a<strong> Wollen deken \u2013 het beste alternatief voor een dekbed<\/strong><\/p>\n<p>F\u00fcr Babys und Kleinkinder wird die Verwendung einer Bettdecke bis zum Alter von 2 Jahren nicht empfohlen. Eine Bettdecke kann zu warm sein und die nat\u00fcrliche Temperaturregulierung Ihres Kindes einschr\u00e4nken.<\/p>\n<p>W\u00e4hlen Sie daher eine Woll Decke in Kombination mit diesem Summerville Baumwoll-Seiden-Bettlaken.<br \/>\nWolle ist atmungsaktiv, temperaturregulierend und feuchtigkeitsaufnehmend \u2013 genau das, was Ihr Baby f\u00fcr einen sicheren und beruhigenden Schlaf braucht.<\/p>\n<p>\ud83c\udf3f<strong> Nachhaltig, sicher und bewusst<\/strong><\/p>\n<p>Das Baumwoll-Seiden-Bettlaken von Summerville Organic ist GOTS-zertifiziert, was bedeutet, dass es von Anfang bis Ende nachhaltig produziert wurde \u2013 vom Anbau bis zur Verpackung.<br \/>\nOhne Pestizide, ohne Mikroplastik und mit Respekt f\u00fcr Mensch und Umwelt.<\/p>\n<p>Eine bewusste Wahl f\u00fcr Eltern, die Wert auf Qualit\u00e4t, Sanftheit und Ehrlichkeit legen.<\/p>","protected":false},"excerpt":{"rendered":"<p>\ud83c\udf3f Summerville Organic biologisch katoen-zijde laken 90&#215;150 cm (voor ledikant 60&#215;120 cm)\ud83d\udca4 Gun je kleintje het allerbeste slaapcomfort met dit luxueuze Summerville Organic katoen-zijde laken. Gemaakt van biologisch katoen en zijde, zacht voor de gevoelige huid en volledig natuurlijk geproduceerd. Dit laken biedt een ademend, soepel en comfortabel slaapoppervlak dat past bij het ledikant van [&hellip;]<\/p>\n","protected":false},"featured_media":12208,"comment_status":"open","ping_status":"closed","template":"","meta":[],"product_brand":[769],"product_cat":[589,278],"product_tag":[770,771,772],"class_list":{"0":"post-12207","1":"product","2":"type-product","3":"status-publish","4":"has-post-thumbnail","6":"product_brand-summerville-organic","7":"product_cat-alles-van-biologisch-katoen","8":"product_cat-slaapzakken-en-dekens","9":"product_tag-baby-beddengoed","10":"product_tag-biologisch-ledikantlaken","11":"product_tag-katoen-zijde","13":"first","14":"instock","15":"taxable","16":"shipping-taxable","17":"purchasable","18":"product-type-simple"},"yoast_head":"<!-- This site is optimized with the Yoast SEO plugin v27.4 - https:\/\/yoast.com\/product\/yoast-seo-wordpress\/ -->\n<title>Summerville Organic biologisch katoen-zijde laken 90x150 | Castle Vernie Fashion Shop<\/title>\n<meta name=\"description\" content=\"Ontdek het Summerville Organic katoen-zijde laken 90x150 voor het ledikant (60x120). Gemaakt van biologisch katoen en zijde. Combineer met een wollen deken.\" \/>\n<meta name=\"robots\" content=\"index, follow, max-snippet:-1, max-image-preview:large, max-video-preview:-1\" \/>\n<link rel=\"canonical\" href=\"https:\/\/www.castlevernie.nl\/de\/produkt\/summerville-organic-biologisch-katoen-zijde-laken\/\" \/>\n<meta property=\"og:locale\" content=\"de_DE\" \/>\n<meta property=\"og:type\" content=\"article\" \/>\n<meta property=\"og:title\" content=\"Summerville Organic biologisch katoen-zijde laken 90x150 | Castle Vernie Fashion Shop\" \/>\n<meta property=\"og:description\" content=\"Ontdek het Summerville Organic katoen-zijde laken 90x150 voor het ledikant (60x120). Gemaakt van biologisch katoen en zijde. Combineer met een wollen deken.\" \/>\n<meta property=\"og:url\" content=\"https:\/\/www.castlevernie.nl\/de\/produkt\/summerville-organic-biologisch-katoen-zijde-laken\/\" \/>\n<meta property=\"og:site_name\" content=\"Castle Vernie Fashion Shop\" \/>\n<meta property=\"article:publisher\" content=\"https:\/\/m.facebook.com\/Castle-Vernie-Fashion-Shop-110667857399440\" \/>\n<meta property=\"article:modified_time\" content=\"2025-11-01T08:37:18+00:00\" \/>\n<meta property=\"og:image\" content=\"https:\/\/www.castlevernie.nl\/wordpress\/wp-content\/uploads\/2025\/10\/organic-flat-sheet.webp\" \/>\n\t<meta property=\"og:image:width\" content=\"1440\" \/>\n\t<meta property=\"og:image:height\" content=\"1440\" \/>\n\t<meta property=\"og:image:type\" content=\"image\/webp\" \/>\n<meta name=\"twitter:card\" content=\"summary_large_image\" \/>\n<meta name=\"twitter:label1\" content=\"Gesch\u00e4tzte Lesezeit\" \/>\n\t<meta name=\"twitter:data1\" content=\"2\u00a0Minuten\" \/>\n<script type=\"application\/ld+json\" class=\"yoast-schema-graph\">{\"@context\":\"https:\\\/\\\/schema.org\",\"@graph\":[{\"@type\":\"WebPage\",\"@id\":\"https:\\\/\\\/www.castlevernie.nl\\\/product\\\/summerville-organic-biologisch-katoen-zijde-laken\\\/\",\"url\":\"https:\\\/\\\/www.castlevernie.nl\\\/product\\\/summerville-organic-biologisch-katoen-zijde-laken\\\/\",\"name\":\"Summerville Organic biologisch katoen-zijde laken 90x150 | Castle Vernie Fashion Shop\",\"isPartOf\":{\"@id\":\"https:\\\/\\\/www.castlevernie.nl\\\/#website\"},\"primaryImageOfPage\":{\"@id\":\"https:\\\/\\\/www.castlevernie.nl\\\/product\\\/summerville-organic-biologisch-katoen-zijde-laken\\\/#primaryimage\"},\"image\":{\"@id\":\"https:\\\/\\\/www.castlevernie.nl\\\/product\\\/summerville-organic-biologisch-katoen-zijde-laken\\\/#primaryimage\"},\"thumbnailUrl\":\"https:\\\/\\\/www.castlevernie.nl\\\/wordpress\\\/wp-content\\\/uploads\\\/2025\\\/10\\\/organic-flat-sheet.webp\",\"datePublished\":\"2025-10-31T21:16:00+00:00\",\"dateModified\":\"2025-11-01T08:37:18+00:00\",\"description\":\"Ontdek het Summerville Organic katoen-zijde laken 90x150 voor het ledikant (60x120). Gemaakt van biologisch katoen en zijde. Combineer met een wollen deken.\",\"breadcrumb\":{\"@id\":\"https:\\\/\\\/www.castlevernie.nl\\\/product\\\/summerville-organic-biologisch-katoen-zijde-laken\\\/#breadcrumb\"},\"inLanguage\":\"de\",\"potentialAction\":[{\"@type\":\"ReadAction\",\"target\":[\"https:\\\/\\\/www.castlevernie.nl\\\/product\\\/summerville-organic-biologisch-katoen-zijde-laken\\\/\"]}]},{\"@type\":\"ImageObject\",\"inLanguage\":\"de\",\"@id\":\"https:\\\/\\\/www.castlevernie.nl\\\/product\\\/summerville-organic-biologisch-katoen-zijde-laken\\\/#primaryimage\",\"url\":\"https:\\\/\\\/www.castlevernie.nl\\\/wordpress\\\/wp-content\\\/uploads\\\/2025\\\/10\\\/organic-flat-sheet.webp\",\"contentUrl\":\"https:\\\/\\\/www.castlevernie.nl\\\/wordpress\\\/wp-content\\\/uploads\\\/2025\\\/10\\\/organic-flat-sheet.webp\",\"width\":1440,\"height\":1440,\"caption\":\"Summerville Organic Laken\"},{\"@type\":\"BreadcrumbList\",\"@id\":\"https:\\\/\\\/www.castlevernie.nl\\\/product\\\/summerville-organic-biologisch-katoen-zijde-laken\\\/#breadcrumb\",\"itemListElement\":[{\"@type\":\"ListItem\",\"position\":1,\"name\":\"Home\",\"item\":\"https:\\\/\\\/www.castlevernie.nl\\\/\"},{\"@type\":\"ListItem\",\"position\":2,\"name\":\"Winkel\",\"item\":\"https:\\\/\\\/www.castlevernie.nl\\\/winkel\\\/\"},{\"@type\":\"ListItem\",\"position\":3,\"name\":\"Summerville Organic &#8211; Biologisch Katoen-Zijde Laken\"}]},{\"@type\":\"WebSite\",\"@id\":\"https:\\\/\\\/www.castlevernie.nl\\\/#website\",\"url\":\"https:\\\/\\\/www.castlevernie.nl\\\/\",\"name\":\"Castle Vernie Fashion Shop\",\"description\":\"\",\"publisher\":{\"@id\":\"https:\\\/\\\/www.castlevernie.nl\\\/#organization\"},\"potentialAction\":[{\"@type\":\"SearchAction\",\"target\":{\"@type\":\"EntryPoint\",\"urlTemplate\":\"https:\\\/\\\/www.castlevernie.nl\\\/?s={search_term_string}\"},\"query-input\":{\"@type\":\"PropertyValueSpecification\",\"valueRequired\":true,\"valueName\":\"search_term_string\"}}],\"inLanguage\":\"de\"},{\"@type\":\"Organization\",\"@id\":\"https:\\\/\\\/www.castlevernie.nl\\\/#organization\",\"name\":\"Castle Vernie\",\"url\":\"https:\\\/\\\/www.castlevernie.nl\\\/\",\"logo\":{\"@type\":\"ImageObject\",\"inLanguage\":\"de\",\"@id\":\"https:\\\/\\\/www.castlevernie.nl\\\/#\\\/schema\\\/logo\\\/image\\\/\",\"url\":\"https:\\\/\\\/www.castlevernie.nl\\\/wordpress\\\/wp-content\\\/uploads\\\/2025\\\/07\\\/header-logo-3.png\",\"contentUrl\":\"https:\\\/\\\/www.castlevernie.nl\\\/wordpress\\\/wp-content\\\/uploads\\\/2025\\\/07\\\/header-logo-3.png\",\"width\":780,\"height\":260,\"caption\":\"Castle Vernie\"},\"image\":{\"@id\":\"https:\\\/\\\/www.castlevernie.nl\\\/#\\\/schema\\\/logo\\\/image\\\/\"},\"sameAs\":[\"https:\\\/\\\/m.facebook.com\\\/Castle-Vernie-Fashion-Shop-110667857399440\"]}]}<\/script>\n<!-- \/ Yoast SEO plugin. -->","yoast_head_json":{"title":"Summerville Organic biologisch katoen-zijde laken 90x150 | Castle Vernie Fashion Shop","description":"Ontdek het Summerville Organic katoen-zijde laken 90x150 voor het ledikant (60x120). Gemaakt van biologisch katoen en zijde. Combineer met een wollen deken.","robots":{"index":"index","follow":"follow","max-snippet":"max-snippet:-1","max-image-preview":"max-image-preview:large","max-video-preview":"max-video-preview:-1"},"canonical":"https:\/\/www.castlevernie.nl\/de\/produkt\/summerville-organic-biologisch-katoen-zijde-laken\/","og_locale":"de_DE","og_type":"article","og_title":"Summerville Organic biologisch katoen-zijde laken 90x150 | Castle Vernie Fashion Shop","og_description":"Ontdek het Summerville Organic katoen-zijde laken 90x150 voor het ledikant (60x120). Gemaakt van biologisch katoen en zijde. Combineer met een wollen deken.","og_url":"https:\/\/www.castlevernie.nl\/de\/produkt\/summerville-organic-biologisch-katoen-zijde-laken\/","og_site_name":"Castle Vernie Fashion Shop","article_publisher":"https:\/\/m.facebook.com\/Castle-Vernie-Fashion-Shop-110667857399440","article_modified_time":"2025-11-01T08:37:18+00:00","og_image":[{"width":1440,"height":1440,"url":"https:\/\/www.castlevernie.nl\/wordpress\/wp-content\/uploads\/2025\/10\/organic-flat-sheet.webp","type":"image\/webp"}],"twitter_card":"summary_large_image","twitter_misc":{"Gesch\u00e4tzte Lesezeit":"2\u00a0Minuten"},"schema":{"@context":"https:\/\/schema.org","@graph":[{"@type":"WebPage","@id":"https:\/\/www.castlevernie.nl\/product\/summerville-organic-biologisch-katoen-zijde-laken\/","url":"https:\/\/www.castlevernie.nl\/product\/summerville-organic-biologisch-katoen-zijde-laken\/","name":"Summerville Organic biologisch katoen-zijde laken 90x150 | Castle Vernie Fashion Shop","isPartOf":{"@id":"https:\/\/www.castlevernie.nl\/#website"},"primaryImageOfPage":{"@id":"https:\/\/www.castlevernie.nl\/product\/summerville-organic-biologisch-katoen-zijde-laken\/#primaryimage"},"image":{"@id":"https:\/\/www.castlevernie.nl\/product\/summerville-organic-biologisch-katoen-zijde-laken\/#primaryimage"},"thumbnailUrl":"https:\/\/www.castlevernie.nl\/wordpress\/wp-content\/uploads\/2025\/10\/organic-flat-sheet.webp","datePublished":"2025-10-31T21:16:00+00:00","dateModified":"2025-11-01T08:37:18+00:00","description":"Ontdek het Summerville Organic katoen-zijde laken 90x150 voor het ledikant (60x120). Gemaakt van biologisch katoen en zijde. Combineer met een wollen deken.","breadcrumb":{"@id":"https:\/\/www.castlevernie.nl\/product\/summerville-organic-biologisch-katoen-zijde-laken\/#breadcrumb"},"inLanguage":"de","potentialAction":[{"@type":"ReadAction","target":["https:\/\/www.castlevernie.nl\/product\/summerville-organic-biologisch-katoen-zijde-laken\/"]}]},{"@type":"ImageObject","inLanguage":"de","@id":"https:\/\/www.castlevernie.nl\/product\/summerville-organic-biologisch-katoen-zijde-laken\/#primaryimage","url":"https:\/\/www.castlevernie.nl\/wordpress\/wp-content\/uploads\/2025\/10\/organic-flat-sheet.webp","contentUrl":"https:\/\/www.castlevernie.nl\/wordpress\/wp-content\/uploads\/2025\/10\/organic-flat-sheet.webp","width":1440,"height":1440,"caption":"Summerville Organic Laken"},{"@type":"BreadcrumbList","@id":"https:\/\/www.castlevernie.nl\/product\/summerville-organic-biologisch-katoen-zijde-laken\/#breadcrumb","itemListElement":[{"@type":"ListItem","position":1,"name":"Home","item":"https:\/\/www.castlevernie.nl\/"},{"@type":"ListItem","position":2,"name":"Winkel","item":"https:\/\/www.castlevernie.nl\/winkel\/"},{"@type":"ListItem","position":3,"name":"Summerville Organic &#8211; Biologisch Katoen-Zijde Laken"}]},{"@type":"WebSite","@id":"https:\/\/www.castlevernie.nl\/#website","url":"https:\/\/www.castlevernie.nl\/","name":"Schloss Vernie Modegesch\u00e4ft","description":"","publisher":{"@id":"https:\/\/www.castlevernie.nl\/#organization"},"potentialAction":[{"@type":"SearchAction","target":{"@type":"EntryPoint","urlTemplate":"https:\/\/www.castlevernie.nl\/?s={search_term_string}"},"query-input":{"@type":"PropertyValueSpecification","valueRequired":true,"valueName":"search_term_string"}}],"inLanguage":"de"},{"@type":"Organization","@id":"https:\/\/www.castlevernie.nl\/#organization","name":"Castle Vernie","url":"https:\/\/www.castlevernie.nl\/","logo":{"@type":"ImageObject","inLanguage":"de","@id":"https:\/\/www.castlevernie.nl\/#\/schema\/logo\/image\/","url":"https:\/\/www.castlevernie.nl\/wordpress\/wp-content\/uploads\/2025\/07\/header-logo-3.png","contentUrl":"https:\/\/www.castlevernie.nl\/wordpress\/wp-content\/uploads\/2025\/07\/header-logo-3.png","width":780,"height":260,"caption":"Castle Vernie"},"image":{"@id":"https:\/\/www.castlevernie.nl\/#\/schema\/logo\/image\/"},"sameAs":["https:\/\/m.facebook.com\/Castle-Vernie-Fashion-Shop-110667857399440"]}]}},"_links":{"self":[{"href":"https:\/\/www.castlevernie.nl\/de\/wp-json\/wp\/v2\/product\/12207","targetHints":{"allow":["GET"]}}],"collection":[{"href":"https:\/\/www.castlevernie.nl\/de\/wp-json\/wp\/v2\/product"}],"about":[{"href":"https:\/\/www.castlevernie.nl\/de\/wp-json\/wp\/v2\/types\/product"}],"replies":[{"embeddable":true,"href":"https:\/\/www.castlevernie.nl\/de\/wp-json\/wp\/v2\/comments?post=12207"}],"wp:featuredmedia":[{"embeddable":true,"href":"https:\/\/www.castlevernie.nl\/de\/wp-json\/wp\/v2\/media\/12208"}],"wp:attachment":[{"href":"https:\/\/www.castlevernie.nl\/de\/wp-json\/wp\/v2\/media?parent=12207"}],"wp:term":[{"taxonomy":"product_brand","embeddable":true,"href":"https:\/\/www.castlevernie.nl\/de\/wp-json\/wp\/v2\/product_brand?post=12207"},{"taxonomy":"product_cat","embeddable":true,"href":"https:\/\/www.castlevernie.nl\/de\/wp-json\/wp\/v2\/product_cat?post=12207"},{"taxonomy":"product_tag","embeddable":true,"href":"https:\/\/www.castlevernie.nl\/de\/wp-json\/wp\/v2\/product_tag?post=12207"}],"curies":[{"name":"wp","href":"https:\/\/api.w.org\/{rel}","templated":true}]}}