{"id":12175,"date":"2025-10-26T21:19:34","date_gmt":"2025-10-26T21:19:34","guid":{"rendered":"https:\/\/www.castlevernie.nl\/?post_type=product&#038;p=12175"},"modified":"2025-10-28T17:44:21","modified_gmt":"2025-10-28T17:44:21","slug":"little-green-radicals-chocolate-lined-corduroy-dungarees","status":"publish","type":"product","link":"https:\/\/www.castlevernie.nl\/de\/produkt\/little-green-radicals-chocolate-lined-corduroy-dungarees\/","title":{"rendered":"Little Green Radicals \u2013 Cordhosen mit Schokoladenfutter"},"content":{"rendered":"<h5>Little Green Radicals Latzhose f\u00fcr Kinder<\/h5>\n<p>Die Latzhose von Little Green Radicals ist ein echter Favorit f\u00fcr verspielte und abenteuerlustige Kinder. Diese langlebige Latzhose besteht aus 100 % Bio-Baumwolle und f\u00fchlt sich wunderbar weich auf der Haut an. Der robuste, aber flexible Stoff bietet optimale Bewegungsfreiheit \u2013 perfekt zum Spielen, Klettern und die Welt Entdecken. Dank der hervorragenden Qualit\u00e4t und bequemen Passform ist dieses Kleidungsst\u00fcck sowohl bei Kindern als auch bei Eltern beliebt.<\/p>\n<p>Wie immer bei Little Green Radicals ist auch dieser Gartenoverall ethisch und fair produziert. Es werden keine sch\u00e4dlichen Chemikalien verwendet, und die Arbeitsbedingungen in der Produktionskette werden sorgf\u00e4ltig \u00fcberwacht. So entscheidest du dich nicht nur f\u00fcr Stil und Komfort, sondern auch f\u00fcr eine bewusste, nachhaltige Zukunft.<\/p>\n<p>Die Latzhose hat verstellbare Schultertr\u00e4ger, sodass sie mit Ihrem Kind mitw\u00e4chst. Praktisch f\u00fcr l\u00e4ngere Tragezeiten! Der klassische Look mit Knopfleisten und praktischen Taschen macht diese Hose nicht nur funktional, sondern auch modisch. Kombinieren Sie sie mit einem fr\u00f6hlichen Shirt oder einem gestrickten Pullover von Marken wie Cosilana oder Maxomorra f\u00fcr einen verspielten, nat\u00fcrlichen Look.<\/p>\n<p>Die Latzhose von Little Green Radicals ist ideal f\u00fcr jede Jahreszeit. Im Fr\u00fchling und Sommer tr\u00e4gt man sie mit einem luftigen T-Shirt, w\u00e4hrend sie in den k\u00e4lteren Monaten perfekt mit einem warmen Langarmshirt oder einem Wollpullover kombiniert werden kann. Die robuste Qualit\u00e4t sorgt daf\u00fcr, dass sie viele Waschg\u00e4nge \u00fcbersteht und daher leicht weitergegeben werden kann.<\/p>\n<p>Mit seinem zeitlosen Design, der ehrlichen Herstellung und dem hohen Tragekomfort ist diese Latzhose ein nachhaltiges Mode-Ikone f\u00fcr kleine Entdecker.<\/p>","protected":false},"excerpt":{"rendered":"<p>Little Green Radicals tuinbroek voor kinderen De tuinbroek van Little Green Radicals is een echte favoriet voor speelse en avontuurlijke kinderen. Deze duurzame tuinbroek is gemaakt van 100% biologisch katoen en voelt heerlijk zacht aan op de huid. De stevige, maar soepele stof biedt optimale bewegingsvrijheid \u2014 perfect om in te spelen, klimmen en de [&hellip;]<\/p>\n","protected":false},"featured_media":12182,"comment_status":"open","ping_status":"closed","template":"","meta":[],"product_brand":[516],"product_cat":[589,50,51,52,49],"product_tag":[732],"class_list":{"0":"post-12175","1":"product","2":"type-product","3":"status-publish","4":"has-post-thumbnail","6":"product_brand-little-green-radicals","7":"product_cat-alles-van-biologisch-katoen","8":"product_cat-maat-110-116","9":"product_cat-maat-122-128","10":"product_cat-maat-134-140","11":"product_cat-maat-98-104","12":"product_tag-herfst-winter-kinderkleding","14":"first","15":"instock","16":"taxable","17":"shipping-taxable","18":"purchasable","19":"product-type-variable"},"yoast_head":"<!-- This site is optimized with the Yoast SEO plugin v27.4 - https:\/\/yoast.com\/product\/yoast-seo-wordpress\/ -->\n<title>Little Green Radicals tuinbroek kinderen | Duurzaam &amp; comfortabel<\/title>\n<meta name=\"description\" content=\"De Little Green Radicals tuinbroek is gemaakt van 100% biologisch katoen, met verstelbare bandjes en zachte kwaliteit. Duurzaam, eerlijk en perfect.\" \/>\n<meta name=\"robots\" content=\"index, follow, max-snippet:-1, max-image-preview:large, max-video-preview:-1\" \/>\n<link rel=\"canonical\" href=\"https:\/\/www.castlevernie.nl\/de\/produkt\/little-green-radicals-chocolate-lined-corduroy-dungarees\/\" \/>\n<meta property=\"og:locale\" content=\"de_DE\" \/>\n<meta property=\"og:type\" content=\"article\" \/>\n<meta property=\"og:title\" content=\"Little Green Radicals tuinbroek kinderen | Duurzaam &amp; comfortabel\" \/>\n<meta property=\"og:description\" content=\"De Little Green Radicals tuinbroek is gemaakt van 100% biologisch katoen, met verstelbare bandjes en zachte kwaliteit. Duurzaam, eerlijk en perfect.\" \/>\n<meta property=\"og:url\" content=\"https:\/\/www.castlevernie.nl\/de\/produkt\/little-green-radicals-chocolate-lined-corduroy-dungarees\/\" \/>\n<meta property=\"og:site_name\" content=\"Castle Vernie Fashion Shop\" \/>\n<meta property=\"article:publisher\" content=\"https:\/\/m.facebook.com\/Castle-Vernie-Fashion-Shop-110667857399440\" \/>\n<meta property=\"article:modified_time\" content=\"2025-10-28T17:44:21+00:00\" \/>\n<meta property=\"og:image\" content=\"https:\/\/www.castlevernie.nl\/wordpress\/wp-content\/uploads\/2025\/10\/WhatsApp-Image-2025-10-24-at-22.35.57-4.jpeg\" \/>\n\t<meta property=\"og:image:width\" content=\"1170\" \/>\n\t<meta property=\"og:image:height\" content=\"1142\" \/>\n\t<meta property=\"og:image:type\" content=\"image\/jpeg\" \/>\n<meta name=\"twitter:card\" content=\"summary_large_image\" \/>\n<meta name=\"twitter:label1\" content=\"Gesch\u00e4tzte Lesezeit\" \/>\n\t<meta name=\"twitter:data1\" content=\"2\u00a0Minuten\" \/>\n<script type=\"application\/ld+json\" class=\"yoast-schema-graph\">{\"@context\":\"https:\\\/\\\/schema.org\",\"@graph\":[{\"@type\":\"WebPage\",\"@id\":\"https:\\\/\\\/www.castlevernie.nl\\\/product\\\/little-green-radicals-chocolate-lined-corduroy-dungarees\\\/\",\"url\":\"https:\\\/\\\/www.castlevernie.nl\\\/product\\\/little-green-radicals-chocolate-lined-corduroy-dungarees\\\/\",\"name\":\"Little Green Radicals tuinbroek kinderen | Duurzaam & comfortabel\",\"isPartOf\":{\"@id\":\"https:\\\/\\\/www.castlevernie.nl\\\/#website\"},\"primaryImageOfPage\":{\"@id\":\"https:\\\/\\\/www.castlevernie.nl\\\/product\\\/little-green-radicals-chocolate-lined-corduroy-dungarees\\\/#primaryimage\"},\"image\":{\"@id\":\"https:\\\/\\\/www.castlevernie.nl\\\/product\\\/little-green-radicals-chocolate-lined-corduroy-dungarees\\\/#primaryimage\"},\"thumbnailUrl\":\"https:\\\/\\\/www.castlevernie.nl\\\/wordpress\\\/wp-content\\\/uploads\\\/2025\\\/10\\\/WhatsApp-Image-2025-10-24-at-22.35.57-4.jpeg\",\"datePublished\":\"2025-10-26T21:19:34+00:00\",\"dateModified\":\"2025-10-28T17:44:21+00:00\",\"description\":\"De Little Green Radicals tuinbroek is gemaakt van 100% biologisch katoen, met verstelbare bandjes en zachte kwaliteit. Duurzaam, eerlijk en perfect.\",\"breadcrumb\":{\"@id\":\"https:\\\/\\\/www.castlevernie.nl\\\/product\\\/little-green-radicals-chocolate-lined-corduroy-dungarees\\\/#breadcrumb\"},\"inLanguage\":\"de\",\"potentialAction\":[{\"@type\":\"ReadAction\",\"target\":[\"https:\\\/\\\/www.castlevernie.nl\\\/product\\\/little-green-radicals-chocolate-lined-corduroy-dungarees\\\/\"]}]},{\"@type\":\"ImageObject\",\"inLanguage\":\"de\",\"@id\":\"https:\\\/\\\/www.castlevernie.nl\\\/product\\\/little-green-radicals-chocolate-lined-corduroy-dungarees\\\/#primaryimage\",\"url\":\"https:\\\/\\\/www.castlevernie.nl\\\/wordpress\\\/wp-content\\\/uploads\\\/2025\\\/10\\\/WhatsApp-Image-2025-10-24-at-22.35.57-4.jpeg\",\"contentUrl\":\"https:\\\/\\\/www.castlevernie.nl\\\/wordpress\\\/wp-content\\\/uploads\\\/2025\\\/10\\\/WhatsApp-Image-2025-10-24-at-22.35.57-4.jpeg\",\"width\":1170,\"height\":1142,\"caption\":\"Little Green Radicals Tuinbroek kinderen\"},{\"@type\":\"BreadcrumbList\",\"@id\":\"https:\\\/\\\/www.castlevernie.nl\\\/product\\\/little-green-radicals-chocolate-lined-corduroy-dungarees\\\/#breadcrumb\",\"itemListElement\":[{\"@type\":\"ListItem\",\"position\":1,\"name\":\"Home\",\"item\":\"https:\\\/\\\/www.castlevernie.nl\\\/\"},{\"@type\":\"ListItem\",\"position\":2,\"name\":\"Winkel\",\"item\":\"https:\\\/\\\/www.castlevernie.nl\\\/winkel\\\/\"},{\"@type\":\"ListItem\",\"position\":3,\"name\":\"Little Green Radicals &#8211; Chocolate Lined Corduroy Dungarees\"}]},{\"@type\":\"WebSite\",\"@id\":\"https:\\\/\\\/www.castlevernie.nl\\\/#website\",\"url\":\"https:\\\/\\\/www.castlevernie.nl\\\/\",\"name\":\"Castle Vernie Fashion Shop\",\"description\":\"\",\"publisher\":{\"@id\":\"https:\\\/\\\/www.castlevernie.nl\\\/#organization\"},\"potentialAction\":[{\"@type\":\"SearchAction\",\"target\":{\"@type\":\"EntryPoint\",\"urlTemplate\":\"https:\\\/\\\/www.castlevernie.nl\\\/?s={search_term_string}\"},\"query-input\":{\"@type\":\"PropertyValueSpecification\",\"valueRequired\":true,\"valueName\":\"search_term_string\"}}],\"inLanguage\":\"de\"},{\"@type\":\"Organization\",\"@id\":\"https:\\\/\\\/www.castlevernie.nl\\\/#organization\",\"name\":\"Castle Vernie\",\"url\":\"https:\\\/\\\/www.castlevernie.nl\\\/\",\"logo\":{\"@type\":\"ImageObject\",\"inLanguage\":\"de\",\"@id\":\"https:\\\/\\\/www.castlevernie.nl\\\/#\\\/schema\\\/logo\\\/image\\\/\",\"url\":\"https:\\\/\\\/www.castlevernie.nl\\\/wordpress\\\/wp-content\\\/uploads\\\/2025\\\/07\\\/header-logo-3.png\",\"contentUrl\":\"https:\\\/\\\/www.castlevernie.nl\\\/wordpress\\\/wp-content\\\/uploads\\\/2025\\\/07\\\/header-logo-3.png\",\"width\":780,\"height\":260,\"caption\":\"Castle Vernie\"},\"image\":{\"@id\":\"https:\\\/\\\/www.castlevernie.nl\\\/#\\\/schema\\\/logo\\\/image\\\/\"},\"sameAs\":[\"https:\\\/\\\/m.facebook.com\\\/Castle-Vernie-Fashion-Shop-110667857399440\"]}]}<\/script>\n<!-- \/ Yoast SEO plugin. -->","yoast_head_json":{"title":"Little Green Radicals tuinbroek kinderen | Duurzaam & comfortabel","description":"De Little Green Radicals tuinbroek is gemaakt van 100% biologisch katoen, met verstelbare bandjes en zachte kwaliteit. Duurzaam, eerlijk en perfect.","robots":{"index":"index","follow":"follow","max-snippet":"max-snippet:-1","max-image-preview":"max-image-preview:large","max-video-preview":"max-video-preview:-1"},"canonical":"https:\/\/www.castlevernie.nl\/de\/produkt\/little-green-radicals-chocolate-lined-corduroy-dungarees\/","og_locale":"de_DE","og_type":"article","og_title":"Little Green Radicals tuinbroek kinderen | Duurzaam & comfortabel","og_description":"De Little Green Radicals tuinbroek is gemaakt van 100% biologisch katoen, met verstelbare bandjes en zachte kwaliteit. Duurzaam, eerlijk en perfect.","og_url":"https:\/\/www.castlevernie.nl\/de\/produkt\/little-green-radicals-chocolate-lined-corduroy-dungarees\/","og_site_name":"Castle Vernie Fashion Shop","article_publisher":"https:\/\/m.facebook.com\/Castle-Vernie-Fashion-Shop-110667857399440","article_modified_time":"2025-10-28T17:44:21+00:00","og_image":[{"width":1170,"height":1142,"url":"https:\/\/www.castlevernie.nl\/wordpress\/wp-content\/uploads\/2025\/10\/WhatsApp-Image-2025-10-24-at-22.35.57-4.jpeg","type":"image\/jpeg"}],"twitter_card":"summary_large_image","twitter_misc":{"Gesch\u00e4tzte Lesezeit":"2\u00a0Minuten"},"schema":{"@context":"https:\/\/schema.org","@graph":[{"@type":"WebPage","@id":"https:\/\/www.castlevernie.nl\/product\/little-green-radicals-chocolate-lined-corduroy-dungarees\/","url":"https:\/\/www.castlevernie.nl\/product\/little-green-radicals-chocolate-lined-corduroy-dungarees\/","name":"Little Green Radicals tuinbroek kinderen | Duurzaam & comfortabel","isPartOf":{"@id":"https:\/\/www.castlevernie.nl\/#website"},"primaryImageOfPage":{"@id":"https:\/\/www.castlevernie.nl\/product\/little-green-radicals-chocolate-lined-corduroy-dungarees\/#primaryimage"},"image":{"@id":"https:\/\/www.castlevernie.nl\/product\/little-green-radicals-chocolate-lined-corduroy-dungarees\/#primaryimage"},"thumbnailUrl":"https:\/\/www.castlevernie.nl\/wordpress\/wp-content\/uploads\/2025\/10\/WhatsApp-Image-2025-10-24-at-22.35.57-4.jpeg","datePublished":"2025-10-26T21:19:34+00:00","dateModified":"2025-10-28T17:44:21+00:00","description":"De Little Green Radicals tuinbroek is gemaakt van 100% biologisch katoen, met verstelbare bandjes en zachte kwaliteit. Duurzaam, eerlijk en perfect.","breadcrumb":{"@id":"https:\/\/www.castlevernie.nl\/product\/little-green-radicals-chocolate-lined-corduroy-dungarees\/#breadcrumb"},"inLanguage":"de","potentialAction":[{"@type":"ReadAction","target":["https:\/\/www.castlevernie.nl\/product\/little-green-radicals-chocolate-lined-corduroy-dungarees\/"]}]},{"@type":"ImageObject","inLanguage":"de","@id":"https:\/\/www.castlevernie.nl\/product\/little-green-radicals-chocolate-lined-corduroy-dungarees\/#primaryimage","url":"https:\/\/www.castlevernie.nl\/wordpress\/wp-content\/uploads\/2025\/10\/WhatsApp-Image-2025-10-24-at-22.35.57-4.jpeg","contentUrl":"https:\/\/www.castlevernie.nl\/wordpress\/wp-content\/uploads\/2025\/10\/WhatsApp-Image-2025-10-24-at-22.35.57-4.jpeg","width":1170,"height":1142,"caption":"Little Green Radicals Tuinbroek kinderen"},{"@type":"BreadcrumbList","@id":"https:\/\/www.castlevernie.nl\/product\/little-green-radicals-chocolate-lined-corduroy-dungarees\/#breadcrumb","itemListElement":[{"@type":"ListItem","position":1,"name":"Home","item":"https:\/\/www.castlevernie.nl\/"},{"@type":"ListItem","position":2,"name":"Winkel","item":"https:\/\/www.castlevernie.nl\/winkel\/"},{"@type":"ListItem","position":3,"name":"Little Green Radicals &#8211; Chocolate Lined Corduroy Dungarees"}]},{"@type":"WebSite","@id":"https:\/\/www.castlevernie.nl\/#website","url":"https:\/\/www.castlevernie.nl\/","name":"Schloss Vernie Modegesch\u00e4ft","description":"","publisher":{"@id":"https:\/\/www.castlevernie.nl\/#organization"},"potentialAction":[{"@type":"SearchAction","target":{"@type":"EntryPoint","urlTemplate":"https:\/\/www.castlevernie.nl\/?s={search_term_string}"},"query-input":{"@type":"PropertyValueSpecification","valueRequired":true,"valueName":"search_term_string"}}],"inLanguage":"de"},{"@type":"Organization","@id":"https:\/\/www.castlevernie.nl\/#organization","name":"Castle Vernie","url":"https:\/\/www.castlevernie.nl\/","logo":{"@type":"ImageObject","inLanguage":"de","@id":"https:\/\/www.castlevernie.nl\/#\/schema\/logo\/image\/","url":"https:\/\/www.castlevernie.nl\/wordpress\/wp-content\/uploads\/2025\/07\/header-logo-3.png","contentUrl":"https:\/\/www.castlevernie.nl\/wordpress\/wp-content\/uploads\/2025\/07\/header-logo-3.png","width":780,"height":260,"caption":"Castle Vernie"},"image":{"@id":"https:\/\/www.castlevernie.nl\/#\/schema\/logo\/image\/"},"sameAs":["https:\/\/m.facebook.com\/Castle-Vernie-Fashion-Shop-110667857399440"]}]}},"_links":{"self":[{"href":"https:\/\/www.castlevernie.nl\/de\/wp-json\/wp\/v2\/product\/12175","targetHints":{"allow":["GET"]}}],"collection":[{"href":"https:\/\/www.castlevernie.nl\/de\/wp-json\/wp\/v2\/product"}],"about":[{"href":"https:\/\/www.castlevernie.nl\/de\/wp-json\/wp\/v2\/types\/product"}],"replies":[{"embeddable":true,"href":"https:\/\/www.castlevernie.nl\/de\/wp-json\/wp\/v2\/comments?post=12175"}],"wp:featuredmedia":[{"embeddable":true,"href":"https:\/\/www.castlevernie.nl\/de\/wp-json\/wp\/v2\/media\/12182"}],"wp:attachment":[{"href":"https:\/\/www.castlevernie.nl\/de\/wp-json\/wp\/v2\/media?parent=12175"}],"wp:term":[{"taxonomy":"product_brand","embeddable":true,"href":"https:\/\/www.castlevernie.nl\/de\/wp-json\/wp\/v2\/product_brand?post=12175"},{"taxonomy":"product_cat","embeddable":true,"href":"https:\/\/www.castlevernie.nl\/de\/wp-json\/wp\/v2\/product_cat?post=12175"},{"taxonomy":"product_tag","embeddable":true,"href":"https:\/\/www.castlevernie.nl\/de\/wp-json\/wp\/v2\/product_tag?post=12175"}],"curies":[{"name":"wp","href":"https:\/\/api.w.org\/{rel}","templated":true}]}}