{"id":12097,"date":"2025-10-25T09:21:24","date_gmt":"2025-10-25T09:21:24","guid":{"rendered":"https:\/\/www.castlevernie.nl\/?post_type=product&#038;p=12097"},"modified":"2025-10-25T12:02:27","modified_gmt":"2025-10-25T12:02:27","slug":"kico-label-wollen-matras-topper","status":"publish","type":"product","link":"https:\/\/www.castlevernie.nl\/de\/produkt\/kico-label-wollen-matras-topper\/","title":{"rendered":"Kico Label - woll Matte Topper"},"content":{"rendered":"<h5>Kico Label wollen Matratzen-Topper f\u00fcr Babys und Kinder<\/h5>\n<p>Der Kico Label wollen Matratzen-Topper ist die perfekte Erg\u00e4nzung f\u00fcr das Bett Ihres Kindes, egal ob es sich um eine Wiege, ein Co-Sleeper, ein Kinderbett oder ein Einzelbett handelt. Dieser hochwertige Topper besteht aus 100 % nat\u00fcrlicher Merinowolle, die f\u00fcr ihre atmungsaktiven und temperaturregulierenden Eigenschaften bekannt ist. So bleibt Ihr Baby oder Kind die ganze Nacht \u00fcber komfortabel, unabh\u00e4ngig von der Jahreszeit.<\/p>\n<p>Verf\u00fcgbar in verschiedenen Gr\u00f6\u00dfen:<\/p>\n<ul>\n<li>Wiege \/ Co-Sleeper: 40\u00d780 cm<\/li>\n<li>Kinderbett: 60\u00d7120 cm<\/li>\n<li>Einzelbett: 90\u00d7200 cm<\/li>\n<\/ul>\n<p>Der Topper ist weich, elastisch und bietet zus\u00e4tzlichen Komfort auf der Matratze. Merinowolle wirkt von Natur aus feuchtigkeitsregulierend, wodurch das Schwitzen reduziert und ein gesundes Schlafumfeld gef\u00f6rdert wird. Dies macht den Kico Label Woll-Matratzen-Topper ideal f\u00fcr Kinder mit empfindlicher Haut oder Allergien.<\/p>\n<p>Ein weiterer Vorteil dieses Toppers ist die Langlebigkeit. Merinowolle ist von Natur aus strapazierf\u00e4hig und beh\u00e4lt ihre Form und Qualit\u00e4t auch nach l\u00e4ngerem Gebrauch. Der Topper ist zudem einfach zu pflegen: regelm\u00e4\u00dfiges L\u00fcften und gegebenenfalls punktuelles Reinigen halten ihn frisch und hygienisch.<\/p>\n<p>Warum sich f\u00fcr den Kico Label Wollmatratzen-Topper entscheiden?<\/p>\n<ul>\n<li>Nat\u00fcrliche Temperatur- und Feuchtigkeitsregulierung<\/li>\n<li>Geeignet f\u00fcr alle Altersgruppen und Bettgr\u00f6\u00dfen<\/li>\n<li>Sanft und bequem, f\u00fcr einen gesunden Schlaf<\/li>\n<li>Nachhaltig und pflegeleicht<\/li>\n<\/ul>\n<p>Ganz gleich, ob Sie auf der Suche nach einem Topper f\u00fcr ein Babybett, Kinderbett, Co-Sleeper oder Einzelbett sind \u2013 der Kico Label Wollmatratzen-Topper bietet Ihrem Kind ein luxuri\u00f6ses und sicheres Schlaferlebnis. Investieren Sie in den Schlafkomfort Ihres Kindes mit einem nat\u00fcrlichen, nachhaltigen und atmungsaktiven Topper, der zu einer gesunden Schlafumgebung beitr\u00e4gt.<\/p>\n<p>Meta titel: Kico Label wollen matras topper voor wieg, ledikant en eenpersoonsbed<\/p>\n<p>Meta beschrijving: Ontdek de Kico Label wollen matras topper, gemaakt van 100% merinowol. Beschikbaar voor wieg, co-sleeper, ledikant en eenpersoonsbed. Comfortabel, ademend en duurzaam.<\/p>","protected":false},"excerpt":{"rendered":"<p>Kico Label wollen matras topper voor baby\u2019s en kinderen De Kico Label wollen matras topper is de perfecte toevoeging voor het bed van uw kind, of het nu gaat om een wieg, co-sleeper, ledikant of eenpersoonsbed. Deze hoogwaardige topper is gemaakt van 100% natuurlijke merinowol, die bekend staat om zijn ademende en temperatuurregulerende eigenschappen. Hierdoor [&hellip;]<\/p>\n","protected":false},"featured_media":12098,"comment_status":"open","ping_status":"closed","template":"","meta":[],"product_brand":[596],"product_cat":[588,278],"product_tag":[],"class_list":{"0":"post-12097","1":"product","2":"type-product","3":"status-publish","4":"has-post-thumbnail","6":"product_brand-kico-label","7":"product_cat-alles-van-wol-zijde","8":"product_cat-slaapzakken-en-dekens","10":"first","11":"instock","12":"taxable","13":"shipping-taxable","14":"purchasable","15":"product-type-variable"},"yoast_head":"<!-- This site is optimized with the Yoast SEO plugin v27.4 - https:\/\/yoast.com\/product\/yoast-seo-wordpress\/ -->\n<title>Kico Label wollen matras topper voor baby\u2019s en kinderen | Castle Vernie Fashion Shop<\/title>\n<meta name=\"description\" content=\"Kico Label wollen matras topper voor baby\u2019s en kinderenDe Kico Label wollen matras topper is de perfecte toevoeging voor het bed van uw baby of kind\" \/>\n<meta name=\"robots\" content=\"index, follow, max-snippet:-1, max-image-preview:large, max-video-preview:-1\" \/>\n<link rel=\"canonical\" href=\"https:\/\/www.castlevernie.nl\/de\/produkt\/kico-label-wollen-matras-topper\/\" \/>\n<meta property=\"og:locale\" content=\"de_DE\" \/>\n<meta property=\"og:type\" content=\"article\" \/>\n<meta property=\"og:title\" content=\"Kico Label wollen matras topper voor baby\u2019s en kinderen | Castle Vernie Fashion Shop\" \/>\n<meta property=\"og:description\" content=\"Kico Label wollen matras topper voor baby\u2019s en kinderenDe Kico Label wollen matras topper is de perfecte toevoeging voor het bed van uw baby of kind\" \/>\n<meta property=\"og:url\" content=\"https:\/\/www.castlevernie.nl\/de\/produkt\/kico-label-wollen-matras-topper\/\" \/>\n<meta property=\"og:site_name\" content=\"Castle Vernie Fashion Shop\" \/>\n<meta property=\"article:publisher\" content=\"https:\/\/m.facebook.com\/Castle-Vernie-Fashion-Shop-110667857399440\" \/>\n<meta property=\"article:modified_time\" content=\"2025-10-25T12:02:27+00:00\" \/>\n<meta property=\"og:image\" content=\"https:\/\/www.castlevernie.nl\/wordpress\/wp-content\/uploads\/2025\/10\/IMG_2548.jpeg\" \/>\n\t<meta property=\"og:image:width\" content=\"1170\" \/>\n\t<meta property=\"og:image:height\" content=\"1140\" \/>\n\t<meta property=\"og:image:type\" content=\"image\/jpeg\" \/>\n<meta name=\"twitter:card\" content=\"summary_large_image\" \/>\n<meta name=\"twitter:label1\" content=\"Gesch\u00e4tzte Lesezeit\" \/>\n\t<meta name=\"twitter:data1\" content=\"2\u00a0Minuten\" \/>\n<script type=\"application\/ld+json\" class=\"yoast-schema-graph\">{\"@context\":\"https:\\\/\\\/schema.org\",\"@graph\":[{\"@type\":\"WebPage\",\"@id\":\"https:\\\/\\\/www.castlevernie.nl\\\/product\\\/kico-label-wollen-matras-topper\\\/\",\"url\":\"https:\\\/\\\/www.castlevernie.nl\\\/product\\\/kico-label-wollen-matras-topper\\\/\",\"name\":\"Kico Label wollen matras topper voor baby\u2019s en kinderen | Castle Vernie Fashion Shop\",\"isPartOf\":{\"@id\":\"https:\\\/\\\/www.castlevernie.nl\\\/#website\"},\"primaryImageOfPage\":{\"@id\":\"https:\\\/\\\/www.castlevernie.nl\\\/product\\\/kico-label-wollen-matras-topper\\\/#primaryimage\"},\"image\":{\"@id\":\"https:\\\/\\\/www.castlevernie.nl\\\/product\\\/kico-label-wollen-matras-topper\\\/#primaryimage\"},\"thumbnailUrl\":\"https:\\\/\\\/www.castlevernie.nl\\\/wordpress\\\/wp-content\\\/uploads\\\/2025\\\/10\\\/IMG_2548.jpeg\",\"datePublished\":\"2025-10-25T09:21:24+00:00\",\"dateModified\":\"2025-10-25T12:02:27+00:00\",\"description\":\"Kico Label wollen matras topper voor baby\u2019s en kinderenDe Kico Label wollen matras topper is de perfecte toevoeging voor het bed van uw baby of kind\",\"breadcrumb\":{\"@id\":\"https:\\\/\\\/www.castlevernie.nl\\\/product\\\/kico-label-wollen-matras-topper\\\/#breadcrumb\"},\"inLanguage\":\"de\",\"potentialAction\":[{\"@type\":\"ReadAction\",\"target\":[\"https:\\\/\\\/www.castlevernie.nl\\\/product\\\/kico-label-wollen-matras-topper\\\/\"]}]},{\"@type\":\"ImageObject\",\"inLanguage\":\"de\",\"@id\":\"https:\\\/\\\/www.castlevernie.nl\\\/product\\\/kico-label-wollen-matras-topper\\\/#primaryimage\",\"url\":\"https:\\\/\\\/www.castlevernie.nl\\\/wordpress\\\/wp-content\\\/uploads\\\/2025\\\/10\\\/IMG_2548.jpeg\",\"contentUrl\":\"https:\\\/\\\/www.castlevernie.nl\\\/wordpress\\\/wp-content\\\/uploads\\\/2025\\\/10\\\/IMG_2548.jpeg\",\"width\":1170,\"height\":1140},{\"@type\":\"BreadcrumbList\",\"@id\":\"https:\\\/\\\/www.castlevernie.nl\\\/product\\\/kico-label-wollen-matras-topper\\\/#breadcrumb\",\"itemListElement\":[{\"@type\":\"ListItem\",\"position\":1,\"name\":\"Home\",\"item\":\"https:\\\/\\\/www.castlevernie.nl\\\/\"},{\"@type\":\"ListItem\",\"position\":2,\"name\":\"Winkel\",\"item\":\"https:\\\/\\\/www.castlevernie.nl\\\/winkel\\\/\"},{\"@type\":\"ListItem\",\"position\":3,\"name\":\"Kico Label- wollen matras topper\"}]},{\"@type\":\"WebSite\",\"@id\":\"https:\\\/\\\/www.castlevernie.nl\\\/#website\",\"url\":\"https:\\\/\\\/www.castlevernie.nl\\\/\",\"name\":\"Castle Vernie Fashion Shop\",\"description\":\"\",\"publisher\":{\"@id\":\"https:\\\/\\\/www.castlevernie.nl\\\/#organization\"},\"potentialAction\":[{\"@type\":\"SearchAction\",\"target\":{\"@type\":\"EntryPoint\",\"urlTemplate\":\"https:\\\/\\\/www.castlevernie.nl\\\/?s={search_term_string}\"},\"query-input\":{\"@type\":\"PropertyValueSpecification\",\"valueRequired\":true,\"valueName\":\"search_term_string\"}}],\"inLanguage\":\"de\"},{\"@type\":\"Organization\",\"@id\":\"https:\\\/\\\/www.castlevernie.nl\\\/#organization\",\"name\":\"Castle Vernie\",\"url\":\"https:\\\/\\\/www.castlevernie.nl\\\/\",\"logo\":{\"@type\":\"ImageObject\",\"inLanguage\":\"de\",\"@id\":\"https:\\\/\\\/www.castlevernie.nl\\\/#\\\/schema\\\/logo\\\/image\\\/\",\"url\":\"https:\\\/\\\/www.castlevernie.nl\\\/wordpress\\\/wp-content\\\/uploads\\\/2025\\\/07\\\/header-logo-3.png\",\"contentUrl\":\"https:\\\/\\\/www.castlevernie.nl\\\/wordpress\\\/wp-content\\\/uploads\\\/2025\\\/07\\\/header-logo-3.png\",\"width\":780,\"height\":260,\"caption\":\"Castle Vernie\"},\"image\":{\"@id\":\"https:\\\/\\\/www.castlevernie.nl\\\/#\\\/schema\\\/logo\\\/image\\\/\"},\"sameAs\":[\"https:\\\/\\\/m.facebook.com\\\/Castle-Vernie-Fashion-Shop-110667857399440\"]}]}<\/script>\n<!-- \/ Yoast SEO plugin. -->","yoast_head_json":{"title":"Kico Label wollen matras topper voor baby\u2019s en kinderen | Castle Vernie Fashion Shop","description":"Kico Label wollen matras topper voor baby\u2019s en kinderenDe Kico Label wollen matras topper is de perfecte toevoeging voor het bed van uw baby of kind","robots":{"index":"index","follow":"follow","max-snippet":"max-snippet:-1","max-image-preview":"max-image-preview:large","max-video-preview":"max-video-preview:-1"},"canonical":"https:\/\/www.castlevernie.nl\/de\/produkt\/kico-label-wollen-matras-topper\/","og_locale":"de_DE","og_type":"article","og_title":"Kico Label wollen matras topper voor baby\u2019s en kinderen | Castle Vernie Fashion Shop","og_description":"Kico Label wollen matras topper voor baby\u2019s en kinderenDe Kico Label wollen matras topper is de perfecte toevoeging voor het bed van uw baby of kind","og_url":"https:\/\/www.castlevernie.nl\/de\/produkt\/kico-label-wollen-matras-topper\/","og_site_name":"Castle Vernie Fashion Shop","article_publisher":"https:\/\/m.facebook.com\/Castle-Vernie-Fashion-Shop-110667857399440","article_modified_time":"2025-10-25T12:02:27+00:00","og_image":[{"width":1170,"height":1140,"url":"https:\/\/www.castlevernie.nl\/wordpress\/wp-content\/uploads\/2025\/10\/IMG_2548.jpeg","type":"image\/jpeg"}],"twitter_card":"summary_large_image","twitter_misc":{"Gesch\u00e4tzte Lesezeit":"2\u00a0Minuten"},"schema":{"@context":"https:\/\/schema.org","@graph":[{"@type":"WebPage","@id":"https:\/\/www.castlevernie.nl\/product\/kico-label-wollen-matras-topper\/","url":"https:\/\/www.castlevernie.nl\/product\/kico-label-wollen-matras-topper\/","name":"Kico Label wollen matras topper voor baby\u2019s en kinderen | Castle Vernie Fashion Shop","isPartOf":{"@id":"https:\/\/www.castlevernie.nl\/#website"},"primaryImageOfPage":{"@id":"https:\/\/www.castlevernie.nl\/product\/kico-label-wollen-matras-topper\/#primaryimage"},"image":{"@id":"https:\/\/www.castlevernie.nl\/product\/kico-label-wollen-matras-topper\/#primaryimage"},"thumbnailUrl":"https:\/\/www.castlevernie.nl\/wordpress\/wp-content\/uploads\/2025\/10\/IMG_2548.jpeg","datePublished":"2025-10-25T09:21:24+00:00","dateModified":"2025-10-25T12:02:27+00:00","description":"Kico Label wollen matras topper voor baby\u2019s en kinderenDe Kico Label wollen matras topper is de perfecte toevoeging voor het bed van uw baby of kind","breadcrumb":{"@id":"https:\/\/www.castlevernie.nl\/product\/kico-label-wollen-matras-topper\/#breadcrumb"},"inLanguage":"de","potentialAction":[{"@type":"ReadAction","target":["https:\/\/www.castlevernie.nl\/product\/kico-label-wollen-matras-topper\/"]}]},{"@type":"ImageObject","inLanguage":"de","@id":"https:\/\/www.castlevernie.nl\/product\/kico-label-wollen-matras-topper\/#primaryimage","url":"https:\/\/www.castlevernie.nl\/wordpress\/wp-content\/uploads\/2025\/10\/IMG_2548.jpeg","contentUrl":"https:\/\/www.castlevernie.nl\/wordpress\/wp-content\/uploads\/2025\/10\/IMG_2548.jpeg","width":1170,"height":1140},{"@type":"BreadcrumbList","@id":"https:\/\/www.castlevernie.nl\/product\/kico-label-wollen-matras-topper\/#breadcrumb","itemListElement":[{"@type":"ListItem","position":1,"name":"Home","item":"https:\/\/www.castlevernie.nl\/"},{"@type":"ListItem","position":2,"name":"Winkel","item":"https:\/\/www.castlevernie.nl\/winkel\/"},{"@type":"ListItem","position":3,"name":"Kico Label- wollen matras topper"}]},{"@type":"WebSite","@id":"https:\/\/www.castlevernie.nl\/#website","url":"https:\/\/www.castlevernie.nl\/","name":"Schloss Vernie Modegesch\u00e4ft","description":"","publisher":{"@id":"https:\/\/www.castlevernie.nl\/#organization"},"potentialAction":[{"@type":"SearchAction","target":{"@type":"EntryPoint","urlTemplate":"https:\/\/www.castlevernie.nl\/?s={search_term_string}"},"query-input":{"@type":"PropertyValueSpecification","valueRequired":true,"valueName":"search_term_string"}}],"inLanguage":"de"},{"@type":"Organization","@id":"https:\/\/www.castlevernie.nl\/#organization","name":"Castle Vernie","url":"https:\/\/www.castlevernie.nl\/","logo":{"@type":"ImageObject","inLanguage":"de","@id":"https:\/\/www.castlevernie.nl\/#\/schema\/logo\/image\/","url":"https:\/\/www.castlevernie.nl\/wordpress\/wp-content\/uploads\/2025\/07\/header-logo-3.png","contentUrl":"https:\/\/www.castlevernie.nl\/wordpress\/wp-content\/uploads\/2025\/07\/header-logo-3.png","width":780,"height":260,"caption":"Castle Vernie"},"image":{"@id":"https:\/\/www.castlevernie.nl\/#\/schema\/logo\/image\/"},"sameAs":["https:\/\/m.facebook.com\/Castle-Vernie-Fashion-Shop-110667857399440"]}]}},"_links":{"self":[{"href":"https:\/\/www.castlevernie.nl\/de\/wp-json\/wp\/v2\/product\/12097","targetHints":{"allow":["GET"]}}],"collection":[{"href":"https:\/\/www.castlevernie.nl\/de\/wp-json\/wp\/v2\/product"}],"about":[{"href":"https:\/\/www.castlevernie.nl\/de\/wp-json\/wp\/v2\/types\/product"}],"replies":[{"embeddable":true,"href":"https:\/\/www.castlevernie.nl\/de\/wp-json\/wp\/v2\/comments?post=12097"}],"wp:featuredmedia":[{"embeddable":true,"href":"https:\/\/www.castlevernie.nl\/de\/wp-json\/wp\/v2\/media\/12098"}],"wp:attachment":[{"href":"https:\/\/www.castlevernie.nl\/de\/wp-json\/wp\/v2\/media?parent=12097"}],"wp:term":[{"taxonomy":"product_brand","embeddable":true,"href":"https:\/\/www.castlevernie.nl\/de\/wp-json\/wp\/v2\/product_brand?post=12097"},{"taxonomy":"product_cat","embeddable":true,"href":"https:\/\/www.castlevernie.nl\/de\/wp-json\/wp\/v2\/product_cat?post=12097"},{"taxonomy":"product_tag","embeddable":true,"href":"https:\/\/www.castlevernie.nl\/de\/wp-json\/wp\/v2\/product_tag?post=12097"}],"curies":[{"name":"wp","href":"https:\/\/api.w.org\/{rel}","templated":true}]}}