{"id":12089,"date":"2025-10-24T21:26:18","date_gmt":"2025-10-24T21:26:18","guid":{"rendered":"https:\/\/www.castlevernie.nl\/?post_type=product&#038;p=12089"},"modified":"2025-10-24T21:28:05","modified_gmt":"2025-10-24T21:28:05","slug":"kico-label-merinowollen-boxpakje","status":"publish","type":"product","link":"https:\/\/www.castlevernie.nl\/de\/produkt\/kico-label-merinowollen-boxpakje\/","title":{"rendered":"Kico Label \u2013 Merinowolle Boxpaket"},"content":{"rendered":"<h5>Kico Label Merinowoll-Boxpaket \u2013 Warm und Nat\u00fcrliches Wohlbefinden f\u00fcr Ihr Baby<\/h5>\n<p>Das Kico Label Strampelanzug aus Merinowolle ist die perfekte Wahl f\u00fcr Eltern, die ihrem Baby bequeme, sichere und nat\u00fcrliche Kleidung bieten m\u00f6chten. Hergestellt aus 100 % hochwertiger Merinowolle, bietet dieser Strampelanzug optimale W\u00e4rme und Atmungsaktivit\u00e4t, sodass sich Ihr Kind sowohl tags\u00fcber als auch nachts bequem und entspannt bewegen und schlafen kann.<\/p>\n<p>Merinowolle hat einzigartige Eigenschaften: Sie ist von Natur aus feuchtigkeitsregulierend und temperaturkontrollierend. Das bedeutet, dass \u00fcbersch\u00fcssiger Schwei\u00df effektiv abgeleitet wird und Ihr Baby eine konstante, angenehme K\u00f6rpertemperatur beh\u00e4lt. Au\u00dferdem ist Merinowolle weich, hypoallergen und hautfreundlich, was sie ideal f\u00fcr die empfindliche Haut von Neugeborenen und kleinen Babys macht.<\/p>\n<p>Das Kico Label Strampler-Set wurde mit praktischen Details entworfen, die den t\u00e4glichen Gebrauch erleichtern. Dank der langlebigen Verarbeitung beh\u00e4lt der Strampler auch nach mehreren Waschg\u00e4ngen seine Form und Weichheit. Praktische Druckkn\u00f6pfe oder Verschl\u00fcsse sorgen daf\u00fcr, dass das An- und Ausziehen deines Babys schnell und einfach verl\u00e4uft, ohne die weiche Wolle zu besch\u00e4digen.<\/p>\n<p>Sicherheit und Komfort stehen beim Kico Label Strampler an erster Stelle. Die nat\u00fcrlichen Materialien sind vollst\u00e4ndig frei von sch\u00e4dlichen Stoffen, sodass Ihr Kind sicher spielen und schlafen kann. Der Strampler ist ideal f\u00fcr den t\u00e4glichen Gebrauch, in der Spielbox, w\u00e4hrend eines Nickerchens oder als gem\u00fctliches Outfit f\u00fcr zu Hause.<\/p>\n<p>W\u00e4hlen Sie den Kico Label Merinowoll-Boxeranzug und schenken Sie Ihrem Baby ein weiches, warmes und atmungsaktives Erlebnis. Perfekt f\u00fcr Eltern, die sich f\u00fcr hochwertige nat\u00fcrliche Babybekleidung entscheiden. Bestellen Sie noch heute und erleben Sie den ultimativen Komfort und die nat\u00fcrliche W\u00e4rme von Merinowolle!<\/p>","protected":false},"excerpt":{"rendered":"<p>Kico Label Merinowollen Boxpakje \u2013 Warm en Natuurlijk Comfort voor je Baby Het Kico Label merinowollen boxpakje is d\u00e9 perfecte keuze voor ouders die hun baby willen voorzien van comfortabele, veilige en natuurlijke kleding. Gemaakt van 100% hoogwaardige merinowol, biedt dit boxpakje optimale warmte en ademend vermogen, waardoor je kindje zowel overdag als \u2019s nachts [&hellip;]<\/p>\n","protected":false},"featured_media":12095,"comment_status":"open","ping_status":"closed","template":"","meta":[],"product_brand":[596],"product_cat":[588,46,47,48,16,488],"product_tag":[729,762],"class_list":{"0":"post-12089","1":"product","2":"type-product","3":"status-publish","4":"has-post-thumbnail","6":"product_brand-kico-label","7":"product_cat-alles-van-wol-zijde","8":"product_cat-maat-62-68","9":"product_cat-maat-74-80","10":"product_cat-maat-86-82","11":"product_cat-newborn","12":"product_cat-prematuur","13":"product_tag-wollen-prematuur-baby-kleding","14":"product_tag-wollen-pyjama-voor-babys-en-kinderen","16":"first","17":"instock","18":"taxable","19":"shipping-taxable","20":"purchasable","21":"product-type-variable"},"yoast_head":"<!-- This site is optimized with the Yoast SEO plugin v27.4 - https:\/\/yoast.com\/product\/yoast-seo-wordpress\/ -->\n<title>Kico Label Merinowollen Boxpakje \u2013 Het beste voor je Baby | Castle Vernie Fashion Shop<\/title>\n<meta name=\"description\" content=\"Het Kico Label merinowollen boxpakje is d\u00e9 perfecte keuze voor ouders die hun baby willen voorzien van comfortabele, veilige en natuurlijke kleding.\" \/>\n<meta name=\"robots\" content=\"index, follow, max-snippet:-1, max-image-preview:large, max-video-preview:-1\" \/>\n<link rel=\"canonical\" href=\"https:\/\/www.castlevernie.nl\/de\/produkt\/kico-label-merinowollen-boxpakje\/\" \/>\n<meta property=\"og:locale\" content=\"de_DE\" \/>\n<meta property=\"og:type\" content=\"article\" \/>\n<meta property=\"og:title\" content=\"Kico Label Merinowollen Boxpakje \u2013 Het beste voor je Baby | Castle Vernie Fashion Shop\" \/>\n<meta property=\"og:description\" content=\"Het Kico Label merinowollen boxpakje is d\u00e9 perfecte keuze voor ouders die hun baby willen voorzien van comfortabele, veilige en natuurlijke kleding.\" \/>\n<meta property=\"og:url\" content=\"https:\/\/www.castlevernie.nl\/de\/produkt\/kico-label-merinowollen-boxpakje\/\" \/>\n<meta property=\"og:site_name\" content=\"Castle Vernie Fashion Shop\" \/>\n<meta property=\"article:publisher\" content=\"https:\/\/m.facebook.com\/Castle-Vernie-Fashion-Shop-110667857399440\" \/>\n<meta property=\"article:modified_time\" content=\"2025-10-24T21:28:05+00:00\" \/>\n<meta property=\"og:image\" content=\"https:\/\/www.castlevernie.nl\/wordpress\/wp-content\/uploads\/2025\/10\/WhatsApp-Image-2025-10-24-at-22.35.59-3.jpeg\" \/>\n\t<meta property=\"og:image:width\" content=\"1170\" \/>\n\t<meta property=\"og:image:height\" content=\"1857\" \/>\n\t<meta property=\"og:image:type\" content=\"image\/jpeg\" \/>\n<meta name=\"twitter:card\" content=\"summary_large_image\" \/>\n<meta name=\"twitter:label1\" content=\"Gesch\u00e4tzte Lesezeit\" \/>\n\t<meta name=\"twitter:data1\" content=\"2\u00a0Minuten\" \/>\n<script type=\"application\/ld+json\" class=\"yoast-schema-graph\">{\"@context\":\"https:\\\/\\\/schema.org\",\"@graph\":[{\"@type\":\"WebPage\",\"@id\":\"https:\\\/\\\/www.castlevernie.nl\\\/product\\\/kico-label-merinowollen-boxpakje\\\/\",\"url\":\"https:\\\/\\\/www.castlevernie.nl\\\/product\\\/kico-label-merinowollen-boxpakje\\\/\",\"name\":\"Kico Label Merinowollen Boxpakje \u2013 Het beste voor je Baby | Castle Vernie Fashion Shop\",\"isPartOf\":{\"@id\":\"https:\\\/\\\/www.castlevernie.nl\\\/#website\"},\"primaryImageOfPage\":{\"@id\":\"https:\\\/\\\/www.castlevernie.nl\\\/product\\\/kico-label-merinowollen-boxpakje\\\/#primaryimage\"},\"image\":{\"@id\":\"https:\\\/\\\/www.castlevernie.nl\\\/product\\\/kico-label-merinowollen-boxpakje\\\/#primaryimage\"},\"thumbnailUrl\":\"https:\\\/\\\/www.castlevernie.nl\\\/wordpress\\\/wp-content\\\/uploads\\\/2025\\\/10\\\/WhatsApp-Image-2025-10-24-at-22.35.59-3.jpeg\",\"datePublished\":\"2025-10-24T21:26:18+00:00\",\"dateModified\":\"2025-10-24T21:28:05+00:00\",\"description\":\"Het Kico Label merinowollen boxpakje is d\u00e9 perfecte keuze voor ouders die hun baby willen voorzien van comfortabele, veilige en natuurlijke kleding.\",\"breadcrumb\":{\"@id\":\"https:\\\/\\\/www.castlevernie.nl\\\/product\\\/kico-label-merinowollen-boxpakje\\\/#breadcrumb\"},\"inLanguage\":\"de\",\"potentialAction\":[{\"@type\":\"ReadAction\",\"target\":[\"https:\\\/\\\/www.castlevernie.nl\\\/product\\\/kico-label-merinowollen-boxpakje\\\/\"]}]},{\"@type\":\"ImageObject\",\"inLanguage\":\"de\",\"@id\":\"https:\\\/\\\/www.castlevernie.nl\\\/product\\\/kico-label-merinowollen-boxpakje\\\/#primaryimage\",\"url\":\"https:\\\/\\\/www.castlevernie.nl\\\/wordpress\\\/wp-content\\\/uploads\\\/2025\\\/10\\\/WhatsApp-Image-2025-10-24-at-22.35.59-3.jpeg\",\"contentUrl\":\"https:\\\/\\\/www.castlevernie.nl\\\/wordpress\\\/wp-content\\\/uploads\\\/2025\\\/10\\\/WhatsApp-Image-2025-10-24-at-22.35.59-3.jpeg\",\"width\":1170,\"height\":1857,\"caption\":\"Kico Label Boxpakje merinowol\"},{\"@type\":\"BreadcrumbList\",\"@id\":\"https:\\\/\\\/www.castlevernie.nl\\\/product\\\/kico-label-merinowollen-boxpakje\\\/#breadcrumb\",\"itemListElement\":[{\"@type\":\"ListItem\",\"position\":1,\"name\":\"Home\",\"item\":\"https:\\\/\\\/www.castlevernie.nl\\\/\"},{\"@type\":\"ListItem\",\"position\":2,\"name\":\"Winkel\",\"item\":\"https:\\\/\\\/www.castlevernie.nl\\\/winkel\\\/\"},{\"@type\":\"ListItem\",\"position\":3,\"name\":\"Kico Label &#8211; Merinowollen Boxpakje\"}]},{\"@type\":\"WebSite\",\"@id\":\"https:\\\/\\\/www.castlevernie.nl\\\/#website\",\"url\":\"https:\\\/\\\/www.castlevernie.nl\\\/\",\"name\":\"Castle Vernie Fashion Shop\",\"description\":\"\",\"publisher\":{\"@id\":\"https:\\\/\\\/www.castlevernie.nl\\\/#organization\"},\"potentialAction\":[{\"@type\":\"SearchAction\",\"target\":{\"@type\":\"EntryPoint\",\"urlTemplate\":\"https:\\\/\\\/www.castlevernie.nl\\\/?s={search_term_string}\"},\"query-input\":{\"@type\":\"PropertyValueSpecification\",\"valueRequired\":true,\"valueName\":\"search_term_string\"}}],\"inLanguage\":\"de\"},{\"@type\":\"Organization\",\"@id\":\"https:\\\/\\\/www.castlevernie.nl\\\/#organization\",\"name\":\"Castle Vernie\",\"url\":\"https:\\\/\\\/www.castlevernie.nl\\\/\",\"logo\":{\"@type\":\"ImageObject\",\"inLanguage\":\"de\",\"@id\":\"https:\\\/\\\/www.castlevernie.nl\\\/#\\\/schema\\\/logo\\\/image\\\/\",\"url\":\"https:\\\/\\\/www.castlevernie.nl\\\/wordpress\\\/wp-content\\\/uploads\\\/2025\\\/07\\\/header-logo-3.png\",\"contentUrl\":\"https:\\\/\\\/www.castlevernie.nl\\\/wordpress\\\/wp-content\\\/uploads\\\/2025\\\/07\\\/header-logo-3.png\",\"width\":780,\"height\":260,\"caption\":\"Castle Vernie\"},\"image\":{\"@id\":\"https:\\\/\\\/www.castlevernie.nl\\\/#\\\/schema\\\/logo\\\/image\\\/\"},\"sameAs\":[\"https:\\\/\\\/m.facebook.com\\\/Castle-Vernie-Fashion-Shop-110667857399440\"]}]}<\/script>\n<!-- \/ Yoast SEO plugin. -->","yoast_head_json":{"title":"Kico Label Merinowollen Boxpakje \u2013 Het beste voor je Baby | Castle Vernie Fashion Shop","description":"Het Kico Label merinowollen boxpakje is d\u00e9 perfecte keuze voor ouders die hun baby willen voorzien van comfortabele, veilige en natuurlijke kleding.","robots":{"index":"index","follow":"follow","max-snippet":"max-snippet:-1","max-image-preview":"max-image-preview:large","max-video-preview":"max-video-preview:-1"},"canonical":"https:\/\/www.castlevernie.nl\/de\/produkt\/kico-label-merinowollen-boxpakje\/","og_locale":"de_DE","og_type":"article","og_title":"Kico Label Merinowollen Boxpakje \u2013 Het beste voor je Baby | Castle Vernie Fashion Shop","og_description":"Het Kico Label merinowollen boxpakje is d\u00e9 perfecte keuze voor ouders die hun baby willen voorzien van comfortabele, veilige en natuurlijke kleding.","og_url":"https:\/\/www.castlevernie.nl\/de\/produkt\/kico-label-merinowollen-boxpakje\/","og_site_name":"Castle Vernie Fashion Shop","article_publisher":"https:\/\/m.facebook.com\/Castle-Vernie-Fashion-Shop-110667857399440","article_modified_time":"2025-10-24T21:28:05+00:00","og_image":[{"width":1170,"height":1857,"url":"https:\/\/www.castlevernie.nl\/wordpress\/wp-content\/uploads\/2025\/10\/WhatsApp-Image-2025-10-24-at-22.35.59-3.jpeg","type":"image\/jpeg"}],"twitter_card":"summary_large_image","twitter_misc":{"Gesch\u00e4tzte Lesezeit":"2\u00a0Minuten"},"schema":{"@context":"https:\/\/schema.org","@graph":[{"@type":"WebPage","@id":"https:\/\/www.castlevernie.nl\/product\/kico-label-merinowollen-boxpakje\/","url":"https:\/\/www.castlevernie.nl\/product\/kico-label-merinowollen-boxpakje\/","name":"Kico Label Merinowollen Boxpakje \u2013 Het beste voor je Baby | Castle Vernie Fashion Shop","isPartOf":{"@id":"https:\/\/www.castlevernie.nl\/#website"},"primaryImageOfPage":{"@id":"https:\/\/www.castlevernie.nl\/product\/kico-label-merinowollen-boxpakje\/#primaryimage"},"image":{"@id":"https:\/\/www.castlevernie.nl\/product\/kico-label-merinowollen-boxpakje\/#primaryimage"},"thumbnailUrl":"https:\/\/www.castlevernie.nl\/wordpress\/wp-content\/uploads\/2025\/10\/WhatsApp-Image-2025-10-24-at-22.35.59-3.jpeg","datePublished":"2025-10-24T21:26:18+00:00","dateModified":"2025-10-24T21:28:05+00:00","description":"Het Kico Label merinowollen boxpakje is d\u00e9 perfecte keuze voor ouders die hun baby willen voorzien van comfortabele, veilige en natuurlijke kleding.","breadcrumb":{"@id":"https:\/\/www.castlevernie.nl\/product\/kico-label-merinowollen-boxpakje\/#breadcrumb"},"inLanguage":"de","potentialAction":[{"@type":"ReadAction","target":["https:\/\/www.castlevernie.nl\/product\/kico-label-merinowollen-boxpakje\/"]}]},{"@type":"ImageObject","inLanguage":"de","@id":"https:\/\/www.castlevernie.nl\/product\/kico-label-merinowollen-boxpakje\/#primaryimage","url":"https:\/\/www.castlevernie.nl\/wordpress\/wp-content\/uploads\/2025\/10\/WhatsApp-Image-2025-10-24-at-22.35.59-3.jpeg","contentUrl":"https:\/\/www.castlevernie.nl\/wordpress\/wp-content\/uploads\/2025\/10\/WhatsApp-Image-2025-10-24-at-22.35.59-3.jpeg","width":1170,"height":1857,"caption":"Kico Label Boxpakje merinowol"},{"@type":"BreadcrumbList","@id":"https:\/\/www.castlevernie.nl\/product\/kico-label-merinowollen-boxpakje\/#breadcrumb","itemListElement":[{"@type":"ListItem","position":1,"name":"Home","item":"https:\/\/www.castlevernie.nl\/"},{"@type":"ListItem","position":2,"name":"Winkel","item":"https:\/\/www.castlevernie.nl\/winkel\/"},{"@type":"ListItem","position":3,"name":"Kico Label &#8211; Merinowollen Boxpakje"}]},{"@type":"WebSite","@id":"https:\/\/www.castlevernie.nl\/#website","url":"https:\/\/www.castlevernie.nl\/","name":"Schloss Vernie Modegesch\u00e4ft","description":"","publisher":{"@id":"https:\/\/www.castlevernie.nl\/#organization"},"potentialAction":[{"@type":"SearchAction","target":{"@type":"EntryPoint","urlTemplate":"https:\/\/www.castlevernie.nl\/?s={search_term_string}"},"query-input":{"@type":"PropertyValueSpecification","valueRequired":true,"valueName":"search_term_string"}}],"inLanguage":"de"},{"@type":"Organization","@id":"https:\/\/www.castlevernie.nl\/#organization","name":"Castle Vernie","url":"https:\/\/www.castlevernie.nl\/","logo":{"@type":"ImageObject","inLanguage":"de","@id":"https:\/\/www.castlevernie.nl\/#\/schema\/logo\/image\/","url":"https:\/\/www.castlevernie.nl\/wordpress\/wp-content\/uploads\/2025\/07\/header-logo-3.png","contentUrl":"https:\/\/www.castlevernie.nl\/wordpress\/wp-content\/uploads\/2025\/07\/header-logo-3.png","width":780,"height":260,"caption":"Castle Vernie"},"image":{"@id":"https:\/\/www.castlevernie.nl\/#\/schema\/logo\/image\/"},"sameAs":["https:\/\/m.facebook.com\/Castle-Vernie-Fashion-Shop-110667857399440"]}]}},"_links":{"self":[{"href":"https:\/\/www.castlevernie.nl\/de\/wp-json\/wp\/v2\/product\/12089","targetHints":{"allow":["GET"]}}],"collection":[{"href":"https:\/\/www.castlevernie.nl\/de\/wp-json\/wp\/v2\/product"}],"about":[{"href":"https:\/\/www.castlevernie.nl\/de\/wp-json\/wp\/v2\/types\/product"}],"replies":[{"embeddable":true,"href":"https:\/\/www.castlevernie.nl\/de\/wp-json\/wp\/v2\/comments?post=12089"}],"wp:featuredmedia":[{"embeddable":true,"href":"https:\/\/www.castlevernie.nl\/de\/wp-json\/wp\/v2\/media\/12095"}],"wp:attachment":[{"href":"https:\/\/www.castlevernie.nl\/de\/wp-json\/wp\/v2\/media?parent=12089"}],"wp:term":[{"taxonomy":"product_brand","embeddable":true,"href":"https:\/\/www.castlevernie.nl\/de\/wp-json\/wp\/v2\/product_brand?post=12089"},{"taxonomy":"product_cat","embeddable":true,"href":"https:\/\/www.castlevernie.nl\/de\/wp-json\/wp\/v2\/product_cat?post=12089"},{"taxonomy":"product_tag","embeddable":true,"href":"https:\/\/www.castlevernie.nl\/de\/wp-json\/wp\/v2\/product_tag?post=12089"}],"curies":[{"name":"wp","href":"https:\/\/api.w.org\/{rel}","templated":true}]}}