{"id":12066,"date":"2025-10-22T20:30:20","date_gmt":"2025-10-22T20:30:20","guid":{"rendered":"https:\/\/www.castlevernie.nl\/?post_type=product&#038;p=12066"},"modified":"2026-02-07T11:42:16","modified_gmt":"2026-02-07T11:42:16","slug":"lilano-wolzijde-ondershirt-blauw-gestreept","status":"publish","type":"product","link":"https:\/\/www.castlevernie.nl\/de\/produkt\/lilano-wolzijde-ondershirt-blauw-gestreept\/","title":{"rendered":"Lilano Seidenunterhemd Blau Gestreift"},"content":{"rendered":"<h5>Lilano Wolle-Seide Unterhemd - Lilano Wolle-Seide Langarmshirt<\/h5>\n<p>Das Lilano Woll-Seiden-Longsleeve (Unterhemd) ist ein unverzichtbares Basic f\u00fcr Kinder, die gerne weiche, atmungsaktive und nachhaltige Unterw\u00e4sche tragen. Dieses Shirt besteht aus einer luxuri\u00f6sen Mischung aus Bio-Wolle und Seide, wodurch es nicht nur sehr angenehm zu tragen ist, sondern auch als Basisschicht in jeder Jahreszeit perfekt geeignet ist. Die Kombination aus Wolle und Seide sorgt f\u00fcr einzigartigen Tragekomfort: warm im Winter, k\u00fchl im Sommer und immer sanft auf der Haut.<\/p>\n<p>F\u00fcr Kinder, die empfindlich auf synthetische Stoffe reagieren oder schnell unter Reizungen leiden, ist das Wolle-Seide-Unterhemd von Lilano eine L\u00f6sung. Wolle reguliert die Temperatur und leitet Feuchtigkeit auf nat\u00fcrliche Weise ab, w\u00e4hrend Seide den Stoff geschmeidig und weich macht. Dadurch ist dieses Unterhemd ideal, direkt auf der Haut getragen zu werden, sowohl als Pyjama-Oberteil, Unterw\u00e4sche oder als leichter Pullover tags\u00fcber.<\/p>\n<p>Das Lilano Wollseiden-Unterhemd ist eine wirklich nachhaltige Wahl. Lilano ist bekannt f\u00fcr die Verwendung hochwertiger Bio-Materialien und umweltfreundlicher Produktionsmethoden. Damit investieren Sie nicht nur in Kleidung, die lange h\u00e4lt, sondern auch in eine bewusste Garderobe. Diese Unterw\u00e4sche ist im Wollprogramm maschinenwaschbar, sodass die Pflege einfach bleibt.<\/p>\n<p>Dank der perfekten Passform sitzt der Pullover sch\u00f6n an, ohne einzuengen. Der geschmeidige Wollseidenstoff passt sich der Bewegung des K\u00f6rpers an und gibt Kindern v\u00f6llige Freiheit zum Spielen und Bewegen. Auch f\u00fcr Erwachsene bietet diese Basisschicht ultimativen Komfort bei Arbeit, Sport oder Entspannung.<\/p>\n<p>Hergestellt aus 30 % Wolle und 70 % Seide. Ein wundervoll weiches Shirt f\u00fcr unter Ihrer Kleidung im Winter oder als luftiges Shirt im Sommer.<\/p>","protected":false},"excerpt":{"rendered":"<p>Lilano wolzijde ondershirt -Lilano wolzijde Longsleeve De Lilano wolzijde longsleeve (ondertrui) s een onmisbare basic voor kinderen die graagzachte, ademende en duurzame onderkleding dragen. Deze trui is gemaakt van een luxe mix van biologische wol en zijde, waardoor hij niet alleen heerlijk comfortabel draagt, maar ook perfect is als basislaag in elk seizoen. De combinatie [&hellip;]<\/p>\n","protected":false},"featured_media":12074,"comment_status":"open","ping_status":"closed","template":"","meta":[],"product_brand":[519],"product_cat":[588,51,52,53],"product_tag":[336,334,335],"class_list":{"0":"post-12066","1":"product","2":"type-product","3":"status-publish","4":"has-post-thumbnail","6":"product_brand-lilano","7":"product_cat-alles-van-wol-zijde","8":"product_cat-maat-122-128","9":"product_cat-maat-134-140","10":"product_cat-maat-140-146","11":"product_tag-lilano-longsleeve","12":"product_tag-lilano-ondershirt","13":"product_tag-wolzijde-longsleeve","15":"first","16":"instock","17":"taxable","18":"shipping-taxable","19":"purchasable","20":"product-type-variable"},"yoast_head":"<!-- This site is optimized with the Yoast SEO plugin v27.4 - https:\/\/yoast.com\/product\/yoast-seo-wordpress\/ -->\n<title>Lilano wolzijde ondershirt -Lilano wolzijde Longsleeve | Castle Vernie Fashion Shop<\/title>\n<meta name=\"description\" content=\"Lilano wolzijde ondershirtgemaakt van 30% wol en 70% zijde. Een heerlijk zacht shirtje voor onder je kleding in de winter of om te dragen in de zomer.\" \/>\n<meta name=\"robots\" content=\"index, follow, max-snippet:-1, max-image-preview:large, max-video-preview:-1\" \/>\n<link rel=\"canonical\" href=\"https:\/\/www.castlevernie.nl\/de\/produkt\/lilano-wolzijde-ondershirt-blauw-gestreept\/\" \/>\n<meta property=\"og:locale\" content=\"de_DE\" \/>\n<meta property=\"og:type\" content=\"article\" \/>\n<meta property=\"og:title\" content=\"Lilano wolzijde ondershirt -Lilano wolzijde Longsleeve | Castle Vernie Fashion Shop\" \/>\n<meta property=\"og:description\" content=\"Lilano wolzijde ondershirtgemaakt van 30% wol en 70% zijde. Een heerlijk zacht shirtje voor onder je kleding in de winter of om te dragen in de zomer.\" \/>\n<meta property=\"og:url\" content=\"https:\/\/www.castlevernie.nl\/de\/produkt\/lilano-wolzijde-ondershirt-blauw-gestreept\/\" \/>\n<meta property=\"og:site_name\" content=\"Castle Vernie Fashion Shop\" \/>\n<meta property=\"article:publisher\" content=\"https:\/\/m.facebook.com\/Castle-Vernie-Fashion-Shop-110667857399440\" \/>\n<meta property=\"article:modified_time\" content=\"2026-02-07T11:42:16+00:00\" \/>\n<meta property=\"og:image\" content=\"https:\/\/www.castlevernie.nl\/wordpress\/wp-content\/uploads\/2025\/10\/Schermafbeelding-2025-10-22-224859.jpg\" \/>\n\t<meta property=\"og:image:width\" content=\"615\" \/>\n\t<meta property=\"og:image:height\" content=\"410\" \/>\n\t<meta property=\"og:image:type\" content=\"image\/jpeg\" \/>\n<meta name=\"twitter:card\" content=\"summary_large_image\" \/>\n<meta name=\"twitter:label1\" content=\"Gesch\u00e4tzte Lesezeit\" \/>\n\t<meta name=\"twitter:data1\" content=\"2\u00a0Minuten\" \/>\n<script type=\"application\/ld+json\" class=\"yoast-schema-graph\">{\"@context\":\"https:\\\/\\\/schema.org\",\"@graph\":[{\"@type\":\"WebPage\",\"@id\":\"https:\\\/\\\/www.castlevernie.nl\\\/product\\\/lilano-wolzijde-ondershirt-blauw-gestreept\\\/\",\"url\":\"https:\\\/\\\/www.castlevernie.nl\\\/product\\\/lilano-wolzijde-ondershirt-blauw-gestreept\\\/\",\"name\":\"Lilano wolzijde ondershirt -Lilano wolzijde Longsleeve | Castle Vernie Fashion Shop\",\"isPartOf\":{\"@id\":\"https:\\\/\\\/www.castlevernie.nl\\\/#website\"},\"primaryImageOfPage\":{\"@id\":\"https:\\\/\\\/www.castlevernie.nl\\\/product\\\/lilano-wolzijde-ondershirt-blauw-gestreept\\\/#primaryimage\"},\"image\":{\"@id\":\"https:\\\/\\\/www.castlevernie.nl\\\/product\\\/lilano-wolzijde-ondershirt-blauw-gestreept\\\/#primaryimage\"},\"thumbnailUrl\":\"https:\\\/\\\/www.castlevernie.nl\\\/wordpress\\\/wp-content\\\/uploads\\\/2025\\\/10\\\/Schermafbeelding-2025-10-22-224859.jpg\",\"datePublished\":\"2025-10-22T20:30:20+00:00\",\"dateModified\":\"2026-02-07T11:42:16+00:00\",\"description\":\"Lilano wolzijde ondershirtgemaakt van 30% wol en 70% zijde. Een heerlijk zacht shirtje voor onder je kleding in de winter of om te dragen in de zomer.\",\"breadcrumb\":{\"@id\":\"https:\\\/\\\/www.castlevernie.nl\\\/product\\\/lilano-wolzijde-ondershirt-blauw-gestreept\\\/#breadcrumb\"},\"inLanguage\":\"de\",\"potentialAction\":[{\"@type\":\"ReadAction\",\"target\":[\"https:\\\/\\\/www.castlevernie.nl\\\/product\\\/lilano-wolzijde-ondershirt-blauw-gestreept\\\/\"]}]},{\"@type\":\"ImageObject\",\"inLanguage\":\"de\",\"@id\":\"https:\\\/\\\/www.castlevernie.nl\\\/product\\\/lilano-wolzijde-ondershirt-blauw-gestreept\\\/#primaryimage\",\"url\":\"https:\\\/\\\/www.castlevernie.nl\\\/wordpress\\\/wp-content\\\/uploads\\\/2025\\\/10\\\/Schermafbeelding-2025-10-22-224859.jpg\",\"contentUrl\":\"https:\\\/\\\/www.castlevernie.nl\\\/wordpress\\\/wp-content\\\/uploads\\\/2025\\\/10\\\/Schermafbeelding-2025-10-22-224859.jpg\",\"width\":615,\"height\":410,\"caption\":\"Lilano longsleeve ondershirt blauw gestreept\"},{\"@type\":\"BreadcrumbList\",\"@id\":\"https:\\\/\\\/www.castlevernie.nl\\\/product\\\/lilano-wolzijde-ondershirt-blauw-gestreept\\\/#breadcrumb\",\"itemListElement\":[{\"@type\":\"ListItem\",\"position\":1,\"name\":\"Home\",\"item\":\"https:\\\/\\\/www.castlevernie.nl\\\/\"},{\"@type\":\"ListItem\",\"position\":2,\"name\":\"Winkel\",\"item\":\"https:\\\/\\\/www.castlevernie.nl\\\/winkel\\\/\"},{\"@type\":\"ListItem\",\"position\":3,\"name\":\"Lilano wolzijde ondershirt Blauw Gestreept\"}]},{\"@type\":\"WebSite\",\"@id\":\"https:\\\/\\\/www.castlevernie.nl\\\/#website\",\"url\":\"https:\\\/\\\/www.castlevernie.nl\\\/\",\"name\":\"Castle Vernie Fashion Shop\",\"description\":\"\",\"publisher\":{\"@id\":\"https:\\\/\\\/www.castlevernie.nl\\\/#organization\"},\"potentialAction\":[{\"@type\":\"SearchAction\",\"target\":{\"@type\":\"EntryPoint\",\"urlTemplate\":\"https:\\\/\\\/www.castlevernie.nl\\\/?s={search_term_string}\"},\"query-input\":{\"@type\":\"PropertyValueSpecification\",\"valueRequired\":true,\"valueName\":\"search_term_string\"}}],\"inLanguage\":\"de\"},{\"@type\":\"Organization\",\"@id\":\"https:\\\/\\\/www.castlevernie.nl\\\/#organization\",\"name\":\"Castle Vernie\",\"url\":\"https:\\\/\\\/www.castlevernie.nl\\\/\",\"logo\":{\"@type\":\"ImageObject\",\"inLanguage\":\"de\",\"@id\":\"https:\\\/\\\/www.castlevernie.nl\\\/#\\\/schema\\\/logo\\\/image\\\/\",\"url\":\"https:\\\/\\\/www.castlevernie.nl\\\/wordpress\\\/wp-content\\\/uploads\\\/2025\\\/07\\\/header-logo-3.png\",\"contentUrl\":\"https:\\\/\\\/www.castlevernie.nl\\\/wordpress\\\/wp-content\\\/uploads\\\/2025\\\/07\\\/header-logo-3.png\",\"width\":780,\"height\":260,\"caption\":\"Castle Vernie\"},\"image\":{\"@id\":\"https:\\\/\\\/www.castlevernie.nl\\\/#\\\/schema\\\/logo\\\/image\\\/\"},\"sameAs\":[\"https:\\\/\\\/m.facebook.com\\\/Castle-Vernie-Fashion-Shop-110667857399440\"]}]}<\/script>\n<!-- \/ Yoast SEO plugin. -->","yoast_head_json":{"title":"Lilano wolzijde ondershirt -Lilano wolzijde Longsleeve | Castle Vernie Fashion Shop","description":"Lilano wolzijde ondershirtgemaakt van 30% wol en 70% zijde. Een heerlijk zacht shirtje voor onder je kleding in de winter of om te dragen in de zomer.","robots":{"index":"index","follow":"follow","max-snippet":"max-snippet:-1","max-image-preview":"max-image-preview:large","max-video-preview":"max-video-preview:-1"},"canonical":"https:\/\/www.castlevernie.nl\/de\/produkt\/lilano-wolzijde-ondershirt-blauw-gestreept\/","og_locale":"de_DE","og_type":"article","og_title":"Lilano wolzijde ondershirt -Lilano wolzijde Longsleeve | Castle Vernie Fashion Shop","og_description":"Lilano wolzijde ondershirtgemaakt van 30% wol en 70% zijde. Een heerlijk zacht shirtje voor onder je kleding in de winter of om te dragen in de zomer.","og_url":"https:\/\/www.castlevernie.nl\/de\/produkt\/lilano-wolzijde-ondershirt-blauw-gestreept\/","og_site_name":"Castle Vernie Fashion Shop","article_publisher":"https:\/\/m.facebook.com\/Castle-Vernie-Fashion-Shop-110667857399440","article_modified_time":"2026-02-07T11:42:16+00:00","og_image":[{"width":615,"height":410,"url":"https:\/\/www.castlevernie.nl\/wordpress\/wp-content\/uploads\/2025\/10\/Schermafbeelding-2025-10-22-224859.jpg","type":"image\/jpeg"}],"twitter_card":"summary_large_image","twitter_misc":{"Gesch\u00e4tzte Lesezeit":"2\u00a0Minuten"},"schema":{"@context":"https:\/\/schema.org","@graph":[{"@type":"WebPage","@id":"https:\/\/www.castlevernie.nl\/product\/lilano-wolzijde-ondershirt-blauw-gestreept\/","url":"https:\/\/www.castlevernie.nl\/product\/lilano-wolzijde-ondershirt-blauw-gestreept\/","name":"Lilano wolzijde ondershirt -Lilano wolzijde Longsleeve | Castle Vernie Fashion Shop","isPartOf":{"@id":"https:\/\/www.castlevernie.nl\/#website"},"primaryImageOfPage":{"@id":"https:\/\/www.castlevernie.nl\/product\/lilano-wolzijde-ondershirt-blauw-gestreept\/#primaryimage"},"image":{"@id":"https:\/\/www.castlevernie.nl\/product\/lilano-wolzijde-ondershirt-blauw-gestreept\/#primaryimage"},"thumbnailUrl":"https:\/\/www.castlevernie.nl\/wordpress\/wp-content\/uploads\/2025\/10\/Schermafbeelding-2025-10-22-224859.jpg","datePublished":"2025-10-22T20:30:20+00:00","dateModified":"2026-02-07T11:42:16+00:00","description":"Lilano wolzijde ondershirtgemaakt van 30% wol en 70% zijde. Een heerlijk zacht shirtje voor onder je kleding in de winter of om te dragen in de zomer.","breadcrumb":{"@id":"https:\/\/www.castlevernie.nl\/product\/lilano-wolzijde-ondershirt-blauw-gestreept\/#breadcrumb"},"inLanguage":"de","potentialAction":[{"@type":"ReadAction","target":["https:\/\/www.castlevernie.nl\/product\/lilano-wolzijde-ondershirt-blauw-gestreept\/"]}]},{"@type":"ImageObject","inLanguage":"de","@id":"https:\/\/www.castlevernie.nl\/product\/lilano-wolzijde-ondershirt-blauw-gestreept\/#primaryimage","url":"https:\/\/www.castlevernie.nl\/wordpress\/wp-content\/uploads\/2025\/10\/Schermafbeelding-2025-10-22-224859.jpg","contentUrl":"https:\/\/www.castlevernie.nl\/wordpress\/wp-content\/uploads\/2025\/10\/Schermafbeelding-2025-10-22-224859.jpg","width":615,"height":410,"caption":"Lilano longsleeve ondershirt blauw gestreept"},{"@type":"BreadcrumbList","@id":"https:\/\/www.castlevernie.nl\/product\/lilano-wolzijde-ondershirt-blauw-gestreept\/#breadcrumb","itemListElement":[{"@type":"ListItem","position":1,"name":"Home","item":"https:\/\/www.castlevernie.nl\/"},{"@type":"ListItem","position":2,"name":"Winkel","item":"https:\/\/www.castlevernie.nl\/winkel\/"},{"@type":"ListItem","position":3,"name":"Lilano wolzijde ondershirt Blauw Gestreept"}]},{"@type":"WebSite","@id":"https:\/\/www.castlevernie.nl\/#website","url":"https:\/\/www.castlevernie.nl\/","name":"Schloss Vernie Modegesch\u00e4ft","description":"","publisher":{"@id":"https:\/\/www.castlevernie.nl\/#organization"},"potentialAction":[{"@type":"SearchAction","target":{"@type":"EntryPoint","urlTemplate":"https:\/\/www.castlevernie.nl\/?s={search_term_string}"},"query-input":{"@type":"PropertyValueSpecification","valueRequired":true,"valueName":"search_term_string"}}],"inLanguage":"de"},{"@type":"Organization","@id":"https:\/\/www.castlevernie.nl\/#organization","name":"Castle Vernie","url":"https:\/\/www.castlevernie.nl\/","logo":{"@type":"ImageObject","inLanguage":"de","@id":"https:\/\/www.castlevernie.nl\/#\/schema\/logo\/image\/","url":"https:\/\/www.castlevernie.nl\/wordpress\/wp-content\/uploads\/2025\/07\/header-logo-3.png","contentUrl":"https:\/\/www.castlevernie.nl\/wordpress\/wp-content\/uploads\/2025\/07\/header-logo-3.png","width":780,"height":260,"caption":"Castle Vernie"},"image":{"@id":"https:\/\/www.castlevernie.nl\/#\/schema\/logo\/image\/"},"sameAs":["https:\/\/m.facebook.com\/Castle-Vernie-Fashion-Shop-110667857399440"]}]}},"_links":{"self":[{"href":"https:\/\/www.castlevernie.nl\/de\/wp-json\/wp\/v2\/product\/12066","targetHints":{"allow":["GET"]}}],"collection":[{"href":"https:\/\/www.castlevernie.nl\/de\/wp-json\/wp\/v2\/product"}],"about":[{"href":"https:\/\/www.castlevernie.nl\/de\/wp-json\/wp\/v2\/types\/product"}],"replies":[{"embeddable":true,"href":"https:\/\/www.castlevernie.nl\/de\/wp-json\/wp\/v2\/comments?post=12066"}],"wp:featuredmedia":[{"embeddable":true,"href":"https:\/\/www.castlevernie.nl\/de\/wp-json\/wp\/v2\/media\/12074"}],"wp:attachment":[{"href":"https:\/\/www.castlevernie.nl\/de\/wp-json\/wp\/v2\/media?parent=12066"}],"wp:term":[{"taxonomy":"product_brand","embeddable":true,"href":"https:\/\/www.castlevernie.nl\/de\/wp-json\/wp\/v2\/product_brand?post=12066"},{"taxonomy":"product_cat","embeddable":true,"href":"https:\/\/www.castlevernie.nl\/de\/wp-json\/wp\/v2\/product_cat?post=12066"},{"taxonomy":"product_tag","embeddable":true,"href":"https:\/\/www.castlevernie.nl\/de\/wp-json\/wp\/v2\/product_tag?post=12066"}],"curies":[{"name":"wp","href":"https:\/\/api.w.org\/{rel}","templated":true}]}}