{"id":11991,"date":"2025-10-10T20:44:49","date_gmt":"2025-10-10T20:44:49","guid":{"rendered":"https:\/\/www.castlevernie.nl\/?post_type=product&#038;p=11991"},"modified":"2025-10-10T20:46:20","modified_gmt":"2025-10-10T20:46:20","slug":"reiff-wollen-slofjes-grijs","status":"publish","type":"product","link":"https:\/\/www.castlevernie.nl\/de\/produkt\/reiff-wollen-slofjes-grijs\/","title":{"rendered":"Reiff \u2013 wollen Hausschuhe Grau"},"content":{"rendered":"<h5>\ud83e\uddf6 Reiff wollen Hausschuhe \u2013 nat\u00fcrliche W\u00e4rme f\u00fcr kleine F\u00fc\u00dfe<\/h5>\n<p>De Reiff m\u00f6chte Hausschuhe sein, herrlich weiche Hausschuhe aus 100 % biologischer Merinowolle. Sie halten die F\u00fc\u00dfe von Babys und Kindern warm, ohne dass sie schwitzen. Merinowolle ist ein besonders nat\u00fcrliches Material, das atmungsaktiv ist und die Temperatur reguliert. Das bedeutet, dass die Hausschuhe im Winter W\u00e4rme gut speichern, aber im Fr\u00fchling oder Herbst luftig bleiben. So bleiben die F\u00fc\u00dfe immer auf der richtigen Temperatur.<\/p>\n<p>Die Wollhausschuhe von Reiff Strickwaren werden mit Liebe und handwerklichem K\u00f6nnen in Deutschland hergestellt. Die verwendete Wolle ist mulesingfrei und ungef\u00e4rbt, sodass die Hausschuhe vollst\u00e4ndig hautfreundlich und nachhaltig sind. Auch f\u00fcr empfindliche Babyhaut sind sie somit sicher zu verwenden.<\/p>\n<p><strong>Drie maten \u2013 altijd een goede pasvorm<\/strong><\/p>\n<p>Die De Reiff-Schuhe sind in drei Gr\u00f6\u00dfen erh\u00e4ltlich: 0, 1 und 2 (3 und 4).<br \/>\n\u2022 Gr\u00f6\u00dfe 0: Geeignet f\u00fcr Babys von 0 bis 3 Monaten<br \/>\n\u2022 Gr\u00f6\u00dfe 1: Geeignet f\u00fcr Babys von 3 bis 6 Monaten<br \/>\n\u2022 Gr\u00f6\u00dfe 2: Geeignet f\u00fcr Babys von 6 bis 12 Monaten<br \/>\n\u2022 Gr\u00f6\u00dfe 3: Geeignet f\u00fcr Kleinkinder von 1 bis 2 Jahren<br \/>\n\u2022 Gr\u00f6\u00dfe 4: Geeignet f\u00fcr Kleinkinder von 2 bis 3 Jahren<\/p>\n<p>Dank des elastischen B\u00fcndchens passen die Babyschuhe gut um den Kn\u00f6chel, ohne zu dr\u00fccken. Sie sitzen fest, auch bei beweglichen F\u00fc\u00dfchen.<\/p>\n<p><strong>Nachhaltig und zeitlos<\/strong><\/p>\n<p>Reiff ist bekannt f\u00fcr seine nachhaltige Produktion und die Verwendung nat\u00fcrlicher Materialien. Die Wollhausschuhe halten lange und k\u00f6nnen oft an ein Geschwisterkind oder einen Freund weitergegeben werden. Kombinieren Sie sie mit einem Reiff-Wollanzug oder einem Woll-Body f\u00fcr ein warmes, nat\u00fcrliches Outfit.<\/p>\n<p>De Reiff m\u00f6chte bewusst die Wahl f\u00fcr Eltern sein, die Wert auf Qualit\u00e4t, Komfort und Nachhaltigkeit legen \u2013 genau das, was kleine F\u00fc\u00dfe verdienen.<\/p>","protected":false},"excerpt":{"rendered":"<p>\ud83e\uddf6 Reiff wollen sloffen \u2013 natuurlijke warmte voor kleine voetjes De Reiff wollen sloffen zijn heerlijk zachte slofjes van 100% biologische merinowol. Ze houden de voetjes van baby\u2019s en kinderen warm zonder te zweten. Merinowol is een bijzonder natuurlijk materiaal dat ademend en temperatuurregulerend werkt. Dat betekent dat de sloffen warmte goed vasthouden in de [&hellip;]<\/p>\n","protected":false},"featured_media":11996,"comment_status":"open","ping_status":"closed","template":"","meta":[],"product_brand":[517],"product_cat":[588,46,47,16],"product_tag":[753],"class_list":{"0":"post-11991","1":"product","2":"type-product","3":"status-publish","4":"has-post-thumbnail","6":"product_brand-reiff","7":"product_cat-alles-van-wol-zijde","8":"product_cat-maat-62-68","9":"product_cat-maat-74-80","10":"product_cat-newborn","11":"product_tag-wollen-baby-slofjes","13":"first","14":"instock","15":"taxable","16":"shipping-taxable","17":"purchasable","18":"product-type-variable"},"yoast_head":"<!-- This site is optimized with the Yoast SEO plugin v27.4 - https:\/\/yoast.com\/product\/yoast-seo-wordpress\/ -->\n<title>Reiff wollen sloffen \u2013 warme en ademende slofjes van wol | Castle Vernie Fashion Shop<\/title>\n<meta name=\"description\" content=\"Ontdek de zachte Reiff wollen sloffen van biologische merinowol. Warm, ademend en comfortabel voor baby\u2019s en kinderen. Verkrijgbaar in maat 0, 1, 3 en 4\" \/>\n<meta name=\"robots\" content=\"index, follow, max-snippet:-1, max-image-preview:large, max-video-preview:-1\" \/>\n<link rel=\"canonical\" href=\"https:\/\/www.castlevernie.nl\/de\/produkt\/reiff-wollen-slofjes-grijs\/\" \/>\n<meta property=\"og:locale\" content=\"de_DE\" \/>\n<meta property=\"og:type\" content=\"article\" \/>\n<meta property=\"og:title\" content=\"Reiff wollen sloffen \u2013 warme en ademende slofjes van wol | Castle Vernie Fashion Shop\" \/>\n<meta property=\"og:description\" content=\"Ontdek de zachte Reiff wollen sloffen van biologische merinowol. Warm, ademend en comfortabel voor baby\u2019s en kinderen. Verkrijgbaar in maat 0, 1, 3 en 4\" \/>\n<meta property=\"og:url\" content=\"https:\/\/www.castlevernie.nl\/de\/produkt\/reiff-wollen-slofjes-grijs\/\" \/>\n<meta property=\"og:site_name\" content=\"Castle Vernie Fashion Shop\" \/>\n<meta property=\"article:publisher\" content=\"https:\/\/m.facebook.com\/Castle-Vernie-Fashion-Shop-110667857399440\" \/>\n<meta property=\"article:modified_time\" content=\"2025-10-10T20:46:20+00:00\" \/>\n<meta property=\"og:image\" content=\"https:\/\/www.castlevernie.nl\/wordpress\/wp-content\/uploads\/2025\/10\/reiff-wollen-sloffen-grijs.jpg\" \/>\n\t<meta property=\"og:image:width\" content=\"600\" \/>\n\t<meta property=\"og:image:height\" content=\"600\" \/>\n\t<meta property=\"og:image:type\" content=\"image\/jpeg\" \/>\n<meta name=\"twitter:card\" content=\"summary_large_image\" \/>\n<meta name=\"twitter:label1\" content=\"Gesch\u00e4tzte Lesezeit\" \/>\n\t<meta name=\"twitter:data1\" content=\"2\u00a0Minuten\" \/>\n<script type=\"application\/ld+json\" class=\"yoast-schema-graph\">{\"@context\":\"https:\\\/\\\/schema.org\",\"@graph\":[{\"@type\":\"WebPage\",\"@id\":\"https:\\\/\\\/www.castlevernie.nl\\\/product\\\/reiff-wollen-slofjes-grijs\\\/\",\"url\":\"https:\\\/\\\/www.castlevernie.nl\\\/product\\\/reiff-wollen-slofjes-grijs\\\/\",\"name\":\"Reiff wollen sloffen \u2013 warme en ademende slofjes van wol | Castle Vernie Fashion Shop\",\"isPartOf\":{\"@id\":\"https:\\\/\\\/www.castlevernie.nl\\\/#website\"},\"primaryImageOfPage\":{\"@id\":\"https:\\\/\\\/www.castlevernie.nl\\\/product\\\/reiff-wollen-slofjes-grijs\\\/#primaryimage\"},\"image\":{\"@id\":\"https:\\\/\\\/www.castlevernie.nl\\\/product\\\/reiff-wollen-slofjes-grijs\\\/#primaryimage\"},\"thumbnailUrl\":\"https:\\\/\\\/www.castlevernie.nl\\\/wordpress\\\/wp-content\\\/uploads\\\/2025\\\/10\\\/reiff-wollen-sloffen-grijs.jpg\",\"datePublished\":\"2025-10-10T20:44:49+00:00\",\"dateModified\":\"2025-10-10T20:46:20+00:00\",\"description\":\"Ontdek de zachte Reiff wollen sloffen van biologische merinowol. Warm, ademend en comfortabel voor baby\u2019s en kinderen. Verkrijgbaar in maat 0, 1, 3 en 4\",\"breadcrumb\":{\"@id\":\"https:\\\/\\\/www.castlevernie.nl\\\/product\\\/reiff-wollen-slofjes-grijs\\\/#breadcrumb\"},\"inLanguage\":\"de\",\"potentialAction\":[{\"@type\":\"ReadAction\",\"target\":[\"https:\\\/\\\/www.castlevernie.nl\\\/product\\\/reiff-wollen-slofjes-grijs\\\/\"]}]},{\"@type\":\"ImageObject\",\"inLanguage\":\"de\",\"@id\":\"https:\\\/\\\/www.castlevernie.nl\\\/product\\\/reiff-wollen-slofjes-grijs\\\/#primaryimage\",\"url\":\"https:\\\/\\\/www.castlevernie.nl\\\/wordpress\\\/wp-content\\\/uploads\\\/2025\\\/10\\\/reiff-wollen-sloffen-grijs.jpg\",\"contentUrl\":\"https:\\\/\\\/www.castlevernie.nl\\\/wordpress\\\/wp-content\\\/uploads\\\/2025\\\/10\\\/reiff-wollen-sloffen-grijs.jpg\",\"width\":600,\"height\":600,\"caption\":\"Reiff wollen slofjes grijs\"},{\"@type\":\"BreadcrumbList\",\"@id\":\"https:\\\/\\\/www.castlevernie.nl\\\/product\\\/reiff-wollen-slofjes-grijs\\\/#breadcrumb\",\"itemListElement\":[{\"@type\":\"ListItem\",\"position\":1,\"name\":\"Home\",\"item\":\"https:\\\/\\\/www.castlevernie.nl\\\/\"},{\"@type\":\"ListItem\",\"position\":2,\"name\":\"Winkel\",\"item\":\"https:\\\/\\\/www.castlevernie.nl\\\/winkel\\\/\"},{\"@type\":\"ListItem\",\"position\":3,\"name\":\"Reiff &#8211; wollen slofjes Grijs\"}]},{\"@type\":\"WebSite\",\"@id\":\"https:\\\/\\\/www.castlevernie.nl\\\/#website\",\"url\":\"https:\\\/\\\/www.castlevernie.nl\\\/\",\"name\":\"Castle Vernie Fashion Shop\",\"description\":\"\",\"publisher\":{\"@id\":\"https:\\\/\\\/www.castlevernie.nl\\\/#organization\"},\"potentialAction\":[{\"@type\":\"SearchAction\",\"target\":{\"@type\":\"EntryPoint\",\"urlTemplate\":\"https:\\\/\\\/www.castlevernie.nl\\\/?s={search_term_string}\"},\"query-input\":{\"@type\":\"PropertyValueSpecification\",\"valueRequired\":true,\"valueName\":\"search_term_string\"}}],\"inLanguage\":\"de\"},{\"@type\":\"Organization\",\"@id\":\"https:\\\/\\\/www.castlevernie.nl\\\/#organization\",\"name\":\"Castle Vernie\",\"url\":\"https:\\\/\\\/www.castlevernie.nl\\\/\",\"logo\":{\"@type\":\"ImageObject\",\"inLanguage\":\"de\",\"@id\":\"https:\\\/\\\/www.castlevernie.nl\\\/#\\\/schema\\\/logo\\\/image\\\/\",\"url\":\"https:\\\/\\\/www.castlevernie.nl\\\/wordpress\\\/wp-content\\\/uploads\\\/2025\\\/07\\\/header-logo-3.png\",\"contentUrl\":\"https:\\\/\\\/www.castlevernie.nl\\\/wordpress\\\/wp-content\\\/uploads\\\/2025\\\/07\\\/header-logo-3.png\",\"width\":780,\"height\":260,\"caption\":\"Castle Vernie\"},\"image\":{\"@id\":\"https:\\\/\\\/www.castlevernie.nl\\\/#\\\/schema\\\/logo\\\/image\\\/\"},\"sameAs\":[\"https:\\\/\\\/m.facebook.com\\\/Castle-Vernie-Fashion-Shop-110667857399440\"]}]}<\/script>\n<!-- \/ Yoast SEO plugin. -->","yoast_head_json":{"title":"Reiff wollen sloffen \u2013 warme en ademende slofjes van wol | Castle Vernie Fashion Shop","description":"Ontdek de zachte Reiff wollen sloffen van biologische merinowol. Warm, ademend en comfortabel voor baby\u2019s en kinderen. Verkrijgbaar in maat 0, 1, 3 en 4","robots":{"index":"index","follow":"follow","max-snippet":"max-snippet:-1","max-image-preview":"max-image-preview:large","max-video-preview":"max-video-preview:-1"},"canonical":"https:\/\/www.castlevernie.nl\/de\/produkt\/reiff-wollen-slofjes-grijs\/","og_locale":"de_DE","og_type":"article","og_title":"Reiff wollen sloffen \u2013 warme en ademende slofjes van wol | Castle Vernie Fashion Shop","og_description":"Ontdek de zachte Reiff wollen sloffen van biologische merinowol. Warm, ademend en comfortabel voor baby\u2019s en kinderen. Verkrijgbaar in maat 0, 1, 3 en 4","og_url":"https:\/\/www.castlevernie.nl\/de\/produkt\/reiff-wollen-slofjes-grijs\/","og_site_name":"Castle Vernie Fashion Shop","article_publisher":"https:\/\/m.facebook.com\/Castle-Vernie-Fashion-Shop-110667857399440","article_modified_time":"2025-10-10T20:46:20+00:00","og_image":[{"width":600,"height":600,"url":"https:\/\/www.castlevernie.nl\/wordpress\/wp-content\/uploads\/2025\/10\/reiff-wollen-sloffen-grijs.jpg","type":"image\/jpeg"}],"twitter_card":"summary_large_image","twitter_misc":{"Gesch\u00e4tzte Lesezeit":"2\u00a0Minuten"},"schema":{"@context":"https:\/\/schema.org","@graph":[{"@type":"WebPage","@id":"https:\/\/www.castlevernie.nl\/product\/reiff-wollen-slofjes-grijs\/","url":"https:\/\/www.castlevernie.nl\/product\/reiff-wollen-slofjes-grijs\/","name":"Reiff wollen sloffen \u2013 warme en ademende slofjes van wol | Castle Vernie Fashion Shop","isPartOf":{"@id":"https:\/\/www.castlevernie.nl\/#website"},"primaryImageOfPage":{"@id":"https:\/\/www.castlevernie.nl\/product\/reiff-wollen-slofjes-grijs\/#primaryimage"},"image":{"@id":"https:\/\/www.castlevernie.nl\/product\/reiff-wollen-slofjes-grijs\/#primaryimage"},"thumbnailUrl":"https:\/\/www.castlevernie.nl\/wordpress\/wp-content\/uploads\/2025\/10\/reiff-wollen-sloffen-grijs.jpg","datePublished":"2025-10-10T20:44:49+00:00","dateModified":"2025-10-10T20:46:20+00:00","description":"Ontdek de zachte Reiff wollen sloffen van biologische merinowol. Warm, ademend en comfortabel voor baby\u2019s en kinderen. Verkrijgbaar in maat 0, 1, 3 en 4","breadcrumb":{"@id":"https:\/\/www.castlevernie.nl\/product\/reiff-wollen-slofjes-grijs\/#breadcrumb"},"inLanguage":"de","potentialAction":[{"@type":"ReadAction","target":["https:\/\/www.castlevernie.nl\/product\/reiff-wollen-slofjes-grijs\/"]}]},{"@type":"ImageObject","inLanguage":"de","@id":"https:\/\/www.castlevernie.nl\/product\/reiff-wollen-slofjes-grijs\/#primaryimage","url":"https:\/\/www.castlevernie.nl\/wordpress\/wp-content\/uploads\/2025\/10\/reiff-wollen-sloffen-grijs.jpg","contentUrl":"https:\/\/www.castlevernie.nl\/wordpress\/wp-content\/uploads\/2025\/10\/reiff-wollen-sloffen-grijs.jpg","width":600,"height":600,"caption":"Reiff wollen slofjes grijs"},{"@type":"BreadcrumbList","@id":"https:\/\/www.castlevernie.nl\/product\/reiff-wollen-slofjes-grijs\/#breadcrumb","itemListElement":[{"@type":"ListItem","position":1,"name":"Home","item":"https:\/\/www.castlevernie.nl\/"},{"@type":"ListItem","position":2,"name":"Winkel","item":"https:\/\/www.castlevernie.nl\/winkel\/"},{"@type":"ListItem","position":3,"name":"Reiff &#8211; wollen slofjes Grijs"}]},{"@type":"WebSite","@id":"https:\/\/www.castlevernie.nl\/#website","url":"https:\/\/www.castlevernie.nl\/","name":"Schloss Vernie Modegesch\u00e4ft","description":"","publisher":{"@id":"https:\/\/www.castlevernie.nl\/#organization"},"potentialAction":[{"@type":"SearchAction","target":{"@type":"EntryPoint","urlTemplate":"https:\/\/www.castlevernie.nl\/?s={search_term_string}"},"query-input":{"@type":"PropertyValueSpecification","valueRequired":true,"valueName":"search_term_string"}}],"inLanguage":"de"},{"@type":"Organization","@id":"https:\/\/www.castlevernie.nl\/#organization","name":"Castle Vernie","url":"https:\/\/www.castlevernie.nl\/","logo":{"@type":"ImageObject","inLanguage":"de","@id":"https:\/\/www.castlevernie.nl\/#\/schema\/logo\/image\/","url":"https:\/\/www.castlevernie.nl\/wordpress\/wp-content\/uploads\/2025\/07\/header-logo-3.png","contentUrl":"https:\/\/www.castlevernie.nl\/wordpress\/wp-content\/uploads\/2025\/07\/header-logo-3.png","width":780,"height":260,"caption":"Castle Vernie"},"image":{"@id":"https:\/\/www.castlevernie.nl\/#\/schema\/logo\/image\/"},"sameAs":["https:\/\/m.facebook.com\/Castle-Vernie-Fashion-Shop-110667857399440"]}]}},"_links":{"self":[{"href":"https:\/\/www.castlevernie.nl\/de\/wp-json\/wp\/v2\/product\/11991","targetHints":{"allow":["GET"]}}],"collection":[{"href":"https:\/\/www.castlevernie.nl\/de\/wp-json\/wp\/v2\/product"}],"about":[{"href":"https:\/\/www.castlevernie.nl\/de\/wp-json\/wp\/v2\/types\/product"}],"replies":[{"embeddable":true,"href":"https:\/\/www.castlevernie.nl\/de\/wp-json\/wp\/v2\/comments?post=11991"}],"wp:featuredmedia":[{"embeddable":true,"href":"https:\/\/www.castlevernie.nl\/de\/wp-json\/wp\/v2\/media\/11996"}],"wp:attachment":[{"href":"https:\/\/www.castlevernie.nl\/de\/wp-json\/wp\/v2\/media?parent=11991"}],"wp:term":[{"taxonomy":"product_brand","embeddable":true,"href":"https:\/\/www.castlevernie.nl\/de\/wp-json\/wp\/v2\/product_brand?post=11991"},{"taxonomy":"product_cat","embeddable":true,"href":"https:\/\/www.castlevernie.nl\/de\/wp-json\/wp\/v2\/product_cat?post=11991"},{"taxonomy":"product_tag","embeddable":true,"href":"https:\/\/www.castlevernie.nl\/de\/wp-json\/wp\/v2\/product_tag?post=11991"}],"curies":[{"name":"wp","href":"https:\/\/api.w.org\/{rel}","templated":true}]}}