{"id":11937,"date":"2025-10-02T20:19:13","date_gmt":"2025-10-02T20:19:13","guid":{"rendered":"https:\/\/www.castlevernie.nl\/?post_type=product&#038;p=11937"},"modified":"2025-10-02T20:24:23","modified_gmt":"2025-10-02T20:24:23","slug":"lilano-wikkelromper-zand-gestreept","status":"publish","type":"product","link":"https:\/\/www.castlevernie.nl\/de\/produkt\/lilano-wikkelromper-zand-gestreept\/","title":{"rendered":"Lilano &#8211; Wikkelromper zand gestreept"},"content":{"rendered":"<h5>Lilano Seidenwickelbody \u2013 nat\u00fcrlicher Komfort f\u00fcr dein Kind<\/h5>\n<p>Der Lilano Wollseidenwickelanzug ist ein wahres Must-have f\u00fcr Babys und Kinder, die das Beste verdienen. Dieser Anzug ist aus einer einzigartigen Mischung aus Wolle und Seide gefertigt: eine Kombination, die f\u00fcr ihre Atmungsaktivit\u00e4t, Weichheit und Temperaturregulierung bekannt ist. Wolle sorgt daf\u00fcr, dass Ihr Kind an kalten Tagen warm bleibt, w\u00e4hrend Seide sich sanft und angenehm auf der Haut anf\u00fchlt. Dadurch ist der Anzug nicht nur ideal im Winter, sondern auch perfekt an w\u00e4rmeren Tagen.<\/p>\n<p>Was den Wollseiden-Body so besonders macht, ist, dass er sich an die K\u00f6rpertemperatur Ihres Kindes anpasst. Sie m\u00fcssen sich also weniger Sorgen \u00fcber Schwitzen oder Ausk\u00fchlen machen. Das macht den Lilano Wollseiden-Body zu einer angenehmen Basisschicht unter der Kleidung, aber er kann auch gut alleine getragen werden.<\/p>\n<p>Lilano ist bekannt f\u00fcr seine nachhaltige Produktion und die Verwendung von hochwertigen, nat\u00fcrlichen Materialien. Mit diesem Body w\u00e4hlst du eine bewusste und gesunde Option f\u00fcr dein Kind. Da der Stoff hypoallergen und atmungsaktiv ist, ist der Body auch sehr geeignet f\u00fcr Kinder mit empfindlicher Haut. Au\u00dferdem bleibt Merinowolle lange sch\u00f6n, sodass der Body \u00fcber Generationen hinweg getragen werden kann.<\/p>\n<p>Vorteile des Lilano Wollseide-Body:<br \/>\n\u2022 Nat\u00fcrlich atmungsaktiv und temperaturregulierend<br \/>\n\u2022 Seidenglatt und komfortabel auf der Haut<br \/>\n\u2022 Nachhaltig und von hoher Qualit\u00e4t<br \/>\n\u2022 Geeignet f\u00fcr Babys und Kinder mit empfindlicher Haut<\/p>\n<p>Mit dem Lilano Wolle-Seide Body entscheidest du dich nicht nur f\u00fcr Komfort, sondern auch f\u00fcr eine nachhaltige Grundlage im Kleiderschrank deines Kindes. Eine Investition in Qualit\u00e4t, von der du jeden Tag Freude hast.<\/p>","protected":false},"excerpt":{"rendered":"<p>Lilano wolzijde wikkelromper \u2013 natuurlijk comfort voor je kindje De Lilano wolzijde wikkelromper is een echte must-have voor baby\u2019s en kinderen die het beste verdienen. Deze romper is gemaakt van een unieke mix van wol en zijde: een combinatie die bekend staat om zijn ademend vermogen, zachtheid en temperatuurregulatie. Wol zorgt ervoor dat je kindje [&hellip;]<\/p>\n","protected":false},"featured_media":11943,"comment_status":"open","ping_status":"closed","template":"","meta":[],"product_brand":[519],"product_cat":[588,46,16],"product_tag":[482,483,704],"class_list":{"0":"post-11937","1":"product","2":"type-product","3":"status-publish","4":"has-post-thumbnail","6":"product_brand-lilano","7":"product_cat-alles-van-wol-zijde","8":"product_cat-maat-62-68","9":"product_cat-newborn","10":"product_tag-wikkelromper","11":"product_tag-wolzijde-romper","12":"product_tag-wolzijde-wikkelromper","14":"first","15":"instock","16":"taxable","17":"shipping-taxable","18":"purchasable","19":"product-type-variable"},"yoast_head":"<!-- This site is optimized with the Yoast SEO plugin v27.4 - https:\/\/yoast.com\/product\/yoast-seo-wordpress\/ -->\n<title>Lilano wolzijde wikkelromper \u2013 warm en comfortabel voor baby&#039;s<\/title>\n<meta name=\"description\" content=\"De Lilano wolzijde romper is een echte must-have voor baby\u2019s en kinderen die het beste verdienen. Deze romper is gemaakt van een unieke mix van wol en zijde\" \/>\n<meta name=\"robots\" content=\"index, follow, max-snippet:-1, max-image-preview:large, max-video-preview:-1\" \/>\n<link rel=\"canonical\" href=\"https:\/\/www.castlevernie.nl\/de\/produkt\/lilano-wikkelromper-zand-gestreept\/\" \/>\n<meta property=\"og:locale\" content=\"de_DE\" \/>\n<meta property=\"og:type\" content=\"article\" \/>\n<meta property=\"og:title\" content=\"Lilano wolzijde wikkelromper \u2013 warm en comfortabel voor baby&#039;s\" \/>\n<meta property=\"og:description\" content=\"De Lilano wolzijde romper is een echte must-have voor baby\u2019s en kinderen die het beste verdienen. Deze romper is gemaakt van een unieke mix van wol en zijde\" \/>\n<meta property=\"og:url\" content=\"https:\/\/www.castlevernie.nl\/de\/produkt\/lilano-wikkelromper-zand-gestreept\/\" \/>\n<meta property=\"og:site_name\" content=\"Castle Vernie Fashion Shop\" \/>\n<meta property=\"article:publisher\" content=\"https:\/\/m.facebook.com\/Castle-Vernie-Fashion-Shop-110667857399440\" \/>\n<meta property=\"article:modified_time\" content=\"2025-10-02T20:24:23+00:00\" \/>\n<meta property=\"og:image\" content=\"https:\/\/www.castlevernie.nl\/wordpress\/wp-content\/uploads\/2025\/10\/Ontwerp-zonder-titel.jpg\" \/>\n\t<meta property=\"og:image:width\" content=\"940\" \/>\n\t<meta property=\"og:image:height\" content=\"788\" \/>\n\t<meta property=\"og:image:type\" content=\"image\/jpeg\" \/>\n<meta name=\"twitter:card\" content=\"summary_large_image\" \/>\n<meta name=\"twitter:label1\" content=\"Gesch\u00e4tzte Lesezeit\" \/>\n\t<meta name=\"twitter:data1\" content=\"2\u00a0Minuten\" \/>\n<script type=\"application\/ld+json\" class=\"yoast-schema-graph\">{\"@context\":\"https:\\\/\\\/schema.org\",\"@graph\":[{\"@type\":\"WebPage\",\"@id\":\"https:\\\/\\\/www.castlevernie.nl\\\/product\\\/lilano-wikkelromper-zand-gestreept\\\/\",\"url\":\"https:\\\/\\\/www.castlevernie.nl\\\/product\\\/lilano-wikkelromper-zand-gestreept\\\/\",\"name\":\"Lilano wolzijde wikkelromper \u2013 warm en comfortabel voor baby's\",\"isPartOf\":{\"@id\":\"https:\\\/\\\/www.castlevernie.nl\\\/#website\"},\"primaryImageOfPage\":{\"@id\":\"https:\\\/\\\/www.castlevernie.nl\\\/product\\\/lilano-wikkelromper-zand-gestreept\\\/#primaryimage\"},\"image\":{\"@id\":\"https:\\\/\\\/www.castlevernie.nl\\\/product\\\/lilano-wikkelromper-zand-gestreept\\\/#primaryimage\"},\"thumbnailUrl\":\"https:\\\/\\\/www.castlevernie.nl\\\/wordpress\\\/wp-content\\\/uploads\\\/2025\\\/10\\\/Ontwerp-zonder-titel.jpg\",\"datePublished\":\"2025-10-02T20:19:13+00:00\",\"dateModified\":\"2025-10-02T20:24:23+00:00\",\"description\":\"De Lilano wolzijde romper is een echte must-have voor baby\u2019s en kinderen die het beste verdienen. Deze romper is gemaakt van een unieke mix van wol en zijde\",\"breadcrumb\":{\"@id\":\"https:\\\/\\\/www.castlevernie.nl\\\/product\\\/lilano-wikkelromper-zand-gestreept\\\/#breadcrumb\"},\"inLanguage\":\"de\",\"potentialAction\":[{\"@type\":\"ReadAction\",\"target\":[\"https:\\\/\\\/www.castlevernie.nl\\\/product\\\/lilano-wikkelromper-zand-gestreept\\\/\"]}]},{\"@type\":\"ImageObject\",\"inLanguage\":\"de\",\"@id\":\"https:\\\/\\\/www.castlevernie.nl\\\/product\\\/lilano-wikkelromper-zand-gestreept\\\/#primaryimage\",\"url\":\"https:\\\/\\\/www.castlevernie.nl\\\/wordpress\\\/wp-content\\\/uploads\\\/2025\\\/10\\\/Ontwerp-zonder-titel.jpg\",\"contentUrl\":\"https:\\\/\\\/www.castlevernie.nl\\\/wordpress\\\/wp-content\\\/uploads\\\/2025\\\/10\\\/Ontwerp-zonder-titel.jpg\",\"width\":940,\"height\":788,\"caption\":\"Lilano wolzijde wikkelromper baby\"},{\"@type\":\"BreadcrumbList\",\"@id\":\"https:\\\/\\\/www.castlevernie.nl\\\/product\\\/lilano-wikkelromper-zand-gestreept\\\/#breadcrumb\",\"itemListElement\":[{\"@type\":\"ListItem\",\"position\":1,\"name\":\"Home\",\"item\":\"https:\\\/\\\/www.castlevernie.nl\\\/\"},{\"@type\":\"ListItem\",\"position\":2,\"name\":\"Winkel\",\"item\":\"https:\\\/\\\/www.castlevernie.nl\\\/winkel\\\/\"},{\"@type\":\"ListItem\",\"position\":3,\"name\":\"Lilano &#8211; Wikkelromper zand gestreept\"}]},{\"@type\":\"WebSite\",\"@id\":\"https:\\\/\\\/www.castlevernie.nl\\\/#website\",\"url\":\"https:\\\/\\\/www.castlevernie.nl\\\/\",\"name\":\"Castle Vernie Fashion Shop\",\"description\":\"\",\"publisher\":{\"@id\":\"https:\\\/\\\/www.castlevernie.nl\\\/#organization\"},\"potentialAction\":[{\"@type\":\"SearchAction\",\"target\":{\"@type\":\"EntryPoint\",\"urlTemplate\":\"https:\\\/\\\/www.castlevernie.nl\\\/?s={search_term_string}\"},\"query-input\":{\"@type\":\"PropertyValueSpecification\",\"valueRequired\":true,\"valueName\":\"search_term_string\"}}],\"inLanguage\":\"de\"},{\"@type\":\"Organization\",\"@id\":\"https:\\\/\\\/www.castlevernie.nl\\\/#organization\",\"name\":\"Castle Vernie\",\"url\":\"https:\\\/\\\/www.castlevernie.nl\\\/\",\"logo\":{\"@type\":\"ImageObject\",\"inLanguage\":\"de\",\"@id\":\"https:\\\/\\\/www.castlevernie.nl\\\/#\\\/schema\\\/logo\\\/image\\\/\",\"url\":\"https:\\\/\\\/www.castlevernie.nl\\\/wordpress\\\/wp-content\\\/uploads\\\/2025\\\/07\\\/header-logo-3.png\",\"contentUrl\":\"https:\\\/\\\/www.castlevernie.nl\\\/wordpress\\\/wp-content\\\/uploads\\\/2025\\\/07\\\/header-logo-3.png\",\"width\":780,\"height\":260,\"caption\":\"Castle Vernie\"},\"image\":{\"@id\":\"https:\\\/\\\/www.castlevernie.nl\\\/#\\\/schema\\\/logo\\\/image\\\/\"},\"sameAs\":[\"https:\\\/\\\/m.facebook.com\\\/Castle-Vernie-Fashion-Shop-110667857399440\"]}]}<\/script>\n<!-- \/ Yoast SEO plugin. -->","yoast_head_json":{"title":"Lilano wolzijde wikkelromper \u2013 warm en comfortabel voor baby's","description":"De Lilano wolzijde romper is een echte must-have voor baby\u2019s en kinderen die het beste verdienen. Deze romper is gemaakt van een unieke mix van wol en zijde","robots":{"index":"index","follow":"follow","max-snippet":"max-snippet:-1","max-image-preview":"max-image-preview:large","max-video-preview":"max-video-preview:-1"},"canonical":"https:\/\/www.castlevernie.nl\/de\/produkt\/lilano-wikkelromper-zand-gestreept\/","og_locale":"de_DE","og_type":"article","og_title":"Lilano wolzijde wikkelromper \u2013 warm en comfortabel voor baby's","og_description":"De Lilano wolzijde romper is een echte must-have voor baby\u2019s en kinderen die het beste verdienen. Deze romper is gemaakt van een unieke mix van wol en zijde","og_url":"https:\/\/www.castlevernie.nl\/de\/produkt\/lilano-wikkelromper-zand-gestreept\/","og_site_name":"Castle Vernie Fashion Shop","article_publisher":"https:\/\/m.facebook.com\/Castle-Vernie-Fashion-Shop-110667857399440","article_modified_time":"2025-10-02T20:24:23+00:00","og_image":[{"width":940,"height":788,"url":"https:\/\/www.castlevernie.nl\/wordpress\/wp-content\/uploads\/2025\/10\/Ontwerp-zonder-titel.jpg","type":"image\/jpeg"}],"twitter_card":"summary_large_image","twitter_misc":{"Gesch\u00e4tzte Lesezeit":"2\u00a0Minuten"},"schema":{"@context":"https:\/\/schema.org","@graph":[{"@type":"WebPage","@id":"https:\/\/www.castlevernie.nl\/product\/lilano-wikkelromper-zand-gestreept\/","url":"https:\/\/www.castlevernie.nl\/product\/lilano-wikkelromper-zand-gestreept\/","name":"Lilano wolzijde wikkelromper \u2013 warm en comfortabel voor baby's","isPartOf":{"@id":"https:\/\/www.castlevernie.nl\/#website"},"primaryImageOfPage":{"@id":"https:\/\/www.castlevernie.nl\/product\/lilano-wikkelromper-zand-gestreept\/#primaryimage"},"image":{"@id":"https:\/\/www.castlevernie.nl\/product\/lilano-wikkelromper-zand-gestreept\/#primaryimage"},"thumbnailUrl":"https:\/\/www.castlevernie.nl\/wordpress\/wp-content\/uploads\/2025\/10\/Ontwerp-zonder-titel.jpg","datePublished":"2025-10-02T20:19:13+00:00","dateModified":"2025-10-02T20:24:23+00:00","description":"De Lilano wolzijde romper is een echte must-have voor baby\u2019s en kinderen die het beste verdienen. Deze romper is gemaakt van een unieke mix van wol en zijde","breadcrumb":{"@id":"https:\/\/www.castlevernie.nl\/product\/lilano-wikkelromper-zand-gestreept\/#breadcrumb"},"inLanguage":"de","potentialAction":[{"@type":"ReadAction","target":["https:\/\/www.castlevernie.nl\/product\/lilano-wikkelromper-zand-gestreept\/"]}]},{"@type":"ImageObject","inLanguage":"de","@id":"https:\/\/www.castlevernie.nl\/product\/lilano-wikkelromper-zand-gestreept\/#primaryimage","url":"https:\/\/www.castlevernie.nl\/wordpress\/wp-content\/uploads\/2025\/10\/Ontwerp-zonder-titel.jpg","contentUrl":"https:\/\/www.castlevernie.nl\/wordpress\/wp-content\/uploads\/2025\/10\/Ontwerp-zonder-titel.jpg","width":940,"height":788,"caption":"Lilano wolzijde wikkelromper baby"},{"@type":"BreadcrumbList","@id":"https:\/\/www.castlevernie.nl\/product\/lilano-wikkelromper-zand-gestreept\/#breadcrumb","itemListElement":[{"@type":"ListItem","position":1,"name":"Home","item":"https:\/\/www.castlevernie.nl\/"},{"@type":"ListItem","position":2,"name":"Winkel","item":"https:\/\/www.castlevernie.nl\/winkel\/"},{"@type":"ListItem","position":3,"name":"Lilano &#8211; Wikkelromper zand gestreept"}]},{"@type":"WebSite","@id":"https:\/\/www.castlevernie.nl\/#website","url":"https:\/\/www.castlevernie.nl\/","name":"Schloss Vernie Modegesch\u00e4ft","description":"","publisher":{"@id":"https:\/\/www.castlevernie.nl\/#organization"},"potentialAction":[{"@type":"SearchAction","target":{"@type":"EntryPoint","urlTemplate":"https:\/\/www.castlevernie.nl\/?s={search_term_string}"},"query-input":{"@type":"PropertyValueSpecification","valueRequired":true,"valueName":"search_term_string"}}],"inLanguage":"de"},{"@type":"Organization","@id":"https:\/\/www.castlevernie.nl\/#organization","name":"Castle Vernie","url":"https:\/\/www.castlevernie.nl\/","logo":{"@type":"ImageObject","inLanguage":"de","@id":"https:\/\/www.castlevernie.nl\/#\/schema\/logo\/image\/","url":"https:\/\/www.castlevernie.nl\/wordpress\/wp-content\/uploads\/2025\/07\/header-logo-3.png","contentUrl":"https:\/\/www.castlevernie.nl\/wordpress\/wp-content\/uploads\/2025\/07\/header-logo-3.png","width":780,"height":260,"caption":"Castle Vernie"},"image":{"@id":"https:\/\/www.castlevernie.nl\/#\/schema\/logo\/image\/"},"sameAs":["https:\/\/m.facebook.com\/Castle-Vernie-Fashion-Shop-110667857399440"]}]}},"_links":{"self":[{"href":"https:\/\/www.castlevernie.nl\/de\/wp-json\/wp\/v2\/product\/11937","targetHints":{"allow":["GET"]}}],"collection":[{"href":"https:\/\/www.castlevernie.nl\/de\/wp-json\/wp\/v2\/product"}],"about":[{"href":"https:\/\/www.castlevernie.nl\/de\/wp-json\/wp\/v2\/types\/product"}],"replies":[{"embeddable":true,"href":"https:\/\/www.castlevernie.nl\/de\/wp-json\/wp\/v2\/comments?post=11937"}],"wp:featuredmedia":[{"embeddable":true,"href":"https:\/\/www.castlevernie.nl\/de\/wp-json\/wp\/v2\/media\/11943"}],"wp:attachment":[{"href":"https:\/\/www.castlevernie.nl\/de\/wp-json\/wp\/v2\/media?parent=11937"}],"wp:term":[{"taxonomy":"product_brand","embeddable":true,"href":"https:\/\/www.castlevernie.nl\/de\/wp-json\/wp\/v2\/product_brand?post=11937"},{"taxonomy":"product_cat","embeddable":true,"href":"https:\/\/www.castlevernie.nl\/de\/wp-json\/wp\/v2\/product_cat?post=11937"},{"taxonomy":"product_tag","embeddable":true,"href":"https:\/\/www.castlevernie.nl\/de\/wp-json\/wp\/v2\/product_tag?post=11937"}],"curies":[{"name":"wp","href":"https:\/\/api.w.org\/{rel}","templated":true}]}}