{"id":11921,"date":"2025-10-02T19:58:09","date_gmt":"2025-10-02T19:58:09","guid":{"rendered":"https:\/\/www.castlevernie.nl\/?post_type=product&#038;p=11921"},"modified":"2026-01-30T21:47:17","modified_gmt":"2026-01-30T21:47:17","slug":"lilano-pyjama-wolfrottee-zand","status":"publish","type":"product","link":"https:\/\/www.castlevernie.nl\/de\/produkt\/lilano-pyjama-wolfrottee-zand\/","title":{"rendered":"Lilano &#8211; Pyjama Wolfrottee Zand Gestreept"},"content":{"rendered":"<h5>Lilano Pyjama aus Woll-Frottee: nat\u00fcrliches Schlafkomfort f\u00fcr Ihr Kind<\/h5>\n<p>Der Lilano Pyjama aus Woll-Frottee ist eine hervorragende Wahl f\u00fcr Eltern, die Wert auf Komfort, Langlebigkeit und nat\u00fcrliche Materialien legen. Dieser Pyjama besteht aus 100 % Merinowolle (Wolle aus kontrolliert biologischer Tierhaltung, kbT) und hat eine weiche Frottee-Struktur.<\/p>\n<p>Warum sich f\u00fcr Woll-Frottee entscheiden?<\/p>\n<p>Wolle hat von Natur aus ausgezeichnete Eigenschaften: Sie reguliert die Temperatur, transportiert Feuchtigkeit gut und das Material ist atmungsaktiv. Dadurch bleibt Ihr Kind warm, ohne zu \u00fcberhitzen \u2013 Wolle kann n\u00e4mlich bis zu einem Drittel ihres Gewichts an Feuchtigkeit aufnehmen, ohne dass sie sich klamm anf\u00fchlt. Die Frottee-Verarbeitung macht den Stoff besonders angenehm auf der Haut: weich, sp\u00fcrbar volumin\u00f6s und dennoch geschmeidig.<\/p>\n<p>Durch die Verwendung nat\u00fcrlicher Materialien tr\u00e4gt Lilano zu Umweltbewusstsein und verantwortungsvollem Textilgebrauch bei.<\/p>\n<p>Merkmale und Details<br \/>\n\u2022 Material: 100 % Merinowolle (kbT)<br \/>\n\u2022 Structuur: buiten frottee, binnen zacht glad; extra warm en aangenaam<br \/>\n\u2022 Schnitt &amp; Verarbeitung: oft mit elastischen B\u00fcndchen an \u00c4rmeln und Hosenbeinen, damit der Pyjama gut sitzt, auch wenn er etwas gr\u00f6\u00dfer gekauft wird<br \/>\n\u2022 Eigenschappen: temperatuur\u00adbalans, vocht\u00adregulatie, zelfreinigend (wol hoeft niet vaak gewassen te worden)<\/p>\n<p>Pflegehinweise<\/p>\n<p>Om je Lilano wol-frottee pyjama lang mooi te houden:<br \/>\n1. Vorzugsweise von Hand in kaltem Wasser (&lt; 30 \u00b0C) waschen.<br \/>\n2. Wenn du ein Wollwaschprogramm verwendest: w\u00e4hle ein Programm mit maximal 400 Umdrehungen und einer halben Beladung.<br \/>\n3. Verwenden Sie ein mildes Wollwaschmittel, keine aggressive Seife.<br \/>\n4. Nicht auswringen \u2014 vorsichtig zwischen Handt\u00fcchern legen und in Form ziehen.<br \/>\n5. Flach trocknen lassen, aus der Sonne und nicht auf einem hei\u00dfen Heizk\u00f6rper.<\/p>\n<p>F\u00fcr wen ist dieser Schlafanzug geeignet?<\/p>\n<p>Der Lilano Woll-Frottee-Pyjama ist ideal f\u00fcr Kinder, die empfindlich auf Temperaturschwankungen reagieren, f\u00fcr den Einsatz im Herbst und Winter sowie f\u00fcr Familien, die Wert auf \u00f6kologische und nat\u00fcrliche Kinderkleidung legen. Dar\u00fcber hinaus ist der Pyjama sehr gut f\u00fcr Kinder geeignet, die im Schlaf oft ihre Decke wegtreten: Durch die gute W\u00e4rmeversorgung bleibt das Kind komfortabel.<\/p>","protected":false},"excerpt":{"rendered":"<p>Lilano pyjama van wol-frottee: natuurlijk slaapcomfort voor je kind De Lilano pyjama van wol-frottee is een uitstekende keuze voor ouders die waarde hechten aan comfort, duurzaamheid en natuurlijke materialen. Deze pyjama is vervaardigd uit 100 % merinowol (wol uit gecontroleerde biologische dierhouderij, kbT) en heeft een zachte frottee structuur. Waarom kiezen voor wol-frottee? Wol heeft [&hellip;]<\/p>\n","protected":false},"featured_media":11922,"comment_status":"open","ping_status":"closed","template":"","meta":[],"product_brand":[519],"product_cat":[588,50,49],"product_tag":[762],"class_list":{"0":"post-11921","1":"product","2":"type-product","3":"status-publish","4":"has-post-thumbnail","6":"product_brand-lilano","7":"product_cat-alles-van-wol-zijde","8":"product_cat-maat-110-116","9":"product_cat-maat-98-104","10":"product_tag-wollen-pyjama-voor-babys-en-kinderen","12":"first","13":"instock","14":"taxable","15":"shipping-taxable","16":"purchasable","17":"product-type-variable"},"yoast_head":"<!-- This site is optimized with the Yoast SEO plugin v27.4 - https:\/\/yoast.com\/product\/yoast-seo-wordpress\/ -->\n<title>Lilano pyjama van wol-frottee | warm &amp; natuurlijk slapen 100% wol<\/title>\n<meta name=\"description\" content=\"Ontdek de Lilano pyjama van wol-frottee: 100 % merinowol (kbT), warm, ademend en duurzaam. Ideaal voor kinderen die \u2019s nachts niet willen zweten.\" \/>\n<meta name=\"robots\" content=\"index, follow, max-snippet:-1, max-image-preview:large, max-video-preview:-1\" \/>\n<link rel=\"canonical\" href=\"https:\/\/www.castlevernie.nl\/de\/produkt\/lilano-pyjama-wolfrottee-zand\/\" \/>\n<meta property=\"og:locale\" content=\"de_DE\" \/>\n<meta property=\"og:type\" content=\"article\" \/>\n<meta property=\"og:title\" content=\"Lilano pyjama van wol-frottee | warm &amp; natuurlijk slapen 100% wol\" \/>\n<meta property=\"og:description\" content=\"Ontdek de Lilano pyjama van wol-frottee: 100 % merinowol (kbT), warm, ademend en duurzaam. Ideaal voor kinderen die \u2019s nachts niet willen zweten.\" \/>\n<meta property=\"og:url\" content=\"https:\/\/www.castlevernie.nl\/de\/produkt\/lilano-pyjama-wolfrottee-zand\/\" \/>\n<meta property=\"og:site_name\" content=\"Castle Vernie Fashion Shop\" \/>\n<meta property=\"article:publisher\" content=\"https:\/\/m.facebook.com\/Castle-Vernie-Fashion-Shop-110667857399440\" \/>\n<meta property=\"article:modified_time\" content=\"2026-01-30T21:47:17+00:00\" \/>\n<meta property=\"og:image\" content=\"https:\/\/www.castlevernie.nl\/wordpress\/wp-content\/uploads\/2025\/10\/WhatsApp-Image-2025-10-02-at-21.44.18.jpeg\" \/>\n\t<meta property=\"og:image:width\" content=\"800\" \/>\n\t<meta property=\"og:image:height\" content=\"1055\" \/>\n\t<meta property=\"og:image:type\" content=\"image\/jpeg\" \/>\n<meta name=\"twitter:card\" content=\"summary_large_image\" \/>\n<meta name=\"twitter:label1\" content=\"Gesch\u00e4tzte Lesezeit\" \/>\n\t<meta name=\"twitter:data1\" content=\"2\u00a0Minuten\" \/>\n<script type=\"application\/ld+json\" class=\"yoast-schema-graph\">{\"@context\":\"https:\\\/\\\/schema.org\",\"@graph\":[{\"@type\":\"WebPage\",\"@id\":\"https:\\\/\\\/www.castlevernie.nl\\\/product\\\/lilano-pyjama-wolfrottee-zand\\\/\",\"url\":\"https:\\\/\\\/www.castlevernie.nl\\\/product\\\/lilano-pyjama-wolfrottee-zand\\\/\",\"name\":\"Lilano pyjama van wol-frottee | warm & natuurlijk slapen 100% wol\",\"isPartOf\":{\"@id\":\"https:\\\/\\\/www.castlevernie.nl\\\/#website\"},\"primaryImageOfPage\":{\"@id\":\"https:\\\/\\\/www.castlevernie.nl\\\/product\\\/lilano-pyjama-wolfrottee-zand\\\/#primaryimage\"},\"image\":{\"@id\":\"https:\\\/\\\/www.castlevernie.nl\\\/product\\\/lilano-pyjama-wolfrottee-zand\\\/#primaryimage\"},\"thumbnailUrl\":\"https:\\\/\\\/www.castlevernie.nl\\\/wordpress\\\/wp-content\\\/uploads\\\/2025\\\/10\\\/WhatsApp-Image-2025-10-02-at-21.44.18.jpeg\",\"datePublished\":\"2025-10-02T19:58:09+00:00\",\"dateModified\":\"2026-01-30T21:47:17+00:00\",\"description\":\"Ontdek de Lilano pyjama van wol-frottee: 100 % merinowol (kbT), warm, ademend en duurzaam. Ideaal voor kinderen die \u2019s nachts niet willen zweten.\",\"breadcrumb\":{\"@id\":\"https:\\\/\\\/www.castlevernie.nl\\\/product\\\/lilano-pyjama-wolfrottee-zand\\\/#breadcrumb\"},\"inLanguage\":\"de\",\"potentialAction\":[{\"@type\":\"ReadAction\",\"target\":[\"https:\\\/\\\/www.castlevernie.nl\\\/product\\\/lilano-pyjama-wolfrottee-zand\\\/\"]}]},{\"@type\":\"ImageObject\",\"inLanguage\":\"de\",\"@id\":\"https:\\\/\\\/www.castlevernie.nl\\\/product\\\/lilano-pyjama-wolfrottee-zand\\\/#primaryimage\",\"url\":\"https:\\\/\\\/www.castlevernie.nl\\\/wordpress\\\/wp-content\\\/uploads\\\/2025\\\/10\\\/WhatsApp-Image-2025-10-02-at-21.44.18.jpeg\",\"contentUrl\":\"https:\\\/\\\/www.castlevernie.nl\\\/wordpress\\\/wp-content\\\/uploads\\\/2025\\\/10\\\/WhatsApp-Image-2025-10-02-at-21.44.18.jpeg\",\"width\":800,\"height\":1055,\"caption\":\"Lilano Pyjama wolfrottee\"},{\"@type\":\"BreadcrumbList\",\"@id\":\"https:\\\/\\\/www.castlevernie.nl\\\/product\\\/lilano-pyjama-wolfrottee-zand\\\/#breadcrumb\",\"itemListElement\":[{\"@type\":\"ListItem\",\"position\":1,\"name\":\"Home\",\"item\":\"https:\\\/\\\/www.castlevernie.nl\\\/\"},{\"@type\":\"ListItem\",\"position\":2,\"name\":\"Winkel\",\"item\":\"https:\\\/\\\/www.castlevernie.nl\\\/winkel\\\/\"},{\"@type\":\"ListItem\",\"position\":3,\"name\":\"Lilano &#8211; Pyjama Wolfrottee Zand Gestreept\"}]},{\"@type\":\"WebSite\",\"@id\":\"https:\\\/\\\/www.castlevernie.nl\\\/#website\",\"url\":\"https:\\\/\\\/www.castlevernie.nl\\\/\",\"name\":\"Castle Vernie Fashion Shop\",\"description\":\"\",\"publisher\":{\"@id\":\"https:\\\/\\\/www.castlevernie.nl\\\/#organization\"},\"potentialAction\":[{\"@type\":\"SearchAction\",\"target\":{\"@type\":\"EntryPoint\",\"urlTemplate\":\"https:\\\/\\\/www.castlevernie.nl\\\/?s={search_term_string}\"},\"query-input\":{\"@type\":\"PropertyValueSpecification\",\"valueRequired\":true,\"valueName\":\"search_term_string\"}}],\"inLanguage\":\"de\"},{\"@type\":\"Organization\",\"@id\":\"https:\\\/\\\/www.castlevernie.nl\\\/#organization\",\"name\":\"Castle Vernie\",\"url\":\"https:\\\/\\\/www.castlevernie.nl\\\/\",\"logo\":{\"@type\":\"ImageObject\",\"inLanguage\":\"de\",\"@id\":\"https:\\\/\\\/www.castlevernie.nl\\\/#\\\/schema\\\/logo\\\/image\\\/\",\"url\":\"https:\\\/\\\/www.castlevernie.nl\\\/wordpress\\\/wp-content\\\/uploads\\\/2025\\\/07\\\/header-logo-3.png\",\"contentUrl\":\"https:\\\/\\\/www.castlevernie.nl\\\/wordpress\\\/wp-content\\\/uploads\\\/2025\\\/07\\\/header-logo-3.png\",\"width\":780,\"height\":260,\"caption\":\"Castle Vernie\"},\"image\":{\"@id\":\"https:\\\/\\\/www.castlevernie.nl\\\/#\\\/schema\\\/logo\\\/image\\\/\"},\"sameAs\":[\"https:\\\/\\\/m.facebook.com\\\/Castle-Vernie-Fashion-Shop-110667857399440\"]}]}<\/script>\n<!-- \/ Yoast SEO plugin. -->","yoast_head_json":{"title":"Lilano pyjama van wol-frottee | warm & natuurlijk slapen 100% wol","description":"Ontdek de Lilano pyjama van wol-frottee: 100 % merinowol (kbT), warm, ademend en duurzaam. Ideaal voor kinderen die \u2019s nachts niet willen zweten.","robots":{"index":"index","follow":"follow","max-snippet":"max-snippet:-1","max-image-preview":"max-image-preview:large","max-video-preview":"max-video-preview:-1"},"canonical":"https:\/\/www.castlevernie.nl\/de\/produkt\/lilano-pyjama-wolfrottee-zand\/","og_locale":"de_DE","og_type":"article","og_title":"Lilano pyjama van wol-frottee | warm & natuurlijk slapen 100% wol","og_description":"Ontdek de Lilano pyjama van wol-frottee: 100 % merinowol (kbT), warm, ademend en duurzaam. Ideaal voor kinderen die \u2019s nachts niet willen zweten.","og_url":"https:\/\/www.castlevernie.nl\/de\/produkt\/lilano-pyjama-wolfrottee-zand\/","og_site_name":"Castle Vernie Fashion Shop","article_publisher":"https:\/\/m.facebook.com\/Castle-Vernie-Fashion-Shop-110667857399440","article_modified_time":"2026-01-30T21:47:17+00:00","og_image":[{"width":800,"height":1055,"url":"https:\/\/www.castlevernie.nl\/wordpress\/wp-content\/uploads\/2025\/10\/WhatsApp-Image-2025-10-02-at-21.44.18.jpeg","type":"image\/jpeg"}],"twitter_card":"summary_large_image","twitter_misc":{"Gesch\u00e4tzte Lesezeit":"2\u00a0Minuten"},"schema":{"@context":"https:\/\/schema.org","@graph":[{"@type":"WebPage","@id":"https:\/\/www.castlevernie.nl\/product\/lilano-pyjama-wolfrottee-zand\/","url":"https:\/\/www.castlevernie.nl\/product\/lilano-pyjama-wolfrottee-zand\/","name":"Lilano pyjama van wol-frottee | warm & natuurlijk slapen 100% wol","isPartOf":{"@id":"https:\/\/www.castlevernie.nl\/#website"},"primaryImageOfPage":{"@id":"https:\/\/www.castlevernie.nl\/product\/lilano-pyjama-wolfrottee-zand\/#primaryimage"},"image":{"@id":"https:\/\/www.castlevernie.nl\/product\/lilano-pyjama-wolfrottee-zand\/#primaryimage"},"thumbnailUrl":"https:\/\/www.castlevernie.nl\/wordpress\/wp-content\/uploads\/2025\/10\/WhatsApp-Image-2025-10-02-at-21.44.18.jpeg","datePublished":"2025-10-02T19:58:09+00:00","dateModified":"2026-01-30T21:47:17+00:00","description":"Ontdek de Lilano pyjama van wol-frottee: 100 % merinowol (kbT), warm, ademend en duurzaam. Ideaal voor kinderen die \u2019s nachts niet willen zweten.","breadcrumb":{"@id":"https:\/\/www.castlevernie.nl\/product\/lilano-pyjama-wolfrottee-zand\/#breadcrumb"},"inLanguage":"de","potentialAction":[{"@type":"ReadAction","target":["https:\/\/www.castlevernie.nl\/product\/lilano-pyjama-wolfrottee-zand\/"]}]},{"@type":"ImageObject","inLanguage":"de","@id":"https:\/\/www.castlevernie.nl\/product\/lilano-pyjama-wolfrottee-zand\/#primaryimage","url":"https:\/\/www.castlevernie.nl\/wordpress\/wp-content\/uploads\/2025\/10\/WhatsApp-Image-2025-10-02-at-21.44.18.jpeg","contentUrl":"https:\/\/www.castlevernie.nl\/wordpress\/wp-content\/uploads\/2025\/10\/WhatsApp-Image-2025-10-02-at-21.44.18.jpeg","width":800,"height":1055,"caption":"Lilano Pyjama wolfrottee"},{"@type":"BreadcrumbList","@id":"https:\/\/www.castlevernie.nl\/product\/lilano-pyjama-wolfrottee-zand\/#breadcrumb","itemListElement":[{"@type":"ListItem","position":1,"name":"Home","item":"https:\/\/www.castlevernie.nl\/"},{"@type":"ListItem","position":2,"name":"Winkel","item":"https:\/\/www.castlevernie.nl\/winkel\/"},{"@type":"ListItem","position":3,"name":"Lilano &#8211; Pyjama Wolfrottee Zand Gestreept"}]},{"@type":"WebSite","@id":"https:\/\/www.castlevernie.nl\/#website","url":"https:\/\/www.castlevernie.nl\/","name":"Schloss Vernie Modegesch\u00e4ft","description":"","publisher":{"@id":"https:\/\/www.castlevernie.nl\/#organization"},"potentialAction":[{"@type":"SearchAction","target":{"@type":"EntryPoint","urlTemplate":"https:\/\/www.castlevernie.nl\/?s={search_term_string}"},"query-input":{"@type":"PropertyValueSpecification","valueRequired":true,"valueName":"search_term_string"}}],"inLanguage":"de"},{"@type":"Organization","@id":"https:\/\/www.castlevernie.nl\/#organization","name":"Castle Vernie","url":"https:\/\/www.castlevernie.nl\/","logo":{"@type":"ImageObject","inLanguage":"de","@id":"https:\/\/www.castlevernie.nl\/#\/schema\/logo\/image\/","url":"https:\/\/www.castlevernie.nl\/wordpress\/wp-content\/uploads\/2025\/07\/header-logo-3.png","contentUrl":"https:\/\/www.castlevernie.nl\/wordpress\/wp-content\/uploads\/2025\/07\/header-logo-3.png","width":780,"height":260,"caption":"Castle Vernie"},"image":{"@id":"https:\/\/www.castlevernie.nl\/#\/schema\/logo\/image\/"},"sameAs":["https:\/\/m.facebook.com\/Castle-Vernie-Fashion-Shop-110667857399440"]}]}},"_links":{"self":[{"href":"https:\/\/www.castlevernie.nl\/de\/wp-json\/wp\/v2\/product\/11921","targetHints":{"allow":["GET"]}}],"collection":[{"href":"https:\/\/www.castlevernie.nl\/de\/wp-json\/wp\/v2\/product"}],"about":[{"href":"https:\/\/www.castlevernie.nl\/de\/wp-json\/wp\/v2\/types\/product"}],"replies":[{"embeddable":true,"href":"https:\/\/www.castlevernie.nl\/de\/wp-json\/wp\/v2\/comments?post=11921"}],"wp:featuredmedia":[{"embeddable":true,"href":"https:\/\/www.castlevernie.nl\/de\/wp-json\/wp\/v2\/media\/11922"}],"wp:attachment":[{"href":"https:\/\/www.castlevernie.nl\/de\/wp-json\/wp\/v2\/media?parent=11921"}],"wp:term":[{"taxonomy":"product_brand","embeddable":true,"href":"https:\/\/www.castlevernie.nl\/de\/wp-json\/wp\/v2\/product_brand?post=11921"},{"taxonomy":"product_cat","embeddable":true,"href":"https:\/\/www.castlevernie.nl\/de\/wp-json\/wp\/v2\/product_cat?post=11921"},{"taxonomy":"product_tag","embeddable":true,"href":"https:\/\/www.castlevernie.nl\/de\/wp-json\/wp\/v2\/product_tag?post=11921"}],"curies":[{"name":"wp","href":"https:\/\/api.w.org\/{rel}","templated":true}]}}