{"id":11857,"date":"2025-09-13T08:26:09","date_gmt":"2025-09-13T08:26:09","guid":{"rendered":"https:\/\/www.castlevernie.nl\/?post_type=product&#038;p=11857"},"modified":"2026-02-24T12:31:26","modified_gmt":"2026-02-24T12:31:26","slug":"lilano-slaapzak-gestreept-wolplusche-grijs","status":"publish","type":"product","link":"https:\/\/www.castlevernie.nl\/de\/produkt\/lilano-slaapzak-gestreept-wolplusche-grijs\/","title":{"rendered":"Lilano Schlafsack gestreift aus Wollpl\u00fcsch Grau"},"content":{"rendered":"<h5>Lilano wollen Schlafsack f\u00fcr Babys | Weich &amp; warm<\/h5>\n<p>F\u00fcr einen ruhigen und komfortablen Schlaf deines Babys ist der richtige Schlafsack unerl\u00e4sslich. Die Lilano Wollschlafs\u00e4cke f\u00fcr Babys bieten W\u00e4rme, Weichheit und Sicherheit in einem Produkt. Wolle ist ein nat\u00fcrliches Material, das die K\u00f6rpertemperatur deines Babys reguliert und Feuchtigkeit ableitet, sodass dein Kind die ganze Nacht trocken und bequem bleibt. Ein Lilano Wollschlafsack f\u00fchlt sich weich an, besteht aus weichem Wollfrottee und kratzt nicht. Er sorgt daf\u00fcr, dass dein Baby ruhig schlafen kann, ohne zu \u00fcberhitzen.<\/p>\n<p>Neben den Wollschlafs\u00e4cken bietet Lilano auch \u00c4rmellose Schlafs\u00e4cke f\u00fcr Babys und Kleinkinder an. Wolfrottee ist leicht, warm und pflegeleicht, was es ideal f\u00fcr vielbesch\u00e4ftigte Eltern macht. Egal, ob Sie sich f\u00fcr einen Lilano Wollschlafsack mit \u00c4rmeln oder einen Lilano Schlafsack ohne \u00c4rmeln entscheiden, beide sorgen f\u00fcr eine sichere und komfortable Schlafumgebung f\u00fcr Ihr Baby.<\/p>\n<p>Die Lilano Baby-Schlafs\u00e4cke verbinden Funktionalit\u00e4t mit hochwertiger Qualit\u00e4t. Wolle-Schlafs\u00e4cke von Lilano sind langlebig, bleiben auch nach h\u00e4ufigem Waschen weich und tragen zu einer nat\u00fcrlichen und umweltfreundlichen Wahl bei. Wolfrottee-Schlafs\u00e4cke trocknen schnell und sind leicht sauber zu halten, ohne dass der Komfort verloren geht.<\/p>\n<p>Ob es nun Winter oder Sommer ist, mit einem Lilano-Schlafsack hat Ihr Baby es niemals zu warm oder zu kalt. Sie sind mit Blick auf die Sicherheit entworfen, sodass Ihr Kind sich frei bewegen kann, ohne Gefahr des Erstickens. Geben Sie Ihrem Baby das Beste mit Lilano-Wollschlafs\u00e4cken: W\u00e4rme, Weichheit und Qualit\u00e4t f\u00fcr eine ruhige und sichere Nachtruhe.<\/p>","protected":false},"excerpt":{"rendered":"<p>Lilano wollen slaapzak voor baby\u2019s | Zacht &amp; warm Voor een rustige en comfortabele nachtrust van je baby is de juiste slaapzak essentieel. De Lilano wollen slaapzakken voor baby\u2019s bieden warmte, zachtheid en veiligheid in \u00e9\u00e9n product. Wol is een natuurlijk materiaal dat de lichaamstemperatuur van je baby reguleert en vocht afvoert, waardoor je kindje [&hellip;]<\/p>\n","protected":false},"featured_media":11863,"comment_status":"open","ping_status":"closed","template":"","meta":[],"product_brand":[519],"product_cat":[588,46,16,278],"product_tag":[741,139],"class_list":{"0":"post-11857","1":"product","2":"type-product","3":"status-publish","4":"has-post-thumbnail","6":"product_brand-lilano","7":"product_cat-alles-van-wol-zijde","8":"product_cat-maat-62-68","9":"product_cat-newborn","10":"product_cat-slaapzakken-en-dekens","11":"product_tag-wol-fleece-slaapzak","12":"product_tag-wollen-slaapzak","14":"first","15":"instock","16":"taxable","17":"shipping-taxable","18":"purchasable","19":"product-type-variable"},"yoast_head":"<!-- This site is optimized with the Yoast SEO plugin v27.4 - https:\/\/yoast.com\/product\/yoast-seo-wordpress\/ -->\n<title>Lilano wollen slaapzak voor baby\u2019s | Zacht &amp; warm met 100% wol<\/title>\n<meta name=\"description\" content=\"Lilano wollen slaapzak voor baby\u2019s | Zacht &amp; warm met 100% wol. Veilig, warm en comfortabel voor een rustige en fijne nachtrust van je kindje.\" \/>\n<meta name=\"robots\" content=\"index, follow, max-snippet:-1, max-image-preview:large, max-video-preview:-1\" \/>\n<link rel=\"canonical\" href=\"https:\/\/www.castlevernie.nl\/de\/produkt\/lilano-slaapzak-gestreept-wolplusche-grijs\/\" \/>\n<meta property=\"og:locale\" content=\"de_DE\" \/>\n<meta property=\"og:type\" content=\"article\" \/>\n<meta property=\"og:title\" content=\"Lilano wollen slaapzak voor baby\u2019s | Zacht &amp; warm met 100% wol\" \/>\n<meta property=\"og:description\" content=\"Lilano wollen slaapzak voor baby\u2019s | Zacht &amp; warm met 100% wol. Veilig, warm en comfortabel voor een rustige en fijne nachtrust van je kindje.\" \/>\n<meta property=\"og:url\" content=\"https:\/\/www.castlevernie.nl\/de\/produkt\/lilano-slaapzak-gestreept-wolplusche-grijs\/\" \/>\n<meta property=\"og:site_name\" content=\"Castle Vernie Fashion Shop\" \/>\n<meta property=\"article:publisher\" content=\"https:\/\/m.facebook.com\/Castle-Vernie-Fashion-Shop-110667857399440\" \/>\n<meta property=\"article:modified_time\" content=\"2026-02-24T12:31:26+00:00\" \/>\n<meta property=\"og:image\" content=\"https:\/\/www.castlevernie.nl\/wordpress\/wp-content\/uploads\/2025\/09\/WhatsApp-Image-2025-09-13-at-10.16.04-3.jpeg\" \/>\n\t<meta property=\"og:image:width\" content=\"1080\" \/>\n\t<meta property=\"og:image:height\" content=\"1080\" \/>\n\t<meta property=\"og:image:type\" content=\"image\/jpeg\" \/>\n<meta name=\"twitter:card\" content=\"summary_large_image\" \/>\n<meta name=\"twitter:label1\" content=\"Gesch\u00e4tzte Lesezeit\" \/>\n\t<meta name=\"twitter:data1\" content=\"2\u00a0Minuten\" \/>\n<script type=\"application\/ld+json\" class=\"yoast-schema-graph\">{\"@context\":\"https:\\\/\\\/schema.org\",\"@graph\":[{\"@type\":\"WebPage\",\"@id\":\"https:\\\/\\\/www.castlevernie.nl\\\/product\\\/lilano-slaapzak-gestreept-wolplusche-grijs\\\/\",\"url\":\"https:\\\/\\\/www.castlevernie.nl\\\/product\\\/lilano-slaapzak-gestreept-wolplusche-grijs\\\/\",\"name\":\"Lilano wollen slaapzak voor baby\u2019s | Zacht & warm met 100% wol\",\"isPartOf\":{\"@id\":\"https:\\\/\\\/www.castlevernie.nl\\\/#website\"},\"primaryImageOfPage\":{\"@id\":\"https:\\\/\\\/www.castlevernie.nl\\\/product\\\/lilano-slaapzak-gestreept-wolplusche-grijs\\\/#primaryimage\"},\"image\":{\"@id\":\"https:\\\/\\\/www.castlevernie.nl\\\/product\\\/lilano-slaapzak-gestreept-wolplusche-grijs\\\/#primaryimage\"},\"thumbnailUrl\":\"https:\\\/\\\/www.castlevernie.nl\\\/wordpress\\\/wp-content\\\/uploads\\\/2025\\\/09\\\/WhatsApp-Image-2025-09-13-at-10.16.04-3.jpeg\",\"datePublished\":\"2025-09-13T08:26:09+00:00\",\"dateModified\":\"2026-02-24T12:31:26+00:00\",\"description\":\"Lilano wollen slaapzak voor baby\u2019s | Zacht & warm met 100% wol. Veilig, warm en comfortabel voor een rustige en fijne nachtrust van je kindje.\",\"breadcrumb\":{\"@id\":\"https:\\\/\\\/www.castlevernie.nl\\\/product\\\/lilano-slaapzak-gestreept-wolplusche-grijs\\\/#breadcrumb\"},\"inLanguage\":\"de\",\"potentialAction\":[{\"@type\":\"ReadAction\",\"target\":[\"https:\\\/\\\/www.castlevernie.nl\\\/product\\\/lilano-slaapzak-gestreept-wolplusche-grijs\\\/\"]}]},{\"@type\":\"ImageObject\",\"inLanguage\":\"de\",\"@id\":\"https:\\\/\\\/www.castlevernie.nl\\\/product\\\/lilano-slaapzak-gestreept-wolplusche-grijs\\\/#primaryimage\",\"url\":\"https:\\\/\\\/www.castlevernie.nl\\\/wordpress\\\/wp-content\\\/uploads\\\/2025\\\/09\\\/WhatsApp-Image-2025-09-13-at-10.16.04-3.jpeg\",\"contentUrl\":\"https:\\\/\\\/www.castlevernie.nl\\\/wordpress\\\/wp-content\\\/uploads\\\/2025\\\/09\\\/WhatsApp-Image-2025-09-13-at-10.16.04-3.jpeg\",\"width\":1080,\"height\":1080,\"caption\":\"wolfleece lilano slaapzak gestreept\"},{\"@type\":\"BreadcrumbList\",\"@id\":\"https:\\\/\\\/www.castlevernie.nl\\\/product\\\/lilano-slaapzak-gestreept-wolplusche-grijs\\\/#breadcrumb\",\"itemListElement\":[{\"@type\":\"ListItem\",\"position\":1,\"name\":\"Home\",\"item\":\"https:\\\/\\\/www.castlevernie.nl\\\/\"},{\"@type\":\"ListItem\",\"position\":2,\"name\":\"Winkel\",\"item\":\"https:\\\/\\\/www.castlevernie.nl\\\/winkel\\\/\"},{\"@type\":\"ListItem\",\"position\":3,\"name\":\"Lilano slaapzak gestreept wolplush Grijs\"}]},{\"@type\":\"WebSite\",\"@id\":\"https:\\\/\\\/www.castlevernie.nl\\\/#website\",\"url\":\"https:\\\/\\\/www.castlevernie.nl\\\/\",\"name\":\"Castle Vernie Fashion Shop\",\"description\":\"\",\"publisher\":{\"@id\":\"https:\\\/\\\/www.castlevernie.nl\\\/#organization\"},\"potentialAction\":[{\"@type\":\"SearchAction\",\"target\":{\"@type\":\"EntryPoint\",\"urlTemplate\":\"https:\\\/\\\/www.castlevernie.nl\\\/?s={search_term_string}\"},\"query-input\":{\"@type\":\"PropertyValueSpecification\",\"valueRequired\":true,\"valueName\":\"search_term_string\"}}],\"inLanguage\":\"de\"},{\"@type\":\"Organization\",\"@id\":\"https:\\\/\\\/www.castlevernie.nl\\\/#organization\",\"name\":\"Castle Vernie\",\"url\":\"https:\\\/\\\/www.castlevernie.nl\\\/\",\"logo\":{\"@type\":\"ImageObject\",\"inLanguage\":\"de\",\"@id\":\"https:\\\/\\\/www.castlevernie.nl\\\/#\\\/schema\\\/logo\\\/image\\\/\",\"url\":\"https:\\\/\\\/www.castlevernie.nl\\\/wordpress\\\/wp-content\\\/uploads\\\/2025\\\/07\\\/header-logo-3.png\",\"contentUrl\":\"https:\\\/\\\/www.castlevernie.nl\\\/wordpress\\\/wp-content\\\/uploads\\\/2025\\\/07\\\/header-logo-3.png\",\"width\":780,\"height\":260,\"caption\":\"Castle Vernie\"},\"image\":{\"@id\":\"https:\\\/\\\/www.castlevernie.nl\\\/#\\\/schema\\\/logo\\\/image\\\/\"},\"sameAs\":[\"https:\\\/\\\/m.facebook.com\\\/Castle-Vernie-Fashion-Shop-110667857399440\"]}]}<\/script>\n<!-- \/ Yoast SEO plugin. -->","yoast_head_json":{"title":"Lilano wollen slaapzak voor baby\u2019s | Zacht & warm met 100% wol","description":"Lilano wollen slaapzak voor baby\u2019s | Zacht & warm met 100% wol. Veilig, warm en comfortabel voor een rustige en fijne nachtrust van je kindje.","robots":{"index":"index","follow":"follow","max-snippet":"max-snippet:-1","max-image-preview":"max-image-preview:large","max-video-preview":"max-video-preview:-1"},"canonical":"https:\/\/www.castlevernie.nl\/de\/produkt\/lilano-slaapzak-gestreept-wolplusche-grijs\/","og_locale":"de_DE","og_type":"article","og_title":"Lilano wollen slaapzak voor baby\u2019s | Zacht & warm met 100% wol","og_description":"Lilano wollen slaapzak voor baby\u2019s | Zacht & warm met 100% wol. Veilig, warm en comfortabel voor een rustige en fijne nachtrust van je kindje.","og_url":"https:\/\/www.castlevernie.nl\/de\/produkt\/lilano-slaapzak-gestreept-wolplusche-grijs\/","og_site_name":"Castle Vernie Fashion Shop","article_publisher":"https:\/\/m.facebook.com\/Castle-Vernie-Fashion-Shop-110667857399440","article_modified_time":"2026-02-24T12:31:26+00:00","og_image":[{"width":1080,"height":1080,"url":"https:\/\/www.castlevernie.nl\/wordpress\/wp-content\/uploads\/2025\/09\/WhatsApp-Image-2025-09-13-at-10.16.04-3.jpeg","type":"image\/jpeg"}],"twitter_card":"summary_large_image","twitter_misc":{"Gesch\u00e4tzte Lesezeit":"2\u00a0Minuten"},"schema":{"@context":"https:\/\/schema.org","@graph":[{"@type":"WebPage","@id":"https:\/\/www.castlevernie.nl\/product\/lilano-slaapzak-gestreept-wolplusche-grijs\/","url":"https:\/\/www.castlevernie.nl\/product\/lilano-slaapzak-gestreept-wolplusche-grijs\/","name":"Lilano wollen slaapzak voor baby\u2019s | Zacht & warm met 100% wol","isPartOf":{"@id":"https:\/\/www.castlevernie.nl\/#website"},"primaryImageOfPage":{"@id":"https:\/\/www.castlevernie.nl\/product\/lilano-slaapzak-gestreept-wolplusche-grijs\/#primaryimage"},"image":{"@id":"https:\/\/www.castlevernie.nl\/product\/lilano-slaapzak-gestreept-wolplusche-grijs\/#primaryimage"},"thumbnailUrl":"https:\/\/www.castlevernie.nl\/wordpress\/wp-content\/uploads\/2025\/09\/WhatsApp-Image-2025-09-13-at-10.16.04-3.jpeg","datePublished":"2025-09-13T08:26:09+00:00","dateModified":"2026-02-24T12:31:26+00:00","description":"Lilano wollen slaapzak voor baby\u2019s | Zacht & warm met 100% wol. Veilig, warm en comfortabel voor een rustige en fijne nachtrust van je kindje.","breadcrumb":{"@id":"https:\/\/www.castlevernie.nl\/product\/lilano-slaapzak-gestreept-wolplusche-grijs\/#breadcrumb"},"inLanguage":"de","potentialAction":[{"@type":"ReadAction","target":["https:\/\/www.castlevernie.nl\/product\/lilano-slaapzak-gestreept-wolplusche-grijs\/"]}]},{"@type":"ImageObject","inLanguage":"de","@id":"https:\/\/www.castlevernie.nl\/product\/lilano-slaapzak-gestreept-wolplusche-grijs\/#primaryimage","url":"https:\/\/www.castlevernie.nl\/wordpress\/wp-content\/uploads\/2025\/09\/WhatsApp-Image-2025-09-13-at-10.16.04-3.jpeg","contentUrl":"https:\/\/www.castlevernie.nl\/wordpress\/wp-content\/uploads\/2025\/09\/WhatsApp-Image-2025-09-13-at-10.16.04-3.jpeg","width":1080,"height":1080,"caption":"wolfleece lilano slaapzak gestreept"},{"@type":"BreadcrumbList","@id":"https:\/\/www.castlevernie.nl\/product\/lilano-slaapzak-gestreept-wolplusche-grijs\/#breadcrumb","itemListElement":[{"@type":"ListItem","position":1,"name":"Home","item":"https:\/\/www.castlevernie.nl\/"},{"@type":"ListItem","position":2,"name":"Winkel","item":"https:\/\/www.castlevernie.nl\/winkel\/"},{"@type":"ListItem","position":3,"name":"Lilano slaapzak gestreept wolplush Grijs"}]},{"@type":"WebSite","@id":"https:\/\/www.castlevernie.nl\/#website","url":"https:\/\/www.castlevernie.nl\/","name":"Schloss Vernie Modegesch\u00e4ft","description":"","publisher":{"@id":"https:\/\/www.castlevernie.nl\/#organization"},"potentialAction":[{"@type":"SearchAction","target":{"@type":"EntryPoint","urlTemplate":"https:\/\/www.castlevernie.nl\/?s={search_term_string}"},"query-input":{"@type":"PropertyValueSpecification","valueRequired":true,"valueName":"search_term_string"}}],"inLanguage":"de"},{"@type":"Organization","@id":"https:\/\/www.castlevernie.nl\/#organization","name":"Castle Vernie","url":"https:\/\/www.castlevernie.nl\/","logo":{"@type":"ImageObject","inLanguage":"de","@id":"https:\/\/www.castlevernie.nl\/#\/schema\/logo\/image\/","url":"https:\/\/www.castlevernie.nl\/wordpress\/wp-content\/uploads\/2025\/07\/header-logo-3.png","contentUrl":"https:\/\/www.castlevernie.nl\/wordpress\/wp-content\/uploads\/2025\/07\/header-logo-3.png","width":780,"height":260,"caption":"Castle Vernie"},"image":{"@id":"https:\/\/www.castlevernie.nl\/#\/schema\/logo\/image\/"},"sameAs":["https:\/\/m.facebook.com\/Castle-Vernie-Fashion-Shop-110667857399440"]}]}},"_links":{"self":[{"href":"https:\/\/www.castlevernie.nl\/de\/wp-json\/wp\/v2\/product\/11857","targetHints":{"allow":["GET"]}}],"collection":[{"href":"https:\/\/www.castlevernie.nl\/de\/wp-json\/wp\/v2\/product"}],"about":[{"href":"https:\/\/www.castlevernie.nl\/de\/wp-json\/wp\/v2\/types\/product"}],"replies":[{"embeddable":true,"href":"https:\/\/www.castlevernie.nl\/de\/wp-json\/wp\/v2\/comments?post=11857"}],"wp:featuredmedia":[{"embeddable":true,"href":"https:\/\/www.castlevernie.nl\/de\/wp-json\/wp\/v2\/media\/11863"}],"wp:attachment":[{"href":"https:\/\/www.castlevernie.nl\/de\/wp-json\/wp\/v2\/media?parent=11857"}],"wp:term":[{"taxonomy":"product_brand","embeddable":true,"href":"https:\/\/www.castlevernie.nl\/de\/wp-json\/wp\/v2\/product_brand?post=11857"},{"taxonomy":"product_cat","embeddable":true,"href":"https:\/\/www.castlevernie.nl\/de\/wp-json\/wp\/v2\/product_cat?post=11857"},{"taxonomy":"product_tag","embeddable":true,"href":"https:\/\/www.castlevernie.nl\/de\/wp-json\/wp\/v2\/product_tag?post=11857"}],"curies":[{"name":"wp","href":"https:\/\/api.w.org\/{rel}","templated":true}]}}