{"id":11843,"date":"2025-09-12T19:50:02","date_gmt":"2025-09-12T19:50:02","guid":{"rendered":"https:\/\/www.castlevernie.nl\/?post_type=product&#038;p=11843"},"modified":"2026-02-16T07:24:03","modified_gmt":"2026-02-16T07:24:03","slug":"lilano-wolzijde-romper-curry","status":"publish","type":"product","link":"https:\/\/www.castlevernie.nl\/de\/produkt\/lilano-wolzijde-romper-curry\/","title":{"rendered":"Lilano &#8211; Wolzijde Romper Curry Gestreept"},"content":{"rendered":"<h5>Lilano Seiden-Strampler \u2013 nat\u00fcrlicher Komfort f\u00fcr dein Baby<\/h5>\n<p>Der Lilano Woll-Seide-Body ist ein echtes Must-have f\u00fcr Babys und Kinder, die nur das Beste verdienen. Dieser Body besteht aus einer einzigartigen Mischung von Wolle und Seide: eine Kombination, die f\u00fcr ihre Atmungsaktivit\u00e4t, Weichheit und Temperaturregulierung bekannt ist. Wolle sorgt daf\u00fcr, dass Ihr Kind an kalten Tagen warm bleibt, w\u00e4hrend Seide sich weich und angenehm auf der Haut anf\u00fchlt. Dadurch ist der Body nicht nur ideal f\u00fcr den Winter, sondern auch perfekt an w\u00e4rmeren Tagen.<\/p>\n<p>Was den Wollseiden-Body so besonders macht, ist, dass er sich an die K\u00f6rpertemperatur Ihres Kindes anpasst. Sie m\u00fcssen sich also weniger Sorgen \u00fcber Schwitzen oder Ausk\u00fchlen machen. Das macht den Lilano Wollseiden-Body zu einer angenehmen Basisschicht unter der Kleidung, aber er kann auch gut alleine getragen werden.<\/p>\n<p>Lilano ist bekannt f\u00fcr seine nachhaltige Produktion und die Verwendung von hochwertigen, nat\u00fcrlichen Materialien. Mit diesem Body w\u00e4hlst du eine bewusste und gesunde Option f\u00fcr dein Kind. Da der Stoff hypoallergen und atmungsaktiv ist, ist der Body auch sehr geeignet f\u00fcr Kinder mit empfindlicher Haut. Au\u00dferdem bleibt Merinowolle lange sch\u00f6n, sodass der Body \u00fcber Generationen hinweg getragen werden kann.<\/p>\n<p>Vorteile des Lilano Wollseide-Body:<br \/>\n\u2022 Nat\u00fcrlich atmungsaktiv und temperaturregulierend<br \/>\n\u2022 Seidenglatt und komfortabel auf der Haut<br \/>\n\u2022 Nachhaltig und von hoher Qualit\u00e4t<br \/>\n\u2022 Geeignet f\u00fcr Babys und Kinder mit empfindlicher Haut<\/p>\n<p>Mit dem Lilano Wolle-Seide Body entscheidest du dich nicht nur f\u00fcr Komfort, sondern auch f\u00fcr eine nachhaltige Grundlage im Kleiderschrank deines Kindes. Eine Investition in Qualit\u00e4t, von der du jeden Tag Freude hast.<\/p>","protected":false},"excerpt":{"rendered":"<p>Lilano wolzijde romper \u2013 natuurlijk comfort voor je kindje De Lilano wolzijde romper is een echte must-have voor baby\u2019s en kinderen die het beste verdienen. Deze romper is gemaakt van een unieke mix van wol en zijde: een combinatie die bekend staat om zijn ademend vermogen, zachtheid en temperatuurregulatie. Wol zorgt ervoor dat je kindje [&hellip;]<\/p>\n","protected":false},"featured_media":11853,"comment_status":"open","ping_status":"closed","template":"","meta":[],"product_brand":[519],"product_cat":[588,46,47,48],"product_tag":[483],"class_list":{"0":"post-11843","1":"product","2":"type-product","3":"status-publish","4":"has-post-thumbnail","6":"product_brand-lilano","7":"product_cat-alles-van-wol-zijde","8":"product_cat-maat-62-68","9":"product_cat-maat-74-80","10":"product_cat-maat-86-82","11":"product_tag-wolzijde-romper","13":"first","14":"instock","15":"taxable","16":"shipping-taxable","17":"purchasable","18":"product-type-variable"},"yoast_head":"<!-- This site is optimized with the Yoast SEO plugin v27.4 - https:\/\/yoast.com\/product\/yoast-seo-wordpress\/ -->\n<title>Lilano wolzijde romper \u2013 Natuurlijk comfortabel en zacht<\/title>\n<meta name=\"description\" content=\"Ontdek de Lilano wolzijde romper. Duurzaam, ademend en zacht voor de huid. Perfecte basislaag voor baby\u2019s en kinderen, zomer en winter.\" \/>\n<meta name=\"robots\" content=\"index, follow, max-snippet:-1, max-image-preview:large, max-video-preview:-1\" \/>\n<link rel=\"canonical\" href=\"https:\/\/www.castlevernie.nl\/de\/produkt\/lilano-wolzijde-romper-curry\/\" \/>\n<meta property=\"og:locale\" content=\"de_DE\" \/>\n<meta property=\"og:type\" content=\"article\" \/>\n<meta property=\"og:title\" content=\"Lilano wolzijde romper \u2013 Natuurlijk comfortabel en zacht\" \/>\n<meta property=\"og:description\" content=\"Ontdek de Lilano wolzijde romper. Duurzaam, ademend en zacht voor de huid. Perfecte basislaag voor baby\u2019s en kinderen, zomer en winter.\" \/>\n<meta property=\"og:url\" content=\"https:\/\/www.castlevernie.nl\/de\/produkt\/lilano-wolzijde-romper-curry\/\" \/>\n<meta property=\"og:site_name\" content=\"Castle Vernie Fashion Shop\" \/>\n<meta property=\"article:publisher\" content=\"https:\/\/m.facebook.com\/Castle-Vernie-Fashion-Shop-110667857399440\" \/>\n<meta property=\"article:modified_time\" content=\"2026-02-16T07:24:03+00:00\" \/>\n<meta property=\"og:image\" content=\"https:\/\/www.castlevernie.nl\/wordpress\/wp-content\/uploads\/2025\/09\/lilano-wollen-romper-cuury.jpg\" \/>\n\t<meta property=\"og:image:width\" content=\"1080\" \/>\n\t<meta property=\"og:image:height\" content=\"1080\" \/>\n\t<meta property=\"og:image:type\" content=\"image\/jpeg\" \/>\n<meta name=\"twitter:card\" content=\"summary_large_image\" \/>\n<meta name=\"twitter:label1\" content=\"Gesch\u00e4tzte Lesezeit\" \/>\n\t<meta name=\"twitter:data1\" content=\"2\u00a0Minuten\" \/>\n<script type=\"application\/ld+json\" class=\"yoast-schema-graph\">{\"@context\":\"https:\\\/\\\/schema.org\",\"@graph\":[{\"@type\":\"WebPage\",\"@id\":\"https:\\\/\\\/www.castlevernie.nl\\\/product\\\/lilano-wolzijde-romper-curry\\\/\",\"url\":\"https:\\\/\\\/www.castlevernie.nl\\\/product\\\/lilano-wolzijde-romper-curry\\\/\",\"name\":\"Lilano wolzijde romper \u2013 Natuurlijk comfortabel en zacht\",\"isPartOf\":{\"@id\":\"https:\\\/\\\/www.castlevernie.nl\\\/#website\"},\"primaryImageOfPage\":{\"@id\":\"https:\\\/\\\/www.castlevernie.nl\\\/product\\\/lilano-wolzijde-romper-curry\\\/#primaryimage\"},\"image\":{\"@id\":\"https:\\\/\\\/www.castlevernie.nl\\\/product\\\/lilano-wolzijde-romper-curry\\\/#primaryimage\"},\"thumbnailUrl\":\"https:\\\/\\\/www.castlevernie.nl\\\/wordpress\\\/wp-content\\\/uploads\\\/2025\\\/09\\\/lilano-wollen-romper-cuury.jpg\",\"datePublished\":\"2025-09-12T19:50:02+00:00\",\"dateModified\":\"2026-02-16T07:24:03+00:00\",\"description\":\"Ontdek de Lilano wolzijde romper. Duurzaam, ademend en zacht voor de huid. Perfecte basislaag voor baby\u2019s en kinderen, zomer en winter.\",\"breadcrumb\":{\"@id\":\"https:\\\/\\\/www.castlevernie.nl\\\/product\\\/lilano-wolzijde-romper-curry\\\/#breadcrumb\"},\"inLanguage\":\"de\",\"potentialAction\":[{\"@type\":\"ReadAction\",\"target\":[\"https:\\\/\\\/www.castlevernie.nl\\\/product\\\/lilano-wolzijde-romper-curry\\\/\"]}]},{\"@type\":\"ImageObject\",\"inLanguage\":\"de\",\"@id\":\"https:\\\/\\\/www.castlevernie.nl\\\/product\\\/lilano-wolzijde-romper-curry\\\/#primaryimage\",\"url\":\"https:\\\/\\\/www.castlevernie.nl\\\/wordpress\\\/wp-content\\\/uploads\\\/2025\\\/09\\\/lilano-wollen-romper-cuury.jpg\",\"contentUrl\":\"https:\\\/\\\/www.castlevernie.nl\\\/wordpress\\\/wp-content\\\/uploads\\\/2025\\\/09\\\/lilano-wollen-romper-cuury.jpg\",\"width\":1080,\"height\":1080,\"caption\":\"lilano romper curry wolzijde\"},{\"@type\":\"BreadcrumbList\",\"@id\":\"https:\\\/\\\/www.castlevernie.nl\\\/product\\\/lilano-wolzijde-romper-curry\\\/#breadcrumb\",\"itemListElement\":[{\"@type\":\"ListItem\",\"position\":1,\"name\":\"Home\",\"item\":\"https:\\\/\\\/www.castlevernie.nl\\\/\"},{\"@type\":\"ListItem\",\"position\":2,\"name\":\"Winkel\",\"item\":\"https:\\\/\\\/www.castlevernie.nl\\\/winkel\\\/\"},{\"@type\":\"ListItem\",\"position\":3,\"name\":\"Lilano &#8211; Wolzijde Romper Curry Gestreept\"}]},{\"@type\":\"WebSite\",\"@id\":\"https:\\\/\\\/www.castlevernie.nl\\\/#website\",\"url\":\"https:\\\/\\\/www.castlevernie.nl\\\/\",\"name\":\"Castle Vernie Fashion Shop\",\"description\":\"\",\"publisher\":{\"@id\":\"https:\\\/\\\/www.castlevernie.nl\\\/#organization\"},\"potentialAction\":[{\"@type\":\"SearchAction\",\"target\":{\"@type\":\"EntryPoint\",\"urlTemplate\":\"https:\\\/\\\/www.castlevernie.nl\\\/?s={search_term_string}\"},\"query-input\":{\"@type\":\"PropertyValueSpecification\",\"valueRequired\":true,\"valueName\":\"search_term_string\"}}],\"inLanguage\":\"de\"},{\"@type\":\"Organization\",\"@id\":\"https:\\\/\\\/www.castlevernie.nl\\\/#organization\",\"name\":\"Castle Vernie\",\"url\":\"https:\\\/\\\/www.castlevernie.nl\\\/\",\"logo\":{\"@type\":\"ImageObject\",\"inLanguage\":\"de\",\"@id\":\"https:\\\/\\\/www.castlevernie.nl\\\/#\\\/schema\\\/logo\\\/image\\\/\",\"url\":\"https:\\\/\\\/www.castlevernie.nl\\\/wordpress\\\/wp-content\\\/uploads\\\/2025\\\/07\\\/header-logo-3.png\",\"contentUrl\":\"https:\\\/\\\/www.castlevernie.nl\\\/wordpress\\\/wp-content\\\/uploads\\\/2025\\\/07\\\/header-logo-3.png\",\"width\":780,\"height\":260,\"caption\":\"Castle Vernie\"},\"image\":{\"@id\":\"https:\\\/\\\/www.castlevernie.nl\\\/#\\\/schema\\\/logo\\\/image\\\/\"},\"sameAs\":[\"https:\\\/\\\/m.facebook.com\\\/Castle-Vernie-Fashion-Shop-110667857399440\"]}]}<\/script>\n<!-- \/ Yoast SEO plugin. -->","yoast_head_json":{"title":"Lilano wolzijde romper \u2013 Natuurlijk comfortabel en zacht","description":"Ontdek de Lilano wolzijde romper. Duurzaam, ademend en zacht voor de huid. Perfecte basislaag voor baby\u2019s en kinderen, zomer en winter.","robots":{"index":"index","follow":"follow","max-snippet":"max-snippet:-1","max-image-preview":"max-image-preview:large","max-video-preview":"max-video-preview:-1"},"canonical":"https:\/\/www.castlevernie.nl\/de\/produkt\/lilano-wolzijde-romper-curry\/","og_locale":"de_DE","og_type":"article","og_title":"Lilano wolzijde romper \u2013 Natuurlijk comfortabel en zacht","og_description":"Ontdek de Lilano wolzijde romper. Duurzaam, ademend en zacht voor de huid. Perfecte basislaag voor baby\u2019s en kinderen, zomer en winter.","og_url":"https:\/\/www.castlevernie.nl\/de\/produkt\/lilano-wolzijde-romper-curry\/","og_site_name":"Castle Vernie Fashion Shop","article_publisher":"https:\/\/m.facebook.com\/Castle-Vernie-Fashion-Shop-110667857399440","article_modified_time":"2026-02-16T07:24:03+00:00","og_image":[{"width":1080,"height":1080,"url":"https:\/\/www.castlevernie.nl\/wordpress\/wp-content\/uploads\/2025\/09\/lilano-wollen-romper-cuury.jpg","type":"image\/jpeg"}],"twitter_card":"summary_large_image","twitter_misc":{"Gesch\u00e4tzte Lesezeit":"2\u00a0Minuten"},"schema":{"@context":"https:\/\/schema.org","@graph":[{"@type":"WebPage","@id":"https:\/\/www.castlevernie.nl\/product\/lilano-wolzijde-romper-curry\/","url":"https:\/\/www.castlevernie.nl\/product\/lilano-wolzijde-romper-curry\/","name":"Lilano wolzijde romper \u2013 Natuurlijk comfortabel en zacht","isPartOf":{"@id":"https:\/\/www.castlevernie.nl\/#website"},"primaryImageOfPage":{"@id":"https:\/\/www.castlevernie.nl\/product\/lilano-wolzijde-romper-curry\/#primaryimage"},"image":{"@id":"https:\/\/www.castlevernie.nl\/product\/lilano-wolzijde-romper-curry\/#primaryimage"},"thumbnailUrl":"https:\/\/www.castlevernie.nl\/wordpress\/wp-content\/uploads\/2025\/09\/lilano-wollen-romper-cuury.jpg","datePublished":"2025-09-12T19:50:02+00:00","dateModified":"2026-02-16T07:24:03+00:00","description":"Ontdek de Lilano wolzijde romper. Duurzaam, ademend en zacht voor de huid. Perfecte basislaag voor baby\u2019s en kinderen, zomer en winter.","breadcrumb":{"@id":"https:\/\/www.castlevernie.nl\/product\/lilano-wolzijde-romper-curry\/#breadcrumb"},"inLanguage":"de","potentialAction":[{"@type":"ReadAction","target":["https:\/\/www.castlevernie.nl\/product\/lilano-wolzijde-romper-curry\/"]}]},{"@type":"ImageObject","inLanguage":"de","@id":"https:\/\/www.castlevernie.nl\/product\/lilano-wolzijde-romper-curry\/#primaryimage","url":"https:\/\/www.castlevernie.nl\/wordpress\/wp-content\/uploads\/2025\/09\/lilano-wollen-romper-cuury.jpg","contentUrl":"https:\/\/www.castlevernie.nl\/wordpress\/wp-content\/uploads\/2025\/09\/lilano-wollen-romper-cuury.jpg","width":1080,"height":1080,"caption":"lilano romper curry wolzijde"},{"@type":"BreadcrumbList","@id":"https:\/\/www.castlevernie.nl\/product\/lilano-wolzijde-romper-curry\/#breadcrumb","itemListElement":[{"@type":"ListItem","position":1,"name":"Home","item":"https:\/\/www.castlevernie.nl\/"},{"@type":"ListItem","position":2,"name":"Winkel","item":"https:\/\/www.castlevernie.nl\/winkel\/"},{"@type":"ListItem","position":3,"name":"Lilano &#8211; Wolzijde Romper Curry Gestreept"}]},{"@type":"WebSite","@id":"https:\/\/www.castlevernie.nl\/#website","url":"https:\/\/www.castlevernie.nl\/","name":"Schloss Vernie Modegesch\u00e4ft","description":"","publisher":{"@id":"https:\/\/www.castlevernie.nl\/#organization"},"potentialAction":[{"@type":"SearchAction","target":{"@type":"EntryPoint","urlTemplate":"https:\/\/www.castlevernie.nl\/?s={search_term_string}"},"query-input":{"@type":"PropertyValueSpecification","valueRequired":true,"valueName":"search_term_string"}}],"inLanguage":"de"},{"@type":"Organization","@id":"https:\/\/www.castlevernie.nl\/#organization","name":"Castle Vernie","url":"https:\/\/www.castlevernie.nl\/","logo":{"@type":"ImageObject","inLanguage":"de","@id":"https:\/\/www.castlevernie.nl\/#\/schema\/logo\/image\/","url":"https:\/\/www.castlevernie.nl\/wordpress\/wp-content\/uploads\/2025\/07\/header-logo-3.png","contentUrl":"https:\/\/www.castlevernie.nl\/wordpress\/wp-content\/uploads\/2025\/07\/header-logo-3.png","width":780,"height":260,"caption":"Castle Vernie"},"image":{"@id":"https:\/\/www.castlevernie.nl\/#\/schema\/logo\/image\/"},"sameAs":["https:\/\/m.facebook.com\/Castle-Vernie-Fashion-Shop-110667857399440"]}]}},"_links":{"self":[{"href":"https:\/\/www.castlevernie.nl\/de\/wp-json\/wp\/v2\/product\/11843","targetHints":{"allow":["GET"]}}],"collection":[{"href":"https:\/\/www.castlevernie.nl\/de\/wp-json\/wp\/v2\/product"}],"about":[{"href":"https:\/\/www.castlevernie.nl\/de\/wp-json\/wp\/v2\/types\/product"}],"replies":[{"embeddable":true,"href":"https:\/\/www.castlevernie.nl\/de\/wp-json\/wp\/v2\/comments?post=11843"}],"wp:featuredmedia":[{"embeddable":true,"href":"https:\/\/www.castlevernie.nl\/de\/wp-json\/wp\/v2\/media\/11853"}],"wp:attachment":[{"href":"https:\/\/www.castlevernie.nl\/de\/wp-json\/wp\/v2\/media?parent=11843"}],"wp:term":[{"taxonomy":"product_brand","embeddable":true,"href":"https:\/\/www.castlevernie.nl\/de\/wp-json\/wp\/v2\/product_brand?post=11843"},{"taxonomy":"product_cat","embeddable":true,"href":"https:\/\/www.castlevernie.nl\/de\/wp-json\/wp\/v2\/product_cat?post=11843"},{"taxonomy":"product_tag","embeddable":true,"href":"https:\/\/www.castlevernie.nl\/de\/wp-json\/wp\/v2\/product_tag?post=11843"}],"curies":[{"name":"wp","href":"https:\/\/api.w.org\/{rel}","templated":true}]}}