{"id":11684,"date":"2025-09-05T10:30:09","date_gmt":"2025-09-05T10:30:09","guid":{"rendered":"https:\/\/www.castlevernie.nl\/?post_type=product&#038;p=11684"},"modified":"2026-01-23T19:11:54","modified_gmt":"2026-01-23T19:11:54","slug":"little-green-radicals-warme-katoenen-herfst-winter-trui","status":"publish","type":"product","link":"https:\/\/www.castlevernie.nl\/de\/produkt\/little-green-radicals-warme-katoenen-herfst-winter-trui\/","title":{"rendered":"Little Green Radicals | Strickpullover Ginger Aran"},"content":{"rendered":"<h5>Little Green Radicals warmer Baumwollpullover Herbst<\/h5>\n<p>Der warme Baumwoll-Herbst-Winterpullover von Little Green Radicals ist ein echtes Must-have f\u00fcr Kinder, die gerne komfortabel und stilvoll durch die kalten Monate gehen. Dieser Kinderpullover aus Bio-Baumwolle wurde speziell entwickelt, um W\u00e4rme und Weichheit mit der bew\u00e4hrten Qualit\u00e4t der Marke zu verbinden. Dank der atmungsaktiven Baumwollfasern bleibt Ihr Kind sch\u00f6n warm, ohne dass die Haut ins Schwitzen ger\u00e4t. Ideal f\u00fcr Herbstspazierg\u00e4nge, frische Wintertage und gem\u00fctliche Momente drinnen.<\/p>\n<p>Little Green Radicals ist bekannt f\u00fcr seine ehrliche und nachhaltige Produktion. Diese nachhaltige Kinderkleidung aus Baumwolle ist frei von sch\u00e4dlichen Stoffen und unter fairen Arbeitsbedingungen hergestellt. Das bedeutet nicht nur, dass Ihr Kind einen sicheren, hautfreundlichen Pullover tr\u00e4gt, sondern auch, dass Sie sich f\u00fcr eine bessere Welt entscheiden.<\/p>\n<p>Der Little Green Radicals Kinderpullover hat ein zeitloses Design, das sich leicht mit anderen Kleidungsst\u00fccken kombinieren l\u00e4sst. Tragen Sie ihn \u00fcber einem Body oder Langarmshirt f\u00fcr zus\u00e4tzliche W\u00e4rme oder kombinieren Sie ihn mit einer coolen Hose oder Leggings. Die weiche Baumwollstruktur macht den Pullover zudem knitterarm und pflegeleicht \u2013 ein praktischer Vorteil f\u00fcr besch\u00e4ftigte Familien.<\/p>\n<p>Ob Sie nun nach einem warmen Baumwollpullover f\u00fcr Herbst und Winter f\u00fcr den t\u00e4glichen Gebrauch suchen oder nach einem besonderen Outfit f\u00fcr die Feiertage, dieser Pullover ist eine vielseitige Wahl. Er f\u00fchlt sich weich an, beh\u00e4lt lange seine Sch\u00f6nheit und ist gegen h\u00e4ufiges Waschen best\u00e4ndig.<\/p>\n<p>W\u00e4hlen Sie die Qualit\u00e4t und Nachhaltigkeit von Little Green Radicals und geben Sie Ihrem Kind die W\u00e4rme, die es verdient. Eine bewusste Wahl f\u00fcr Eltern, die Wert auf Komfort, Stil und Nachhaltigkeit legen.<\/p>","protected":false},"excerpt":{"rendered":"<p>Little Green Radicals warme katoenen herfst De warme katoenen herfst winter trui van Little Green Radicals is een echte must-have voor kinderen die graag comfortabel en stijlvol de koude maanden ingaan. Deze biologische katoenen kindertrui is speciaal ontworpen om warmte en zachtheid te combineren met de vertrouwde kwaliteit van het merk. Dankzij de ademende katoenvezels [&hellip;]<\/p>\n","protected":false},"featured_media":11690,"comment_status":"open","ping_status":"closed","template":"","meta":[],"product_brand":[516],"product_cat":[589,50,51,52,48,49,17],"product_tag":[730,732,731],"class_list":{"0":"post-11684","1":"product","2":"type-product","3":"status-publish","4":"has-post-thumbnail","6":"product_brand-little-green-radicals","7":"product_cat-alles-van-biologisch-katoen","8":"product_cat-maat-110-116","9":"product_cat-maat-122-128","10":"product_cat-maat-134-140","11":"product_cat-maat-86-82","12":"product_cat-maat-98-104","13":"product_cat-sale","14":"product_tag-duurzame-kinderkleding-katoen","15":"product_tag-herfst-winter-kinderkleding","16":"product_tag-kindertruien-katoen","18":"first","19":"instock","20":"sale","21":"taxable","22":"shipping-taxable","23":"purchasable","24":"product-type-variable"},"yoast_head":"<!-- This site is optimized with the Yoast SEO plugin v27.4 - https:\/\/yoast.com\/product\/yoast-seo-wordpress\/ -->\n<title>Little Green Radicals | warme katoenen herfst winter trui<\/title>\n<meta name=\"description\" content=\"Ontdek de warme katoenen herfst winter trui van Little Green Radicals. Gemaakt van 100% biologisch katoen, zacht, duurzaam en perfect voor koude dagen.\" \/>\n<meta name=\"robots\" content=\"index, follow, max-snippet:-1, max-image-preview:large, max-video-preview:-1\" \/>\n<link rel=\"canonical\" href=\"https:\/\/www.castlevernie.nl\/de\/produkt\/little-green-radicals-warme-katoenen-herfst-winter-trui\/\" \/>\n<meta property=\"og:locale\" content=\"de_DE\" \/>\n<meta property=\"og:type\" content=\"article\" \/>\n<meta property=\"og:title\" content=\"Little Green Radicals | warme katoenen herfst winter trui\" \/>\n<meta property=\"og:description\" content=\"Ontdek de warme katoenen herfst winter trui van Little Green Radicals. Gemaakt van 100% biologisch katoen, zacht, duurzaam en perfect voor koude dagen.\" \/>\n<meta property=\"og:url\" content=\"https:\/\/www.castlevernie.nl\/de\/produkt\/little-green-radicals-warme-katoenen-herfst-winter-trui\/\" \/>\n<meta property=\"og:site_name\" content=\"Castle Vernie Fashion Shop\" \/>\n<meta property=\"article:publisher\" content=\"https:\/\/m.facebook.com\/Castle-Vernie-Fashion-Shop-110667857399440\" \/>\n<meta property=\"article:modified_time\" content=\"2026-01-23T19:11:54+00:00\" \/>\n<meta property=\"og:image\" content=\"https:\/\/www.castlevernie.nl\/wordpress\/wp-content\/uploads\/2025\/09\/WhatsApp-Image-2025-09-03-at-20.17.53.jpeg\" \/>\n\t<meta property=\"og:image:width\" content=\"1170\" \/>\n\t<meta property=\"og:image:height\" content=\"1156\" \/>\n\t<meta property=\"og:image:type\" content=\"image\/jpeg\" \/>\n<meta name=\"twitter:card\" content=\"summary_large_image\" \/>\n<meta name=\"twitter:label1\" content=\"Gesch\u00e4tzte Lesezeit\" \/>\n\t<meta name=\"twitter:data1\" content=\"2\u00a0Minuten\" \/>\n<script type=\"application\/ld+json\" class=\"yoast-schema-graph\">{\"@context\":\"https:\\\/\\\/schema.org\",\"@graph\":[{\"@type\":\"WebPage\",\"@id\":\"https:\\\/\\\/www.castlevernie.nl\\\/product\\\/little-green-radicals-warme-katoenen-herfst-winter-trui\\\/\",\"url\":\"https:\\\/\\\/www.castlevernie.nl\\\/product\\\/little-green-radicals-warme-katoenen-herfst-winter-trui\\\/\",\"name\":\"Little Green Radicals | warme katoenen herfst winter trui\",\"isPartOf\":{\"@id\":\"https:\\\/\\\/www.castlevernie.nl\\\/#website\"},\"primaryImageOfPage\":{\"@id\":\"https:\\\/\\\/www.castlevernie.nl\\\/product\\\/little-green-radicals-warme-katoenen-herfst-winter-trui\\\/#primaryimage\"},\"image\":{\"@id\":\"https:\\\/\\\/www.castlevernie.nl\\\/product\\\/little-green-radicals-warme-katoenen-herfst-winter-trui\\\/#primaryimage\"},\"thumbnailUrl\":\"https:\\\/\\\/www.castlevernie.nl\\\/wordpress\\\/wp-content\\\/uploads\\\/2025\\\/09\\\/WhatsApp-Image-2025-09-03-at-20.17.53.jpeg\",\"datePublished\":\"2025-09-05T10:30:09+00:00\",\"dateModified\":\"2026-01-23T19:11:54+00:00\",\"description\":\"Ontdek de warme katoenen herfst winter trui van Little Green Radicals. Gemaakt van 100% biologisch katoen, zacht, duurzaam en perfect voor koude dagen.\",\"breadcrumb\":{\"@id\":\"https:\\\/\\\/www.castlevernie.nl\\\/product\\\/little-green-radicals-warme-katoenen-herfst-winter-trui\\\/#breadcrumb\"},\"inLanguage\":\"de\",\"potentialAction\":[{\"@type\":\"ReadAction\",\"target\":[\"https:\\\/\\\/www.castlevernie.nl\\\/product\\\/little-green-radicals-warme-katoenen-herfst-winter-trui\\\/\"]}]},{\"@type\":\"ImageObject\",\"inLanguage\":\"de\",\"@id\":\"https:\\\/\\\/www.castlevernie.nl\\\/product\\\/little-green-radicals-warme-katoenen-herfst-winter-trui\\\/#primaryimage\",\"url\":\"https:\\\/\\\/www.castlevernie.nl\\\/wordpress\\\/wp-content\\\/uploads\\\/2025\\\/09\\\/WhatsApp-Image-2025-09-03-at-20.17.53.jpeg\",\"contentUrl\":\"https:\\\/\\\/www.castlevernie.nl\\\/wordpress\\\/wp-content\\\/uploads\\\/2025\\\/09\\\/WhatsApp-Image-2025-09-03-at-20.17.53.jpeg\",\"width\":1170,\"height\":1156,\"caption\":\"Little green radicals gebreide trui katoen\"},{\"@type\":\"BreadcrumbList\",\"@id\":\"https:\\\/\\\/www.castlevernie.nl\\\/product\\\/little-green-radicals-warme-katoenen-herfst-winter-trui\\\/#breadcrumb\",\"itemListElement\":[{\"@type\":\"ListItem\",\"position\":1,\"name\":\"Home\",\"item\":\"https:\\\/\\\/www.castlevernie.nl\\\/\"},{\"@type\":\"ListItem\",\"position\":2,\"name\":\"Winkel\",\"item\":\"https:\\\/\\\/www.castlevernie.nl\\\/winkel\\\/\"},{\"@type\":\"ListItem\",\"position\":3,\"name\":\"Little Green Radicals | Gebreide Trui Ginger Aran\"}]},{\"@type\":\"WebSite\",\"@id\":\"https:\\\/\\\/www.castlevernie.nl\\\/#website\",\"url\":\"https:\\\/\\\/www.castlevernie.nl\\\/\",\"name\":\"Castle Vernie Fashion Shop\",\"description\":\"\",\"publisher\":{\"@id\":\"https:\\\/\\\/www.castlevernie.nl\\\/#organization\"},\"potentialAction\":[{\"@type\":\"SearchAction\",\"target\":{\"@type\":\"EntryPoint\",\"urlTemplate\":\"https:\\\/\\\/www.castlevernie.nl\\\/?s={search_term_string}\"},\"query-input\":{\"@type\":\"PropertyValueSpecification\",\"valueRequired\":true,\"valueName\":\"search_term_string\"}}],\"inLanguage\":\"de\"},{\"@type\":\"Organization\",\"@id\":\"https:\\\/\\\/www.castlevernie.nl\\\/#organization\",\"name\":\"Castle Vernie\",\"url\":\"https:\\\/\\\/www.castlevernie.nl\\\/\",\"logo\":{\"@type\":\"ImageObject\",\"inLanguage\":\"de\",\"@id\":\"https:\\\/\\\/www.castlevernie.nl\\\/#\\\/schema\\\/logo\\\/image\\\/\",\"url\":\"https:\\\/\\\/www.castlevernie.nl\\\/wordpress\\\/wp-content\\\/uploads\\\/2025\\\/07\\\/header-logo-3.png\",\"contentUrl\":\"https:\\\/\\\/www.castlevernie.nl\\\/wordpress\\\/wp-content\\\/uploads\\\/2025\\\/07\\\/header-logo-3.png\",\"width\":780,\"height\":260,\"caption\":\"Castle Vernie\"},\"image\":{\"@id\":\"https:\\\/\\\/www.castlevernie.nl\\\/#\\\/schema\\\/logo\\\/image\\\/\"},\"sameAs\":[\"https:\\\/\\\/m.facebook.com\\\/Castle-Vernie-Fashion-Shop-110667857399440\"]}]}<\/script>\n<!-- \/ Yoast SEO plugin. -->","yoast_head_json":{"title":"Little Green Radicals | warme katoenen herfst winter trui","description":"Ontdek de warme katoenen herfst winter trui van Little Green Radicals. Gemaakt van 100% biologisch katoen, zacht, duurzaam en perfect voor koude dagen.","robots":{"index":"index","follow":"follow","max-snippet":"max-snippet:-1","max-image-preview":"max-image-preview:large","max-video-preview":"max-video-preview:-1"},"canonical":"https:\/\/www.castlevernie.nl\/de\/produkt\/little-green-radicals-warme-katoenen-herfst-winter-trui\/","og_locale":"de_DE","og_type":"article","og_title":"Little Green Radicals | warme katoenen herfst winter trui","og_description":"Ontdek de warme katoenen herfst winter trui van Little Green Radicals. Gemaakt van 100% biologisch katoen, zacht, duurzaam en perfect voor koude dagen.","og_url":"https:\/\/www.castlevernie.nl\/de\/produkt\/little-green-radicals-warme-katoenen-herfst-winter-trui\/","og_site_name":"Castle Vernie Fashion Shop","article_publisher":"https:\/\/m.facebook.com\/Castle-Vernie-Fashion-Shop-110667857399440","article_modified_time":"2026-01-23T19:11:54+00:00","og_image":[{"width":1170,"height":1156,"url":"https:\/\/www.castlevernie.nl\/wordpress\/wp-content\/uploads\/2025\/09\/WhatsApp-Image-2025-09-03-at-20.17.53.jpeg","type":"image\/jpeg"}],"twitter_card":"summary_large_image","twitter_misc":{"Gesch\u00e4tzte Lesezeit":"2\u00a0Minuten"},"schema":{"@context":"https:\/\/schema.org","@graph":[{"@type":"WebPage","@id":"https:\/\/www.castlevernie.nl\/product\/little-green-radicals-warme-katoenen-herfst-winter-trui\/","url":"https:\/\/www.castlevernie.nl\/product\/little-green-radicals-warme-katoenen-herfst-winter-trui\/","name":"Little Green Radicals | warme katoenen herfst winter trui","isPartOf":{"@id":"https:\/\/www.castlevernie.nl\/#website"},"primaryImageOfPage":{"@id":"https:\/\/www.castlevernie.nl\/product\/little-green-radicals-warme-katoenen-herfst-winter-trui\/#primaryimage"},"image":{"@id":"https:\/\/www.castlevernie.nl\/product\/little-green-radicals-warme-katoenen-herfst-winter-trui\/#primaryimage"},"thumbnailUrl":"https:\/\/www.castlevernie.nl\/wordpress\/wp-content\/uploads\/2025\/09\/WhatsApp-Image-2025-09-03-at-20.17.53.jpeg","datePublished":"2025-09-05T10:30:09+00:00","dateModified":"2026-01-23T19:11:54+00:00","description":"Ontdek de warme katoenen herfst winter trui van Little Green Radicals. Gemaakt van 100% biologisch katoen, zacht, duurzaam en perfect voor koude dagen.","breadcrumb":{"@id":"https:\/\/www.castlevernie.nl\/product\/little-green-radicals-warme-katoenen-herfst-winter-trui\/#breadcrumb"},"inLanguage":"de","potentialAction":[{"@type":"ReadAction","target":["https:\/\/www.castlevernie.nl\/product\/little-green-radicals-warme-katoenen-herfst-winter-trui\/"]}]},{"@type":"ImageObject","inLanguage":"de","@id":"https:\/\/www.castlevernie.nl\/product\/little-green-radicals-warme-katoenen-herfst-winter-trui\/#primaryimage","url":"https:\/\/www.castlevernie.nl\/wordpress\/wp-content\/uploads\/2025\/09\/WhatsApp-Image-2025-09-03-at-20.17.53.jpeg","contentUrl":"https:\/\/www.castlevernie.nl\/wordpress\/wp-content\/uploads\/2025\/09\/WhatsApp-Image-2025-09-03-at-20.17.53.jpeg","width":1170,"height":1156,"caption":"Little green radicals gebreide trui katoen"},{"@type":"BreadcrumbList","@id":"https:\/\/www.castlevernie.nl\/product\/little-green-radicals-warme-katoenen-herfst-winter-trui\/#breadcrumb","itemListElement":[{"@type":"ListItem","position":1,"name":"Home","item":"https:\/\/www.castlevernie.nl\/"},{"@type":"ListItem","position":2,"name":"Winkel","item":"https:\/\/www.castlevernie.nl\/winkel\/"},{"@type":"ListItem","position":3,"name":"Little Green Radicals | Gebreide Trui Ginger Aran"}]},{"@type":"WebSite","@id":"https:\/\/www.castlevernie.nl\/#website","url":"https:\/\/www.castlevernie.nl\/","name":"Schloss Vernie Modegesch\u00e4ft","description":"","publisher":{"@id":"https:\/\/www.castlevernie.nl\/#organization"},"potentialAction":[{"@type":"SearchAction","target":{"@type":"EntryPoint","urlTemplate":"https:\/\/www.castlevernie.nl\/?s={search_term_string}"},"query-input":{"@type":"PropertyValueSpecification","valueRequired":true,"valueName":"search_term_string"}}],"inLanguage":"de"},{"@type":"Organization","@id":"https:\/\/www.castlevernie.nl\/#organization","name":"Castle Vernie","url":"https:\/\/www.castlevernie.nl\/","logo":{"@type":"ImageObject","inLanguage":"de","@id":"https:\/\/www.castlevernie.nl\/#\/schema\/logo\/image\/","url":"https:\/\/www.castlevernie.nl\/wordpress\/wp-content\/uploads\/2025\/07\/header-logo-3.png","contentUrl":"https:\/\/www.castlevernie.nl\/wordpress\/wp-content\/uploads\/2025\/07\/header-logo-3.png","width":780,"height":260,"caption":"Castle Vernie"},"image":{"@id":"https:\/\/www.castlevernie.nl\/#\/schema\/logo\/image\/"},"sameAs":["https:\/\/m.facebook.com\/Castle-Vernie-Fashion-Shop-110667857399440"]}]}},"_links":{"self":[{"href":"https:\/\/www.castlevernie.nl\/de\/wp-json\/wp\/v2\/product\/11684","targetHints":{"allow":["GET"]}}],"collection":[{"href":"https:\/\/www.castlevernie.nl\/de\/wp-json\/wp\/v2\/product"}],"about":[{"href":"https:\/\/www.castlevernie.nl\/de\/wp-json\/wp\/v2\/types\/product"}],"replies":[{"embeddable":true,"href":"https:\/\/www.castlevernie.nl\/de\/wp-json\/wp\/v2\/comments?post=11684"}],"wp:featuredmedia":[{"embeddable":true,"href":"https:\/\/www.castlevernie.nl\/de\/wp-json\/wp\/v2\/media\/11690"}],"wp:attachment":[{"href":"https:\/\/www.castlevernie.nl\/de\/wp-json\/wp\/v2\/media?parent=11684"}],"wp:term":[{"taxonomy":"product_brand","embeddable":true,"href":"https:\/\/www.castlevernie.nl\/de\/wp-json\/wp\/v2\/product_brand?post=11684"},{"taxonomy":"product_cat","embeddable":true,"href":"https:\/\/www.castlevernie.nl\/de\/wp-json\/wp\/v2\/product_cat?post=11684"},{"taxonomy":"product_tag","embeddable":true,"href":"https:\/\/www.castlevernie.nl\/de\/wp-json\/wp\/v2\/product_tag?post=11684"}],"curies":[{"name":"wp","href":"https:\/\/api.w.org\/{rel}","templated":true}]}}