{"id":11682,"date":"2025-09-04T20:15:02","date_gmt":"2025-09-04T20:15:02","guid":{"rendered":"https:\/\/www.castlevernie.nl\/?post_type=product&#038;p=11682"},"modified":"2025-12-28T20:51:51","modified_gmt":"2025-12-28T20:51:51","slug":"lille-barn-prematuur-boxpakje-blue-fog","status":"publish","type":"product","link":"https:\/\/www.castlevernie.nl\/de\/produkt\/lille-barn-prematuur-boxpakje-blue-fog\/","title":{"rendered":"Lille Barn \u2013 Fr\u00fchchen Strampler Blue Fog Merinowolle"},"content":{"rendered":"<h5>Lille Barn prematuur boxpakje van merinowol<\/h5>\n<p>Das Lille Barn Fr\u00fchchen-Waldanzug ist speziell f\u00fcr die Allerkleinsten entwickelt, die etwas fr\u00fcher auf die Welt gekommen sind. In den ersten Wochen sind W\u00e4rme und Geborgenheit besonders wichtig. Deshalb ist dieser Anzug aus 100 % Merinowolle gefertigt: weich, warm und atmungsaktiv, perfekt f\u00fcr die empfindliche Haut von Fr\u00fchgeborenen.<\/p>\n<p><strong>Bequem und weich f\u00fcr Fr\u00fchgeborene<\/strong><\/p>\n<p>Merinowolle ist eine Naturfaser, die f\u00fcr ihre temperaturregulierenden Eigenschaften bekannt ist. Das bedeutet, dass Ihr Baby stets eine angenehme Temperatur beh\u00e4lt, ohne es zu warm oder zu kalt zu haben. Das Wollfasern f\u00fchlt sich wunderbar weich an und kratzt nicht, wodurch der Overall auch f\u00fcr die empfindlichste Haut geeignet ist.<\/p>\n<p><strong>Praktisches und n\u00fctzliches Design<\/strong><\/p>\n<p>Das Fr\u00fchchen-Outfit in Gr\u00f6\u00dfe 44 wurde mit Blick auf Eltern und Babys entwickelt. Dank des praktischen Verschlusses ist das Anziehen einfach, selbst bei einem empfindlichen Kleinkind. Das Outfit schlie\u00dft gut an, sodass sich dein Baby geborgen f\u00fchlt, wie im Mutterleib. Dies macht das Lille Barn Wald-Outfit nicht nur praktisch, sondern auch zu einer sicheren und bequemen Wahl.<\/p>\n<p><strong>Nachhaltig und fair<\/strong><\/p>\n<p>Lille Barn ist eine niederl\u00e4ndische Marke, die sich auf nachhaltige und faire Kleidung f\u00fcr Babys und Kinder spezialisiert hat. Dieser Waldanzug besteht aus reiner, hochwertiger Merinowolle. Wolle ist von Natur aus selbstreinigend und muss weniger h\u00e4ufig gewaschen werden, was nicht nur besser f\u00fcr die Umwelt ist, sondern auch daf\u00fcr sorgt, dass der Anzug l\u00e4nger sch\u00f6n bleibt.<\/p>\n<p><strong>Ein herzliches Willkommen f\u00fcr dein fr\u00fchgeborenes Baby<\/strong><\/p>\n<p>Ob Sie nun nach einem ersten Outfit oder einem warmen Anzug f\u00fcr den t\u00e4glichen Gebrauch suchen: Dieses Prematur-Woll-Outfit bietet alles, was Sie brauchen. Weich, warm, atmungsaktiv und langlebig \u2013 ein wundersch\u00f6nes Kleidungsst\u00fcck, in dem Ihr Kind sicher und bequem wachsen kann.<\/p>","protected":false},"excerpt":{"rendered":"<p>Lille Barn prematuur boxpakje van merinowol Het Lille Barn prematuur bospakje is speciaal ontworpen voor de allerkleinsten die wat eerder ter wereld zijn gekomen. In de eerste weken is warmte en geborgenheid extra belangrijk. Daarom is dit pakje gemaakt van 100% merinowol: zacht, warm en ademend, perfect voor de gevoelige huid van prematuur baby\u2019s. Comfortabel [&hellip;]<\/p>\n","protected":false},"featured_media":11819,"comment_status":"open","ping_status":"closed","template":"","meta":[],"product_brand":[728],"product_cat":[588,488],"product_tag":[729],"class_list":{"0":"post-11682","1":"product","2":"type-product","3":"status-publish","4":"has-post-thumbnail","6":"product_brand-lille-barn","7":"product_cat-alles-van-wol-zijde","8":"product_cat-prematuur","9":"product_tag-wollen-prematuur-baby-kleding","11":"first","12":"outofstock","13":"taxable","14":"shipping-taxable","15":"purchasable","16":"product-type-simple"},"yoast_head":"<!-- This site is optimized with the Yoast SEO plugin v27.4 - https:\/\/yoast.com\/product\/yoast-seo-wordpress\/ -->\n<title>Lille Barn prematuur boxpakje van merinowol - warm en ademend<\/title>\n<meta name=\"description\" content=\"Het Lille Barn prematuur bxspakje van merinowol biedt warmte en comfort voor je premature baby. Geef je kleintje de beste start! \ud83c\udf1f\" \/>\n<meta name=\"robots\" content=\"index, follow, max-snippet:-1, max-image-preview:large, max-video-preview:-1\" \/>\n<link rel=\"canonical\" href=\"https:\/\/www.castlevernie.nl\/de\/produkt\/lille-barn-prematuur-boxpakje-blue-fog\/\" \/>\n<meta property=\"og:locale\" content=\"de_DE\" \/>\n<meta property=\"og:type\" content=\"article\" \/>\n<meta property=\"og:title\" content=\"Lille Barn prematuur boxpakje van merinowol - warm en ademend\" \/>\n<meta property=\"og:description\" content=\"Het Lille Barn prematuur bxspakje van merinowol biedt warmte en comfort voor je premature baby. Geef je kleintje de beste start! \ud83c\udf1f\" \/>\n<meta property=\"og:url\" content=\"https:\/\/www.castlevernie.nl\/de\/produkt\/lille-barn-prematuur-boxpakje-blue-fog\/\" \/>\n<meta property=\"og:site_name\" content=\"Castle Vernie Fashion Shop\" \/>\n<meta property=\"article:publisher\" content=\"https:\/\/m.facebook.com\/Castle-Vernie-Fashion-Shop-110667857399440\" \/>\n<meta property=\"article:modified_time\" content=\"2025-12-28T20:51:51+00:00\" \/>\n<meta property=\"og:image\" content=\"https:\/\/www.castlevernie.nl\/wordpress\/wp-content\/uploads\/2025\/09\/Schermafbeelding-2025-09-04-222732.jpg\" \/>\n\t<meta property=\"og:image:width\" content=\"515\" \/>\n\t<meta property=\"og:image:height\" content=\"676\" \/>\n\t<meta property=\"og:image:type\" content=\"image\/jpeg\" \/>\n<meta name=\"twitter:card\" content=\"summary_large_image\" \/>\n<meta name=\"twitter:label1\" content=\"Gesch\u00e4tzte Lesezeit\" \/>\n\t<meta name=\"twitter:data1\" content=\"2\u00a0Minuten\" \/>\n<script type=\"application\/ld+json\" class=\"yoast-schema-graph\">{\"@context\":\"https:\\\/\\\/schema.org\",\"@graph\":[{\"@type\":\"WebPage\",\"@id\":\"https:\\\/\\\/www.castlevernie.nl\\\/product\\\/lille-barn-prematuur-boxpakje-blue-fog\\\/\",\"url\":\"https:\\\/\\\/www.castlevernie.nl\\\/product\\\/lille-barn-prematuur-boxpakje-blue-fog\\\/\",\"name\":\"Lille Barn prematuur boxpakje van merinowol - warm en ademend\",\"isPartOf\":{\"@id\":\"https:\\\/\\\/www.castlevernie.nl\\\/#website\"},\"primaryImageOfPage\":{\"@id\":\"https:\\\/\\\/www.castlevernie.nl\\\/product\\\/lille-barn-prematuur-boxpakje-blue-fog\\\/#primaryimage\"},\"image\":{\"@id\":\"https:\\\/\\\/www.castlevernie.nl\\\/product\\\/lille-barn-prematuur-boxpakje-blue-fog\\\/#primaryimage\"},\"thumbnailUrl\":\"https:\\\/\\\/www.castlevernie.nl\\\/wordpress\\\/wp-content\\\/uploads\\\/2025\\\/09\\\/Schermafbeelding-2025-09-04-222732.jpg\",\"datePublished\":\"2025-09-04T20:15:02+00:00\",\"dateModified\":\"2025-12-28T20:51:51+00:00\",\"description\":\"Het Lille Barn prematuur bxspakje van merinowol biedt warmte en comfort voor je premature baby. Geef je kleintje de beste start! \ud83c\udf1f\",\"breadcrumb\":{\"@id\":\"https:\\\/\\\/www.castlevernie.nl\\\/product\\\/lille-barn-prematuur-boxpakje-blue-fog\\\/#breadcrumb\"},\"inLanguage\":\"de\",\"potentialAction\":[{\"@type\":\"ReadAction\",\"target\":[\"https:\\\/\\\/www.castlevernie.nl\\\/product\\\/lille-barn-prematuur-boxpakje-blue-fog\\\/\"]}]},{\"@type\":\"ImageObject\",\"inLanguage\":\"de\",\"@id\":\"https:\\\/\\\/www.castlevernie.nl\\\/product\\\/lille-barn-prematuur-boxpakje-blue-fog\\\/#primaryimage\",\"url\":\"https:\\\/\\\/www.castlevernie.nl\\\/wordpress\\\/wp-content\\\/uploads\\\/2025\\\/09\\\/Schermafbeelding-2025-09-04-222732.jpg\",\"contentUrl\":\"https:\\\/\\\/www.castlevernie.nl\\\/wordpress\\\/wp-content\\\/uploads\\\/2025\\\/09\\\/Schermafbeelding-2025-09-04-222732.jpg\",\"width\":515,\"height\":676,\"caption\":\"Baby boxpakje 100 procent merino wol prematuur\"},{\"@type\":\"BreadcrumbList\",\"@id\":\"https:\\\/\\\/www.castlevernie.nl\\\/product\\\/lille-barn-prematuur-boxpakje-blue-fog\\\/#breadcrumb\",\"itemListElement\":[{\"@type\":\"ListItem\",\"position\":1,\"name\":\"Home\",\"item\":\"https:\\\/\\\/www.castlevernie.nl\\\/\"},{\"@type\":\"ListItem\",\"position\":2,\"name\":\"Winkel\",\"item\":\"https:\\\/\\\/www.castlevernie.nl\\\/winkel\\\/\"},{\"@type\":\"ListItem\",\"position\":3,\"name\":\"Lille Barn &#8211; Prematuur Boxpakje Blue Fog Merinowol\"}]},{\"@type\":\"WebSite\",\"@id\":\"https:\\\/\\\/www.castlevernie.nl\\\/#website\",\"url\":\"https:\\\/\\\/www.castlevernie.nl\\\/\",\"name\":\"Castle Vernie Fashion Shop\",\"description\":\"\",\"publisher\":{\"@id\":\"https:\\\/\\\/www.castlevernie.nl\\\/#organization\"},\"potentialAction\":[{\"@type\":\"SearchAction\",\"target\":{\"@type\":\"EntryPoint\",\"urlTemplate\":\"https:\\\/\\\/www.castlevernie.nl\\\/?s={search_term_string}\"},\"query-input\":{\"@type\":\"PropertyValueSpecification\",\"valueRequired\":true,\"valueName\":\"search_term_string\"}}],\"inLanguage\":\"de\"},{\"@type\":\"Organization\",\"@id\":\"https:\\\/\\\/www.castlevernie.nl\\\/#organization\",\"name\":\"Castle Vernie\",\"url\":\"https:\\\/\\\/www.castlevernie.nl\\\/\",\"logo\":{\"@type\":\"ImageObject\",\"inLanguage\":\"de\",\"@id\":\"https:\\\/\\\/www.castlevernie.nl\\\/#\\\/schema\\\/logo\\\/image\\\/\",\"url\":\"https:\\\/\\\/www.castlevernie.nl\\\/wordpress\\\/wp-content\\\/uploads\\\/2025\\\/07\\\/header-logo-3.png\",\"contentUrl\":\"https:\\\/\\\/www.castlevernie.nl\\\/wordpress\\\/wp-content\\\/uploads\\\/2025\\\/07\\\/header-logo-3.png\",\"width\":780,\"height\":260,\"caption\":\"Castle Vernie\"},\"image\":{\"@id\":\"https:\\\/\\\/www.castlevernie.nl\\\/#\\\/schema\\\/logo\\\/image\\\/\"},\"sameAs\":[\"https:\\\/\\\/m.facebook.com\\\/Castle-Vernie-Fashion-Shop-110667857399440\"]}]}<\/script>\n<!-- \/ Yoast SEO plugin. -->","yoast_head_json":{"title":"Lille Barn prematuur boxpakje van merinowol - warm en ademend","description":"Het Lille Barn prematuur bxspakje van merinowol biedt warmte en comfort voor je premature baby. Geef je kleintje de beste start! \ud83c\udf1f","robots":{"index":"index","follow":"follow","max-snippet":"max-snippet:-1","max-image-preview":"max-image-preview:large","max-video-preview":"max-video-preview:-1"},"canonical":"https:\/\/www.castlevernie.nl\/de\/produkt\/lille-barn-prematuur-boxpakje-blue-fog\/","og_locale":"de_DE","og_type":"article","og_title":"Lille Barn prematuur boxpakje van merinowol - warm en ademend","og_description":"Het Lille Barn prematuur bxspakje van merinowol biedt warmte en comfort voor je premature baby. Geef je kleintje de beste start! \ud83c\udf1f","og_url":"https:\/\/www.castlevernie.nl\/de\/produkt\/lille-barn-prematuur-boxpakje-blue-fog\/","og_site_name":"Castle Vernie Fashion Shop","article_publisher":"https:\/\/m.facebook.com\/Castle-Vernie-Fashion-Shop-110667857399440","article_modified_time":"2025-12-28T20:51:51+00:00","og_image":[{"width":515,"height":676,"url":"https:\/\/www.castlevernie.nl\/wordpress\/wp-content\/uploads\/2025\/09\/Schermafbeelding-2025-09-04-222732.jpg","type":"image\/jpeg"}],"twitter_card":"summary_large_image","twitter_misc":{"Gesch\u00e4tzte Lesezeit":"2\u00a0Minuten"},"schema":{"@context":"https:\/\/schema.org","@graph":[{"@type":"WebPage","@id":"https:\/\/www.castlevernie.nl\/product\/lille-barn-prematuur-boxpakje-blue-fog\/","url":"https:\/\/www.castlevernie.nl\/product\/lille-barn-prematuur-boxpakje-blue-fog\/","name":"Lille Barn prematuur boxpakje van merinowol - warm en ademend","isPartOf":{"@id":"https:\/\/www.castlevernie.nl\/#website"},"primaryImageOfPage":{"@id":"https:\/\/www.castlevernie.nl\/product\/lille-barn-prematuur-boxpakje-blue-fog\/#primaryimage"},"image":{"@id":"https:\/\/www.castlevernie.nl\/product\/lille-barn-prematuur-boxpakje-blue-fog\/#primaryimage"},"thumbnailUrl":"https:\/\/www.castlevernie.nl\/wordpress\/wp-content\/uploads\/2025\/09\/Schermafbeelding-2025-09-04-222732.jpg","datePublished":"2025-09-04T20:15:02+00:00","dateModified":"2025-12-28T20:51:51+00:00","description":"Het Lille Barn prematuur bxspakje van merinowol biedt warmte en comfort voor je premature baby. Geef je kleintje de beste start! \ud83c\udf1f","breadcrumb":{"@id":"https:\/\/www.castlevernie.nl\/product\/lille-barn-prematuur-boxpakje-blue-fog\/#breadcrumb"},"inLanguage":"de","potentialAction":[{"@type":"ReadAction","target":["https:\/\/www.castlevernie.nl\/product\/lille-barn-prematuur-boxpakje-blue-fog\/"]}]},{"@type":"ImageObject","inLanguage":"de","@id":"https:\/\/www.castlevernie.nl\/product\/lille-barn-prematuur-boxpakje-blue-fog\/#primaryimage","url":"https:\/\/www.castlevernie.nl\/wordpress\/wp-content\/uploads\/2025\/09\/Schermafbeelding-2025-09-04-222732.jpg","contentUrl":"https:\/\/www.castlevernie.nl\/wordpress\/wp-content\/uploads\/2025\/09\/Schermafbeelding-2025-09-04-222732.jpg","width":515,"height":676,"caption":"Baby boxpakje 100 procent merino wol prematuur"},{"@type":"BreadcrumbList","@id":"https:\/\/www.castlevernie.nl\/product\/lille-barn-prematuur-boxpakje-blue-fog\/#breadcrumb","itemListElement":[{"@type":"ListItem","position":1,"name":"Home","item":"https:\/\/www.castlevernie.nl\/"},{"@type":"ListItem","position":2,"name":"Winkel","item":"https:\/\/www.castlevernie.nl\/winkel\/"},{"@type":"ListItem","position":3,"name":"Lille Barn &#8211; Prematuur Boxpakje Blue Fog Merinowol"}]},{"@type":"WebSite","@id":"https:\/\/www.castlevernie.nl\/#website","url":"https:\/\/www.castlevernie.nl\/","name":"Schloss Vernie Modegesch\u00e4ft","description":"","publisher":{"@id":"https:\/\/www.castlevernie.nl\/#organization"},"potentialAction":[{"@type":"SearchAction","target":{"@type":"EntryPoint","urlTemplate":"https:\/\/www.castlevernie.nl\/?s={search_term_string}"},"query-input":{"@type":"PropertyValueSpecification","valueRequired":true,"valueName":"search_term_string"}}],"inLanguage":"de"},{"@type":"Organization","@id":"https:\/\/www.castlevernie.nl\/#organization","name":"Castle Vernie","url":"https:\/\/www.castlevernie.nl\/","logo":{"@type":"ImageObject","inLanguage":"de","@id":"https:\/\/www.castlevernie.nl\/#\/schema\/logo\/image\/","url":"https:\/\/www.castlevernie.nl\/wordpress\/wp-content\/uploads\/2025\/07\/header-logo-3.png","contentUrl":"https:\/\/www.castlevernie.nl\/wordpress\/wp-content\/uploads\/2025\/07\/header-logo-3.png","width":780,"height":260,"caption":"Castle Vernie"},"image":{"@id":"https:\/\/www.castlevernie.nl\/#\/schema\/logo\/image\/"},"sameAs":["https:\/\/m.facebook.com\/Castle-Vernie-Fashion-Shop-110667857399440"]}]}},"_links":{"self":[{"href":"https:\/\/www.castlevernie.nl\/de\/wp-json\/wp\/v2\/product\/11682","targetHints":{"allow":["GET"]}}],"collection":[{"href":"https:\/\/www.castlevernie.nl\/de\/wp-json\/wp\/v2\/product"}],"about":[{"href":"https:\/\/www.castlevernie.nl\/de\/wp-json\/wp\/v2\/types\/product"}],"replies":[{"embeddable":true,"href":"https:\/\/www.castlevernie.nl\/de\/wp-json\/wp\/v2\/comments?post=11682"}],"wp:featuredmedia":[{"embeddable":true,"href":"https:\/\/www.castlevernie.nl\/de\/wp-json\/wp\/v2\/media\/11819"}],"wp:attachment":[{"href":"https:\/\/www.castlevernie.nl\/de\/wp-json\/wp\/v2\/media?parent=11682"}],"wp:term":[{"taxonomy":"product_brand","embeddable":true,"href":"https:\/\/www.castlevernie.nl\/de\/wp-json\/wp\/v2\/product_brand?post=11682"},{"taxonomy":"product_cat","embeddable":true,"href":"https:\/\/www.castlevernie.nl\/de\/wp-json\/wp\/v2\/product_cat?post=11682"},{"taxonomy":"product_tag","embeddable":true,"href":"https:\/\/www.castlevernie.nl\/de\/wp-json\/wp\/v2\/product_tag?post=11682"}],"curies":[{"name":"wp","href":"https:\/\/api.w.org\/{rel}","templated":true}]}}