{"id":11680,"date":"2025-09-04T20:14:48","date_gmt":"2025-09-04T20:14:48","guid":{"rendered":"https:\/\/www.castlevernie.nl\/?post_type=product&#038;p=11680"},"modified":"2025-10-29T07:20:14","modified_gmt":"2025-10-29T07:20:14","slug":"lille-barn-playsuit-blue-fog","status":"publish","type":"product","link":"https:\/\/www.castlevernie.nl\/de\/produkt\/lille-barn-playsuit-blue-fog\/","title":{"rendered":"Lille Barn &#8211; Playsuit Blue Fog"},"content":{"rendered":"<h5>Lille Barn Merinowoll-Strampler<\/h5>\n<p>Der Lille Barn Merinowoll-Overall ist ein feiner und nat\u00fcrlicher Anzug, in dem sich Ihr Kind frei bewegen und wohlf\u00fchlen kann. Hergestellt aus 100% Merinowolle \u2013 einer weichen, atmungsaktiven Wollart, die die K\u00f6rpertemperatur Ihres Kindes auf nat\u00fcrliche Weise reguliert. Merinowolle speichert W\u00e4rme bei K\u00e4lte, atmet aber bei W\u00e4rme, sodass Ihr Kind niemals zu warm oder zu kalt wird.<\/p>\n<p>Lille Barn ist eine niederl\u00e4ndische Marke, die sich von Einfachheit, Komfort und ehrlichen Materialien inspirieren l\u00e4sst. Die Playsuits sind mit Liebe zum Detail entworfen: eine weiche Passform ohne harte N\u00e4hte, praktische Verschl\u00fcsse und gen\u00fcgend Platz f\u00fcr eine Windel. So kann sich dein Kind immer frei f\u00fchlen, zu spielen, zu schlafen und die Welt zu entdecken.<\/p>\n<p>Merinowolle hat au\u00dferdem den Vorteil, dass sie selbstreinigend ist. Oft reicht es schon, sie auszul\u00fcften, wodurch sie seltener gewaschen werden muss und der Overall l\u00e4nger sch\u00f6n bleibt. Das macht diesen Playsuit nicht nur praktisch, sondern auch nachhaltig.<\/p>\n<p>Bei Castle Vernie finden Sie den Lille Barn Merinowoll-Spielanzug in verschiedenen Farben und Gr\u00f6\u00dfen, sodass es f\u00fcr jede Jahreszeit eine passende Variante gibt. Kombinieren Sie den Spielanzug mit weichen Woll-Basics von Marken wie Cosilana, Engel Natur, Lilano oder Gl\u00fcckskind f\u00fcr ein nat\u00fcrliches, bequemes Outfit.<\/p>\n<p>Warum sich f\u00fcr Lille Barn Wolle entscheiden<br \/>\n\u2022 100% mulesing-freie Merinowolle<br \/>\n\u2022 Weich und bequem f\u00fcr die empfindliche Babyhaut<br \/>\n\u2022 Temperaturregulierend und atmungsaktiv<br \/>\n\u2022 Langlebig und pflegeleicht<br \/>\n\u2022 Mit Liebe in den Niederlanden entworfen<\/p>\n<p>Der Lille Barn Merinowoll-Spielanzug ist ein wundersch\u00f6nes Beispiel f\u00fcr nat\u00fcrliche Einfachheit \u2013 weich, warm und rein, genau das, was Sie f\u00fcr Ihr Kleines wollen.<\/p>\n<p>&nbsp;<\/p>","protected":false},"excerpt":{"rendered":"<p>Lille Barn merino wollen playsuit De Lille Barn merino wollen playsuit is een fijn en natuurlijk pakje waarin je kindje zich vrij kan bewegen en comfortabel voelt. Gemaakt van 100% merinowol \u2013 een zachte, ademende wolsoort die de lichaamstemperatuur van je kindje op natuurlijke wijze reguleert. Merinowol houdt warmte vast wanneer het koud is, maar [&hellip;]<\/p>\n","protected":false},"featured_media":12020,"comment_status":"open","ping_status":"closed","template":"","meta":[],"product_brand":[728],"product_cat":[588,46,16],"product_tag":[762],"class_list":{"0":"post-11680","1":"product","2":"type-product","3":"status-publish","4":"has-post-thumbnail","6":"product_brand-lille-barn","7":"product_cat-alles-van-wol-zijde","8":"product_cat-maat-62-68","9":"product_cat-newborn","10":"product_tag-wollen-pyjama-voor-babys-en-kinderen","12":"first","13":"instock","14":"taxable","15":"shipping-taxable","16":"purchasable","17":"product-type-variable"},"yoast_head":"<!-- This site is optimized with the Yoast SEO plugin v27.4 - https:\/\/yoast.com\/product\/yoast-seo-wordpress\/ -->\n<title>Lille Barn merino wollen playsuit \u2013 Zachte merinowol voor baby\u2019s | Castle Vernie Fashion Shop<\/title>\n<meta name=\"description\" content=\"De Lille Barn merino wollen playsuit is gemaakt van 100% merinowol. Zacht, warm en ademend \u2013 ideaal voor baby\u2019s en kleine kinderen. .\" \/>\n<meta name=\"robots\" content=\"index, follow, max-snippet:-1, max-image-preview:large, max-video-preview:-1\" \/>\n<link rel=\"canonical\" href=\"https:\/\/www.castlevernie.nl\/de\/produkt\/lille-barn-playsuit-blue-fog\/\" \/>\n<meta property=\"og:locale\" content=\"de_DE\" \/>\n<meta property=\"og:type\" content=\"article\" \/>\n<meta property=\"og:title\" content=\"Lille Barn merino wollen playsuit \u2013 Zachte merinowol voor baby\u2019s | Castle Vernie Fashion Shop\" \/>\n<meta property=\"og:description\" content=\"De Lille Barn merino wollen playsuit is gemaakt van 100% merinowol. Zacht, warm en ademend \u2013 ideaal voor baby\u2019s en kleine kinderen. .\" \/>\n<meta property=\"og:url\" content=\"https:\/\/www.castlevernie.nl\/de\/produkt\/lille-barn-playsuit-blue-fog\/\" \/>\n<meta property=\"og:site_name\" content=\"Castle Vernie Fashion Shop\" \/>\n<meta property=\"article:publisher\" content=\"https:\/\/m.facebook.com\/Castle-Vernie-Fashion-Shop-110667857399440\" \/>\n<meta property=\"article:modified_time\" content=\"2025-10-29T07:20:14+00:00\" \/>\n<meta property=\"og:image\" content=\"https:\/\/www.castlevernie.nl\/wordpress\/wp-content\/uploads\/2025\/09\/Schermafbeelding-2025-10-15-223027.png\" \/>\n\t<meta property=\"og:image:width\" content=\"359\" \/>\n\t<meta property=\"og:image:height\" content=\"584\" \/>\n\t<meta property=\"og:image:type\" content=\"image\/png\" \/>\n<meta name=\"twitter:card\" content=\"summary_large_image\" \/>\n<meta name=\"twitter:label1\" content=\"Gesch\u00e4tzte Lesezeit\" \/>\n\t<meta name=\"twitter:data1\" content=\"2\u00a0Minuten\" \/>\n<script type=\"application\/ld+json\" class=\"yoast-schema-graph\">{\"@context\":\"https:\\\/\\\/schema.org\",\"@graph\":[{\"@type\":\"WebPage\",\"@id\":\"https:\\\/\\\/www.castlevernie.nl\\\/product\\\/lille-barn-playsuit-blue-fog\\\/\",\"url\":\"https:\\\/\\\/www.castlevernie.nl\\\/product\\\/lille-barn-playsuit-blue-fog\\\/\",\"name\":\"Lille Barn merino wollen playsuit \u2013 Zachte merinowol voor baby\u2019s | Castle Vernie Fashion Shop\",\"isPartOf\":{\"@id\":\"https:\\\/\\\/www.castlevernie.nl\\\/#website\"},\"primaryImageOfPage\":{\"@id\":\"https:\\\/\\\/www.castlevernie.nl\\\/product\\\/lille-barn-playsuit-blue-fog\\\/#primaryimage\"},\"image\":{\"@id\":\"https:\\\/\\\/www.castlevernie.nl\\\/product\\\/lille-barn-playsuit-blue-fog\\\/#primaryimage\"},\"thumbnailUrl\":\"https:\\\/\\\/www.castlevernie.nl\\\/wordpress\\\/wp-content\\\/uploads\\\/2025\\\/09\\\/Schermafbeelding-2025-10-15-223027.png\",\"datePublished\":\"2025-09-04T20:14:48+00:00\",\"dateModified\":\"2025-10-29T07:20:14+00:00\",\"description\":\"De Lille Barn merino wollen playsuit is gemaakt van 100% merinowol. Zacht, warm en ademend \u2013 ideaal voor baby\u2019s en kleine kinderen. .\",\"breadcrumb\":{\"@id\":\"https:\\\/\\\/www.castlevernie.nl\\\/product\\\/lille-barn-playsuit-blue-fog\\\/#breadcrumb\"},\"inLanguage\":\"de\",\"potentialAction\":[{\"@type\":\"ReadAction\",\"target\":[\"https:\\\/\\\/www.castlevernie.nl\\\/product\\\/lille-barn-playsuit-blue-fog\\\/\"]}]},{\"@type\":\"ImageObject\",\"inLanguage\":\"de\",\"@id\":\"https:\\\/\\\/www.castlevernie.nl\\\/product\\\/lille-barn-playsuit-blue-fog\\\/#primaryimage\",\"url\":\"https:\\\/\\\/www.castlevernie.nl\\\/wordpress\\\/wp-content\\\/uploads\\\/2025\\\/09\\\/Schermafbeelding-2025-10-15-223027.png\",\"contentUrl\":\"https:\\\/\\\/www.castlevernie.nl\\\/wordpress\\\/wp-content\\\/uploads\\\/2025\\\/09\\\/Schermafbeelding-2025-10-15-223027.png\",\"width\":359,\"height\":584,\"caption\":\"Playsuit lille barn foggy blue\"},{\"@type\":\"BreadcrumbList\",\"@id\":\"https:\\\/\\\/www.castlevernie.nl\\\/product\\\/lille-barn-playsuit-blue-fog\\\/#breadcrumb\",\"itemListElement\":[{\"@type\":\"ListItem\",\"position\":1,\"name\":\"Home\",\"item\":\"https:\\\/\\\/www.castlevernie.nl\\\/\"},{\"@type\":\"ListItem\",\"position\":2,\"name\":\"Winkel\",\"item\":\"https:\\\/\\\/www.castlevernie.nl\\\/winkel\\\/\"},{\"@type\":\"ListItem\",\"position\":3,\"name\":\"Lille Barn &#8211; Playsuit Blue Fog\"}]},{\"@type\":\"WebSite\",\"@id\":\"https:\\\/\\\/www.castlevernie.nl\\\/#website\",\"url\":\"https:\\\/\\\/www.castlevernie.nl\\\/\",\"name\":\"Castle Vernie Fashion Shop\",\"description\":\"\",\"publisher\":{\"@id\":\"https:\\\/\\\/www.castlevernie.nl\\\/#organization\"},\"potentialAction\":[{\"@type\":\"SearchAction\",\"target\":{\"@type\":\"EntryPoint\",\"urlTemplate\":\"https:\\\/\\\/www.castlevernie.nl\\\/?s={search_term_string}\"},\"query-input\":{\"@type\":\"PropertyValueSpecification\",\"valueRequired\":true,\"valueName\":\"search_term_string\"}}],\"inLanguage\":\"de\"},{\"@type\":\"Organization\",\"@id\":\"https:\\\/\\\/www.castlevernie.nl\\\/#organization\",\"name\":\"Castle Vernie\",\"url\":\"https:\\\/\\\/www.castlevernie.nl\\\/\",\"logo\":{\"@type\":\"ImageObject\",\"inLanguage\":\"de\",\"@id\":\"https:\\\/\\\/www.castlevernie.nl\\\/#\\\/schema\\\/logo\\\/image\\\/\",\"url\":\"https:\\\/\\\/www.castlevernie.nl\\\/wordpress\\\/wp-content\\\/uploads\\\/2025\\\/07\\\/header-logo-3.png\",\"contentUrl\":\"https:\\\/\\\/www.castlevernie.nl\\\/wordpress\\\/wp-content\\\/uploads\\\/2025\\\/07\\\/header-logo-3.png\",\"width\":780,\"height\":260,\"caption\":\"Castle Vernie\"},\"image\":{\"@id\":\"https:\\\/\\\/www.castlevernie.nl\\\/#\\\/schema\\\/logo\\\/image\\\/\"},\"sameAs\":[\"https:\\\/\\\/m.facebook.com\\\/Castle-Vernie-Fashion-Shop-110667857399440\"]}]}<\/script>\n<!-- \/ Yoast SEO plugin. -->","yoast_head_json":{"title":"Lille Barn merino wollen playsuit \u2013 Zachte merinowol voor baby\u2019s | Castle Vernie Fashion Shop","description":"De Lille Barn merino wollen playsuit is gemaakt van 100% merinowol. Zacht, warm en ademend \u2013 ideaal voor baby\u2019s en kleine kinderen. .","robots":{"index":"index","follow":"follow","max-snippet":"max-snippet:-1","max-image-preview":"max-image-preview:large","max-video-preview":"max-video-preview:-1"},"canonical":"https:\/\/www.castlevernie.nl\/de\/produkt\/lille-barn-playsuit-blue-fog\/","og_locale":"de_DE","og_type":"article","og_title":"Lille Barn merino wollen playsuit \u2013 Zachte merinowol voor baby\u2019s | Castle Vernie Fashion Shop","og_description":"De Lille Barn merino wollen playsuit is gemaakt van 100% merinowol. Zacht, warm en ademend \u2013 ideaal voor baby\u2019s en kleine kinderen. .","og_url":"https:\/\/www.castlevernie.nl\/de\/produkt\/lille-barn-playsuit-blue-fog\/","og_site_name":"Castle Vernie Fashion Shop","article_publisher":"https:\/\/m.facebook.com\/Castle-Vernie-Fashion-Shop-110667857399440","article_modified_time":"2025-10-29T07:20:14+00:00","og_image":[{"width":359,"height":584,"url":"https:\/\/www.castlevernie.nl\/wordpress\/wp-content\/uploads\/2025\/09\/Schermafbeelding-2025-10-15-223027.png","type":"image\/png"}],"twitter_card":"summary_large_image","twitter_misc":{"Gesch\u00e4tzte Lesezeit":"2\u00a0Minuten"},"schema":{"@context":"https:\/\/schema.org","@graph":[{"@type":"WebPage","@id":"https:\/\/www.castlevernie.nl\/product\/lille-barn-playsuit-blue-fog\/","url":"https:\/\/www.castlevernie.nl\/product\/lille-barn-playsuit-blue-fog\/","name":"Lille Barn merino wollen playsuit \u2013 Zachte merinowol voor baby\u2019s | Castle Vernie Fashion Shop","isPartOf":{"@id":"https:\/\/www.castlevernie.nl\/#website"},"primaryImageOfPage":{"@id":"https:\/\/www.castlevernie.nl\/product\/lille-barn-playsuit-blue-fog\/#primaryimage"},"image":{"@id":"https:\/\/www.castlevernie.nl\/product\/lille-barn-playsuit-blue-fog\/#primaryimage"},"thumbnailUrl":"https:\/\/www.castlevernie.nl\/wordpress\/wp-content\/uploads\/2025\/09\/Schermafbeelding-2025-10-15-223027.png","datePublished":"2025-09-04T20:14:48+00:00","dateModified":"2025-10-29T07:20:14+00:00","description":"De Lille Barn merino wollen playsuit is gemaakt van 100% merinowol. Zacht, warm en ademend \u2013 ideaal voor baby\u2019s en kleine kinderen. .","breadcrumb":{"@id":"https:\/\/www.castlevernie.nl\/product\/lille-barn-playsuit-blue-fog\/#breadcrumb"},"inLanguage":"de","potentialAction":[{"@type":"ReadAction","target":["https:\/\/www.castlevernie.nl\/product\/lille-barn-playsuit-blue-fog\/"]}]},{"@type":"ImageObject","inLanguage":"de","@id":"https:\/\/www.castlevernie.nl\/product\/lille-barn-playsuit-blue-fog\/#primaryimage","url":"https:\/\/www.castlevernie.nl\/wordpress\/wp-content\/uploads\/2025\/09\/Schermafbeelding-2025-10-15-223027.png","contentUrl":"https:\/\/www.castlevernie.nl\/wordpress\/wp-content\/uploads\/2025\/09\/Schermafbeelding-2025-10-15-223027.png","width":359,"height":584,"caption":"Playsuit lille barn foggy blue"},{"@type":"BreadcrumbList","@id":"https:\/\/www.castlevernie.nl\/product\/lille-barn-playsuit-blue-fog\/#breadcrumb","itemListElement":[{"@type":"ListItem","position":1,"name":"Home","item":"https:\/\/www.castlevernie.nl\/"},{"@type":"ListItem","position":2,"name":"Winkel","item":"https:\/\/www.castlevernie.nl\/winkel\/"},{"@type":"ListItem","position":3,"name":"Lille Barn &#8211; Playsuit Blue Fog"}]},{"@type":"WebSite","@id":"https:\/\/www.castlevernie.nl\/#website","url":"https:\/\/www.castlevernie.nl\/","name":"Schloss Vernie Modegesch\u00e4ft","description":"","publisher":{"@id":"https:\/\/www.castlevernie.nl\/#organization"},"potentialAction":[{"@type":"SearchAction","target":{"@type":"EntryPoint","urlTemplate":"https:\/\/www.castlevernie.nl\/?s={search_term_string}"},"query-input":{"@type":"PropertyValueSpecification","valueRequired":true,"valueName":"search_term_string"}}],"inLanguage":"de"},{"@type":"Organization","@id":"https:\/\/www.castlevernie.nl\/#organization","name":"Castle Vernie","url":"https:\/\/www.castlevernie.nl\/","logo":{"@type":"ImageObject","inLanguage":"de","@id":"https:\/\/www.castlevernie.nl\/#\/schema\/logo\/image\/","url":"https:\/\/www.castlevernie.nl\/wordpress\/wp-content\/uploads\/2025\/07\/header-logo-3.png","contentUrl":"https:\/\/www.castlevernie.nl\/wordpress\/wp-content\/uploads\/2025\/07\/header-logo-3.png","width":780,"height":260,"caption":"Castle Vernie"},"image":{"@id":"https:\/\/www.castlevernie.nl\/#\/schema\/logo\/image\/"},"sameAs":["https:\/\/m.facebook.com\/Castle-Vernie-Fashion-Shop-110667857399440"]}]}},"_links":{"self":[{"href":"https:\/\/www.castlevernie.nl\/de\/wp-json\/wp\/v2\/product\/11680","targetHints":{"allow":["GET"]}}],"collection":[{"href":"https:\/\/www.castlevernie.nl\/de\/wp-json\/wp\/v2\/product"}],"about":[{"href":"https:\/\/www.castlevernie.nl\/de\/wp-json\/wp\/v2\/types\/product"}],"replies":[{"embeddable":true,"href":"https:\/\/www.castlevernie.nl\/de\/wp-json\/wp\/v2\/comments?post=11680"}],"wp:featuredmedia":[{"embeddable":true,"href":"https:\/\/www.castlevernie.nl\/de\/wp-json\/wp\/v2\/media\/12020"}],"wp:attachment":[{"href":"https:\/\/www.castlevernie.nl\/de\/wp-json\/wp\/v2\/media?parent=11680"}],"wp:term":[{"taxonomy":"product_brand","embeddable":true,"href":"https:\/\/www.castlevernie.nl\/de\/wp-json\/wp\/v2\/product_brand?post=11680"},{"taxonomy":"product_cat","embeddable":true,"href":"https:\/\/www.castlevernie.nl\/de\/wp-json\/wp\/v2\/product_cat?post=11680"},{"taxonomy":"product_tag","embeddable":true,"href":"https:\/\/www.castlevernie.nl\/de\/wp-json\/wp\/v2\/product_tag?post=11680"}],"curies":[{"name":"wp","href":"https:\/\/api.w.org\/{rel}","templated":true}]}}