{"id":11602,"date":"2025-08-29T14:42:43","date_gmt":"2025-08-29T14:42:43","guid":{"rendered":"https:\/\/www.castlevernie.nl\/?post_type=product&#038;p=11602"},"modified":"2026-01-23T10:53:49","modified_gmt":"2026-01-23T10:53:49","slug":"maxomorra-boxershort-mono-bear","status":"publish","type":"product","link":"https:\/\/www.castlevernie.nl\/de\/produkt\/maxomorra-boxershort-mono-bear\/","title":{"rendered":"Maxomorra Boxer Shorts Mono B\u00e4r"},"content":{"rendered":"<h5>Maxomorra Boxer \u2013 Bequem, Sustainable und aus Biologischer Baumwolle<\/h5>\n<p>Die Maxomorra-Boxershorts sind die ideale Wahl f\u00fcr Kinder, die Komfort und Qualit\u00e4t verdienen. Hergestellt aus 95% Bio-Baumwolle und 5% Elasthan, bietet diese Boxershorts einen weichen, atmungsaktiven und dehnbaren Sitz, der perfekt auf den K\u00f6rper Ihres Kindes abgestimmt ist. Die Bio-Baumwolle ist nicht nur angenehm auf der Haut, sondern auch besser f\u00fcr die Umwelt. Mit der Maxomorra-Boxershorts entscheiden Sie sich f\u00fcr nachhaltige Kinderbekleidung, bei der Sie mit gutem Gewissen zugreifen k\u00f6nnen.<\/p>\n<p>Dank des kleinen Anteils an Elasthan beh\u00e4lt die Boxershorts ihre Form, selbst nach h\u00e4ufigem Waschen. Dies macht die Maxomorra-Boxershorts sehr gut f\u00fcr den t\u00e4glichen Gebrauch, Spiel und aktive Kinder geeignet, die sich viel bewegen. Dar\u00fcber hinaus wurde das Kleidungsst\u00fcck nach strengen umweltfreundlichen Standards produziert und ist vollst\u00e4ndig frei von sch\u00e4dlichen Stoffen, damit Ihr Kind sicher und bequem spielen kann.<\/p>\n<p>Die Maxomorra-Boxer ist in verschiedenen fr\u00f6hlichen Farben und Mustern erh\u00e4ltlich, die zur restlichen Maxomorra-Kollektion passen. Kombinieren Sie diese Boxer mit anderen nachhaltigen Kleidungsst\u00fccken f\u00fcr eine vollst\u00e4ndige, umweltfreundliche Garderobe. Es ist nicht nur ein funktionales Kleidungsst\u00fcck, sondern auch eine stylische Basis, die Sie immer wieder tragen k\u00f6nnen.<\/p>\n<p>Warum sich f\u00fcr die Maxomorra Boxer entscheiden?<br \/>\n\u2022 95% Bio-Baumwolle &amp; 5% Elasthan f\u00fcr Weichheit und Stretch<br \/>\n\u2022 Nachhaltig und umweltfreundlich produziert<br \/>\n\u2022 Frei von sch\u00e4dlichen Substanzen<br \/>\n\u2022 Perfekt f\u00fcr den t\u00e4glichen Gebrauch und aktive Kinder<br \/>\n\u2022 Erh\u00e4ltlich in mehreren Farben und Drucken<\/p>\n<p>Entscheiden Sie sich noch heute f\u00fcr die Maxomorra-Boxer und kombinieren Sie Komfort, Stil und Nachhaltigkeit in einem Kleidungsst\u00fcck. Egal, ob Sie nach einer Bio-Baumwoll-Boxer oder nach nachhaltiger Kinderbekleidung suchen, mit Maxomorra treffen Sie eine verantwortungsvolle Wahl f\u00fcr Ihr Kind und den Planeten.<\/p>","protected":false},"excerpt":{"rendered":"<p>Maxomorra Boxer \u2013 Comfortabel, Duurzaam en van Biologisch Katoen De Maxomorra boxer is d\u00e9 ideale keuze voor kinderen die comfort en kwaliteit verdienen. Gemaakt van 95% biologisch katoen en 5% elastan, biedt deze boxer een zachte, ademende en rekbare pasvorm die perfect aansluit op het lichaam van je kind. Het biologische katoen is niet alleen [&hellip;]<\/p>\n","protected":false},"featured_media":11608,"comment_status":"open","ping_status":"closed","template":"","meta":[],"product_brand":[526],"product_cat":[589,50,51,52,48,49,17],"product_tag":[716,717],"class_list":{"0":"post-11602","1":"product","2":"type-product","3":"status-publish","4":"has-post-thumbnail","6":"product_brand-maxomorra","7":"product_cat-alles-van-biologisch-katoen","8":"product_cat-maat-110-116","9":"product_cat-maat-122-128","10":"product_cat-maat-134-140","11":"product_cat-maat-86-82","12":"product_cat-maat-98-104","13":"product_cat-sale","14":"product_tag-maxomorra-boxershort","15":"product_tag-maxomorra-ondergoed","17":"first","18":"instock","19":"sale","20":"taxable","21":"shipping-taxable","22":"purchasable","23":"product-type-variable"},"yoast_head":"<!-- This site is optimized with the Yoast SEO plugin v27.4 - https:\/\/yoast.com\/product\/yoast-seo-wordpress\/ -->\n<title>Maxomorra Boxershort Mono Bear | Duurzaam en Biologisch Katoen<\/title>\n<meta name=\"description\" content=\"De Maxomorra boxer is d\u00e9 ideale keuze voor kinderen die comfort en kwaliteit verdienen. Gemaakt van 95% biologisch katoen en 5% elastan, biedt deze boxer\" \/>\n<meta name=\"robots\" content=\"index, follow, max-snippet:-1, max-image-preview:large, max-video-preview:-1\" \/>\n<link rel=\"canonical\" href=\"https:\/\/www.castlevernie.nl\/de\/produkt\/maxomorra-boxershort-mono-bear\/\" \/>\n<meta property=\"og:locale\" content=\"de_DE\" \/>\n<meta property=\"og:type\" content=\"article\" \/>\n<meta property=\"og:title\" content=\"Maxomorra Boxershort Mono Bear | Duurzaam en Biologisch Katoen\" \/>\n<meta property=\"og:description\" content=\"De Maxomorra boxer is d\u00e9 ideale keuze voor kinderen die comfort en kwaliteit verdienen. Gemaakt van 95% biologisch katoen en 5% elastan, biedt deze boxer\" \/>\n<meta property=\"og:url\" content=\"https:\/\/www.castlevernie.nl\/de\/produkt\/maxomorra-boxershort-mono-bear\/\" \/>\n<meta property=\"og:site_name\" content=\"Castle Vernie Fashion Shop\" \/>\n<meta property=\"article:publisher\" content=\"https:\/\/m.facebook.com\/Castle-Vernie-Fashion-Shop-110667857399440\" \/>\n<meta property=\"article:modified_time\" content=\"2026-01-23T10:53:49+00:00\" \/>\n<meta property=\"og:image\" content=\"https:\/\/www.castlevernie.nl\/wordpress\/wp-content\/uploads\/2025\/08\/Ontwerp-zonder-titel-11.jpg\" \/>\n\t<meta property=\"og:image:width\" content=\"1080\" \/>\n\t<meta property=\"og:image:height\" content=\"1080\" \/>\n\t<meta property=\"og:image:type\" content=\"image\/jpeg\" \/>\n<meta name=\"twitter:card\" content=\"summary_large_image\" \/>\n<meta name=\"twitter:label1\" content=\"Gesch\u00e4tzte Lesezeit\" \/>\n\t<meta name=\"twitter:data1\" content=\"2\u00a0Minuten\" \/>\n<script type=\"application\/ld+json\" class=\"yoast-schema-graph\">{\"@context\":\"https:\\\/\\\/schema.org\",\"@graph\":[{\"@type\":\"WebPage\",\"@id\":\"https:\\\/\\\/www.castlevernie.nl\\\/product\\\/maxomorra-boxershort-mono-bear\\\/\",\"url\":\"https:\\\/\\\/www.castlevernie.nl\\\/product\\\/maxomorra-boxershort-mono-bear\\\/\",\"name\":\"Maxomorra Boxershort Mono Bear | Duurzaam en Biologisch Katoen\",\"isPartOf\":{\"@id\":\"https:\\\/\\\/www.castlevernie.nl\\\/#website\"},\"primaryImageOfPage\":{\"@id\":\"https:\\\/\\\/www.castlevernie.nl\\\/product\\\/maxomorra-boxershort-mono-bear\\\/#primaryimage\"},\"image\":{\"@id\":\"https:\\\/\\\/www.castlevernie.nl\\\/product\\\/maxomorra-boxershort-mono-bear\\\/#primaryimage\"},\"thumbnailUrl\":\"https:\\\/\\\/www.castlevernie.nl\\\/wordpress\\\/wp-content\\\/uploads\\\/2025\\\/08\\\/Ontwerp-zonder-titel-11.jpg\",\"datePublished\":\"2025-08-29T14:42:43+00:00\",\"dateModified\":\"2026-01-23T10:53:49+00:00\",\"description\":\"De Maxomorra boxer is d\u00e9 ideale keuze voor kinderen die comfort en kwaliteit verdienen. Gemaakt van 95% biologisch katoen en 5% elastan, biedt deze boxer\",\"breadcrumb\":{\"@id\":\"https:\\\/\\\/www.castlevernie.nl\\\/product\\\/maxomorra-boxershort-mono-bear\\\/#breadcrumb\"},\"inLanguage\":\"de\",\"potentialAction\":[{\"@type\":\"ReadAction\",\"target\":[\"https:\\\/\\\/www.castlevernie.nl\\\/product\\\/maxomorra-boxershort-mono-bear\\\/\"]}]},{\"@type\":\"ImageObject\",\"inLanguage\":\"de\",\"@id\":\"https:\\\/\\\/www.castlevernie.nl\\\/product\\\/maxomorra-boxershort-mono-bear\\\/#primaryimage\",\"url\":\"https:\\\/\\\/www.castlevernie.nl\\\/wordpress\\\/wp-content\\\/uploads\\\/2025\\\/08\\\/Ontwerp-zonder-titel-11.jpg\",\"contentUrl\":\"https:\\\/\\\/www.castlevernie.nl\\\/wordpress\\\/wp-content\\\/uploads\\\/2025\\\/08\\\/Ontwerp-zonder-titel-11.jpg\",\"width\":1080,\"height\":1080,\"caption\":\"Maxomorra Boxershort Bear\"},{\"@type\":\"BreadcrumbList\",\"@id\":\"https:\\\/\\\/www.castlevernie.nl\\\/product\\\/maxomorra-boxershort-mono-bear\\\/#breadcrumb\",\"itemListElement\":[{\"@type\":\"ListItem\",\"position\":1,\"name\":\"Home\",\"item\":\"https:\\\/\\\/www.castlevernie.nl\\\/\"},{\"@type\":\"ListItem\",\"position\":2,\"name\":\"Winkel\",\"item\":\"https:\\\/\\\/www.castlevernie.nl\\\/winkel\\\/\"},{\"@type\":\"ListItem\",\"position\":3,\"name\":\"Maxomorra Boxershort Mono Bear\"}]},{\"@type\":\"WebSite\",\"@id\":\"https:\\\/\\\/www.castlevernie.nl\\\/#website\",\"url\":\"https:\\\/\\\/www.castlevernie.nl\\\/\",\"name\":\"Castle Vernie Fashion Shop\",\"description\":\"\",\"publisher\":{\"@id\":\"https:\\\/\\\/www.castlevernie.nl\\\/#organization\"},\"potentialAction\":[{\"@type\":\"SearchAction\",\"target\":{\"@type\":\"EntryPoint\",\"urlTemplate\":\"https:\\\/\\\/www.castlevernie.nl\\\/?s={search_term_string}\"},\"query-input\":{\"@type\":\"PropertyValueSpecification\",\"valueRequired\":true,\"valueName\":\"search_term_string\"}}],\"inLanguage\":\"de\"},{\"@type\":\"Organization\",\"@id\":\"https:\\\/\\\/www.castlevernie.nl\\\/#organization\",\"name\":\"Castle Vernie\",\"url\":\"https:\\\/\\\/www.castlevernie.nl\\\/\",\"logo\":{\"@type\":\"ImageObject\",\"inLanguage\":\"de\",\"@id\":\"https:\\\/\\\/www.castlevernie.nl\\\/#\\\/schema\\\/logo\\\/image\\\/\",\"url\":\"https:\\\/\\\/www.castlevernie.nl\\\/wordpress\\\/wp-content\\\/uploads\\\/2025\\\/07\\\/header-logo-3.png\",\"contentUrl\":\"https:\\\/\\\/www.castlevernie.nl\\\/wordpress\\\/wp-content\\\/uploads\\\/2025\\\/07\\\/header-logo-3.png\",\"width\":780,\"height\":260,\"caption\":\"Castle Vernie\"},\"image\":{\"@id\":\"https:\\\/\\\/www.castlevernie.nl\\\/#\\\/schema\\\/logo\\\/image\\\/\"},\"sameAs\":[\"https:\\\/\\\/m.facebook.com\\\/Castle-Vernie-Fashion-Shop-110667857399440\"]}]}<\/script>\n<!-- \/ Yoast SEO plugin. -->","yoast_head_json":{"title":"Maxomorra Boxershort Mono Bear | Duurzaam en Biologisch Katoen","description":"De Maxomorra boxer is d\u00e9 ideale keuze voor kinderen die comfort en kwaliteit verdienen. Gemaakt van 95% biologisch katoen en 5% elastan, biedt deze boxer","robots":{"index":"index","follow":"follow","max-snippet":"max-snippet:-1","max-image-preview":"max-image-preview:large","max-video-preview":"max-video-preview:-1"},"canonical":"https:\/\/www.castlevernie.nl\/de\/produkt\/maxomorra-boxershort-mono-bear\/","og_locale":"de_DE","og_type":"article","og_title":"Maxomorra Boxershort Mono Bear | Duurzaam en Biologisch Katoen","og_description":"De Maxomorra boxer is d\u00e9 ideale keuze voor kinderen die comfort en kwaliteit verdienen. Gemaakt van 95% biologisch katoen en 5% elastan, biedt deze boxer","og_url":"https:\/\/www.castlevernie.nl\/de\/produkt\/maxomorra-boxershort-mono-bear\/","og_site_name":"Castle Vernie Fashion Shop","article_publisher":"https:\/\/m.facebook.com\/Castle-Vernie-Fashion-Shop-110667857399440","article_modified_time":"2026-01-23T10:53:49+00:00","og_image":[{"width":1080,"height":1080,"url":"https:\/\/www.castlevernie.nl\/wordpress\/wp-content\/uploads\/2025\/08\/Ontwerp-zonder-titel-11.jpg","type":"image\/jpeg"}],"twitter_card":"summary_large_image","twitter_misc":{"Gesch\u00e4tzte Lesezeit":"2\u00a0Minuten"},"schema":{"@context":"https:\/\/schema.org","@graph":[{"@type":"WebPage","@id":"https:\/\/www.castlevernie.nl\/product\/maxomorra-boxershort-mono-bear\/","url":"https:\/\/www.castlevernie.nl\/product\/maxomorra-boxershort-mono-bear\/","name":"Maxomorra Boxershort Mono Bear | Duurzaam en Biologisch Katoen","isPartOf":{"@id":"https:\/\/www.castlevernie.nl\/#website"},"primaryImageOfPage":{"@id":"https:\/\/www.castlevernie.nl\/product\/maxomorra-boxershort-mono-bear\/#primaryimage"},"image":{"@id":"https:\/\/www.castlevernie.nl\/product\/maxomorra-boxershort-mono-bear\/#primaryimage"},"thumbnailUrl":"https:\/\/www.castlevernie.nl\/wordpress\/wp-content\/uploads\/2025\/08\/Ontwerp-zonder-titel-11.jpg","datePublished":"2025-08-29T14:42:43+00:00","dateModified":"2026-01-23T10:53:49+00:00","description":"De Maxomorra boxer is d\u00e9 ideale keuze voor kinderen die comfort en kwaliteit verdienen. Gemaakt van 95% biologisch katoen en 5% elastan, biedt deze boxer","breadcrumb":{"@id":"https:\/\/www.castlevernie.nl\/product\/maxomorra-boxershort-mono-bear\/#breadcrumb"},"inLanguage":"de","potentialAction":[{"@type":"ReadAction","target":["https:\/\/www.castlevernie.nl\/product\/maxomorra-boxershort-mono-bear\/"]}]},{"@type":"ImageObject","inLanguage":"de","@id":"https:\/\/www.castlevernie.nl\/product\/maxomorra-boxershort-mono-bear\/#primaryimage","url":"https:\/\/www.castlevernie.nl\/wordpress\/wp-content\/uploads\/2025\/08\/Ontwerp-zonder-titel-11.jpg","contentUrl":"https:\/\/www.castlevernie.nl\/wordpress\/wp-content\/uploads\/2025\/08\/Ontwerp-zonder-titel-11.jpg","width":1080,"height":1080,"caption":"Maxomorra Boxershort Bear"},{"@type":"BreadcrumbList","@id":"https:\/\/www.castlevernie.nl\/product\/maxomorra-boxershort-mono-bear\/#breadcrumb","itemListElement":[{"@type":"ListItem","position":1,"name":"Home","item":"https:\/\/www.castlevernie.nl\/"},{"@type":"ListItem","position":2,"name":"Winkel","item":"https:\/\/www.castlevernie.nl\/winkel\/"},{"@type":"ListItem","position":3,"name":"Maxomorra Boxershort Mono Bear"}]},{"@type":"WebSite","@id":"https:\/\/www.castlevernie.nl\/#website","url":"https:\/\/www.castlevernie.nl\/","name":"Schloss Vernie Modegesch\u00e4ft","description":"","publisher":{"@id":"https:\/\/www.castlevernie.nl\/#organization"},"potentialAction":[{"@type":"SearchAction","target":{"@type":"EntryPoint","urlTemplate":"https:\/\/www.castlevernie.nl\/?s={search_term_string}"},"query-input":{"@type":"PropertyValueSpecification","valueRequired":true,"valueName":"search_term_string"}}],"inLanguage":"de"},{"@type":"Organization","@id":"https:\/\/www.castlevernie.nl\/#organization","name":"Castle Vernie","url":"https:\/\/www.castlevernie.nl\/","logo":{"@type":"ImageObject","inLanguage":"de","@id":"https:\/\/www.castlevernie.nl\/#\/schema\/logo\/image\/","url":"https:\/\/www.castlevernie.nl\/wordpress\/wp-content\/uploads\/2025\/07\/header-logo-3.png","contentUrl":"https:\/\/www.castlevernie.nl\/wordpress\/wp-content\/uploads\/2025\/07\/header-logo-3.png","width":780,"height":260,"caption":"Castle Vernie"},"image":{"@id":"https:\/\/www.castlevernie.nl\/#\/schema\/logo\/image\/"},"sameAs":["https:\/\/m.facebook.com\/Castle-Vernie-Fashion-Shop-110667857399440"]}]}},"_links":{"self":[{"href":"https:\/\/www.castlevernie.nl\/de\/wp-json\/wp\/v2\/product\/11602","targetHints":{"allow":["GET"]}}],"collection":[{"href":"https:\/\/www.castlevernie.nl\/de\/wp-json\/wp\/v2\/product"}],"about":[{"href":"https:\/\/www.castlevernie.nl\/de\/wp-json\/wp\/v2\/types\/product"}],"replies":[{"embeddable":true,"href":"https:\/\/www.castlevernie.nl\/de\/wp-json\/wp\/v2\/comments?post=11602"}],"wp:featuredmedia":[{"embeddable":true,"href":"https:\/\/www.castlevernie.nl\/de\/wp-json\/wp\/v2\/media\/11608"}],"wp:attachment":[{"href":"https:\/\/www.castlevernie.nl\/de\/wp-json\/wp\/v2\/media?parent=11602"}],"wp:term":[{"taxonomy":"product_brand","embeddable":true,"href":"https:\/\/www.castlevernie.nl\/de\/wp-json\/wp\/v2\/product_brand?post=11602"},{"taxonomy":"product_cat","embeddable":true,"href":"https:\/\/www.castlevernie.nl\/de\/wp-json\/wp\/v2\/product_cat?post=11602"},{"taxonomy":"product_tag","embeddable":true,"href":"https:\/\/www.castlevernie.nl\/de\/wp-json\/wp\/v2\/product_tag?post=11602"}],"curies":[{"name":"wp","href":"https:\/\/api.w.org\/{rel}","templated":true}]}}