{"id":11450,"date":"2025-08-18T09:33:42","date_gmt":"2025-08-18T09:33:42","guid":{"rendered":"https:\/\/www.castlevernie.nl\/?post_type=product&#038;p=11450"},"modified":"2025-10-17T20:20:05","modified_gmt":"2025-10-17T20:20:05","slug":"bambi-roxy-borstvoedingspads","status":"publish","type":"product","link":"https:\/\/www.castlevernie.nl\/de\/produkt\/bambi-roxy-borstvoedingspads\/","title":{"rendered":"Bambi Roxy \u2013 Stillpads"},"content":{"rendered":"<h5>Bambi Roxy Stillpads \u2013 halte deine Kleidung trocken beim Stillen.<\/h5>\n<p>Die Bambi Roxy Stillpads sind unentbehrlich f\u00fcr jede Mutter, die stillt. Diese weichen und saugf\u00e4higen Einlagen sorgen daf\u00fcr, dass du stillen kannst, ohne dass deine Kleidung nass wird, sodass du dich den ganzen Tag \u00fcber bequem und selbstbewusst f\u00fchlst. Sie sind so konzipiert, dass sie perfekt in deinen BH oder dein Stillshirt passen und optimalen Schutz gegen Auslaufen bieten.<\/p>\n<p>Hergestellt aus hautfreundlichen und atmungsaktiven Materialien, f\u00fchlen sich die Bambi Roxy Stillpads weich auf Ihrer Haut an und verhindern Reizungen. Dank des langlebigen Designs sind sie waschbar und wiederverwendbar, was zu einer umweltfreundlichen und verantwortungsbewussten Wahl f\u00fcr Sie und Ihr Kind beitr\u00e4gt. Ideal f\u00fcr sowohl Neugeborene als auch \u00e4ltere Babys, die regelm\u00e4\u00dfig gestillt werden.<\/p>\n<p>Bei Castle Vernie findest du eine gro\u00dfe Auswahl an Bambi Roxy Stillkissen, in verschiedenen Gr\u00f6\u00dfen und Formen, sodass du immer das passende Kissen f\u00fcr deine Stillroutine findest. Sie sind diskret, d\u00fcnn und bequem, sodass du sie w\u00e4hrend des Tragens kaum sp\u00fcrst. Das macht sie ideal f\u00fcr den t\u00e4glichen Gebrauch, unterwegs oder beim Schlafen.<\/p>\n<p>Diese Still-Pads sind perfekt f\u00fcr M\u00fctter, die nach einer nachhaltigen und wiederverwendbaren Stilll\u00f6sung, einem saugf\u00e4higen Stillkissen oder einem praktischen Einlagenschutz f\u00fcr das Stillen suchen. So kannst du dich ganz auf das F\u00fcttern deines Kindes konzentrieren, ohne dir Sorgen \u00fcber das Auslaufen machen zu m\u00fcssen.<\/p>\n<p>W\u00e4hlen Sie Bequemlichkeit, Komfort und Nachhaltigkeit mit den Bambi Roxy Still-Pads, erh\u00e4ltlich bei Castle Vernie \u2013 dem Spezialisten f\u00fcr nachhaltige Babyprodukte und Zubeh\u00f6r f\u00fcr das Stillen.<\/p>","protected":false},"excerpt":{"rendered":"<p>Bambi Roxy borstvoedingspads \u2013 houd je kleding droog tijdens het geven van borstvoeding De Bambi Roxy borstvoedingspads zijn onmisbaar voor iedere moeder die borstvoeding geeft. Deze zachte en absorberende inlegkussenjes zorgen ervoor dat je borstvoeding geeft zonder dat je kleding nat wordt, zodat je je de hele dag comfortabel en zelfverzekerd voelt. Ze zijn ontworpen [&hellip;]<\/p>\n","protected":false},"featured_media":11451,"comment_status":"open","ping_status":"closed","template":"","meta":[],"product_brand":[513],"product_cat":[403],"product_tag":[675],"class_list":{"0":"post-11450","1":"product","2":"type-product","3":"status-publish","4":"has-post-thumbnail","6":"product_brand-bambi-roxy","7":"product_cat-zwangerschap","8":"product_tag-t-shirt-bescherming-bij-het-gevenvanborstvoeding","10":"first","11":"outofstock","12":"taxable","13":"shipping-taxable","14":"purchasable","15":"product-type-simple"},"yoast_head":"<!-- This site is optimized with the Yoast SEO plugin v27.4 - https:\/\/yoast.com\/product\/yoast-seo-wordpress\/ -->\n<title>Bambi Roxy - Borstvoedingspads |<\/title>\n<meta name=\"description\" content=\"De Bambi Roxy borstvoedingspads zijn onmisbaar voor iedere moeder die borstvoeding geeft. Deze zachte en absorberende inlegkussenjes zorgen ervoor dat...\" \/>\n<meta name=\"robots\" content=\"index, follow, max-snippet:-1, max-image-preview:large, max-video-preview:-1\" \/>\n<link rel=\"canonical\" href=\"https:\/\/www.castlevernie.nl\/de\/produkt\/bambi-roxy-borstvoedingspads\/\" \/>\n<meta property=\"og:locale\" content=\"de_DE\" \/>\n<meta property=\"og:type\" content=\"article\" \/>\n<meta property=\"og:title\" content=\"Bambi Roxy - Borstvoedingspads |\" \/>\n<meta property=\"og:description\" content=\"De Bambi Roxy borstvoedingspads zijn onmisbaar voor iedere moeder die borstvoeding geeft. Deze zachte en absorberende inlegkussenjes zorgen ervoor dat...\" \/>\n<meta property=\"og:url\" content=\"https:\/\/www.castlevernie.nl\/de\/produkt\/bambi-roxy-borstvoedingspads\/\" \/>\n<meta property=\"og:site_name\" content=\"Castle Vernie Fashion Shop\" \/>\n<meta property=\"article:publisher\" content=\"https:\/\/m.facebook.com\/Castle-Vernie-Fashion-Shop-110667857399440\" \/>\n<meta property=\"article:modified_time\" content=\"2025-10-17T20:20:05+00:00\" \/>\n<meta property=\"og:image\" content=\"https:\/\/www.castlevernie.nl\/wordpress\/wp-content\/uploads\/2025\/08\/WhatsApp-Image-2025-08-18-at-10.13.08-6.jpeg\" \/>\n\t<meta property=\"og:image:width\" content=\"400\" \/>\n\t<meta property=\"og:image:height\" content=\"400\" \/>\n\t<meta property=\"og:image:type\" content=\"image\/jpeg\" \/>\n<meta name=\"twitter:card\" content=\"summary_large_image\" \/>\n<meta name=\"twitter:label1\" content=\"Gesch\u00e4tzte Lesezeit\" \/>\n\t<meta name=\"twitter:data1\" content=\"2\u00a0Minuten\" \/>\n<script type=\"application\/ld+json\" class=\"yoast-schema-graph\">{\"@context\":\"https:\\\/\\\/schema.org\",\"@graph\":[{\"@type\":\"WebPage\",\"@id\":\"https:\\\/\\\/www.castlevernie.nl\\\/product\\\/bambi-roxy-borstvoedingspads\\\/\",\"url\":\"https:\\\/\\\/www.castlevernie.nl\\\/product\\\/bambi-roxy-borstvoedingspads\\\/\",\"name\":\"Bambi Roxy - Borstvoedingspads |\",\"isPartOf\":{\"@id\":\"https:\\\/\\\/www.castlevernie.nl\\\/#website\"},\"primaryImageOfPage\":{\"@id\":\"https:\\\/\\\/www.castlevernie.nl\\\/product\\\/bambi-roxy-borstvoedingspads\\\/#primaryimage\"},\"image\":{\"@id\":\"https:\\\/\\\/www.castlevernie.nl\\\/product\\\/bambi-roxy-borstvoedingspads\\\/#primaryimage\"},\"thumbnailUrl\":\"https:\\\/\\\/www.castlevernie.nl\\\/wordpress\\\/wp-content\\\/uploads\\\/2025\\\/08\\\/WhatsApp-Image-2025-08-18-at-10.13.08-6.jpeg\",\"datePublished\":\"2025-08-18T09:33:42+00:00\",\"dateModified\":\"2025-10-17T20:20:05+00:00\",\"description\":\"De Bambi Roxy borstvoedingspads zijn onmisbaar voor iedere moeder die borstvoeding geeft. Deze zachte en absorberende inlegkussenjes zorgen ervoor dat...\",\"breadcrumb\":{\"@id\":\"https:\\\/\\\/www.castlevernie.nl\\\/product\\\/bambi-roxy-borstvoedingspads\\\/#breadcrumb\"},\"inLanguage\":\"de\",\"potentialAction\":[{\"@type\":\"ReadAction\",\"target\":[\"https:\\\/\\\/www.castlevernie.nl\\\/product\\\/bambi-roxy-borstvoedingspads\\\/\"]}]},{\"@type\":\"ImageObject\",\"inLanguage\":\"de\",\"@id\":\"https:\\\/\\\/www.castlevernie.nl\\\/product\\\/bambi-roxy-borstvoedingspads\\\/#primaryimage\",\"url\":\"https:\\\/\\\/www.castlevernie.nl\\\/wordpress\\\/wp-content\\\/uploads\\\/2025\\\/08\\\/WhatsApp-Image-2025-08-18-at-10.13.08-6.jpeg\",\"contentUrl\":\"https:\\\/\\\/www.castlevernie.nl\\\/wordpress\\\/wp-content\\\/uploads\\\/2025\\\/08\\\/WhatsApp-Image-2025-08-18-at-10.13.08-6.jpeg\",\"width\":400,\"height\":400,\"caption\":\"Borstvoedingspads Bambi Roxy\"},{\"@type\":\"BreadcrumbList\",\"@id\":\"https:\\\/\\\/www.castlevernie.nl\\\/product\\\/bambi-roxy-borstvoedingspads\\\/#breadcrumb\",\"itemListElement\":[{\"@type\":\"ListItem\",\"position\":1,\"name\":\"Home\",\"item\":\"https:\\\/\\\/www.castlevernie.nl\\\/\"},{\"@type\":\"ListItem\",\"position\":2,\"name\":\"Winkel\",\"item\":\"https:\\\/\\\/www.castlevernie.nl\\\/winkel\\\/\"},{\"@type\":\"ListItem\",\"position\":3,\"name\":\"Bambi Roxy &#8211; Borstvoedingspads\"}]},{\"@type\":\"WebSite\",\"@id\":\"https:\\\/\\\/www.castlevernie.nl\\\/#website\",\"url\":\"https:\\\/\\\/www.castlevernie.nl\\\/\",\"name\":\"Castle Vernie Fashion Shop\",\"description\":\"\",\"publisher\":{\"@id\":\"https:\\\/\\\/www.castlevernie.nl\\\/#organization\"},\"potentialAction\":[{\"@type\":\"SearchAction\",\"target\":{\"@type\":\"EntryPoint\",\"urlTemplate\":\"https:\\\/\\\/www.castlevernie.nl\\\/?s={search_term_string}\"},\"query-input\":{\"@type\":\"PropertyValueSpecification\",\"valueRequired\":true,\"valueName\":\"search_term_string\"}}],\"inLanguage\":\"de\"},{\"@type\":\"Organization\",\"@id\":\"https:\\\/\\\/www.castlevernie.nl\\\/#organization\",\"name\":\"Castle Vernie\",\"url\":\"https:\\\/\\\/www.castlevernie.nl\\\/\",\"logo\":{\"@type\":\"ImageObject\",\"inLanguage\":\"de\",\"@id\":\"https:\\\/\\\/www.castlevernie.nl\\\/#\\\/schema\\\/logo\\\/image\\\/\",\"url\":\"https:\\\/\\\/www.castlevernie.nl\\\/wordpress\\\/wp-content\\\/uploads\\\/2025\\\/07\\\/header-logo-3.png\",\"contentUrl\":\"https:\\\/\\\/www.castlevernie.nl\\\/wordpress\\\/wp-content\\\/uploads\\\/2025\\\/07\\\/header-logo-3.png\",\"width\":780,\"height\":260,\"caption\":\"Castle Vernie\"},\"image\":{\"@id\":\"https:\\\/\\\/www.castlevernie.nl\\\/#\\\/schema\\\/logo\\\/image\\\/\"},\"sameAs\":[\"https:\\\/\\\/m.facebook.com\\\/Castle-Vernie-Fashion-Shop-110667857399440\"]}]}<\/script>\n<!-- \/ Yoast SEO plugin. -->","yoast_head_json":{"title":"Bambi Roxy - Borstvoedingspads |","description":"De Bambi Roxy borstvoedingspads zijn onmisbaar voor iedere moeder die borstvoeding geeft. Deze zachte en absorberende inlegkussenjes zorgen ervoor dat...","robots":{"index":"index","follow":"follow","max-snippet":"max-snippet:-1","max-image-preview":"max-image-preview:large","max-video-preview":"max-video-preview:-1"},"canonical":"https:\/\/www.castlevernie.nl\/de\/produkt\/bambi-roxy-borstvoedingspads\/","og_locale":"de_DE","og_type":"article","og_title":"Bambi Roxy - Borstvoedingspads |","og_description":"De Bambi Roxy borstvoedingspads zijn onmisbaar voor iedere moeder die borstvoeding geeft. Deze zachte en absorberende inlegkussenjes zorgen ervoor dat...","og_url":"https:\/\/www.castlevernie.nl\/de\/produkt\/bambi-roxy-borstvoedingspads\/","og_site_name":"Castle Vernie Fashion Shop","article_publisher":"https:\/\/m.facebook.com\/Castle-Vernie-Fashion-Shop-110667857399440","article_modified_time":"2025-10-17T20:20:05+00:00","og_image":[{"width":400,"height":400,"url":"https:\/\/www.castlevernie.nl\/wordpress\/wp-content\/uploads\/2025\/08\/WhatsApp-Image-2025-08-18-at-10.13.08-6.jpeg","type":"image\/jpeg"}],"twitter_card":"summary_large_image","twitter_misc":{"Gesch\u00e4tzte Lesezeit":"2\u00a0Minuten"},"schema":{"@context":"https:\/\/schema.org","@graph":[{"@type":"WebPage","@id":"https:\/\/www.castlevernie.nl\/product\/bambi-roxy-borstvoedingspads\/","url":"https:\/\/www.castlevernie.nl\/product\/bambi-roxy-borstvoedingspads\/","name":"Bambi Roxy - Borstvoedingspads |","isPartOf":{"@id":"https:\/\/www.castlevernie.nl\/#website"},"primaryImageOfPage":{"@id":"https:\/\/www.castlevernie.nl\/product\/bambi-roxy-borstvoedingspads\/#primaryimage"},"image":{"@id":"https:\/\/www.castlevernie.nl\/product\/bambi-roxy-borstvoedingspads\/#primaryimage"},"thumbnailUrl":"https:\/\/www.castlevernie.nl\/wordpress\/wp-content\/uploads\/2025\/08\/WhatsApp-Image-2025-08-18-at-10.13.08-6.jpeg","datePublished":"2025-08-18T09:33:42+00:00","dateModified":"2025-10-17T20:20:05+00:00","description":"De Bambi Roxy borstvoedingspads zijn onmisbaar voor iedere moeder die borstvoeding geeft. Deze zachte en absorberende inlegkussenjes zorgen ervoor dat...","breadcrumb":{"@id":"https:\/\/www.castlevernie.nl\/product\/bambi-roxy-borstvoedingspads\/#breadcrumb"},"inLanguage":"de","potentialAction":[{"@type":"ReadAction","target":["https:\/\/www.castlevernie.nl\/product\/bambi-roxy-borstvoedingspads\/"]}]},{"@type":"ImageObject","inLanguage":"de","@id":"https:\/\/www.castlevernie.nl\/product\/bambi-roxy-borstvoedingspads\/#primaryimage","url":"https:\/\/www.castlevernie.nl\/wordpress\/wp-content\/uploads\/2025\/08\/WhatsApp-Image-2025-08-18-at-10.13.08-6.jpeg","contentUrl":"https:\/\/www.castlevernie.nl\/wordpress\/wp-content\/uploads\/2025\/08\/WhatsApp-Image-2025-08-18-at-10.13.08-6.jpeg","width":400,"height":400,"caption":"Borstvoedingspads Bambi Roxy"},{"@type":"BreadcrumbList","@id":"https:\/\/www.castlevernie.nl\/product\/bambi-roxy-borstvoedingspads\/#breadcrumb","itemListElement":[{"@type":"ListItem","position":1,"name":"Home","item":"https:\/\/www.castlevernie.nl\/"},{"@type":"ListItem","position":2,"name":"Winkel","item":"https:\/\/www.castlevernie.nl\/winkel\/"},{"@type":"ListItem","position":3,"name":"Bambi Roxy &#8211; Borstvoedingspads"}]},{"@type":"WebSite","@id":"https:\/\/www.castlevernie.nl\/#website","url":"https:\/\/www.castlevernie.nl\/","name":"Schloss Vernie Modegesch\u00e4ft","description":"","publisher":{"@id":"https:\/\/www.castlevernie.nl\/#organization"},"potentialAction":[{"@type":"SearchAction","target":{"@type":"EntryPoint","urlTemplate":"https:\/\/www.castlevernie.nl\/?s={search_term_string}"},"query-input":{"@type":"PropertyValueSpecification","valueRequired":true,"valueName":"search_term_string"}}],"inLanguage":"de"},{"@type":"Organization","@id":"https:\/\/www.castlevernie.nl\/#organization","name":"Castle Vernie","url":"https:\/\/www.castlevernie.nl\/","logo":{"@type":"ImageObject","inLanguage":"de","@id":"https:\/\/www.castlevernie.nl\/#\/schema\/logo\/image\/","url":"https:\/\/www.castlevernie.nl\/wordpress\/wp-content\/uploads\/2025\/07\/header-logo-3.png","contentUrl":"https:\/\/www.castlevernie.nl\/wordpress\/wp-content\/uploads\/2025\/07\/header-logo-3.png","width":780,"height":260,"caption":"Castle Vernie"},"image":{"@id":"https:\/\/www.castlevernie.nl\/#\/schema\/logo\/image\/"},"sameAs":["https:\/\/m.facebook.com\/Castle-Vernie-Fashion-Shop-110667857399440"]}]}},"_links":{"self":[{"href":"https:\/\/www.castlevernie.nl\/de\/wp-json\/wp\/v2\/product\/11450","targetHints":{"allow":["GET"]}}],"collection":[{"href":"https:\/\/www.castlevernie.nl\/de\/wp-json\/wp\/v2\/product"}],"about":[{"href":"https:\/\/www.castlevernie.nl\/de\/wp-json\/wp\/v2\/types\/product"}],"replies":[{"embeddable":true,"href":"https:\/\/www.castlevernie.nl\/de\/wp-json\/wp\/v2\/comments?post=11450"}],"wp:featuredmedia":[{"embeddable":true,"href":"https:\/\/www.castlevernie.nl\/de\/wp-json\/wp\/v2\/media\/11451"}],"wp:attachment":[{"href":"https:\/\/www.castlevernie.nl\/de\/wp-json\/wp\/v2\/media?parent=11450"}],"wp:term":[{"taxonomy":"product_brand","embeddable":true,"href":"https:\/\/www.castlevernie.nl\/de\/wp-json\/wp\/v2\/product_brand?post=11450"},{"taxonomy":"product_cat","embeddable":true,"href":"https:\/\/www.castlevernie.nl\/de\/wp-json\/wp\/v2\/product_cat?post=11450"},{"taxonomy":"product_tag","embeddable":true,"href":"https:\/\/www.castlevernie.nl\/de\/wp-json\/wp\/v2\/product_tag?post=11450"}],"curies":[{"name":"wp","href":"https:\/\/api.w.org\/{rel}","templated":true}]}}