{"id":11427,"date":"2025-08-17T21:36:12","date_gmt":"2025-08-17T21:36:12","guid":{"rendered":"https:\/\/www.castlevernie.nl\/?post_type=product&#038;p=11427"},"modified":"2025-08-18T08:55:47","modified_gmt":"2025-08-18T08:55:47","slug":"reiff-wollen-legging-roze","status":"publish","type":"product","link":"https:\/\/www.castlevernie.nl\/de\/produkt\/reiff-wollen-legging-roze\/","title":{"rendered":"Reiff \u2013 Woll-Leggings Rosa"},"content":{"rendered":"<h5>Reiff wollen Leggings \u2013 weiche und nachhaltige Babyleggings aus 100% Wolle<\/h5>\n<p>Die Reiff-Leggings sind die perfekte Wahl f\u00fcr Eltern, die Komfort und Haltbarkeit gro\u00dfschreiben. Diese Babyleggings bestehen aus 100% Merinowolle, was sie wunderbar weich auf der zarten Haut Ihres Kindes macht. Ideal f\u00fcr Neugeborene, aber auch geeignet f\u00fcr \u00e4ltere Babys und Kleinkinder, die W\u00e4rme und Bewegungsfreiheit ben\u00f6tigen.<\/p>\n<p>Dank der nat\u00fcrlichen Eigenschaften von Wolle, wie W\u00e4rme-Regulierung und Feuchtigkeitsaufnahme, bleibt Ihr Baby warm, ohne zu \u00fcberhitzen. Dies macht die Reiff Woll-Babyleggins besonders geeignet f\u00fcr die k\u00e4lteren Monate, zur Verwendung unter Hosen, \u00dcberhosen oder einfach als bequeme Basislage zu Hause. Der elastische Bund und der dehnbare Stoff sorgen f\u00fcr eine perfekte Passform, sodass sich Ihr Kleines frei bewegen kann.<\/p>\n<p>Bei Castle Vernie finden Sie die Reiff Wollleggings in verschiedenen Gr\u00f6\u00dfen und Farben, sodass Sie immer eine passende Leggings f\u00fcr Ihr Kind w\u00e4hlen k\u00f6nnen. Die Leggings sind nicht nur praktisch und bequem, sondern auch vollst\u00e4ndig nachhaltig und umweltfreundlich produziert, sodass Sie verantwortungsvoll f\u00fcr Ihr Baby und die Umwelt entscheiden.<\/p>\n<p>Diese Reiff Wollleggins f\u00fcr Babys und Kleinkinder lassen sich leicht mit anderen Kleidungsst\u00fccken von Marken wie Huda, Cosilana und Maxomorra kombinieren, sodass Sie ein warmes und stylisches Outfit zusammenstellen k\u00f6nnen. Perfekt f\u00fcr Eltern, die nach einer nachhaltigen Wollleggins f\u00fcr Neugeborene, warmer Babykleidung oder einer weichen Basisschicht f\u00fcr den Winter suchen.<\/p>\n<p>Entscheiden Sie sich f\u00fcr Komfort, W\u00e4rme und Nachhaltigkeit mit der Reiff Wollleggings \u2013 einer weichen und umweltfreundlichen Babylegging, die \u00fcber Jahre mit Ihrem Kind mitwachsen kann. Bestellen Sie jetzt einfach online bei Castle Vernie und erleben Sie den Unterschied hochwertiger, nat\u00fcrlicher Materialien.<\/p>","protected":false},"excerpt":{"rendered":"<p>Reiff wollen legging \u2013 zachte en duurzame babylegging van 100% wol De Reiff wollen legging is de perfecte keuze voor ouders die comfort en duurzaamheid hoog in het vaandel hebben staan. Deze babylegging is gemaakt van 100% merino wol, waardoor hij heerlijk zacht aanvoelt op de tere huid van je kindje. Ideaal voor pasgeboren baby\u2019s, [&hellip;]<\/p>\n","protected":false},"featured_media":4149,"comment_status":"open","ping_status":"closed","template":"","meta":[],"product_brand":[517],"product_cat":[588,46,47,48,49,16],"product_tag":[291,292,294,290,293],"class_list":{"0":"post-11427","1":"product","2":"type-product","3":"status-publish","4":"has-post-thumbnail","6":"product_brand-reiff","7":"product_cat-alles-van-wol-zijde","8":"product_cat-maat-62-68","9":"product_cat-maat-74-80","10":"product_cat-maat-86-82","11":"product_cat-maat-98-104","12":"product_cat-newborn","13":"product_tag-reiff-wollen-legging","14":"product_tag-wollen-legging","15":"product_tag-wollen-legging-blauw","16":"product_tag-wollen-legging-roze","17":"product_tag-wollenlegging-karibik","19":"first","20":"instock","21":"taxable","22":"shipping-taxable","23":"purchasable","24":"product-type-variable","25":"has-default-attributes"},"yoast_head":"<!-- This site is optimized with the Yoast SEO plugin v27.4 - https:\/\/yoast.com\/product\/yoast-seo-wordpress\/ -->\n<title>Castle Vernie Fashion Shop | duurzame babylegging van 100% wol<\/title>\n<meta name=\"description\" content=\"Reiff wollen legging \u2013 zachte en duurzame babylegging van 100% wol. De Reiff wollen legging is de perfecte keuze voor ouders die comfort en duurzaamheid...\" \/>\n<meta name=\"robots\" content=\"index, follow, max-snippet:-1, max-image-preview:large, max-video-preview:-1\" \/>\n<link rel=\"canonical\" href=\"https:\/\/www.castlevernie.nl\/de\/produkt\/reiff-wollen-legging-roze\/\" \/>\n<meta property=\"og:locale\" content=\"de_DE\" \/>\n<meta property=\"og:type\" content=\"article\" \/>\n<meta property=\"og:title\" content=\"Castle Vernie Fashion Shop | duurzame babylegging van 100% wol\" \/>\n<meta property=\"og:description\" content=\"Reiff wollen legging \u2013 zachte en duurzame babylegging van 100% wol. De Reiff wollen legging is de perfecte keuze voor ouders die comfort en duurzaamheid...\" \/>\n<meta property=\"og:url\" content=\"https:\/\/www.castlevernie.nl\/de\/produkt\/reiff-wollen-legging-roze\/\" \/>\n<meta property=\"og:site_name\" content=\"Castle Vernie Fashion Shop\" \/>\n<meta property=\"article:publisher\" content=\"https:\/\/m.facebook.com\/Castle-Vernie-Fashion-Shop-110667857399440\" \/>\n<meta property=\"article:modified_time\" content=\"2025-08-18T08:55:47+00:00\" \/>\n<meta property=\"og:image\" content=\"https:\/\/www.castlevernie.nl\/wordpress\/wp-content\/uploads\/2022\/12\/Legging_candy.png\" \/>\n\t<meta property=\"og:image:width\" content=\"800\" \/>\n\t<meta property=\"og:image:height\" content=\"800\" \/>\n\t<meta property=\"og:image:type\" content=\"image\/png\" \/>\n<meta name=\"twitter:card\" content=\"summary_large_image\" \/>\n<meta name=\"twitter:label1\" content=\"Gesch\u00e4tzte Lesezeit\" \/>\n\t<meta name=\"twitter:data1\" content=\"2\u00a0Minuten\" \/>\n<script type=\"application\/ld+json\" class=\"yoast-schema-graph\">{\"@context\":\"https:\\\/\\\/schema.org\",\"@graph\":[{\"@type\":\"WebPage\",\"@id\":\"https:\\\/\\\/www.castlevernie.nl\\\/product\\\/reiff-wollen-legging-roze\\\/\",\"url\":\"https:\\\/\\\/www.castlevernie.nl\\\/product\\\/reiff-wollen-legging-roze\\\/\",\"name\":\"Castle Vernie Fashion Shop | duurzame babylegging van 100% wol\",\"isPartOf\":{\"@id\":\"https:\\\/\\\/www.castlevernie.nl\\\/#website\"},\"primaryImageOfPage\":{\"@id\":\"https:\\\/\\\/www.castlevernie.nl\\\/product\\\/reiff-wollen-legging-roze\\\/#primaryimage\"},\"image\":{\"@id\":\"https:\\\/\\\/www.castlevernie.nl\\\/product\\\/reiff-wollen-legging-roze\\\/#primaryimage\"},\"thumbnailUrl\":\"https:\\\/\\\/www.castlevernie.nl\\\/wordpress\\\/wp-content\\\/uploads\\\/2022\\\/12\\\/Legging_candy.png\",\"datePublished\":\"2025-08-17T21:36:12+00:00\",\"dateModified\":\"2025-08-18T08:55:47+00:00\",\"description\":\"Reiff wollen legging \u2013 zachte en duurzame babylegging van 100% wol. De Reiff wollen legging is de perfecte keuze voor ouders die comfort en duurzaamheid...\",\"breadcrumb\":{\"@id\":\"https:\\\/\\\/www.castlevernie.nl\\\/product\\\/reiff-wollen-legging-roze\\\/#breadcrumb\"},\"inLanguage\":\"de\",\"potentialAction\":[{\"@type\":\"ReadAction\",\"target\":[\"https:\\\/\\\/www.castlevernie.nl\\\/product\\\/reiff-wollen-legging-roze\\\/\"]}]},{\"@type\":\"ImageObject\",\"inLanguage\":\"de\",\"@id\":\"https:\\\/\\\/www.castlevernie.nl\\\/product\\\/reiff-wollen-legging-roze\\\/#primaryimage\",\"url\":\"https:\\\/\\\/www.castlevernie.nl\\\/wordpress\\\/wp-content\\\/uploads\\\/2022\\\/12\\\/Legging_candy.png\",\"contentUrl\":\"https:\\\/\\\/www.castlevernie.nl\\\/wordpress\\\/wp-content\\\/uploads\\\/2022\\\/12\\\/Legging_candy.png\",\"width\":800,\"height\":800,\"caption\":\"Reiff wollen legging Roze\"},{\"@type\":\"BreadcrumbList\",\"@id\":\"https:\\\/\\\/www.castlevernie.nl\\\/product\\\/reiff-wollen-legging-roze\\\/#breadcrumb\",\"itemListElement\":[{\"@type\":\"ListItem\",\"position\":1,\"name\":\"Home\",\"item\":\"https:\\\/\\\/www.castlevernie.nl\\\/\"},{\"@type\":\"ListItem\",\"position\":2,\"name\":\"Winkel\",\"item\":\"https:\\\/\\\/www.castlevernie.nl\\\/winkel\\\/\"},{\"@type\":\"ListItem\",\"position\":3,\"name\":\"Reiff &#8211; Wollen Legging Roze\"}]},{\"@type\":\"WebSite\",\"@id\":\"https:\\\/\\\/www.castlevernie.nl\\\/#website\",\"url\":\"https:\\\/\\\/www.castlevernie.nl\\\/\",\"name\":\"Castle Vernie Fashion Shop\",\"description\":\"\",\"publisher\":{\"@id\":\"https:\\\/\\\/www.castlevernie.nl\\\/#organization\"},\"potentialAction\":[{\"@type\":\"SearchAction\",\"target\":{\"@type\":\"EntryPoint\",\"urlTemplate\":\"https:\\\/\\\/www.castlevernie.nl\\\/?s={search_term_string}\"},\"query-input\":{\"@type\":\"PropertyValueSpecification\",\"valueRequired\":true,\"valueName\":\"search_term_string\"}}],\"inLanguage\":\"de\"},{\"@type\":\"Organization\",\"@id\":\"https:\\\/\\\/www.castlevernie.nl\\\/#organization\",\"name\":\"Castle Vernie\",\"url\":\"https:\\\/\\\/www.castlevernie.nl\\\/\",\"logo\":{\"@type\":\"ImageObject\",\"inLanguage\":\"de\",\"@id\":\"https:\\\/\\\/www.castlevernie.nl\\\/#\\\/schema\\\/logo\\\/image\\\/\",\"url\":\"https:\\\/\\\/www.castlevernie.nl\\\/wordpress\\\/wp-content\\\/uploads\\\/2025\\\/07\\\/header-logo-3.png\",\"contentUrl\":\"https:\\\/\\\/www.castlevernie.nl\\\/wordpress\\\/wp-content\\\/uploads\\\/2025\\\/07\\\/header-logo-3.png\",\"width\":780,\"height\":260,\"caption\":\"Castle Vernie\"},\"image\":{\"@id\":\"https:\\\/\\\/www.castlevernie.nl\\\/#\\\/schema\\\/logo\\\/image\\\/\"},\"sameAs\":[\"https:\\\/\\\/m.facebook.com\\\/Castle-Vernie-Fashion-Shop-110667857399440\"]}]}<\/script>\n<!-- \/ Yoast SEO plugin. -->","yoast_head_json":{"title":"Castle Vernie Fashion Shop | duurzame babylegging van 100% wol","description":"Reiff wollen legging \u2013 zachte en duurzame babylegging van 100% wol. De Reiff wollen legging is de perfecte keuze voor ouders die comfort en duurzaamheid...","robots":{"index":"index","follow":"follow","max-snippet":"max-snippet:-1","max-image-preview":"max-image-preview:large","max-video-preview":"max-video-preview:-1"},"canonical":"https:\/\/www.castlevernie.nl\/de\/produkt\/reiff-wollen-legging-roze\/","og_locale":"de_DE","og_type":"article","og_title":"Castle Vernie Fashion Shop | duurzame babylegging van 100% wol","og_description":"Reiff wollen legging \u2013 zachte en duurzame babylegging van 100% wol. De Reiff wollen legging is de perfecte keuze voor ouders die comfort en duurzaamheid...","og_url":"https:\/\/www.castlevernie.nl\/de\/produkt\/reiff-wollen-legging-roze\/","og_site_name":"Castle Vernie Fashion Shop","article_publisher":"https:\/\/m.facebook.com\/Castle-Vernie-Fashion-Shop-110667857399440","article_modified_time":"2025-08-18T08:55:47+00:00","og_image":[{"width":800,"height":800,"url":"https:\/\/www.castlevernie.nl\/wordpress\/wp-content\/uploads\/2022\/12\/Legging_candy.png","type":"image\/png"}],"twitter_card":"summary_large_image","twitter_misc":{"Gesch\u00e4tzte Lesezeit":"2\u00a0Minuten"},"schema":{"@context":"https:\/\/schema.org","@graph":[{"@type":"WebPage","@id":"https:\/\/www.castlevernie.nl\/product\/reiff-wollen-legging-roze\/","url":"https:\/\/www.castlevernie.nl\/product\/reiff-wollen-legging-roze\/","name":"Castle Vernie Fashion Shop | duurzame babylegging van 100% wol","isPartOf":{"@id":"https:\/\/www.castlevernie.nl\/#website"},"primaryImageOfPage":{"@id":"https:\/\/www.castlevernie.nl\/product\/reiff-wollen-legging-roze\/#primaryimage"},"image":{"@id":"https:\/\/www.castlevernie.nl\/product\/reiff-wollen-legging-roze\/#primaryimage"},"thumbnailUrl":"https:\/\/www.castlevernie.nl\/wordpress\/wp-content\/uploads\/2022\/12\/Legging_candy.png","datePublished":"2025-08-17T21:36:12+00:00","dateModified":"2025-08-18T08:55:47+00:00","description":"Reiff wollen legging \u2013 zachte en duurzame babylegging van 100% wol. De Reiff wollen legging is de perfecte keuze voor ouders die comfort en duurzaamheid...","breadcrumb":{"@id":"https:\/\/www.castlevernie.nl\/product\/reiff-wollen-legging-roze\/#breadcrumb"},"inLanguage":"de","potentialAction":[{"@type":"ReadAction","target":["https:\/\/www.castlevernie.nl\/product\/reiff-wollen-legging-roze\/"]}]},{"@type":"ImageObject","inLanguage":"de","@id":"https:\/\/www.castlevernie.nl\/product\/reiff-wollen-legging-roze\/#primaryimage","url":"https:\/\/www.castlevernie.nl\/wordpress\/wp-content\/uploads\/2022\/12\/Legging_candy.png","contentUrl":"https:\/\/www.castlevernie.nl\/wordpress\/wp-content\/uploads\/2022\/12\/Legging_candy.png","width":800,"height":800,"caption":"Reiff wollen legging Roze"},{"@type":"BreadcrumbList","@id":"https:\/\/www.castlevernie.nl\/product\/reiff-wollen-legging-roze\/#breadcrumb","itemListElement":[{"@type":"ListItem","position":1,"name":"Home","item":"https:\/\/www.castlevernie.nl\/"},{"@type":"ListItem","position":2,"name":"Winkel","item":"https:\/\/www.castlevernie.nl\/winkel\/"},{"@type":"ListItem","position":3,"name":"Reiff &#8211; Wollen Legging Roze"}]},{"@type":"WebSite","@id":"https:\/\/www.castlevernie.nl\/#website","url":"https:\/\/www.castlevernie.nl\/","name":"Schloss Vernie Modegesch\u00e4ft","description":"","publisher":{"@id":"https:\/\/www.castlevernie.nl\/#organization"},"potentialAction":[{"@type":"SearchAction","target":{"@type":"EntryPoint","urlTemplate":"https:\/\/www.castlevernie.nl\/?s={search_term_string}"},"query-input":{"@type":"PropertyValueSpecification","valueRequired":true,"valueName":"search_term_string"}}],"inLanguage":"de"},{"@type":"Organization","@id":"https:\/\/www.castlevernie.nl\/#organization","name":"Castle Vernie","url":"https:\/\/www.castlevernie.nl\/","logo":{"@type":"ImageObject","inLanguage":"de","@id":"https:\/\/www.castlevernie.nl\/#\/schema\/logo\/image\/","url":"https:\/\/www.castlevernie.nl\/wordpress\/wp-content\/uploads\/2025\/07\/header-logo-3.png","contentUrl":"https:\/\/www.castlevernie.nl\/wordpress\/wp-content\/uploads\/2025\/07\/header-logo-3.png","width":780,"height":260,"caption":"Castle Vernie"},"image":{"@id":"https:\/\/www.castlevernie.nl\/#\/schema\/logo\/image\/"},"sameAs":["https:\/\/m.facebook.com\/Castle-Vernie-Fashion-Shop-110667857399440"]}]}},"_links":{"self":[{"href":"https:\/\/www.castlevernie.nl\/de\/wp-json\/wp\/v2\/product\/11427","targetHints":{"allow":["GET"]}}],"collection":[{"href":"https:\/\/www.castlevernie.nl\/de\/wp-json\/wp\/v2\/product"}],"about":[{"href":"https:\/\/www.castlevernie.nl\/de\/wp-json\/wp\/v2\/types\/product"}],"replies":[{"embeddable":true,"href":"https:\/\/www.castlevernie.nl\/de\/wp-json\/wp\/v2\/comments?post=11427"}],"wp:featuredmedia":[{"embeddable":true,"href":"https:\/\/www.castlevernie.nl\/de\/wp-json\/wp\/v2\/media\/4149"}],"wp:attachment":[{"href":"https:\/\/www.castlevernie.nl\/de\/wp-json\/wp\/v2\/media?parent=11427"}],"wp:term":[{"taxonomy":"product_brand","embeddable":true,"href":"https:\/\/www.castlevernie.nl\/de\/wp-json\/wp\/v2\/product_brand?post=11427"},{"taxonomy":"product_cat","embeddable":true,"href":"https:\/\/www.castlevernie.nl\/de\/wp-json\/wp\/v2\/product_cat?post=11427"},{"taxonomy":"product_tag","embeddable":true,"href":"https:\/\/www.castlevernie.nl\/de\/wp-json\/wp\/v2\/product_tag?post=11427"}],"curies":[{"name":"wp","href":"https:\/\/api.w.org\/{rel}","templated":true}]}}