{"id":11336,"date":"2025-08-15T10:13:29","date_gmt":"2025-08-15T10:13:29","guid":{"rendered":"https:\/\/www.castlevernie.nl\/?post_type=product&#038;p=11336"},"modified":"2025-08-15T10:17:03","modified_gmt":"2025-08-15T10:17:03","slug":"bambi-roxy-onesize-on-a-bicycle-snap","status":"publish","type":"product","link":"https:\/\/www.castlevernie.nl\/de\/produkt\/bambi-roxy-onesize-on-a-bicycle-snap\/","title":{"rendered":"Bambi Roxy &#8211; Onesize On a Bicycle Snap"},"content":{"rendered":"<h5>Bambi Roxy Onesize Waschbare Windel wunderbar weich und sch\u00f6n<\/h5>\n<p>Eine stark saugende Windel. Das Material ist angenehm weich und die Windel h\u00e4lt das Baby bis zur Sauberkeit. Diese Windel wird in Europa hergestellt und f\u00fcr die Produktion werden ausschlie\u00dflich europ\u00e4ische Materialien verwendet.<\/p>\n<p>Enth\u00e4lt:<\/p>\n<ul>\n<li>1x Einheitsgr\u00f6\u00dfe Waschlappen<\/li>\n<li>1x klickbare 3-lagige lange Saug-Einlage,<\/li>\n<\/ul>\n<p>Ben\u00f6tigt eine wasserdichte \u00dcberhose (BambiRoxy Einheitsgr\u00f6\u00dfe oder Wollhosen) Mit internem Druckknopf zum Befestigen des Einlagen Superweiche, feuchtigkeitsabsorbierende waschbare Bambuswindel Ideal f\u00fcr Tag und Nacht Viele gro\u00dfartige Stoffdesigns<\/p>\n<p>Material: Au\u00dfen: 100% Baumwolle oder 95% Baumwolle, 5% Elasthan Innen: 90% Bambus, 10% Polyester Kontaktlage: 90% Bambus, 10% Polyester Waschbar bis 60\u00b0 C. Die Windeln sind f\u00fcr den Trockner geeignet. Verwenden Sie das weichste Programm des Trockners und verwenden Sie keinen Weichsp\u00fcler oder Chlorbleichmittel. F\u00fcr diese Windel ist ein Oberteil erforderlich. Bambi Roxy Onesize Waschbare Windel \u2013 wunderbar weich und sch\u00f6n.<\/p>\n<p><strong>Komfort und Bequemlichkeit<\/strong><\/p>\n<p>Die Windel f\u00fchlt sich weich an und bietet hervorragende Absorption, sodass Ihr Kind den ganzen Tag \u00fcber bequem bleibt. Die Anwendung ist einfach: Maschinenwaschbar und schnell trocknend, ideal f\u00fcr besch\u00e4ftigte Familien. Die Bambi Roxy Onesize Windel kann mit zus\u00e4tzlichen Einlagen f\u00fcr optimale Absorption kombiniert werden, beispielsweise f\u00fcr nachts oder bei langen Ausfl\u00fcgen.<\/p>\n<p><strong>Sicher f\u00fcr die Haut<\/strong><\/p>\n<p>Diese Windel ist hypoallergen und frei von sch\u00e4dlichen Chemikalien, wodurch die empfindliche Haut Ihres Babys gesch\u00fctzt wird. So entscheiden Sie sich nicht nur f\u00fcr Komfort, sondern auch f\u00fcr Gesundheit und Sicherheit.<\/p>\n<p>W\u00e4hlen Sie die Bambi Roxy Onesize waschbare Windel und erleben Sie eine nachhaltige, praktische und komfortable L\u00f6sung f\u00fcr Ihr Kind. Perfekt f\u00fcr Eltern, die umweltbewusst leben wollen, ohne auf Komfort und Qualit\u00e4t zu verzichten.<\/p>\n<p>\u00dcber eine vorgeformte waschbare Windel muss noch eine \u00dcberhose, die findest du <a href=\"https:\/\/www.castlevernie.nl\/de\/produkt-kategorie\/wasbare-luiers\/overbroekjes\/\">hier<\/a><\/p>","protected":false},"excerpt":{"rendered":"<p>Bambi Roxy Onesize Wasbare Luier heerlijk zacht en mooi Een sterk absorberende luier. Het materiaal is heerlijk zacht en de luier houdt het baby&#8217;tje tot aan zindelijkheid. Deze luier wordt in Europa geproduceerd en voor de productie worden uitsluitend Europese materialen gebruikt. Bevat: 1x One-size Wasbare Luier, 1x inklikbare 3-laags lange absorptie-inlegger, Heeft een waterdichte [&hellip;]<\/p>\n","protected":false},"featured_media":11337,"comment_status":"open","ping_status":"closed","template":"","meta":[],"product_brand":[513],"product_cat":[375],"product_tag":[381,659],"class_list":{"0":"post-11336","1":"product","2":"type-product","3":"status-publish","4":"has-post-thumbnail","6":"product_brand-bambi-roxy","7":"product_cat-onesize-luiers","8":"product_tag-bambi-roxy","9":"product_tag-duurzame-producten","11":"first","12":"instock","13":"taxable","14":"shipping-taxable","15":"purchasable","16":"product-type-simple"},"yoast_head":"<!-- This site is optimized with the Yoast SEO plugin v27.4 - https:\/\/yoast.com\/product\/yoast-seo-wordpress\/ -->\n<title>Bambi Roxy - Onesize On a Bicycle Snap | maat 4-16 kg<\/title>\n<meta name=\"description\" content=\"Bambi Roxy Onesize Wasbare Luier \u2013 Heerlijk zacht en mooi. Een sterk absorberende luier. Het materiaal is heerlijk zacht en de luier houdt het baby&#039;tje...\" \/>\n<meta name=\"robots\" content=\"index, follow, max-snippet:-1, max-image-preview:large, max-video-preview:-1\" \/>\n<link rel=\"canonical\" href=\"https:\/\/www.castlevernie.nl\/de\/produkt\/bambi-roxy-onesize-on-a-bicycle-snap\/\" \/>\n<meta property=\"og:locale\" content=\"de_DE\" \/>\n<meta property=\"og:type\" content=\"article\" \/>\n<meta property=\"og:title\" content=\"Bambi Roxy - Onesize On a Bicycle Snap | maat 4-16 kg\" \/>\n<meta property=\"og:description\" content=\"Bambi Roxy Onesize Wasbare Luier \u2013 Heerlijk zacht en mooi. Een sterk absorberende luier. Het materiaal is heerlijk zacht en de luier houdt het baby&#039;tje...\" \/>\n<meta property=\"og:url\" content=\"https:\/\/www.castlevernie.nl\/de\/produkt\/bambi-roxy-onesize-on-a-bicycle-snap\/\" \/>\n<meta property=\"og:site_name\" content=\"Castle Vernie Fashion Shop\" \/>\n<meta property=\"article:publisher\" content=\"https:\/\/m.facebook.com\/Castle-Vernie-Fashion-Shop-110667857399440\" \/>\n<meta property=\"article:modified_time\" content=\"2025-08-15T10:17:03+00:00\" \/>\n<meta property=\"og:image\" content=\"https:\/\/www.castlevernie.nl\/wordpress\/wp-content\/uploads\/2025\/08\/x1-NOH-P-090-62e58271f5cae3dd86049f14e24f8a65.jpg.pagespeed.ic_.DtgBe6cCC7.webp\" \/>\n\t<meta property=\"og:image:width\" content=\"300\" \/>\n\t<meta property=\"og:image:height\" content=\"300\" \/>\n\t<meta property=\"og:image:type\" content=\"image\/webp\" \/>\n<meta name=\"twitter:card\" content=\"summary_large_image\" \/>\n<meta name=\"twitter:label1\" content=\"Gesch\u00e4tzte Lesezeit\" \/>\n\t<meta name=\"twitter:data1\" content=\"2\u00a0Minuten\" \/>\n<script type=\"application\/ld+json\" class=\"yoast-schema-graph\">{\"@context\":\"https:\\\/\\\/schema.org\",\"@graph\":[{\"@type\":\"WebPage\",\"@id\":\"https:\\\/\\\/www.castlevernie.nl\\\/product\\\/bambi-roxy-onesize-on-a-bicycle-snap\\\/\",\"url\":\"https:\\\/\\\/www.castlevernie.nl\\\/product\\\/bambi-roxy-onesize-on-a-bicycle-snap\\\/\",\"name\":\"Bambi Roxy - Onesize On a Bicycle Snap | maat 4-16 kg\",\"isPartOf\":{\"@id\":\"https:\\\/\\\/www.castlevernie.nl\\\/#website\"},\"primaryImageOfPage\":{\"@id\":\"https:\\\/\\\/www.castlevernie.nl\\\/product\\\/bambi-roxy-onesize-on-a-bicycle-snap\\\/#primaryimage\"},\"image\":{\"@id\":\"https:\\\/\\\/www.castlevernie.nl\\\/product\\\/bambi-roxy-onesize-on-a-bicycle-snap\\\/#primaryimage\"},\"thumbnailUrl\":\"https:\\\/\\\/www.castlevernie.nl\\\/wordpress\\\/wp-content\\\/uploads\\\/2025\\\/08\\\/x1-NOH-P-090-62e58271f5cae3dd86049f14e24f8a65.jpg.pagespeed.ic_.DtgBe6cCC7.webp\",\"datePublished\":\"2025-08-15T10:13:29+00:00\",\"dateModified\":\"2025-08-15T10:17:03+00:00\",\"description\":\"Bambi Roxy Onesize Wasbare Luier \u2013 Heerlijk zacht en mooi. Een sterk absorberende luier. Het materiaal is heerlijk zacht en de luier houdt het baby'tje...\",\"breadcrumb\":{\"@id\":\"https:\\\/\\\/www.castlevernie.nl\\\/product\\\/bambi-roxy-onesize-on-a-bicycle-snap\\\/#breadcrumb\"},\"inLanguage\":\"de\",\"potentialAction\":[{\"@type\":\"ReadAction\",\"target\":[\"https:\\\/\\\/www.castlevernie.nl\\\/product\\\/bambi-roxy-onesize-on-a-bicycle-snap\\\/\"]}]},{\"@type\":\"ImageObject\",\"inLanguage\":\"de\",\"@id\":\"https:\\\/\\\/www.castlevernie.nl\\\/product\\\/bambi-roxy-onesize-on-a-bicycle-snap\\\/#primaryimage\",\"url\":\"https:\\\/\\\/www.castlevernie.nl\\\/wordpress\\\/wp-content\\\/uploads\\\/2025\\\/08\\\/x1-NOH-P-090-62e58271f5cae3dd86049f14e24f8a65.jpg.pagespeed.ic_.DtgBe6cCC7.webp\",\"contentUrl\":\"https:\\\/\\\/www.castlevernie.nl\\\/wordpress\\\/wp-content\\\/uploads\\\/2025\\\/08\\\/x1-NOH-P-090-62e58271f5cae3dd86049f14e24f8a65.jpg.pagespeed.ic_.DtgBe6cCC7.webp\",\"width\":300,\"height\":300,\"caption\":\"Bambi Roxy op de fiets Drukknopen een maat wasbare luier\"},{\"@type\":\"BreadcrumbList\",\"@id\":\"https:\\\/\\\/www.castlevernie.nl\\\/product\\\/bambi-roxy-onesize-on-a-bicycle-snap\\\/#breadcrumb\",\"itemListElement\":[{\"@type\":\"ListItem\",\"position\":1,\"name\":\"Home\",\"item\":\"https:\\\/\\\/www.castlevernie.nl\\\/\"},{\"@type\":\"ListItem\",\"position\":2,\"name\":\"Winkel\",\"item\":\"https:\\\/\\\/www.castlevernie.nl\\\/winkel\\\/\"},{\"@type\":\"ListItem\",\"position\":3,\"name\":\"Bambi Roxy &#8211; Onesize On a Bicycle Snap\"}]},{\"@type\":\"WebSite\",\"@id\":\"https:\\\/\\\/www.castlevernie.nl\\\/#website\",\"url\":\"https:\\\/\\\/www.castlevernie.nl\\\/\",\"name\":\"Castle Vernie Fashion Shop\",\"description\":\"\",\"publisher\":{\"@id\":\"https:\\\/\\\/www.castlevernie.nl\\\/#organization\"},\"potentialAction\":[{\"@type\":\"SearchAction\",\"target\":{\"@type\":\"EntryPoint\",\"urlTemplate\":\"https:\\\/\\\/www.castlevernie.nl\\\/?s={search_term_string}\"},\"query-input\":{\"@type\":\"PropertyValueSpecification\",\"valueRequired\":true,\"valueName\":\"search_term_string\"}}],\"inLanguage\":\"de\"},{\"@type\":\"Organization\",\"@id\":\"https:\\\/\\\/www.castlevernie.nl\\\/#organization\",\"name\":\"Castle Vernie\",\"url\":\"https:\\\/\\\/www.castlevernie.nl\\\/\",\"logo\":{\"@type\":\"ImageObject\",\"inLanguage\":\"de\",\"@id\":\"https:\\\/\\\/www.castlevernie.nl\\\/#\\\/schema\\\/logo\\\/image\\\/\",\"url\":\"https:\\\/\\\/www.castlevernie.nl\\\/wordpress\\\/wp-content\\\/uploads\\\/2025\\\/07\\\/header-logo-3.png\",\"contentUrl\":\"https:\\\/\\\/www.castlevernie.nl\\\/wordpress\\\/wp-content\\\/uploads\\\/2025\\\/07\\\/header-logo-3.png\",\"width\":780,\"height\":260,\"caption\":\"Castle Vernie\"},\"image\":{\"@id\":\"https:\\\/\\\/www.castlevernie.nl\\\/#\\\/schema\\\/logo\\\/image\\\/\"},\"sameAs\":[\"https:\\\/\\\/m.facebook.com\\\/Castle-Vernie-Fashion-Shop-110667857399440\"]}]}<\/script>\n<!-- \/ Yoast SEO plugin. -->","yoast_head_json":{"title":"Bambi Roxy - Onesize On a Bicycle Snap | maat 4-16 kg","description":"Bambi Roxy Onesize Wasbare Luier \u2013 Heerlijk zacht en mooi. Een sterk absorberende luier. Het materiaal is heerlijk zacht en de luier houdt het baby'tje...","robots":{"index":"index","follow":"follow","max-snippet":"max-snippet:-1","max-image-preview":"max-image-preview:large","max-video-preview":"max-video-preview:-1"},"canonical":"https:\/\/www.castlevernie.nl\/de\/produkt\/bambi-roxy-onesize-on-a-bicycle-snap\/","og_locale":"de_DE","og_type":"article","og_title":"Bambi Roxy - Onesize On a Bicycle Snap | maat 4-16 kg","og_description":"Bambi Roxy Onesize Wasbare Luier \u2013 Heerlijk zacht en mooi. Een sterk absorberende luier. Het materiaal is heerlijk zacht en de luier houdt het baby'tje...","og_url":"https:\/\/www.castlevernie.nl\/de\/produkt\/bambi-roxy-onesize-on-a-bicycle-snap\/","og_site_name":"Castle Vernie Fashion Shop","article_publisher":"https:\/\/m.facebook.com\/Castle-Vernie-Fashion-Shop-110667857399440","article_modified_time":"2025-08-15T10:17:03+00:00","og_image":[{"width":300,"height":300,"url":"https:\/\/www.castlevernie.nl\/wordpress\/wp-content\/uploads\/2025\/08\/x1-NOH-P-090-62e58271f5cae3dd86049f14e24f8a65.jpg.pagespeed.ic_.DtgBe6cCC7.webp","type":"image\/webp"}],"twitter_card":"summary_large_image","twitter_misc":{"Gesch\u00e4tzte Lesezeit":"2\u00a0Minuten"},"schema":{"@context":"https:\/\/schema.org","@graph":[{"@type":"WebPage","@id":"https:\/\/www.castlevernie.nl\/product\/bambi-roxy-onesize-on-a-bicycle-snap\/","url":"https:\/\/www.castlevernie.nl\/product\/bambi-roxy-onesize-on-a-bicycle-snap\/","name":"Bambi Roxy - Onesize On a Bicycle Snap | maat 4-16 kg","isPartOf":{"@id":"https:\/\/www.castlevernie.nl\/#website"},"primaryImageOfPage":{"@id":"https:\/\/www.castlevernie.nl\/product\/bambi-roxy-onesize-on-a-bicycle-snap\/#primaryimage"},"image":{"@id":"https:\/\/www.castlevernie.nl\/product\/bambi-roxy-onesize-on-a-bicycle-snap\/#primaryimage"},"thumbnailUrl":"https:\/\/www.castlevernie.nl\/wordpress\/wp-content\/uploads\/2025\/08\/x1-NOH-P-090-62e58271f5cae3dd86049f14e24f8a65.jpg.pagespeed.ic_.DtgBe6cCC7.webp","datePublished":"2025-08-15T10:13:29+00:00","dateModified":"2025-08-15T10:17:03+00:00","description":"Bambi Roxy Onesize Wasbare Luier \u2013 Heerlijk zacht en mooi. Een sterk absorberende luier. Het materiaal is heerlijk zacht en de luier houdt het baby'tje...","breadcrumb":{"@id":"https:\/\/www.castlevernie.nl\/product\/bambi-roxy-onesize-on-a-bicycle-snap\/#breadcrumb"},"inLanguage":"de","potentialAction":[{"@type":"ReadAction","target":["https:\/\/www.castlevernie.nl\/product\/bambi-roxy-onesize-on-a-bicycle-snap\/"]}]},{"@type":"ImageObject","inLanguage":"de","@id":"https:\/\/www.castlevernie.nl\/product\/bambi-roxy-onesize-on-a-bicycle-snap\/#primaryimage","url":"https:\/\/www.castlevernie.nl\/wordpress\/wp-content\/uploads\/2025\/08\/x1-NOH-P-090-62e58271f5cae3dd86049f14e24f8a65.jpg.pagespeed.ic_.DtgBe6cCC7.webp","contentUrl":"https:\/\/www.castlevernie.nl\/wordpress\/wp-content\/uploads\/2025\/08\/x1-NOH-P-090-62e58271f5cae3dd86049f14e24f8a65.jpg.pagespeed.ic_.DtgBe6cCC7.webp","width":300,"height":300,"caption":"Bambi Roxy op de fiets Drukknopen een maat wasbare luier"},{"@type":"BreadcrumbList","@id":"https:\/\/www.castlevernie.nl\/product\/bambi-roxy-onesize-on-a-bicycle-snap\/#breadcrumb","itemListElement":[{"@type":"ListItem","position":1,"name":"Home","item":"https:\/\/www.castlevernie.nl\/"},{"@type":"ListItem","position":2,"name":"Winkel","item":"https:\/\/www.castlevernie.nl\/winkel\/"},{"@type":"ListItem","position":3,"name":"Bambi Roxy &#8211; Onesize On a Bicycle Snap"}]},{"@type":"WebSite","@id":"https:\/\/www.castlevernie.nl\/#website","url":"https:\/\/www.castlevernie.nl\/","name":"Schloss Vernie Modegesch\u00e4ft","description":"","publisher":{"@id":"https:\/\/www.castlevernie.nl\/#organization"},"potentialAction":[{"@type":"SearchAction","target":{"@type":"EntryPoint","urlTemplate":"https:\/\/www.castlevernie.nl\/?s={search_term_string}"},"query-input":{"@type":"PropertyValueSpecification","valueRequired":true,"valueName":"search_term_string"}}],"inLanguage":"de"},{"@type":"Organization","@id":"https:\/\/www.castlevernie.nl\/#organization","name":"Castle Vernie","url":"https:\/\/www.castlevernie.nl\/","logo":{"@type":"ImageObject","inLanguage":"de","@id":"https:\/\/www.castlevernie.nl\/#\/schema\/logo\/image\/","url":"https:\/\/www.castlevernie.nl\/wordpress\/wp-content\/uploads\/2025\/07\/header-logo-3.png","contentUrl":"https:\/\/www.castlevernie.nl\/wordpress\/wp-content\/uploads\/2025\/07\/header-logo-3.png","width":780,"height":260,"caption":"Castle Vernie"},"image":{"@id":"https:\/\/www.castlevernie.nl\/#\/schema\/logo\/image\/"},"sameAs":["https:\/\/m.facebook.com\/Castle-Vernie-Fashion-Shop-110667857399440"]}]}},"_links":{"self":[{"href":"https:\/\/www.castlevernie.nl\/de\/wp-json\/wp\/v2\/product\/11336","targetHints":{"allow":["GET"]}}],"collection":[{"href":"https:\/\/www.castlevernie.nl\/de\/wp-json\/wp\/v2\/product"}],"about":[{"href":"https:\/\/www.castlevernie.nl\/de\/wp-json\/wp\/v2\/types\/product"}],"replies":[{"embeddable":true,"href":"https:\/\/www.castlevernie.nl\/de\/wp-json\/wp\/v2\/comments?post=11336"}],"wp:featuredmedia":[{"embeddable":true,"href":"https:\/\/www.castlevernie.nl\/de\/wp-json\/wp\/v2\/media\/11337"}],"wp:attachment":[{"href":"https:\/\/www.castlevernie.nl\/de\/wp-json\/wp\/v2\/media?parent=11336"}],"wp:term":[{"taxonomy":"product_brand","embeddable":true,"href":"https:\/\/www.castlevernie.nl\/de\/wp-json\/wp\/v2\/product_brand?post=11336"},{"taxonomy":"product_cat","embeddable":true,"href":"https:\/\/www.castlevernie.nl\/de\/wp-json\/wp\/v2\/product_cat?post=11336"},{"taxonomy":"product_tag","embeddable":true,"href":"https:\/\/www.castlevernie.nl\/de\/wp-json\/wp\/v2\/product_tag?post=11336"}],"curies":[{"name":"wp","href":"https:\/\/api.w.org\/{rel}","templated":true}]}}