{"id":11291,"date":"2025-08-07T19:59:40","date_gmt":"2025-08-07T19:59:40","guid":{"rendered":"https:\/\/www.castlevernie.nl\/?post_type=product&#038;p=11291"},"modified":"2025-08-25T19:38:13","modified_gmt":"2025-08-25T19:38:13","slug":"bambi-roxy-newborn-luier-herten","status":"publish","type":"product","link":"https:\/\/www.castlevernie.nl\/de\/produkt\/bambi-roxy-newborn-luier-herten\/","title":{"rendered":"Bambi Roxy \u2013 Neugeborenen Windeln Rehe"},"content":{"rendered":"<h6>Bambi Roxy Newborn luier \u2013 Zachte en betrouwbare pasvorm voor de allerkleinsten<\/h6>\n<p>Die Bambi Roxy Neugeborenenwindel ist speziell f\u00fcr neugeborene Babys entworfen. Diese waschbare Windel bietet eine perfekte Passform f\u00fcr die ersten Wochen nach der Geburt. Dank des weichen Materials, einer Kombination aus Bambus und Baumwolle, f\u00fchlt sich diese Neugeborenenwindel wunderbar angenehm auf der zarten Babyhaut an. Die schlanke Passform sorgt daf\u00fcr, dass sich dein Kleines frei bewegen kann, w\u00e4hrend Leckagen effektiv verhindert werden.<\/p>\n<p>Bambi Roxy ist bekannt f\u00fcr ihre zuverl\u00e4ssigen und benutzerfreundlichen waschbaren Windelsysteme. Neben diesen Neugeborenen-Windeln bietet die Marke auch eine gro\u00dfe Auswahl an anderen Produkten an, wie:<br \/>\n\u2022 Bambi Roxy \u00dcbungs-H\u00f6schen: ideal f\u00fcr die Sauberkeitserziehung, mit einem absorbierenden Kern und leicht an- und auszuziehen.<br \/>\n\u2022 Bambi Roxy Badeslipps: wiederverwendbare Schwimmwindeln f\u00fcr Babys und Kleinkinder, perfekt f\u00fcr das Schwimmbad oder im Urlaub.<br \/>\n\u2022 Bambi Roxy Pocketwindeln: verstellbare Windeln mit einer \u00d6ffnung zum Hinzuf\u00fcgen von zus\u00e4tzlichen Boostern, geeignet f\u00fcr den t\u00e4glichen Gebrauch.<br \/>\n\u2022 Bambi Roxy Snap-in-One Windeln: ein praktisches System, bei dem die Einlage mit Druckkn\u00f6pfen befestigt ist, sodass du schnell wechseln kannst.<\/p>\n<p>Indem Sie sich f\u00fcr eine Bambi Roxy Neugeborenenwindel entscheiden, w\u00e4hlen Sie Nachhaltigkeit, Komfort und Stil. Diese Windeln sind in verschiedenen Drucken und Farben erh\u00e4ltlich, was das Wickeln auch noch Spa\u00df macht.<\/p>\n<p>Suchst du nach einer zuverl\u00e4ssigen waschbaren Neugeborenenwindel oder vielleicht nach Trainingpants, Badehosen oder einem praktischen Snap-in-One-System? Bambi Roxy bietet alles \u2013 und du findest es bei Castle Vernie.<\/p>","protected":false},"excerpt":{"rendered":"<p>Bambi Roxy Newborn luier \u2013 Zachte en betrouwbare pasvorm voor de allerkleinsten De Bambi Roxy Newborn luier is speciaal ontworpen voor pasgeboren baby\u2019s. Deze wasbare luier biedt een perfecte pasvorm voor de eerste weken na de geboorte. Dankzij het zachte materiaal, een combinatie van bamboe en katoen, voelt deze newborn luier heerlijk comfortabel aan op [&hellip;]<\/p>\n","protected":false},"featured_media":11292,"comment_status":"open","ping_status":"closed","template":"","meta":[],"product_brand":[513],"product_cat":[376],"product_tag":[649,650,185],"class_list":{"0":"post-11291","1":"product","2":"type-product","3":"status-publish","4":"has-post-thumbnail","6":"product_brand-bambi-roxy","7":"product_cat-fitted","8":"product_tag-bambi-roxy-newborn","9":"product_tag-newborn-nachtluier","10":"product_tag-wasbare-luier-newborn","12":"first","13":"instock","14":"taxable","15":"shipping-taxable","16":"purchasable","17":"product-type-simple"},"yoast_head":"<!-- This site is optimized with the Yoast SEO plugin v27.5 - https:\/\/yoast.com\/product\/yoast-seo-wordpress\/ -->\n<title>Bambi Roxy - Newborn Luier Herten | Castle Vernie Fashion Shop<\/title>\n<meta name=\"description\" content=\"Bambi Roxy - Newborn Luier Herten. Bambi Roxy Newborn luier \u2013 Zachte en betrouwbare pasvorm voor de allerkleinsten. De Bambi Roxy Newborn luier is speciaal\" \/>\n<meta name=\"robots\" content=\"index, follow, max-snippet:-1, max-image-preview:large, max-video-preview:-1\" \/>\n<link rel=\"canonical\" href=\"https:\/\/www.castlevernie.nl\/de\/produkt\/bambi-roxy-newborn-luier-herten\/\" \/>\n<meta property=\"og:locale\" content=\"de_DE\" \/>\n<meta property=\"og:type\" content=\"article\" \/>\n<meta property=\"og:title\" content=\"Bambi Roxy - Newborn Luier Herten | Castle Vernie Fashion Shop\" \/>\n<meta property=\"og:description\" content=\"Bambi Roxy - Newborn Luier Herten. Bambi Roxy Newborn luier \u2013 Zachte en betrouwbare pasvorm voor de allerkleinsten. De Bambi Roxy Newborn luier is speciaal\" \/>\n<meta property=\"og:url\" content=\"https:\/\/www.castlevernie.nl\/de\/produkt\/bambi-roxy-newborn-luier-herten\/\" \/>\n<meta property=\"og:site_name\" content=\"Castle Vernie Fashion Shop\" \/>\n<meta property=\"article:publisher\" content=\"https:\/\/m.facebook.com\/Castle-Vernie-Fashion-Shop-110667857399440\" \/>\n<meta property=\"article:modified_time\" content=\"2025-08-25T19:38:13+00:00\" \/>\n<meta property=\"og:image\" content=\"https:\/\/www.castlevernie.nl\/wordpress\/wp-content\/uploads\/2025\/08\/WhatsApp-Image-2025-08-07-at-20.01.51-1.jpeg\" \/>\n\t<meta property=\"og:image:width\" content=\"300\" \/>\n\t<meta property=\"og:image:height\" content=\"300\" \/>\n\t<meta property=\"og:image:type\" content=\"image\/jpeg\" \/>\n<meta name=\"twitter:card\" content=\"summary_large_image\" \/>\n<meta name=\"twitter:label1\" content=\"Gesch\u00e4tzte Lesezeit\" \/>\n\t<meta name=\"twitter:data1\" content=\"2\u00a0Minuten\" \/>\n<script type=\"application\/ld+json\" class=\"yoast-schema-graph\">{\"@context\":\"https:\\\/\\\/schema.org\",\"@graph\":[{\"@type\":\"WebPage\",\"@id\":\"https:\\\/\\\/www.castlevernie.nl\\\/product\\\/bambi-roxy-newborn-luier-herten\\\/\",\"url\":\"https:\\\/\\\/www.castlevernie.nl\\\/product\\\/bambi-roxy-newborn-luier-herten\\\/\",\"name\":\"Bambi Roxy - Newborn Luier Herten | Castle Vernie Fashion Shop\",\"isPartOf\":{\"@id\":\"https:\\\/\\\/www.castlevernie.nl\\\/#website\"},\"primaryImageOfPage\":{\"@id\":\"https:\\\/\\\/www.castlevernie.nl\\\/product\\\/bambi-roxy-newborn-luier-herten\\\/#primaryimage\"},\"image\":{\"@id\":\"https:\\\/\\\/www.castlevernie.nl\\\/product\\\/bambi-roxy-newborn-luier-herten\\\/#primaryimage\"},\"thumbnailUrl\":\"https:\\\/\\\/www.castlevernie.nl\\\/wordpress\\\/wp-content\\\/uploads\\\/2025\\\/08\\\/WhatsApp-Image-2025-08-07-at-20.01.51-1.jpeg\",\"datePublished\":\"2025-08-07T19:59:40+00:00\",\"dateModified\":\"2025-08-25T19:38:13+00:00\",\"description\":\"Bambi Roxy - Newborn Luier Herten. Bambi Roxy Newborn luier \u2013 Zachte en betrouwbare pasvorm voor de allerkleinsten. De Bambi Roxy Newborn luier is speciaal\",\"breadcrumb\":{\"@id\":\"https:\\\/\\\/www.castlevernie.nl\\\/product\\\/bambi-roxy-newborn-luier-herten\\\/#breadcrumb\"},\"inLanguage\":\"de\",\"potentialAction\":[{\"@type\":\"ReadAction\",\"target\":[\"https:\\\/\\\/www.castlevernie.nl\\\/product\\\/bambi-roxy-newborn-luier-herten\\\/\"]}]},{\"@type\":\"ImageObject\",\"inLanguage\":\"de\",\"@id\":\"https:\\\/\\\/www.castlevernie.nl\\\/product\\\/bambi-roxy-newborn-luier-herten\\\/#primaryimage\",\"url\":\"https:\\\/\\\/www.castlevernie.nl\\\/wordpress\\\/wp-content\\\/uploads\\\/2025\\\/08\\\/WhatsApp-Image-2025-08-07-at-20.01.51-1.jpeg\",\"contentUrl\":\"https:\\\/\\\/www.castlevernie.nl\\\/wordpress\\\/wp-content\\\/uploads\\\/2025\\\/08\\\/WhatsApp-Image-2025-08-07-at-20.01.51-1.jpeg\",\"width\":300,\"height\":300,\"caption\":\"Newborn bambi roxy Herten\"},{\"@type\":\"BreadcrumbList\",\"@id\":\"https:\\\/\\\/www.castlevernie.nl\\\/product\\\/bambi-roxy-newborn-luier-herten\\\/#breadcrumb\",\"itemListElement\":[{\"@type\":\"ListItem\",\"position\":1,\"name\":\"Home\",\"item\":\"https:\\\/\\\/www.castlevernie.nl\\\/\"},{\"@type\":\"ListItem\",\"position\":2,\"name\":\"Winkel\",\"item\":\"https:\\\/\\\/www.castlevernie.nl\\\/winkel\\\/\"},{\"@type\":\"ListItem\",\"position\":3,\"name\":\"Bambi Roxy &#8211; Newborn Luier Herten\"}]},{\"@type\":\"WebSite\",\"@id\":\"https:\\\/\\\/www.castlevernie.nl\\\/#website\",\"url\":\"https:\\\/\\\/www.castlevernie.nl\\\/\",\"name\":\"Castle Vernie Fashion Shop\",\"description\":\"\",\"publisher\":{\"@id\":\"https:\\\/\\\/www.castlevernie.nl\\\/#organization\"},\"potentialAction\":[{\"@type\":\"SearchAction\",\"target\":{\"@type\":\"EntryPoint\",\"urlTemplate\":\"https:\\\/\\\/www.castlevernie.nl\\\/?s={search_term_string}\"},\"query-input\":{\"@type\":\"PropertyValueSpecification\",\"valueRequired\":true,\"valueName\":\"search_term_string\"}}],\"inLanguage\":\"de\"},{\"@type\":\"Organization\",\"@id\":\"https:\\\/\\\/www.castlevernie.nl\\\/#organization\",\"name\":\"Castle Vernie\",\"url\":\"https:\\\/\\\/www.castlevernie.nl\\\/\",\"logo\":{\"@type\":\"ImageObject\",\"inLanguage\":\"de\",\"@id\":\"https:\\\/\\\/www.castlevernie.nl\\\/#\\\/schema\\\/logo\\\/image\\\/\",\"url\":\"https:\\\/\\\/www.castlevernie.nl\\\/wordpress\\\/wp-content\\\/uploads\\\/2025\\\/07\\\/header-logo-3.png\",\"contentUrl\":\"https:\\\/\\\/www.castlevernie.nl\\\/wordpress\\\/wp-content\\\/uploads\\\/2025\\\/07\\\/header-logo-3.png\",\"width\":780,\"height\":260,\"caption\":\"Castle Vernie\"},\"image\":{\"@id\":\"https:\\\/\\\/www.castlevernie.nl\\\/#\\\/schema\\\/logo\\\/image\\\/\"},\"sameAs\":[\"https:\\\/\\\/m.facebook.com\\\/Castle-Vernie-Fashion-Shop-110667857399440\"]}]}<\/script>\n<!-- \/ Yoast SEO plugin. -->","yoast_head_json":{"title":"Bambi Roxy - Newborn Luier Herten | Castle Vernie Fashion Shop","description":"Bambi Roxy - Newborn Luier Herten. Bambi Roxy Newborn luier \u2013 Zachte en betrouwbare pasvorm voor de allerkleinsten. De Bambi Roxy Newborn luier is speciaal","robots":{"index":"index","follow":"follow","max-snippet":"max-snippet:-1","max-image-preview":"max-image-preview:large","max-video-preview":"max-video-preview:-1"},"canonical":"https:\/\/www.castlevernie.nl\/de\/produkt\/bambi-roxy-newborn-luier-herten\/","og_locale":"de_DE","og_type":"article","og_title":"Bambi Roxy - Newborn Luier Herten | Castle Vernie Fashion Shop","og_description":"Bambi Roxy - Newborn Luier Herten. Bambi Roxy Newborn luier \u2013 Zachte en betrouwbare pasvorm voor de allerkleinsten. De Bambi Roxy Newborn luier is speciaal","og_url":"https:\/\/www.castlevernie.nl\/de\/produkt\/bambi-roxy-newborn-luier-herten\/","og_site_name":"Castle Vernie Fashion Shop","article_publisher":"https:\/\/m.facebook.com\/Castle-Vernie-Fashion-Shop-110667857399440","article_modified_time":"2025-08-25T19:38:13+00:00","og_image":[{"width":300,"height":300,"url":"https:\/\/www.castlevernie.nl\/wordpress\/wp-content\/uploads\/2025\/08\/WhatsApp-Image-2025-08-07-at-20.01.51-1.jpeg","type":"image\/jpeg"}],"twitter_card":"summary_large_image","twitter_misc":{"Gesch\u00e4tzte Lesezeit":"2\u00a0Minuten"},"schema":{"@context":"https:\/\/schema.org","@graph":[{"@type":"WebPage","@id":"https:\/\/www.castlevernie.nl\/product\/bambi-roxy-newborn-luier-herten\/","url":"https:\/\/www.castlevernie.nl\/product\/bambi-roxy-newborn-luier-herten\/","name":"Bambi Roxy - Newborn Luier Herten | Castle Vernie Fashion Shop","isPartOf":{"@id":"https:\/\/www.castlevernie.nl\/#website"},"primaryImageOfPage":{"@id":"https:\/\/www.castlevernie.nl\/product\/bambi-roxy-newborn-luier-herten\/#primaryimage"},"image":{"@id":"https:\/\/www.castlevernie.nl\/product\/bambi-roxy-newborn-luier-herten\/#primaryimage"},"thumbnailUrl":"https:\/\/www.castlevernie.nl\/wordpress\/wp-content\/uploads\/2025\/08\/WhatsApp-Image-2025-08-07-at-20.01.51-1.jpeg","datePublished":"2025-08-07T19:59:40+00:00","dateModified":"2025-08-25T19:38:13+00:00","description":"Bambi Roxy - Newborn Luier Herten. Bambi Roxy Newborn luier \u2013 Zachte en betrouwbare pasvorm voor de allerkleinsten. De Bambi Roxy Newborn luier is speciaal","breadcrumb":{"@id":"https:\/\/www.castlevernie.nl\/product\/bambi-roxy-newborn-luier-herten\/#breadcrumb"},"inLanguage":"de","potentialAction":[{"@type":"ReadAction","target":["https:\/\/www.castlevernie.nl\/product\/bambi-roxy-newborn-luier-herten\/"]}]},{"@type":"ImageObject","inLanguage":"de","@id":"https:\/\/www.castlevernie.nl\/product\/bambi-roxy-newborn-luier-herten\/#primaryimage","url":"https:\/\/www.castlevernie.nl\/wordpress\/wp-content\/uploads\/2025\/08\/WhatsApp-Image-2025-08-07-at-20.01.51-1.jpeg","contentUrl":"https:\/\/www.castlevernie.nl\/wordpress\/wp-content\/uploads\/2025\/08\/WhatsApp-Image-2025-08-07-at-20.01.51-1.jpeg","width":300,"height":300,"caption":"Newborn bambi roxy Herten"},{"@type":"BreadcrumbList","@id":"https:\/\/www.castlevernie.nl\/product\/bambi-roxy-newborn-luier-herten\/#breadcrumb","itemListElement":[{"@type":"ListItem","position":1,"name":"Home","item":"https:\/\/www.castlevernie.nl\/"},{"@type":"ListItem","position":2,"name":"Winkel","item":"https:\/\/www.castlevernie.nl\/winkel\/"},{"@type":"ListItem","position":3,"name":"Bambi Roxy &#8211; Newborn Luier Herten"}]},{"@type":"WebSite","@id":"https:\/\/www.castlevernie.nl\/#website","url":"https:\/\/www.castlevernie.nl\/","name":"Schloss Vernie Modegesch\u00e4ft","description":"","publisher":{"@id":"https:\/\/www.castlevernie.nl\/#organization"},"potentialAction":[{"@type":"SearchAction","target":{"@type":"EntryPoint","urlTemplate":"https:\/\/www.castlevernie.nl\/?s={search_term_string}"},"query-input":{"@type":"PropertyValueSpecification","valueRequired":true,"valueName":"search_term_string"}}],"inLanguage":"de"},{"@type":"Organization","@id":"https:\/\/www.castlevernie.nl\/#organization","name":"Castle Vernie","url":"https:\/\/www.castlevernie.nl\/","logo":{"@type":"ImageObject","inLanguage":"de","@id":"https:\/\/www.castlevernie.nl\/#\/schema\/logo\/image\/","url":"https:\/\/www.castlevernie.nl\/wordpress\/wp-content\/uploads\/2025\/07\/header-logo-3.png","contentUrl":"https:\/\/www.castlevernie.nl\/wordpress\/wp-content\/uploads\/2025\/07\/header-logo-3.png","width":780,"height":260,"caption":"Castle Vernie"},"image":{"@id":"https:\/\/www.castlevernie.nl\/#\/schema\/logo\/image\/"},"sameAs":["https:\/\/m.facebook.com\/Castle-Vernie-Fashion-Shop-110667857399440"]}]}},"_links":{"self":[{"href":"https:\/\/www.castlevernie.nl\/de\/wp-json\/wp\/v2\/product\/11291","targetHints":{"allow":["GET"]}}],"collection":[{"href":"https:\/\/www.castlevernie.nl\/de\/wp-json\/wp\/v2\/product"}],"about":[{"href":"https:\/\/www.castlevernie.nl\/de\/wp-json\/wp\/v2\/types\/product"}],"replies":[{"embeddable":true,"href":"https:\/\/www.castlevernie.nl\/de\/wp-json\/wp\/v2\/comments?post=11291"}],"wp:featuredmedia":[{"embeddable":true,"href":"https:\/\/www.castlevernie.nl\/de\/wp-json\/wp\/v2\/media\/11292"}],"wp:attachment":[{"href":"https:\/\/www.castlevernie.nl\/de\/wp-json\/wp\/v2\/media?parent=11291"}],"wp:term":[{"taxonomy":"product_brand","embeddable":true,"href":"https:\/\/www.castlevernie.nl\/de\/wp-json\/wp\/v2\/product_brand?post=11291"},{"taxonomy":"product_cat","embeddable":true,"href":"https:\/\/www.castlevernie.nl\/de\/wp-json\/wp\/v2\/product_cat?post=11291"},{"taxonomy":"product_tag","embeddable":true,"href":"https:\/\/www.castlevernie.nl\/de\/wp-json\/wp\/v2\/product_tag?post=11291"}],"curies":[{"name":"wp","href":"https:\/\/api.w.org\/{rel}","templated":true}]}}