{"id":11285,"date":"2025-08-07T09:34:23","date_gmt":"2025-08-07T09:34:23","guid":{"rendered":"https:\/\/www.castlevernie.nl\/?post_type=product&#038;p=11285"},"modified":"2025-08-07T09:36:20","modified_gmt":"2025-08-07T09:36:20","slug":"huda-optrekbroekje-pull-2","status":"publish","type":"product","link":"https:\/\/www.castlevernie.nl\/de\/produkt\/huda-optrekbroekje-pull-2\/","title":{"rendered":"HuDa \u2013 Aufziehhose Pull"},"content":{"rendered":"<h6>Huda PUL Optrekbroekje \u2013 Waterdichte Overbroek voor Wasbare Luiers<\/h6>\n<p>Die Huda PUL \u00dcberhose ist die wasserfeste \u00dcberhose, die perfekt zu waschbaren Windeln passt. Dank des hochwertigen PUL-Materials von Huda genie\u00dfen Sie ausgezeichneten Auslaufschutz, sowohl tags\u00fcber als auch nachts.<\/p>\n<p>Die Huda \u00dcberhose ist speziell f\u00fcr Komfort entworfen: Das Hochzieh-Design macht das An- und Ausziehen super einfach, ideal f\u00fcr aktive Babys und Kleinkinder. Durch die elastischen B\u00fcndchen passt die Huda \u00dcberhose perfekt an die K\u00f6rperform Ihres Kindes an und sorgt f\u00fcr optimalen Tragekomfort.<\/p>\n<p>Kombiniere die Huda PUL \u00dcberhose mit deinen Lieblings-Einlagen oder vorgeformten Windeln und w\u00e4hle eine nachhaltige, umweltfreundliche L\u00f6sung. Bei Castle Vernie findest du verschiedene Gr\u00f6\u00dfen und sch\u00f6ne Designs von Huda, sodass es immer eine passende wasserdichte \u00dcberhose gibt.<\/p>\n<p>Hauptmerkmale des Huda Overbroek:<br \/>\n\u2022 100% wasserdichtes PUL-Material von hoher Qualit\u00e4t<br \/>\n\u2022 Einfach an- und auszuziehen dank des praktischen Hochzieh-Designs<br \/>\n\u2022 Elastische B\u00fcndchen f\u00fcr eine perfekte Passform<br \/>\n\u2022 Hautfreundliches und langlebiges Material<br \/>\n\u2022 Erh\u00e4ltlich in verschiedenen Gr\u00f6\u00dfen und Designs<\/p>\n<p>Bestelle noch heute deine Huda \u00dcberhose bei Castle Vernie und erlebe selbst, warum viele Eltern auf Huda f\u00fcr zuverl\u00e4ssigen Schutz vertrauen!<\/p>\n<p>Mehr <a href=\"http:\/\/www.castlevernie.nl\/de\/merk\/hu-da\/\">Produkte von HuDa<\/a><\/p>\n<p>&nbsp;<\/p>\n<p>&nbsp;<\/p>","protected":false},"excerpt":{"rendered":"<p>Huda PUL Optrekbroekje \u2013 Waterdichte Overbroek voor Wasbare Luiers Het Huda PUL optrekbroekje is d\u00e9 waterdichte overbroek die perfect past bij wasbare luiers. Dankzij het hoogwaardige PUL-materiaal van Huda geniet je van uitstekende lekbescherming, zowel overdag als \u2019s nachts. Het Huda optrekbroekje is speciaal ontworpen voor gemak: het optrekdesign maakt het aan- en uittrekken supersimpel, [&hellip;]<\/p>\n","protected":false},"featured_media":11288,"comment_status":"open","ping_status":"closed","template":"","meta":[],"product_brand":[631],"product_cat":[25,627],"product_tag":[646,648,647],"class_list":{"0":"post-11285","1":"product","2":"type-product","3":"status-publish","4":"has-post-thumbnail","6":"product_brand-hu-da","7":"product_cat-overbroekjes","8":"product_cat-overbroekjes-xl","9":"product_tag-huda-pul-optrekbroekje","10":"product_tag-pull-optrekbroekje-katten-huda","11":"product_tag-waterdichte-overbroek-voor-wasbare-luier","13":"first","14":"instock","15":"taxable","16":"shipping-taxable","17":"purchasable","18":"product-type-variable"},"yoast_head":"<!-- This site is optimized with the Yoast SEO plugin v27.4 - https:\/\/yoast.com\/product\/yoast-seo-wordpress\/ -->\n<title>HuDa - Optrekbroekje Pull | Castle Vernie Fashion Shop<\/title>\n<meta name=\"description\" content=\"Huda PUL Optrekbroekje \u2013 Waterdichte Overbroek voor Wasbare Luiers. Het Huda PUL optrekbroekje is d\u00e9 waterdichte overbroek die perfect past bij wasbare...\" \/>\n<meta name=\"robots\" content=\"index, follow, max-snippet:-1, max-image-preview:large, max-video-preview:-1\" \/>\n<link rel=\"canonical\" href=\"https:\/\/www.castlevernie.nl\/de\/produkt\/huda-optrekbroekje-pull-2\/\" \/>\n<meta property=\"og:locale\" content=\"de_DE\" \/>\n<meta property=\"og:type\" content=\"article\" \/>\n<meta property=\"og:title\" content=\"HuDa - Optrekbroekje Pull | Castle Vernie Fashion Shop\" \/>\n<meta property=\"og:description\" content=\"Huda PUL Optrekbroekje \u2013 Waterdichte Overbroek voor Wasbare Luiers. Het Huda PUL optrekbroekje is d\u00e9 waterdichte overbroek die perfect past bij wasbare...\" \/>\n<meta property=\"og:url\" content=\"https:\/\/www.castlevernie.nl\/de\/produkt\/huda-optrekbroekje-pull-2\/\" \/>\n<meta property=\"og:site_name\" content=\"Castle Vernie Fashion Shop\" \/>\n<meta property=\"article:publisher\" content=\"https:\/\/m.facebook.com\/Castle-Vernie-Fashion-Shop-110667857399440\" \/>\n<meta property=\"article:modified_time\" content=\"2025-08-07T09:36:20+00:00\" \/>\n<meta property=\"og:image\" content=\"https:\/\/www.castlevernie.nl\/wordpress\/wp-content\/uploads\/2025\/08\/WhatsApp-Image-2025-08-05-at-12.15.23.jpeg\" \/>\n\t<meta property=\"og:image:width\" content=\"263\" \/>\n\t<meta property=\"og:image:height\" content=\"350\" \/>\n\t<meta property=\"og:image:type\" content=\"image\/jpeg\" \/>\n<meta name=\"twitter:card\" content=\"summary_large_image\" \/>\n<meta name=\"twitter:label1\" content=\"Gesch\u00e4tzte Lesezeit\" \/>\n\t<meta name=\"twitter:data1\" content=\"2\u00a0Minuten\" \/>\n<script type=\"application\/ld+json\" class=\"yoast-schema-graph\">{\"@context\":\"https:\\\/\\\/schema.org\",\"@graph\":[{\"@type\":\"WebPage\",\"@id\":\"https:\\\/\\\/www.castlevernie.nl\\\/product\\\/huda-optrekbroekje-pull-2\\\/\",\"url\":\"https:\\\/\\\/www.castlevernie.nl\\\/product\\\/huda-optrekbroekje-pull-2\\\/\",\"name\":\"HuDa - Optrekbroekje Pull | Castle Vernie Fashion Shop\",\"isPartOf\":{\"@id\":\"https:\\\/\\\/www.castlevernie.nl\\\/#website\"},\"primaryImageOfPage\":{\"@id\":\"https:\\\/\\\/www.castlevernie.nl\\\/product\\\/huda-optrekbroekje-pull-2\\\/#primaryimage\"},\"image\":{\"@id\":\"https:\\\/\\\/www.castlevernie.nl\\\/product\\\/huda-optrekbroekje-pull-2\\\/#primaryimage\"},\"thumbnailUrl\":\"https:\\\/\\\/www.castlevernie.nl\\\/wordpress\\\/wp-content\\\/uploads\\\/2025\\\/08\\\/WhatsApp-Image-2025-08-05-at-12.15.23.jpeg\",\"datePublished\":\"2025-08-07T09:34:23+00:00\",\"dateModified\":\"2025-08-07T09:36:20+00:00\",\"description\":\"Huda PUL Optrekbroekje \u2013 Waterdichte Overbroek voor Wasbare Luiers. Het Huda PUL optrekbroekje is d\u00e9 waterdichte overbroek die perfect past bij wasbare...\",\"breadcrumb\":{\"@id\":\"https:\\\/\\\/www.castlevernie.nl\\\/product\\\/huda-optrekbroekje-pull-2\\\/#breadcrumb\"},\"inLanguage\":\"de\",\"potentialAction\":[{\"@type\":\"ReadAction\",\"target\":[\"https:\\\/\\\/www.castlevernie.nl\\\/product\\\/huda-optrekbroekje-pull-2\\\/\"]}]},{\"@type\":\"ImageObject\",\"inLanguage\":\"de\",\"@id\":\"https:\\\/\\\/www.castlevernie.nl\\\/product\\\/huda-optrekbroekje-pull-2\\\/#primaryimage\",\"url\":\"https:\\\/\\\/www.castlevernie.nl\\\/wordpress\\\/wp-content\\\/uploads\\\/2025\\\/08\\\/WhatsApp-Image-2025-08-05-at-12.15.23.jpeg\",\"contentUrl\":\"https:\\\/\\\/www.castlevernie.nl\\\/wordpress\\\/wp-content\\\/uploads\\\/2025\\\/08\\\/WhatsApp-Image-2025-08-05-at-12.15.23.jpeg\",\"width\":263,\"height\":350,\"caption\":\"Pull optrekbroekje katten huda\"},{\"@type\":\"BreadcrumbList\",\"@id\":\"https:\\\/\\\/www.castlevernie.nl\\\/product\\\/huda-optrekbroekje-pull-2\\\/#breadcrumb\",\"itemListElement\":[{\"@type\":\"ListItem\",\"position\":1,\"name\":\"Home\",\"item\":\"https:\\\/\\\/www.castlevernie.nl\\\/\"},{\"@type\":\"ListItem\",\"position\":2,\"name\":\"Winkel\",\"item\":\"https:\\\/\\\/www.castlevernie.nl\\\/winkel\\\/\"},{\"@type\":\"ListItem\",\"position\":3,\"name\":\"HuDa &#8211; Optrekbroekje Pull\"}]},{\"@type\":\"WebSite\",\"@id\":\"https:\\\/\\\/www.castlevernie.nl\\\/#website\",\"url\":\"https:\\\/\\\/www.castlevernie.nl\\\/\",\"name\":\"Castle Vernie Fashion Shop\",\"description\":\"\",\"publisher\":{\"@id\":\"https:\\\/\\\/www.castlevernie.nl\\\/#organization\"},\"potentialAction\":[{\"@type\":\"SearchAction\",\"target\":{\"@type\":\"EntryPoint\",\"urlTemplate\":\"https:\\\/\\\/www.castlevernie.nl\\\/?s={search_term_string}\"},\"query-input\":{\"@type\":\"PropertyValueSpecification\",\"valueRequired\":true,\"valueName\":\"search_term_string\"}}],\"inLanguage\":\"de\"},{\"@type\":\"Organization\",\"@id\":\"https:\\\/\\\/www.castlevernie.nl\\\/#organization\",\"name\":\"Castle Vernie\",\"url\":\"https:\\\/\\\/www.castlevernie.nl\\\/\",\"logo\":{\"@type\":\"ImageObject\",\"inLanguage\":\"de\",\"@id\":\"https:\\\/\\\/www.castlevernie.nl\\\/#\\\/schema\\\/logo\\\/image\\\/\",\"url\":\"https:\\\/\\\/www.castlevernie.nl\\\/wordpress\\\/wp-content\\\/uploads\\\/2025\\\/07\\\/header-logo-3.png\",\"contentUrl\":\"https:\\\/\\\/www.castlevernie.nl\\\/wordpress\\\/wp-content\\\/uploads\\\/2025\\\/07\\\/header-logo-3.png\",\"width\":780,\"height\":260,\"caption\":\"Castle Vernie\"},\"image\":{\"@id\":\"https:\\\/\\\/www.castlevernie.nl\\\/#\\\/schema\\\/logo\\\/image\\\/\"},\"sameAs\":[\"https:\\\/\\\/m.facebook.com\\\/Castle-Vernie-Fashion-Shop-110667857399440\"]}]}<\/script>\n<!-- \/ Yoast SEO plugin. -->","yoast_head_json":{"title":"HuDa - Optrekbroekje Pull | Castle Vernie Fashion Shop","description":"Huda PUL Optrekbroekje \u2013 Waterdichte Overbroek voor Wasbare Luiers. Het Huda PUL optrekbroekje is d\u00e9 waterdichte overbroek die perfect past bij wasbare...","robots":{"index":"index","follow":"follow","max-snippet":"max-snippet:-1","max-image-preview":"max-image-preview:large","max-video-preview":"max-video-preview:-1"},"canonical":"https:\/\/www.castlevernie.nl\/de\/produkt\/huda-optrekbroekje-pull-2\/","og_locale":"de_DE","og_type":"article","og_title":"HuDa - Optrekbroekje Pull | Castle Vernie Fashion Shop","og_description":"Huda PUL Optrekbroekje \u2013 Waterdichte Overbroek voor Wasbare Luiers. Het Huda PUL optrekbroekje is d\u00e9 waterdichte overbroek die perfect past bij wasbare...","og_url":"https:\/\/www.castlevernie.nl\/de\/produkt\/huda-optrekbroekje-pull-2\/","og_site_name":"Castle Vernie Fashion Shop","article_publisher":"https:\/\/m.facebook.com\/Castle-Vernie-Fashion-Shop-110667857399440","article_modified_time":"2025-08-07T09:36:20+00:00","og_image":[{"width":263,"height":350,"url":"https:\/\/www.castlevernie.nl\/wordpress\/wp-content\/uploads\/2025\/08\/WhatsApp-Image-2025-08-05-at-12.15.23.jpeg","type":"image\/jpeg"}],"twitter_card":"summary_large_image","twitter_misc":{"Gesch\u00e4tzte Lesezeit":"2\u00a0Minuten"},"schema":{"@context":"https:\/\/schema.org","@graph":[{"@type":"WebPage","@id":"https:\/\/www.castlevernie.nl\/product\/huda-optrekbroekje-pull-2\/","url":"https:\/\/www.castlevernie.nl\/product\/huda-optrekbroekje-pull-2\/","name":"HuDa - Optrekbroekje Pull | Castle Vernie Fashion Shop","isPartOf":{"@id":"https:\/\/www.castlevernie.nl\/#website"},"primaryImageOfPage":{"@id":"https:\/\/www.castlevernie.nl\/product\/huda-optrekbroekje-pull-2\/#primaryimage"},"image":{"@id":"https:\/\/www.castlevernie.nl\/product\/huda-optrekbroekje-pull-2\/#primaryimage"},"thumbnailUrl":"https:\/\/www.castlevernie.nl\/wordpress\/wp-content\/uploads\/2025\/08\/WhatsApp-Image-2025-08-05-at-12.15.23.jpeg","datePublished":"2025-08-07T09:34:23+00:00","dateModified":"2025-08-07T09:36:20+00:00","description":"Huda PUL Optrekbroekje \u2013 Waterdichte Overbroek voor Wasbare Luiers. Het Huda PUL optrekbroekje is d\u00e9 waterdichte overbroek die perfect past bij wasbare...","breadcrumb":{"@id":"https:\/\/www.castlevernie.nl\/product\/huda-optrekbroekje-pull-2\/#breadcrumb"},"inLanguage":"de","potentialAction":[{"@type":"ReadAction","target":["https:\/\/www.castlevernie.nl\/product\/huda-optrekbroekje-pull-2\/"]}]},{"@type":"ImageObject","inLanguage":"de","@id":"https:\/\/www.castlevernie.nl\/product\/huda-optrekbroekje-pull-2\/#primaryimage","url":"https:\/\/www.castlevernie.nl\/wordpress\/wp-content\/uploads\/2025\/08\/WhatsApp-Image-2025-08-05-at-12.15.23.jpeg","contentUrl":"https:\/\/www.castlevernie.nl\/wordpress\/wp-content\/uploads\/2025\/08\/WhatsApp-Image-2025-08-05-at-12.15.23.jpeg","width":263,"height":350,"caption":"Pull optrekbroekje katten huda"},{"@type":"BreadcrumbList","@id":"https:\/\/www.castlevernie.nl\/product\/huda-optrekbroekje-pull-2\/#breadcrumb","itemListElement":[{"@type":"ListItem","position":1,"name":"Home","item":"https:\/\/www.castlevernie.nl\/"},{"@type":"ListItem","position":2,"name":"Winkel","item":"https:\/\/www.castlevernie.nl\/winkel\/"},{"@type":"ListItem","position":3,"name":"HuDa &#8211; Optrekbroekje Pull"}]},{"@type":"WebSite","@id":"https:\/\/www.castlevernie.nl\/#website","url":"https:\/\/www.castlevernie.nl\/","name":"Schloss Vernie Modegesch\u00e4ft","description":"","publisher":{"@id":"https:\/\/www.castlevernie.nl\/#organization"},"potentialAction":[{"@type":"SearchAction","target":{"@type":"EntryPoint","urlTemplate":"https:\/\/www.castlevernie.nl\/?s={search_term_string}"},"query-input":{"@type":"PropertyValueSpecification","valueRequired":true,"valueName":"search_term_string"}}],"inLanguage":"de"},{"@type":"Organization","@id":"https:\/\/www.castlevernie.nl\/#organization","name":"Castle Vernie","url":"https:\/\/www.castlevernie.nl\/","logo":{"@type":"ImageObject","inLanguage":"de","@id":"https:\/\/www.castlevernie.nl\/#\/schema\/logo\/image\/","url":"https:\/\/www.castlevernie.nl\/wordpress\/wp-content\/uploads\/2025\/07\/header-logo-3.png","contentUrl":"https:\/\/www.castlevernie.nl\/wordpress\/wp-content\/uploads\/2025\/07\/header-logo-3.png","width":780,"height":260,"caption":"Castle Vernie"},"image":{"@id":"https:\/\/www.castlevernie.nl\/#\/schema\/logo\/image\/"},"sameAs":["https:\/\/m.facebook.com\/Castle-Vernie-Fashion-Shop-110667857399440"]}]}},"_links":{"self":[{"href":"https:\/\/www.castlevernie.nl\/de\/wp-json\/wp\/v2\/product\/11285","targetHints":{"allow":["GET"]}}],"collection":[{"href":"https:\/\/www.castlevernie.nl\/de\/wp-json\/wp\/v2\/product"}],"about":[{"href":"https:\/\/www.castlevernie.nl\/de\/wp-json\/wp\/v2\/types\/product"}],"replies":[{"embeddable":true,"href":"https:\/\/www.castlevernie.nl\/de\/wp-json\/wp\/v2\/comments?post=11285"}],"wp:featuredmedia":[{"embeddable":true,"href":"https:\/\/www.castlevernie.nl\/de\/wp-json\/wp\/v2\/media\/11288"}],"wp:attachment":[{"href":"https:\/\/www.castlevernie.nl\/de\/wp-json\/wp\/v2\/media?parent=11285"}],"wp:term":[{"taxonomy":"product_brand","embeddable":true,"href":"https:\/\/www.castlevernie.nl\/de\/wp-json\/wp\/v2\/product_brand?post=11285"},{"taxonomy":"product_cat","embeddable":true,"href":"https:\/\/www.castlevernie.nl\/de\/wp-json\/wp\/v2\/product_cat?post=11285"},{"taxonomy":"product_tag","embeddable":true,"href":"https:\/\/www.castlevernie.nl\/de\/wp-json\/wp\/v2\/product_tag?post=11285"}],"curies":[{"name":"wp","href":"https:\/\/api.w.org\/{rel}","templated":true}]}}