{"id":11217,"date":"2025-08-05T10:22:20","date_gmt":"2025-08-05T10:22:20","guid":{"rendered":"https:\/\/www.castlevernie.nl\/?post_type=product&#038;p=11217"},"modified":"2025-08-08T10:59:01","modified_gmt":"2025-08-08T10:59:01","slug":"hu-da-overbroekje-junior","status":"publish","type":"product","link":"https:\/\/www.castlevernie.nl\/de\/produkt\/hu-da-overbroekje-junior\/","title":{"rendered":"Hu-Da \u2013 Overhose Junior Circus 9-20kg"},"content":{"rendered":"<p>Overbroek met flappen voor perfecte pasvorm en optimale lekbescherming<\/p>\n<p>Diese hochwertige \u00dcberhose ist mit cleveren Flaps an der Innenseite ausgestattet, die ein Prefold sicher an seinem Platz halten f\u00fcr zus\u00e4tzliche Sicherheit. Der pr\u00e4zise Schnitt passt gut zu unseren Hu-da Junior-Einlagen, wodurch Sie vielseitige Kombinationsm\u00f6glichkeiten haben. F\u00fcr Prefolds empfehlen wir besonders das XKko mit gr\u00fcnem Rand, das hervorragend mit dieser \u00dcberhose zusammenarbeitet.<\/p>\n<p>Die R\u00e4nder an R\u00fccken und Beinen sind zus\u00e4tzlich weich verarbeitet, was f\u00fcr maximalen Tragekomfort sorgt. Innen sorgen Fleece 'Taschen', gef\u00fcttert mit einer wasserdichten PUL-Schicht, daf\u00fcr, dass die Eins\u00e4tze immer gut sitzen und Feuchtigkeit effektiv zur\u00fcckgehalten wird.<\/p>\n<p>Diese \u00dcberhose ist f\u00fcr Kinder von etwa 12 bis 20 kg geeignet und besteht aus 100% Polyester mit einer langlebigen PU-Beschichtung. Das Material ist bis zu 60 Grad in der Waschmaschine waschbar. Verwenden Sie kein Bleichmittel, keinen Weichsp\u00fcler oder Trockner und trocknen Sie die \u00dcberhose liegend, um die Qualit\u00e4t zu erhalten. F\u00fcr das beste Ergebnis empfehlen wir die Verwendung des Sonett Sensitiv Waschmittels.<\/p>\n<p>Mit Sorgfalt in der Slowakei hergestellt, bietet diese \u00dcberhose eine zuverl\u00e4ssige und komfortable L\u00f6sung f\u00fcr waschbare Windeln.<\/p>","protected":false},"excerpt":{"rendered":"<p>Overbroek met flappen voor perfecte pasvorm en optimale lekbescherming Deze hoogwaardige overbroek is voorzien van slimme flappen aan de binnenkant, die een prefold stevig op zijn plaats houden voor extra zekerheid. De nauwkeurige snit sluit goed aan over onze Hu-da junior-inlegkruisjes, waardoor je veelzijdige combinatiemogelijkheden hebt. Voor prefolds adviseren wij speciaal de XKko met groene [&hellip;]<\/p>\n","protected":false},"featured_media":11254,"comment_status":"open","ping_status":"closed","template":"","meta":[],"product_brand":[631],"product_cat":[627],"product_tag":[632,633,634,635],"class_list":{"0":"post-11217","1":"product","2":"type-product","3":"status-publish","4":"has-post-thumbnail","6":"product_brand-hu-da","7":"product_cat-overbroekjes-xl","8":"product_tag-junior-overbroekje","9":"product_tag-overbroekje-voor-grotere-kinderen","10":"product_tag-peuter-overbroekje","11":"product_tag-wasbabre-luier-voor-peuter","13":"first","14":"instock","15":"taxable","16":"shipping-taxable","17":"purchasable","18":"product-type-simple"},"yoast_head":"<!-- This site is optimized with the Yoast SEO plugin v27.4 - https:\/\/yoast.com\/product\/yoast-seo-wordpress\/ -->\n<title>Hu-Da - Overbroekje Junior Circus 9-20kg | Castle Vernie Fashion Shop<\/title>\n<meta name=\"description\" content=\"Overbroek met flappen voor perfecte pasvorm en optimale lekbescherming. Deze hoogwaardige overbroek is voorzien van slimme flappen aan de binnenkant die...\" \/>\n<meta name=\"robots\" content=\"index, follow, max-snippet:-1, max-image-preview:large, max-video-preview:-1\" \/>\n<link rel=\"canonical\" href=\"https:\/\/www.castlevernie.nl\/de\/produkt\/hu-da-overbroekje-junior\/\" \/>\n<meta property=\"og:locale\" content=\"de_DE\" \/>\n<meta property=\"og:type\" content=\"article\" \/>\n<meta property=\"og:title\" content=\"Hu-Da - Overbroekje Junior Circus 9-20kg | Castle Vernie Fashion Shop\" \/>\n<meta property=\"og:description\" content=\"Overbroek met flappen voor perfecte pasvorm en optimale lekbescherming. Deze hoogwaardige overbroek is voorzien van slimme flappen aan de binnenkant die...\" \/>\n<meta property=\"og:url\" content=\"https:\/\/www.castlevernie.nl\/de\/produkt\/hu-da-overbroekje-junior\/\" \/>\n<meta property=\"og:site_name\" content=\"Castle Vernie Fashion Shop\" \/>\n<meta property=\"article:publisher\" content=\"https:\/\/m.facebook.com\/Castle-Vernie-Fashion-Shop-110667857399440\" \/>\n<meta property=\"article:modified_time\" content=\"2025-08-08T10:59:01+00:00\" \/>\n<meta property=\"og:image\" content=\"https:\/\/www.castlevernie.nl\/wordpress\/wp-content\/uploads\/2025\/08\/WhatsApp-Image-2025-08-05-at-12.15.23-5.jpeg\" \/>\n\t<meta property=\"og:image:width\" content=\"350\" \/>\n\t<meta property=\"og:image:height\" content=\"350\" \/>\n\t<meta property=\"og:image:type\" content=\"image\/jpeg\" \/>\n<meta name=\"twitter:card\" content=\"summary_large_image\" \/>\n<meta name=\"twitter:label1\" content=\"Gesch\u00e4tzte Lesezeit\" \/>\n\t<meta name=\"twitter:data1\" content=\"2\u00a0Minuten\" \/>\n<script type=\"application\/ld+json\" class=\"yoast-schema-graph\">{\"@context\":\"https:\\\/\\\/schema.org\",\"@graph\":[{\"@type\":\"WebPage\",\"@id\":\"https:\\\/\\\/www.castlevernie.nl\\\/product\\\/hu-da-overbroekje-junior\\\/\",\"url\":\"https:\\\/\\\/www.castlevernie.nl\\\/product\\\/hu-da-overbroekje-junior\\\/\",\"name\":\"Hu-Da - Overbroekje Junior Circus 9-20kg | Castle Vernie Fashion Shop\",\"isPartOf\":{\"@id\":\"https:\\\/\\\/www.castlevernie.nl\\\/#website\"},\"primaryImageOfPage\":{\"@id\":\"https:\\\/\\\/www.castlevernie.nl\\\/product\\\/hu-da-overbroekje-junior\\\/#primaryimage\"},\"image\":{\"@id\":\"https:\\\/\\\/www.castlevernie.nl\\\/product\\\/hu-da-overbroekje-junior\\\/#primaryimage\"},\"thumbnailUrl\":\"https:\\\/\\\/www.castlevernie.nl\\\/wordpress\\\/wp-content\\\/uploads\\\/2025\\\/08\\\/WhatsApp-Image-2025-08-05-at-12.15.23-5.jpeg\",\"datePublished\":\"2025-08-05T10:22:20+00:00\",\"dateModified\":\"2025-08-08T10:59:01+00:00\",\"description\":\"Overbroek met flappen voor perfecte pasvorm en optimale lekbescherming. Deze hoogwaardige overbroek is voorzien van slimme flappen aan de binnenkant die...\",\"breadcrumb\":{\"@id\":\"https:\\\/\\\/www.castlevernie.nl\\\/product\\\/hu-da-overbroekje-junior\\\/#breadcrumb\"},\"inLanguage\":\"de\",\"potentialAction\":[{\"@type\":\"ReadAction\",\"target\":[\"https:\\\/\\\/www.castlevernie.nl\\\/product\\\/hu-da-overbroekje-junior\\\/\"]}]},{\"@type\":\"ImageObject\",\"inLanguage\":\"de\",\"@id\":\"https:\\\/\\\/www.castlevernie.nl\\\/product\\\/hu-da-overbroekje-junior\\\/#primaryimage\",\"url\":\"https:\\\/\\\/www.castlevernie.nl\\\/wordpress\\\/wp-content\\\/uploads\\\/2025\\\/08\\\/WhatsApp-Image-2025-08-05-at-12.15.23-5.jpeg\",\"contentUrl\":\"https:\\\/\\\/www.castlevernie.nl\\\/wordpress\\\/wp-content\\\/uploads\\\/2025\\\/08\\\/WhatsApp-Image-2025-08-05-at-12.15.23-5.jpeg\",\"width\":350,\"height\":350,\"caption\":\"Circus overbroekje newborn huda\"},{\"@type\":\"BreadcrumbList\",\"@id\":\"https:\\\/\\\/www.castlevernie.nl\\\/product\\\/hu-da-overbroekje-junior\\\/#breadcrumb\",\"itemListElement\":[{\"@type\":\"ListItem\",\"position\":1,\"name\":\"Home\",\"item\":\"https:\\\/\\\/www.castlevernie.nl\\\/\"},{\"@type\":\"ListItem\",\"position\":2,\"name\":\"Winkel\",\"item\":\"https:\\\/\\\/www.castlevernie.nl\\\/winkel\\\/\"},{\"@type\":\"ListItem\",\"position\":3,\"name\":\"Hu-Da &#8211; Overbroekje Junior Circus 9-20kg\"}]},{\"@type\":\"WebSite\",\"@id\":\"https:\\\/\\\/www.castlevernie.nl\\\/#website\",\"url\":\"https:\\\/\\\/www.castlevernie.nl\\\/\",\"name\":\"Castle Vernie Fashion Shop\",\"description\":\"\",\"publisher\":{\"@id\":\"https:\\\/\\\/www.castlevernie.nl\\\/#organization\"},\"potentialAction\":[{\"@type\":\"SearchAction\",\"target\":{\"@type\":\"EntryPoint\",\"urlTemplate\":\"https:\\\/\\\/www.castlevernie.nl\\\/?s={search_term_string}\"},\"query-input\":{\"@type\":\"PropertyValueSpecification\",\"valueRequired\":true,\"valueName\":\"search_term_string\"}}],\"inLanguage\":\"de\"},{\"@type\":\"Organization\",\"@id\":\"https:\\\/\\\/www.castlevernie.nl\\\/#organization\",\"name\":\"Castle Vernie\",\"url\":\"https:\\\/\\\/www.castlevernie.nl\\\/\",\"logo\":{\"@type\":\"ImageObject\",\"inLanguage\":\"de\",\"@id\":\"https:\\\/\\\/www.castlevernie.nl\\\/#\\\/schema\\\/logo\\\/image\\\/\",\"url\":\"https:\\\/\\\/www.castlevernie.nl\\\/wordpress\\\/wp-content\\\/uploads\\\/2025\\\/07\\\/header-logo-3.png\",\"contentUrl\":\"https:\\\/\\\/www.castlevernie.nl\\\/wordpress\\\/wp-content\\\/uploads\\\/2025\\\/07\\\/header-logo-3.png\",\"width\":780,\"height\":260,\"caption\":\"Castle Vernie\"},\"image\":{\"@id\":\"https:\\\/\\\/www.castlevernie.nl\\\/#\\\/schema\\\/logo\\\/image\\\/\"},\"sameAs\":[\"https:\\\/\\\/m.facebook.com\\\/Castle-Vernie-Fashion-Shop-110667857399440\"]}]}<\/script>\n<!-- \/ Yoast SEO plugin. -->","yoast_head_json":{"title":"Hu-Da - Overbroekje Junior Circus 9-20kg | Castle Vernie Fashion Shop","description":"Overbroek met flappen voor perfecte pasvorm en optimale lekbescherming. Deze hoogwaardige overbroek is voorzien van slimme flappen aan de binnenkant die...","robots":{"index":"index","follow":"follow","max-snippet":"max-snippet:-1","max-image-preview":"max-image-preview:large","max-video-preview":"max-video-preview:-1"},"canonical":"https:\/\/www.castlevernie.nl\/de\/produkt\/hu-da-overbroekje-junior\/","og_locale":"de_DE","og_type":"article","og_title":"Hu-Da - Overbroekje Junior Circus 9-20kg | Castle Vernie Fashion Shop","og_description":"Overbroek met flappen voor perfecte pasvorm en optimale lekbescherming. Deze hoogwaardige overbroek is voorzien van slimme flappen aan de binnenkant die...","og_url":"https:\/\/www.castlevernie.nl\/de\/produkt\/hu-da-overbroekje-junior\/","og_site_name":"Castle Vernie Fashion Shop","article_publisher":"https:\/\/m.facebook.com\/Castle-Vernie-Fashion-Shop-110667857399440","article_modified_time":"2025-08-08T10:59:01+00:00","og_image":[{"width":350,"height":350,"url":"https:\/\/www.castlevernie.nl\/wordpress\/wp-content\/uploads\/2025\/08\/WhatsApp-Image-2025-08-05-at-12.15.23-5.jpeg","type":"image\/jpeg"}],"twitter_card":"summary_large_image","twitter_misc":{"Gesch\u00e4tzte Lesezeit":"2\u00a0Minuten"},"schema":{"@context":"https:\/\/schema.org","@graph":[{"@type":"WebPage","@id":"https:\/\/www.castlevernie.nl\/product\/hu-da-overbroekje-junior\/","url":"https:\/\/www.castlevernie.nl\/product\/hu-da-overbroekje-junior\/","name":"Hu-Da - Overbroekje Junior Circus 9-20kg | Castle Vernie Fashion Shop","isPartOf":{"@id":"https:\/\/www.castlevernie.nl\/#website"},"primaryImageOfPage":{"@id":"https:\/\/www.castlevernie.nl\/product\/hu-da-overbroekje-junior\/#primaryimage"},"image":{"@id":"https:\/\/www.castlevernie.nl\/product\/hu-da-overbroekje-junior\/#primaryimage"},"thumbnailUrl":"https:\/\/www.castlevernie.nl\/wordpress\/wp-content\/uploads\/2025\/08\/WhatsApp-Image-2025-08-05-at-12.15.23-5.jpeg","datePublished":"2025-08-05T10:22:20+00:00","dateModified":"2025-08-08T10:59:01+00:00","description":"Overbroek met flappen voor perfecte pasvorm en optimale lekbescherming. Deze hoogwaardige overbroek is voorzien van slimme flappen aan de binnenkant die...","breadcrumb":{"@id":"https:\/\/www.castlevernie.nl\/product\/hu-da-overbroekje-junior\/#breadcrumb"},"inLanguage":"de","potentialAction":[{"@type":"ReadAction","target":["https:\/\/www.castlevernie.nl\/product\/hu-da-overbroekje-junior\/"]}]},{"@type":"ImageObject","inLanguage":"de","@id":"https:\/\/www.castlevernie.nl\/product\/hu-da-overbroekje-junior\/#primaryimage","url":"https:\/\/www.castlevernie.nl\/wordpress\/wp-content\/uploads\/2025\/08\/WhatsApp-Image-2025-08-05-at-12.15.23-5.jpeg","contentUrl":"https:\/\/www.castlevernie.nl\/wordpress\/wp-content\/uploads\/2025\/08\/WhatsApp-Image-2025-08-05-at-12.15.23-5.jpeg","width":350,"height":350,"caption":"Circus overbroekje newborn huda"},{"@type":"BreadcrumbList","@id":"https:\/\/www.castlevernie.nl\/product\/hu-da-overbroekje-junior\/#breadcrumb","itemListElement":[{"@type":"ListItem","position":1,"name":"Home","item":"https:\/\/www.castlevernie.nl\/"},{"@type":"ListItem","position":2,"name":"Winkel","item":"https:\/\/www.castlevernie.nl\/winkel\/"},{"@type":"ListItem","position":3,"name":"Hu-Da &#8211; Overbroekje Junior Circus 9-20kg"}]},{"@type":"WebSite","@id":"https:\/\/www.castlevernie.nl\/#website","url":"https:\/\/www.castlevernie.nl\/","name":"Schloss Vernie Modegesch\u00e4ft","description":"","publisher":{"@id":"https:\/\/www.castlevernie.nl\/#organization"},"potentialAction":[{"@type":"SearchAction","target":{"@type":"EntryPoint","urlTemplate":"https:\/\/www.castlevernie.nl\/?s={search_term_string}"},"query-input":{"@type":"PropertyValueSpecification","valueRequired":true,"valueName":"search_term_string"}}],"inLanguage":"de"},{"@type":"Organization","@id":"https:\/\/www.castlevernie.nl\/#organization","name":"Castle Vernie","url":"https:\/\/www.castlevernie.nl\/","logo":{"@type":"ImageObject","inLanguage":"de","@id":"https:\/\/www.castlevernie.nl\/#\/schema\/logo\/image\/","url":"https:\/\/www.castlevernie.nl\/wordpress\/wp-content\/uploads\/2025\/07\/header-logo-3.png","contentUrl":"https:\/\/www.castlevernie.nl\/wordpress\/wp-content\/uploads\/2025\/07\/header-logo-3.png","width":780,"height":260,"caption":"Castle Vernie"},"image":{"@id":"https:\/\/www.castlevernie.nl\/#\/schema\/logo\/image\/"},"sameAs":["https:\/\/m.facebook.com\/Castle-Vernie-Fashion-Shop-110667857399440"]}]}},"_links":{"self":[{"href":"https:\/\/www.castlevernie.nl\/de\/wp-json\/wp\/v2\/product\/11217","targetHints":{"allow":["GET"]}}],"collection":[{"href":"https:\/\/www.castlevernie.nl\/de\/wp-json\/wp\/v2\/product"}],"about":[{"href":"https:\/\/www.castlevernie.nl\/de\/wp-json\/wp\/v2\/types\/product"}],"replies":[{"embeddable":true,"href":"https:\/\/www.castlevernie.nl\/de\/wp-json\/wp\/v2\/comments?post=11217"}],"wp:featuredmedia":[{"embeddable":true,"href":"https:\/\/www.castlevernie.nl\/de\/wp-json\/wp\/v2\/media\/11254"}],"wp:attachment":[{"href":"https:\/\/www.castlevernie.nl\/de\/wp-json\/wp\/v2\/media?parent=11217"}],"wp:term":[{"taxonomy":"product_brand","embeddable":true,"href":"https:\/\/www.castlevernie.nl\/de\/wp-json\/wp\/v2\/product_brand?post=11217"},{"taxonomy":"product_cat","embeddable":true,"href":"https:\/\/www.castlevernie.nl\/de\/wp-json\/wp\/v2\/product_cat?post=11217"},{"taxonomy":"product_tag","embeddable":true,"href":"https:\/\/www.castlevernie.nl\/de\/wp-json\/wp\/v2\/product_tag?post=11217"}],"curies":[{"name":"wp","href":"https:\/\/api.w.org\/{rel}","templated":true}]}}