{"id":11136,"date":"2025-07-27T15:50:02","date_gmt":"2025-07-27T15:50:02","guid":{"rendered":"https:\/\/www.castlevernie.nl\/?post_type=product&#038;p=11136"},"modified":"2025-10-24T21:30:51","modified_gmt":"2025-10-24T21:30:51","slug":"kico-label-baby-voetenzak-voor-autostoel-merinowol","status":"publish","type":"product","link":"https:\/\/www.castlevernie.nl\/de\/produkt\/kico-label-baby-voetenzak-voor-autostoel-merinowol\/","title":{"rendered":"Kico Label \u2013 Babyfu\u00dfsack f\u00fcr den Autositz \u2013 Merinowolle"},"content":{"rendered":"<p>F\u00fcr den besten Komfort und die Sicherheit der Kleinen ist dieser luxuri\u00f6se Fu\u00dfsack ideal. Das universelle Design passt in jeden Autositz oder Maxi-Cosi mit einem 3-Punkt-Gurt. Hergestellt aus 100% Merinowolle bietet dieser Fu\u00dfsack die perfekte Kombination aus W\u00e4rme und Atmungsaktivit\u00e4t.<\/p>\n<p>Merinowolle ist bekannt f\u00fcr ihre nat\u00fcrlichen temperaturregulierenden Eigenschaften, wodurch sie im Winter sch\u00f6n warm bleibt und an w\u00e4rmeren Tagen atmungsaktiv und angenehm zu tragen ist.<\/p>\n<p>Bei warmem Wetter bietet der praktische Rei\u00dfverschluss eine L\u00f6sung. Durch einfaches \u00d6ffnen des oberen \u00dcberzugs kann das Kind k\u00fchl bleiben, ohne dass Decken verrutschen oder weggetreten werden. Der Fu\u00dfsack bleibt dabei fest an seinem Platz.<\/p>\n<p>Wichtige Merkmale dieses Fu\u00dfsacks sind unter anderem:<\/p>\n<p>Geeignet f\u00fcr die Verwendung mit einem 3-Punkt-Autogurt, wodurch die Sicherheit gew\u00e4hrleistet ist.<br \/>\nHergestellt in der EU, mit Augenmerk auf Qualit\u00e4t und Nachhaltigkeit.<br \/>\nErh\u00e4ltlich in zwei neutralen Farben: beige und naturel.<br \/>\nAbmessungen: 55 mal 80 Zentimeter.<\/p>\n<p>Es ist wichtig zu beachten, dass dieser universelle Fu\u00dfsack nicht f\u00fcr Buggys und Kinderwagen geeignet ist. Dar\u00fcber hinaus ist das Modell, das daf\u00fcr geeignet ist, nicht komfortabel f\u00fcr die Verwendung in einem Autositz.<\/p>","protected":false},"excerpt":{"rendered":"<p>Voor het beste comfort en veiligheid van de kleintjes is deze luxe voetenzak ideaal. Het universele ontwerp past in elke autostoel of Maxi-Cosi met een 3-punts gordel. Gemaakt van 100% merinowwol, biedt deze voetenzak de perfecte combinatie van warmte en ademend vermogen. Merinowol staat bekend om haar natuurlijke warmteregulerende eigenschappen, waardoor het in de winter [&hellip;]<\/p>\n","protected":false},"featured_media":11131,"comment_status":"open","ping_status":"closed","template":"","meta":[],"product_brand":[596],"product_cat":[588,278],"product_tag":[600,597,604],"class_list":{"0":"post-11136","1":"product","2":"type-product","3":"status-publish","4":"has-post-thumbnail","6":"product_brand-kico-label","7":"product_cat-alles-van-wol-zijde","8":"product_cat-slaapzakken-en-dekens","9":"product_tag-baby-voetenzak-winter","10":"product_tag-voetenzak-baby","11":"product_tag-wollen-baby-artikelen","13":"first","14":"instock","15":"taxable","16":"shipping-taxable","17":"purchasable","18":"product-type-variable"},"yoast_head":"<!-- This site is optimized with the Yoast SEO plugin v27.4 - https:\/\/yoast.com\/product\/yoast-seo-wordpress\/ -->\n<title>Kico Label - Baby voetenzak voor autostoel - Merinowol | Castle Vernie Fashion Shop<\/title>\n<meta name=\"description\" content=\"Kico Label - Baby voetenzak voor autostoel - Merinowol. Voor het beste comfort en veiligheid van de kleintjes is deze luxe voetenzak ideaal.\" \/>\n<meta name=\"robots\" content=\"index, follow, max-snippet:-1, max-image-preview:large, max-video-preview:-1\" \/>\n<link rel=\"canonical\" href=\"https:\/\/www.castlevernie.nl\/de\/produkt\/kico-label-baby-voetenzak-voor-autostoel-merinowol\/\" \/>\n<meta property=\"og:locale\" content=\"de_DE\" \/>\n<meta property=\"og:type\" content=\"article\" \/>\n<meta property=\"og:title\" content=\"Kico Label - Baby voetenzak voor autostoel - Merinowol | Castle Vernie Fashion Shop\" \/>\n<meta property=\"og:description\" content=\"Kico Label - Baby voetenzak voor autostoel - Merinowol. Voor het beste comfort en veiligheid van de kleintjes is deze luxe voetenzak ideaal.\" \/>\n<meta property=\"og:url\" content=\"https:\/\/www.castlevernie.nl\/de\/produkt\/kico-label-baby-voetenzak-voor-autostoel-merinowol\/\" \/>\n<meta property=\"og:site_name\" content=\"Castle Vernie Fashion Shop\" \/>\n<meta property=\"article:publisher\" content=\"https:\/\/m.facebook.com\/Castle-Vernie-Fashion-Shop-110667857399440\" \/>\n<meta property=\"article:modified_time\" content=\"2025-10-24T21:30:51+00:00\" \/>\n<meta property=\"og:image\" content=\"https:\/\/www.castlevernie.nl\/wordpress\/wp-content\/uploads\/2025\/07\/voetenzak-Kico-Label.webp\" \/>\n\t<meta property=\"og:image:width\" content=\"1000\" \/>\n\t<meta property=\"og:image:height\" content=\"1000\" \/>\n\t<meta property=\"og:image:type\" content=\"image\/webp\" \/>\n<meta name=\"twitter:card\" content=\"summary_large_image\" \/>\n<meta name=\"twitter:label1\" content=\"Gesch\u00e4tzte Lesezeit\" \/>\n\t<meta name=\"twitter:data1\" content=\"2\u00a0Minuten\" \/>\n<script type=\"application\/ld+json\" class=\"yoast-schema-graph\">{\"@context\":\"https:\\\/\\\/schema.org\",\"@graph\":[{\"@type\":\"WebPage\",\"@id\":\"https:\\\/\\\/www.castlevernie.nl\\\/product\\\/kico-label-baby-voetenzak-voor-autostoel-merinowol\\\/\",\"url\":\"https:\\\/\\\/www.castlevernie.nl\\\/product\\\/kico-label-baby-voetenzak-voor-autostoel-merinowol\\\/\",\"name\":\"Kico Label - Baby voetenzak voor autostoel - Merinowol | Castle Vernie Fashion Shop\",\"isPartOf\":{\"@id\":\"https:\\\/\\\/www.castlevernie.nl\\\/#website\"},\"primaryImageOfPage\":{\"@id\":\"https:\\\/\\\/www.castlevernie.nl\\\/product\\\/kico-label-baby-voetenzak-voor-autostoel-merinowol\\\/#primaryimage\"},\"image\":{\"@id\":\"https:\\\/\\\/www.castlevernie.nl\\\/product\\\/kico-label-baby-voetenzak-voor-autostoel-merinowol\\\/#primaryimage\"},\"thumbnailUrl\":\"https:\\\/\\\/www.castlevernie.nl\\\/wordpress\\\/wp-content\\\/uploads\\\/2025\\\/07\\\/voetenzak-Kico-Label.webp\",\"datePublished\":\"2025-07-27T15:50:02+00:00\",\"dateModified\":\"2025-10-24T21:30:51+00:00\",\"description\":\"Kico Label - Baby voetenzak voor autostoel - Merinowol. Voor het beste comfort en veiligheid van de kleintjes is deze luxe voetenzak ideaal.\",\"breadcrumb\":{\"@id\":\"https:\\\/\\\/www.castlevernie.nl\\\/product\\\/kico-label-baby-voetenzak-voor-autostoel-merinowol\\\/#breadcrumb\"},\"inLanguage\":\"de\",\"potentialAction\":[{\"@type\":\"ReadAction\",\"target\":[\"https:\\\/\\\/www.castlevernie.nl\\\/product\\\/kico-label-baby-voetenzak-voor-autostoel-merinowol\\\/\"]}]},{\"@type\":\"ImageObject\",\"inLanguage\":\"de\",\"@id\":\"https:\\\/\\\/www.castlevernie.nl\\\/product\\\/kico-label-baby-voetenzak-voor-autostoel-merinowol\\\/#primaryimage\",\"url\":\"https:\\\/\\\/www.castlevernie.nl\\\/wordpress\\\/wp-content\\\/uploads\\\/2025\\\/07\\\/voetenzak-Kico-Label.webp\",\"contentUrl\":\"https:\\\/\\\/www.castlevernie.nl\\\/wordpress\\\/wp-content\\\/uploads\\\/2025\\\/07\\\/voetenzak-Kico-Label.webp\",\"width\":1000,\"height\":1000,\"caption\":\"Maxi Cosi voetenzak merinowol kico label\"},{\"@type\":\"BreadcrumbList\",\"@id\":\"https:\\\/\\\/www.castlevernie.nl\\\/product\\\/kico-label-baby-voetenzak-voor-autostoel-merinowol\\\/#breadcrumb\",\"itemListElement\":[{\"@type\":\"ListItem\",\"position\":1,\"name\":\"Home\",\"item\":\"https:\\\/\\\/www.castlevernie.nl\\\/\"},{\"@type\":\"ListItem\",\"position\":2,\"name\":\"Winkel\",\"item\":\"https:\\\/\\\/www.castlevernie.nl\\\/winkel\\\/\"},{\"@type\":\"ListItem\",\"position\":3,\"name\":\"Kico Label &#8211; Baby voetenzak voor autostoel &#8211; Merinowol\"}]},{\"@type\":\"WebSite\",\"@id\":\"https:\\\/\\\/www.castlevernie.nl\\\/#website\",\"url\":\"https:\\\/\\\/www.castlevernie.nl\\\/\",\"name\":\"Castle Vernie Fashion Shop\",\"description\":\"\",\"publisher\":{\"@id\":\"https:\\\/\\\/www.castlevernie.nl\\\/#organization\"},\"potentialAction\":[{\"@type\":\"SearchAction\",\"target\":{\"@type\":\"EntryPoint\",\"urlTemplate\":\"https:\\\/\\\/www.castlevernie.nl\\\/?s={search_term_string}\"},\"query-input\":{\"@type\":\"PropertyValueSpecification\",\"valueRequired\":true,\"valueName\":\"search_term_string\"}}],\"inLanguage\":\"de\"},{\"@type\":\"Organization\",\"@id\":\"https:\\\/\\\/www.castlevernie.nl\\\/#organization\",\"name\":\"Castle Vernie\",\"url\":\"https:\\\/\\\/www.castlevernie.nl\\\/\",\"logo\":{\"@type\":\"ImageObject\",\"inLanguage\":\"de\",\"@id\":\"https:\\\/\\\/www.castlevernie.nl\\\/#\\\/schema\\\/logo\\\/image\\\/\",\"url\":\"https:\\\/\\\/www.castlevernie.nl\\\/wordpress\\\/wp-content\\\/uploads\\\/2025\\\/07\\\/header-logo-3.png\",\"contentUrl\":\"https:\\\/\\\/www.castlevernie.nl\\\/wordpress\\\/wp-content\\\/uploads\\\/2025\\\/07\\\/header-logo-3.png\",\"width\":780,\"height\":260,\"caption\":\"Castle Vernie\"},\"image\":{\"@id\":\"https:\\\/\\\/www.castlevernie.nl\\\/#\\\/schema\\\/logo\\\/image\\\/\"},\"sameAs\":[\"https:\\\/\\\/m.facebook.com\\\/Castle-Vernie-Fashion-Shop-110667857399440\"]}]}<\/script>\n<!-- \/ Yoast SEO plugin. -->","yoast_head_json":{"title":"Kico Label - Baby voetenzak voor autostoel - Merinowol | Castle Vernie Fashion Shop","description":"Kico Label - Baby voetenzak voor autostoel - Merinowol. Voor het beste comfort en veiligheid van de kleintjes is deze luxe voetenzak ideaal.","robots":{"index":"index","follow":"follow","max-snippet":"max-snippet:-1","max-image-preview":"max-image-preview:large","max-video-preview":"max-video-preview:-1"},"canonical":"https:\/\/www.castlevernie.nl\/de\/produkt\/kico-label-baby-voetenzak-voor-autostoel-merinowol\/","og_locale":"de_DE","og_type":"article","og_title":"Kico Label - Baby voetenzak voor autostoel - Merinowol | Castle Vernie Fashion Shop","og_description":"Kico Label - Baby voetenzak voor autostoel - Merinowol. Voor het beste comfort en veiligheid van de kleintjes is deze luxe voetenzak ideaal.","og_url":"https:\/\/www.castlevernie.nl\/de\/produkt\/kico-label-baby-voetenzak-voor-autostoel-merinowol\/","og_site_name":"Castle Vernie Fashion Shop","article_publisher":"https:\/\/m.facebook.com\/Castle-Vernie-Fashion-Shop-110667857399440","article_modified_time":"2025-10-24T21:30:51+00:00","og_image":[{"width":1000,"height":1000,"url":"https:\/\/www.castlevernie.nl\/wordpress\/wp-content\/uploads\/2025\/07\/voetenzak-Kico-Label.webp","type":"image\/webp"}],"twitter_card":"summary_large_image","twitter_misc":{"Gesch\u00e4tzte Lesezeit":"2\u00a0Minuten"},"schema":{"@context":"https:\/\/schema.org","@graph":[{"@type":"WebPage","@id":"https:\/\/www.castlevernie.nl\/product\/kico-label-baby-voetenzak-voor-autostoel-merinowol\/","url":"https:\/\/www.castlevernie.nl\/product\/kico-label-baby-voetenzak-voor-autostoel-merinowol\/","name":"Kico Label - Baby voetenzak voor autostoel - Merinowol | Castle Vernie Fashion Shop","isPartOf":{"@id":"https:\/\/www.castlevernie.nl\/#website"},"primaryImageOfPage":{"@id":"https:\/\/www.castlevernie.nl\/product\/kico-label-baby-voetenzak-voor-autostoel-merinowol\/#primaryimage"},"image":{"@id":"https:\/\/www.castlevernie.nl\/product\/kico-label-baby-voetenzak-voor-autostoel-merinowol\/#primaryimage"},"thumbnailUrl":"https:\/\/www.castlevernie.nl\/wordpress\/wp-content\/uploads\/2025\/07\/voetenzak-Kico-Label.webp","datePublished":"2025-07-27T15:50:02+00:00","dateModified":"2025-10-24T21:30:51+00:00","description":"Kico Label - Baby voetenzak voor autostoel - Merinowol. Voor het beste comfort en veiligheid van de kleintjes is deze luxe voetenzak ideaal.","breadcrumb":{"@id":"https:\/\/www.castlevernie.nl\/product\/kico-label-baby-voetenzak-voor-autostoel-merinowol\/#breadcrumb"},"inLanguage":"de","potentialAction":[{"@type":"ReadAction","target":["https:\/\/www.castlevernie.nl\/product\/kico-label-baby-voetenzak-voor-autostoel-merinowol\/"]}]},{"@type":"ImageObject","inLanguage":"de","@id":"https:\/\/www.castlevernie.nl\/product\/kico-label-baby-voetenzak-voor-autostoel-merinowol\/#primaryimage","url":"https:\/\/www.castlevernie.nl\/wordpress\/wp-content\/uploads\/2025\/07\/voetenzak-Kico-Label.webp","contentUrl":"https:\/\/www.castlevernie.nl\/wordpress\/wp-content\/uploads\/2025\/07\/voetenzak-Kico-Label.webp","width":1000,"height":1000,"caption":"Maxi Cosi voetenzak merinowol kico label"},{"@type":"BreadcrumbList","@id":"https:\/\/www.castlevernie.nl\/product\/kico-label-baby-voetenzak-voor-autostoel-merinowol\/#breadcrumb","itemListElement":[{"@type":"ListItem","position":1,"name":"Home","item":"https:\/\/www.castlevernie.nl\/"},{"@type":"ListItem","position":2,"name":"Winkel","item":"https:\/\/www.castlevernie.nl\/winkel\/"},{"@type":"ListItem","position":3,"name":"Kico Label &#8211; Baby voetenzak voor autostoel &#8211; Merinowol"}]},{"@type":"WebSite","@id":"https:\/\/www.castlevernie.nl\/#website","url":"https:\/\/www.castlevernie.nl\/","name":"Schloss Vernie Modegesch\u00e4ft","description":"","publisher":{"@id":"https:\/\/www.castlevernie.nl\/#organization"},"potentialAction":[{"@type":"SearchAction","target":{"@type":"EntryPoint","urlTemplate":"https:\/\/www.castlevernie.nl\/?s={search_term_string}"},"query-input":{"@type":"PropertyValueSpecification","valueRequired":true,"valueName":"search_term_string"}}],"inLanguage":"de"},{"@type":"Organization","@id":"https:\/\/www.castlevernie.nl\/#organization","name":"Castle Vernie","url":"https:\/\/www.castlevernie.nl\/","logo":{"@type":"ImageObject","inLanguage":"de","@id":"https:\/\/www.castlevernie.nl\/#\/schema\/logo\/image\/","url":"https:\/\/www.castlevernie.nl\/wordpress\/wp-content\/uploads\/2025\/07\/header-logo-3.png","contentUrl":"https:\/\/www.castlevernie.nl\/wordpress\/wp-content\/uploads\/2025\/07\/header-logo-3.png","width":780,"height":260,"caption":"Castle Vernie"},"image":{"@id":"https:\/\/www.castlevernie.nl\/#\/schema\/logo\/image\/"},"sameAs":["https:\/\/m.facebook.com\/Castle-Vernie-Fashion-Shop-110667857399440"]}]}},"_links":{"self":[{"href":"https:\/\/www.castlevernie.nl\/de\/wp-json\/wp\/v2\/product\/11136","targetHints":{"allow":["GET"]}}],"collection":[{"href":"https:\/\/www.castlevernie.nl\/de\/wp-json\/wp\/v2\/product"}],"about":[{"href":"https:\/\/www.castlevernie.nl\/de\/wp-json\/wp\/v2\/types\/product"}],"replies":[{"embeddable":true,"href":"https:\/\/www.castlevernie.nl\/de\/wp-json\/wp\/v2\/comments?post=11136"}],"wp:featuredmedia":[{"embeddable":true,"href":"https:\/\/www.castlevernie.nl\/de\/wp-json\/wp\/v2\/media\/11131"}],"wp:attachment":[{"href":"https:\/\/www.castlevernie.nl\/de\/wp-json\/wp\/v2\/media?parent=11136"}],"wp:term":[{"taxonomy":"product_brand","embeddable":true,"href":"https:\/\/www.castlevernie.nl\/de\/wp-json\/wp\/v2\/product_brand?post=11136"},{"taxonomy":"product_cat","embeddable":true,"href":"https:\/\/www.castlevernie.nl\/de\/wp-json\/wp\/v2\/product_cat?post=11136"},{"taxonomy":"product_tag","embeddable":true,"href":"https:\/\/www.castlevernie.nl\/de\/wp-json\/wp\/v2\/product_tag?post=11136"}],"curies":[{"name":"wp","href":"https:\/\/api.w.org\/{rel}","templated":true}]}}