{"id":11125,"date":"2025-07-27T15:38:20","date_gmt":"2025-07-27T15:38:20","guid":{"rendered":"https:\/\/www.castlevernie.nl\/?post_type=product&#038;p=11125"},"modified":"2025-08-01T10:21:52","modified_gmt":"2025-08-01T10:21:52","slug":"kico-label-hoeslaken-babybed-merinowol","status":"publish","type":"product","link":"https:\/\/www.castlevernie.nl\/de\/produkt\/kico-label-hoeslaken-babybed-merinowol\/","title":{"rendered":"Kico Label \u2013 Spannbettlaken Babybett Merinowolle"},"content":{"rendered":"<p>Kico Label m\u00f6chte das Spannbettlaken schaffen, das die ideale Schlafumgebung f\u00fcr dein Baby bietet. Der weiche, atmungsaktive Stoff sorgt f\u00fcr einen komfortablen und ruhigen Schlaf, ohne dass es zu warm wird.<\/p>\n<p>Dank der elastischen R\u00e4nder bleibt das Spannbettlaken fest an seinem Platz, selbst in bewegten und unruhigen N\u00e4chten. Das langlebige Design macht das Spannbettlaken f\u00fcr den t\u00e4glichen Gebrauch geeignet und erh\u00e4lt seine Qualit\u00e4t nach jedem Waschgang. M\u00f6chtest du, dass dein Kleines nicht direkt auf der Wolle schl\u00e4ft? Lege dann ein d\u00fcnnes zus\u00e4tzliches Spannbettlaken \u00fcber die Wolle, um die Vorteile des Schlafens auf einer Wollschicht zu erhalten!<\/p>\n<p>Eine ausgezeichnete Wahl f\u00fcr Eltern, die den Komfort und das Wohlbefinden ihres Babys w\u00e4hrend des Schlafens f\u00f6rdern m\u00f6chten.<\/p>","protected":false},"excerpt":{"rendered":"<p>Kico Label wollen hoeslaken cre\u00ebert de ideale slaapomgeving voor je baby. De zachte, ademende stof zorgt voor een comfortabele en rustige slaap, zonder dat het te warm wordt. Dankzij de elastische randen blijft het hoeslaken stevig op zijn plek liggen, zelfs tijdens bewegelijke en onrustige nachten. Het duurzame ontwerp maakt het hoeslaken geschikt voor dagelijks [&hellip;]<\/p>\n","protected":false},"featured_media":11133,"comment_status":"open","ping_status":"closed","template":"","meta":[],"product_brand":[596],"product_cat":[588,278],"product_tag":[609,625,607,605,626],"class_list":{"0":"post-11125","1":"product","2":"type-product","3":"status-publish","4":"has-post-thumbnail","6":"product_brand-kico-label","7":"product_cat-alles-van-wol-zijde","8":"product_cat-slaapzakken-en-dekens","9":"product_tag-babybed-laken","10":"product_tag-hoeslaken-merinowol","11":"product_tag-wollen-deken","12":"product_tag-wollen-laken","13":"product_tag-wollen-laken-babybed","15":"first","16":"instock","17":"taxable","18":"shipping-taxable","19":"purchasable","20":"product-type-variable"},"yoast_head":"<!-- This site is optimized with the Yoast SEO plugin v27.4 - https:\/\/yoast.com\/product\/yoast-seo-wordpress\/ -->\n<title>Kico Label - Hoeslaken Babybed Merinowol | Castle Vernie Fashion Shop<\/title>\n<meta name=\"description\" content=\"Kico Label wollen hoeslaken cre\u00ebert de ideale slaapomgeving voor je baby. De zachte, ademende stof zorgt voor een comfortabele en rustige slaap...\" \/>\n<meta name=\"robots\" content=\"index, follow, max-snippet:-1, max-image-preview:large, max-video-preview:-1\" \/>\n<link rel=\"canonical\" href=\"https:\/\/www.castlevernie.nl\/de\/produkt\/kico-label-hoeslaken-babybed-merinowol\/\" \/>\n<meta property=\"og:locale\" content=\"de_DE\" \/>\n<meta property=\"og:type\" content=\"article\" \/>\n<meta property=\"og:title\" content=\"Kico Label - Hoeslaken Babybed Merinowol | Castle Vernie Fashion Shop\" \/>\n<meta property=\"og:description\" content=\"Kico Label wollen hoeslaken cre\u00ebert de ideale slaapomgeving voor je baby. De zachte, ademende stof zorgt voor een comfortabele en rustige slaap...\" \/>\n<meta property=\"og:url\" content=\"https:\/\/www.castlevernie.nl\/de\/produkt\/kico-label-hoeslaken-babybed-merinowol\/\" \/>\n<meta property=\"og:site_name\" content=\"Castle Vernie Fashion Shop\" \/>\n<meta property=\"article:publisher\" content=\"https:\/\/m.facebook.com\/Castle-Vernie-Fashion-Shop-110667857399440\" \/>\n<meta property=\"article:modified_time\" content=\"2025-08-01T10:21:52+00:00\" \/>\n<meta property=\"og:image\" content=\"https:\/\/www.castlevernie.nl\/wordpress\/wp-content\/uploads\/2025\/07\/Hoeslaken_2_Kico-label.webp\" \/>\n\t<meta property=\"og:image:width\" content=\"1000\" \/>\n\t<meta property=\"og:image:height\" content=\"667\" \/>\n\t<meta property=\"og:image:type\" content=\"image\/webp\" \/>\n<meta name=\"twitter:card\" content=\"summary_large_image\" \/>\n<meta name=\"twitter:label1\" content=\"Gesch\u00e4tzte Lesezeit\" \/>\n\t<meta name=\"twitter:data1\" content=\"1\u00a0Minute\" \/>\n<script type=\"application\/ld+json\" class=\"yoast-schema-graph\">{\"@context\":\"https:\\\/\\\/schema.org\",\"@graph\":[{\"@type\":\"WebPage\",\"@id\":\"https:\\\/\\\/www.castlevernie.nl\\\/product\\\/kico-label-hoeslaken-babybed-merinowol\\\/\",\"url\":\"https:\\\/\\\/www.castlevernie.nl\\\/product\\\/kico-label-hoeslaken-babybed-merinowol\\\/\",\"name\":\"Kico Label - Hoeslaken Babybed Merinowol | Castle Vernie Fashion Shop\",\"isPartOf\":{\"@id\":\"https:\\\/\\\/www.castlevernie.nl\\\/#website\"},\"primaryImageOfPage\":{\"@id\":\"https:\\\/\\\/www.castlevernie.nl\\\/product\\\/kico-label-hoeslaken-babybed-merinowol\\\/#primaryimage\"},\"image\":{\"@id\":\"https:\\\/\\\/www.castlevernie.nl\\\/product\\\/kico-label-hoeslaken-babybed-merinowol\\\/#primaryimage\"},\"thumbnailUrl\":\"https:\\\/\\\/www.castlevernie.nl\\\/wordpress\\\/wp-content\\\/uploads\\\/2025\\\/07\\\/Hoeslaken_2_Kico-label.webp\",\"datePublished\":\"2025-07-27T15:38:20+00:00\",\"dateModified\":\"2025-08-01T10:21:52+00:00\",\"description\":\"Kico Label wollen hoeslaken cre\u00ebert de ideale slaapomgeving voor je baby. De zachte, ademende stof zorgt voor een comfortabele en rustige slaap...\",\"breadcrumb\":{\"@id\":\"https:\\\/\\\/www.castlevernie.nl\\\/product\\\/kico-label-hoeslaken-babybed-merinowol\\\/#breadcrumb\"},\"inLanguage\":\"de\",\"potentialAction\":[{\"@type\":\"ReadAction\",\"target\":[\"https:\\\/\\\/www.castlevernie.nl\\\/product\\\/kico-label-hoeslaken-babybed-merinowol\\\/\"]}]},{\"@type\":\"ImageObject\",\"inLanguage\":\"de\",\"@id\":\"https:\\\/\\\/www.castlevernie.nl\\\/product\\\/kico-label-hoeslaken-babybed-merinowol\\\/#primaryimage\",\"url\":\"https:\\\/\\\/www.castlevernie.nl\\\/wordpress\\\/wp-content\\\/uploads\\\/2025\\\/07\\\/Hoeslaken_2_Kico-label.webp\",\"contentUrl\":\"https:\\\/\\\/www.castlevernie.nl\\\/wordpress\\\/wp-content\\\/uploads\\\/2025\\\/07\\\/Hoeslaken_2_Kico-label.webp\",\"width\":1000,\"height\":667,\"caption\":\"wollen wieglaken kico label\"},{\"@type\":\"BreadcrumbList\",\"@id\":\"https:\\\/\\\/www.castlevernie.nl\\\/product\\\/kico-label-hoeslaken-babybed-merinowol\\\/#breadcrumb\",\"itemListElement\":[{\"@type\":\"ListItem\",\"position\":1,\"name\":\"Home\",\"item\":\"https:\\\/\\\/www.castlevernie.nl\\\/\"},{\"@type\":\"ListItem\",\"position\":2,\"name\":\"Winkel\",\"item\":\"https:\\\/\\\/www.castlevernie.nl\\\/winkel\\\/\"},{\"@type\":\"ListItem\",\"position\":3,\"name\":\"Kico Label &#8211; Hoeslaken Babybed Merinowol\"}]},{\"@type\":\"WebSite\",\"@id\":\"https:\\\/\\\/www.castlevernie.nl\\\/#website\",\"url\":\"https:\\\/\\\/www.castlevernie.nl\\\/\",\"name\":\"Castle Vernie Fashion Shop\",\"description\":\"\",\"publisher\":{\"@id\":\"https:\\\/\\\/www.castlevernie.nl\\\/#organization\"},\"potentialAction\":[{\"@type\":\"SearchAction\",\"target\":{\"@type\":\"EntryPoint\",\"urlTemplate\":\"https:\\\/\\\/www.castlevernie.nl\\\/?s={search_term_string}\"},\"query-input\":{\"@type\":\"PropertyValueSpecification\",\"valueRequired\":true,\"valueName\":\"search_term_string\"}}],\"inLanguage\":\"de\"},{\"@type\":\"Organization\",\"@id\":\"https:\\\/\\\/www.castlevernie.nl\\\/#organization\",\"name\":\"Castle Vernie\",\"url\":\"https:\\\/\\\/www.castlevernie.nl\\\/\",\"logo\":{\"@type\":\"ImageObject\",\"inLanguage\":\"de\",\"@id\":\"https:\\\/\\\/www.castlevernie.nl\\\/#\\\/schema\\\/logo\\\/image\\\/\",\"url\":\"https:\\\/\\\/www.castlevernie.nl\\\/wordpress\\\/wp-content\\\/uploads\\\/2025\\\/07\\\/header-logo-3.png\",\"contentUrl\":\"https:\\\/\\\/www.castlevernie.nl\\\/wordpress\\\/wp-content\\\/uploads\\\/2025\\\/07\\\/header-logo-3.png\",\"width\":780,\"height\":260,\"caption\":\"Castle Vernie\"},\"image\":{\"@id\":\"https:\\\/\\\/www.castlevernie.nl\\\/#\\\/schema\\\/logo\\\/image\\\/\"},\"sameAs\":[\"https:\\\/\\\/m.facebook.com\\\/Castle-Vernie-Fashion-Shop-110667857399440\"]}]}<\/script>\n<!-- \/ Yoast SEO plugin. -->","yoast_head_json":{"title":"Kico Label - Hoeslaken Babybed Merinowol | Castle Vernie Fashion Shop","description":"Kico Label wollen hoeslaken cre\u00ebert de ideale slaapomgeving voor je baby. De zachte, ademende stof zorgt voor een comfortabele en rustige slaap...","robots":{"index":"index","follow":"follow","max-snippet":"max-snippet:-1","max-image-preview":"max-image-preview:large","max-video-preview":"max-video-preview:-1"},"canonical":"https:\/\/www.castlevernie.nl\/de\/produkt\/kico-label-hoeslaken-babybed-merinowol\/","og_locale":"de_DE","og_type":"article","og_title":"Kico Label - Hoeslaken Babybed Merinowol | Castle Vernie Fashion Shop","og_description":"Kico Label wollen hoeslaken cre\u00ebert de ideale slaapomgeving voor je baby. De zachte, ademende stof zorgt voor een comfortabele en rustige slaap...","og_url":"https:\/\/www.castlevernie.nl\/de\/produkt\/kico-label-hoeslaken-babybed-merinowol\/","og_site_name":"Castle Vernie Fashion Shop","article_publisher":"https:\/\/m.facebook.com\/Castle-Vernie-Fashion-Shop-110667857399440","article_modified_time":"2025-08-01T10:21:52+00:00","og_image":[{"width":1000,"height":667,"url":"https:\/\/www.castlevernie.nl\/wordpress\/wp-content\/uploads\/2025\/07\/Hoeslaken_2_Kico-label.webp","type":"image\/webp"}],"twitter_card":"summary_large_image","twitter_misc":{"Gesch\u00e4tzte Lesezeit":"1\u00a0Minute"},"schema":{"@context":"https:\/\/schema.org","@graph":[{"@type":"WebPage","@id":"https:\/\/www.castlevernie.nl\/product\/kico-label-hoeslaken-babybed-merinowol\/","url":"https:\/\/www.castlevernie.nl\/product\/kico-label-hoeslaken-babybed-merinowol\/","name":"Kico Label - Hoeslaken Babybed Merinowol | Castle Vernie Fashion Shop","isPartOf":{"@id":"https:\/\/www.castlevernie.nl\/#website"},"primaryImageOfPage":{"@id":"https:\/\/www.castlevernie.nl\/product\/kico-label-hoeslaken-babybed-merinowol\/#primaryimage"},"image":{"@id":"https:\/\/www.castlevernie.nl\/product\/kico-label-hoeslaken-babybed-merinowol\/#primaryimage"},"thumbnailUrl":"https:\/\/www.castlevernie.nl\/wordpress\/wp-content\/uploads\/2025\/07\/Hoeslaken_2_Kico-label.webp","datePublished":"2025-07-27T15:38:20+00:00","dateModified":"2025-08-01T10:21:52+00:00","description":"Kico Label wollen hoeslaken cre\u00ebert de ideale slaapomgeving voor je baby. De zachte, ademende stof zorgt voor een comfortabele en rustige slaap...","breadcrumb":{"@id":"https:\/\/www.castlevernie.nl\/product\/kico-label-hoeslaken-babybed-merinowol\/#breadcrumb"},"inLanguage":"de","potentialAction":[{"@type":"ReadAction","target":["https:\/\/www.castlevernie.nl\/product\/kico-label-hoeslaken-babybed-merinowol\/"]}]},{"@type":"ImageObject","inLanguage":"de","@id":"https:\/\/www.castlevernie.nl\/product\/kico-label-hoeslaken-babybed-merinowol\/#primaryimage","url":"https:\/\/www.castlevernie.nl\/wordpress\/wp-content\/uploads\/2025\/07\/Hoeslaken_2_Kico-label.webp","contentUrl":"https:\/\/www.castlevernie.nl\/wordpress\/wp-content\/uploads\/2025\/07\/Hoeslaken_2_Kico-label.webp","width":1000,"height":667,"caption":"wollen wieglaken kico label"},{"@type":"BreadcrumbList","@id":"https:\/\/www.castlevernie.nl\/product\/kico-label-hoeslaken-babybed-merinowol\/#breadcrumb","itemListElement":[{"@type":"ListItem","position":1,"name":"Home","item":"https:\/\/www.castlevernie.nl\/"},{"@type":"ListItem","position":2,"name":"Winkel","item":"https:\/\/www.castlevernie.nl\/winkel\/"},{"@type":"ListItem","position":3,"name":"Kico Label &#8211; Hoeslaken Babybed Merinowol"}]},{"@type":"WebSite","@id":"https:\/\/www.castlevernie.nl\/#website","url":"https:\/\/www.castlevernie.nl\/","name":"Schloss Vernie Modegesch\u00e4ft","description":"","publisher":{"@id":"https:\/\/www.castlevernie.nl\/#organization"},"potentialAction":[{"@type":"SearchAction","target":{"@type":"EntryPoint","urlTemplate":"https:\/\/www.castlevernie.nl\/?s={search_term_string}"},"query-input":{"@type":"PropertyValueSpecification","valueRequired":true,"valueName":"search_term_string"}}],"inLanguage":"de"},{"@type":"Organization","@id":"https:\/\/www.castlevernie.nl\/#organization","name":"Castle Vernie","url":"https:\/\/www.castlevernie.nl\/","logo":{"@type":"ImageObject","inLanguage":"de","@id":"https:\/\/www.castlevernie.nl\/#\/schema\/logo\/image\/","url":"https:\/\/www.castlevernie.nl\/wordpress\/wp-content\/uploads\/2025\/07\/header-logo-3.png","contentUrl":"https:\/\/www.castlevernie.nl\/wordpress\/wp-content\/uploads\/2025\/07\/header-logo-3.png","width":780,"height":260,"caption":"Castle Vernie"},"image":{"@id":"https:\/\/www.castlevernie.nl\/#\/schema\/logo\/image\/"},"sameAs":["https:\/\/m.facebook.com\/Castle-Vernie-Fashion-Shop-110667857399440"]}]}},"_links":{"self":[{"href":"https:\/\/www.castlevernie.nl\/de\/wp-json\/wp\/v2\/product\/11125","targetHints":{"allow":["GET"]}}],"collection":[{"href":"https:\/\/www.castlevernie.nl\/de\/wp-json\/wp\/v2\/product"}],"about":[{"href":"https:\/\/www.castlevernie.nl\/de\/wp-json\/wp\/v2\/types\/product"}],"replies":[{"embeddable":true,"href":"https:\/\/www.castlevernie.nl\/de\/wp-json\/wp\/v2\/comments?post=11125"}],"wp:featuredmedia":[{"embeddable":true,"href":"https:\/\/www.castlevernie.nl\/de\/wp-json\/wp\/v2\/media\/11133"}],"wp:attachment":[{"href":"https:\/\/www.castlevernie.nl\/de\/wp-json\/wp\/v2\/media?parent=11125"}],"wp:term":[{"taxonomy":"product_brand","embeddable":true,"href":"https:\/\/www.castlevernie.nl\/de\/wp-json\/wp\/v2\/product_brand?post=11125"},{"taxonomy":"product_cat","embeddable":true,"href":"https:\/\/www.castlevernie.nl\/de\/wp-json\/wp\/v2\/product_cat?post=11125"},{"taxonomy":"product_tag","embeddable":true,"href":"https:\/\/www.castlevernie.nl\/de\/wp-json\/wp\/v2\/product_tag?post=11125"}],"curies":[{"name":"wp","href":"https:\/\/api.w.org\/{rel}","templated":true}]}}