{"id":10882,"date":"2025-07-17T20:44:09","date_gmt":"2025-07-17T20:44:09","guid":{"rendered":"https:\/\/www.castlevernie.nl\/?post_type=product&#038;p=10882"},"modified":"2026-02-09T22:03:30","modified_gmt":"2026-02-09T22:03:30","slug":"avocado-fleece-liners-10-stuks","status":"publish","type":"product","link":"https:\/\/www.castlevernie.nl\/de\/produkt\/avocado-fleece-liners-10-stuks\/","title":{"rendered":"Avo&#038;Cado Fleece Liners 10 stuks"},"content":{"rendered":"<p>Avo &amp; Cado Fleece Innenfutter \u2013 Extra Komfort, weniger Aufwand<\/p>\n<p>Die Avo &amp; Cado Fleece-Einlagen machen waschbare Windeln noch benutzerfreundlicher. Diese wiederverwendbaren Einlagen sorgen f\u00fcr ein trockenes Gef\u00fchl auf der Haut Ihres Babys, da das Fleece die Feuchtigkeit schnell an die darunterliegende Absorptionsschicht weiterleitet \u2013 ohne zur\u00fcckzulecken.<\/p>\n<p>Neben zus\u00e4tzlichem Komfort erleichtern Fleece-Einlagen auch das Auffangen von Stuhlgang und halten die Windel sauber. Sie sind waschbar, trocknen schnell und bleiben von Waschgang zu Waschgang weich.<\/p>\n<p>Warum sich f\u00fcr Avo &amp; Cado Fleece-Innenfutter entscheiden?<br \/>\n\u2714\ufe0f Trockenes Gef\u00fchl f\u00fcr die Ges\u00e4\u00dftaschen<br \/>\n\u2714\ufe0f Einfacheres Reinigen der Windel<br \/>\n\u2714\ufe0f Wiederverwendbar und nachhaltig<br \/>\n\u2714\ufe0f Sanft, atmungsaktiv und hautfreundlich<br \/>\n\u2714\ufe0f Vergangenheit in fast allen waschbaren Windeln<\/p>\n<p>Perfekt f\u00fcr den t\u00e4glichen Gebrauch und eine praktische Alternative zu Einweg-Einlagen.<\/p>\n<p>Schlank, weich und langlebig \u2013 das ist Faulenzen mit Avo &amp; Cado.<\/p>","protected":false},"excerpt":{"rendered":"<p>Avo &#038; Cado Fleece Liners \u2013 Extra comfort, minder gedoe De Avo &#038; Cado fleece liners maken wasbare luiers n\u00f3g gebruiksvriendelijker. Deze herbruikbare inleggers zorgen voor een droog gevoel tegen de huid van je baby, doordat het fleece vocht snel doorlaat naar de absorberende laag eronder \u2013 zonder terug te lekken. Naast extra comfort, maken [&hellip;]<\/p>\n","protected":false},"featured_media":10885,"comment_status":"open","ping_status":"closed","template":"","meta":[],"product_brand":[592],"product_cat":[431,26],"product_tag":[],"class_list":{"0":"post-10882","1":"product","2":"type-product","3":"status-publish","4":"has-post-thumbnail","6":"product_brand-avo-cado","7":"product_cat-accessoires","8":"product_cat-luierdoeken-prefolds-en-inleggers","10":"first","11":"instock","12":"taxable","13":"shipping-taxable","14":"purchasable","15":"product-type-simple"},"yoast_head":"<!-- This site is optimized with the Yoast SEO plugin v27.4 - https:\/\/yoast.com\/product\/yoast-seo-wordpress\/ -->\n<title>Avo&amp;Cado Fleece Liners 10 stuks | Castle Vernie Fashion Shop<\/title>\n<meta name=\"robots\" content=\"index, follow, max-snippet:-1, max-image-preview:large, max-video-preview:-1\" \/>\n<link rel=\"canonical\" href=\"https:\/\/www.castlevernie.nl\/de\/produkt\/avocado-fleece-liners-10-stuks\/\" \/>\n<meta property=\"og:locale\" content=\"de_DE\" \/>\n<meta property=\"og:type\" content=\"article\" \/>\n<meta property=\"og:title\" content=\"Avo&amp;Cado Fleece Liners 10 stuks | Castle Vernie Fashion Shop\" \/>\n<meta property=\"og:description\" content=\"Avo &#038; Cado Fleece Liners \u2013 Extra comfort, minder gedoe De Avo &#038; Cado fleece liners maken wasbare luiers n\u00f3g gebruiksvriendelijker. Deze herbruikbare inleggers zorgen voor een droog gevoel tegen de huid van je baby, doordat het fleece vocht snel doorlaat naar de absorberende laag eronder \u2013 zonder terug te lekken. Naast extra comfort, maken [&hellip;]\" \/>\n<meta property=\"og:url\" content=\"https:\/\/www.castlevernie.nl\/de\/produkt\/avocado-fleece-liners-10-stuks\/\" \/>\n<meta property=\"og:site_name\" content=\"Castle Vernie Fashion Shop\" \/>\n<meta property=\"article:publisher\" content=\"https:\/\/m.facebook.com\/Castle-Vernie-Fashion-Shop-110667857399440\" \/>\n<meta property=\"article:modified_time\" content=\"2026-02-09T22:03:30+00:00\" \/>\n<meta property=\"og:image\" content=\"https:\/\/www.castlevernie.nl\/wordpress\/wp-content\/uploads\/2025\/07\/WhatsApp-Image-2025-07-16-at-16.15.31-1.jpeg\" \/>\n\t<meta property=\"og:image:width\" content=\"1170\" \/>\n\t<meta property=\"og:image:height\" content=\"1146\" \/>\n\t<meta property=\"og:image:type\" content=\"image\/jpeg\" \/>\n<meta name=\"twitter:card\" content=\"summary_large_image\" \/>\n<meta name=\"twitter:label1\" content=\"Gesch\u00e4tzte Lesezeit\" \/>\n\t<meta name=\"twitter:data1\" content=\"1\u00a0Minute\" \/>\n<script type=\"application\/ld+json\" class=\"yoast-schema-graph\">{\"@context\":\"https:\\\/\\\/schema.org\",\"@graph\":[{\"@type\":\"WebPage\",\"@id\":\"https:\\\/\\\/www.castlevernie.nl\\\/product\\\/avocado-fleece-liners-10-stuks\\\/\",\"url\":\"https:\\\/\\\/www.castlevernie.nl\\\/product\\\/avocado-fleece-liners-10-stuks\\\/\",\"name\":\"Avo&Cado Fleece Liners 10 stuks | Castle Vernie Fashion Shop\",\"isPartOf\":{\"@id\":\"https:\\\/\\\/www.castlevernie.nl\\\/#website\"},\"primaryImageOfPage\":{\"@id\":\"https:\\\/\\\/www.castlevernie.nl\\\/product\\\/avocado-fleece-liners-10-stuks\\\/#primaryimage\"},\"image\":{\"@id\":\"https:\\\/\\\/www.castlevernie.nl\\\/product\\\/avocado-fleece-liners-10-stuks\\\/#primaryimage\"},\"thumbnailUrl\":\"https:\\\/\\\/www.castlevernie.nl\\\/wordpress\\\/wp-content\\\/uploads\\\/2025\\\/07\\\/WhatsApp-Image-2025-07-16-at-16.15.31-1.jpeg\",\"datePublished\":\"2025-07-17T20:44:09+00:00\",\"dateModified\":\"2026-02-09T22:03:30+00:00\",\"breadcrumb\":{\"@id\":\"https:\\\/\\\/www.castlevernie.nl\\\/product\\\/avocado-fleece-liners-10-stuks\\\/#breadcrumb\"},\"inLanguage\":\"de\",\"potentialAction\":[{\"@type\":\"ReadAction\",\"target\":[\"https:\\\/\\\/www.castlevernie.nl\\\/product\\\/avocado-fleece-liners-10-stuks\\\/\"]}]},{\"@type\":\"ImageObject\",\"inLanguage\":\"de\",\"@id\":\"https:\\\/\\\/www.castlevernie.nl\\\/product\\\/avocado-fleece-liners-10-stuks\\\/#primaryimage\",\"url\":\"https:\\\/\\\/www.castlevernie.nl\\\/wordpress\\\/wp-content\\\/uploads\\\/2025\\\/07\\\/WhatsApp-Image-2025-07-16-at-16.15.31-1.jpeg\",\"contentUrl\":\"https:\\\/\\\/www.castlevernie.nl\\\/wordpress\\\/wp-content\\\/uploads\\\/2025\\\/07\\\/WhatsApp-Image-2025-07-16-at-16.15.31-1.jpeg\",\"width\":1170,\"height\":1146,\"caption\":\"avo&cado fleece liners\"},{\"@type\":\"BreadcrumbList\",\"@id\":\"https:\\\/\\\/www.castlevernie.nl\\\/product\\\/avocado-fleece-liners-10-stuks\\\/#breadcrumb\",\"itemListElement\":[{\"@type\":\"ListItem\",\"position\":1,\"name\":\"Home\",\"item\":\"https:\\\/\\\/www.castlevernie.nl\\\/\"},{\"@type\":\"ListItem\",\"position\":2,\"name\":\"Winkel\",\"item\":\"https:\\\/\\\/www.castlevernie.nl\\\/winkel\\\/\"},{\"@type\":\"ListItem\",\"position\":3,\"name\":\"Avo&#038;Cado Fleece Liners 10 stuks\"}]},{\"@type\":\"WebSite\",\"@id\":\"https:\\\/\\\/www.castlevernie.nl\\\/#website\",\"url\":\"https:\\\/\\\/www.castlevernie.nl\\\/\",\"name\":\"Castle Vernie Fashion Shop\",\"description\":\"\",\"publisher\":{\"@id\":\"https:\\\/\\\/www.castlevernie.nl\\\/#organization\"},\"potentialAction\":[{\"@type\":\"SearchAction\",\"target\":{\"@type\":\"EntryPoint\",\"urlTemplate\":\"https:\\\/\\\/www.castlevernie.nl\\\/?s={search_term_string}\"},\"query-input\":{\"@type\":\"PropertyValueSpecification\",\"valueRequired\":true,\"valueName\":\"search_term_string\"}}],\"inLanguage\":\"de\"},{\"@type\":\"Organization\",\"@id\":\"https:\\\/\\\/www.castlevernie.nl\\\/#organization\",\"name\":\"Castle Vernie\",\"url\":\"https:\\\/\\\/www.castlevernie.nl\\\/\",\"logo\":{\"@type\":\"ImageObject\",\"inLanguage\":\"de\",\"@id\":\"https:\\\/\\\/www.castlevernie.nl\\\/#\\\/schema\\\/logo\\\/image\\\/\",\"url\":\"https:\\\/\\\/www.castlevernie.nl\\\/wordpress\\\/wp-content\\\/uploads\\\/2025\\\/07\\\/header-logo-3.png\",\"contentUrl\":\"https:\\\/\\\/www.castlevernie.nl\\\/wordpress\\\/wp-content\\\/uploads\\\/2025\\\/07\\\/header-logo-3.png\",\"width\":780,\"height\":260,\"caption\":\"Castle Vernie\"},\"image\":{\"@id\":\"https:\\\/\\\/www.castlevernie.nl\\\/#\\\/schema\\\/logo\\\/image\\\/\"},\"sameAs\":[\"https:\\\/\\\/m.facebook.com\\\/Castle-Vernie-Fashion-Shop-110667857399440\"]}]}<\/script>\n<!-- \/ Yoast SEO plugin. -->","yoast_head_json":{"title":"Avo&Cado Fleece Liners 10 stuks | Castle Vernie Fashion Shop","robots":{"index":"index","follow":"follow","max-snippet":"max-snippet:-1","max-image-preview":"max-image-preview:large","max-video-preview":"max-video-preview:-1"},"canonical":"https:\/\/www.castlevernie.nl\/de\/produkt\/avocado-fleece-liners-10-stuks\/","og_locale":"de_DE","og_type":"article","og_title":"Avo&Cado Fleece Liners 10 stuks | Castle Vernie Fashion Shop","og_description":"Avo &#038; Cado Fleece Liners \u2013 Extra comfort, minder gedoe De Avo &#038; Cado fleece liners maken wasbare luiers n\u00f3g gebruiksvriendelijker. Deze herbruikbare inleggers zorgen voor een droog gevoel tegen de huid van je baby, doordat het fleece vocht snel doorlaat naar de absorberende laag eronder \u2013 zonder terug te lekken. Naast extra comfort, maken [&hellip;]","og_url":"https:\/\/www.castlevernie.nl\/de\/produkt\/avocado-fleece-liners-10-stuks\/","og_site_name":"Castle Vernie Fashion Shop","article_publisher":"https:\/\/m.facebook.com\/Castle-Vernie-Fashion-Shop-110667857399440","article_modified_time":"2026-02-09T22:03:30+00:00","og_image":[{"width":1170,"height":1146,"url":"https:\/\/www.castlevernie.nl\/wordpress\/wp-content\/uploads\/2025\/07\/WhatsApp-Image-2025-07-16-at-16.15.31-1.jpeg","type":"image\/jpeg"}],"twitter_card":"summary_large_image","twitter_misc":{"Gesch\u00e4tzte Lesezeit":"1\u00a0Minute"},"schema":{"@context":"https:\/\/schema.org","@graph":[{"@type":"WebPage","@id":"https:\/\/www.castlevernie.nl\/product\/avocado-fleece-liners-10-stuks\/","url":"https:\/\/www.castlevernie.nl\/product\/avocado-fleece-liners-10-stuks\/","name":"Avo&Cado Fleece Liners 10 stuks | Castle Vernie Fashion Shop","isPartOf":{"@id":"https:\/\/www.castlevernie.nl\/#website"},"primaryImageOfPage":{"@id":"https:\/\/www.castlevernie.nl\/product\/avocado-fleece-liners-10-stuks\/#primaryimage"},"image":{"@id":"https:\/\/www.castlevernie.nl\/product\/avocado-fleece-liners-10-stuks\/#primaryimage"},"thumbnailUrl":"https:\/\/www.castlevernie.nl\/wordpress\/wp-content\/uploads\/2025\/07\/WhatsApp-Image-2025-07-16-at-16.15.31-1.jpeg","datePublished":"2025-07-17T20:44:09+00:00","dateModified":"2026-02-09T22:03:30+00:00","breadcrumb":{"@id":"https:\/\/www.castlevernie.nl\/product\/avocado-fleece-liners-10-stuks\/#breadcrumb"},"inLanguage":"de","potentialAction":[{"@type":"ReadAction","target":["https:\/\/www.castlevernie.nl\/product\/avocado-fleece-liners-10-stuks\/"]}]},{"@type":"ImageObject","inLanguage":"de","@id":"https:\/\/www.castlevernie.nl\/product\/avocado-fleece-liners-10-stuks\/#primaryimage","url":"https:\/\/www.castlevernie.nl\/wordpress\/wp-content\/uploads\/2025\/07\/WhatsApp-Image-2025-07-16-at-16.15.31-1.jpeg","contentUrl":"https:\/\/www.castlevernie.nl\/wordpress\/wp-content\/uploads\/2025\/07\/WhatsApp-Image-2025-07-16-at-16.15.31-1.jpeg","width":1170,"height":1146,"caption":"avo&cado fleece liners"},{"@type":"BreadcrumbList","@id":"https:\/\/www.castlevernie.nl\/product\/avocado-fleece-liners-10-stuks\/#breadcrumb","itemListElement":[{"@type":"ListItem","position":1,"name":"Home","item":"https:\/\/www.castlevernie.nl\/"},{"@type":"ListItem","position":2,"name":"Winkel","item":"https:\/\/www.castlevernie.nl\/winkel\/"},{"@type":"ListItem","position":3,"name":"Avo&#038;Cado Fleece Liners 10 stuks"}]},{"@type":"WebSite","@id":"https:\/\/www.castlevernie.nl\/#website","url":"https:\/\/www.castlevernie.nl\/","name":"Schloss Vernie Modegesch\u00e4ft","description":"","publisher":{"@id":"https:\/\/www.castlevernie.nl\/#organization"},"potentialAction":[{"@type":"SearchAction","target":{"@type":"EntryPoint","urlTemplate":"https:\/\/www.castlevernie.nl\/?s={search_term_string}"},"query-input":{"@type":"PropertyValueSpecification","valueRequired":true,"valueName":"search_term_string"}}],"inLanguage":"de"},{"@type":"Organization","@id":"https:\/\/www.castlevernie.nl\/#organization","name":"Castle Vernie","url":"https:\/\/www.castlevernie.nl\/","logo":{"@type":"ImageObject","inLanguage":"de","@id":"https:\/\/www.castlevernie.nl\/#\/schema\/logo\/image\/","url":"https:\/\/www.castlevernie.nl\/wordpress\/wp-content\/uploads\/2025\/07\/header-logo-3.png","contentUrl":"https:\/\/www.castlevernie.nl\/wordpress\/wp-content\/uploads\/2025\/07\/header-logo-3.png","width":780,"height":260,"caption":"Castle Vernie"},"image":{"@id":"https:\/\/www.castlevernie.nl\/#\/schema\/logo\/image\/"},"sameAs":["https:\/\/m.facebook.com\/Castle-Vernie-Fashion-Shop-110667857399440"]}]}},"_links":{"self":[{"href":"https:\/\/www.castlevernie.nl\/de\/wp-json\/wp\/v2\/product\/10882","targetHints":{"allow":["GET"]}}],"collection":[{"href":"https:\/\/www.castlevernie.nl\/de\/wp-json\/wp\/v2\/product"}],"about":[{"href":"https:\/\/www.castlevernie.nl\/de\/wp-json\/wp\/v2\/types\/product"}],"replies":[{"embeddable":true,"href":"https:\/\/www.castlevernie.nl\/de\/wp-json\/wp\/v2\/comments?post=10882"}],"wp:featuredmedia":[{"embeddable":true,"href":"https:\/\/www.castlevernie.nl\/de\/wp-json\/wp\/v2\/media\/10885"}],"wp:attachment":[{"href":"https:\/\/www.castlevernie.nl\/de\/wp-json\/wp\/v2\/media?parent=10882"}],"wp:term":[{"taxonomy":"product_brand","embeddable":true,"href":"https:\/\/www.castlevernie.nl\/de\/wp-json\/wp\/v2\/product_brand?post=10882"},{"taxonomy":"product_cat","embeddable":true,"href":"https:\/\/www.castlevernie.nl\/de\/wp-json\/wp\/v2\/product_cat?post=10882"},{"taxonomy":"product_tag","embeddable":true,"href":"https:\/\/www.castlevernie.nl\/de\/wp-json\/wp\/v2\/product_tag?post=10882"}],"curies":[{"name":"wp","href":"https:\/\/api.w.org\/{rel}","templated":true}]}}