{"id":10876,"date":"2025-07-17T20:27:41","date_gmt":"2025-07-17T20:27:41","guid":{"rendered":"https:\/\/www.castlevernie.nl\/?post_type=product&#038;p=10876"},"modified":"2025-07-17T20:30:07","modified_gmt":"2025-07-17T20:30:07","slug":"avocado-wetbag-maat-m-sheets","status":"publish","type":"product","link":"https:\/\/www.castlevernie.nl\/de\/produkt\/avocado-wetbag-maat-m-sheets\/","title":{"rendered":"Avo&amp;Cado Wetbag Gr\u00f6\u00dfe M Bl\u00e4tter"},"content":{"rendered":"<p>Avo &amp; Cado Wetbag \u2013 Frisch unterwegs, auch mit waschbaren Windeln<\/p>\n<p>Der Avo &amp; Cado Wetbag ist die ideale L\u00f6sung f\u00fcr unterwegs mit waschbaren Windeln. Diese wasserdichte, atmungsaktive Aufbewahrungstasche h\u00e4lt Feuchtigkeit und Ger\u00fcche ordentlich drinnen \u2013 perfekt f\u00fcr nasse Windeln, waschbare Feuchtt\u00fccher, Bademode oder Missgeschicke.<\/p>\n<p>Hergestellt aus hochwertigem PUL-Material und ausgestattet mit einem robusten Rei\u00dfverschluss, vereint diese Wetbag Funktionalit\u00e4t mit einem eleganten Design. Dank der praktischen Gr\u00f6\u00dfe und der Schlaufe mit Druckknopf l\u00e4sst sich die Tasche einfach an deiner Wickeltasche, dem Kinderwagen oder einem Kleiderhaken befestigen.<\/p>\n<p>Warum Eltern sich f\u00fcr die Avo &amp; Cado Wetbag entscheiden:<br \/>\n\u2714\ufe0f Leckdicht und geruchshemmend<br \/>\n\u2714\ufe0f Licht, kompakt und waschbar<br \/>\n\u2714\ufe0f Nachhaltiges PUL-Material<br \/>\n\u2714\ufe0f Erh\u00e4ltlich in sch\u00f6nen Drucken und Farben<br \/>\n\u2714\ufe0f Ideal f\u00fcr unterwegs, die Krippe oder den Urlaub<\/p>\n<p>Egal, ob du mit deinem Baby unterwegs bist oder ein zus\u00e4tzliches Set Kleidung verstauen m\u00f6chtest \u2013 mit der Avo &amp; Cado Wetbag bist du immer vorbereitet.<\/p>\n<p>Nachhaltiger Komfort, jeden Tag aufs Neue.<\/p>","protected":false},"excerpt":{"rendered":"<p>Avo &#038; Cado Wetbag \u2013 Fris op pad, ook met wasbare luiers De Avo &#038; Cado wetbag is de ideale oplossing voor onderweg met wasbare luiers. Deze waterdichte, ademende opbergzak houdt vocht en geurtjes netjes binnen \u2013 perfect voor natte luiers, wasbare billendoekjes, zwemkleding of ongelukjes. Gemaakt van hoogwaardig PUL-materiaal en voorzien van een stevige [&hellip;]<\/p>\n","protected":false},"featured_media":10877,"comment_status":"open","ping_status":"closed","template":"","meta":[],"product_brand":[592],"product_cat":[28],"product_tag":[],"class_list":{"0":"post-10876","1":"product","2":"type-product","3":"status-publish","4":"has-post-thumbnail","6":"product_brand-avo-cado","7":"product_cat-wetbags","9":"first","10":"instock","11":"taxable","12":"shipping-taxable","13":"purchasable","14":"product-type-simple"},"yoast_head":"<!-- This site is optimized with the Yoast SEO plugin v27.4 - https:\/\/yoast.com\/product\/yoast-seo-wordpress\/ -->\n<title>Avo&amp;Cado Wetbag maat M Sheets | Castle Vernie Fashion Shop<\/title>\n<meta name=\"robots\" content=\"index, follow, max-snippet:-1, max-image-preview:large, max-video-preview:-1\" \/>\n<link rel=\"canonical\" href=\"https:\/\/www.castlevernie.nl\/de\/produkt\/avocado-wetbag-maat-m-sheets\/\" \/>\n<meta property=\"og:locale\" content=\"de_DE\" \/>\n<meta property=\"og:type\" content=\"article\" \/>\n<meta property=\"og:title\" content=\"Avo&amp;Cado Wetbag maat M Sheets | Castle Vernie Fashion Shop\" \/>\n<meta property=\"og:description\" content=\"Avo &#038; Cado Wetbag \u2013 Fris op pad, ook met wasbare luiers De Avo &#038; Cado wetbag is de ideale oplossing voor onderweg met wasbare luiers. Deze waterdichte, ademende opbergzak houdt vocht en geurtjes netjes binnen \u2013 perfect voor natte luiers, wasbare billendoekjes, zwemkleding of ongelukjes. Gemaakt van hoogwaardig PUL-materiaal en voorzien van een stevige [&hellip;]\" \/>\n<meta property=\"og:url\" content=\"https:\/\/www.castlevernie.nl\/de\/produkt\/avocado-wetbag-maat-m-sheets\/\" \/>\n<meta property=\"og:site_name\" content=\"Castle Vernie Fashion Shop\" \/>\n<meta property=\"article:publisher\" content=\"https:\/\/m.facebook.com\/Castle-Vernie-Fashion-Shop-110667857399440\" \/>\n<meta property=\"article:modified_time\" content=\"2025-07-17T20:30:07+00:00\" \/>\n<meta property=\"og:image\" content=\"https:\/\/www.castlevernie.nl\/wordpress\/wp-content\/uploads\/2025\/07\/WhatsApp-Image-2025-07-16-at-16.15.30-1.jpeg\" \/>\n\t<meta property=\"og:image:width\" content=\"1170\" \/>\n\t<meta property=\"og:image:height\" content=\"1149\" \/>\n\t<meta property=\"og:image:type\" content=\"image\/jpeg\" \/>\n<meta name=\"twitter:card\" content=\"summary_large_image\" \/>\n<meta name=\"twitter:label1\" content=\"Gesch\u00e4tzte Lesezeit\" \/>\n\t<meta name=\"twitter:data1\" content=\"1\u00a0Minute\" \/>\n<script type=\"application\/ld+json\" class=\"yoast-schema-graph\">{\"@context\":\"https:\\\/\\\/schema.org\",\"@graph\":[{\"@type\":\"WebPage\",\"@id\":\"https:\\\/\\\/www.castlevernie.nl\\\/product\\\/avocado-wetbag-maat-m-sheets\\\/\",\"url\":\"https:\\\/\\\/www.castlevernie.nl\\\/product\\\/avocado-wetbag-maat-m-sheets\\\/\",\"name\":\"Avo&Cado Wetbag maat M Sheets | Castle Vernie Fashion Shop\",\"isPartOf\":{\"@id\":\"https:\\\/\\\/www.castlevernie.nl\\\/#website\"},\"primaryImageOfPage\":{\"@id\":\"https:\\\/\\\/www.castlevernie.nl\\\/product\\\/avocado-wetbag-maat-m-sheets\\\/#primaryimage\"},\"image\":{\"@id\":\"https:\\\/\\\/www.castlevernie.nl\\\/product\\\/avocado-wetbag-maat-m-sheets\\\/#primaryimage\"},\"thumbnailUrl\":\"https:\\\/\\\/www.castlevernie.nl\\\/wordpress\\\/wp-content\\\/uploads\\\/2025\\\/07\\\/WhatsApp-Image-2025-07-16-at-16.15.30-1.jpeg\",\"datePublished\":\"2025-07-17T20:27:41+00:00\",\"dateModified\":\"2025-07-17T20:30:07+00:00\",\"breadcrumb\":{\"@id\":\"https:\\\/\\\/www.castlevernie.nl\\\/product\\\/avocado-wetbag-maat-m-sheets\\\/#breadcrumb\"},\"inLanguage\":\"de\",\"potentialAction\":[{\"@type\":\"ReadAction\",\"target\":[\"https:\\\/\\\/www.castlevernie.nl\\\/product\\\/avocado-wetbag-maat-m-sheets\\\/\"]}]},{\"@type\":\"ImageObject\",\"inLanguage\":\"de\",\"@id\":\"https:\\\/\\\/www.castlevernie.nl\\\/product\\\/avocado-wetbag-maat-m-sheets\\\/#primaryimage\",\"url\":\"https:\\\/\\\/www.castlevernie.nl\\\/wordpress\\\/wp-content\\\/uploads\\\/2025\\\/07\\\/WhatsApp-Image-2025-07-16-at-16.15.30-1.jpeg\",\"contentUrl\":\"https:\\\/\\\/www.castlevernie.nl\\\/wordpress\\\/wp-content\\\/uploads\\\/2025\\\/07\\\/WhatsApp-Image-2025-07-16-at-16.15.30-1.jpeg\",\"width\":1170,\"height\":1149,\"caption\":\"Avo&Cado wetbag\"},{\"@type\":\"BreadcrumbList\",\"@id\":\"https:\\\/\\\/www.castlevernie.nl\\\/product\\\/avocado-wetbag-maat-m-sheets\\\/#breadcrumb\",\"itemListElement\":[{\"@type\":\"ListItem\",\"position\":1,\"name\":\"Home\",\"item\":\"https:\\\/\\\/www.castlevernie.nl\\\/\"},{\"@type\":\"ListItem\",\"position\":2,\"name\":\"Winkel\",\"item\":\"https:\\\/\\\/www.castlevernie.nl\\\/winkel\\\/\"},{\"@type\":\"ListItem\",\"position\":3,\"name\":\"Avo&#038;Cado Wetbag maat M Sheets\"}]},{\"@type\":\"WebSite\",\"@id\":\"https:\\\/\\\/www.castlevernie.nl\\\/#website\",\"url\":\"https:\\\/\\\/www.castlevernie.nl\\\/\",\"name\":\"Castle Vernie Fashion Shop\",\"description\":\"\",\"publisher\":{\"@id\":\"https:\\\/\\\/www.castlevernie.nl\\\/#organization\"},\"potentialAction\":[{\"@type\":\"SearchAction\",\"target\":{\"@type\":\"EntryPoint\",\"urlTemplate\":\"https:\\\/\\\/www.castlevernie.nl\\\/?s={search_term_string}\"},\"query-input\":{\"@type\":\"PropertyValueSpecification\",\"valueRequired\":true,\"valueName\":\"search_term_string\"}}],\"inLanguage\":\"de\"},{\"@type\":\"Organization\",\"@id\":\"https:\\\/\\\/www.castlevernie.nl\\\/#organization\",\"name\":\"Castle Vernie\",\"url\":\"https:\\\/\\\/www.castlevernie.nl\\\/\",\"logo\":{\"@type\":\"ImageObject\",\"inLanguage\":\"de\",\"@id\":\"https:\\\/\\\/www.castlevernie.nl\\\/#\\\/schema\\\/logo\\\/image\\\/\",\"url\":\"https:\\\/\\\/www.castlevernie.nl\\\/wordpress\\\/wp-content\\\/uploads\\\/2025\\\/07\\\/header-logo-3.png\",\"contentUrl\":\"https:\\\/\\\/www.castlevernie.nl\\\/wordpress\\\/wp-content\\\/uploads\\\/2025\\\/07\\\/header-logo-3.png\",\"width\":780,\"height\":260,\"caption\":\"Castle Vernie\"},\"image\":{\"@id\":\"https:\\\/\\\/www.castlevernie.nl\\\/#\\\/schema\\\/logo\\\/image\\\/\"},\"sameAs\":[\"https:\\\/\\\/m.facebook.com\\\/Castle-Vernie-Fashion-Shop-110667857399440\"]}]}<\/script>\n<!-- \/ Yoast SEO plugin. -->","yoast_head_json":{"title":"Avo&Cado Wetbag maat M Sheets | Castle Vernie Fashion Shop","robots":{"index":"index","follow":"follow","max-snippet":"max-snippet:-1","max-image-preview":"max-image-preview:large","max-video-preview":"max-video-preview:-1"},"canonical":"https:\/\/www.castlevernie.nl\/de\/produkt\/avocado-wetbag-maat-m-sheets\/","og_locale":"de_DE","og_type":"article","og_title":"Avo&Cado Wetbag maat M Sheets | Castle Vernie Fashion Shop","og_description":"Avo &#038; Cado Wetbag \u2013 Fris op pad, ook met wasbare luiers De Avo &#038; Cado wetbag is de ideale oplossing voor onderweg met wasbare luiers. Deze waterdichte, ademende opbergzak houdt vocht en geurtjes netjes binnen \u2013 perfect voor natte luiers, wasbare billendoekjes, zwemkleding of ongelukjes. Gemaakt van hoogwaardig PUL-materiaal en voorzien van een stevige [&hellip;]","og_url":"https:\/\/www.castlevernie.nl\/de\/produkt\/avocado-wetbag-maat-m-sheets\/","og_site_name":"Castle Vernie Fashion Shop","article_publisher":"https:\/\/m.facebook.com\/Castle-Vernie-Fashion-Shop-110667857399440","article_modified_time":"2025-07-17T20:30:07+00:00","og_image":[{"width":1170,"height":1149,"url":"https:\/\/www.castlevernie.nl\/wordpress\/wp-content\/uploads\/2025\/07\/WhatsApp-Image-2025-07-16-at-16.15.30-1.jpeg","type":"image\/jpeg"}],"twitter_card":"summary_large_image","twitter_misc":{"Gesch\u00e4tzte Lesezeit":"1\u00a0Minute"},"schema":{"@context":"https:\/\/schema.org","@graph":[{"@type":"WebPage","@id":"https:\/\/www.castlevernie.nl\/product\/avocado-wetbag-maat-m-sheets\/","url":"https:\/\/www.castlevernie.nl\/product\/avocado-wetbag-maat-m-sheets\/","name":"Avo&Cado Wetbag maat M Sheets | Castle Vernie Fashion Shop","isPartOf":{"@id":"https:\/\/www.castlevernie.nl\/#website"},"primaryImageOfPage":{"@id":"https:\/\/www.castlevernie.nl\/product\/avocado-wetbag-maat-m-sheets\/#primaryimage"},"image":{"@id":"https:\/\/www.castlevernie.nl\/product\/avocado-wetbag-maat-m-sheets\/#primaryimage"},"thumbnailUrl":"https:\/\/www.castlevernie.nl\/wordpress\/wp-content\/uploads\/2025\/07\/WhatsApp-Image-2025-07-16-at-16.15.30-1.jpeg","datePublished":"2025-07-17T20:27:41+00:00","dateModified":"2025-07-17T20:30:07+00:00","breadcrumb":{"@id":"https:\/\/www.castlevernie.nl\/product\/avocado-wetbag-maat-m-sheets\/#breadcrumb"},"inLanguage":"de","potentialAction":[{"@type":"ReadAction","target":["https:\/\/www.castlevernie.nl\/product\/avocado-wetbag-maat-m-sheets\/"]}]},{"@type":"ImageObject","inLanguage":"de","@id":"https:\/\/www.castlevernie.nl\/product\/avocado-wetbag-maat-m-sheets\/#primaryimage","url":"https:\/\/www.castlevernie.nl\/wordpress\/wp-content\/uploads\/2025\/07\/WhatsApp-Image-2025-07-16-at-16.15.30-1.jpeg","contentUrl":"https:\/\/www.castlevernie.nl\/wordpress\/wp-content\/uploads\/2025\/07\/WhatsApp-Image-2025-07-16-at-16.15.30-1.jpeg","width":1170,"height":1149,"caption":"Avo&Cado wetbag"},{"@type":"BreadcrumbList","@id":"https:\/\/www.castlevernie.nl\/product\/avocado-wetbag-maat-m-sheets\/#breadcrumb","itemListElement":[{"@type":"ListItem","position":1,"name":"Home","item":"https:\/\/www.castlevernie.nl\/"},{"@type":"ListItem","position":2,"name":"Winkel","item":"https:\/\/www.castlevernie.nl\/winkel\/"},{"@type":"ListItem","position":3,"name":"Avo&#038;Cado Wetbag maat M Sheets"}]},{"@type":"WebSite","@id":"https:\/\/www.castlevernie.nl\/#website","url":"https:\/\/www.castlevernie.nl\/","name":"Schloss Vernie Modegesch\u00e4ft","description":"","publisher":{"@id":"https:\/\/www.castlevernie.nl\/#organization"},"potentialAction":[{"@type":"SearchAction","target":{"@type":"EntryPoint","urlTemplate":"https:\/\/www.castlevernie.nl\/?s={search_term_string}"},"query-input":{"@type":"PropertyValueSpecification","valueRequired":true,"valueName":"search_term_string"}}],"inLanguage":"de"},{"@type":"Organization","@id":"https:\/\/www.castlevernie.nl\/#organization","name":"Castle Vernie","url":"https:\/\/www.castlevernie.nl\/","logo":{"@type":"ImageObject","inLanguage":"de","@id":"https:\/\/www.castlevernie.nl\/#\/schema\/logo\/image\/","url":"https:\/\/www.castlevernie.nl\/wordpress\/wp-content\/uploads\/2025\/07\/header-logo-3.png","contentUrl":"https:\/\/www.castlevernie.nl\/wordpress\/wp-content\/uploads\/2025\/07\/header-logo-3.png","width":780,"height":260,"caption":"Castle Vernie"},"image":{"@id":"https:\/\/www.castlevernie.nl\/#\/schema\/logo\/image\/"},"sameAs":["https:\/\/m.facebook.com\/Castle-Vernie-Fashion-Shop-110667857399440"]}]}},"_links":{"self":[{"href":"https:\/\/www.castlevernie.nl\/de\/wp-json\/wp\/v2\/product\/10876","targetHints":{"allow":["GET"]}}],"collection":[{"href":"https:\/\/www.castlevernie.nl\/de\/wp-json\/wp\/v2\/product"}],"about":[{"href":"https:\/\/www.castlevernie.nl\/de\/wp-json\/wp\/v2\/types\/product"}],"replies":[{"embeddable":true,"href":"https:\/\/www.castlevernie.nl\/de\/wp-json\/wp\/v2\/comments?post=10876"}],"wp:featuredmedia":[{"embeddable":true,"href":"https:\/\/www.castlevernie.nl\/de\/wp-json\/wp\/v2\/media\/10877"}],"wp:attachment":[{"href":"https:\/\/www.castlevernie.nl\/de\/wp-json\/wp\/v2\/media?parent=10876"}],"wp:term":[{"taxonomy":"product_brand","embeddable":true,"href":"https:\/\/www.castlevernie.nl\/de\/wp-json\/wp\/v2\/product_brand?post=10876"},{"taxonomy":"product_cat","embeddable":true,"href":"https:\/\/www.castlevernie.nl\/de\/wp-json\/wp\/v2\/product_cat?post=10876"},{"taxonomy":"product_tag","embeddable":true,"href":"https:\/\/www.castlevernie.nl\/de\/wp-json\/wp\/v2\/product_tag?post=10876"}],"curies":[{"name":"wp","href":"https:\/\/api.w.org\/{rel}","templated":true}]}}