{"id":12623,"date":"2026-01-29T19:40:21","date_gmt":"2026-01-29T19:40:21","guid":{"rendered":"https:\/\/www.castlevernie.nl\/?page_id=12623"},"modified":"2026-01-29T19:41:00","modified_gmt":"2026-01-29T19:41:00","slug":"snuffelstage-emmen","status":"publish","type":"page","link":"https:\/\/www.castlevernie.nl\/de\/snuffelstage-emmen\/","title":{"rendered":"Snuffelstage"},"content":{"rendered":"<p><strong>Entdecken Sie einen Webshop in Emmen<\/strong><\/p>\n\n\n\n<p>Bist du ein VMBO-Sch\u00fcler und suchst ein Schnupperpraktikum in Emmen?<br>Im Castle Vernie Fashion Shop kannst du einen Blick hinter die Kulissen eines echten Online-Shops werfen.<\/p>\n\n\n\n<p>Wir verkaufen nachhaltige Produkte wie Wolle, Bio-Baumwollkleidung und wiederverwendbare Windeln. W\u00e4hrend deines Schnupperpraktikums lernst du nicht nur, wie ein Online-Shop funktioniert, sondern auch, wie wir unsere Produkte online pr\u00e4sentieren und bewerben.<\/p>\n\n\n\n<p><strong>Was du m\u00f6glicherweise tun wirst<\/strong><\/p>\n\n\n\n<p>W\u00e4hrend des Schnupperpraktikums begleitest du die t\u00e4glichen Abl\u00e4ufe in unserem Onlineshop. Du bekommst einen guten Einblick in alles, was dazugeh\u00f6rt, wie zum Beispiel:<br>\u2022 \ud83d\udce6 Bestellingen verwerken en inpakken<br>\u2022 \ud83d\udecd\ufe0f Produkte im Webshop hinzuf\u00fcgen und verwalten<br>\u2022 \ud83d\udcbb Arbeiten mit der Webshop-Software<br>\u2022 \ud83d\udce7 Kundenservice<br>\u2022 \ud83d\udce2 Grundlagen des Online-Marketings und der Werbung \u00fcber Social Media und Google<br>\u2022 \ud83d\udd0d Einfache Erkl\u00e4rung zu SEO und Online-Marketing<\/p>\n\n\n\n<p>Es ist vor allem dazu gedacht, zu entdecken und zuzusehen, also musst du keine Erfahrung haben. <\/p>\n\n\n\n<p><strong>F\u00fcr wen ist dieses Praktikum geeignet?<\/strong><\/p>\n\n\n\n<p>Dieses Schnupperpraktikum ist geeignet f\u00fcr Sch\u00fcler der vmbo, die:<br>\u2022 Eine Schnupperpraktikum in Emmen suchen<br>\u2022 Interesse an Webshops und Online-Verkauf haben<br>\u2022 Begeistert sein von nachhaltiger Mode, Wolle, Bio-Baumwolle oder waschbaren Windeln<br>\u2022 Neugierig auf Online-Marketing und Werbung sein<\/p>\n\n\n\n<p><strong>Ervaring is niet nodig, nieuwsgierigheid wel! \ud83d\ude0a<\/strong><\/p>\n\n\n\n<p>Praktische Informationen<br>\u2022 \ud83d\udccd Ort: Emmen<br>\u2022 \u23f1\ufe0f Dauer: nach Vereinbarung (1 oder mehrere Tage)<br>\u2022 \ud83c\udf92 Betreuung: pers\u00f6nlich und kleinr\u00e4umig<br>\u2022 \ud83d\udc69\u200d\ud83d\udcbc Unternehmen: Castle Vernie Fashion Shop<\/p>\n\n\n\n<p><strong>Interesse?<\/strong><\/p>\n\n\n\n<p>M\u00f6chtest du sehen, wie ein Online-Shop funktioniert, entdecken, wie nachhaltige Kleidung und waschbare Windeln verkauft werden, und lernen, wie Online-Werbung funktioniert?<br>Bewirb dich dann f\u00fcr dein Schnupperpraktikum bei Castle Vernie Fashion Shop in Emmen!<\/p>\n\n\n\n<p>Hast du Lust, dein Schnupperpraktikum bei uns zu machen? Schicke deine E-Mail an info@castlevernie.nl unter Angabe von Schnupperpraktikum und erz\u00e4hle uns, warum du gerne einen Tag bei uns mitarbeiten w\u00fcrdest.<\/p>\n\n\n\n<p><\/p>","protected":false},"excerpt":{"rendered":"<p>Ontdek een webwinkel in Emmen Ben jij een vmbo-leerling en op zoek naar een snuffelstage in Emmen?Bij Castle Vernie Fashion Shop kun je een kijkje nemen achter de schermen van een echte webwinkel. Wij verkopen duurzame producten zoals wolletjes, biologisch katoenen kleding en wasbare luiers. Tijdens je snuffelstage leer je niet alleen hoe een webwinkel [&hellip;]<\/p>\n","protected":false},"author":1,"featured_media":0,"parent":0,"menu_order":0,"comment_status":"closed","ping_status":"closed","template":"","meta":{"footnotes":""},"class_list":["post-12623","page","type-page","status-publish","hentry"],"yoast_head":"<!-- This site is optimized with the Yoast SEO plugin v27.5 - https:\/\/yoast.com\/product\/yoast-seo-wordpress\/ -->\n<title>Snuffelstage Emmen | Duurzame Webwinkel | Castle Vernie<\/title>\n<meta name=\"description\" content=\"Op zoek naar een snuffelstage in Emmen? Bij Castle Vernie Fashion Shop ontdek je hoe een webwinkel werkt. Leer ook hoe we online adverteren!\" \/>\n<meta name=\"robots\" content=\"index, follow, max-snippet:-1, max-image-preview:large, max-video-preview:-1\" \/>\n<link rel=\"canonical\" href=\"https:\/\/www.castlevernie.nl\/de\/snuffelstage-emmen\/\" \/>\n<meta property=\"og:locale\" content=\"de_DE\" \/>\n<meta property=\"og:type\" content=\"article\" \/>\n<meta property=\"og:title\" content=\"Snuffelstage Emmen | Duurzame Webwinkel | Castle Vernie\" \/>\n<meta property=\"og:description\" content=\"Op zoek naar een snuffelstage in Emmen? Bij Castle Vernie Fashion Shop ontdek je hoe een webwinkel werkt. Leer ook hoe we online adverteren!\" \/>\n<meta property=\"og:url\" content=\"https:\/\/www.castlevernie.nl\/de\/snuffelstage-emmen\/\" \/>\n<meta property=\"og:site_name\" content=\"Castle Vernie Fashion Shop\" \/>\n<meta property=\"article:publisher\" content=\"https:\/\/m.facebook.com\/Castle-Vernie-Fashion-Shop-110667857399440\" \/>\n<meta property=\"article:modified_time\" content=\"2026-01-29T19:41:00+00:00\" \/>\n<meta name=\"twitter:card\" content=\"summary_large_image\" \/>\n<meta name=\"twitter:label1\" content=\"Gesch\u00e4tzte Lesezeit\" \/>\n\t<meta name=\"twitter:data1\" content=\"2\u00a0Minuten\" \/>\n<script type=\"application\/ld+json\" class=\"yoast-schema-graph\">{\"@context\":\"https:\\\/\\\/schema.org\",\"@graph\":[{\"@type\":\"WebPage\",\"@id\":\"https:\\\/\\\/www.castlevernie.nl\\\/snuffelstage-emmen\\\/\",\"url\":\"https:\\\/\\\/www.castlevernie.nl\\\/snuffelstage-emmen\\\/\",\"name\":\"Snuffelstage Emmen | Duurzame Webwinkel | Castle Vernie\",\"isPartOf\":{\"@id\":\"https:\\\/\\\/www.castlevernie.nl\\\/#website\"},\"datePublished\":\"2026-01-29T19:40:21+00:00\",\"dateModified\":\"2026-01-29T19:41:00+00:00\",\"description\":\"Op zoek naar een snuffelstage in Emmen? Bij Castle Vernie Fashion Shop ontdek je hoe een webwinkel werkt. Leer ook hoe we online adverteren!\",\"breadcrumb\":{\"@id\":\"https:\\\/\\\/www.castlevernie.nl\\\/snuffelstage-emmen\\\/#breadcrumb\"},\"inLanguage\":\"de\",\"potentialAction\":[{\"@type\":\"ReadAction\",\"target\":[\"https:\\\/\\\/www.castlevernie.nl\\\/snuffelstage-emmen\\\/\"]}]},{\"@type\":\"BreadcrumbList\",\"@id\":\"https:\\\/\\\/www.castlevernie.nl\\\/snuffelstage-emmen\\\/#breadcrumb\",\"itemListElement\":[{\"@type\":\"ListItem\",\"position\":1,\"name\":\"Home\",\"item\":\"https:\\\/\\\/www.castlevernie.nl\\\/\"},{\"@type\":\"ListItem\",\"position\":2,\"name\":\"Snuffelstage\"}]},{\"@type\":\"WebSite\",\"@id\":\"https:\\\/\\\/www.castlevernie.nl\\\/#website\",\"url\":\"https:\\\/\\\/www.castlevernie.nl\\\/\",\"name\":\"Castle Vernie Fashion Shop\",\"description\":\"\",\"publisher\":{\"@id\":\"https:\\\/\\\/www.castlevernie.nl\\\/#organization\"},\"potentialAction\":[{\"@type\":\"SearchAction\",\"target\":{\"@type\":\"EntryPoint\",\"urlTemplate\":\"https:\\\/\\\/www.castlevernie.nl\\\/?s={search_term_string}\"},\"query-input\":{\"@type\":\"PropertyValueSpecification\",\"valueRequired\":true,\"valueName\":\"search_term_string\"}}],\"inLanguage\":\"de\"},{\"@type\":\"Organization\",\"@id\":\"https:\\\/\\\/www.castlevernie.nl\\\/#organization\",\"name\":\"Castle Vernie\",\"url\":\"https:\\\/\\\/www.castlevernie.nl\\\/\",\"logo\":{\"@type\":\"ImageObject\",\"inLanguage\":\"de\",\"@id\":\"https:\\\/\\\/www.castlevernie.nl\\\/#\\\/schema\\\/logo\\\/image\\\/\",\"url\":\"https:\\\/\\\/www.castlevernie.nl\\\/wordpress\\\/wp-content\\\/uploads\\\/2025\\\/07\\\/header-logo-3.png\",\"contentUrl\":\"https:\\\/\\\/www.castlevernie.nl\\\/wordpress\\\/wp-content\\\/uploads\\\/2025\\\/07\\\/header-logo-3.png\",\"width\":780,\"height\":260,\"caption\":\"Castle Vernie\"},\"image\":{\"@id\":\"https:\\\/\\\/www.castlevernie.nl\\\/#\\\/schema\\\/logo\\\/image\\\/\"},\"sameAs\":[\"https:\\\/\\\/m.facebook.com\\\/Castle-Vernie-Fashion-Shop-110667857399440\"]}]}<\/script>\n<!-- \/ Yoast SEO plugin. -->","yoast_head_json":{"title":"Snuffelstage Emmen | Duurzame Webwinkel | Castle Vernie","description":"Op zoek naar een snuffelstage in Emmen? Bij Castle Vernie Fashion Shop ontdek je hoe een webwinkel werkt. Leer ook hoe we online adverteren!","robots":{"index":"index","follow":"follow","max-snippet":"max-snippet:-1","max-image-preview":"max-image-preview:large","max-video-preview":"max-video-preview:-1"},"canonical":"https:\/\/www.castlevernie.nl\/de\/snuffelstage-emmen\/","og_locale":"de_DE","og_type":"article","og_title":"Snuffelstage Emmen | Duurzame Webwinkel | Castle Vernie","og_description":"Op zoek naar een snuffelstage in Emmen? Bij Castle Vernie Fashion Shop ontdek je hoe een webwinkel werkt. Leer ook hoe we online adverteren!","og_url":"https:\/\/www.castlevernie.nl\/de\/snuffelstage-emmen\/","og_site_name":"Castle Vernie Fashion Shop","article_publisher":"https:\/\/m.facebook.com\/Castle-Vernie-Fashion-Shop-110667857399440","article_modified_time":"2026-01-29T19:41:00+00:00","twitter_card":"summary_large_image","twitter_misc":{"Gesch\u00e4tzte Lesezeit":"2\u00a0Minuten"},"schema":{"@context":"https:\/\/schema.org","@graph":[{"@type":"WebPage","@id":"https:\/\/www.castlevernie.nl\/snuffelstage-emmen\/","url":"https:\/\/www.castlevernie.nl\/snuffelstage-emmen\/","name":"Snuffelstage Emmen | Duurzame Webwinkel | Castle Vernie","isPartOf":{"@id":"https:\/\/www.castlevernie.nl\/#website"},"datePublished":"2026-01-29T19:40:21+00:00","dateModified":"2026-01-29T19:41:00+00:00","description":"Op zoek naar een snuffelstage in Emmen? Bij Castle Vernie Fashion Shop ontdek je hoe een webwinkel werkt. Leer ook hoe we online adverteren!","breadcrumb":{"@id":"https:\/\/www.castlevernie.nl\/snuffelstage-emmen\/#breadcrumb"},"inLanguage":"de","potentialAction":[{"@type":"ReadAction","target":["https:\/\/www.castlevernie.nl\/snuffelstage-emmen\/"]}]},{"@type":"BreadcrumbList","@id":"https:\/\/www.castlevernie.nl\/snuffelstage-emmen\/#breadcrumb","itemListElement":[{"@type":"ListItem","position":1,"name":"Home","item":"https:\/\/www.castlevernie.nl\/"},{"@type":"ListItem","position":2,"name":"Snuffelstage"}]},{"@type":"WebSite","@id":"https:\/\/www.castlevernie.nl\/#website","url":"https:\/\/www.castlevernie.nl\/","name":"Schloss Vernie Modegesch\u00e4ft","description":"","publisher":{"@id":"https:\/\/www.castlevernie.nl\/#organization"},"potentialAction":[{"@type":"SearchAction","target":{"@type":"EntryPoint","urlTemplate":"https:\/\/www.castlevernie.nl\/?s={search_term_string}"},"query-input":{"@type":"PropertyValueSpecification","valueRequired":true,"valueName":"search_term_string"}}],"inLanguage":"de"},{"@type":"Organization","@id":"https:\/\/www.castlevernie.nl\/#organization","name":"Castle Vernie","url":"https:\/\/www.castlevernie.nl\/","logo":{"@type":"ImageObject","inLanguage":"de","@id":"https:\/\/www.castlevernie.nl\/#\/schema\/logo\/image\/","url":"https:\/\/www.castlevernie.nl\/wordpress\/wp-content\/uploads\/2025\/07\/header-logo-3.png","contentUrl":"https:\/\/www.castlevernie.nl\/wordpress\/wp-content\/uploads\/2025\/07\/header-logo-3.png","width":780,"height":260,"caption":"Castle Vernie"},"image":{"@id":"https:\/\/www.castlevernie.nl\/#\/schema\/logo\/image\/"},"sameAs":["https:\/\/m.facebook.com\/Castle-Vernie-Fashion-Shop-110667857399440"]}]}},"_links":{"self":[{"href":"https:\/\/www.castlevernie.nl\/de\/wp-json\/wp\/v2\/pages\/12623","targetHints":{"allow":["GET"]}}],"collection":[{"href":"https:\/\/www.castlevernie.nl\/de\/wp-json\/wp\/v2\/pages"}],"about":[{"href":"https:\/\/www.castlevernie.nl\/de\/wp-json\/wp\/v2\/types\/page"}],"author":[{"embeddable":true,"href":"https:\/\/www.castlevernie.nl\/de\/wp-json\/wp\/v2\/users\/1"}],"replies":[{"embeddable":true,"href":"https:\/\/www.castlevernie.nl\/de\/wp-json\/wp\/v2\/comments?post=12623"}],"version-history":[{"count":1,"href":"https:\/\/www.castlevernie.nl\/de\/wp-json\/wp\/v2\/pages\/12623\/revisions"}],"predecessor-version":[{"id":12624,"href":"https:\/\/www.castlevernie.nl\/de\/wp-json\/wp\/v2\/pages\/12623\/revisions\/12624"}],"wp:attachment":[{"href":"https:\/\/www.castlevernie.nl\/de\/wp-json\/wp\/v2\/media?parent=12623"}],"curies":[{"name":"wp","href":"https:\/\/api.w.org\/{rel}","templated":true}]}}